{"id":4808,"date":"2021-07-01T00:02:27","date_gmt":"2021-06-30T22:02:27","guid":{"rendered":"https:\/\/www.comau.com\/competencies\/powertrain-machining\/"},"modified":"2022-02-08T09:57:34","modified_gmt":"2022-02-08T08:57:34","slug":"powertrain-machining","status":"publish","type":"page","link":"https:\/\/www.comau.com\/pt-br\/competencies\/products-solutions\/powertrain-machining\/","title":{"rendered":"Powertrain &#038; Machining"},"content":{"rendered":"\n<p>A partir de uma longa e comprovada experi\u00eancia no setor de fabrica\u00e7\u00e3o a n\u00edvel global, combinada com um compromisso constante na pesquisa de solu\u00e7\u00f5es avan\u00e7adas e inovadoras, a Comau desenvolve sistemas altamente flex\u00edveis e eficientes, centros de usinagem universais e solu\u00e7\u00f5es de processo personalizadas capazes de responder a qualquer necessidade.<\/p>\n\n\n\n<p>Cada proposta \u00e9 o resultado de tecnologias de ponta, um elevado know-how e uma abordagem de projeto completa e integrada. Com isto, podemos oferecer produtos e sistemas sob medida e chave na m\u00e3o, personalizados e otimizados gra\u00e7as a uma ampla gama de servi\u00e7os e a uma colabora\u00e7\u00e3o cont\u00ednua e estrat\u00e9gica com os clientes.<\/p>\n\n\n\n<h2 class=\"wp-block-heading\" id=\"nossa-forca-em-numeros\">Nossa for\u00e7a, em n\u00fameros<\/h2>\n\n\n\n<div class=\"wp-block-columns is-layout-flex wp-container-core-columns-is-layout-9d6595d7 wp-block-columns-is-layout-flex\">\n<div class=\"wp-block-column is-layout-flow wp-block-column-is-layout-flow\">\n<div class=\"wp-block-getwid-image-box has-text-center has-mobile-layout-default has-mobile-alignment-default\"><div class=\"wp-block-getwid-image-box__image-container is-position-top\"><div class=\"wp-block-getwid-image-box__image-wrapper\"><img decoding=\"async\" width=\"184\" height=\"130\" src=\"https:\/\/www.comau.com\/wp-content\/uploads\/2021\/06\/innovation_centers.jpg\" alt=\"\" class=\"wp-block-getwid-image-box__image wp-image-606\"\/><\/div><\/div><div class=\"wp-block-getwid-image-box__content\">\n<h3 class=\"wp-block-heading\"><\/h3>\n\n\n\n<p><strong>2<\/strong> centros de inova\u00e7\u00e3o<\/p>\n<\/div><\/div>\n<\/div>\n\n\n\n<div class=\"wp-block-column is-layout-flow wp-block-column-is-layout-flow\">\n<div class=\"wp-block-getwid-image-box has-text-center has-mobile-layout-default has-mobile-alignment-default\"><div class=\"wp-block-getwid-image-box__image-container is-position-top\"><div class=\"wp-block-getwid-image-box__image-wrapper\"><img decoding=\"async\" width=\"184\" height=\"130\" src=\"https:\/\/www.comau.com\/wp-content\/uploads\/2021\/06\/installed_machine.jpg\" alt=\"\" class=\"wp-block-getwid-image-box__image wp-image-607\"\/><\/div><\/div><div class=\"wp-block-getwid-image-box__content\">\n<h3 class=\"wp-block-heading\"><\/h3>\n\n\n\n<p><strong>6,500<\/strong> m\u00e1quinas instaladas<\/p>\n<\/div><\/div>\n<\/div>\n\n\n\n<div class=\"wp-block-column is-layout-flow wp-block-column-is-layout-flow\">\n<div class=\"wp-block-getwid-image-box has-text-center has-mobile-layout-default has-mobile-alignment-default\"><div class=\"wp-block-getwid-image-box__image-container is-position-top\"><div class=\"wp-block-getwid-image-box__image-wrapper\"><img decoding=\"async\" width=\"184\" height=\"130\" src=\"https:\/\/www.comau.com\/wp-content\/uploads\/2021\/06\/manufacturing_plants.jpg\" alt=\"\" class=\"wp-block-getwid-image-box__image wp-image-608\"\/><\/div><\/div><div class=\"wp-block-getwid-image-box__content\">\n<h3 class=\"wp-block-heading\"><\/h3>\n\n\n\n<p><strong>4<\/strong> f\u00e1bricas<\/p>\n<\/div><\/div>\n<\/div>\n\n\n\n<div class=\"wp-block-column is-layout-flow wp-block-column-is-layout-flow\">\n<div class=\"wp-block-getwid-image-box has-text-center has-mobile-layout-default has-mobile-alignment-default\"><div class=\"wp-block-getwid-image-box__image-container is-position-top\"><div class=\"wp-block-getwid-image-box__image-wrapper\"><img decoding=\"async\" width=\"184\" height=\"130\" src=\"https:\/\/www.comau.com\/wp-content\/uploads\/2021\/06\/20-country.jpg\" alt=\"\" class=\"wp-block-getwid-image-box__image wp-image-609\"\/><\/div><\/div><div class=\"wp-block-getwid-image-box__content\">\n<h3 class=\"wp-block-heading\"><\/h3>\n\n\n\n<p><strong>20<\/strong> pa\u00edses de refer\u00eancia<\/p>\n<\/div><\/div>\n<\/div>\n<\/div>\n\n\n\n<h2 class=\"wp-block-heading\" id=\"a-solucao-certa-para-o-seu-mercado\">A solu\u00e7\u00e3o certa para o seu mercado<\/h2>\n\n\n\n<div class=\"wp-block-columns columns-bg-dark is-layout-flex wp-container-core-columns-is-layout-9d6595d7 wp-block-columns-is-layout-flex\">\n<div class=\"wp-block-column is-layout-flow wp-block-column-is-layout-flow\">\n<h3 class=\"wp-block-heading\" id=\"industria-automotiva\">Ind\u00fastria automotiva<\/h3>\n\n\n\n<p>N\u00e3o importa qual o projeto, nossos eficientes sistemas de usinagem se adaptam para permitir a melhor solu\u00e7\u00e3o aos fabricantes automotivos para garantir os mais altos n\u00edveis de produtividade, flexibilidade e qualidade a longo prazo.<\/p>\n<\/div>\n\n\n\n<div class=\"wp-block-column is-layout-flow wp-block-column-is-layout-flow\">\n<h3 class=\"wp-block-heading\" id=\"emobility\">eMobility<\/h3>\n\n\n\n<p>As nossas tecnologias de processamento eficientes e comprovadas o tempo para e-drives, transmiss\u00f5es e muito mais s\u00e3o a solu\u00e7\u00e3o perfeita para ajudar voc\u00ea a enfrentar os novos desafios do setor energ\u00e9tico.<\/p>\n<\/div>\n\n\n\n<div class=\"wp-block-column is-layout-flow wp-block-column-is-layout-flow\">\n<h3 class=\"wp-block-heading\" id=\"outros-setores\">Outros setores<\/h3>\n\n\n\n<p>Temos uma solu\u00e7\u00e3o para cada setor. Da mec\u00e2nica aos campos aeroespacial, m\u00e9dico e de energia, nossos produtos s\u00e3o adequados para uma ampla gama de aplica\u00e7\u00f5es, garantindo qualidade e confiabilidade elevadas.<\/p>\n<\/div>\n<\/div>\n\n\n\n<div class=\"wp-block-getwid-tabs\" data-active-tab=\"0\"><ul class=\"wp-block-getwid-tabs__nav-links\"><\/ul>\n<div class=\"wp-block-getwid-tabs__nav-link\"><span class=\"wp-block-getwid-tabs__title-wrapper\"><a href=\"#\"><span class=\"wp-block-getwid-tabs__title\">Technologies overview<\/span><\/a><\/span><\/div><div class=\"wp-block-getwid-tabs__tab-content-wrapper\"><div class=\"wp-block-getwid-tabs__tab-content\">\n<div class=\"wp-block-media-text alignwide is-stacked-on-mobile\"><figure class=\"wp-block-media-text__media\"><img decoding=\"async\" width=\"522\" height=\"648\" src=\"https:\/\/www.comau.com\/wp-content\/uploads\/2021\/07\/power-training_tecnologie.jpg\" alt=\"\" class=\"wp-image-33620 size-full\" srcset=\"https:\/\/www.comau.com\/wp-content\/uploads\/2021\/07\/power-training_tecnologie.jpg 522w, https:\/\/www.comau.com\/wp-content\/uploads\/2021\/07\/power-training_tecnologie-242x300.jpg 242w\" sizes=\"(max-width: 522px) 100vw, 522px\" \/><\/figure><div class=\"wp-block-media-text__content\">\n<h2 class=\"wp-block-heading\">Vis\u00e3o geral de tecnologias <\/h2>\n\n\n\n<p>A Industry 4.0 requer processos de produ\u00e7\u00e3o cada vez mais r\u00e1pidos, precisos e flex\u00edveis. Para atender a essas e muitas outras necessidades de usinagem, a Comau oferece uma ampla gama de produtos e sistemas:<\/p>\n\n\n\n<ul class=\"wp-block-list\"><li>Centros de usinagem <\/li><li>M\u00e1quinas para virabrequim<\/li><li>Manuseio de materiais<\/li><li>Equipamentos de montagem e testes dentro de processos\/linhas de usinagem<\/li><li>Revestimento com pulveriza\u00e7\u00e3o t\u00e9rmica<\/li><\/ul>\n\n\n\n<div class=\"wp-block-buttons is-layout-flex wp-block-buttons-is-layout-flex\">\n<div class=\"wp-block-button\"><a class=\"wp-block-button__link\" href=\"https:\/\/www.comau.com\/en\/our-offer\/products-and-solutions\/machining-products\/\">Saiba mais<\/a><\/div>\n<\/div>\n<\/div><\/div>\n<\/div><\/div>\n\n\n\n<div class=\"wp-block-getwid-tabs__nav-link\"><span class=\"wp-block-getwid-tabs__title-wrapper\"><a href=\"#\"><span class=\"wp-block-getwid-tabs__title\">Turnkey systems<\/span><\/a><\/span><\/div><div class=\"wp-block-getwid-tabs__tab-content-wrapper\"><div class=\"wp-block-getwid-tabs__tab-content\">\n<div class=\"wp-block-media-text alignwide is-stacked-on-mobile\"><figure class=\"wp-block-media-text__media\"><img decoding=\"async\" width=\"522\" height=\"648\" src=\"https:\/\/www.comau.com\/wp-content\/uploads\/2021\/07\/power-training_chiavi-in-mano.jpg\" alt=\"\" class=\"wp-image-33626 size-full\" srcset=\"https:\/\/www.comau.com\/wp-content\/uploads\/2021\/07\/power-training_chiavi-in-mano.jpg 522w, https:\/\/www.comau.com\/wp-content\/uploads\/2021\/07\/power-training_chiavi-in-mano-242x300.jpg 242w\" sizes=\"(max-width: 522px) 100vw, 522px\" \/><\/figure><div class=\"wp-block-media-text__content\">\n<h2 class=\"wp-block-heading\">Sistemas chave na m\u00e3o<\/h2>\n\n\n\n<p>Gra\u00e7as \u00e0 nossa larga experi\u00eancia em integra\u00e7\u00e3o de processos e equipamentos, apoiamos seu projeto das fases iniciais at\u00e9 o fornecimento de sistemas chave na m\u00e3o confi\u00e1veis que satisfazem \u00e0s suas necessidades exclusivas de usinagem. A abordagem abrangente de integra\u00e7\u00e3o de sistemas faz da Comau o parceiro ideal para a sua linha de fabrica\u00e7\u00e3o inteira. <\/p>\n\n\n\n<div class=\"wp-block-buttons is-layout-flex wp-block-buttons-is-layout-flex\">\n<div class=\"wp-block-button\"><a class=\"wp-block-button__link\" href=\"https:\/\/www.comau.com\/en\/our-offer\/products-and-solutions\/machining-products\/turnkey-systems\/\">Descubra mais<\/a><\/div>\n<\/div>\n<\/div><\/div>\n<\/div><\/div>\n\n\n\n<div class=\"wp-block-getwid-tabs__nav-link\"><span class=\"wp-block-getwid-tabs__title-wrapper\"><a href=\"#\"><span class=\"wp-block-getwid-tabs__title\">Customer services<\/span><\/a><\/span><\/div><div class=\"wp-block-getwid-tabs__tab-content-wrapper\"><div class=\"wp-block-getwid-tabs__tab-content\">\n<div class=\"wp-block-media-text alignwide is-stacked-on-mobile\"><figure class=\"wp-block-media-text__media\"><img decoding=\"async\" width=\"522\" height=\"648\" src=\"https:\/\/www.comau.com\/wp-content\/uploads\/2021\/07\/power-training_servizioclienti.jpg\" alt=\"\" class=\"wp-image-33632 size-full\" srcset=\"https:\/\/www.comau.com\/wp-content\/uploads\/2021\/07\/power-training_servizioclienti.jpg 522w, https:\/\/www.comau.com\/wp-content\/uploads\/2021\/07\/power-training_servizioclienti-242x300.jpg 242w\" sizes=\"(max-width: 522px) 100vw, 522px\" \/><\/figure><div class=\"wp-block-media-text__content\">\n<h2 class=\"wp-block-heading\">Servi\u00e7os ao cliente <\/h2>\n\n\n\n<p>A Manufacturing 4.0 requer uma usinagem cada vez mais flex\u00edvel e vers\u00e1til Podemos adaptar os nossos produtos e sistemas \u00e0s necessidades espec\u00edficas de qualquer projeto, para ajudar voc\u00ea a melhorar a sua produtividade e otimizar seus processos. Apoiamos seu projeto durante seu ciclo de vida inteiro oferecendo servi\u00e7os abrangentes de manuten\u00e7\u00e3o para as tecnologias da Comau e de quaisquer outras marcas, como:<\/p>\n\n\n\n<ul class=\"wp-block-list\"><li>Servi\u00e7o p\u00f3s-venda<\/li><li>Centro de recondicionamento de spindles<\/li><li>Recondicionamento e atualiza\u00e7\u00e3o<\/li><li>Retooling<\/li><li>Recondicionamento e atualiza\u00e7\u00e3o<\/li><li>Digitaliza\u00e7\u00e3o<\/li><\/ul>\n\n\n\n<div class=\"wp-block-buttons is-layout-flex wp-block-buttons-is-layout-flex\">\n<div class=\"wp-block-button\"><a class=\"wp-block-button__link\" href=\"https:\/\/www.comau.com\/en\/our-offer\/products-and-solutions\/machining-products\/customer-services-and-digital-retooling\/\">Descubra mais<\/a><\/div>\n<\/div>\n<\/div><\/div>\n<\/div><\/div>\n<\/div>\n","protected":false},"excerpt":{"rendered":"<p>A partir de uma longa e comprovada experi\u00eancia no setor de fabrica\u00e7\u00e3o a n\u00edvel global, combinada com um compromisso constante na pesquisa de solu\u00e7\u00f5es avan\u00e7adas e inovadoras, a Comau desenvolve sistemas altamente flex\u00edveis e eficientes, centros de usinagem universais e solu\u00e7\u00f5es de processo personalizadas capazes de responder a qualquer necessidade. Cada proposta \u00e9 o resultado [&hellip;]<\/p>\n","protected":false},"author":11,"featured_media":5925,"parent":65274,"menu_order":2,"comment_status":"closed","ping_status":"closed","template":"","meta":{"_acf_changed":false,"ep_exclude_from_search":false,"footnotes":""},"class_list":["post-4808","page","type-page","status-publish","has-post-thumbnail","hentry"],"acf":[],"yoast_head":"<!-- This site is optimized with the Yoast SEO plugin v26.9 - https:\/\/yoast.com\/product\/yoast-seo-wordpress\/ -->\n<title>Powertrain: Automa\u00e7\u00e3o de processos industriais | Comau<\/title>\n<meta name=\"description\" content=\"Saiba mais sobre a automa\u00e7\u00e3o de processo industriais com a Comau - seu parceiro para otimiza\u00e7\u00e3o de processos. Descubra aqui sobre sistema de manuseio.\" \/>\n<meta name=\"robots\" content=\"index, follow, max-snippet:-1, max-image-preview:large, max-video-preview:-1\" \/>\n<link rel=\"canonical\" href=\"https:\/\/www.comau.com\/pt-br\/competencies\/products-solutions\/powertrain-machining\/\" \/>\n<meta property=\"og:locale\" content=\"pt_BR\" \/>\n<meta property=\"og:type\" content=\"article\" \/>\n<meta property=\"og:title\" content=\"Powertrain: Automa\u00e7\u00e3o de processos industriais | Comau\" \/>\n<meta property=\"og:description\" content=\"Saiba mais sobre a automa\u00e7\u00e3o de processo industriais com a Comau - seu parceiro para otimiza\u00e7\u00e3o de processos. Descubra aqui sobre sistema de manuseio.\" \/>\n<meta property=\"og:url\" content=\"https:\/\/www.comau.com\/pt-br\/competencies\/products-solutions\/powertrain-machining\/\" \/>\n<meta property=\"og:site_name\" content=\"Comau\" \/>\n<meta property=\"article:publisher\" content=\"https:\/\/www.facebook.com\/COMAU\/\" \/>\n<meta property=\"article:modified_time\" content=\"2022-02-08T08:57:34+00:00\" \/>\n<meta property=\"og:image\" content=\"https:\/\/www.comau.com\/wp-content\/uploads\/2021\/06\/powertrain_header.jpg\" \/>\n\t<meta property=\"og:image:width\" content=\"1280\" \/>\n\t<meta property=\"og:image:height\" content=\"485\" \/>\n\t<meta property=\"og:image:type\" content=\"image\/jpeg\" \/>\n<meta name=\"twitter:card\" content=\"summary_large_image\" \/>\n<meta name=\"twitter:site\" content=\"@comaugroup\" \/>\n<meta name=\"twitter:label1\" content=\"Est. tempo de leitura\" \/>\n\t<meta name=\"twitter:data1\" content=\"4 minutos\" \/>\n<script type=\"application\/ld+json\" class=\"yoast-schema-graph\">{\"@context\":\"https:\/\/schema.org\",\"@graph\":[{\"@type\":\"WebPage\",\"@id\":\"https:\/\/www.comau.com\/pt-br\/competencies\/products-solutions\/powertrain-machining\/\",\"url\":\"https:\/\/www.comau.com\/pt-br\/competencies\/products-solutions\/powertrain-machining\/\",\"name\":\"Powertrain: Automa\u00e7\u00e3o de processos industriais | Comau\",\"isPartOf\":{\"@id\":\"https:\/\/www.comau.com\/pt-br\/#website\"},\"primaryImageOfPage\":{\"@id\":\"https:\/\/www.comau.com\/pt-br\/competencies\/products-solutions\/powertrain-machining\/#primaryimage\"},\"image\":{\"@id\":\"https:\/\/www.comau.com\/pt-br\/competencies\/products-solutions\/powertrain-machining\/#primaryimage\"},\"thumbnailUrl\":\"https:\/\/www.comau.com\/wp-content\/uploads\/2021\/06\/powertrain_header.jpg\",\"datePublished\":\"2021-06-30T22:02:27+00:00\",\"dateModified\":\"2022-02-08T08:57:34+00:00\",\"description\":\"Saiba mais sobre a automa\u00e7\u00e3o de processo industriais com a Comau - seu parceiro para otimiza\u00e7\u00e3o de processos. Descubra aqui sobre sistema de manuseio.\",\"breadcrumb\":{\"@id\":\"https:\/\/www.comau.com\/pt-br\/competencies\/products-solutions\/powertrain-machining\/#breadcrumb\"},\"inLanguage\":\"pt-BR\",\"potentialAction\":[{\"@type\":\"ReadAction\",\"target\":[\"https:\/\/www.comau.com\/pt-br\/competencies\/products-solutions\/powertrain-machining\/\"]}]},{\"@type\":\"ImageObject\",\"inLanguage\":\"pt-BR\",\"@id\":\"https:\/\/www.comau.com\/pt-br\/competencies\/products-solutions\/powertrain-machining\/#primaryimage\",\"url\":\"https:\/\/www.comau.com\/wp-content\/uploads\/2021\/06\/powertrain_header.jpg\",\"contentUrl\":\"https:\/\/www.comau.com\/wp-content\/uploads\/2021\/06\/powertrain_header.jpg\",\"width\":1280,\"height\":485},{\"@type\":\"BreadcrumbList\",\"@id\":\"https:\/\/www.comau.com\/pt-br\/competencies\/products-solutions\/powertrain-machining\/#breadcrumb\",\"itemListElement\":[{\"@type\":\"ListItem\",\"position\":1,\"name\":\"Home\",\"item\":\"https:\/\/www.comau.com\/pt-br\/\"},{\"@type\":\"ListItem\",\"position\":2,\"name\":\"Nossas Compet\u00eancias\",\"item\":\"https:\/\/www.comau.com\/pt-br\/competencies\/\"},{\"@type\":\"ListItem\",\"position\":3,\"name\":\"Powertrain &#038; Machining\"}]},{\"@type\":\"WebSite\",\"@id\":\"https:\/\/www.comau.com\/pt-br\/#website\",\"url\":\"https:\/\/www.comau.com\/pt-br\/\",\"name\":\"Comau\",\"description\":\"Industrial automation and robotics\",\"publisher\":{\"@id\":\"https:\/\/www.comau.com\/pt-br\/#organization\"},\"potentialAction\":[{\"@type\":\"SearchAction\",\"target\":{\"@type\":\"EntryPoint\",\"urlTemplate\":\"https:\/\/www.comau.com\/pt-br\/?s={search_term_string}\"},\"query-input\":{\"@type\":\"PropertyValueSpecification\",\"valueRequired\":true,\"valueName\":\"search_term_string\"}}],\"inLanguage\":\"pt-BR\"},{\"@type\":\"Organization\",\"@id\":\"https:\/\/www.comau.com\/pt-br\/#organization\",\"name\":\"Comau\",\"url\":\"https:\/\/www.comau.com\/pt-br\/\",\"logo\":{\"@type\":\"ImageObject\",\"inLanguage\":\"pt-BR\",\"@id\":\"https:\/\/www.comau.com\/pt-br\/#\/schema\/logo\/image\/\",\"url\":\"https:\/\/www.comau.com\/wp-content\/uploads\/2024\/07\/cropped-Logo-COMAU.png\",\"contentUrl\":\"https:\/\/www.comau.com\/wp-content\/uploads\/2024\/07\/cropped-Logo-COMAU.png\",\"width\":434,\"height\":434,\"caption\":\"Comau\"},\"image\":{\"@id\":\"https:\/\/www.comau.com\/pt-br\/#\/schema\/logo\/image\/\"},\"sameAs\":[\"https:\/\/www.facebook.com\/COMAU\/\",\"https:\/\/x.com\/comaugroup\",\"https:\/\/www.instagram.com\/comaugroup\/\",\"https:\/\/www.linkedin.com\/company\/comau\",\"https:\/\/www.youtube.com\/user\/comau\"]}]}<\/script>\n<!-- \/ Yoast SEO plugin. -->","yoast_head_json":{"title":"Powertrain: Automa\u00e7\u00e3o de processos industriais | Comau","description":"Saiba mais sobre a automa\u00e7\u00e3o de processo industriais com a Comau - seu parceiro para otimiza\u00e7\u00e3o de processos. Descubra aqui sobre sistema de manuseio.","robots":{"index":"index","follow":"follow","max-snippet":"max-snippet:-1","max-image-preview":"max-image-preview:large","max-video-preview":"max-video-preview:-1"},"canonical":"https:\/\/www.comau.com\/pt-br\/competencies\/products-solutions\/powertrain-machining\/","og_locale":"pt_BR","og_type":"article","og_title":"Powertrain: Automa\u00e7\u00e3o de processos industriais | Comau","og_description":"Saiba mais sobre a automa\u00e7\u00e3o de processo industriais com a Comau - seu parceiro para otimiza\u00e7\u00e3o de processos. Descubra aqui sobre sistema de manuseio.","og_url":"https:\/\/www.comau.com\/pt-br\/competencies\/products-solutions\/powertrain-machining\/","og_site_name":"Comau","article_publisher":"https:\/\/www.facebook.com\/COMAU\/","article_modified_time":"2022-02-08T08:57:34+00:00","og_image":[{"width":1280,"height":485,"url":"https:\/\/www.comau.com\/wp-content\/uploads\/2021\/06\/powertrain_header.jpg","type":"image\/jpeg"}],"twitter_card":"summary_large_image","twitter_site":"@comaugroup","twitter_misc":{"Est. tempo de leitura":"4 minutos"},"schema":{"@context":"https:\/\/schema.org","@graph":[{"@type":"WebPage","@id":"https:\/\/www.comau.com\/pt-br\/competencies\/products-solutions\/powertrain-machining\/","url":"https:\/\/www.comau.com\/pt-br\/competencies\/products-solutions\/powertrain-machining\/","name":"Powertrain: Automa\u00e7\u00e3o de processos industriais | Comau","isPartOf":{"@id":"https:\/\/www.comau.com\/pt-br\/#website"},"primaryImageOfPage":{"@id":"https:\/\/www.comau.com\/pt-br\/competencies\/products-solutions\/powertrain-machining\/#primaryimage"},"image":{"@id":"https:\/\/www.comau.com\/pt-br\/competencies\/products-solutions\/powertrain-machining\/#primaryimage"},"thumbnailUrl":"https:\/\/www.comau.com\/wp-content\/uploads\/2021\/06\/powertrain_header.jpg","datePublished":"2021-06-30T22:02:27+00:00","dateModified":"2022-02-08T08:57:34+00:00","description":"Saiba mais sobre a automa\u00e7\u00e3o de processo industriais com a Comau - seu parceiro para otimiza\u00e7\u00e3o de processos. Descubra aqui sobre sistema de manuseio.","breadcrumb":{"@id":"https:\/\/www.comau.com\/pt-br\/competencies\/products-solutions\/powertrain-machining\/#breadcrumb"},"inLanguage":"pt-BR","potentialAction":[{"@type":"ReadAction","target":["https:\/\/www.comau.com\/pt-br\/competencies\/products-solutions\/powertrain-machining\/"]}]},{"@type":"ImageObject","inLanguage":"pt-BR","@id":"https:\/\/www.comau.com\/pt-br\/competencies\/products-solutions\/powertrain-machining\/#primaryimage","url":"https:\/\/www.comau.com\/wp-content\/uploads\/2021\/06\/powertrain_header.jpg","contentUrl":"https:\/\/www.comau.com\/wp-content\/uploads\/2021\/06\/powertrain_header.jpg","width":1280,"height":485},{"@type":"BreadcrumbList","@id":"https:\/\/www.comau.com\/pt-br\/competencies\/products-solutions\/powertrain-machining\/#breadcrumb","itemListElement":[{"@type":"ListItem","position":1,"name":"Home","item":"https:\/\/www.comau.com\/pt-br\/"},{"@type":"ListItem","position":2,"name":"Nossas Compet\u00eancias","item":"https:\/\/www.comau.com\/pt-br\/competencies\/"},{"@type":"ListItem","position":3,"name":"Powertrain &#038; Machining"}]},{"@type":"WebSite","@id":"https:\/\/www.comau.com\/pt-br\/#website","url":"https:\/\/www.comau.com\/pt-br\/","name":"Comau","description":"Industrial automation and robotics","publisher":{"@id":"https:\/\/www.comau.com\/pt-br\/#organization"},"potentialAction":[{"@type":"SearchAction","target":{"@type":"EntryPoint","urlTemplate":"https:\/\/www.comau.com\/pt-br\/?s={search_term_string}"},"query-input":{"@type":"PropertyValueSpecification","valueRequired":true,"valueName":"search_term_string"}}],"inLanguage":"pt-BR"},{"@type":"Organization","@id":"https:\/\/www.comau.com\/pt-br\/#organization","name":"Comau","url":"https:\/\/www.comau.com\/pt-br\/","logo":{"@type":"ImageObject","inLanguage":"pt-BR","@id":"https:\/\/www.comau.com\/pt-br\/#\/schema\/logo\/image\/","url":"https:\/\/www.comau.com\/wp-content\/uploads\/2024\/07\/cropped-Logo-COMAU.png","contentUrl":"https:\/\/www.comau.com\/wp-content\/uploads\/2024\/07\/cropped-Logo-COMAU.png","width":434,"height":434,"caption":"Comau"},"image":{"@id":"https:\/\/www.comau.com\/pt-br\/#\/schema\/logo\/image\/"},"sameAs":["https:\/\/www.facebook.com\/COMAU\/","https:\/\/x.com\/comaugroup","https:\/\/www.instagram.com\/comaugroup\/","https:\/\/www.linkedin.com\/company\/comau","https:\/\/www.youtube.com\/user\/comau"]}]}},"_links":{"self":[{"href":"https:\/\/www.comau.com\/pt-br\/wp-json\/wp\/v2\/pages\/4808","targetHints":{"allow":["GET"]}}],"collection":[{"href":"https:\/\/www.comau.com\/pt-br\/wp-json\/wp\/v2\/pages"}],"about":[{"href":"https:\/\/www.comau.com\/pt-br\/wp-json\/wp\/v2\/types\/page"}],"author":[{"embeddable":true,"href":"https:\/\/www.comau.com\/pt-br\/wp-json\/wp\/v2\/users\/11"}],"replies":[{"embeddable":true,"href":"https:\/\/www.comau.com\/pt-br\/wp-json\/wp\/v2\/comments?post=4808"}],"version-history":[{"count":42,"href":"https:\/\/www.comau.com\/pt-br\/wp-json\/wp\/v2\/pages\/4808\/revisions"}],"predecessor-version":[{"id":42114,"href":"https:\/\/www.comau.com\/pt-br\/wp-json\/wp\/v2\/pages\/4808\/revisions\/42114"}],"up":[{"embeddable":true,"href":"https:\/\/www.comau.com\/pt-br\/wp-json\/wp\/v2\/pages\/65274"}],"wp:featuredmedia":[{"embeddable":true,"href":"https:\/\/www.comau.com\/pt-br\/wp-json\/wp\/v2\/media\/5925"}],"wp:attachment":[{"href":"https:\/\/www.comau.com\/pt-br\/wp-json\/wp\/v2\/media?parent=4808"}],"curies":[{"name":"wp","href":"https:\/\/api.w.org\/{rel}","templated":true}]}}