{"id":4801,"date":"2021-05-31T00:02:55","date_gmt":"2021-05-30T22:02:55","guid":{"rendered":"https:\/\/www.comau.com\/competencies\/"},"modified":"2022-02-08T10:29:58","modified_gmt":"2022-02-08T09:29:58","slug":"competencies","status":"publish","type":"page","link":"https:\/\/www.comau.com\/pt-br\/competencies\/","title":{"rendered":"Nossas Compet\u00eancias"},"content":{"rendered":"\n<div class=\"wp-block-columns is-layout-flex wp-container-core-columns-is-layout-9d6595d7 wp-block-columns-is-layout-flex\">\n<div class=\"wp-block-column is-layout-flow wp-block-column-is-layout-flow\">\n<h3 class=\"text-primary-accent wp-block-heading\" id=\"body-assembly\">Body Assembly<\/h3>\n\n\n\n<p>Os novos mercados falam a linguagem da inova\u00e7\u00e3o atrav\u00e9s de produtos, processos e materiais, os elementos de um desafio comum para uma ind\u00fastria em constante evolu\u00e7\u00e3o.<br>Descubra a nossa resposta estrat\u00e9gica para a constru\u00e7\u00e3o de linhas de montagem modulares.<br><br><\/p>\n\n\n\n<figure class=\"wp-block-image size-large\"><img decoding=\"async\" width=\"1024\" height=\"388\" src=\"https:\/\/www.comau.com\/wp-content\/uploads\/2021\/06\/BA_header-1024x388.jpg\" alt=\"\" class=\"wp-image-394\" srcset=\"https:\/\/www.comau.com\/wp-content\/uploads\/2021\/06\/BA_header-1024x388.jpg 1024w, https:\/\/www.comau.com\/wp-content\/uploads\/2021\/06\/BA_header-300x114.jpg 300w, https:\/\/www.comau.com\/wp-content\/uploads\/2021\/06\/BA_header-768x291.jpg 768w, https:\/\/www.comau.com\/wp-content\/uploads\/2021\/06\/BA_header.jpg 1280w\" sizes=\"(max-width: 1024px) 100vw, 1024px\" \/><\/figure>\n\n\n\n<div class=\"wp-block-buttons is-layout-flex wp-block-buttons-is-layout-flex\">\n<div class=\"wp-block-button\"><a class=\"wp-block-button__link\" href=\"https:\/\/www.comau.com\/en\/our-offer\/body-assembly\/\">Saiba mais<\/a><\/div>\n<\/div>\n<\/div>\n\n\n\n<div class=\"wp-block-column is-layout-flow wp-block-column-is-layout-flow\">\n<h3 class=\"text-primary-accent wp-block-heading\" id=\"powertrain-machining\">Powertrain &amp; Machining<\/h3>\n\n\n\n<p>Combinando inova\u00e7\u00e3o, tecnologias avan\u00e7adas e uma experi\u00eancia comprovada no campo em automa\u00e7\u00e3o, satisfazemos todas as necessidades de produ\u00e7\u00e3o com uma ampla gama de solu\u00e7\u00f5es concebidas para a os setores automotivo, de mobilidade el\u00e9trica e muitos outros.<br>Sistemas flex\u00edveis completos, centros de usinagem universais e solu\u00e7\u00f5es de processo altamente personalizadas est\u00e3o no centro de nosso portf\u00f3lio.<\/p>\n\n\n\n<figure class=\"wp-block-image size-large\"><img decoding=\"async\" width=\"1024\" height=\"388\" src=\"https:\/\/www.comau.com\/wp-content\/uploads\/2021\/06\/powertrain_header-1024x388.jpg\" alt=\"\" class=\"wp-image-601\" srcset=\"https:\/\/www.comau.com\/wp-content\/uploads\/2021\/06\/powertrain_header-1024x388.jpg 1024w, https:\/\/www.comau.com\/wp-content\/uploads\/2021\/06\/powertrain_header-300x114.jpg 300w, https:\/\/www.comau.com\/wp-content\/uploads\/2021\/06\/powertrain_header-768x291.jpg 768w, https:\/\/www.comau.com\/wp-content\/uploads\/2021\/06\/powertrain_header.jpg 1280w\" sizes=\"(max-width: 1024px) 100vw, 1024px\" \/><\/figure>\n\n\n\n<div class=\"wp-block-buttons is-layout-flex wp-block-buttons-is-layout-flex\">\n<div class=\"wp-block-button\"><a class=\"wp-block-button__link\" href=\"https:\/\/www.comau.com\/en\/our-offer\/products-and-solutions\/powertrain-machining\/\">Saiba mais<\/a><\/div>\n<\/div>\n<\/div>\n<\/div>\n\n\n\n<div class=\"wp-block-columns is-layout-flex wp-container-core-columns-is-layout-9d6595d7 wp-block-columns-is-layout-flex\">\n<div class=\"wp-block-column is-layout-flow wp-block-column-is-layout-flow\">\n<h3 class=\"text-primary-accent wp-block-heading\" id=\"robotics-automation\">Robotics &amp; Automation<\/h3>\n\n\n\n<p>Desde 1978, desenvolvemos rob\u00f4s industriais de alto desempenho para integrar e melhorar aplica\u00e7\u00f5es inovadoras em qualquer setor industrial.<br>Nossas fam\u00edlias de rob\u00f4s v\u00e3o desde bra\u00e7os rob\u00f3ticos tradicionais a solu\u00e7\u00f5es colaborativas, com v\u00e1rias capacidades de carga \u00fatil, desfrutando tecnologias baseadas em Iot e IA.<br><br><\/p>\n\n\n\n<figure class=\"wp-block-image size-large\"><img decoding=\"async\" width=\"1024\" height=\"388\" src=\"https:\/\/www.comau.com\/wp-content\/uploads\/2021\/06\/RoboticsOverview_header-1024x388.jpg\" alt=\"\" class=\"wp-image-752\" srcset=\"https:\/\/www.comau.com\/wp-content\/uploads\/2021\/06\/RoboticsOverview_header-1024x388.jpg 1024w, https:\/\/www.comau.com\/wp-content\/uploads\/2021\/06\/RoboticsOverview_header-300x114.jpg 300w, https:\/\/www.comau.com\/wp-content\/uploads\/2021\/06\/RoboticsOverview_header-768x291.jpg 768w, https:\/\/www.comau.com\/wp-content\/uploads\/2021\/06\/RoboticsOverview_header.jpg 1280w\" sizes=\"(max-width: 1024px) 100vw, 1024px\" \/><\/figure>\n\n\n\n<div class=\"wp-block-buttons is-layout-flex wp-block-buttons-is-layout-flex\">\n<div class=\"wp-block-button\"><a class=\"wp-block-button__link\" href=\"https:\/\/www.comau.com\/en\/our-offer\/robotics-automation\/\">Saiba mais<\/a><\/div>\n<\/div>\n<\/div>\n\n\n\n<div class=\"wp-block-column is-layout-flow wp-block-column-is-layout-flow\">\n<h3 class=\"text-primary-accent wp-block-heading\" id=\"electromobility\">Electromobility<\/h3>\n\n\n\n<p>Apoiamos as empresas no seu caminho de transforma\u00e7\u00e3o digital, da consultoria para otimiza\u00e7\u00e3o do fluxo de trabalho ao fornecimento de produtos e servi\u00e7os 4.0, concebidos para tornar cada ambiente de fabrica\u00e7\u00e3o mais eficiente, inteligente e enxuto.<br>Descubra todos os nossos servi\u00e7os para digitalizar sua produ\u00e7\u00e3o em linha com a Industry 4.0.<\/p>\n\n\n\n<figure class=\"wp-block-image size-large\"><img decoding=\"async\" width=\"1024\" height=\"388\" src=\"https:\/\/www.comau.com\/wp-content\/uploads\/2021\/06\/emobility_header2-1024x388.png\" alt=\"\" class=\"wp-image-703\" srcset=\"https:\/\/www.comau.com\/wp-content\/uploads\/2021\/06\/emobility_header2-1024x388.png 1024w, https:\/\/www.comau.com\/wp-content\/uploads\/2021\/06\/emobility_header2-300x114.png 300w, https:\/\/www.comau.com\/wp-content\/uploads\/2021\/06\/emobility_header2-768x291.png 768w, https:\/\/www.comau.com\/wp-content\/uploads\/2021\/06\/emobility_header2.png 1280w\" sizes=\"(max-width: 1024px) 100vw, 1024px\" \/><\/figure>\n\n\n\n<div class=\"wp-block-buttons is-layout-flex wp-block-buttons-is-layout-flex\">\n<div class=\"wp-block-button\"><a class=\"wp-block-button__link\" href=\"https:\/\/www.comau.com\/en\/our-offer\/systems\/battery-manufacturing-and-assembly\/electromobility\/\">Saiba mais<\/a><\/div>\n<\/div>\n<\/div>\n<\/div>\n\n\n\n<div class=\"wp-block-columns is-layout-flex wp-container-core-columns-is-layout-9d6595d7 wp-block-columns-is-layout-flex\">\n<div class=\"wp-block-column is-layout-flow wp-block-column-is-layout-flow\">\n<h3 class=\"text-primary-accent wp-block-heading\" id=\"digital-initiatives\">Digital initiatives<\/h3>\n\n\n\n<p>Apoiamos as empresas no seu caminho de transforma\u00e7\u00e3o digital, da consultoria para otimiza\u00e7\u00e3o do fluxo de trabalho ao fornecimento de produtos e servi\u00e7os 4.0, concebidos para tornar cada ambiente de fabrica\u00e7\u00e3o mais eficiente, inteligente e enxuto.<br>Descubra todos os nossos servi\u00e7os para digitalizar sua produ\u00e7\u00e3o em linha com a Industry 4.0.<br><br><\/p>\n\n\n\n<figure class=\"wp-block-image size-large\"><img decoding=\"async\" width=\"1024\" height=\"388\" src=\"https:\/\/www.comau.com\/wp-content\/uploads\/2021\/06\/Heder_DigitalSolutions-1024x388.jpg\" alt=\"\" class=\"wp-image-1015\" srcset=\"https:\/\/www.comau.com\/wp-content\/uploads\/2021\/06\/Heder_DigitalSolutions-1024x388.jpg 1024w, https:\/\/www.comau.com\/wp-content\/uploads\/2021\/06\/Heder_DigitalSolutions-300x114.jpg 300w, https:\/\/www.comau.com\/wp-content\/uploads\/2021\/06\/Heder_DigitalSolutions-768x291.jpg 768w, https:\/\/www.comau.com\/wp-content\/uploads\/2021\/06\/Heder_DigitalSolutions.jpg 1280w\" sizes=\"(max-width: 1024px) 100vw, 1024px\" \/><\/figure>\n\n\n\n<div class=\"wp-block-buttons is-layout-flex wp-block-buttons-is-layout-flex\">\n<div class=\"wp-block-button\"><a class=\"wp-block-button__link\" href=\"https:\/\/www.comau.com\/en\/our-offer\/products-and-solutions\/digital-iot-platforms\/\">Saiba mais<\/a><\/div>\n<\/div>\n<\/div>\n\n\n\n<div class=\"wp-block-column is-layout-flow wp-block-column-is-layout-flow\">\n<h3 class=\"text-primary-accent wp-block-heading\" id=\"consultancy-education\">Consultancy &amp; Education<\/h3>\n\n\n\n<p>Trazemos novas formas de ensino para o setor industrial. Gra\u00e7as a mais de 40 anos de experi\u00eancia, a Comau Academy realiza programas de treinamento concebidos para desenvolver de forma inovadora as qualifica\u00e7\u00f5es t\u00e9cnicas e gerenciais de profissionais, talentos e estudantes emergentes em todo o mundo.<br>Descubra a nossa oferta educativa e a plataforma e.DO Experience, concebida para facilitar a aprendizagem com o rob\u00f4 e.DO.<\/p>\n\n\n\n<figure class=\"wp-block-image size-large\"><img decoding=\"async\" width=\"1024\" height=\"388\" src=\"https:\/\/www.comau.com\/wp-content\/uploads\/2021\/06\/academy-overview_header-1024x388.jpg\" alt=\"\" class=\"wp-image-1078\" srcset=\"https:\/\/www.comau.com\/wp-content\/uploads\/2021\/06\/academy-overview_header-1024x388.jpg 1024w, https:\/\/www.comau.com\/wp-content\/uploads\/2021\/06\/academy-overview_header-300x114.jpg 300w, https:\/\/www.comau.com\/wp-content\/uploads\/2021\/06\/academy-overview_header-768x291.jpg 768w, https:\/\/www.comau.com\/wp-content\/uploads\/2021\/06\/academy-overview_header.jpg 1280w\" sizes=\"(max-width: 1024px) 100vw, 1024px\" \/><\/figure>\n\n\n\n<div class=\"wp-block-buttons is-layout-flex wp-block-buttons-is-layout-flex\">\n<div class=\"wp-block-button\"><a class=\"wp-block-button__link\" href=\"https:\/\/www.comau.com\/en\/our-offer\/systems\/consultancy-education\/\">Saiba mais<\/a><\/div>\n<\/div>\n<\/div>\n<\/div>\n","protected":false},"excerpt":{"rendered":"<p>Body Assembly Os novos mercados falam a linguagem da inova\u00e7\u00e3o atrav\u00e9s de produtos, processos e materiais, os elementos de um desafio comum para uma ind\u00fastria em constante evolu\u00e7\u00e3o.Descubra a nossa resposta estrat\u00e9gica para a constru\u00e7\u00e3o de linhas de montagem modulares. Powertrain &amp; Machining Combinando inova\u00e7\u00e3o, tecnologias avan\u00e7adas e uma experi\u00eancia comprovada no campo em automa\u00e7\u00e3o, [&hellip;]<\/p>\n","protected":false},"author":11,"featured_media":33160,"parent":0,"menu_order":2,"comment_status":"closed","ping_status":"closed","template":"","meta":{"_acf_changed":false,"ep_exclude_from_search":false,"footnotes":""},"class_list":["post-4801","page","type-page","status-publish","has-post-thumbnail","hentry"],"acf":[],"yoast_head":"<!-- This site is optimized with the Yoast SEO plugin v26.9 - https:\/\/yoast.com\/product\/yoast-seo-wordpress\/ -->\n<title>Linha de montagem: desenho e gest\u00e3o | Comau<\/title>\n<meta name=\"description\" content=\"Descubra aqui tudo sobre linha de montagem: desenho, concep\u00e7\u00e3o e gest\u00e3o. A Comau \u00e9 uma empresa de refer\u00eancia para solu\u00e7\u00f5es de automa\u00e7\u00e3o e controle.\" \/>\n<meta name=\"robots\" content=\"index, follow, max-snippet:-1, max-image-preview:large, max-video-preview:-1\" \/>\n<link rel=\"canonical\" href=\"https:\/\/www.comau.com\/pt-br\/competencies\/\" \/>\n<meta property=\"og:locale\" content=\"pt_BR\" \/>\n<meta property=\"og:type\" content=\"article\" \/>\n<meta property=\"og:title\" content=\"Linha de montagem: desenho e gest\u00e3o | Comau\" \/>\n<meta property=\"og:description\" content=\"Descubra aqui tudo sobre linha de montagem: desenho, concep\u00e7\u00e3o e gest\u00e3o. A Comau \u00e9 uma empresa de refer\u00eancia para solu\u00e7\u00f5es de automa\u00e7\u00e3o e controle.\" \/>\n<meta property=\"og:url\" content=\"https:\/\/www.comau.com\/pt-br\/competencies\/\" \/>\n<meta property=\"og:site_name\" content=\"Comau\" \/>\n<meta property=\"article:publisher\" content=\"https:\/\/www.facebook.com\/COMAU\/\" \/>\n<meta property=\"article:modified_time\" content=\"2022-02-08T09:29:58+00:00\" \/>\n<meta property=\"og:image\" content=\"https:\/\/www.comau.com\/wp-content\/uploads\/2021\/07\/Our-Competencies.jpg\" \/>\n\t<meta property=\"og:image:width\" content=\"1425\" \/>\n\t<meta property=\"og:image:height\" content=\"450\" \/>\n\t<meta property=\"og:image:type\" content=\"image\/jpeg\" \/>\n<meta name=\"twitter:card\" content=\"summary_large_image\" \/>\n<meta name=\"twitter:site\" content=\"@comaugroup\" \/>\n<meta name=\"twitter:label1\" content=\"Est. tempo de leitura\" \/>\n\t<meta name=\"twitter:data1\" content=\"3 minutos\" \/>\n<script type=\"application\/ld+json\" class=\"yoast-schema-graph\">{\"@context\":\"https:\/\/schema.org\",\"@graph\":[{\"@type\":\"WebPage\",\"@id\":\"https:\/\/www.comau.com\/pt-br\/competencies\/\",\"url\":\"https:\/\/www.comau.com\/pt-br\/competencies\/\",\"name\":\"Linha de montagem: desenho e gest\u00e3o | Comau\",\"isPartOf\":{\"@id\":\"https:\/\/www.comau.com\/pt-br\/#website\"},\"primaryImageOfPage\":{\"@id\":\"https:\/\/www.comau.com\/pt-br\/competencies\/#primaryimage\"},\"image\":{\"@id\":\"https:\/\/www.comau.com\/pt-br\/competencies\/#primaryimage\"},\"thumbnailUrl\":\"https:\/\/www.comau.com\/wp-content\/uploads\/2021\/07\/Our-Competencies.jpg\",\"datePublished\":\"2021-05-30T22:02:55+00:00\",\"dateModified\":\"2022-02-08T09:29:58+00:00\",\"description\":\"Descubra aqui tudo sobre linha de montagem: desenho, concep\u00e7\u00e3o e gest\u00e3o. A Comau \u00e9 uma empresa de refer\u00eancia para solu\u00e7\u00f5es de automa\u00e7\u00e3o e controle.\",\"breadcrumb\":{\"@id\":\"https:\/\/www.comau.com\/pt-br\/competencies\/#breadcrumb\"},\"inLanguage\":\"pt-BR\",\"potentialAction\":[{\"@type\":\"ReadAction\",\"target\":[\"https:\/\/www.comau.com\/pt-br\/competencies\/\"]}]},{\"@type\":\"ImageObject\",\"inLanguage\":\"pt-BR\",\"@id\":\"https:\/\/www.comau.com\/pt-br\/competencies\/#primaryimage\",\"url\":\"https:\/\/www.comau.com\/wp-content\/uploads\/2021\/07\/Our-Competencies.jpg\",\"contentUrl\":\"https:\/\/www.comau.com\/wp-content\/uploads\/2021\/07\/Our-Competencies.jpg\",\"width\":1425,\"height\":450},{\"@type\":\"BreadcrumbList\",\"@id\":\"https:\/\/www.comau.com\/pt-br\/competencies\/#breadcrumb\",\"itemListElement\":[{\"@type\":\"ListItem\",\"position\":1,\"name\":\"Home\",\"item\":\"https:\/\/www.comau.com\/pt-br\/\"},{\"@type\":\"ListItem\",\"position\":2,\"name\":\"Nossas Compet\u00eancias\"}]},{\"@type\":\"WebSite\",\"@id\":\"https:\/\/www.comau.com\/pt-br\/#website\",\"url\":\"https:\/\/www.comau.com\/pt-br\/\",\"name\":\"Comau\",\"description\":\"Industrial automation and robotics\",\"publisher\":{\"@id\":\"https:\/\/www.comau.com\/pt-br\/#organization\"},\"potentialAction\":[{\"@type\":\"SearchAction\",\"target\":{\"@type\":\"EntryPoint\",\"urlTemplate\":\"https:\/\/www.comau.com\/pt-br\/?s={search_term_string}\"},\"query-input\":{\"@type\":\"PropertyValueSpecification\",\"valueRequired\":true,\"valueName\":\"search_term_string\"}}],\"inLanguage\":\"pt-BR\"},{\"@type\":\"Organization\",\"@id\":\"https:\/\/www.comau.com\/pt-br\/#organization\",\"name\":\"Comau\",\"url\":\"https:\/\/www.comau.com\/pt-br\/\",\"logo\":{\"@type\":\"ImageObject\",\"inLanguage\":\"pt-BR\",\"@id\":\"https:\/\/www.comau.com\/pt-br\/#\/schema\/logo\/image\/\",\"url\":\"https:\/\/www.comau.com\/wp-content\/uploads\/2024\/07\/cropped-Logo-COMAU.png\",\"contentUrl\":\"https:\/\/www.comau.com\/wp-content\/uploads\/2024\/07\/cropped-Logo-COMAU.png\",\"width\":434,\"height\":434,\"caption\":\"Comau\"},\"image\":{\"@id\":\"https:\/\/www.comau.com\/pt-br\/#\/schema\/logo\/image\/\"},\"sameAs\":[\"https:\/\/www.facebook.com\/COMAU\/\",\"https:\/\/x.com\/comaugroup\",\"https:\/\/www.instagram.com\/comaugroup\/\",\"https:\/\/www.linkedin.com\/company\/comau\",\"https:\/\/www.youtube.com\/user\/comau\"]}]}<\/script>\n<!-- \/ Yoast SEO plugin. -->","yoast_head_json":{"title":"Linha de montagem: desenho e gest\u00e3o | Comau","description":"Descubra aqui tudo sobre linha de montagem: desenho, concep\u00e7\u00e3o e gest\u00e3o. A Comau \u00e9 uma empresa de refer\u00eancia para solu\u00e7\u00f5es de automa\u00e7\u00e3o e controle.","robots":{"index":"index","follow":"follow","max-snippet":"max-snippet:-1","max-image-preview":"max-image-preview:large","max-video-preview":"max-video-preview:-1"},"canonical":"https:\/\/www.comau.com\/pt-br\/competencies\/","og_locale":"pt_BR","og_type":"article","og_title":"Linha de montagem: desenho e gest\u00e3o | Comau","og_description":"Descubra aqui tudo sobre linha de montagem: desenho, concep\u00e7\u00e3o e gest\u00e3o. A Comau \u00e9 uma empresa de refer\u00eancia para solu\u00e7\u00f5es de automa\u00e7\u00e3o e controle.","og_url":"https:\/\/www.comau.com\/pt-br\/competencies\/","og_site_name":"Comau","article_publisher":"https:\/\/www.facebook.com\/COMAU\/","article_modified_time":"2022-02-08T09:29:58+00:00","og_image":[{"width":1425,"height":450,"url":"https:\/\/www.comau.com\/wp-content\/uploads\/2021\/07\/Our-Competencies.jpg","type":"image\/jpeg"}],"twitter_card":"summary_large_image","twitter_site":"@comaugroup","twitter_misc":{"Est. tempo de leitura":"3 minutos"},"schema":{"@context":"https:\/\/schema.org","@graph":[{"@type":"WebPage","@id":"https:\/\/www.comau.com\/pt-br\/competencies\/","url":"https:\/\/www.comau.com\/pt-br\/competencies\/","name":"Linha de montagem: desenho e gest\u00e3o | Comau","isPartOf":{"@id":"https:\/\/www.comau.com\/pt-br\/#website"},"primaryImageOfPage":{"@id":"https:\/\/www.comau.com\/pt-br\/competencies\/#primaryimage"},"image":{"@id":"https:\/\/www.comau.com\/pt-br\/competencies\/#primaryimage"},"thumbnailUrl":"https:\/\/www.comau.com\/wp-content\/uploads\/2021\/07\/Our-Competencies.jpg","datePublished":"2021-05-30T22:02:55+00:00","dateModified":"2022-02-08T09:29:58+00:00","description":"Descubra aqui tudo sobre linha de montagem: desenho, concep\u00e7\u00e3o e gest\u00e3o. A Comau \u00e9 uma empresa de refer\u00eancia para solu\u00e7\u00f5es de automa\u00e7\u00e3o e controle.","breadcrumb":{"@id":"https:\/\/www.comau.com\/pt-br\/competencies\/#breadcrumb"},"inLanguage":"pt-BR","potentialAction":[{"@type":"ReadAction","target":["https:\/\/www.comau.com\/pt-br\/competencies\/"]}]},{"@type":"ImageObject","inLanguage":"pt-BR","@id":"https:\/\/www.comau.com\/pt-br\/competencies\/#primaryimage","url":"https:\/\/www.comau.com\/wp-content\/uploads\/2021\/07\/Our-Competencies.jpg","contentUrl":"https:\/\/www.comau.com\/wp-content\/uploads\/2021\/07\/Our-Competencies.jpg","width":1425,"height":450},{"@type":"BreadcrumbList","@id":"https:\/\/www.comau.com\/pt-br\/competencies\/#breadcrumb","itemListElement":[{"@type":"ListItem","position":1,"name":"Home","item":"https:\/\/www.comau.com\/pt-br\/"},{"@type":"ListItem","position":2,"name":"Nossas Compet\u00eancias"}]},{"@type":"WebSite","@id":"https:\/\/www.comau.com\/pt-br\/#website","url":"https:\/\/www.comau.com\/pt-br\/","name":"Comau","description":"Industrial automation and robotics","publisher":{"@id":"https:\/\/www.comau.com\/pt-br\/#organization"},"potentialAction":[{"@type":"SearchAction","target":{"@type":"EntryPoint","urlTemplate":"https:\/\/www.comau.com\/pt-br\/?s={search_term_string}"},"query-input":{"@type":"PropertyValueSpecification","valueRequired":true,"valueName":"search_term_string"}}],"inLanguage":"pt-BR"},{"@type":"Organization","@id":"https:\/\/www.comau.com\/pt-br\/#organization","name":"Comau","url":"https:\/\/www.comau.com\/pt-br\/","logo":{"@type":"ImageObject","inLanguage":"pt-BR","@id":"https:\/\/www.comau.com\/pt-br\/#\/schema\/logo\/image\/","url":"https:\/\/www.comau.com\/wp-content\/uploads\/2024\/07\/cropped-Logo-COMAU.png","contentUrl":"https:\/\/www.comau.com\/wp-content\/uploads\/2024\/07\/cropped-Logo-COMAU.png","width":434,"height":434,"caption":"Comau"},"image":{"@id":"https:\/\/www.comau.com\/pt-br\/#\/schema\/logo\/image\/"},"sameAs":["https:\/\/www.facebook.com\/COMAU\/","https:\/\/x.com\/comaugroup","https:\/\/www.instagram.com\/comaugroup\/","https:\/\/www.linkedin.com\/company\/comau","https:\/\/www.youtube.com\/user\/comau"]}]}},"_links":{"self":[{"href":"https:\/\/www.comau.com\/pt-br\/wp-json\/wp\/v2\/pages\/4801","targetHints":{"allow":["GET"]}}],"collection":[{"href":"https:\/\/www.comau.com\/pt-br\/wp-json\/wp\/v2\/pages"}],"about":[{"href":"https:\/\/www.comau.com\/pt-br\/wp-json\/wp\/v2\/types\/page"}],"author":[{"embeddable":true,"href":"https:\/\/www.comau.com\/pt-br\/wp-json\/wp\/v2\/users\/11"}],"replies":[{"embeddable":true,"href":"https:\/\/www.comau.com\/pt-br\/wp-json\/wp\/v2\/comments?post=4801"}],"version-history":[{"count":19,"href":"https:\/\/www.comau.com\/pt-br\/wp-json\/wp\/v2\/pages\/4801\/revisions"}],"predecessor-version":[{"id":42155,"href":"https:\/\/www.comau.com\/pt-br\/wp-json\/wp\/v2\/pages\/4801\/revisions\/42155"}],"wp:featuredmedia":[{"embeddable":true,"href":"https:\/\/www.comau.com\/pt-br\/wp-json\/wp\/v2\/media\/33160"}],"wp:attachment":[{"href":"https:\/\/www.comau.com\/pt-br\/wp-json\/wp\/v2\/media?parent=4801"}],"curies":[{"name":"wp","href":"https:\/\/api.w.org\/{rel}","templated":true}]}}