{"id":47370,"date":"2022-09-08T17:29:29","date_gmt":"2022-09-08T15:29:29","guid":{"rendered":"https:\/\/www.comau.com\/?page_id=47370"},"modified":"2022-09-29T17:16:25","modified_gmt":"2022-09-29T15:16:25","slug":"zero-design-cells","status":"publish","type":"page","link":"https:\/\/www.comau.com\/pt-br\/competencies\/products-solutions\/zero-design-cells\/","title":{"rendered":"Zero Design Cells"},"content":{"rendered":"\n<h2 class=\"wp-block-heading\"><strong>Configura\u00e7\u00f5es r\u00e1pidas com zero horas de engenharia<\/strong><\/h2>\n\n\n\n<p>O conceito de fabrica\u00e7\u00e3o Zero Design, da Comau, permite que empresas de todos os tamanhos consigam utilizar c\u00e9lulas robotizadas com configura\u00e7\u00f5es padronizadas predefinidas para simplificar a automa\u00e7\u00e3o sem sacrificar precis\u00e3o ou desempenho. A estrutura da c\u00e9lula robotizada da Comau traz a flexibilidade necess\u00e1ria para a reutiliza\u00e7\u00e3o e readapta\u00e7\u00e3o de seus componentes quando os requisitos de produ\u00e7\u00e3o mudam, o que pode ser t\u00e3o simples como a troca de um equipamento auxiliar.<\/p>\n\n\n\n<h2 class=\"wp-block-heading\"><strong>Flexibilidade que protege o investimento<\/strong><\/h2>\n\n\n\n<p>Cada c\u00e9lula padr\u00e3o com rob\u00f4s representa uma entre diversas configura\u00e7\u00f5es diferentes. As aplica\u00e7\u00f5es, manipuladores (<em>grippers<\/em>) e acess\u00f3rios s\u00e3o f\u00e1ceis de instalar e permitem realizar diversas opera\u00e7\u00f5es industriais com a mesma unidade de c\u00e9lula. Al\u00e9m disso, a produ\u00e7\u00e3o pode ser aumentada ou diminu\u00edda sem exigir mudan\u00e7as estruturais custosas. E como as c\u00e9lulas s\u00e3o extremamente vers\u00e1teis, voc\u00ea pode personalizar sua instala\u00e7\u00e3o e, ao mesmo tempo, garantir uma escalabilidade no futuro.<\/p>\n\n\n\n<div class=\"wp-block-columns columns-bg-dark is-layout-flex wp-container-core-columns-is-layout-9d6595d7 wp-block-columns-is-layout-flex\">\n<div class=\"wp-block-column is-layout-flow wp-block-column-is-layout-flow\">\n<h3 class=\"wp-block-heading\" id=\"innovations-in-body-assembly\"><strong>Automa\u00e7\u00e3o de alto n\u00edvel<\/strong><\/h3>\n\n\n\n<p>Gra\u00e7as \u00e0 sua experi\u00eancia em automa\u00e7\u00e3o, digitaliza\u00e7\u00e3o e eletrifica\u00e7\u00e3o, a Comau entrega o que h\u00e1 de mais atual e tecnol\u00f3gico em c\u00e9lulas robotizadas, totalmente testadas, validadas e funcionais antes de serem enviadas \u00e0 planta do cliente.<\/p>\n<\/div>\n\n\n\n<div class=\"wp-block-column is-layout-flow wp-block-column-is-layout-flow\">\n<h3 class=\"wp-block-heading\" id=\"our-solutions-meet-customer-needs\"><strong>Prazos de entrega mais r\u00e1pidos<\/strong><\/h3>\n\n\n\n<p>Com c\u00e9lulas Zero Design \u00e9 poss\u00edvel responder mais rapidamente \u00e0s mudan\u00e7as nas demandas dos clientes, sem longos per\u00edodos de design de engenharia, o que pode reduzir de maneira significativa o tempo e os custos de desenvolvimento de novas aplica\u00e7\u00f5es.<\/p>\n<\/div>\n\n\n\n<div class=\"wp-block-column is-layout-flow wp-block-column-is-layout-flow\">\n<h3 class=\"wp-block-heading\" id=\"powerful-assembly-and-transport-systems\"><strong>An\u00e1lise e Controle em tempo real<\/strong><\/h3>\n\n\n\n<p>Do desempenho em tempo real e a an\u00e1lise do status \u00e0 rastreabilidade autom\u00e1tica e qualidade das pe\u00e7as, a digitaliza\u00e7\u00e3o completa da c\u00e9lula permite controlar os par\u00e2metros e corrigir imediatamente as varia\u00e7\u00f5es de processo ou material, em tempo real.<\/p>\n<\/div>\n<\/div>\n\n\n\n<h2 class=\"wp-block-heading\" id=\"our-solutions\"><strong>Principais benef\u00edcios das c\u00e9lulas Zero Design da Comau<\/strong><\/h2>\n\n\n\n<div class=\"wp-block-getwid-icon-box has-icon-left has-text-center\"><div class=\"wp-block-getwid-icon-box__icon-container is-position-top\"><div class=\"wp-block-getwid-icon-box__icon-wrapper\"><i class=\"fas fa-plug\"><\/i><\/div><\/div><div class=\"wp-block-getwid-icon-box__content\">\n<h3 class=\"has-text-align-left wp-block-heading\">Configura\u00e7\u00f5es padronizadas oferecem uma solu\u00e7\u00e3o \u2018Plug &amp; Play\u2019<\/h3>\n<\/div><\/div>\n\n\n\n<div class=\"wp-block-getwid-icon-box has-icon-left has-text-center\"><div class=\"wp-block-getwid-icon-box__icon-container is-position-top\"><div class=\"wp-block-getwid-icon-box__icon-wrapper\"><i class=\"far fa-clock\"><\/i><\/div><\/div><div class=\"wp-block-getwid-icon-box__content\">\n<h3 class=\"has-text-align-left wp-block-heading\">Instala\u00e7\u00e3o e comissionamento r\u00e1pidos no local, oferecem redu\u00e7\u00e3o de tempo de at\u00e9 70%<\/h3>\n<\/div><\/div>\n\n\n\n<div class=\"wp-block-getwid-icon-box has-icon-left has-text-center\"><div class=\"wp-block-getwid-icon-box__icon-container is-position-top\"><div class=\"wp-block-getwid-icon-box__icon-wrapper\"><i class=\"fas fa-search-dollar\"><\/i><\/div><\/div><div class=\"wp-block-getwid-icon-box__content\">\n<h3 class=\"has-text-align-left wp-block-heading\">Facilidade de uso, sem necessidade de horas de treinamento avan\u00e7ado, reduzindo o TCO \u2013 Custo Total de Propriedade<\/h3>\n<\/div><\/div>\n\n\n\n<div class=\"wp-block-getwid-icon-box has-icon-left has-text-center\"><div class=\"wp-block-getwid-icon-box__icon-container is-position-top\"><div class=\"wp-block-getwid-icon-box__icon-wrapper\"><i class=\"fas fa-certificate\"><\/i><\/div><\/div><div class=\"wp-block-getwid-icon-box__content\">\n<h3 class=\"has-text-align-left wp-block-heading\">Produtos e processos validados garantem a repetibilidade e a confiabilidade das pe\u00e7as \u2013 certifica\u00e7\u00f5es CE e UL<\/h3>\n<\/div><\/div>\n\n\n\n<div class=\"wp-block-getwid-icon-box has-icon-left has-text-center\"><div class=\"wp-block-getwid-icon-box__icon-container is-position-top\"><div class=\"wp-block-getwid-icon-box__icon-wrapper\"><i class=\"fas fa-external-link-alt\"><\/i><\/div><\/div><div class=\"wp-block-getwid-icon-box__content\">\n<h3 class=\"has-text-align-left wp-block-heading\">Implementa\u00e7\u00e3o e investimento escal\u00e1veis permitem uma abordagem modular eficiente em termos de custo para projetos futuros<\/h3>\n<\/div><\/div>\n\n\n\n<div class=\"wp-block-getwid-icon-box has-icon-left has-text-center\"><div class=\"wp-block-getwid-icon-box__icon-container is-position-top\"><div class=\"wp-block-getwid-icon-box__icon-wrapper\"><i class=\"fas fa-sort-amount-up\"><\/i><\/div><\/div><div class=\"wp-block-getwid-icon-box__content\">\n<h3 class=\"has-text-align-left wp-block-heading\">Maximizar a produ\u00e7\u00e3o de maneira r\u00e1pida e mais eficiente em termos de custo<\/h3>\n<\/div><\/div>\n\n\n\n<div class=\"wp-block-getwid-icon-box has-icon-left has-text-center\"><div class=\"wp-block-getwid-icon-box__icon-container is-position-top\"><div class=\"wp-block-getwid-icon-box__icon-wrapper\"><i class=\"fab fa-whmcs\"><\/i><\/div><\/div><div class=\"wp-block-getwid-icon-box__content\">\n<h3 class=\"has-text-align-left wp-block-heading\">M\u00f3dulos digitais permitem visibilidade ampliada das opera\u00e7\u00f5es da c\u00e9lula<\/h3>\n\n\n\n<p><\/p>\n<\/div><\/div>\n\n\n\n<hr class=\"wp-block-separator has-alpha-channel-opacity\" \/>\n\n\n\n<p><\/p>\n\n\n\n<div class=\"wp-block-columns is-layout-flex wp-container-core-columns-is-layout-9d6595d7 wp-block-columns-is-layout-flex\">\n<div class=\"wp-block-column is-layout-flow wp-block-column-is-layout-flow\">\n<h2 class=\"wp-block-heading\">eBook<\/h2>\n\n\n\n<h3 class=\"wp-block-heading\"><strong><strong><strong><strong><strong>Otimiza\u00e7\u00e3o da Produ\u00e7\u00e3o com C\u00e9lulas Zero Design<\/strong><\/strong><\/strong><\/strong><\/strong><\/h3>\n\n\n\n<h3 class=\"wp-block-heading\" id=\"block-d5fef270-5747-4bcf-9e83-be00d92d5b42\">Porque automatizar com c\u00e9lulas de montagem modulares e padronizadas<\/h3>\n\n\n\n<div class=\"wp-block-buttons is-layout-flex wp-block-buttons-is-layout-flex\">\n<div class=\"wp-block-button\"><a class=\"wp-block-button__link\" href=\"https:\/\/group.comau.com\/pt_br\/content\/ebook\/standardcell?utm_source=COMAU Website\" target=\"_blank\" rel=\"noreferrer noopener\"><strong>Acesse o eBook Agora<\/strong><\/a><\/div>\n<\/div>\n<\/div>\n\n\n\n<div class=\"wp-block-column is-layout-flow wp-block-column-is-layout-flow\">\n<figure class=\"wp-block-image size-full\"><img decoding=\"async\" width=\"350\" height=\"219\" src=\"https:\/\/www.comau.com\/wp-content\/uploads\/2022\/09\/Cella.jpg\" alt=\"\" class=\"wp-image-47541\" srcset=\"https:\/\/www.comau.com\/wp-content\/uploads\/2022\/09\/Cella.jpg 350w, https:\/\/www.comau.com\/wp-content\/uploads\/2022\/09\/Cella-300x188.jpg 300w\" sizes=\"(max-width: 350px) 100vw, 350px\" \/><\/figure>\n<\/div>\n<\/div>\n","protected":false},"excerpt":{"rendered":"<p>Configura\u00e7\u00f5es r\u00e1pidas com zero horas de engenharia O conceito de fabrica\u00e7\u00e3o Zero Design, da Comau, permite que empresas de todos os tamanhos consigam utilizar c\u00e9lulas robotizadas com configura\u00e7\u00f5es padronizadas predefinidas para simplificar a automa\u00e7\u00e3o sem sacrificar precis\u00e3o ou desempenho. A estrutura da c\u00e9lula robotizada da Comau traz a flexibilidade necess\u00e1ria para a reutiliza\u00e7\u00e3o e readapta\u00e7\u00e3o [&hellip;]<\/p>\n","protected":false},"author":7,"featured_media":48250,"parent":65274,"menu_order":1,"comment_status":"closed","ping_status":"closed","template":"","meta":{"_acf_changed":false,"ep_exclude_from_search":false,"footnotes":""},"class_list":["post-47370","page","type-page","status-publish","has-post-thumbnail","hentry"],"acf":[],"yoast_head":"<!-- This site is optimized with the Yoast SEO plugin v26.9 - https:\/\/yoast.com\/product\/yoast-seo-wordpress\/ -->\n<title>Zero Design Cells | Comau<\/title>\n<meta name=\"description\" content=\"A abordagem de fabrica\u00e7\u00e3o Zero Design da Comau permite a empresas de todos os tamanhos desenvolver c\u00e9lulas pr\u00e9-concebidas padronizadas para simplificar a automatiza\u00e7\u00e3o sem sacrificar a precis\u00e3o ou o desempenho.\" \/>\n<meta name=\"robots\" content=\"index, follow, max-snippet:-1, max-image-preview:large, max-video-preview:-1\" \/>\n<link rel=\"canonical\" href=\"https:\/\/www.comau.com\/pt-br\/competencies\/products-solutions\/zero-design-cells\/\" \/>\n<meta property=\"og:locale\" content=\"pt_BR\" \/>\n<meta property=\"og:type\" content=\"article\" \/>\n<meta property=\"og:title\" content=\"Zero Design Cells | Comau\" \/>\n<meta property=\"og:description\" content=\"A abordagem de fabrica\u00e7\u00e3o Zero Design da Comau permite a empresas de todos os tamanhos desenvolver c\u00e9lulas pr\u00e9-concebidas padronizadas para simplificar a automatiza\u00e7\u00e3o sem sacrificar a precis\u00e3o ou o desempenho.\" \/>\n<meta property=\"og:url\" content=\"https:\/\/www.comau.com\/pt-br\/competencies\/products-solutions\/zero-design-cells\/\" \/>\n<meta property=\"og:site_name\" content=\"Comau\" \/>\n<meta property=\"article:publisher\" content=\"https:\/\/www.facebook.com\/COMAU\/\" \/>\n<meta property=\"article:modified_time\" content=\"2022-09-29T15:16:25+00:00\" \/>\n<meta property=\"og:image\" content=\"https:\/\/www.comau.com\/wp-content\/uploads\/2022\/09\/hero-landing-1.jpg\" \/>\n\t<meta property=\"og:image:width\" content=\"1450\" \/>\n\t<meta property=\"og:image:height\" content=\"450\" \/>\n\t<meta property=\"og:image:type\" content=\"image\/jpeg\" \/>\n<meta name=\"twitter:card\" content=\"summary_large_image\" \/>\n<meta name=\"twitter:site\" content=\"@comaugroup\" \/>\n<meta name=\"twitter:label1\" content=\"Est. tempo de leitura\" \/>\n\t<meta name=\"twitter:data1\" content=\"3 minutos\" \/>\n<script type=\"application\/ld+json\" class=\"yoast-schema-graph\">{\"@context\":\"https:\/\/schema.org\",\"@graph\":[{\"@type\":\"WebPage\",\"@id\":\"https:\/\/www.comau.com\/pt-br\/competencies\/products-solutions\/zero-design-cells\/\",\"url\":\"https:\/\/www.comau.com\/pt-br\/competencies\/products-solutions\/zero-design-cells\/\",\"name\":\"Zero Design Cells | Comau\",\"isPartOf\":{\"@id\":\"https:\/\/www.comau.com\/pt-br\/#website\"},\"primaryImageOfPage\":{\"@id\":\"https:\/\/www.comau.com\/pt-br\/competencies\/products-solutions\/zero-design-cells\/#primaryimage\"},\"image\":{\"@id\":\"https:\/\/www.comau.com\/pt-br\/competencies\/products-solutions\/zero-design-cells\/#primaryimage\"},\"thumbnailUrl\":\"https:\/\/www.comau.com\/wp-content\/uploads\/2022\/10\/Comau_ZeroDesignCell_Header.jpg\",\"datePublished\":\"2022-09-08T15:29:29+00:00\",\"dateModified\":\"2022-09-29T15:16:25+00:00\",\"description\":\"A abordagem de fabrica\u00e7\u00e3o Zero Design da Comau permite a empresas de todos os tamanhos desenvolver c\u00e9lulas pr\u00e9-concebidas padronizadas para simplificar a automatiza\u00e7\u00e3o sem sacrificar a precis\u00e3o ou o desempenho.\",\"breadcrumb\":{\"@id\":\"https:\/\/www.comau.com\/pt-br\/competencies\/products-solutions\/zero-design-cells\/#breadcrumb\"},\"inLanguage\":\"pt-BR\",\"potentialAction\":[{\"@type\":\"ReadAction\",\"target\":[\"https:\/\/www.comau.com\/pt-br\/competencies\/products-solutions\/zero-design-cells\/\"]}]},{\"@type\":\"ImageObject\",\"inLanguage\":\"pt-BR\",\"@id\":\"https:\/\/www.comau.com\/pt-br\/competencies\/products-solutions\/zero-design-cells\/#primaryimage\",\"url\":\"https:\/\/www.comau.com\/wp-content\/uploads\/2022\/10\/Comau_ZeroDesignCell_Header.jpg\",\"contentUrl\":\"https:\/\/www.comau.com\/wp-content\/uploads\/2022\/10\/Comau_ZeroDesignCell_Header.jpg\",\"width\":1450,\"height\":450,\"caption\":\"Comau Zero Design Cells\"},{\"@type\":\"BreadcrumbList\",\"@id\":\"https:\/\/www.comau.com\/pt-br\/competencies\/products-solutions\/zero-design-cells\/#breadcrumb\",\"itemListElement\":[{\"@type\":\"ListItem\",\"position\":1,\"name\":\"Home\",\"item\":\"https:\/\/www.comau.com\/pt-br\/\"},{\"@type\":\"ListItem\",\"position\":2,\"name\":\"Nossas Compet\u00eancias\",\"item\":\"https:\/\/www.comau.com\/pt-br\/competencies\/\"},{\"@type\":\"ListItem\",\"position\":3,\"name\":\"Robotics &amp; Automation\",\"item\":\"https:\/\/www.comau.com\/pt-br\/competencies\/robotics-automation\/\"},{\"@type\":\"ListItem\",\"position\":4,\"name\":\"Zero Design Cells\"}]},{\"@type\":\"WebSite\",\"@id\":\"https:\/\/www.comau.com\/pt-br\/#website\",\"url\":\"https:\/\/www.comau.com\/pt-br\/\",\"name\":\"Comau\",\"description\":\"Industrial automation and robotics\",\"publisher\":{\"@id\":\"https:\/\/www.comau.com\/pt-br\/#organization\"},\"potentialAction\":[{\"@type\":\"SearchAction\",\"target\":{\"@type\":\"EntryPoint\",\"urlTemplate\":\"https:\/\/www.comau.com\/pt-br\/?s={search_term_string}\"},\"query-input\":{\"@type\":\"PropertyValueSpecification\",\"valueRequired\":true,\"valueName\":\"search_term_string\"}}],\"inLanguage\":\"pt-BR\"},{\"@type\":\"Organization\",\"@id\":\"https:\/\/www.comau.com\/pt-br\/#organization\",\"name\":\"Comau\",\"url\":\"https:\/\/www.comau.com\/pt-br\/\",\"logo\":{\"@type\":\"ImageObject\",\"inLanguage\":\"pt-BR\",\"@id\":\"https:\/\/www.comau.com\/pt-br\/#\/schema\/logo\/image\/\",\"url\":\"https:\/\/www.comau.com\/wp-content\/uploads\/2024\/07\/cropped-Logo-COMAU.png\",\"contentUrl\":\"https:\/\/www.comau.com\/wp-content\/uploads\/2024\/07\/cropped-Logo-COMAU.png\",\"width\":434,\"height\":434,\"caption\":\"Comau\"},\"image\":{\"@id\":\"https:\/\/www.comau.com\/pt-br\/#\/schema\/logo\/image\/\"},\"sameAs\":[\"https:\/\/www.facebook.com\/COMAU\/\",\"https:\/\/x.com\/comaugroup\",\"https:\/\/www.instagram.com\/comaugroup\/\",\"https:\/\/www.linkedin.com\/company\/comau\",\"https:\/\/www.youtube.com\/user\/comau\"]}]}<\/script>\n<!-- \/ Yoast SEO plugin. -->","yoast_head_json":{"title":"Zero Design Cells | Comau","description":"A abordagem de fabrica\u00e7\u00e3o Zero Design da Comau permite a empresas de todos os tamanhos desenvolver c\u00e9lulas pr\u00e9-concebidas padronizadas para simplificar a automatiza\u00e7\u00e3o sem sacrificar a precis\u00e3o ou o desempenho.","robots":{"index":"index","follow":"follow","max-snippet":"max-snippet:-1","max-image-preview":"max-image-preview:large","max-video-preview":"max-video-preview:-1"},"canonical":"https:\/\/www.comau.com\/pt-br\/competencies\/products-solutions\/zero-design-cells\/","og_locale":"pt_BR","og_type":"article","og_title":"Zero Design Cells | Comau","og_description":"A abordagem de fabrica\u00e7\u00e3o Zero Design da Comau permite a empresas de todos os tamanhos desenvolver c\u00e9lulas pr\u00e9-concebidas padronizadas para simplificar a automatiza\u00e7\u00e3o sem sacrificar a precis\u00e3o ou o desempenho.","og_url":"https:\/\/www.comau.com\/pt-br\/competencies\/products-solutions\/zero-design-cells\/","og_site_name":"Comau","article_publisher":"https:\/\/www.facebook.com\/COMAU\/","article_modified_time":"2022-09-29T15:16:25+00:00","og_image":[{"width":1450,"height":450,"url":"https:\/\/www.comau.com\/wp-content\/uploads\/2022\/09\/hero-landing-1.jpg","type":"image\/jpeg"}],"twitter_card":"summary_large_image","twitter_site":"@comaugroup","twitter_misc":{"Est. tempo de leitura":"3 minutos"},"schema":{"@context":"https:\/\/schema.org","@graph":[{"@type":"WebPage","@id":"https:\/\/www.comau.com\/pt-br\/competencies\/products-solutions\/zero-design-cells\/","url":"https:\/\/www.comau.com\/pt-br\/competencies\/products-solutions\/zero-design-cells\/","name":"Zero Design Cells | Comau","isPartOf":{"@id":"https:\/\/www.comau.com\/pt-br\/#website"},"primaryImageOfPage":{"@id":"https:\/\/www.comau.com\/pt-br\/competencies\/products-solutions\/zero-design-cells\/#primaryimage"},"image":{"@id":"https:\/\/www.comau.com\/pt-br\/competencies\/products-solutions\/zero-design-cells\/#primaryimage"},"thumbnailUrl":"https:\/\/www.comau.com\/wp-content\/uploads\/2022\/10\/Comau_ZeroDesignCell_Header.jpg","datePublished":"2022-09-08T15:29:29+00:00","dateModified":"2022-09-29T15:16:25+00:00","description":"A abordagem de fabrica\u00e7\u00e3o Zero Design da Comau permite a empresas de todos os tamanhos desenvolver c\u00e9lulas pr\u00e9-concebidas padronizadas para simplificar a automatiza\u00e7\u00e3o sem sacrificar a precis\u00e3o ou o desempenho.","breadcrumb":{"@id":"https:\/\/www.comau.com\/pt-br\/competencies\/products-solutions\/zero-design-cells\/#breadcrumb"},"inLanguage":"pt-BR","potentialAction":[{"@type":"ReadAction","target":["https:\/\/www.comau.com\/pt-br\/competencies\/products-solutions\/zero-design-cells\/"]}]},{"@type":"ImageObject","inLanguage":"pt-BR","@id":"https:\/\/www.comau.com\/pt-br\/competencies\/products-solutions\/zero-design-cells\/#primaryimage","url":"https:\/\/www.comau.com\/wp-content\/uploads\/2022\/10\/Comau_ZeroDesignCell_Header.jpg","contentUrl":"https:\/\/www.comau.com\/wp-content\/uploads\/2022\/10\/Comau_ZeroDesignCell_Header.jpg","width":1450,"height":450,"caption":"Comau Zero Design Cells"},{"@type":"BreadcrumbList","@id":"https:\/\/www.comau.com\/pt-br\/competencies\/products-solutions\/zero-design-cells\/#breadcrumb","itemListElement":[{"@type":"ListItem","position":1,"name":"Home","item":"https:\/\/www.comau.com\/pt-br\/"},{"@type":"ListItem","position":2,"name":"Nossas Compet\u00eancias","item":"https:\/\/www.comau.com\/pt-br\/competencies\/"},{"@type":"ListItem","position":3,"name":"Robotics &amp; Automation","item":"https:\/\/www.comau.com\/pt-br\/competencies\/robotics-automation\/"},{"@type":"ListItem","position":4,"name":"Zero Design Cells"}]},{"@type":"WebSite","@id":"https:\/\/www.comau.com\/pt-br\/#website","url":"https:\/\/www.comau.com\/pt-br\/","name":"Comau","description":"Industrial automation and robotics","publisher":{"@id":"https:\/\/www.comau.com\/pt-br\/#organization"},"potentialAction":[{"@type":"SearchAction","target":{"@type":"EntryPoint","urlTemplate":"https:\/\/www.comau.com\/pt-br\/?s={search_term_string}"},"query-input":{"@type":"PropertyValueSpecification","valueRequired":true,"valueName":"search_term_string"}}],"inLanguage":"pt-BR"},{"@type":"Organization","@id":"https:\/\/www.comau.com\/pt-br\/#organization","name":"Comau","url":"https:\/\/www.comau.com\/pt-br\/","logo":{"@type":"ImageObject","inLanguage":"pt-BR","@id":"https:\/\/www.comau.com\/pt-br\/#\/schema\/logo\/image\/","url":"https:\/\/www.comau.com\/wp-content\/uploads\/2024\/07\/cropped-Logo-COMAU.png","contentUrl":"https:\/\/www.comau.com\/wp-content\/uploads\/2024\/07\/cropped-Logo-COMAU.png","width":434,"height":434,"caption":"Comau"},"image":{"@id":"https:\/\/www.comau.com\/pt-br\/#\/schema\/logo\/image\/"},"sameAs":["https:\/\/www.facebook.com\/COMAU\/","https:\/\/x.com\/comaugroup","https:\/\/www.instagram.com\/comaugroup\/","https:\/\/www.linkedin.com\/company\/comau","https:\/\/www.youtube.com\/user\/comau"]}]}},"_links":{"self":[{"href":"https:\/\/www.comau.com\/pt-br\/wp-json\/wp\/v2\/pages\/47370","targetHints":{"allow":["GET"]}}],"collection":[{"href":"https:\/\/www.comau.com\/pt-br\/wp-json\/wp\/v2\/pages"}],"about":[{"href":"https:\/\/www.comau.com\/pt-br\/wp-json\/wp\/v2\/types\/page"}],"author":[{"embeddable":true,"href":"https:\/\/www.comau.com\/pt-br\/wp-json\/wp\/v2\/users\/7"}],"replies":[{"embeddable":true,"href":"https:\/\/www.comau.com\/pt-br\/wp-json\/wp\/v2\/comments?post=47370"}],"version-history":[{"count":19,"href":"https:\/\/www.comau.com\/pt-br\/wp-json\/wp\/v2\/pages\/47370\/revisions"}],"predecessor-version":[{"id":47864,"href":"https:\/\/www.comau.com\/pt-br\/wp-json\/wp\/v2\/pages\/47370\/revisions\/47864"}],"up":[{"embeddable":true,"href":"https:\/\/www.comau.com\/pt-br\/wp-json\/wp\/v2\/pages\/65274"}],"wp:featuredmedia":[{"embeddable":true,"href":"https:\/\/www.comau.com\/pt-br\/wp-json\/wp\/v2\/media\/48250"}],"wp:attachment":[{"href":"https:\/\/www.comau.com\/pt-br\/wp-json\/wp\/v2\/media?parent=47370"}],"curies":[{"name":"wp","href":"https:\/\/api.w.org\/{rel}","templated":true}]}}