{"id":46732,"date":"2022-08-04T09:00:00","date_gmt":"2022-08-04T07:00:00","guid":{"rendered":"https:\/\/www.comau.com\/?page_id=46732"},"modified":"2022-08-04T11:06:04","modified_gmt":"2022-08-04T09:06:04","slug":"monitoramento-em-tempo-real-da-eficiencia-na-fabricacao-de-baterias-para-carros-esportivos-de-alta-performance","status":"publish","type":"page","link":"https:\/\/www.comau.com\/pt-br\/about-us\/success-stories\/monitoramento-em-tempo-real-da-eficiencia-na-fabricacao-de-baterias-para-carros-esportivos-de-alta-performance\/","title":{"rendered":"Monitoramento em tempo real da efici\u00eancia na fabrica\u00e7\u00e3o de baterias para carros esportivos de alta performance"},"content":{"rendered":"\n<p>Quando um dos fabricantes de autom\u00f3veis mais exclusivos do mundo decidiu criar uma vers\u00e3o el\u00e9trica do seu modelo esportivo, a equipe de engenharia sabia que precisaria de baterias el\u00e9tricas de alto desempenho, capazes de igualar a pot\u00eancia, velocidade e performance dos modelos tradicionais. Na busca por um fornecedor de tecnologia de alto n\u00edvel para a concep\u00e7\u00e3o e o desenvolvimento das linhas de fabrica\u00e7\u00e3o de baterias, a Comau foi a empresa designada para criar um sistema de controle da qualidade n\u00e3o invasivo. A solu\u00e7\u00e3o inovadora da Comau combinaria imagens t\u00e9rmicas e intelig\u00eancia artificial para testar automaticamente as propriedades el\u00e9tricas e mec\u00e2nicas durante o processo de montagem dos m\u00f3dulos, ajudando a verificar a integridade da bateria de alta tens\u00e3o e, ao mesmo tempo, minimizando perdas.<\/p>\n\n\n\n<p><\/p>\n\n\n\n<div class=\"wp-block-group wide-section-light-1 py-5 my-5\"><div class=\"wp-block-group__inner-container is-layout-flow wp-block-group-is-layout-flow\">\n<blockquote class=\"wp-block-quote has-text-align-left success-story-quote is-layout-flow wp-block-quote-is-layout-flow\"><p><em><em>\u201c<\/em><\/em>A Comau forneceu uma solu\u00e7\u00e3o inovadora, que correspondia \u00e0s caracter\u00edsticas exclusivas da bateria de alta performance do nosso cliente, al\u00e9m de garantir uma redu\u00e7\u00e3o significativa das perdas de material,\u201d explica Giovanni Di Stefano, Chefe de Tecnologias de Inova\u00e7\u00e3o e Processos. \u201cAl\u00e9m disso, o sistema concebido pela Comau permite a nossos Clientes conseguir finalmente medir KPIs de qualidade e determinar quantas baterias poderiam ser retrabalhadas no caso de uma eventual n\u00e3o conformidade em um dos m\u00f3dulos.&#8221;<\/p><cite><strong>Giovanni Di Stefano, Head of Innovation and Process Technologies<\/strong><\/cite><\/blockquote>\n\n\n\n<p><\/p>\n<\/div><\/div>\n\n\n\n<div class=\"wp-block-columns is-layout-flex wp-container-core-columns-is-layout-9d6595d7 wp-block-columns-is-layout-flex\">\n<div class=\"wp-block-column is-layout-flow wp-block-column-is-layout-flow\">\n<h2 class=\"h3 wp-block-heading\" id=\"the-challenge\">Desafio<\/h2>\n\n\n\n<p>A Comau foi desafiada a conceber uma solu\u00e7\u00e3o tecnol\u00f3gica que pudesse ser facilmente integrada em um processo semi-autom\u00e1tico de fabrica\u00e7\u00e3o de baterias, sem impacto sobre tempos de ciclo ou layout da f\u00e1brica. Ao contr\u00e1rio dos m\u00e9todos tradicionais de teste de baterias em final de linha, onde cada bateria \u00e9 submetida a uma s\u00e9rie de ciclos de carga e descarga, esta solu\u00e7\u00e3o foi projetada para realizar a verifica\u00e7\u00e3o da qualidade da bateria no n\u00edvel do m\u00f3dulo, antes de fech\u00e1-las e sold\u00e1-las por completo. Com cada bateria compreendendo 13 m\u00f3dulos de alta performance, o sistema precisaria verificar a bateria ao n\u00edvel do m\u00f3dulo e, em caso de falha, identificar precisamente o(s) m\u00f3dulo(s) n\u00e3o conforme(s) em rela\u00e7\u00e3o \u00e0s toler\u00e2ncias especificadas pelo cliente.<\/p>\n<\/div>\n\n\n\n<div class=\"wp-block-column is-layout-flow wp-block-column-is-layout-flow\">\n<h2 class=\"h3 wp-block-heading\" id=\"the-solution\">Solu\u00e7\u00e3o<\/h2>\n\n\n\n<p>Antes de tudo, os engenheiros da Comau verificaram a quantidade de c\u00e9lulas em cada um dos 13 m\u00f3dulos da bateria. Estas c\u00e9lulas s\u00e3o reunidas estruturalmente e eletricamente conectadas por juntas soldadas. E a eventual m\u00e1 qualidade foi logo identificada pela equipe como um potencial ponto de falha, isso porque juntas n\u00e3o conformes podem levar \u00e0 instabilidade da bateria e a poss\u00edveis riscos de seguran\u00e7a. A equipe ent\u00e3o decidiu criar um sistema que pudesse analisar tanto a resist\u00eancia mec\u00e2nica como a resist\u00eancia el\u00e9trica das juntas soldadas de uma maneira r\u00e1pida e eficiente.<\/p>\n\n\n\n<p>Aperfei\u00e7oando c\u00e2maras de infravermelho e intelig\u00eancia de rede neural, a equipe desenvolveu uma solu\u00e7\u00e3o termogr\u00e1fica h\u00edbrida, capaz de realizar uma inspe\u00e7\u00e3o n\u00e3o invasiva da massa fundida, detectar defeitos de superf\u00edcie e realizar a verifica\u00e7\u00e3o do controle de qualidade automaticamente. A solu\u00e7\u00e3o \u00e9 baseada na coleta de imagens t\u00e9rmicas em linha,&nbsp; pr\u00e9-processadas e analisadas atrav\u00e9s de uma base de conhecimentos previamente adquiridos. Depois de receber um sinal do rob\u00f4 de solda a laser, o sistema registra a fase de resfriamento automaticamente e realiza an\u00e1lises das caracter\u00edsticas qualitativas para avaliar cada junta individualmente.<\/p>\n\n\n\n<p>O sistema de ensaios n\u00e3o destrutivos tamb\u00e9m foi projetado para funcionar no interior do sistema de fabrica\u00e7\u00e3o existente, ajudando a otimizar o fluxo de trabalho e proteger os tempos de ciclo. Como as c\u00e2maras t\u00e9rmicas analisam tanto os defeitos visuais quanto os de resist\u00eancia antes do processo de montagem final, as n\u00e3o conformidades podem ser resolvidas no n\u00edvel do m\u00f3dulo, ou seja, n\u00e3o \u00e9 preciso destruir a bateria inteira. Por fim, a solu\u00e7\u00e3o criada pela Comau est\u00e1 completamente integrada com um sistema de rastreabilidade, permitindo ao cliente colher e analisar todas as informa\u00e7\u00f5es de processo e de qualidade em um sistema \u00fanico de gerenciamento de dados e disponibiliz\u00e1-las de forma simples, eficiente e intuitiva.<\/p>\n\n\n\n<p><\/p>\n<\/div>\n<\/div>\n\n\n\n<div class=\"wp-block-group wide-section-light-1 py-5 my-5\"><div class=\"wp-block-group__inner-container is-layout-flow wp-block-group-is-layout-flow\">\n<div class=\"wp-block-group wide-section-light-1 py-5 my-5\"><div class=\"wp-block-group__inner-container is-layout-flow wp-block-group-is-layout-flow\">\n<h2 class=\"h2 wp-block-heading\" id=\"the-results\">Resultados<\/h2>\n\n\n\n<p>Com a entrega de uma solu\u00e7\u00e3o altamente tecnol\u00f3gica e a elabora\u00e7\u00e3o de um processo de fabrica\u00e7\u00e3o de baterias 360\u00b0, tanto a Comau quanto o cliente come\u00e7aram a testar o sistema em linha. O primeiro resultado obtido foi a facilidade na integra\u00e7\u00e3o da solu\u00e7\u00e3o, instalada e integrada sem dificuldade na linha de montagem.<\/p>\n\n\n\n<p>O segundo resultado obtido com este sistema automatizado e n\u00e3o destrutivo foi percebido no aumento da precis\u00e3o na detec\u00e7\u00e3o de defeitos est\u00e9ticos, eventualmente n\u00e3o detectados em uma inspe\u00e7\u00e3o visual.<\/p>\n\n\n\n<p>Mais ainda, como a alta resist\u00eancia el\u00e9trica de uma junta de m\u00e1 qualidade pode criar perda de energia elevada e produzir calor, ela pode tamb\u00e9m aumentar a temperatura da junta. Isso, por sua vez, pode provocar problemas de seguran\u00e7a, al\u00e9m de reduzir a efici\u00eancia da bateria. Ao avaliar automaticamente os defeitos de superf\u00edcie e a resist\u00eancia el\u00e9trica de cada junta, antes da montagem final, a solu\u00e7\u00e3o desenvolvida pela Comau ajuda o cliente final a poupar tempo e custos.<\/p>\n\n\n\n<p>Por fim, os resultados em tempo real do processo podem ser coletados e usados para an\u00e1lises e treinamentos. E como o sistema \u00e9 interconectado com uma infraestrutura completa de dados, o cliente pode rastrear eventuais problemas de qualidade e fazer ajustes no processo de fabrica\u00e7\u00e3o caso necess\u00e1rio.<\/p>\n\n\n\n<div class=\"wp-block-columns is-layout-flex wp-container-core-columns-is-layout-9d6595d7 wp-block-columns-is-layout-flex\">\n<div class=\"wp-block-column is-layout-flow wp-block-column-is-layout-flow\">\n<div class=\"wp-block-getwid-counter d-none\"><div class=\"wp-block-getwid-counter__wrapper\" data-start=\"\" data-end=\"\" data-decimal-places=\"0\" data-duration=\"3\" data-use-easing=\"true\" data-use-grouping=\"true\" data-separator=\",\" data-decimal=\".\" data-easing-fn=\"outExpo\" data-numerals=\"default\"><span class=\"wp-block-getwid-counter__number\">0<\/span><\/div><\/div>\n\n\n\n<p>Produtividade otimizada e assegurada por testes em linha<\/p>\n<\/div>\n\n\n\n<div class=\"wp-block-column is-layout-flow wp-block-column-is-layout-flow\">\n<div class=\"wp-block-getwid-counter\"><div class=\"wp-block-getwid-counter__wrapper\" data-start=\"0\" data-end=\"100\" data-decimal-places=\"0\" data-duration=\"3\" data-use-easing=\"true\" data-use-grouping=\"true\" data-separator=\",\" data-decimal=\".\" data-easing-fn=\"outExpo\" data-numerals=\"default\"><span class=\"wp-block-getwid-counter__number\">0<\/span><p class=\"wp-block-getwid-counter__suffix\">%<\/p><\/div><\/div>\n\n\n\n<p>Teste de m\u00f3dulo totalmente automatizado<\/p>\n<\/div>\n\n\n\n<div class=\"wp-block-column is-layout-flow wp-block-column-is-layout-flow\">\n<div class=\"wp-block-getwid-counter\"><div class=\"wp-block-getwid-counter__wrapper\" data-start=\"0\" data-end=\"100\" data-decimal-places=\"0\" data-duration=\"3\" data-use-easing=\"true\" data-use-grouping=\"true\" data-separator=\",\" data-decimal=\".\" data-easing-fn=\"outExpo\" data-numerals=\"default\"><span class=\"wp-block-getwid-counter__number\">0<\/span><p class=\"wp-block-getwid-counter__suffix\">%<\/p><\/div><\/div>\n\n\n\n<p>de rastreabilidade<\/p>\n<\/div>\n\n\n\n<div class=\"wp-block-column is-layout-flow wp-block-column-is-layout-flow\">\n<div class=\"wp-block-getwid-counter d-none\"><div class=\"wp-block-getwid-counter__wrapper\" data-start=\"\" data-end=\"\" data-decimal-places=\"0\" data-duration=\"3\" data-use-easing=\"true\" data-use-grouping=\"true\" data-separator=\",\" data-decimal=\".\" data-easing-fn=\"outExpo\" data-numerals=\"default\"><span class=\"wp-block-getwid-counter__number\">0<\/span><\/div><\/div>\n\n\n\n<p>Significant reduction in material waste<\/p>\n<\/div>\n<\/div>\n<\/div><\/div>\n\n\n\n<div class=\"wp-block-columns is-layout-flex wp-container-core-columns-is-layout-9d6595d7 wp-block-columns-is-layout-flex\">\n<div class=\"wp-block-column is-layout-flow wp-block-column-is-layout-flow\"><\/div>\n\n\n\n<div class=\"wp-block-column is-layout-flow wp-block-column-is-layout-flow\"><\/div>\n<\/div>\n<\/div><\/div>\n","protected":false},"excerpt":{"rendered":"<p>Quando um dos fabricantes de autom\u00f3veis mais exclusivos do mundo decidiu criar uma vers\u00e3o el\u00e9trica do seu modelo esportivo, a equipe de engenharia sabia que precisaria de baterias el\u00e9tricas de alto desempenho, capazes de igualar a pot\u00eancia, velocidade e performance dos modelos tradicionais. Na busca por um fornecedor de tecnologia de alto n\u00edvel para a [&hellip;]<\/p>\n","protected":false},"author":19,"featured_media":43828,"parent":41300,"menu_order":6,"comment_status":"closed","ping_status":"closed","template":"","meta":{"_acf_changed":false,"ep_exclude_from_search":false,"footnotes":""},"class_list":["post-46732","page","type-page","status-publish","has-post-thumbnail","hentry"],"acf":[],"yoast_head":"<!-- This site is optimized with the Yoast SEO plugin v26.9 - https:\/\/yoast.com\/product\/yoast-seo-wordpress\/ -->\n<title>Monitoramento em tempo real da efici\u00eancia na fabrica\u00e7\u00e3o de baterias para carros esportivos de alta performance - Comau<\/title>\n<meta name=\"robots\" content=\"index, follow, max-snippet:-1, max-image-preview:large, max-video-preview:-1\" \/>\n<link rel=\"canonical\" href=\"https:\/\/www.comau.com\/pt-br\/about-us\/success-stories\/monitoramento-em-tempo-real-da-eficiencia-na-fabricacao-de-baterias-para-carros-esportivos-de-alta-performance\/\" \/>\n<meta property=\"og:locale\" content=\"pt_BR\" \/>\n<meta property=\"og:type\" content=\"article\" \/>\n<meta property=\"og:title\" content=\"Monitoramento em tempo real da efici\u00eancia na fabrica\u00e7\u00e3o de baterias para carros esportivos de alta performance - Comau\" \/>\n<meta property=\"og:description\" content=\"Quando um dos fabricantes de autom\u00f3veis mais exclusivos do mundo decidiu criar uma vers\u00e3o el\u00e9trica do seu modelo esportivo, a equipe de engenharia sabia que precisaria de baterias el\u00e9tricas de alto desempenho, capazes de igualar a pot\u00eancia, velocidade e performance dos modelos tradicionais. Na busca por um fornecedor de tecnologia de alto n\u00edvel para a [&hellip;]\" \/>\n<meta property=\"og:url\" content=\"https:\/\/www.comau.com\/pt-br\/about-us\/success-stories\/monitoramento-em-tempo-real-da-eficiencia-na-fabricacao-de-baterias-para-carros-esportivos-de-alta-performance\/\" \/>\n<meta property=\"og:site_name\" content=\"Comau\" \/>\n<meta property=\"article:publisher\" content=\"https:\/\/www.facebook.com\/COMAU\/\" \/>\n<meta property=\"article:modified_time\" content=\"2022-08-04T09:06:04+00:00\" \/>\n<meta property=\"og:image\" content=\"https:\/\/www.comau.com\/wp-content\/uploads\/2022\/03\/Mira-Termography.jpg\" \/>\n\t<meta property=\"og:image:width\" content=\"1450\" \/>\n\t<meta property=\"og:image:height\" content=\"450\" \/>\n\t<meta property=\"og:image:type\" content=\"image\/jpeg\" \/>\n<meta name=\"twitter:card\" content=\"summary_large_image\" \/>\n<meta name=\"twitter:site\" content=\"@comaugroup\" \/>\n<meta name=\"twitter:label1\" content=\"Est. tempo de leitura\" \/>\n\t<meta name=\"twitter:data1\" content=\"4 minutos\" \/>\n<script type=\"application\/ld+json\" class=\"yoast-schema-graph\">{\"@context\":\"https:\/\/schema.org\",\"@graph\":[{\"@type\":\"WebPage\",\"@id\":\"https:\/\/www.comau.com\/pt-br\/about-us\/success-stories\/monitoramento-em-tempo-real-da-eficiencia-na-fabricacao-de-baterias-para-carros-esportivos-de-alta-performance\/\",\"url\":\"https:\/\/www.comau.com\/pt-br\/about-us\/success-stories\/monitoramento-em-tempo-real-da-eficiencia-na-fabricacao-de-baterias-para-carros-esportivos-de-alta-performance\/\",\"name\":\"Monitoramento em tempo real da efici\u00eancia na fabrica\u00e7\u00e3o de baterias para carros esportivos de alta performance - Comau\",\"isPartOf\":{\"@id\":\"https:\/\/www.comau.com\/pt-br\/#website\"},\"primaryImageOfPage\":{\"@id\":\"https:\/\/www.comau.com\/pt-br\/about-us\/success-stories\/monitoramento-em-tempo-real-da-eficiencia-na-fabricacao-de-baterias-para-carros-esportivos-de-alta-performance\/#primaryimage\"},\"image\":{\"@id\":\"https:\/\/www.comau.com\/pt-br\/about-us\/success-stories\/monitoramento-em-tempo-real-da-eficiencia-na-fabricacao-de-baterias-para-carros-esportivos-de-alta-performance\/#primaryimage\"},\"thumbnailUrl\":\"https:\/\/www.comau.com\/wp-content\/uploads\/2022\/03\/Mira-Termography.jpg\",\"datePublished\":\"2022-08-04T07:00:00+00:00\",\"dateModified\":\"2022-08-04T09:06:04+00:00\",\"breadcrumb\":{\"@id\":\"https:\/\/www.comau.com\/pt-br\/about-us\/success-stories\/monitoramento-em-tempo-real-da-eficiencia-na-fabricacao-de-baterias-para-carros-esportivos-de-alta-performance\/#breadcrumb\"},\"inLanguage\":\"pt-BR\",\"potentialAction\":[{\"@type\":\"ReadAction\",\"target\":[\"https:\/\/www.comau.com\/pt-br\/about-us\/success-stories\/monitoramento-em-tempo-real-da-eficiencia-na-fabricacao-de-baterias-para-carros-esportivos-de-alta-performance\/\"]}]},{\"@type\":\"ImageObject\",\"inLanguage\":\"pt-BR\",\"@id\":\"https:\/\/www.comau.com\/pt-br\/about-us\/success-stories\/monitoramento-em-tempo-real-da-eficiencia-na-fabricacao-de-baterias-para-carros-esportivos-de-alta-performance\/#primaryimage\",\"url\":\"https:\/\/www.comau.com\/wp-content\/uploads\/2022\/03\/Mira-Termography.jpg\",\"contentUrl\":\"https:\/\/www.comau.com\/wp-content\/uploads\/2022\/03\/Mira-Termography.jpg\",\"width\":1450,\"height\":450},{\"@type\":\"BreadcrumbList\",\"@id\":\"https:\/\/www.comau.com\/pt-br\/about-us\/success-stories\/monitoramento-em-tempo-real-da-eficiencia-na-fabricacao-de-baterias-para-carros-esportivos-de-alta-performance\/#breadcrumb\",\"itemListElement\":[{\"@type\":\"ListItem\",\"position\":1,\"name\":\"Home\",\"item\":\"https:\/\/www.comau.com\/pt-br\/\"},{\"@type\":\"ListItem\",\"position\":2,\"name\":\"Sobre a Comau\",\"item\":\"https:\/\/www.comau.com\/pt-br\/about-us\/\"},{\"@type\":\"ListItem\",\"position\":3,\"name\":\"Hist\u00f3rias de sucesso\",\"item\":\"https:\/\/www.comau.com\/pt-br\/about-us\/success-stories\/\"},{\"@type\":\"ListItem\",\"position\":4,\"name\":\"Monitoramento em tempo real da efici\u00eancia na fabrica\u00e7\u00e3o de baterias para carros esportivos de alta performance\"}]},{\"@type\":\"WebSite\",\"@id\":\"https:\/\/www.comau.com\/pt-br\/#website\",\"url\":\"https:\/\/www.comau.com\/pt-br\/\",\"name\":\"Comau\",\"description\":\"Industrial automation and robotics\",\"publisher\":{\"@id\":\"https:\/\/www.comau.com\/pt-br\/#organization\"},\"potentialAction\":[{\"@type\":\"SearchAction\",\"target\":{\"@type\":\"EntryPoint\",\"urlTemplate\":\"https:\/\/www.comau.com\/pt-br\/?s={search_term_string}\"},\"query-input\":{\"@type\":\"PropertyValueSpecification\",\"valueRequired\":true,\"valueName\":\"search_term_string\"}}],\"inLanguage\":\"pt-BR\"},{\"@type\":\"Organization\",\"@id\":\"https:\/\/www.comau.com\/pt-br\/#organization\",\"name\":\"Comau\",\"url\":\"https:\/\/www.comau.com\/pt-br\/\",\"logo\":{\"@type\":\"ImageObject\",\"inLanguage\":\"pt-BR\",\"@id\":\"https:\/\/www.comau.com\/pt-br\/#\/schema\/logo\/image\/\",\"url\":\"https:\/\/www.comau.com\/wp-content\/uploads\/2024\/07\/cropped-Logo-COMAU.png\",\"contentUrl\":\"https:\/\/www.comau.com\/wp-content\/uploads\/2024\/07\/cropped-Logo-COMAU.png\",\"width\":434,\"height\":434,\"caption\":\"Comau\"},\"image\":{\"@id\":\"https:\/\/www.comau.com\/pt-br\/#\/schema\/logo\/image\/\"},\"sameAs\":[\"https:\/\/www.facebook.com\/COMAU\/\",\"https:\/\/x.com\/comaugroup\",\"https:\/\/www.instagram.com\/comaugroup\/\",\"https:\/\/www.linkedin.com\/company\/comau\",\"https:\/\/www.youtube.com\/user\/comau\"]}]}<\/script>\n<!-- \/ Yoast SEO plugin. -->","yoast_head_json":{"title":"Monitoramento em tempo real da efici\u00eancia na fabrica\u00e7\u00e3o de baterias para carros esportivos de alta performance - Comau","robots":{"index":"index","follow":"follow","max-snippet":"max-snippet:-1","max-image-preview":"max-image-preview:large","max-video-preview":"max-video-preview:-1"},"canonical":"https:\/\/www.comau.com\/pt-br\/about-us\/success-stories\/monitoramento-em-tempo-real-da-eficiencia-na-fabricacao-de-baterias-para-carros-esportivos-de-alta-performance\/","og_locale":"pt_BR","og_type":"article","og_title":"Monitoramento em tempo real da efici\u00eancia na fabrica\u00e7\u00e3o de baterias para carros esportivos de alta performance - Comau","og_description":"Quando um dos fabricantes de autom\u00f3veis mais exclusivos do mundo decidiu criar uma vers\u00e3o el\u00e9trica do seu modelo esportivo, a equipe de engenharia sabia que precisaria de baterias el\u00e9tricas de alto desempenho, capazes de igualar a pot\u00eancia, velocidade e performance dos modelos tradicionais. Na busca por um fornecedor de tecnologia de alto n\u00edvel para a [&hellip;]","og_url":"https:\/\/www.comau.com\/pt-br\/about-us\/success-stories\/monitoramento-em-tempo-real-da-eficiencia-na-fabricacao-de-baterias-para-carros-esportivos-de-alta-performance\/","og_site_name":"Comau","article_publisher":"https:\/\/www.facebook.com\/COMAU\/","article_modified_time":"2022-08-04T09:06:04+00:00","og_image":[{"width":1450,"height":450,"url":"https:\/\/www.comau.com\/wp-content\/uploads\/2022\/03\/Mira-Termography.jpg","type":"image\/jpeg"}],"twitter_card":"summary_large_image","twitter_site":"@comaugroup","twitter_misc":{"Est. tempo de leitura":"4 minutos"},"schema":{"@context":"https:\/\/schema.org","@graph":[{"@type":"WebPage","@id":"https:\/\/www.comau.com\/pt-br\/about-us\/success-stories\/monitoramento-em-tempo-real-da-eficiencia-na-fabricacao-de-baterias-para-carros-esportivos-de-alta-performance\/","url":"https:\/\/www.comau.com\/pt-br\/about-us\/success-stories\/monitoramento-em-tempo-real-da-eficiencia-na-fabricacao-de-baterias-para-carros-esportivos-de-alta-performance\/","name":"Monitoramento em tempo real da efici\u00eancia na fabrica\u00e7\u00e3o de baterias para carros esportivos de alta performance - Comau","isPartOf":{"@id":"https:\/\/www.comau.com\/pt-br\/#website"},"primaryImageOfPage":{"@id":"https:\/\/www.comau.com\/pt-br\/about-us\/success-stories\/monitoramento-em-tempo-real-da-eficiencia-na-fabricacao-de-baterias-para-carros-esportivos-de-alta-performance\/#primaryimage"},"image":{"@id":"https:\/\/www.comau.com\/pt-br\/about-us\/success-stories\/monitoramento-em-tempo-real-da-eficiencia-na-fabricacao-de-baterias-para-carros-esportivos-de-alta-performance\/#primaryimage"},"thumbnailUrl":"https:\/\/www.comau.com\/wp-content\/uploads\/2022\/03\/Mira-Termography.jpg","datePublished":"2022-08-04T07:00:00+00:00","dateModified":"2022-08-04T09:06:04+00:00","breadcrumb":{"@id":"https:\/\/www.comau.com\/pt-br\/about-us\/success-stories\/monitoramento-em-tempo-real-da-eficiencia-na-fabricacao-de-baterias-para-carros-esportivos-de-alta-performance\/#breadcrumb"},"inLanguage":"pt-BR","potentialAction":[{"@type":"ReadAction","target":["https:\/\/www.comau.com\/pt-br\/about-us\/success-stories\/monitoramento-em-tempo-real-da-eficiencia-na-fabricacao-de-baterias-para-carros-esportivos-de-alta-performance\/"]}]},{"@type":"ImageObject","inLanguage":"pt-BR","@id":"https:\/\/www.comau.com\/pt-br\/about-us\/success-stories\/monitoramento-em-tempo-real-da-eficiencia-na-fabricacao-de-baterias-para-carros-esportivos-de-alta-performance\/#primaryimage","url":"https:\/\/www.comau.com\/wp-content\/uploads\/2022\/03\/Mira-Termography.jpg","contentUrl":"https:\/\/www.comau.com\/wp-content\/uploads\/2022\/03\/Mira-Termography.jpg","width":1450,"height":450},{"@type":"BreadcrumbList","@id":"https:\/\/www.comau.com\/pt-br\/about-us\/success-stories\/monitoramento-em-tempo-real-da-eficiencia-na-fabricacao-de-baterias-para-carros-esportivos-de-alta-performance\/#breadcrumb","itemListElement":[{"@type":"ListItem","position":1,"name":"Home","item":"https:\/\/www.comau.com\/pt-br\/"},{"@type":"ListItem","position":2,"name":"Sobre a Comau","item":"https:\/\/www.comau.com\/pt-br\/about-us\/"},{"@type":"ListItem","position":3,"name":"Hist\u00f3rias de sucesso","item":"https:\/\/www.comau.com\/pt-br\/about-us\/success-stories\/"},{"@type":"ListItem","position":4,"name":"Monitoramento em tempo real da efici\u00eancia na fabrica\u00e7\u00e3o de baterias para carros esportivos de alta performance"}]},{"@type":"WebSite","@id":"https:\/\/www.comau.com\/pt-br\/#website","url":"https:\/\/www.comau.com\/pt-br\/","name":"Comau","description":"Industrial automation and robotics","publisher":{"@id":"https:\/\/www.comau.com\/pt-br\/#organization"},"potentialAction":[{"@type":"SearchAction","target":{"@type":"EntryPoint","urlTemplate":"https:\/\/www.comau.com\/pt-br\/?s={search_term_string}"},"query-input":{"@type":"PropertyValueSpecification","valueRequired":true,"valueName":"search_term_string"}}],"inLanguage":"pt-BR"},{"@type":"Organization","@id":"https:\/\/www.comau.com\/pt-br\/#organization","name":"Comau","url":"https:\/\/www.comau.com\/pt-br\/","logo":{"@type":"ImageObject","inLanguage":"pt-BR","@id":"https:\/\/www.comau.com\/pt-br\/#\/schema\/logo\/image\/","url":"https:\/\/www.comau.com\/wp-content\/uploads\/2024\/07\/cropped-Logo-COMAU.png","contentUrl":"https:\/\/www.comau.com\/wp-content\/uploads\/2024\/07\/cropped-Logo-COMAU.png","width":434,"height":434,"caption":"Comau"},"image":{"@id":"https:\/\/www.comau.com\/pt-br\/#\/schema\/logo\/image\/"},"sameAs":["https:\/\/www.facebook.com\/COMAU\/","https:\/\/x.com\/comaugroup","https:\/\/www.instagram.com\/comaugroup\/","https:\/\/www.linkedin.com\/company\/comau","https:\/\/www.youtube.com\/user\/comau"]}]}},"_links":{"self":[{"href":"https:\/\/www.comau.com\/pt-br\/wp-json\/wp\/v2\/pages\/46732","targetHints":{"allow":["GET"]}}],"collection":[{"href":"https:\/\/www.comau.com\/pt-br\/wp-json\/wp\/v2\/pages"}],"about":[{"href":"https:\/\/www.comau.com\/pt-br\/wp-json\/wp\/v2\/types\/page"}],"author":[{"embeddable":true,"href":"https:\/\/www.comau.com\/pt-br\/wp-json\/wp\/v2\/users\/19"}],"replies":[{"embeddable":true,"href":"https:\/\/www.comau.com\/pt-br\/wp-json\/wp\/v2\/comments?post=46732"}],"version-history":[{"count":6,"href":"https:\/\/www.comau.com\/pt-br\/wp-json\/wp\/v2\/pages\/46732\/revisions"}],"predecessor-version":[{"id":47073,"href":"https:\/\/www.comau.com\/pt-br\/wp-json\/wp\/v2\/pages\/46732\/revisions\/47073"}],"up":[{"embeddable":true,"href":"https:\/\/www.comau.com\/pt-br\/wp-json\/wp\/v2\/pages\/41300"}],"wp:featuredmedia":[{"embeddable":true,"href":"https:\/\/www.comau.com\/pt-br\/wp-json\/wp\/v2\/media\/43828"}],"wp:attachment":[{"href":"https:\/\/www.comau.com\/pt-br\/wp-json\/wp\/v2\/media?parent=46732"}],"curies":[{"name":"wp","href":"https:\/\/api.w.org\/{rel}","templated":true}]}}