{"id":45765,"date":"2022-06-13T17:36:12","date_gmt":"2022-06-13T15:36:12","guid":{"rendered":"https:\/\/www.comau.com\/?page_id=45765"},"modified":"2022-06-13T18:05:15","modified_gmt":"2022-06-13T16:05:15","slug":"a-comau-desenvolve-uma-robotica-colaborativa-guiada-pela-ia-para-automatizar-na-pratica-o-controlo-de-qualidade-na-fiat","status":"publish","type":"page","link":"https:\/\/www.comau.com\/pt-br\/about-us\/success-stories\/a-comau-desenvolve-uma-robotica-colaborativa-guiada-pela-ia-para-automatizar-na-pratica-o-controlo-de-qualidade-na-fiat\/","title":{"rendered":"a Comau desenvolve uma rob\u00f3tica colaborativa guiada pela ia para automatizar na pr\u00e1tica o controlo de qualidade na Fiat"},"content":{"rendered":"\n<div class=\"wp-block-group mt-5\"><div class=\"wp-block-group__inner-container is-layout-flow wp-block-group-is-layout-flow\">\n<p>A performance de um centro de infotainment e de instrumentos depende fortemente da qualidade de seu design e da efici\u00eancia de sua interface homem-m\u00e1quina. Quando a FCA e a marca Fiat solicitaram \u00e0 Comau o desenvolvimento de processos industriais avan\u00e7ados para construir seu primeiro ve\u00edculo totalmente el\u00e9trico, assegurar o excelente desempenho do sistema de infotainment do carro fazia parte do desafio. Os engenheiros da Comau deviam conceber uma solu\u00e7\u00e3o para testar a efici\u00eancia e a facilidade de uso do sistema de uma maneira r\u00e1pida, automatizada e rent\u00e1vel. E principalmente, teriam que garantir a total seguran\u00e7a dos operadores envolvidos no trabalho e presentes nas imedia\u00e7\u00f5es do ve\u00edculo durante o processo de teste. O resultado? Uma bancada de teste de<strong> rob\u00f3tica<\/strong> <strong>humanizada <\/strong>capaz de ver a tela, executar opera\u00e7\u00f5es e responder aos convites sob a forma de imagem, texto e voz \u2013 exatamente como o condutor.<\/p>\n<\/div><\/div>\n\n\n\n<div class=\"wp-block-group wide-section-light-1 py-5 my-5\"><div class=\"wp-block-group__inner-container is-layout-flow wp-block-group-is-layout-flow\">\n<blockquote class=\"wp-block-quote has-text-align-left success-story-quote is-layout-flow wp-block-quote-is-layout-flow\"><p>\u201cO sistema colaborativo de alto desempenho da Comau \u00e9 um dos primeiros desse tipo,\u201d afirmou Giovanni Di Stefano, Diretor de Inova\u00e7\u00e3o e Tecnologias de Processo. \u201cCom esta combina\u00e7\u00e3o \u00fanica de acessibilidade, seguran\u00e7a e simplicidade de software, esta solu\u00e7\u00e3o de teste e controle totalmente automatizada pode ser imediatamente utilizada, sem exigir uma compet\u00eancia espec\u00edfica em rob\u00f3tica ou sistemas de vis\u00e3o, poupando tempo e custos de programa\u00e7\u00e3o.\u201d<\/p><cite><strong>Giovanni Di Stefano, Diretor de Inova\u00e7\u00e3o e Tecnologias de Processo<\/strong><\/cite><\/blockquote>\n\n\n\n<figure class=\"wp-block-embed is-type-video is-provider-youtube wp-block-embed-youtube wp-embed-aspect-16-9 wp-has-aspect-ratio\"><div class=\"wp-block-embed__wrapper\">\n<iframe title=\"COMAU\u2019S MI.RA\/DEXTER ENABLES INTUITIVE AND EASY PROGRAMMING OF COMPLEX ROBOTIC APPLICATIONS\" width=\"640\" height=\"360\" src=\"https:\/\/www.youtube.com\/embed\/rNd3Hue-zzM?start=111&#038;feature=oembed\" frameborder=\"0\" allow=\"accelerometer; autoplay; clipboard-write; encrypted-media; gyroscope; picture-in-picture; web-share\" referrerpolicy=\"strict-origin-when-cross-origin\" allowfullscreen><\/iframe>\n<\/div><\/figure>\n<\/div><\/div>\n\n\n\n<div class=\"wp-block-columns is-layout-flex wp-container-core-columns-is-layout-9d6595d7 wp-block-columns-is-layout-flex\">\n<div class=\"wp-block-column is-layout-flow wp-block-column-is-layout-flow\">\n<h2 class=\"h3 wp-block-heading\" id=\"the-challenge\">O Desafio<\/h2>\n\n\n\n<p>Como parte do acordo para o fornecimento de processos industriais inovadores para a produ\u00e7\u00e3o do Novo Fiat 500 totalmente el\u00e9trico, a Fiat solicitou aos engenheiros da Comau que automatizassem o processo de testes e controle do sistema de infotainment do ve\u00edculo. O painel de instrumentos interativo funciona como um centro de comando que permite ao condutor ativar fun\u00e7\u00f5es espec\u00edficas. Testes e controles precisos s\u00e3o portanto primordiais para oferecer ao usu\u00e1rio uma experi\u00eancia de alta qualidade, raz\u00e3o pela qual o procedimento aplicado \u00e9 tipicamente longo, repetitivo e realizado manualmente. Isso pode se traduzir por custos elevados e uma margem de erro significativa. Um outro desafio era que a Fiat queria uma solu\u00e7\u00e3o independente do modelo, que pudesse ser utilizada em diferentes carros no futuro. Era tamb\u00e9m necess\u00e1rio permitir que os operadores de controle da qualidade gerenciassem o processo e interagissem em cada etapa do percurso.&nbsp;<\/p>\n<\/div>\n\n\n\n<div class=\"wp-block-column is-layout-flow wp-block-column-is-layout-flow\">\n<h2 class=\"h3 wp-block-heading\" id=\"the-solution\">A Solu\u00e7\u00e3o<\/h2>\n\n\n\n<p>Os engenheiros da Comau iniciaram o processo de design se focalizando mais no resultado final do que nas pr\u00f3prias opera\u00e7\u00f5es de testes. Depois de identificar a necessidade de uma estreita intera\u00e7\u00e3o entre humanos e rob\u00f4s como uma exig\u00eancia b\u00e1sica, a equipe construiu uma solu\u00e7\u00e3o de rob\u00f3tica colaborativa oferecendo sistemas de vis\u00e3o avan\u00e7ados e uma interface sens\u00edvel completa, capaz de simular perfeitamente todos os tipos de intera\u00e7\u00e3o humana no painel de instrumentos do ve\u00edculo. A plataforma de testes independente da linguagem simula a experi\u00eancia da condu\u00e7\u00e3o, coleta e transmite dados atrav\u00e9s de um interc\u00e2mbio de dados CAN\/LIN e valida a funcionalidade e a performance de todo o sistema. E principalmente, a detec\u00e7\u00e3o total de imagem e texto, o reconhecimento da palavra e a funcionalidade texto-voz se combinam para permitir que o rob\u00f4 recrie com precis\u00e3o a experi\u00eancia humana de uma maneira bem orientada e completa.&nbsp;<\/p>\n\n\n\n<p>Examinando de perto o novo paradigma de teste, os engenheiros da Comau montaram um COBOT Racer5 no punho de um rob\u00f4 NJ-220 configurado para operar em sua vers\u00e3o Segura. O rob\u00f4 de grande capacidade introduz o COBOT compacto no ve\u00edculo pela porta ou janela do condutor, permitindo-lhe assim realizar as atividades necess\u00e1rias de verifica\u00e7\u00e3o e valida\u00e7\u00e3o diretamente no interior do carro. No entanto, a verdadeira for\u00e7a da solu\u00e7\u00e3o da Comau \u00e9 a maneira simples e segura pela qual o rob\u00f4 \u00e9 dirigido pelos operadores, gra\u00e7as ao MI.RA\/Dexter, um software inovador baseado em algoritmos de Intelig\u00eancia Artificial.<\/p>\n\n\n\n<p>Parte da fam\u00edlia da Comau MI.RA (Machine Inspection Recognition Archetypes) de ferramentas digitais concebidas para a Smart Factory, o MI.RA\/Dexter \u00e9 um sistema de meta-linguagem que permite aos operadores programar o rob\u00f4 utilizando comandos humanos simples:<em> olhar para uma <\/em>imagem, <em>posicion<\/em>ar para responder e <em>executar<\/em> a a\u00e7\u00e3o requerida. Este sistema \u00e9 portanto capaz de validar a funcionalidade e o desempenho do centro de infotainment simulando inteiramente a experi\u00eancia de condu\u00e7\u00e3o. A solu\u00e7\u00e3o hol\u00edstica, com sua Interface Homem-M\u00e1quina naturalmente intuitiva, garante a maior facilidade de uso poss\u00edvel e otimiza efetivamente o processo completo de teste.&nbsp;<\/p>\n\n\n\n<p>O sistema colaborativo tamb\u00e9m ajuda a respeitar plenamente os processos de testes assistindo objetivamente o operador na execu\u00e7\u00e3o de cada tarefa prevista. Para isso, ele foi dotado de uma sensibilidade \u201cquase humana\u201d gra\u00e7as a sistemas de vis\u00e3o para a valida\u00e7\u00e3o dos aplicativos de infotainment, um microfone e auto-falante para o reconhecimento de ordens vocais, e uma garra para opera\u00e7\u00f5es delicadas de contato. Finalmente, as caracter\u00edsticas de seguran\u00e7a inerentes ao cobot articulado de 6 eixos eliminam a necessidade de barreiras de prote\u00e7\u00e3o, reduzindo ao mesmo tempo o espa\u00e7o total ocupado e os custos ligados \u00e0 seguran\u00e7a.<\/p>\n<\/div>\n<\/div>\n\n\n\n<div class=\"wp-block-group wide-section-light-1 py-5 my-5\"><div class=\"wp-block-group__inner-container is-layout-flow wp-block-group-is-layout-flow\">\n<div class=\"wp-block-group wide-section-light-1 py-5 my-5\"><div class=\"wp-block-group__inner-container is-layout-flow wp-block-group-is-layout-flow\">\n<h2 class=\"h2 wp-block-heading\" id=\"the-results\">Os Resultados<\/h2>\n\n\n\n<p>Al\u00e9m de ter concebido a primeira solu\u00e7\u00e3o de automatiza\u00e7\u00e3o total do grupo Stellantis para testar o infotainment integrado, a Comau criou uma solu\u00e7\u00e3o que permite \u00e0 Fiat completar o processo de debug tr\u00eas vezes mais depressa em compara\u00e7\u00e3o com o processo n\u00e3o autom\u00e1tico. E o que \u00e9 mais importante, ele garante o gerenciamento seguro de todas as tarefas executadas pelo rob\u00f4 colaborativo em estreito contato com o operador.&nbsp;<\/p>\n\n\n\n<p>Outra vantagem, al\u00e9m de otimizar a complexa rotina de testes, \u00e9 que a Fiat pode ter certeza de cumprir sempre totalmente as etapas do processo de controle da qualidade. A solu\u00e7\u00e3o automatizada tamb\u00e9m garante uma maior rastreabilidade e repetibilidade do processo. Finalmente, o uso da meta-linguagem para comunicar diretamente com o rob\u00f4 permite que os operadores da Fiat utilizem o sistema sem terem compet\u00eancias espec\u00edficas em rob\u00f3tica ou sistemas de vis\u00e3o. A Fiat est\u00e1 portanto apta a gerir de maneira aut\u00f4noma o complexo sistema rob\u00f3tico, e consequentemente, reduzir ou eliminar custos adicionais de programa\u00e7\u00e3o ou codifica\u00e7\u00e3o.&nbsp;<\/p>\n\n\n\n<div class=\"wp-block-columns is-layout-flex wp-container-core-columns-is-layout-9d6595d7 wp-block-columns-is-layout-flex\">\n<div class=\"wp-block-column is-layout-flow wp-block-column-is-layout-flow\">\n<div class=\"wp-block-getwid-counter\"><div class=\"wp-block-getwid-counter__wrapper\" data-start=\"0\" data-end=\"3\" data-decimal-places=\"0\" data-duration=\"3\" data-use-easing=\"true\" data-use-grouping=\"true\" data-separator=\",\" data-decimal=\".\" data-easing-fn=\"outExpo\" data-numerals=\"default\"><span class=\"wp-block-getwid-counter__number\">0<\/span><\/div><\/div>\n\n\n\n<p>vezes mais r\u00e1pido debug comparado a um processo manual<\/p>\n<\/div>\n\n\n\n<div class=\"wp-block-column is-layout-flow wp-block-column-is-layout-flow\">\n<div class=\"wp-block-getwid-counter\"><div class=\"wp-block-getwid-counter__wrapper\" data-start=\"0\" data-end=\"500\" data-decimal-places=\"0\" data-duration=\"3\" data-use-easing=\"true\" data-use-grouping=\"true\" data-separator=\",\" data-decimal=\".\" data-easing-fn=\"outExpo\" data-numerals=\"default\"><p class=\"wp-block-getwid-counter__prefix\">&gt;<\/p><span class=\"wp-block-getwid-counter__number\">0<\/span><\/div><\/div>\n\n\n\n<p>carros testados at\u00e9 esta data (1\u00b0 trimestre de 2022)<\/p>\n<\/div>\n\n\n\n<div class=\"wp-block-column is-layout-flow wp-block-column-is-layout-flow\">\n<div class=\"wp-block-getwid-counter\"><div class=\"wp-block-getwid-counter__wrapper\" data-start=\"0\" data-end=\"0\" data-decimal-places=\"0\" data-duration=\"3\" data-use-easing=\"true\" data-use-grouping=\"true\" data-separator=\",\" data-decimal=\".\" data-easing-fn=\"outExpo\" data-numerals=\"default\"><span class=\"wp-block-getwid-counter__number\">0<\/span><\/div><\/div>\n\n\n\n<p>necessidade de barreiras de seguran\u00e7a ou equipamentos de prote\u00e7\u00e3o<\/p>\n<\/div>\n\n\n\n<div class=\"wp-block-column is-layout-flow wp-block-column-is-layout-flow\">\n<div class=\"wp-block-getwid-counter\"><div class=\"wp-block-getwid-counter__wrapper\" data-start=\"0\" data-end=\"100\" data-decimal-places=\"0\" data-duration=\"3\" data-use-easing=\"true\" data-use-grouping=\"true\" data-separator=\",\" data-decimal=\".\" data-easing-fn=\"outExpo\" data-numerals=\"default\"><span class=\"wp-block-getwid-counter__number\">0<\/span><p class=\"wp-block-getwid-counter__suffix\">%<\/p><\/div><\/div>\n\n\n\n<p>aplic\u00e1vel a diferentes ind\u00fastrias e aplica\u00e7\u00f5es<\/p>\n<\/div>\n<\/div>\n<\/div><\/div>\n\n\n\n<div class=\"wp-block-columns is-layout-flex wp-container-core-columns-is-layout-9d6595d7 wp-block-columns-is-layout-flex\">\n<div class=\"wp-block-column is-layout-flow wp-block-column-is-layout-flow\"><\/div>\n\n\n\n<div class=\"wp-block-column is-layout-flow wp-block-column-is-layout-flow\"><\/div>\n<\/div>\n<\/div><\/div>\n","protected":false},"excerpt":{"rendered":"<p>A performance de um centro de infotainment e de instrumentos depende fortemente da qualidade de seu design e da efici\u00eancia de sua interface homem-m\u00e1quina. Quando a FCA e a marca Fiat solicitaram \u00e0 Comau o desenvolvimento de processos industriais avan\u00e7ados para construir seu primeiro ve\u00edculo totalmente el\u00e9trico, assegurar o excelente desempenho do sistema de infotainment [&hellip;]<\/p>\n","protected":false},"author":19,"featured_media":43852,"parent":41300,"menu_order":8,"comment_status":"closed","ping_status":"closed","template":"","meta":{"_acf_changed":false,"ep_exclude_from_search":false,"footnotes":""},"class_list":["post-45765","page","type-page","status-publish","has-post-thumbnail","hentry"],"acf":[],"yoast_head":"<!-- This site is optimized with the Yoast SEO plugin v26.9 - https:\/\/yoast.com\/product\/yoast-seo-wordpress\/ -->\n<title>a Comau desenvolve uma rob\u00f3tica colaborativa guiada pela ia para automatizar na pr\u00e1tica o controlo de qualidade na Fiat - Comau<\/title>\n<meta name=\"robots\" content=\"index, follow, max-snippet:-1, max-image-preview:large, max-video-preview:-1\" \/>\n<link rel=\"canonical\" href=\"https:\/\/www.comau.com\/pt-br\/about-us\/success-stories\/a-comau-desenvolve-uma-robotica-colaborativa-guiada-pela-ia-para-automatizar-na-pratica-o-controlo-de-qualidade-na-fiat\/\" \/>\n<meta property=\"og:locale\" content=\"pt_BR\" \/>\n<meta property=\"og:type\" content=\"article\" \/>\n<meta property=\"og:title\" content=\"a Comau desenvolve uma rob\u00f3tica colaborativa guiada pela ia para automatizar na pr\u00e1tica o controlo de qualidade na Fiat - Comau\" \/>\n<meta property=\"og:description\" content=\"A performance de um centro de infotainment e de instrumentos depende fortemente da qualidade de seu design e da efici\u00eancia de sua interface homem-m\u00e1quina. Quando a FCA e a marca Fiat solicitaram \u00e0 Comau o desenvolvimento de processos industriais avan\u00e7ados para construir seu primeiro ve\u00edculo totalmente el\u00e9trico, assegurar o excelente desempenho do sistema de infotainment [&hellip;]\" \/>\n<meta property=\"og:url\" content=\"https:\/\/www.comau.com\/pt-br\/about-us\/success-stories\/a-comau-desenvolve-uma-robotica-colaborativa-guiada-pela-ia-para-automatizar-na-pratica-o-controlo-de-qualidade-na-fiat\/\" \/>\n<meta property=\"og:site_name\" content=\"Comau\" \/>\n<meta property=\"article:publisher\" content=\"https:\/\/www.facebook.com\/COMAU\/\" \/>\n<meta property=\"article:modified_time\" content=\"2022-06-13T16:05:15+00:00\" \/>\n<meta property=\"og:image\" content=\"https:\/\/www.comau.com\/wp-content\/uploads\/2022\/03\/Mira-Dexteer.jpg\" \/>\n\t<meta property=\"og:image:width\" content=\"1450\" \/>\n\t<meta property=\"og:image:height\" content=\"450\" \/>\n\t<meta property=\"og:image:type\" content=\"image\/jpeg\" \/>\n<meta name=\"twitter:card\" content=\"summary_large_image\" \/>\n<meta name=\"twitter:site\" content=\"@comaugroup\" \/>\n<meta name=\"twitter:label1\" content=\"Est. tempo de leitura\" \/>\n\t<meta name=\"twitter:data1\" content=\"6 minutos\" \/>\n<script type=\"application\/ld+json\" class=\"yoast-schema-graph\">{\"@context\":\"https:\/\/schema.org\",\"@graph\":[{\"@type\":\"WebPage\",\"@id\":\"https:\/\/www.comau.com\/pt-br\/about-us\/success-stories\/a-comau-desenvolve-uma-robotica-colaborativa-guiada-pela-ia-para-automatizar-na-pratica-o-controlo-de-qualidade-na-fiat\/\",\"url\":\"https:\/\/www.comau.com\/pt-br\/about-us\/success-stories\/a-comau-desenvolve-uma-robotica-colaborativa-guiada-pela-ia-para-automatizar-na-pratica-o-controlo-de-qualidade-na-fiat\/\",\"name\":\"a Comau desenvolve uma rob\u00f3tica colaborativa guiada pela ia para automatizar na pr\u00e1tica o controlo de qualidade na Fiat - Comau\",\"isPartOf\":{\"@id\":\"https:\/\/www.comau.com\/pt-br\/#website\"},\"primaryImageOfPage\":{\"@id\":\"https:\/\/www.comau.com\/pt-br\/about-us\/success-stories\/a-comau-desenvolve-uma-robotica-colaborativa-guiada-pela-ia-para-automatizar-na-pratica-o-controlo-de-qualidade-na-fiat\/#primaryimage\"},\"image\":{\"@id\":\"https:\/\/www.comau.com\/pt-br\/about-us\/success-stories\/a-comau-desenvolve-uma-robotica-colaborativa-guiada-pela-ia-para-automatizar-na-pratica-o-controlo-de-qualidade-na-fiat\/#primaryimage\"},\"thumbnailUrl\":\"https:\/\/www.comau.com\/wp-content\/uploads\/2022\/03\/Mira-Dexteer.jpg\",\"datePublished\":\"2022-06-13T15:36:12+00:00\",\"dateModified\":\"2022-06-13T16:05:15+00:00\",\"breadcrumb\":{\"@id\":\"https:\/\/www.comau.com\/pt-br\/about-us\/success-stories\/a-comau-desenvolve-uma-robotica-colaborativa-guiada-pela-ia-para-automatizar-na-pratica-o-controlo-de-qualidade-na-fiat\/#breadcrumb\"},\"inLanguage\":\"pt-BR\",\"potentialAction\":[{\"@type\":\"ReadAction\",\"target\":[\"https:\/\/www.comau.com\/pt-br\/about-us\/success-stories\/a-comau-desenvolve-uma-robotica-colaborativa-guiada-pela-ia-para-automatizar-na-pratica-o-controlo-de-qualidade-na-fiat\/\"]}]},{\"@type\":\"ImageObject\",\"inLanguage\":\"pt-BR\",\"@id\":\"https:\/\/www.comau.com\/pt-br\/about-us\/success-stories\/a-comau-desenvolve-uma-robotica-colaborativa-guiada-pela-ia-para-automatizar-na-pratica-o-controlo-de-qualidade-na-fiat\/#primaryimage\",\"url\":\"https:\/\/www.comau.com\/wp-content\/uploads\/2022\/03\/Mira-Dexteer.jpg\",\"contentUrl\":\"https:\/\/www.comau.com\/wp-content\/uploads\/2022\/03\/Mira-Dexteer.jpg\",\"width\":1450,\"height\":450},{\"@type\":\"BreadcrumbList\",\"@id\":\"https:\/\/www.comau.com\/pt-br\/about-us\/success-stories\/a-comau-desenvolve-uma-robotica-colaborativa-guiada-pela-ia-para-automatizar-na-pratica-o-controlo-de-qualidade-na-fiat\/#breadcrumb\",\"itemListElement\":[{\"@type\":\"ListItem\",\"position\":1,\"name\":\"Home\",\"item\":\"https:\/\/www.comau.com\/pt-br\/\"},{\"@type\":\"ListItem\",\"position\":2,\"name\":\"Sobre a Comau\",\"item\":\"https:\/\/www.comau.com\/pt-br\/about-us\/\"},{\"@type\":\"ListItem\",\"position\":3,\"name\":\"Hist\u00f3rias de sucesso\",\"item\":\"https:\/\/www.comau.com\/pt-br\/about-us\/success-stories\/\"},{\"@type\":\"ListItem\",\"position\":4,\"name\":\"a Comau desenvolve uma rob\u00f3tica colaborativa guiada pela ia para automatizar na pr\u00e1tica o controlo de qualidade na Fiat\"}]},{\"@type\":\"WebSite\",\"@id\":\"https:\/\/www.comau.com\/pt-br\/#website\",\"url\":\"https:\/\/www.comau.com\/pt-br\/\",\"name\":\"Comau\",\"description\":\"Industrial automation and robotics\",\"publisher\":{\"@id\":\"https:\/\/www.comau.com\/pt-br\/#organization\"},\"potentialAction\":[{\"@type\":\"SearchAction\",\"target\":{\"@type\":\"EntryPoint\",\"urlTemplate\":\"https:\/\/www.comau.com\/pt-br\/?s={search_term_string}\"},\"query-input\":{\"@type\":\"PropertyValueSpecification\",\"valueRequired\":true,\"valueName\":\"search_term_string\"}}],\"inLanguage\":\"pt-BR\"},{\"@type\":\"Organization\",\"@id\":\"https:\/\/www.comau.com\/pt-br\/#organization\",\"name\":\"Comau\",\"url\":\"https:\/\/www.comau.com\/pt-br\/\",\"logo\":{\"@type\":\"ImageObject\",\"inLanguage\":\"pt-BR\",\"@id\":\"https:\/\/www.comau.com\/pt-br\/#\/schema\/logo\/image\/\",\"url\":\"https:\/\/www.comau.com\/wp-content\/uploads\/2024\/07\/cropped-Logo-COMAU.png\",\"contentUrl\":\"https:\/\/www.comau.com\/wp-content\/uploads\/2024\/07\/cropped-Logo-COMAU.png\",\"width\":434,\"height\":434,\"caption\":\"Comau\"},\"image\":{\"@id\":\"https:\/\/www.comau.com\/pt-br\/#\/schema\/logo\/image\/\"},\"sameAs\":[\"https:\/\/www.facebook.com\/COMAU\/\",\"https:\/\/x.com\/comaugroup\",\"https:\/\/www.instagram.com\/comaugroup\/\",\"https:\/\/www.linkedin.com\/company\/comau\",\"https:\/\/www.youtube.com\/user\/comau\"]}]}<\/script>\n<!-- \/ Yoast SEO plugin. -->","yoast_head_json":{"title":"a Comau desenvolve uma rob\u00f3tica colaborativa guiada pela ia para automatizar na pr\u00e1tica o controlo de qualidade na Fiat - Comau","robots":{"index":"index","follow":"follow","max-snippet":"max-snippet:-1","max-image-preview":"max-image-preview:large","max-video-preview":"max-video-preview:-1"},"canonical":"https:\/\/www.comau.com\/pt-br\/about-us\/success-stories\/a-comau-desenvolve-uma-robotica-colaborativa-guiada-pela-ia-para-automatizar-na-pratica-o-controlo-de-qualidade-na-fiat\/","og_locale":"pt_BR","og_type":"article","og_title":"a Comau desenvolve uma rob\u00f3tica colaborativa guiada pela ia para automatizar na pr\u00e1tica o controlo de qualidade na Fiat - Comau","og_description":"A performance de um centro de infotainment e de instrumentos depende fortemente da qualidade de seu design e da efici\u00eancia de sua interface homem-m\u00e1quina. Quando a FCA e a marca Fiat solicitaram \u00e0 Comau o desenvolvimento de processos industriais avan\u00e7ados para construir seu primeiro ve\u00edculo totalmente el\u00e9trico, assegurar o excelente desempenho do sistema de infotainment [&hellip;]","og_url":"https:\/\/www.comau.com\/pt-br\/about-us\/success-stories\/a-comau-desenvolve-uma-robotica-colaborativa-guiada-pela-ia-para-automatizar-na-pratica-o-controlo-de-qualidade-na-fiat\/","og_site_name":"Comau","article_publisher":"https:\/\/www.facebook.com\/COMAU\/","article_modified_time":"2022-06-13T16:05:15+00:00","og_image":[{"width":1450,"height":450,"url":"https:\/\/www.comau.com\/wp-content\/uploads\/2022\/03\/Mira-Dexteer.jpg","type":"image\/jpeg"}],"twitter_card":"summary_large_image","twitter_site":"@comaugroup","twitter_misc":{"Est. tempo de leitura":"6 minutos"},"schema":{"@context":"https:\/\/schema.org","@graph":[{"@type":"WebPage","@id":"https:\/\/www.comau.com\/pt-br\/about-us\/success-stories\/a-comau-desenvolve-uma-robotica-colaborativa-guiada-pela-ia-para-automatizar-na-pratica-o-controlo-de-qualidade-na-fiat\/","url":"https:\/\/www.comau.com\/pt-br\/about-us\/success-stories\/a-comau-desenvolve-uma-robotica-colaborativa-guiada-pela-ia-para-automatizar-na-pratica-o-controlo-de-qualidade-na-fiat\/","name":"a Comau desenvolve uma rob\u00f3tica colaborativa guiada pela ia para automatizar na pr\u00e1tica o controlo de qualidade na Fiat - Comau","isPartOf":{"@id":"https:\/\/www.comau.com\/pt-br\/#website"},"primaryImageOfPage":{"@id":"https:\/\/www.comau.com\/pt-br\/about-us\/success-stories\/a-comau-desenvolve-uma-robotica-colaborativa-guiada-pela-ia-para-automatizar-na-pratica-o-controlo-de-qualidade-na-fiat\/#primaryimage"},"image":{"@id":"https:\/\/www.comau.com\/pt-br\/about-us\/success-stories\/a-comau-desenvolve-uma-robotica-colaborativa-guiada-pela-ia-para-automatizar-na-pratica-o-controlo-de-qualidade-na-fiat\/#primaryimage"},"thumbnailUrl":"https:\/\/www.comau.com\/wp-content\/uploads\/2022\/03\/Mira-Dexteer.jpg","datePublished":"2022-06-13T15:36:12+00:00","dateModified":"2022-06-13T16:05:15+00:00","breadcrumb":{"@id":"https:\/\/www.comau.com\/pt-br\/about-us\/success-stories\/a-comau-desenvolve-uma-robotica-colaborativa-guiada-pela-ia-para-automatizar-na-pratica-o-controlo-de-qualidade-na-fiat\/#breadcrumb"},"inLanguage":"pt-BR","potentialAction":[{"@type":"ReadAction","target":["https:\/\/www.comau.com\/pt-br\/about-us\/success-stories\/a-comau-desenvolve-uma-robotica-colaborativa-guiada-pela-ia-para-automatizar-na-pratica-o-controlo-de-qualidade-na-fiat\/"]}]},{"@type":"ImageObject","inLanguage":"pt-BR","@id":"https:\/\/www.comau.com\/pt-br\/about-us\/success-stories\/a-comau-desenvolve-uma-robotica-colaborativa-guiada-pela-ia-para-automatizar-na-pratica-o-controlo-de-qualidade-na-fiat\/#primaryimage","url":"https:\/\/www.comau.com\/wp-content\/uploads\/2022\/03\/Mira-Dexteer.jpg","contentUrl":"https:\/\/www.comau.com\/wp-content\/uploads\/2022\/03\/Mira-Dexteer.jpg","width":1450,"height":450},{"@type":"BreadcrumbList","@id":"https:\/\/www.comau.com\/pt-br\/about-us\/success-stories\/a-comau-desenvolve-uma-robotica-colaborativa-guiada-pela-ia-para-automatizar-na-pratica-o-controlo-de-qualidade-na-fiat\/#breadcrumb","itemListElement":[{"@type":"ListItem","position":1,"name":"Home","item":"https:\/\/www.comau.com\/pt-br\/"},{"@type":"ListItem","position":2,"name":"Sobre a Comau","item":"https:\/\/www.comau.com\/pt-br\/about-us\/"},{"@type":"ListItem","position":3,"name":"Hist\u00f3rias de sucesso","item":"https:\/\/www.comau.com\/pt-br\/about-us\/success-stories\/"},{"@type":"ListItem","position":4,"name":"a Comau desenvolve uma rob\u00f3tica colaborativa guiada pela ia para automatizar na pr\u00e1tica o controlo de qualidade na Fiat"}]},{"@type":"WebSite","@id":"https:\/\/www.comau.com\/pt-br\/#website","url":"https:\/\/www.comau.com\/pt-br\/","name":"Comau","description":"Industrial automation and robotics","publisher":{"@id":"https:\/\/www.comau.com\/pt-br\/#organization"},"potentialAction":[{"@type":"SearchAction","target":{"@type":"EntryPoint","urlTemplate":"https:\/\/www.comau.com\/pt-br\/?s={search_term_string}"},"query-input":{"@type":"PropertyValueSpecification","valueRequired":true,"valueName":"search_term_string"}}],"inLanguage":"pt-BR"},{"@type":"Organization","@id":"https:\/\/www.comau.com\/pt-br\/#organization","name":"Comau","url":"https:\/\/www.comau.com\/pt-br\/","logo":{"@type":"ImageObject","inLanguage":"pt-BR","@id":"https:\/\/www.comau.com\/pt-br\/#\/schema\/logo\/image\/","url":"https:\/\/www.comau.com\/wp-content\/uploads\/2024\/07\/cropped-Logo-COMAU.png","contentUrl":"https:\/\/www.comau.com\/wp-content\/uploads\/2024\/07\/cropped-Logo-COMAU.png","width":434,"height":434,"caption":"Comau"},"image":{"@id":"https:\/\/www.comau.com\/pt-br\/#\/schema\/logo\/image\/"},"sameAs":["https:\/\/www.facebook.com\/COMAU\/","https:\/\/x.com\/comaugroup","https:\/\/www.instagram.com\/comaugroup\/","https:\/\/www.linkedin.com\/company\/comau","https:\/\/www.youtube.com\/user\/comau"]}]}},"_links":{"self":[{"href":"https:\/\/www.comau.com\/pt-br\/wp-json\/wp\/v2\/pages\/45765","targetHints":{"allow":["GET"]}}],"collection":[{"href":"https:\/\/www.comau.com\/pt-br\/wp-json\/wp\/v2\/pages"}],"about":[{"href":"https:\/\/www.comau.com\/pt-br\/wp-json\/wp\/v2\/types\/page"}],"author":[{"embeddable":true,"href":"https:\/\/www.comau.com\/pt-br\/wp-json\/wp\/v2\/users\/19"}],"replies":[{"embeddable":true,"href":"https:\/\/www.comau.com\/pt-br\/wp-json\/wp\/v2\/comments?post=45765"}],"version-history":[{"count":8,"href":"https:\/\/www.comau.com\/pt-br\/wp-json\/wp\/v2\/pages\/45765\/revisions"}],"predecessor-version":[{"id":45959,"href":"https:\/\/www.comau.com\/pt-br\/wp-json\/wp\/v2\/pages\/45765\/revisions\/45959"}],"up":[{"embeddable":true,"href":"https:\/\/www.comau.com\/pt-br\/wp-json\/wp\/v2\/pages\/41300"}],"wp:featuredmedia":[{"embeddable":true,"href":"https:\/\/www.comau.com\/pt-br\/wp-json\/wp\/v2\/media\/43852"}],"wp:attachment":[{"href":"https:\/\/www.comau.com\/pt-br\/wp-json\/wp\/v2\/media?parent=45765"}],"curies":[{"name":"wp","href":"https:\/\/api.w.org\/{rel}","templated":true}]}}