{"id":44821,"date":"2022-04-11T14:56:27","date_gmt":"2022-04-11T12:56:27","guid":{"rendered":"https:\/\/www.comau.com\/?page_id=44821"},"modified":"2023-05-31T10:16:32","modified_gmt":"2023-05-31T08:16:32","slug":"linha-de-montagem-de-motores-eletricos-da-comau-duplica-a-taxa-de-automacao-da-geely-veremt","status":"publish","type":"page","link":"https:\/\/www.comau.com\/pt-br\/about-us\/success-stories\/linha-de-montagem-de-motores-eletricos-da-comau-duplica-a-taxa-de-automacao-da-geely-veremt\/","title":{"rendered":"Linha de montagem de motores el\u00e9tricos da Comau duplica a taxa de automa\u00e7\u00e3o da Geely Vremt"},"content":{"rendered":"\n<div class=\"wp-block-group mt-5\"><div class=\"wp-block-group__inner-container is-layout-flow wp-block-group-is-layout-flow\">\n<p>A crescente demanda mundial por ve\u00edculos de baixa emiss\u00e3o est\u00e1 levando a Geely Automobile Holdings a adotar estrat\u00e9gias de produ\u00e7\u00e3o cada vez mais inovadoras, voltadas para as necessidades espec\u00edficas da fabrica\u00e7\u00e3o de ve\u00edculos el\u00e9tricos e h\u00edbridos. Para atingir este objetivo, o Grupo Geely precisava intensificar a produ\u00e7\u00e3o de alta qualidade de seus componentes de motores el\u00e9tricos. E a Comau, empresa especializada em automa\u00e7\u00e3o industrial, foi a escolhida para desenvolver e implementar uma nova linha de montagem <em>e-drive<\/em>, que ir\u00e1 garantir a produ\u00e7\u00e3o \u00e1gil, de ponta a ponta, de motores el\u00e9tricos, caixas de transmiss\u00e3o e inversores, na planta Geely Vremt. O projeto exigiria que a Comau aumentasse a taxa de automa\u00e7\u00e3o da Geely de 40% a 80%, mantendo, ao mesmo tempo, as melhores pr\u00e1ticas de manufatura e a capacidade total de produ\u00e7\u00e3o de 120.000 unidades por ano.<\/p>\n\n\n\n<figure class=\"wp-block-image size-full is-resized\"><img decoding=\"async\" src=\"https:\/\/www.comau.com\/wp-content\/uploads\/2022\/04\/Geely_car-6.jpg\" alt=\"\" class=\"wp-image-44941\" width=\"1082\" height=\"432\" srcset=\"https:\/\/www.comau.com\/wp-content\/uploads\/2022\/04\/Geely_car-6.jpg 840w, https:\/\/www.comau.com\/wp-content\/uploads\/2022\/04\/Geely_car-6-300x120.jpg 300w, https:\/\/www.comau.com\/wp-content\/uploads\/2022\/04\/Geely_car-6-768x306.jpg 768w\" sizes=\"(max-width: 1082px) 100vw, 1082px\" \/><\/figure>\n<\/div><\/div>\n\n\n\n<div class=\"wp-block-group wide-section-light-1 py-5 my-5\"><div class=\"wp-block-group__inner-container is-layout-flow wp-block-group-is-layout-flow\">\n<blockquote class=\"wp-block-quote success-story-quote is-layout-flow wp-block-quote-is-layout-flow\">\n<p>\u201cNossa meta de expandir a produtividade sem comprometer a confiabilidade j\u00e1 reconhecida e que faz o sucesso da marca Zeekr em todo o mundo foi clara desde o in\u00edcio,\u201d enfatizou Sun Yongjing, Vice-Presidente da Geely Vremt. \u201cGra\u00e7as \u00e0 estreita colabora\u00e7\u00e3o com a Comau, obtivemos um aumento significativo na agilidade e efici\u00eancia dos nossos processos de fabrica\u00e7\u00e3o. Al\u00e9m disso, as solu\u00e7\u00f5es de montagem inovadoras e altamente automatizadas permitiram duplicar nossa capacidade atual e, ao mesmo tempo, garantir a qualidade excepcional que nossos clientes esperam.\u201d<\/p>\n<cite><strong>Sun Yongjing, Vice-Presidente da Geely Vremt.<\/strong><\/cite><\/blockquote>\n<\/div><\/div>\n\n\n\n<div class=\"wp-block-columns is-layout-flex wp-container-core-columns-is-layout-9d6595d7 wp-block-columns-is-layout-flex\">\n<div class=\"wp-block-column is-layout-flow wp-block-column-is-layout-flow\">\n<h2 class=\"h3 wp-block-heading\" id=\"the-challenge\">O Desafio<\/h2>\n\n\n\n<p>A Geely Vremt desafiou a Comau a desenvolver uma solu\u00e7\u00e3o de montagem <em>e-drive<\/em> de alta velocidade que iria automatizar, de ponta a ponta, a produ\u00e7\u00e3o de motores el\u00e9tricos, caixas de transmiss\u00e3o e inversores. A Geely desejava tamb\u00e9m aumentar o n\u00edvel geral de automa\u00e7\u00e3o da f\u00e1brica e melhorar a efici\u00eancia do fluxo de trabalho. Finalmente, a solu\u00e7\u00e3o deveria manter os rigorosos par\u00e2metros de qualidade do cliente, ainda que com a capacidade de produ\u00e7\u00e3o esperada de mais de 100.000 unidades por ano.<\/p>\n\n\n\n<p>Considerado o alto n\u00edvel de complexidade, os engenheiros da Comau e da Geely trabalharam em sinergia durante todo o projeto. Aplicando a experi\u00eancia extensa em montagem de motores, a Comau reuniu as melhores tecnologias e inova\u00e7\u00f5es de engenharia para alcan\u00e7ar os objetivos de produ\u00e7\u00e3o de larga escala do cliente. Em conjunto, as equipes de engenharia enfrentaram desafios t\u00e9cnicos e de processo, incluindo atividades de otimiza\u00e7\u00e3o da inser\u00e7\u00e3o do bloco magn\u00e9tico e inje\u00e7\u00e3o do rotor, al\u00e9m de problemas de automa\u00e7\u00e3o variados, relativos ao carregamento de alta velocidade, montagem e a fase de testes.<\/p>\n<\/div>\n\n\n\n<div class=\"wp-block-column is-layout-flow wp-block-column-is-layout-flow\">\n<h2 class=\"h3 wp-block-heading\" id=\"the-solution\">A Solu\u00e7\u00e3o<\/h2>\n\n\n\n<p>A montagem de rotores do motor de \u00edm\u00e3 permanente foi realizada com a utiliza\u00e7\u00e3o de solu\u00e7\u00f5es com diversos rob\u00f4s, magnetiza\u00e7\u00e3o autom\u00e1tica, detec\u00e7\u00e3o e processos de produ\u00e7\u00e3o espec\u00edficos. A linha oferece sistema de vis\u00e3o 3D para guia e posicionamento, instala\u00e7\u00e3o autom\u00e1tica de im\u00e3s em alta velocidade, inje\u00e7\u00e3o autom\u00e1tica de n\u00facleos de rotor e corre\u00e7\u00e3o autom\u00e1tica do equil\u00edbrio din\u00e2mico de dupla posi\u00e7\u00e3o, magnetiza\u00e7\u00e3o e muito mais.&nbsp;<\/p>\n\n\n\n<p>Para automatizar a linha de produ\u00e7\u00e3o das caixas de transmiss\u00e3o, a Comau utilizou um transportador Bosch TS2, um sistema flex\u00edvel de produ\u00e7\u00e3o e diversos rob\u00f4s para efetuar o desempilhamento autom\u00e1tico, al\u00e9m de outros processos essenciais. O teste das malhas de engrenagem online, servo-prensas Kistler, montagem de eixos e a tecnologia de encaixotamento, tamb\u00e9m foram totalmente automatizados. De fato, os n\u00edveis de inova\u00e7\u00e3o na automa\u00e7\u00e3o e os processos usados na linha podem ser considerados, certamente, como dos melhores da ind\u00fastria.<\/p>\n\n\n\n<p>A parte final da solu\u00e7\u00e3o automatiza o conjunto de acionamento&nbsp; el\u00e9trico, com base em uma configura\u00e7\u00e3o de bandeja de rolos. A linha completa inclui conjunto avan\u00e7ado tr\u00eas em um, para alojamento do estator do motor, testes est\u00e1tico e din\u00e2mico do motor, alimenta\u00e7\u00e3o e prensagem autom\u00e1tica de rolamentos, coloca\u00e7\u00e3o e aperto autom\u00e1tico de parafusos, e a medi\u00e7\u00e3o e sele\u00e7\u00e3o autom\u00e1tica de juntas.<\/p>\n\n\n\n<p>Al\u00e9m de gerenciar as complexidades t\u00e9cnicas do projeto, a equipe de implementa\u00e7\u00e3o teve que enfrentar as dificuldades de suprimento provocadas pela pandemia de COVID-19 e as mudan\u00e7as de otimiza\u00e7\u00e3o do produto ap\u00f3s a entrega. No entanto, gra\u00e7as ao atendimento r\u00e1pido e eficaz das demandas, a produ\u00e7\u00e3o em escala foi iniciada oficialmente no fim de 2021.&nbsp;&nbsp;<\/p>\n<\/div>\n<\/div>\n\n\n\n<div class=\"wp-block-group wide-section-light-1 py-5 my-5\"><div class=\"wp-block-group__inner-container is-layout-flow wp-block-group-is-layout-flow\">\n<h2 class=\"h2 wp-block-heading\" id=\"the-results\">Os Resultados<\/h2>\n\n\n\n<p>A Comau forneceu \u00e0 Geely uma solu\u00e7\u00e3o de processo poderosa que assegura maior qualidade e melhor rendimento, em menos tempo. A execu\u00e7\u00e3o bem-sucedida deste projeto tamb\u00e9m cria uma oportunidade concreta para a Geely capitalizar sobre o crescente interesse pelos ve\u00edculos el\u00e9tricos. Uma pesquisa de mercado da IHS Markit indica que os ve\u00edculos el\u00e9tricos podem representar at\u00e9 80% das vendas de carros novos em 2050. Com sua taxa de automa\u00e7\u00e3o aumentada e capacidade total de produ\u00e7\u00e3o ampliada, a f\u00e1brica da Geely Vremt est\u00e1 pronta para atender esse n\u00edvel de demanda mundial. E o que \u00e9 mais importante, a empresa pode contar com o suporte cont\u00ednuo da Comau durante todo o ciclo de vida do projeto.\u00a0<\/p>\n\n\n\n<div class=\"wp-block-columns is-layout-flex wp-container-core-columns-is-layout-9d6595d7 wp-block-columns-is-layout-flex\">\n<div class=\"wp-block-column is-layout-flow wp-block-column-is-layout-flow\">\n<div class=\"wp-block-getwid-counter\"><div class=\"wp-block-getwid-counter__wrapper\" data-start=\"0\" data-end=\"2\" data-decimal-places=\"0\" data-duration=\"3\" data-use-easing=\"true\" data-use-grouping=\"true\" data-separator=\",\" data-decimal=\".\" data-easing-fn=\"outExpo\" data-numerals=\"default\"><p class=\"wp-block-getwid-counter__prefix\">x<\/p><span class=\"wp-block-getwid-counter__number\">0<\/span><\/div><\/div>\n\n\n\n<p>Taxa de automa\u00e7\u00e3o da f\u00e1brica<\/p>\n<\/div>\n\n\n\n<div class=\"wp-block-column is-layout-flow wp-block-column-is-layout-flow\">\n<div class=\"wp-block-getwid-counter\"><div class=\"wp-block-getwid-counter__wrapper\" data-start=\"0\" data-end=\"120\" data-decimal-places=\"0\" data-duration=\"3\" data-use-easing=\"true\" data-use-grouping=\"true\" data-separator=\",\" data-decimal=\".\" data-easing-fn=\"outExpo\" data-numerals=\"default\"><span class=\"wp-block-getwid-counter__number\">0<\/span><p class=\"wp-block-getwid-counter__suffix\">mil<\/p><\/div><\/div>\n\n\n\n<p>Capacidade total de produ\u00e7\u00e3o unidades por ano<\/p>\n<\/div>\n\n\n\n<div class=\"wp-block-column is-layout-flow wp-block-column-is-layout-flow\">\n<div class=\"wp-block-getwid-counter\"><div class=\"wp-block-getwid-counter__wrapper\" data-start=\"0\" data-end=\"360\" data-decimal-places=\"0\" data-duration=\"3\" data-use-easing=\"true\" data-use-grouping=\"true\" data-separator=\",\" data-decimal=\".\" data-easing-fn=\"outExpo\" data-numerals=\"default\"><span class=\"wp-block-getwid-counter__number\">0<\/span><p class=\"wp-block-getwid-counter__suffix\">graus<\/p><\/div><\/div>\n\n\n\n<p>Solu\u00e7\u00e3o de montagem de ponta a ponta em alta velocidade<\/p>\n<\/div>\n<\/div>\n<\/div><\/div>\n","protected":false},"excerpt":{"rendered":"<p>A crescente demanda mundial por ve\u00edculos de baixa emiss\u00e3o est\u00e1 levando a Geely Automobile Holdings a adotar estrat\u00e9gias de produ\u00e7\u00e3o cada vez mais inovadoras, voltadas para as necessidades espec\u00edficas da fabrica\u00e7\u00e3o de ve\u00edculos el\u00e9tricos e h\u00edbridos. Para atingir este objetivo, o Grupo Geely precisava intensificar a produ\u00e7\u00e3o de alta qualidade de seus componentes de motores [&hellip;]<\/p>\n","protected":false},"author":15,"featured_media":44839,"parent":41300,"menu_order":10,"comment_status":"closed","ping_status":"closed","template":"","meta":{"_acf_changed":false,"ep_exclude_from_search":false,"footnotes":""},"class_list":["post-44821","page","type-page","status-publish","has-post-thumbnail","hentry"],"acf":[],"yoast_head":"<!-- This site is optimized with the Yoast SEO plugin v26.9 - https:\/\/yoast.com\/product\/yoast-seo-wordpress\/ -->\n<title>Linha de montagem de motores el\u00e9tricos da Comau duplica a taxa de automa\u00e7\u00e3o da Geely Vremt - Comau<\/title>\n<meta name=\"robots\" content=\"index, follow, max-snippet:-1, max-image-preview:large, max-video-preview:-1\" \/>\n<link rel=\"canonical\" href=\"https:\/\/www.comau.com\/pt-br\/about-us\/success-stories\/linha-de-montagem-de-motores-eletricos-da-comau-duplica-a-taxa-de-automacao-da-geely-veremt\/\" \/>\n<meta property=\"og:locale\" content=\"pt_BR\" \/>\n<meta property=\"og:type\" content=\"article\" \/>\n<meta property=\"og:title\" content=\"Linha de montagem de motores el\u00e9tricos da Comau duplica a taxa de automa\u00e7\u00e3o da Geely Vremt - Comau\" \/>\n<meta property=\"og:description\" content=\"A crescente demanda mundial por ve\u00edculos de baixa emiss\u00e3o est\u00e1 levando a Geely Automobile Holdings a adotar estrat\u00e9gias de produ\u00e7\u00e3o cada vez mais inovadoras, voltadas para as necessidades espec\u00edficas da fabrica\u00e7\u00e3o de ve\u00edculos el\u00e9tricos e h\u00edbridos. Para atingir este objetivo, o Grupo Geely precisava intensificar a produ\u00e7\u00e3o de alta qualidade de seus componentes de motores [&hellip;]\" \/>\n<meta property=\"og:url\" content=\"https:\/\/www.comau.com\/pt-br\/about-us\/success-stories\/linha-de-montagem-de-motores-eletricos-da-comau-duplica-a-taxa-de-automacao-da-geely-veremt\/\" \/>\n<meta property=\"og:site_name\" content=\"Comau\" \/>\n<meta property=\"article:publisher\" content=\"https:\/\/www.facebook.com\/COMAU\/\" \/>\n<meta property=\"article:modified_time\" content=\"2023-05-31T08:16:32+00:00\" \/>\n<meta property=\"og:image\" content=\"https:\/\/www.comau.com\/wp-content\/uploads\/2022\/04\/Comau_Geely-Veremt_electric-drive-assembly_HERO-scaled.jpg\" \/>\n\t<meta property=\"og:image:width\" content=\"2560\" \/>\n\t<meta property=\"og:image:height\" content=\"794\" \/>\n\t<meta property=\"og:image:type\" content=\"image\/jpeg\" \/>\n<meta name=\"twitter:card\" content=\"summary_large_image\" \/>\n<meta name=\"twitter:site\" content=\"@comaugroup\" \/>\n<meta name=\"twitter:label1\" content=\"Est. tempo de leitura\" \/>\n\t<meta name=\"twitter:data1\" content=\"5 minutos\" \/>\n<script type=\"application\/ld+json\" class=\"yoast-schema-graph\">{\"@context\":\"https:\/\/schema.org\",\"@graph\":[{\"@type\":\"WebPage\",\"@id\":\"https:\/\/www.comau.com\/pt-br\/about-us\/success-stories\/linha-de-montagem-de-motores-eletricos-da-comau-duplica-a-taxa-de-automacao-da-geely-veremt\/\",\"url\":\"https:\/\/www.comau.com\/pt-br\/about-us\/success-stories\/linha-de-montagem-de-motores-eletricos-da-comau-duplica-a-taxa-de-automacao-da-geely-veremt\/\",\"name\":\"Linha de montagem de motores el\u00e9tricos da Comau duplica a taxa de automa\u00e7\u00e3o da Geely Vremt - Comau\",\"isPartOf\":{\"@id\":\"https:\/\/www.comau.com\/pt-br\/#website\"},\"primaryImageOfPage\":{\"@id\":\"https:\/\/www.comau.com\/pt-br\/about-us\/success-stories\/linha-de-montagem-de-motores-eletricos-da-comau-duplica-a-taxa-de-automacao-da-geely-veremt\/#primaryimage\"},\"image\":{\"@id\":\"https:\/\/www.comau.com\/pt-br\/about-us\/success-stories\/linha-de-montagem-de-motores-eletricos-da-comau-duplica-a-taxa-de-automacao-da-geely-veremt\/#primaryimage\"},\"thumbnailUrl\":\"https:\/\/www.comau.com\/wp-content\/uploads\/2022\/04\/Comau_Geely-Veremt_electric-drive-assembly_HERO-scaled.jpg\",\"datePublished\":\"2022-04-11T12:56:27+00:00\",\"dateModified\":\"2023-05-31T08:16:32+00:00\",\"breadcrumb\":{\"@id\":\"https:\/\/www.comau.com\/pt-br\/about-us\/success-stories\/linha-de-montagem-de-motores-eletricos-da-comau-duplica-a-taxa-de-automacao-da-geely-veremt\/#breadcrumb\"},\"inLanguage\":\"pt-BR\",\"potentialAction\":[{\"@type\":\"ReadAction\",\"target\":[\"https:\/\/www.comau.com\/pt-br\/about-us\/success-stories\/linha-de-montagem-de-motores-eletricos-da-comau-duplica-a-taxa-de-automacao-da-geely-veremt\/\"]}]},{\"@type\":\"ImageObject\",\"inLanguage\":\"pt-BR\",\"@id\":\"https:\/\/www.comau.com\/pt-br\/about-us\/success-stories\/linha-de-montagem-de-motores-eletricos-da-comau-duplica-a-taxa-de-automacao-da-geely-veremt\/#primaryimage\",\"url\":\"https:\/\/www.comau.com\/wp-content\/uploads\/2022\/04\/Comau_Geely-Veremt_electric-drive-assembly_HERO-scaled.jpg\",\"contentUrl\":\"https:\/\/www.comau.com\/wp-content\/uploads\/2022\/04\/Comau_Geely-Veremt_electric-drive-assembly_HERO-scaled.jpg\",\"width\":2560,\"height\":794},{\"@type\":\"BreadcrumbList\",\"@id\":\"https:\/\/www.comau.com\/pt-br\/about-us\/success-stories\/linha-de-montagem-de-motores-eletricos-da-comau-duplica-a-taxa-de-automacao-da-geely-veremt\/#breadcrumb\",\"itemListElement\":[{\"@type\":\"ListItem\",\"position\":1,\"name\":\"Home\",\"item\":\"https:\/\/www.comau.com\/pt-br\/\"},{\"@type\":\"ListItem\",\"position\":2,\"name\":\"Sobre a Comau\",\"item\":\"https:\/\/www.comau.com\/pt-br\/about-us\/\"},{\"@type\":\"ListItem\",\"position\":3,\"name\":\"Hist\u00f3rias de sucesso\",\"item\":\"https:\/\/www.comau.com\/pt-br\/about-us\/success-stories\/\"},{\"@type\":\"ListItem\",\"position\":4,\"name\":\"Linha de montagem de motores el\u00e9tricos da Comau duplica a taxa de automa\u00e7\u00e3o da Geely Vremt\"}]},{\"@type\":\"WebSite\",\"@id\":\"https:\/\/www.comau.com\/pt-br\/#website\",\"url\":\"https:\/\/www.comau.com\/pt-br\/\",\"name\":\"Comau\",\"description\":\"Industrial automation and robotics\",\"publisher\":{\"@id\":\"https:\/\/www.comau.com\/pt-br\/#organization\"},\"potentialAction\":[{\"@type\":\"SearchAction\",\"target\":{\"@type\":\"EntryPoint\",\"urlTemplate\":\"https:\/\/www.comau.com\/pt-br\/?s={search_term_string}\"},\"query-input\":{\"@type\":\"PropertyValueSpecification\",\"valueRequired\":true,\"valueName\":\"search_term_string\"}}],\"inLanguage\":\"pt-BR\"},{\"@type\":\"Organization\",\"@id\":\"https:\/\/www.comau.com\/pt-br\/#organization\",\"name\":\"Comau\",\"url\":\"https:\/\/www.comau.com\/pt-br\/\",\"logo\":{\"@type\":\"ImageObject\",\"inLanguage\":\"pt-BR\",\"@id\":\"https:\/\/www.comau.com\/pt-br\/#\/schema\/logo\/image\/\",\"url\":\"https:\/\/www.comau.com\/wp-content\/uploads\/2024\/07\/cropped-Logo-COMAU.png\",\"contentUrl\":\"https:\/\/www.comau.com\/wp-content\/uploads\/2024\/07\/cropped-Logo-COMAU.png\",\"width\":434,\"height\":434,\"caption\":\"Comau\"},\"image\":{\"@id\":\"https:\/\/www.comau.com\/pt-br\/#\/schema\/logo\/image\/\"},\"sameAs\":[\"https:\/\/www.facebook.com\/COMAU\/\",\"https:\/\/x.com\/comaugroup\",\"https:\/\/www.instagram.com\/comaugroup\/\",\"https:\/\/www.linkedin.com\/company\/comau\",\"https:\/\/www.youtube.com\/user\/comau\"]}]}<\/script>\n<!-- \/ Yoast SEO plugin. -->","yoast_head_json":{"title":"Linha de montagem de motores el\u00e9tricos da Comau duplica a taxa de automa\u00e7\u00e3o da Geely Vremt - Comau","robots":{"index":"index","follow":"follow","max-snippet":"max-snippet:-1","max-image-preview":"max-image-preview:large","max-video-preview":"max-video-preview:-1"},"canonical":"https:\/\/www.comau.com\/pt-br\/about-us\/success-stories\/linha-de-montagem-de-motores-eletricos-da-comau-duplica-a-taxa-de-automacao-da-geely-veremt\/","og_locale":"pt_BR","og_type":"article","og_title":"Linha de montagem de motores el\u00e9tricos da Comau duplica a taxa de automa\u00e7\u00e3o da Geely Vremt - Comau","og_description":"A crescente demanda mundial por ve\u00edculos de baixa emiss\u00e3o est\u00e1 levando a Geely Automobile Holdings a adotar estrat\u00e9gias de produ\u00e7\u00e3o cada vez mais inovadoras, voltadas para as necessidades espec\u00edficas da fabrica\u00e7\u00e3o de ve\u00edculos el\u00e9tricos e h\u00edbridos. Para atingir este objetivo, o Grupo Geely precisava intensificar a produ\u00e7\u00e3o de alta qualidade de seus componentes de motores [&hellip;]","og_url":"https:\/\/www.comau.com\/pt-br\/about-us\/success-stories\/linha-de-montagem-de-motores-eletricos-da-comau-duplica-a-taxa-de-automacao-da-geely-veremt\/","og_site_name":"Comau","article_publisher":"https:\/\/www.facebook.com\/COMAU\/","article_modified_time":"2023-05-31T08:16:32+00:00","og_image":[{"width":2560,"height":794,"url":"https:\/\/www.comau.com\/wp-content\/uploads\/2022\/04\/Comau_Geely-Veremt_electric-drive-assembly_HERO-scaled.jpg","type":"image\/jpeg"}],"twitter_card":"summary_large_image","twitter_site":"@comaugroup","twitter_misc":{"Est. tempo de leitura":"5 minutos"},"schema":{"@context":"https:\/\/schema.org","@graph":[{"@type":"WebPage","@id":"https:\/\/www.comau.com\/pt-br\/about-us\/success-stories\/linha-de-montagem-de-motores-eletricos-da-comau-duplica-a-taxa-de-automacao-da-geely-veremt\/","url":"https:\/\/www.comau.com\/pt-br\/about-us\/success-stories\/linha-de-montagem-de-motores-eletricos-da-comau-duplica-a-taxa-de-automacao-da-geely-veremt\/","name":"Linha de montagem de motores el\u00e9tricos da Comau duplica a taxa de automa\u00e7\u00e3o da Geely Vremt - Comau","isPartOf":{"@id":"https:\/\/www.comau.com\/pt-br\/#website"},"primaryImageOfPage":{"@id":"https:\/\/www.comau.com\/pt-br\/about-us\/success-stories\/linha-de-montagem-de-motores-eletricos-da-comau-duplica-a-taxa-de-automacao-da-geely-veremt\/#primaryimage"},"image":{"@id":"https:\/\/www.comau.com\/pt-br\/about-us\/success-stories\/linha-de-montagem-de-motores-eletricos-da-comau-duplica-a-taxa-de-automacao-da-geely-veremt\/#primaryimage"},"thumbnailUrl":"https:\/\/www.comau.com\/wp-content\/uploads\/2022\/04\/Comau_Geely-Veremt_electric-drive-assembly_HERO-scaled.jpg","datePublished":"2022-04-11T12:56:27+00:00","dateModified":"2023-05-31T08:16:32+00:00","breadcrumb":{"@id":"https:\/\/www.comau.com\/pt-br\/about-us\/success-stories\/linha-de-montagem-de-motores-eletricos-da-comau-duplica-a-taxa-de-automacao-da-geely-veremt\/#breadcrumb"},"inLanguage":"pt-BR","potentialAction":[{"@type":"ReadAction","target":["https:\/\/www.comau.com\/pt-br\/about-us\/success-stories\/linha-de-montagem-de-motores-eletricos-da-comau-duplica-a-taxa-de-automacao-da-geely-veremt\/"]}]},{"@type":"ImageObject","inLanguage":"pt-BR","@id":"https:\/\/www.comau.com\/pt-br\/about-us\/success-stories\/linha-de-montagem-de-motores-eletricos-da-comau-duplica-a-taxa-de-automacao-da-geely-veremt\/#primaryimage","url":"https:\/\/www.comau.com\/wp-content\/uploads\/2022\/04\/Comau_Geely-Veremt_electric-drive-assembly_HERO-scaled.jpg","contentUrl":"https:\/\/www.comau.com\/wp-content\/uploads\/2022\/04\/Comau_Geely-Veremt_electric-drive-assembly_HERO-scaled.jpg","width":2560,"height":794},{"@type":"BreadcrumbList","@id":"https:\/\/www.comau.com\/pt-br\/about-us\/success-stories\/linha-de-montagem-de-motores-eletricos-da-comau-duplica-a-taxa-de-automacao-da-geely-veremt\/#breadcrumb","itemListElement":[{"@type":"ListItem","position":1,"name":"Home","item":"https:\/\/www.comau.com\/pt-br\/"},{"@type":"ListItem","position":2,"name":"Sobre a Comau","item":"https:\/\/www.comau.com\/pt-br\/about-us\/"},{"@type":"ListItem","position":3,"name":"Hist\u00f3rias de sucesso","item":"https:\/\/www.comau.com\/pt-br\/about-us\/success-stories\/"},{"@type":"ListItem","position":4,"name":"Linha de montagem de motores el\u00e9tricos da Comau duplica a taxa de automa\u00e7\u00e3o da Geely Vremt"}]},{"@type":"WebSite","@id":"https:\/\/www.comau.com\/pt-br\/#website","url":"https:\/\/www.comau.com\/pt-br\/","name":"Comau","description":"Industrial automation and robotics","publisher":{"@id":"https:\/\/www.comau.com\/pt-br\/#organization"},"potentialAction":[{"@type":"SearchAction","target":{"@type":"EntryPoint","urlTemplate":"https:\/\/www.comau.com\/pt-br\/?s={search_term_string}"},"query-input":{"@type":"PropertyValueSpecification","valueRequired":true,"valueName":"search_term_string"}}],"inLanguage":"pt-BR"},{"@type":"Organization","@id":"https:\/\/www.comau.com\/pt-br\/#organization","name":"Comau","url":"https:\/\/www.comau.com\/pt-br\/","logo":{"@type":"ImageObject","inLanguage":"pt-BR","@id":"https:\/\/www.comau.com\/pt-br\/#\/schema\/logo\/image\/","url":"https:\/\/www.comau.com\/wp-content\/uploads\/2024\/07\/cropped-Logo-COMAU.png","contentUrl":"https:\/\/www.comau.com\/wp-content\/uploads\/2024\/07\/cropped-Logo-COMAU.png","width":434,"height":434,"caption":"Comau"},"image":{"@id":"https:\/\/www.comau.com\/pt-br\/#\/schema\/logo\/image\/"},"sameAs":["https:\/\/www.facebook.com\/COMAU\/","https:\/\/x.com\/comaugroup","https:\/\/www.instagram.com\/comaugroup\/","https:\/\/www.linkedin.com\/company\/comau","https:\/\/www.youtube.com\/user\/comau"]}]}},"_links":{"self":[{"href":"https:\/\/www.comau.com\/pt-br\/wp-json\/wp\/v2\/pages\/44821","targetHints":{"allow":["GET"]}}],"collection":[{"href":"https:\/\/www.comau.com\/pt-br\/wp-json\/wp\/v2\/pages"}],"about":[{"href":"https:\/\/www.comau.com\/pt-br\/wp-json\/wp\/v2\/types\/page"}],"author":[{"embeddable":true,"href":"https:\/\/www.comau.com\/pt-br\/wp-json\/wp\/v2\/users\/15"}],"replies":[{"embeddable":true,"href":"https:\/\/www.comau.com\/pt-br\/wp-json\/wp\/v2\/comments?post=44821"}],"version-history":[{"count":7,"href":"https:\/\/www.comau.com\/pt-br\/wp-json\/wp\/v2\/pages\/44821\/revisions"}],"predecessor-version":[{"id":54086,"href":"https:\/\/www.comau.com\/pt-br\/wp-json\/wp\/v2\/pages\/44821\/revisions\/54086"}],"up":[{"embeddable":true,"href":"https:\/\/www.comau.com\/pt-br\/wp-json\/wp\/v2\/pages\/41300"}],"wp:featuredmedia":[{"embeddable":true,"href":"https:\/\/www.comau.com\/pt-br\/wp-json\/wp\/v2\/media\/44839"}],"wp:attachment":[{"href":"https:\/\/www.comau.com\/pt-br\/wp-json\/wp\/v2\/media?parent=44821"}],"curies":[{"name":"wp","href":"https:\/\/api.w.org\/{rel}","templated":true}]}}