{"id":44383,"date":"2022-04-01T09:55:32","date_gmt":"2022-04-01T07:55:32","guid":{"rendered":"https:\/\/www.comau.com\/?page_id=44383"},"modified":"2022-04-05T10:52:08","modified_gmt":"2022-04-05T08:52:08","slug":"c5g-plus","status":"publish","type":"page","link":"https:\/\/www.comau.com\/pt-br\/competencies\/products-solutions\/controls-auxiliary-equipment\/c5g-plus\/","title":{"rendered":"C5G Plus"},"content":{"rendered":"\n<h2 class=\"wp-block-heading\">Todas as suas necessidades sob controle<\/h2>\n\n\n\n<p>Processamento r\u00e1pido, sistema modular para as unidades de acionamento, I\/O e fieldbus, espa\u00e7o livre e ergon\u00f4mico para integra\u00e7\u00e3o de fun\u00e7\u00f5es, dimens\u00f5es compactas. Tudo o que voc\u00ea precisa sob controle.<\/p>\n\n\n\n<h2 class=\"wp-block-heading\">Alto poder de processamento<\/h2>\n\n\n\n<p>O CG5 utiliza a \u00faltima gera\u00e7\u00e3o de computadores industriais APC820 com tecnologia Core2 Duo na CPU, que \u00e9 capaz de obter altas performances com baixo consumo de energia.<\/p>\n\n\n\n<div class=\"wp-block-image\"><figure class=\"aligncenter size-large is-resized\"><img decoding=\"async\" src=\"https:\/\/www.comau.com\/wp-content\/uploads\/2022\/04\/C5G-Plus-816x1024.jpg\" alt=\"\" class=\"wp-image-44401\" width=\"408\" height=\"512\" srcset=\"https:\/\/www.comau.com\/wp-content\/uploads\/2022\/04\/C5G-Plus-816x1024.jpg 816w, https:\/\/www.comau.com\/wp-content\/uploads\/2022\/04\/C5G-Plus-239x300.jpg 239w, https:\/\/www.comau.com\/wp-content\/uploads\/2022\/04\/C5G-Plus-768x964.jpg 768w, https:\/\/www.comau.com\/wp-content\/uploads\/2022\/04\/C5G-Plus-1224x1536.jpg 1224w, https:\/\/www.comau.com\/wp-content\/uploads\/2022\/04\/C5G-Plus.jpg 1253w\" sizes=\"(max-width: 408px) 100vw, 408px\" \/><\/figure><\/div>\n\n\n\n<h2 class=\"wp-block-heading\">Economia de energia<\/h2>\n\n\n\n<ul class=\"wp-block-list\"><li>Menor consumo em modo stand by, baixo consumo durante opera\u00e7\u00f5es<\/li><li>Sistema de arrefecimento proporcional \u00e0s opera\u00e7\u00f5es das unidades de controle<\/li><li>Sistema de rede de recupera\u00e7\u00e3o de energia, com um programa de conte\u00fado altamente din\u00e2mico<\/li><\/ul>\n\n\n\n<h2 class=\"wp-block-heading\">Flexibilidade e confiabilidade<\/h2>\n\n\n\n<p>A nova gera\u00e7\u00e3o de fieldbuses baseada na tecnologia Hilscher, integrada por B&amp;R em fam\u00edlia remota I\/O X20, garante uma interface flex\u00edvel e confi\u00e1vel em cada aplica\u00e7\u00e3o do cliente. Interfaces modulares est\u00e3o dispon\u00edveis, tais como I\/O digital e anal\u00f3gico, e para muitos tipos de posi\u00e7\u00e3o de codificador transdutor, solucionador, etc.<\/p>\n\n\n\n<h2 class=\"wp-block-heading\">RobotSAFE<\/h2>\n\n\n\n<p>Os modelos de controladores seguros de rob\u00f4 permitem uma gest\u00e3o de seguran\u00e7a nominal do movimento do rob\u00f4 (modo articula\u00e7\u00e3o ou cartesiano), e velocidade atrav\u00e9s dos sensores, oferecendo vantagens em termos de layouts menores e aus\u00eancia de cercas f\u00edsicas. N\u00f3s fornecemos a seguran\u00e7a de sua c\u00e9lula autom\u00e1tica sem afetar sua produtividade.<\/p>\n\n\n\n<h2 class=\"wp-block-heading\">Modularidade \/ expansibilidade<\/h2>\n\n\n\n<p>Sistema modular para acionadores para at\u00e9 13 eixos na fun\u00e7\u00e3o de energia no gabinete da base e no modelo do rob\u00f4.<\/p>\n\n\n\n<h2 class=\"wp-block-heading\">Gerenciamento simult\u00e2neo de v\u00e1rios rob\u00f4s<\/h2>\n\n\n\n<p>Arquitetura de hardware desenhada para gerenciar at\u00e9 16 eixos em configura\u00e7\u00e3o \u201cmulti-bra\u00e7os\u201d com caixa de aplica\u00e7\u00e3o.<\/p>\n\n\n\n<h2 class=\"wp-block-heading\">Estojo e cabo<\/h2>\n\n\n\n<ul class=\"wp-block-list\"><li>Processamento r\u00e1pido com arquitetura dual core<\/li><li>Sistema modular para unidade de acionadores e I\/O fieldbus<\/li><li>Espa\u00e7o livre e ergon\u00f4mico para integra\u00e7\u00e3o de fun\u00e7\u00f5es de aplica\u00e7\u00e3o<\/li><li>Sistema de economia de energia<\/li><li>Tamb\u00e9m dispon\u00edvel em vers\u00e3o segura<\/li><li>Tamb\u00e9m dispon\u00edvel em vers\u00e3o de controlador aberto<\/li><\/ul>\n\n\n\n<h2 class=\"wp-block-heading\">Principais dados t\u00e9cnicos<\/h2>\n\n\n\n<ul class=\"wp-block-list\"><li>Dimens\u00f5es: 800x500x1100 mm<\/li><li>Temperatura de trabalho de 5 at\u00e9 45\u00b0C (5 at\u00e9 55\u00b0C com resfriador)<\/li><li>Umidade: m\u00e1ximo de 90% sem condensa\u00e7\u00e3o<\/li><li>Faixa de pot\u00eancia da linha estendida: 400 a 500V<\/li><\/ul>\n\n\n\n<h2 class=\"wp-block-heading\">Especifica\u00e7\u00f5es t\u00e9cnicas<\/h2>\n\n\n\n<figure class=\"wp-block-table is-style-stripes\"><table class=\"has-fixed-layout\"><tbody><tr><td><strong>Dimensions<\/strong><\/td><td class=\"has-text-align-center\" data-align=\"center\"><br><\/td><\/tr><tr><td>Height x Width x Depth (standard version without options)<\/td><td class=\"has-text-align-center\" data-align=\"center\">1110 x 800 x 510 mm<br>43.31x 31.50 x 20.08 in<\/td><\/tr><tr><td><strong>Weight<\/strong><\/td><td class=\"has-text-align-center\" data-align=\"center\"><\/td><\/tr><tr><td>Control Unit (standard version) <br>The indicated weight is for Control Unit of Size 3; it may differ slightly depending on the configuration. Always refer to the nameplate posted on the Control Unit<\/td><td class=\"has-text-align-center\" data-align=\"center\">109 kg \/ 240.30 lb without packaging<\/td><\/tr><tr><td><strong>Power Supply Data<\/strong><\/td><td class=\"has-text-align-center\" data-align=\"center\"><\/td><\/tr><tr><td>Power supply voltage<\/td><td class=\"has-text-align-center\" data-align=\"center\">From 400 Vac to 480 Vac \u00b1 10% <\/td><\/tr><tr><td>Frequency<\/td><td class=\"has-text-align-center\" data-align=\"center\">50 to 60 Hz (\u00b12 Hz)<\/td><\/tr><tr><td>Main switch breaking capacity<\/td><td class=\"has-text-align-center\" data-align=\"center\">7.5 kA to 400 V<\/td><\/tr><tr><td>Power installed<\/td><td class=\"has-text-align-center\" data-align=\"center\">from 4 kVA to 12 kVA<\/td><\/tr><tr><td>Auxiliary circuits voltage<\/td><td class=\"has-text-align-center\" data-align=\"center\">24 Vdc<\/td><\/tr><\/tbody><\/table><\/figure>\n\n\n\n<figure class=\"wp-block-table is-style-stripes\"><table class=\"has-fixed-layout\"><tbody><tr><td><strong>Environmental conditions<\/strong><\/td><td class=\"has-text-align-center\" data-align=\"center\"><\/td><\/tr><tr><td>Cabinet protection (rear compartment disabled)<\/td><td class=\"has-text-align-center\" data-align=\"center\">IP 54<\/td><\/tr><tr><td>Rear compartment protection<\/td><td class=\"has-text-align-center\" data-align=\"center\">IP 2x<\/td><\/tr><tr><td>Room temperature with standard ventilation system<\/td><td class=\"has-text-align-center\" data-align=\"center\">from +5 \u00b0C to +45 \u00b0C*<br>from +41 \u00b0F to 113 \u00b0F<\/td><\/tr><tr><td>Room temperature with air conditioner option<\/td><td class=\"has-text-align-center\" data-align=\"center\">from +5 \u00b0C to +55 \u00b0C *\u00b2<br>from +41 \u00b0F to 131 \u00b0F<\/td><\/tr><tr><td>Environment storage temperature<\/td><td class=\"has-text-align-center\" data-align=\"center\">from -25 \u00b0C to +55 \u00b0C<br>from -13 \u00b0F to 131 \u00b0F<br>+70 \u00b0C \/ 158 \u00b0F for periods shorter than one hour.<\/td><\/tr><tr><td>Maximum temperature gradient<\/td><td class=\"has-text-align-center\" data-align=\"center\">1,5 \u00b0C\/minute<br>2,7 \u00b0F\/minute<\/td><\/tr><tr><td>Relative humidity<br>(according to standard EN 60204-1 \u00a7 4.4.4, test conditions HD 323.2.3.<br>S2)<\/td><td class=\"has-text-align-center\" data-align=\"center\">from 5% to 95% without condensate<\/td><\/tr><tr><td>Altitude of the installation site<br>(according to standard EN 60204-1 \u00a7 4.4.5)<\/td><td class=\"has-text-align-center\" data-align=\"center\">from 0 to 1.000 m \/ 0 to 3280 ft<br>above sea level<\/td><\/tr><\/tbody><\/table><\/figure>\n\n\n\n<figure class=\"wp-block-table is-style-stripes\"><table class=\"has-fixed-layout\"><tbody><tr><td><strong>Controllable axes<\/strong><\/td><td class=\"has-text-align-center\" data-align=\"center\"><\/td><\/tr><tr><td>Total of the system<\/td><td class=\"has-text-align-center\" data-align=\"center\">up to 15 axes<\/td><\/tr><tr><td>With Robosafe functionality*\u00b2<\/td><td class=\"has-text-align-center\" data-align=\"center\">up to 7 axes (6 axes of the Robot + 1 additional<br>axis)<\/td><\/tr><tr><td><strong>Vibrations and shocks during transportation<\/strong><\/td><td class=\"has-text-align-center\" data-align=\"center\"><\/td><\/tr><tr><td>Sinusoidal vibration<br>(according to standard EN 60068-2-64)<\/td><td class=\"has-text-align-center\" data-align=\"center\">Frequency 10 &#8211; 250 Hz<br>0.6 g rms axis Z acceleration<br>0.2 g rms axes X-Y acceleration<\/td><\/tr><\/tbody><\/table><\/figure>\n\n\n\n<figure class=\"wp-block-table is-style-stripes\"><table class=\"has-fixed-layout\"><tbody><tr><td><strong>Colour<\/strong><\/td><td class=\"has-text-align-right\" data-align=\"right\"><\/td><\/tr><tr><td>Cabinet body, varnished parts<\/td><td class=\"has-text-align-right\" data-align=\"right\">RAL 7024<\/td><\/tr><\/tbody><\/table><\/figure>\n","protected":false},"excerpt":{"rendered":"<p>Todas as suas necessidades sob controle Processamento r\u00e1pido, sistema modular para as unidades de acionamento, I\/O e fieldbus, espa\u00e7o livre e ergon\u00f4mico para integra\u00e7\u00e3o de fun\u00e7\u00f5es, dimens\u00f5es compactas. Tudo o que voc\u00ea precisa sob controle. Alto poder de processamento O CG5 utiliza a \u00faltima gera\u00e7\u00e3o de computadores industriais APC820 com tecnologia Core2 Duo na CPU, [&hellip;]<\/p>\n","protected":false},"author":7,"featured_media":44395,"parent":5979,"menu_order":1,"comment_status":"closed","ping_status":"closed","template":"","meta":{"_acf_changed":false,"ep_exclude_from_search":false,"footnotes":""},"class_list":["post-44383","page","type-page","status-publish","has-post-thumbnail","hentry"],"acf":[],"yoast_head":"<!-- This site is optimized with the Yoast SEO plugin v26.9 - https:\/\/yoast.com\/product\/yoast-seo-wordpress\/ -->\n<title>Gest\u00e3o e controle de sistemas de processamento | Comau<\/title>\n<meta name=\"description\" content=\"Descrubra o equipemento G5GF: uma ajuda na gest\u00e3o e controle de sistemas de processamento, com alto poder de processamento e economia de energia.\" \/>\n<meta name=\"robots\" content=\"index, follow, max-snippet:-1, max-image-preview:large, max-video-preview:-1\" \/>\n<link rel=\"canonical\" href=\"https:\/\/www.comau.com\/pt-br\/competencies\/products-solutions\/controls-auxiliary-equipment\/c5g-plus\/\" \/>\n<meta property=\"og:locale\" content=\"pt_BR\" \/>\n<meta property=\"og:type\" content=\"article\" \/>\n<meta property=\"og:title\" content=\"Gest\u00e3o e controle de sistemas de processamento | Comau\" \/>\n<meta property=\"og:description\" content=\"Descrubra o equipemento G5GF: uma ajuda na gest\u00e3o e controle de sistemas de processamento, com alto poder de processamento e economia de energia.\" \/>\n<meta property=\"og:url\" content=\"https:\/\/www.comau.com\/pt-br\/competencies\/products-solutions\/controls-auxiliary-equipment\/c5g-plus\/\" \/>\n<meta property=\"og:site_name\" content=\"Comau\" \/>\n<meta property=\"article:publisher\" content=\"https:\/\/www.facebook.com\/COMAU\/\" \/>\n<meta property=\"article:modified_time\" content=\"2022-04-05T08:52:08+00:00\" \/>\n<meta property=\"og:image\" content=\"https:\/\/www.comau.com\/wp-content\/uploads\/2022\/04\/CG5plus_header.jpg\" \/>\n\t<meta property=\"og:image:width\" content=\"1280\" \/>\n\t<meta property=\"og:image:height\" content=\"485\" \/>\n\t<meta property=\"og:image:type\" content=\"image\/jpeg\" \/>\n<meta name=\"twitter:card\" content=\"summary_large_image\" \/>\n<meta name=\"twitter:site\" content=\"@comaugroup\" \/>\n<meta name=\"twitter:label1\" content=\"Est. tempo de leitura\" \/>\n\t<meta name=\"twitter:data1\" content=\"3 minutos\" \/>\n<script type=\"application\/ld+json\" class=\"yoast-schema-graph\">{\"@context\":\"https:\/\/schema.org\",\"@graph\":[{\"@type\":\"WebPage\",\"@id\":\"https:\/\/www.comau.com\/pt-br\/competencies\/products-solutions\/controls-auxiliary-equipment\/c5g-plus\/\",\"url\":\"https:\/\/www.comau.com\/pt-br\/competencies\/products-solutions\/controls-auxiliary-equipment\/c5g-plus\/\",\"name\":\"Gest\u00e3o e controle de sistemas de processamento | Comau\",\"isPartOf\":{\"@id\":\"https:\/\/www.comau.com\/pt-br\/#website\"},\"primaryImageOfPage\":{\"@id\":\"https:\/\/www.comau.com\/pt-br\/competencies\/products-solutions\/controls-auxiliary-equipment\/c5g-plus\/#primaryimage\"},\"image\":{\"@id\":\"https:\/\/www.comau.com\/pt-br\/competencies\/products-solutions\/controls-auxiliary-equipment\/c5g-plus\/#primaryimage\"},\"thumbnailUrl\":\"https:\/\/www.comau.com\/wp-content\/uploads\/2022\/04\/CG5plus_header.jpg\",\"datePublished\":\"2022-04-01T07:55:32+00:00\",\"dateModified\":\"2022-04-05T08:52:08+00:00\",\"description\":\"Descrubra o equipemento G5GF: uma ajuda na gest\u00e3o e controle de sistemas de processamento, com alto poder de processamento e economia de energia.\",\"breadcrumb\":{\"@id\":\"https:\/\/www.comau.com\/pt-br\/competencies\/products-solutions\/controls-auxiliary-equipment\/c5g-plus\/#breadcrumb\"},\"inLanguage\":\"pt-BR\",\"potentialAction\":[{\"@type\":\"ReadAction\",\"target\":[\"https:\/\/www.comau.com\/pt-br\/competencies\/products-solutions\/controls-auxiliary-equipment\/c5g-plus\/\"]}]},{\"@type\":\"ImageObject\",\"inLanguage\":\"pt-BR\",\"@id\":\"https:\/\/www.comau.com\/pt-br\/competencies\/products-solutions\/controls-auxiliary-equipment\/c5g-plus\/#primaryimage\",\"url\":\"https:\/\/www.comau.com\/wp-content\/uploads\/2022\/04\/CG5plus_header.jpg\",\"contentUrl\":\"https:\/\/www.comau.com\/wp-content\/uploads\/2022\/04\/CG5plus_header.jpg\",\"width\":1280,\"height\":485},{\"@type\":\"BreadcrumbList\",\"@id\":\"https:\/\/www.comau.com\/pt-br\/competencies\/products-solutions\/controls-auxiliary-equipment\/c5g-plus\/#breadcrumb\",\"itemListElement\":[{\"@type\":\"ListItem\",\"position\":1,\"name\":\"Home\",\"item\":\"https:\/\/www.comau.com\/pt-br\/\"},{\"@type\":\"ListItem\",\"position\":2,\"name\":\"Nossas Compet\u00eancias\",\"item\":\"https:\/\/www.comau.com\/pt-br\/competencies\/\"},{\"@type\":\"ListItem\",\"position\":3,\"name\":\"Robotics &amp; Automation\",\"item\":\"https:\/\/www.comau.com\/pt-br\/competencies\/robotics-automation\/\"},{\"@type\":\"ListItem\",\"position\":4,\"name\":\"Controls e Equipamentos auxiliaries\",\"item\":\"https:\/\/www.comau.com\/pt-br\/competencies\/robotics-automation\/controls-auxiliary-equipment\/\"},{\"@type\":\"ListItem\",\"position\":5,\"name\":\"C5G Plus\"}]},{\"@type\":\"WebSite\",\"@id\":\"https:\/\/www.comau.com\/pt-br\/#website\",\"url\":\"https:\/\/www.comau.com\/pt-br\/\",\"name\":\"Comau\",\"description\":\"Industrial automation and robotics\",\"publisher\":{\"@id\":\"https:\/\/www.comau.com\/pt-br\/#organization\"},\"potentialAction\":[{\"@type\":\"SearchAction\",\"target\":{\"@type\":\"EntryPoint\",\"urlTemplate\":\"https:\/\/www.comau.com\/pt-br\/?s={search_term_string}\"},\"query-input\":{\"@type\":\"PropertyValueSpecification\",\"valueRequired\":true,\"valueName\":\"search_term_string\"}}],\"inLanguage\":\"pt-BR\"},{\"@type\":\"Organization\",\"@id\":\"https:\/\/www.comau.com\/pt-br\/#organization\",\"name\":\"Comau\",\"url\":\"https:\/\/www.comau.com\/pt-br\/\",\"logo\":{\"@type\":\"ImageObject\",\"inLanguage\":\"pt-BR\",\"@id\":\"https:\/\/www.comau.com\/pt-br\/#\/schema\/logo\/image\/\",\"url\":\"https:\/\/www.comau.com\/wp-content\/uploads\/2024\/07\/cropped-Logo-COMAU.png\",\"contentUrl\":\"https:\/\/www.comau.com\/wp-content\/uploads\/2024\/07\/cropped-Logo-COMAU.png\",\"width\":434,\"height\":434,\"caption\":\"Comau\"},\"image\":{\"@id\":\"https:\/\/www.comau.com\/pt-br\/#\/schema\/logo\/image\/\"},\"sameAs\":[\"https:\/\/www.facebook.com\/COMAU\/\",\"https:\/\/x.com\/comaugroup\",\"https:\/\/www.instagram.com\/comaugroup\/\",\"https:\/\/www.linkedin.com\/company\/comau\",\"https:\/\/www.youtube.com\/user\/comau\"]}]}<\/script>\n<!-- \/ Yoast SEO plugin. -->","yoast_head_json":{"title":"Gest\u00e3o e controle de sistemas de processamento | Comau","description":"Descrubra o equipemento G5GF: uma ajuda na gest\u00e3o e controle de sistemas de processamento, com alto poder de processamento e economia de energia.","robots":{"index":"index","follow":"follow","max-snippet":"max-snippet:-1","max-image-preview":"max-image-preview:large","max-video-preview":"max-video-preview:-1"},"canonical":"https:\/\/www.comau.com\/pt-br\/competencies\/products-solutions\/controls-auxiliary-equipment\/c5g-plus\/","og_locale":"pt_BR","og_type":"article","og_title":"Gest\u00e3o e controle de sistemas de processamento | Comau","og_description":"Descrubra o equipemento G5GF: uma ajuda na gest\u00e3o e controle de sistemas de processamento, com alto poder de processamento e economia de energia.","og_url":"https:\/\/www.comau.com\/pt-br\/competencies\/products-solutions\/controls-auxiliary-equipment\/c5g-plus\/","og_site_name":"Comau","article_publisher":"https:\/\/www.facebook.com\/COMAU\/","article_modified_time":"2022-04-05T08:52:08+00:00","og_image":[{"width":1280,"height":485,"url":"https:\/\/www.comau.com\/wp-content\/uploads\/2022\/04\/CG5plus_header.jpg","type":"image\/jpeg"}],"twitter_card":"summary_large_image","twitter_site":"@comaugroup","twitter_misc":{"Est. tempo de leitura":"3 minutos"},"schema":{"@context":"https:\/\/schema.org","@graph":[{"@type":"WebPage","@id":"https:\/\/www.comau.com\/pt-br\/competencies\/products-solutions\/controls-auxiliary-equipment\/c5g-plus\/","url":"https:\/\/www.comau.com\/pt-br\/competencies\/products-solutions\/controls-auxiliary-equipment\/c5g-plus\/","name":"Gest\u00e3o e controle de sistemas de processamento | Comau","isPartOf":{"@id":"https:\/\/www.comau.com\/pt-br\/#website"},"primaryImageOfPage":{"@id":"https:\/\/www.comau.com\/pt-br\/competencies\/products-solutions\/controls-auxiliary-equipment\/c5g-plus\/#primaryimage"},"image":{"@id":"https:\/\/www.comau.com\/pt-br\/competencies\/products-solutions\/controls-auxiliary-equipment\/c5g-plus\/#primaryimage"},"thumbnailUrl":"https:\/\/www.comau.com\/wp-content\/uploads\/2022\/04\/CG5plus_header.jpg","datePublished":"2022-04-01T07:55:32+00:00","dateModified":"2022-04-05T08:52:08+00:00","description":"Descrubra o equipemento G5GF: uma ajuda na gest\u00e3o e controle de sistemas de processamento, com alto poder de processamento e economia de energia.","breadcrumb":{"@id":"https:\/\/www.comau.com\/pt-br\/competencies\/products-solutions\/controls-auxiliary-equipment\/c5g-plus\/#breadcrumb"},"inLanguage":"pt-BR","potentialAction":[{"@type":"ReadAction","target":["https:\/\/www.comau.com\/pt-br\/competencies\/products-solutions\/controls-auxiliary-equipment\/c5g-plus\/"]}]},{"@type":"ImageObject","inLanguage":"pt-BR","@id":"https:\/\/www.comau.com\/pt-br\/competencies\/products-solutions\/controls-auxiliary-equipment\/c5g-plus\/#primaryimage","url":"https:\/\/www.comau.com\/wp-content\/uploads\/2022\/04\/CG5plus_header.jpg","contentUrl":"https:\/\/www.comau.com\/wp-content\/uploads\/2022\/04\/CG5plus_header.jpg","width":1280,"height":485},{"@type":"BreadcrumbList","@id":"https:\/\/www.comau.com\/pt-br\/competencies\/products-solutions\/controls-auxiliary-equipment\/c5g-plus\/#breadcrumb","itemListElement":[{"@type":"ListItem","position":1,"name":"Home","item":"https:\/\/www.comau.com\/pt-br\/"},{"@type":"ListItem","position":2,"name":"Nossas Compet\u00eancias","item":"https:\/\/www.comau.com\/pt-br\/competencies\/"},{"@type":"ListItem","position":3,"name":"Robotics &amp; Automation","item":"https:\/\/www.comau.com\/pt-br\/competencies\/robotics-automation\/"},{"@type":"ListItem","position":4,"name":"Controls e Equipamentos auxiliaries","item":"https:\/\/www.comau.com\/pt-br\/competencies\/robotics-automation\/controls-auxiliary-equipment\/"},{"@type":"ListItem","position":5,"name":"C5G Plus"}]},{"@type":"WebSite","@id":"https:\/\/www.comau.com\/pt-br\/#website","url":"https:\/\/www.comau.com\/pt-br\/","name":"Comau","description":"Industrial automation and robotics","publisher":{"@id":"https:\/\/www.comau.com\/pt-br\/#organization"},"potentialAction":[{"@type":"SearchAction","target":{"@type":"EntryPoint","urlTemplate":"https:\/\/www.comau.com\/pt-br\/?s={search_term_string}"},"query-input":{"@type":"PropertyValueSpecification","valueRequired":true,"valueName":"search_term_string"}}],"inLanguage":"pt-BR"},{"@type":"Organization","@id":"https:\/\/www.comau.com\/pt-br\/#organization","name":"Comau","url":"https:\/\/www.comau.com\/pt-br\/","logo":{"@type":"ImageObject","inLanguage":"pt-BR","@id":"https:\/\/www.comau.com\/pt-br\/#\/schema\/logo\/image\/","url":"https:\/\/www.comau.com\/wp-content\/uploads\/2024\/07\/cropped-Logo-COMAU.png","contentUrl":"https:\/\/www.comau.com\/wp-content\/uploads\/2024\/07\/cropped-Logo-COMAU.png","width":434,"height":434,"caption":"Comau"},"image":{"@id":"https:\/\/www.comau.com\/pt-br\/#\/schema\/logo\/image\/"},"sameAs":["https:\/\/www.facebook.com\/COMAU\/","https:\/\/x.com\/comaugroup","https:\/\/www.instagram.com\/comaugroup\/","https:\/\/www.linkedin.com\/company\/comau","https:\/\/www.youtube.com\/user\/comau"]}]}},"_links":{"self":[{"href":"https:\/\/www.comau.com\/pt-br\/wp-json\/wp\/v2\/pages\/44383","targetHints":{"allow":["GET"]}}],"collection":[{"href":"https:\/\/www.comau.com\/pt-br\/wp-json\/wp\/v2\/pages"}],"about":[{"href":"https:\/\/www.comau.com\/pt-br\/wp-json\/wp\/v2\/types\/page"}],"author":[{"embeddable":true,"href":"https:\/\/www.comau.com\/pt-br\/wp-json\/wp\/v2\/users\/7"}],"replies":[{"embeddable":true,"href":"https:\/\/www.comau.com\/pt-br\/wp-json\/wp\/v2\/comments?post=44383"}],"version-history":[{"count":2,"href":"https:\/\/www.comau.com\/pt-br\/wp-json\/wp\/v2\/pages\/44383\/revisions"}],"predecessor-version":[{"id":44633,"href":"https:\/\/www.comau.com\/pt-br\/wp-json\/wp\/v2\/pages\/44383\/revisions\/44633"}],"up":[{"embeddable":true,"href":"https:\/\/www.comau.com\/pt-br\/wp-json\/wp\/v2\/pages\/5979"}],"wp:featuredmedia":[{"embeddable":true,"href":"https:\/\/www.comau.com\/pt-br\/wp-json\/wp\/v2\/media\/44395"}],"wp:attachment":[{"href":"https:\/\/www.comau.com\/pt-br\/wp-json\/wp\/v2\/media?parent=44383"}],"curies":[{"name":"wp","href":"https:\/\/api.w.org\/{rel}","templated":true}]}}