{"id":44036,"date":"2022-03-18T17:59:56","date_gmt":"2022-03-18T16:59:56","guid":{"rendered":"https:\/\/www.comau.com\/?page_id=44036"},"modified":"2022-06-22T10:53:19","modified_gmt":"2022-06-22T08:53:19","slug":"thermography","status":"publish","type":"page","link":"https:\/\/www.comau.com\/pt-br\/competencies\/robotics-automation\/thermography\/","title":{"rendered":"Thermography"},"content":{"rendered":"\n<h2 class=\"wp-block-heading\">Foco sobre: MI.RA\/Thermography<\/h2>\n\n\n\n<p>O MI.RA\/Thermography \u00e9 um sistema inovador de controle da qualidade e testes em linha que otimiza a constru\u00e7\u00e3o e a montagem das baterias da pr\u00f3xima gera\u00e7\u00e3o. Projetado para a fabrica\u00e7\u00e3o de baterias \u00e0 escala industrial, o MI.RA\/Thermography utiliza imagens t\u00e9rmicas e intelig\u00eancia artificial para realizar avalia\u00e7\u00f5es autom\u00e1ticas n\u00e3o invasivas e controlar juntas soldadas \u2013 permitindo aos industriais poupar tempo e custos gra\u00e7as \u00e0 dete\u00e7c\u00e3o autom\u00e1tica de defeitos de superf\u00edcie e \u00e0 avalia\u00e7\u00e3o da resist\u00eancia el\u00e9trica de cada junta antes da montagem final.<\/p>\n\n\n\n<p>Uma resist\u00eancia el\u00e9trica elevada, resultante da m\u00e1 qualidade da junta, pode criar importantes perdas de energia e produzir calor. A temperatura da junta pode se elevar, provocando potenciais problemas de seguran\u00e7a e reduzindo a efici\u00eancia e a integridade da bateria. Nossa solu\u00e7\u00e3o de avalia\u00e7\u00e3o da qualidade MI.RA\/Thermography testa a qualidade e a efici\u00eancia de cada junta sem impactar o tempo de ciclo ou o layout da linha. E ao o fazer antes do processo de montagem final, este sistema ajuda a garantir a seguran\u00e7a e evita desperd\u00edcios.<\/p>\n\n\n\n<h2 class=\"wp-block-heading\">Vantagens<\/h2>\n\n\n\n<ul class=\"wp-block-list\"><li>Monitoramento em linha do processo e controle da qualidade ap\u00f3s o processo<\/li><li>Teste, medi\u00e7\u00e3o e controle da qualidade da junta sem impactar o tempo de ciclo ou o layout da linha<\/li><li>Esta solu\u00e7\u00e3o totalmente integrada utiliza c\u00e2maras IV e intelig\u00eancia artificial para verificar cada junta soldada antes da montagem final<\/li><li>Maior precis\u00e3o da detec\u00e7\u00e3o de defeitos de est\u00e9tica que muitas vezes escapam \u00e0 inspe\u00e7\u00e3o visual<\/li><li>Resultados em tempo real s\u00e3o coletados e usados para an\u00e1lises e re-treinamento<\/li><\/ul>\n\n\n\n<figure class=\"wp-block-embed is-type-video is-provider-youtube wp-block-embed-youtube wp-embed-aspect-16-9 wp-has-aspect-ratio\"><div class=\"wp-block-embed__wrapper\">\n<iframe title=\"Comau | MI.RA\/Thermography\" width=\"640\" height=\"360\" src=\"https:\/\/www.youtube.com\/embed\/XUPl2uh-aqQ?feature=oembed\" frameborder=\"0\" allow=\"accelerometer; autoplay; clipboard-write; encrypted-media; gyroscope; picture-in-picture; web-share\" referrerpolicy=\"strict-origin-when-cross-origin\" allowfullscreen><\/iframe>\n<\/div><\/figure>\n","protected":false},"excerpt":{"rendered":"<p>Foco sobre: MI.RA\/Thermography O MI.RA\/Thermography \u00e9 um sistema inovador de controle da qualidade e testes em linha que otimiza a constru\u00e7\u00e3o e a montagem das baterias da pr\u00f3xima gera\u00e7\u00e3o. Projetado para a fabrica\u00e7\u00e3o de baterias \u00e0 escala industrial, o MI.RA\/Thermography utiliza imagens t\u00e9rmicas e intelig\u00eancia artificial para realizar avalia\u00e7\u00f5es autom\u00e1ticas n\u00e3o invasivas e controlar juntas [&hellip;]<\/p>\n","protected":false},"author":7,"featured_media":43828,"parent":5718,"menu_order":0,"comment_status":"closed","ping_status":"closed","template":"","meta":{"_acf_changed":false,"ep_exclude_from_search":false,"footnotes":""},"class_list":["post-44036","page","type-page","status-publish","has-post-thumbnail","hentry"],"acf":[],"yoast_head":"<!-- This site is optimized with the Yoast SEO plugin v26.9 - https:\/\/yoast.com\/product\/yoast-seo-wordpress\/ -->\n<title>Sistemas de Teste e Controle de Qualidade de Baterias | Comau<\/title>\n<meta name=\"description\" content=\"Conhe\u00e7a as vantagens oferecidas pelo MI.RA Thermography, o sistema Comau para testes e controles de qualidade de baterias de \u00faltima gera\u00e7\u00e3o.\" \/>\n<meta name=\"robots\" content=\"index, follow, max-snippet:-1, max-image-preview:large, max-video-preview:-1\" \/>\n<link rel=\"canonical\" href=\"https:\/\/www.comau.com\/pt-br\/competencies\/robotics-automation\/thermography\/\" \/>\n<meta property=\"og:locale\" content=\"pt_BR\" \/>\n<meta property=\"og:type\" content=\"article\" \/>\n<meta property=\"og:title\" content=\"Sistemas de Teste e Controle de Qualidade de Baterias | Comau\" \/>\n<meta property=\"og:description\" content=\"Conhe\u00e7a as vantagens oferecidas pelo MI.RA Thermography, o sistema Comau para testes e controles de qualidade de baterias de \u00faltima gera\u00e7\u00e3o.\" \/>\n<meta property=\"og:url\" content=\"https:\/\/www.comau.com\/pt-br\/competencies\/robotics-automation\/thermography\/\" \/>\n<meta property=\"og:site_name\" content=\"Comau\" \/>\n<meta property=\"article:publisher\" content=\"https:\/\/www.facebook.com\/COMAU\/\" \/>\n<meta property=\"article:modified_time\" content=\"2022-06-22T08:53:19+00:00\" \/>\n<meta property=\"og:image\" content=\"https:\/\/www.comau.com\/wp-content\/uploads\/2022\/03\/Mira-Termography.jpg\" \/>\n\t<meta property=\"og:image:width\" content=\"1450\" \/>\n\t<meta property=\"og:image:height\" content=\"450\" \/>\n\t<meta property=\"og:image:type\" content=\"image\/jpeg\" \/>\n<meta name=\"twitter:card\" content=\"summary_large_image\" \/>\n<meta name=\"twitter:site\" content=\"@comaugroup\" \/>\n<meta name=\"twitter:label1\" content=\"Est. tempo de leitura\" \/>\n\t<meta name=\"twitter:data1\" content=\"2 minutos\" \/>\n<script type=\"application\/ld+json\" class=\"yoast-schema-graph\">{\"@context\":\"https:\/\/schema.org\",\"@graph\":[{\"@type\":\"WebPage\",\"@id\":\"https:\/\/www.comau.com\/pt-br\/competencies\/robotics-automation\/thermography\/\",\"url\":\"https:\/\/www.comau.com\/pt-br\/competencies\/robotics-automation\/thermography\/\",\"name\":\"Sistemas de Teste e Controle de Qualidade de Baterias | Comau\",\"isPartOf\":{\"@id\":\"https:\/\/www.comau.com\/pt-br\/#website\"},\"primaryImageOfPage\":{\"@id\":\"https:\/\/www.comau.com\/pt-br\/competencies\/robotics-automation\/thermography\/#primaryimage\"},\"image\":{\"@id\":\"https:\/\/www.comau.com\/pt-br\/competencies\/robotics-automation\/thermography\/#primaryimage\"},\"thumbnailUrl\":\"https:\/\/www.comau.com\/wp-content\/uploads\/2022\/03\/Mira-Termography.jpg\",\"datePublished\":\"2022-03-18T16:59:56+00:00\",\"dateModified\":\"2022-06-22T08:53:19+00:00\",\"description\":\"Conhe\u00e7a as vantagens oferecidas pelo MI.RA Thermography, o sistema Comau para testes e controles de qualidade de baterias de \u00faltima gera\u00e7\u00e3o.\",\"breadcrumb\":{\"@id\":\"https:\/\/www.comau.com\/pt-br\/competencies\/robotics-automation\/thermography\/#breadcrumb\"},\"inLanguage\":\"pt-BR\",\"potentialAction\":[{\"@type\":\"ReadAction\",\"target\":[\"https:\/\/www.comau.com\/pt-br\/competencies\/robotics-automation\/thermography\/\"]}]},{\"@type\":\"ImageObject\",\"inLanguage\":\"pt-BR\",\"@id\":\"https:\/\/www.comau.com\/pt-br\/competencies\/robotics-automation\/thermography\/#primaryimage\",\"url\":\"https:\/\/www.comau.com\/wp-content\/uploads\/2022\/03\/Mira-Termography.jpg\",\"contentUrl\":\"https:\/\/www.comau.com\/wp-content\/uploads\/2022\/03\/Mira-Termography.jpg\",\"width\":1450,\"height\":450},{\"@type\":\"BreadcrumbList\",\"@id\":\"https:\/\/www.comau.com\/pt-br\/competencies\/robotics-automation\/thermography\/#breadcrumb\",\"itemListElement\":[{\"@type\":\"ListItem\",\"position\":1,\"name\":\"Home\",\"item\":\"https:\/\/www.comau.com\/pt-br\/\"},{\"@type\":\"ListItem\",\"position\":2,\"name\":\"Nossas Compet\u00eancias\",\"item\":\"https:\/\/www.comau.com\/pt-br\/competencies\/\"},{\"@type\":\"ListItem\",\"position\":3,\"name\":\"Robotics &amp; Automation\",\"item\":\"https:\/\/www.comau.com\/pt-br\/competencies\/robotics-automation\/\"},{\"@type\":\"ListItem\",\"position\":4,\"name\":\"Thermography\"}]},{\"@type\":\"WebSite\",\"@id\":\"https:\/\/www.comau.com\/pt-br\/#website\",\"url\":\"https:\/\/www.comau.com\/pt-br\/\",\"name\":\"Comau\",\"description\":\"Industrial automation and robotics\",\"publisher\":{\"@id\":\"https:\/\/www.comau.com\/pt-br\/#organization\"},\"potentialAction\":[{\"@type\":\"SearchAction\",\"target\":{\"@type\":\"EntryPoint\",\"urlTemplate\":\"https:\/\/www.comau.com\/pt-br\/?s={search_term_string}\"},\"query-input\":{\"@type\":\"PropertyValueSpecification\",\"valueRequired\":true,\"valueName\":\"search_term_string\"}}],\"inLanguage\":\"pt-BR\"},{\"@type\":\"Organization\",\"@id\":\"https:\/\/www.comau.com\/pt-br\/#organization\",\"name\":\"Comau\",\"url\":\"https:\/\/www.comau.com\/pt-br\/\",\"logo\":{\"@type\":\"ImageObject\",\"inLanguage\":\"pt-BR\",\"@id\":\"https:\/\/www.comau.com\/pt-br\/#\/schema\/logo\/image\/\",\"url\":\"https:\/\/www.comau.com\/wp-content\/uploads\/2024\/07\/cropped-Logo-COMAU.png\",\"contentUrl\":\"https:\/\/www.comau.com\/wp-content\/uploads\/2024\/07\/cropped-Logo-COMAU.png\",\"width\":434,\"height\":434,\"caption\":\"Comau\"},\"image\":{\"@id\":\"https:\/\/www.comau.com\/pt-br\/#\/schema\/logo\/image\/\"},\"sameAs\":[\"https:\/\/www.facebook.com\/COMAU\/\",\"https:\/\/x.com\/comaugroup\",\"https:\/\/www.instagram.com\/comaugroup\/\",\"https:\/\/www.linkedin.com\/company\/comau\",\"https:\/\/www.youtube.com\/user\/comau\"]}]}<\/script>\n<!-- \/ Yoast SEO plugin. -->","yoast_head_json":{"title":"Sistemas de Teste e Controle de Qualidade de Baterias | Comau","description":"Conhe\u00e7a as vantagens oferecidas pelo MI.RA Thermography, o sistema Comau para testes e controles de qualidade de baterias de \u00faltima gera\u00e7\u00e3o.","robots":{"index":"index","follow":"follow","max-snippet":"max-snippet:-1","max-image-preview":"max-image-preview:large","max-video-preview":"max-video-preview:-1"},"canonical":"https:\/\/www.comau.com\/pt-br\/competencies\/robotics-automation\/thermography\/","og_locale":"pt_BR","og_type":"article","og_title":"Sistemas de Teste e Controle de Qualidade de Baterias | Comau","og_description":"Conhe\u00e7a as vantagens oferecidas pelo MI.RA Thermography, o sistema Comau para testes e controles de qualidade de baterias de \u00faltima gera\u00e7\u00e3o.","og_url":"https:\/\/www.comau.com\/pt-br\/competencies\/robotics-automation\/thermography\/","og_site_name":"Comau","article_publisher":"https:\/\/www.facebook.com\/COMAU\/","article_modified_time":"2022-06-22T08:53:19+00:00","og_image":[{"width":1450,"height":450,"url":"https:\/\/www.comau.com\/wp-content\/uploads\/2022\/03\/Mira-Termography.jpg","type":"image\/jpeg"}],"twitter_card":"summary_large_image","twitter_site":"@comaugroup","twitter_misc":{"Est. tempo de leitura":"2 minutos"},"schema":{"@context":"https:\/\/schema.org","@graph":[{"@type":"WebPage","@id":"https:\/\/www.comau.com\/pt-br\/competencies\/robotics-automation\/thermography\/","url":"https:\/\/www.comau.com\/pt-br\/competencies\/robotics-automation\/thermography\/","name":"Sistemas de Teste e Controle de Qualidade de Baterias | Comau","isPartOf":{"@id":"https:\/\/www.comau.com\/pt-br\/#website"},"primaryImageOfPage":{"@id":"https:\/\/www.comau.com\/pt-br\/competencies\/robotics-automation\/thermography\/#primaryimage"},"image":{"@id":"https:\/\/www.comau.com\/pt-br\/competencies\/robotics-automation\/thermography\/#primaryimage"},"thumbnailUrl":"https:\/\/www.comau.com\/wp-content\/uploads\/2022\/03\/Mira-Termography.jpg","datePublished":"2022-03-18T16:59:56+00:00","dateModified":"2022-06-22T08:53:19+00:00","description":"Conhe\u00e7a as vantagens oferecidas pelo MI.RA Thermography, o sistema Comau para testes e controles de qualidade de baterias de \u00faltima gera\u00e7\u00e3o.","breadcrumb":{"@id":"https:\/\/www.comau.com\/pt-br\/competencies\/robotics-automation\/thermography\/#breadcrumb"},"inLanguage":"pt-BR","potentialAction":[{"@type":"ReadAction","target":["https:\/\/www.comau.com\/pt-br\/competencies\/robotics-automation\/thermography\/"]}]},{"@type":"ImageObject","inLanguage":"pt-BR","@id":"https:\/\/www.comau.com\/pt-br\/competencies\/robotics-automation\/thermography\/#primaryimage","url":"https:\/\/www.comau.com\/wp-content\/uploads\/2022\/03\/Mira-Termography.jpg","contentUrl":"https:\/\/www.comau.com\/wp-content\/uploads\/2022\/03\/Mira-Termography.jpg","width":1450,"height":450},{"@type":"BreadcrumbList","@id":"https:\/\/www.comau.com\/pt-br\/competencies\/robotics-automation\/thermography\/#breadcrumb","itemListElement":[{"@type":"ListItem","position":1,"name":"Home","item":"https:\/\/www.comau.com\/pt-br\/"},{"@type":"ListItem","position":2,"name":"Nossas Compet\u00eancias","item":"https:\/\/www.comau.com\/pt-br\/competencies\/"},{"@type":"ListItem","position":3,"name":"Robotics &amp; Automation","item":"https:\/\/www.comau.com\/pt-br\/competencies\/robotics-automation\/"},{"@type":"ListItem","position":4,"name":"Thermography"}]},{"@type":"WebSite","@id":"https:\/\/www.comau.com\/pt-br\/#website","url":"https:\/\/www.comau.com\/pt-br\/","name":"Comau","description":"Industrial automation and robotics","publisher":{"@id":"https:\/\/www.comau.com\/pt-br\/#organization"},"potentialAction":[{"@type":"SearchAction","target":{"@type":"EntryPoint","urlTemplate":"https:\/\/www.comau.com\/pt-br\/?s={search_term_string}"},"query-input":{"@type":"PropertyValueSpecification","valueRequired":true,"valueName":"search_term_string"}}],"inLanguage":"pt-BR"},{"@type":"Organization","@id":"https:\/\/www.comau.com\/pt-br\/#organization","name":"Comau","url":"https:\/\/www.comau.com\/pt-br\/","logo":{"@type":"ImageObject","inLanguage":"pt-BR","@id":"https:\/\/www.comau.com\/pt-br\/#\/schema\/logo\/image\/","url":"https:\/\/www.comau.com\/wp-content\/uploads\/2024\/07\/cropped-Logo-COMAU.png","contentUrl":"https:\/\/www.comau.com\/wp-content\/uploads\/2024\/07\/cropped-Logo-COMAU.png","width":434,"height":434,"caption":"Comau"},"image":{"@id":"https:\/\/www.comau.com\/pt-br\/#\/schema\/logo\/image\/"},"sameAs":["https:\/\/www.facebook.com\/COMAU\/","https:\/\/x.com\/comaugroup","https:\/\/www.instagram.com\/comaugroup\/","https:\/\/www.linkedin.com\/company\/comau","https:\/\/www.youtube.com\/user\/comau"]}]}},"_links":{"self":[{"href":"https:\/\/www.comau.com\/pt-br\/wp-json\/wp\/v2\/pages\/44036","targetHints":{"allow":["GET"]}}],"collection":[{"href":"https:\/\/www.comau.com\/pt-br\/wp-json\/wp\/v2\/pages"}],"about":[{"href":"https:\/\/www.comau.com\/pt-br\/wp-json\/wp\/v2\/types\/page"}],"author":[{"embeddable":true,"href":"https:\/\/www.comau.com\/pt-br\/wp-json\/wp\/v2\/users\/7"}],"replies":[{"embeddable":true,"href":"https:\/\/www.comau.com\/pt-br\/wp-json\/wp\/v2\/comments?post=44036"}],"version-history":[{"count":2,"href":"https:\/\/www.comau.com\/pt-br\/wp-json\/wp\/v2\/pages\/44036\/revisions"}],"predecessor-version":[{"id":44038,"href":"https:\/\/www.comau.com\/pt-br\/wp-json\/wp\/v2\/pages\/44036\/revisions\/44038"}],"up":[{"embeddable":true,"href":"https:\/\/www.comau.com\/pt-br\/wp-json\/wp\/v2\/pages\/5718"}],"wp:featuredmedia":[{"embeddable":true,"href":"https:\/\/www.comau.com\/pt-br\/wp-json\/wp\/v2\/media\/43828"}],"wp:attachment":[{"href":"https:\/\/www.comau.com\/pt-br\/wp-json\/wp\/v2\/media?parent=44036"}],"curies":[{"name":"wp","href":"https:\/\/api.w.org\/{rel}","templated":true}]}}