{"id":44018,"date":"2022-03-18T17:59:18","date_gmt":"2022-03-18T16:59:18","guid":{"rendered":"https:\/\/www.comau.com\/?page_id=44018"},"modified":"2022-06-22T10:39:39","modified_gmt":"2022-06-22T08:39:39","slug":"dexter","status":"publish","type":"page","link":"https:\/\/www.comau.com\/pt-br\/competencies\/robotics-automation\/dexter\/","title":{"rendered":"Dexter"},"content":{"rendered":"\n<h2 class=\"wp-block-heading\">Foco sobre: MI.RA\/Dexter<\/h2>\n\n\n\n<p>Este poderoso programa de software de metalinguagem da Comau permite uma programa\u00e7\u00e3o simplificada de aplica\u00e7\u00f5es de rob\u00f3tica, sem necessidade de conhecimentos espec\u00edficos de IT ou programa\u00e7\u00e3o. Permite agilizar o desenvolvimento do projeto e ao mesmo tempo reduzir os custos.<\/p>\n\n\n\n<p>Baseado em algoritmos avan\u00e7ados de machine learning, o MI.RA\/Dexter permite aos operadores instruir um rob\u00f4 para executar tarefas complexas com comandos simples e diretos, tendo como resultado a otimiza\u00e7\u00e3o das opera\u00e7\u00f5es industriais. Ele permite igualmente aos operadores reagir instantaneamente e ajustar as opera\u00e7\u00f5es do rob\u00f4 em tempo real, maximizando a efici\u00eancia do ciclo de trabalho. E como esta solu\u00e7\u00e3o associa o software inovador da Comau a um cobot industrial articulado de 6 eixos que possui uma sensibilidade \u201cquase humana\u201d, o MI.RA\/Dexter torna a colabora\u00e7\u00e3o homem-m\u00e1quina mais simples, aberta e intuitiva. E o que \u00e9 mais importante, ele garante o gerenciamento seguro de todas as tarefas executadas pelo rob\u00f4 colaborativo em estreito contato com um operador.<\/p>\n\n\n\n<h2 class=\"wp-block-heading\">Vantagens<\/h2>\n\n\n\n<ul class=\"wp-block-list\"><li>Teste e debug 3 vezes mais r\u00e1pido em compara\u00e7\u00e3o com um processo manual<\/li><li>A necessidade de barreiras de seguran\u00e7a ou equipamentos de prote\u00e7\u00e3o \u00e9 eliminada<\/li><li>Testes autom\u00e1ticos garantem a total conformidade com as etapas de controle da qualidade especificadas<\/li><li>Melhor rastreabilidade e repetibilidade do processo<\/li><li>100% aplic\u00e1vel a diferentes ind\u00fastrias e aplica\u00e7\u00f5es<\/li><\/ul>\n\n\n\n<figure class=\"wp-block-embed is-type-video is-provider-youtube wp-block-embed-youtube wp-embed-aspect-16-9 wp-has-aspect-ratio\"><div class=\"wp-block-embed__wrapper\">\n<iframe title=\"COMAU\u2019S MI.RA\/DEXTER ENABLES INTUITIVE AND EASY PROGRAMMING OF COMPLEX ROBOTIC APPLICATIONS\" width=\"640\" height=\"360\" src=\"https:\/\/www.youtube.com\/embed\/rNd3Hue-zzM?start=109&#038;feature=oembed\" frameborder=\"0\" allow=\"accelerometer; autoplay; clipboard-write; encrypted-media; gyroscope; picture-in-picture; web-share\" referrerpolicy=\"strict-origin-when-cross-origin\" allowfullscreen><\/iframe>\n<\/div><\/figure>\n","protected":false},"excerpt":{"rendered":"<p>Foco sobre: MI.RA\/Dexter Este poderoso programa de software de metalinguagem da Comau permite uma programa\u00e7\u00e3o simplificada de aplica\u00e7\u00f5es de rob\u00f3tica, sem necessidade de conhecimentos espec\u00edficos de IT ou programa\u00e7\u00e3o. Permite agilizar o desenvolvimento do projeto e ao mesmo tempo reduzir os custos. Baseado em algoritmos avan\u00e7ados de machine learning, o MI.RA\/Dexter permite aos operadores instruir [&hellip;]<\/p>\n","protected":false},"author":7,"featured_media":43852,"parent":5718,"menu_order":0,"comment_status":"closed","ping_status":"closed","template":"","meta":{"_acf_changed":false,"ep_exclude_from_search":false,"footnotes":""},"class_list":["post-44018","page","type-page","status-publish","has-post-thumbnail","hentry"],"acf":[],"yoast_head":"<!-- This site is optimized with the Yoast SEO plugin v26.9 - https:\/\/yoast.com\/product\/yoast-seo-wordpress\/ -->\n<title>Software Metalingu\u00edstico para a Programa\u00e7\u00e3o de Rob\u00f4s: Dexter | Comau<\/title>\n<meta name=\"description\" content=\"Conhe\u00e7a Dexter, o poderoso software da Comau dotado de uma linguagem de programa\u00e7\u00e3o simplificada aplicada \u00e0 rob\u00f3tica, para quem n\u00e3o sabe programar!\" \/>\n<meta name=\"robots\" content=\"index, follow, max-snippet:-1, max-image-preview:large, max-video-preview:-1\" \/>\n<link rel=\"canonical\" href=\"https:\/\/www.comau.com\/pt-br\/competencies\/robotics-automation\/dexter\/\" \/>\n<meta property=\"og:locale\" content=\"pt_BR\" \/>\n<meta property=\"og:type\" content=\"article\" \/>\n<meta property=\"og:title\" content=\"Software Metalingu\u00edstico para a Programa\u00e7\u00e3o de Rob\u00f4s: Dexter | Comau\" \/>\n<meta property=\"og:description\" content=\"Conhe\u00e7a Dexter, o poderoso software da Comau dotado de uma linguagem de programa\u00e7\u00e3o simplificada aplicada \u00e0 rob\u00f3tica, para quem n\u00e3o sabe programar!\" \/>\n<meta property=\"og:url\" content=\"https:\/\/www.comau.com\/pt-br\/competencies\/robotics-automation\/dexter\/\" \/>\n<meta property=\"og:site_name\" content=\"Comau\" \/>\n<meta property=\"article:publisher\" content=\"https:\/\/www.facebook.com\/COMAU\/\" \/>\n<meta property=\"article:modified_time\" content=\"2022-06-22T08:39:39+00:00\" \/>\n<meta property=\"og:image\" content=\"https:\/\/www.comau.com\/wp-content\/uploads\/2022\/03\/Mira-Dexteer.jpg\" \/>\n\t<meta property=\"og:image:width\" content=\"1450\" \/>\n\t<meta property=\"og:image:height\" content=\"450\" \/>\n\t<meta property=\"og:image:type\" content=\"image\/jpeg\" \/>\n<meta name=\"twitter:card\" content=\"summary_large_image\" \/>\n<meta name=\"twitter:site\" content=\"@comaugroup\" \/>\n<meta name=\"twitter:label1\" content=\"Est. tempo de leitura\" \/>\n\t<meta name=\"twitter:data1\" content=\"2 minutos\" \/>\n<script type=\"application\/ld+json\" class=\"yoast-schema-graph\">{\"@context\":\"https:\/\/schema.org\",\"@graph\":[{\"@type\":\"WebPage\",\"@id\":\"https:\/\/www.comau.com\/pt-br\/competencies\/robotics-automation\/dexter\/\",\"url\":\"https:\/\/www.comau.com\/pt-br\/competencies\/robotics-automation\/dexter\/\",\"name\":\"Software Metalingu\u00edstico para a Programa\u00e7\u00e3o de Rob\u00f4s: Dexter | Comau\",\"isPartOf\":{\"@id\":\"https:\/\/www.comau.com\/pt-br\/#website\"},\"primaryImageOfPage\":{\"@id\":\"https:\/\/www.comau.com\/pt-br\/competencies\/robotics-automation\/dexter\/#primaryimage\"},\"image\":{\"@id\":\"https:\/\/www.comau.com\/pt-br\/competencies\/robotics-automation\/dexter\/#primaryimage\"},\"thumbnailUrl\":\"https:\/\/www.comau.com\/wp-content\/uploads\/2022\/03\/Mira-Dexteer.jpg\",\"datePublished\":\"2022-03-18T16:59:18+00:00\",\"dateModified\":\"2022-06-22T08:39:39+00:00\",\"description\":\"Conhe\u00e7a Dexter, o poderoso software da Comau dotado de uma linguagem de programa\u00e7\u00e3o simplificada aplicada \u00e0 rob\u00f3tica, para quem n\u00e3o sabe programar!\",\"breadcrumb\":{\"@id\":\"https:\/\/www.comau.com\/pt-br\/competencies\/robotics-automation\/dexter\/#breadcrumb\"},\"inLanguage\":\"pt-BR\",\"potentialAction\":[{\"@type\":\"ReadAction\",\"target\":[\"https:\/\/www.comau.com\/pt-br\/competencies\/robotics-automation\/dexter\/\"]}]},{\"@type\":\"ImageObject\",\"inLanguage\":\"pt-BR\",\"@id\":\"https:\/\/www.comau.com\/pt-br\/competencies\/robotics-automation\/dexter\/#primaryimage\",\"url\":\"https:\/\/www.comau.com\/wp-content\/uploads\/2022\/03\/Mira-Dexteer.jpg\",\"contentUrl\":\"https:\/\/www.comau.com\/wp-content\/uploads\/2022\/03\/Mira-Dexteer.jpg\",\"width\":1450,\"height\":450},{\"@type\":\"BreadcrumbList\",\"@id\":\"https:\/\/www.comau.com\/pt-br\/competencies\/robotics-automation\/dexter\/#breadcrumb\",\"itemListElement\":[{\"@type\":\"ListItem\",\"position\":1,\"name\":\"Home\",\"item\":\"https:\/\/www.comau.com\/pt-br\/\"},{\"@type\":\"ListItem\",\"position\":2,\"name\":\"Nossas Compet\u00eancias\",\"item\":\"https:\/\/www.comau.com\/pt-br\/competencies\/\"},{\"@type\":\"ListItem\",\"position\":3,\"name\":\"Robotics &amp; Automation\",\"item\":\"https:\/\/www.comau.com\/pt-br\/competencies\/robotics-automation\/\"},{\"@type\":\"ListItem\",\"position\":4,\"name\":\"Dexter\"}]},{\"@type\":\"WebSite\",\"@id\":\"https:\/\/www.comau.com\/pt-br\/#website\",\"url\":\"https:\/\/www.comau.com\/pt-br\/\",\"name\":\"Comau\",\"description\":\"Industrial automation and robotics\",\"publisher\":{\"@id\":\"https:\/\/www.comau.com\/pt-br\/#organization\"},\"potentialAction\":[{\"@type\":\"SearchAction\",\"target\":{\"@type\":\"EntryPoint\",\"urlTemplate\":\"https:\/\/www.comau.com\/pt-br\/?s={search_term_string}\"},\"query-input\":{\"@type\":\"PropertyValueSpecification\",\"valueRequired\":true,\"valueName\":\"search_term_string\"}}],\"inLanguage\":\"pt-BR\"},{\"@type\":\"Organization\",\"@id\":\"https:\/\/www.comau.com\/pt-br\/#organization\",\"name\":\"Comau\",\"url\":\"https:\/\/www.comau.com\/pt-br\/\",\"logo\":{\"@type\":\"ImageObject\",\"inLanguage\":\"pt-BR\",\"@id\":\"https:\/\/www.comau.com\/pt-br\/#\/schema\/logo\/image\/\",\"url\":\"https:\/\/www.comau.com\/wp-content\/uploads\/2024\/07\/cropped-Logo-COMAU.png\",\"contentUrl\":\"https:\/\/www.comau.com\/wp-content\/uploads\/2024\/07\/cropped-Logo-COMAU.png\",\"width\":434,\"height\":434,\"caption\":\"Comau\"},\"image\":{\"@id\":\"https:\/\/www.comau.com\/pt-br\/#\/schema\/logo\/image\/\"},\"sameAs\":[\"https:\/\/www.facebook.com\/COMAU\/\",\"https:\/\/x.com\/comaugroup\",\"https:\/\/www.instagram.com\/comaugroup\/\",\"https:\/\/www.linkedin.com\/company\/comau\",\"https:\/\/www.youtube.com\/user\/comau\"]}]}<\/script>\n<!-- \/ Yoast SEO plugin. -->","yoast_head_json":{"title":"Software Metalingu\u00edstico para a Programa\u00e7\u00e3o de Rob\u00f4s: Dexter | Comau","description":"Conhe\u00e7a Dexter, o poderoso software da Comau dotado de uma linguagem de programa\u00e7\u00e3o simplificada aplicada \u00e0 rob\u00f3tica, para quem n\u00e3o sabe programar!","robots":{"index":"index","follow":"follow","max-snippet":"max-snippet:-1","max-image-preview":"max-image-preview:large","max-video-preview":"max-video-preview:-1"},"canonical":"https:\/\/www.comau.com\/pt-br\/competencies\/robotics-automation\/dexter\/","og_locale":"pt_BR","og_type":"article","og_title":"Software Metalingu\u00edstico para a Programa\u00e7\u00e3o de Rob\u00f4s: Dexter | Comau","og_description":"Conhe\u00e7a Dexter, o poderoso software da Comau dotado de uma linguagem de programa\u00e7\u00e3o simplificada aplicada \u00e0 rob\u00f3tica, para quem n\u00e3o sabe programar!","og_url":"https:\/\/www.comau.com\/pt-br\/competencies\/robotics-automation\/dexter\/","og_site_name":"Comau","article_publisher":"https:\/\/www.facebook.com\/COMAU\/","article_modified_time":"2022-06-22T08:39:39+00:00","og_image":[{"width":1450,"height":450,"url":"https:\/\/www.comau.com\/wp-content\/uploads\/2022\/03\/Mira-Dexteer.jpg","type":"image\/jpeg"}],"twitter_card":"summary_large_image","twitter_site":"@comaugroup","twitter_misc":{"Est. tempo de leitura":"2 minutos"},"schema":{"@context":"https:\/\/schema.org","@graph":[{"@type":"WebPage","@id":"https:\/\/www.comau.com\/pt-br\/competencies\/robotics-automation\/dexter\/","url":"https:\/\/www.comau.com\/pt-br\/competencies\/robotics-automation\/dexter\/","name":"Software Metalingu\u00edstico para a Programa\u00e7\u00e3o de Rob\u00f4s: Dexter | Comau","isPartOf":{"@id":"https:\/\/www.comau.com\/pt-br\/#website"},"primaryImageOfPage":{"@id":"https:\/\/www.comau.com\/pt-br\/competencies\/robotics-automation\/dexter\/#primaryimage"},"image":{"@id":"https:\/\/www.comau.com\/pt-br\/competencies\/robotics-automation\/dexter\/#primaryimage"},"thumbnailUrl":"https:\/\/www.comau.com\/wp-content\/uploads\/2022\/03\/Mira-Dexteer.jpg","datePublished":"2022-03-18T16:59:18+00:00","dateModified":"2022-06-22T08:39:39+00:00","description":"Conhe\u00e7a Dexter, o poderoso software da Comau dotado de uma linguagem de programa\u00e7\u00e3o simplificada aplicada \u00e0 rob\u00f3tica, para quem n\u00e3o sabe programar!","breadcrumb":{"@id":"https:\/\/www.comau.com\/pt-br\/competencies\/robotics-automation\/dexter\/#breadcrumb"},"inLanguage":"pt-BR","potentialAction":[{"@type":"ReadAction","target":["https:\/\/www.comau.com\/pt-br\/competencies\/robotics-automation\/dexter\/"]}]},{"@type":"ImageObject","inLanguage":"pt-BR","@id":"https:\/\/www.comau.com\/pt-br\/competencies\/robotics-automation\/dexter\/#primaryimage","url":"https:\/\/www.comau.com\/wp-content\/uploads\/2022\/03\/Mira-Dexteer.jpg","contentUrl":"https:\/\/www.comau.com\/wp-content\/uploads\/2022\/03\/Mira-Dexteer.jpg","width":1450,"height":450},{"@type":"BreadcrumbList","@id":"https:\/\/www.comau.com\/pt-br\/competencies\/robotics-automation\/dexter\/#breadcrumb","itemListElement":[{"@type":"ListItem","position":1,"name":"Home","item":"https:\/\/www.comau.com\/pt-br\/"},{"@type":"ListItem","position":2,"name":"Nossas Compet\u00eancias","item":"https:\/\/www.comau.com\/pt-br\/competencies\/"},{"@type":"ListItem","position":3,"name":"Robotics &amp; Automation","item":"https:\/\/www.comau.com\/pt-br\/competencies\/robotics-automation\/"},{"@type":"ListItem","position":4,"name":"Dexter"}]},{"@type":"WebSite","@id":"https:\/\/www.comau.com\/pt-br\/#website","url":"https:\/\/www.comau.com\/pt-br\/","name":"Comau","description":"Industrial automation and robotics","publisher":{"@id":"https:\/\/www.comau.com\/pt-br\/#organization"},"potentialAction":[{"@type":"SearchAction","target":{"@type":"EntryPoint","urlTemplate":"https:\/\/www.comau.com\/pt-br\/?s={search_term_string}"},"query-input":{"@type":"PropertyValueSpecification","valueRequired":true,"valueName":"search_term_string"}}],"inLanguage":"pt-BR"},{"@type":"Organization","@id":"https:\/\/www.comau.com\/pt-br\/#organization","name":"Comau","url":"https:\/\/www.comau.com\/pt-br\/","logo":{"@type":"ImageObject","inLanguage":"pt-BR","@id":"https:\/\/www.comau.com\/pt-br\/#\/schema\/logo\/image\/","url":"https:\/\/www.comau.com\/wp-content\/uploads\/2024\/07\/cropped-Logo-COMAU.png","contentUrl":"https:\/\/www.comau.com\/wp-content\/uploads\/2024\/07\/cropped-Logo-COMAU.png","width":434,"height":434,"caption":"Comau"},"image":{"@id":"https:\/\/www.comau.com\/pt-br\/#\/schema\/logo\/image\/"},"sameAs":["https:\/\/www.facebook.com\/COMAU\/","https:\/\/x.com\/comaugroup","https:\/\/www.instagram.com\/comaugroup\/","https:\/\/www.linkedin.com\/company\/comau","https:\/\/www.youtube.com\/user\/comau"]}]}},"_links":{"self":[{"href":"https:\/\/www.comau.com\/pt-br\/wp-json\/wp\/v2\/pages\/44018","targetHints":{"allow":["GET"]}}],"collection":[{"href":"https:\/\/www.comau.com\/pt-br\/wp-json\/wp\/v2\/pages"}],"about":[{"href":"https:\/\/www.comau.com\/pt-br\/wp-json\/wp\/v2\/types\/page"}],"author":[{"embeddable":true,"href":"https:\/\/www.comau.com\/pt-br\/wp-json\/wp\/v2\/users\/7"}],"replies":[{"embeddable":true,"href":"https:\/\/www.comau.com\/pt-br\/wp-json\/wp\/v2\/comments?post=44018"}],"version-history":[{"count":3,"href":"https:\/\/www.comau.com\/pt-br\/wp-json\/wp\/v2\/pages\/44018\/revisions"}],"predecessor-version":[{"id":46104,"href":"https:\/\/www.comau.com\/pt-br\/wp-json\/wp\/v2\/pages\/44018\/revisions\/46104"}],"up":[{"embeddable":true,"href":"https:\/\/www.comau.com\/pt-br\/wp-json\/wp\/v2\/pages\/5718"}],"wp:featuredmedia":[{"embeddable":true,"href":"https:\/\/www.comau.com\/pt-br\/wp-json\/wp\/v2\/media\/43852"}],"wp:attachment":[{"href":"https:\/\/www.comau.com\/pt-br\/wp-json\/wp\/v2\/media?parent=44018"}],"curies":[{"name":"wp","href":"https:\/\/api.w.org\/{rel}","templated":true}]}}