{"id":44002,"date":"2022-03-18T18:00:07","date_gmt":"2022-03-18T17:00:07","guid":{"rendered":"https:\/\/www.comau.com\/?page_id=44002"},"modified":"2022-03-28T10:47:56","modified_gmt":"2022-03-28T08:47:56","slug":"3d","status":"publish","type":"page","link":"https:\/\/www.comau.com\/pt-br\/competencies\/robotics-automation\/3d\/","title":{"rendered":"3D"},"content":{"rendered":"\n<h2 class=\"wp-block-heading\">Foco sobre: MI.RA\/3D<\/h2>\n\n\n\n<p>Nossa nova tecnologia MI.RA\/3D torna poss\u00edvel a performance 3D com a utiliza\u00e7\u00e3o de c\u00e2maras 2D. Com sua avan\u00e7ada funcionalidade anal\u00edtica, o sistema de orienta\u00e7\u00e3o 3D do rob\u00f4 escaneia e compara as imagens com uma base de dados de refer\u00eancia iterativa para suportar com sucesso opera\u00e7\u00f5es de alta precis\u00e3o. Sua abordagem patenteada adapta completamente a precis\u00e3o de orienta\u00e7\u00e3o para atender as exig\u00eancias espec\u00edficas da tarefa em vista, o que permite ao rob\u00f4 realizar as mais dif\u00edceis tarefas de maneira mais inteligente, mais r\u00e1pida e com maior exatid\u00e3o.<\/p>\n\n\n\n<p>Perfeito para pegar e depositar, carregar e descarregar, selecionar logisticamente as pe\u00e7as e muito mais, o MI.RA\/3D oferece um posicionamento perfeito com uma flexibilidade m\u00e1xima. O sistema \u201ctudo em um\u201d de previs\u00e3o do posicionamento avalia o aspecto completo de um corpo r\u00edgido e o compara com uma imagem de refer\u00eancia pr\u00e9-preparada. Analisando a deforma\u00e7\u00e3o da imagem causada pela roto-transla\u00e7\u00e3o, o sistema instrui o rob\u00f4 para redefinir sua posi\u00e7\u00e3o de apreens\u00e3o quando necess\u00e1rio &#8211; garantindo uma melhor precis\u00e3o com custos globais inferiores.\u00a0\u00a0\u00a0\u00a0\u00a0\u00a0\u00a0<\/p>\n\n\n\n<h2 class=\"wp-block-heading\">Vantagens<\/h2>\n\n\n\n<ul class=\"wp-block-list\"><li>Indiferente ao hardware e indiferente ao rob\u00f4: escolha a melhor configura\u00e7\u00e3o para sua aplica\u00e7\u00e3o<\/li><li>Indiferente \u00e0 CPU: desenvolve a solu\u00e7\u00e3o em diferentes unidades de processamento<\/li><li>Interface do Utilizador otimizada; configura\u00e7\u00e3o do sistema f\u00e1cil de usar e integra\u00e7\u00e3o flex\u00edvel na linha<\/li><li>Total adapta\u00e7\u00e3o a mudan\u00e7as nas condi\u00e7\u00f5es de ilumina\u00e7\u00e3o com o uso de luz IV<\/li><li>Menor ocupa\u00e7\u00e3o global do solo permitindo poupar espa\u00e7o<\/li><\/ul>\n\n\n\n<div class=\"wp-block-buttons is-layout-flex wp-block-buttons-is-layout-flex\">\n<div class=\"wp-block-button is-style-fill\"><a class=\"wp-block-button__link\" href=\"https:\/\/www.comau.com\/wp-content\/uploads\/2022\/03\/Brochure_MIRA_FINAL.pdf\">DOWNLOAD DA BROCHURA<\/a><\/div>\n<\/div>\n\n\n\n<p>\u00a0<\/p>\n","protected":false},"excerpt":{"rendered":"<p>Foco sobre: MI.RA\/3D Nossa nova tecnologia MI.RA\/3D torna poss\u00edvel a performance 3D com a utiliza\u00e7\u00e3o de c\u00e2maras 2D. Com sua avan\u00e7ada funcionalidade anal\u00edtica, o sistema de orienta\u00e7\u00e3o 3D do rob\u00f4 escaneia e compara as imagens com uma base de dados de refer\u00eancia iterativa para suportar com sucesso opera\u00e7\u00f5es de alta precis\u00e3o. Sua abordagem patenteada adapta [&hellip;]<\/p>\n","protected":false},"author":7,"featured_media":43846,"parent":5718,"menu_order":0,"comment_status":"closed","ping_status":"closed","template":"","meta":{"_acf_changed":false,"ep_exclude_from_search":false,"footnotes":""},"class_list":["post-44002","page","type-page","status-publish","has-post-thumbnail","hentry"],"acf":[],"yoast_head":"<!-- This site is optimized with the Yoast SEO plugin v26.9 - https:\/\/yoast.com\/product\/yoast-seo-wordpress\/ -->\n<title>3D - Comau<\/title>\n<meta name=\"robots\" content=\"index, follow, max-snippet:-1, max-image-preview:large, max-video-preview:-1\" \/>\n<link rel=\"canonical\" href=\"https:\/\/www.comau.com\/pt-br\/competencies\/robotics-automation\/3d\/\" \/>\n<meta property=\"og:locale\" content=\"pt_BR\" \/>\n<meta property=\"og:type\" content=\"article\" \/>\n<meta property=\"og:title\" content=\"3D - Comau\" \/>\n<meta property=\"og:description\" content=\"Foco sobre: MI.RA\/3D Nossa nova tecnologia MI.RA\/3D torna poss\u00edvel a performance 3D com a utiliza\u00e7\u00e3o de c\u00e2maras 2D. Com sua avan\u00e7ada funcionalidade anal\u00edtica, o sistema de orienta\u00e7\u00e3o 3D do rob\u00f4 escaneia e compara as imagens com uma base de dados de refer\u00eancia iterativa para suportar com sucesso opera\u00e7\u00f5es de alta precis\u00e3o. Sua abordagem patenteada adapta [&hellip;]\" \/>\n<meta property=\"og:url\" content=\"https:\/\/www.comau.com\/pt-br\/competencies\/robotics-automation\/3d\/\" \/>\n<meta property=\"og:site_name\" content=\"Comau\" \/>\n<meta property=\"article:publisher\" content=\"https:\/\/www.facebook.com\/COMAU\/\" \/>\n<meta property=\"article:modified_time\" content=\"2022-03-28T08:47:56+00:00\" \/>\n<meta property=\"og:image\" content=\"https:\/\/www.comau.com\/wp-content\/uploads\/2022\/03\/Mira-3D.jpg\" \/>\n\t<meta property=\"og:image:width\" content=\"1450\" \/>\n\t<meta property=\"og:image:height\" content=\"450\" \/>\n\t<meta property=\"og:image:type\" content=\"image\/jpeg\" \/>\n<meta name=\"twitter:card\" content=\"summary_large_image\" \/>\n<meta name=\"twitter:site\" content=\"@comaugroup\" \/>\n<meta name=\"twitter:label1\" content=\"Est. tempo de leitura\" \/>\n\t<meta name=\"twitter:data1\" content=\"2 minutos\" \/>\n<script type=\"application\/ld+json\" class=\"yoast-schema-graph\">{\"@context\":\"https:\/\/schema.org\",\"@graph\":[{\"@type\":\"WebPage\",\"@id\":\"https:\/\/www.comau.com\/pt-br\/competencies\/robotics-automation\/3d\/\",\"url\":\"https:\/\/www.comau.com\/pt-br\/competencies\/robotics-automation\/3d\/\",\"name\":\"3D - Comau\",\"isPartOf\":{\"@id\":\"https:\/\/www.comau.com\/pt-br\/#website\"},\"primaryImageOfPage\":{\"@id\":\"https:\/\/www.comau.com\/pt-br\/competencies\/robotics-automation\/3d\/#primaryimage\"},\"image\":{\"@id\":\"https:\/\/www.comau.com\/pt-br\/competencies\/robotics-automation\/3d\/#primaryimage\"},\"thumbnailUrl\":\"https:\/\/www.comau.com\/wp-content\/uploads\/2022\/03\/Mira-3D.jpg\",\"datePublished\":\"2022-03-18T17:00:07+00:00\",\"dateModified\":\"2022-03-28T08:47:56+00:00\",\"breadcrumb\":{\"@id\":\"https:\/\/www.comau.com\/pt-br\/competencies\/robotics-automation\/3d\/#breadcrumb\"},\"inLanguage\":\"pt-BR\",\"potentialAction\":[{\"@type\":\"ReadAction\",\"target\":[\"https:\/\/www.comau.com\/pt-br\/competencies\/robotics-automation\/3d\/\"]}]},{\"@type\":\"ImageObject\",\"inLanguage\":\"pt-BR\",\"@id\":\"https:\/\/www.comau.com\/pt-br\/competencies\/robotics-automation\/3d\/#primaryimage\",\"url\":\"https:\/\/www.comau.com\/wp-content\/uploads\/2022\/03\/Mira-3D.jpg\",\"contentUrl\":\"https:\/\/www.comau.com\/wp-content\/uploads\/2022\/03\/Mira-3D.jpg\",\"width\":1450,\"height\":450},{\"@type\":\"BreadcrumbList\",\"@id\":\"https:\/\/www.comau.com\/pt-br\/competencies\/robotics-automation\/3d\/#breadcrumb\",\"itemListElement\":[{\"@type\":\"ListItem\",\"position\":1,\"name\":\"Home\",\"item\":\"https:\/\/www.comau.com\/pt-br\/\"},{\"@type\":\"ListItem\",\"position\":2,\"name\":\"Nossas Compet\u00eancias\",\"item\":\"https:\/\/www.comau.com\/pt-br\/competencies\/\"},{\"@type\":\"ListItem\",\"position\":3,\"name\":\"Robotics &amp; Automation\",\"item\":\"https:\/\/www.comau.com\/pt-br\/competencies\/robotics-automation\/\"},{\"@type\":\"ListItem\",\"position\":4,\"name\":\"3D\"}]},{\"@type\":\"WebSite\",\"@id\":\"https:\/\/www.comau.com\/pt-br\/#website\",\"url\":\"https:\/\/www.comau.com\/pt-br\/\",\"name\":\"Comau\",\"description\":\"Industrial automation and robotics\",\"publisher\":{\"@id\":\"https:\/\/www.comau.com\/pt-br\/#organization\"},\"potentialAction\":[{\"@type\":\"SearchAction\",\"target\":{\"@type\":\"EntryPoint\",\"urlTemplate\":\"https:\/\/www.comau.com\/pt-br\/?s={search_term_string}\"},\"query-input\":{\"@type\":\"PropertyValueSpecification\",\"valueRequired\":true,\"valueName\":\"search_term_string\"}}],\"inLanguage\":\"pt-BR\"},{\"@type\":\"Organization\",\"@id\":\"https:\/\/www.comau.com\/pt-br\/#organization\",\"name\":\"Comau\",\"url\":\"https:\/\/www.comau.com\/pt-br\/\",\"logo\":{\"@type\":\"ImageObject\",\"inLanguage\":\"pt-BR\",\"@id\":\"https:\/\/www.comau.com\/pt-br\/#\/schema\/logo\/image\/\",\"url\":\"https:\/\/www.comau.com\/wp-content\/uploads\/2024\/07\/cropped-Logo-COMAU.png\",\"contentUrl\":\"https:\/\/www.comau.com\/wp-content\/uploads\/2024\/07\/cropped-Logo-COMAU.png\",\"width\":434,\"height\":434,\"caption\":\"Comau\"},\"image\":{\"@id\":\"https:\/\/www.comau.com\/pt-br\/#\/schema\/logo\/image\/\"},\"sameAs\":[\"https:\/\/www.facebook.com\/COMAU\/\",\"https:\/\/x.com\/comaugroup\",\"https:\/\/www.instagram.com\/comaugroup\/\",\"https:\/\/www.linkedin.com\/company\/comau\",\"https:\/\/www.youtube.com\/user\/comau\"]}]}<\/script>\n<!-- \/ Yoast SEO plugin. -->","yoast_head_json":{"title":"3D - Comau","robots":{"index":"index","follow":"follow","max-snippet":"max-snippet:-1","max-image-preview":"max-image-preview:large","max-video-preview":"max-video-preview:-1"},"canonical":"https:\/\/www.comau.com\/pt-br\/competencies\/robotics-automation\/3d\/","og_locale":"pt_BR","og_type":"article","og_title":"3D - Comau","og_description":"Foco sobre: MI.RA\/3D Nossa nova tecnologia MI.RA\/3D torna poss\u00edvel a performance 3D com a utiliza\u00e7\u00e3o de c\u00e2maras 2D. Com sua avan\u00e7ada funcionalidade anal\u00edtica, o sistema de orienta\u00e7\u00e3o 3D do rob\u00f4 escaneia e compara as imagens com uma base de dados de refer\u00eancia iterativa para suportar com sucesso opera\u00e7\u00f5es de alta precis\u00e3o. Sua abordagem patenteada adapta [&hellip;]","og_url":"https:\/\/www.comau.com\/pt-br\/competencies\/robotics-automation\/3d\/","og_site_name":"Comau","article_publisher":"https:\/\/www.facebook.com\/COMAU\/","article_modified_time":"2022-03-28T08:47:56+00:00","og_image":[{"width":1450,"height":450,"url":"https:\/\/www.comau.com\/wp-content\/uploads\/2022\/03\/Mira-3D.jpg","type":"image\/jpeg"}],"twitter_card":"summary_large_image","twitter_site":"@comaugroup","twitter_misc":{"Est. tempo de leitura":"2 minutos"},"schema":{"@context":"https:\/\/schema.org","@graph":[{"@type":"WebPage","@id":"https:\/\/www.comau.com\/pt-br\/competencies\/robotics-automation\/3d\/","url":"https:\/\/www.comau.com\/pt-br\/competencies\/robotics-automation\/3d\/","name":"3D - Comau","isPartOf":{"@id":"https:\/\/www.comau.com\/pt-br\/#website"},"primaryImageOfPage":{"@id":"https:\/\/www.comau.com\/pt-br\/competencies\/robotics-automation\/3d\/#primaryimage"},"image":{"@id":"https:\/\/www.comau.com\/pt-br\/competencies\/robotics-automation\/3d\/#primaryimage"},"thumbnailUrl":"https:\/\/www.comau.com\/wp-content\/uploads\/2022\/03\/Mira-3D.jpg","datePublished":"2022-03-18T17:00:07+00:00","dateModified":"2022-03-28T08:47:56+00:00","breadcrumb":{"@id":"https:\/\/www.comau.com\/pt-br\/competencies\/robotics-automation\/3d\/#breadcrumb"},"inLanguage":"pt-BR","potentialAction":[{"@type":"ReadAction","target":["https:\/\/www.comau.com\/pt-br\/competencies\/robotics-automation\/3d\/"]}]},{"@type":"ImageObject","inLanguage":"pt-BR","@id":"https:\/\/www.comau.com\/pt-br\/competencies\/robotics-automation\/3d\/#primaryimage","url":"https:\/\/www.comau.com\/wp-content\/uploads\/2022\/03\/Mira-3D.jpg","contentUrl":"https:\/\/www.comau.com\/wp-content\/uploads\/2022\/03\/Mira-3D.jpg","width":1450,"height":450},{"@type":"BreadcrumbList","@id":"https:\/\/www.comau.com\/pt-br\/competencies\/robotics-automation\/3d\/#breadcrumb","itemListElement":[{"@type":"ListItem","position":1,"name":"Home","item":"https:\/\/www.comau.com\/pt-br\/"},{"@type":"ListItem","position":2,"name":"Nossas Compet\u00eancias","item":"https:\/\/www.comau.com\/pt-br\/competencies\/"},{"@type":"ListItem","position":3,"name":"Robotics &amp; Automation","item":"https:\/\/www.comau.com\/pt-br\/competencies\/robotics-automation\/"},{"@type":"ListItem","position":4,"name":"3D"}]},{"@type":"WebSite","@id":"https:\/\/www.comau.com\/pt-br\/#website","url":"https:\/\/www.comau.com\/pt-br\/","name":"Comau","description":"Industrial automation and robotics","publisher":{"@id":"https:\/\/www.comau.com\/pt-br\/#organization"},"potentialAction":[{"@type":"SearchAction","target":{"@type":"EntryPoint","urlTemplate":"https:\/\/www.comau.com\/pt-br\/?s={search_term_string}"},"query-input":{"@type":"PropertyValueSpecification","valueRequired":true,"valueName":"search_term_string"}}],"inLanguage":"pt-BR"},{"@type":"Organization","@id":"https:\/\/www.comau.com\/pt-br\/#organization","name":"Comau","url":"https:\/\/www.comau.com\/pt-br\/","logo":{"@type":"ImageObject","inLanguage":"pt-BR","@id":"https:\/\/www.comau.com\/pt-br\/#\/schema\/logo\/image\/","url":"https:\/\/www.comau.com\/wp-content\/uploads\/2024\/07\/cropped-Logo-COMAU.png","contentUrl":"https:\/\/www.comau.com\/wp-content\/uploads\/2024\/07\/cropped-Logo-COMAU.png","width":434,"height":434,"caption":"Comau"},"image":{"@id":"https:\/\/www.comau.com\/pt-br\/#\/schema\/logo\/image\/"},"sameAs":["https:\/\/www.facebook.com\/COMAU\/","https:\/\/x.com\/comaugroup","https:\/\/www.instagram.com\/comaugroup\/","https:\/\/www.linkedin.com\/company\/comau","https:\/\/www.youtube.com\/user\/comau"]}]}},"_links":{"self":[{"href":"https:\/\/www.comau.com\/pt-br\/wp-json\/wp\/v2\/pages\/44002","targetHints":{"allow":["GET"]}}],"collection":[{"href":"https:\/\/www.comau.com\/pt-br\/wp-json\/wp\/v2\/pages"}],"about":[{"href":"https:\/\/www.comau.com\/pt-br\/wp-json\/wp\/v2\/types\/page"}],"author":[{"embeddable":true,"href":"https:\/\/www.comau.com\/pt-br\/wp-json\/wp\/v2\/users\/7"}],"replies":[{"embeddable":true,"href":"https:\/\/www.comau.com\/pt-br\/wp-json\/wp\/v2\/comments?post=44002"}],"version-history":[{"count":2,"href":"https:\/\/www.comau.com\/pt-br\/wp-json\/wp\/v2\/pages\/44002\/revisions"}],"predecessor-version":[{"id":44004,"href":"https:\/\/www.comau.com\/pt-br\/wp-json\/wp\/v2\/pages\/44002\/revisions\/44004"}],"up":[{"embeddable":true,"href":"https:\/\/www.comau.com\/pt-br\/wp-json\/wp\/v2\/pages\/5718"}],"wp:featuredmedia":[{"embeddable":true,"href":"https:\/\/www.comau.com\/pt-br\/wp-json\/wp\/v2\/media\/43846"}],"wp:attachment":[{"href":"https:\/\/www.comau.com\/pt-br\/wp-json\/wp\/v2\/media?parent=44002"}],"curies":[{"name":"wp","href":"https:\/\/api.w.org\/{rel}","templated":true}]}}