{"id":43972,"date":"2022-03-18T18:00:16","date_gmt":"2022-03-18T17:00:16","guid":{"rendered":"https:\/\/www.comau.com\/?page_id=43972"},"modified":"2022-03-28T16:33:04","modified_gmt":"2022-03-28T14:33:04","slug":"depalletizer","status":"publish","type":"page","link":"https:\/\/www.comau.com\/pt-br\/competencies\/robotics-automation\/depalletizer\/","title":{"rendered":"Depalletizer"},"content":{"rendered":"\n<h2 class=\"wp-block-heading\">Foco sobre: MI.RA\/Despaletizador<\/h2>\n\n\n\n<p>A mais recente solu\u00e7\u00e3o da fam\u00edlia MI.RA (Machine Inspection Recognition Archetypes) da Comau utiliza c\u00e2maras 3D e algoritmos avan\u00e7ados para detectar e despaletizar caixas e contentores de maneira confi\u00e1vel, precisa e econ\u00f4mica.&nbsp;<\/p>\n\n\n\n<p>Desde caixas padronizadas com dimens\u00f5es bem conhecidas, at\u00e9 SKU \u00fanicos em posi\u00e7\u00f5es incertas, o MI.RA\/Despaletizador pode igualmente gerenciar SKU de diferentes tipos, com dimens\u00f5es, posi\u00e7\u00f5es e geometrias de paletiza\u00e7\u00e3o desconhecidas. Para obter tal flexibilidade, esta solu\u00e7\u00e3o inteligente, \u201ctudo em um\u201d, foi projetada para reconhecer facilmente e reagir aos diferentes volumes tendo em conta seu conte\u00fado e sua localiza\u00e7\u00e3o final.<\/p>\n\n\n\n<p>Com sua rob\u00f3tica avan\u00e7ada e intelig\u00eancia inerente e poderosos sistemas de vis\u00e3o, o MI.RA\/Despaletizador oferece uma absoluta flexibilidade em termos de tipos de embalagem, log\u00edstica de paletes, tecnologias de rob\u00f3tica e estrat\u00e9gias de apreens\u00e3o. Al\u00e9m disso, o MI.RA\/Despaletizador pode reduzir de maneira significativa o tempo de comissionamento, de at\u00e9 70%, tanto com SKU de um mesmo tipo como com SKU mistos.<\/p>\n\n\n\n<p>Desde a coleta de produtos at\u00e9 as embalagens que os ir\u00e3o conter, o MI.RA\/Despaletizador automatiza todo o processo de despaletiza\u00e7\u00e3o, otimizando a log\u00edstica operacional assim como sua linha de produ\u00e7\u00e3o.<\/p>\n\n\n\n<h2 class=\"wp-block-heading\"><strong>Vantagens<\/strong><\/h2>\n\n\n\n<ul class=\"wp-block-list\"><li>Automa\u00e7\u00e3o total da despaletiza\u00e7\u00e3o de SKU simples ou mistos, independentemente das posi\u00e7\u00f5es das caixas<\/li><li>Indiferente ao hardware e indiferente ao rob\u00f4: escolha a melhor configura\u00e7\u00e3o para sua aplica\u00e7\u00e3o<\/li><li>Uma flexibilidade avan\u00e7ada abrangendo tamanhos de palete e alturas de mais de 2m<\/li><li>Solu\u00e7\u00e3o de alta velocidade que pode atingir tempos de ciclo de at\u00e9 800 SKU\/hora<\/li><\/ul>\n\n\n\n<figure class=\"wp-block-embed is-type-video is-provider-youtube wp-block-embed-youtube wp-embed-aspect-16-9 wp-has-aspect-ratio\"><div class=\"wp-block-embed__wrapper\">\n <iframe title=\"COMAU\u2019S MI.RA\/DEPALLETIZER\" width=\"640\" height=\"360\" src=\"https:\/\/www.youtube.com\/embed\/CSrryQmxJJY?feature=oembed\" frameborder=\"0\" allow=\"accelerometer; autoplay; clipboard-write; encrypted-media; gyroscope; picture-in-picture; web-share\" referrerpolicy=\"strict-origin-when-cross-origin\" allowfullscreen><\/iframe>\n<\/div><\/figure>\n","protected":false},"excerpt":{"rendered":"<p>Foco sobre: MI.RA\/Despaletizador A mais recente solu\u00e7\u00e3o da fam\u00edlia MI.RA (Machine Inspection Recognition Archetypes) da Comau utiliza c\u00e2maras 3D e algoritmos avan\u00e7ados para detectar e despaletizar caixas e contentores de maneira confi\u00e1vel, precisa e econ\u00f4mica.&nbsp; Desde caixas padronizadas com dimens\u00f5es bem conhecidas, at\u00e9 SKU \u00fanicos em posi\u00e7\u00f5es incertas, o MI.RA\/Despaletizador pode igualmente gerenciar SKU de [&hellip;]<\/p>\n","protected":false},"author":7,"featured_media":48244,"parent":5718,"menu_order":0,"comment_status":"closed","ping_status":"closed","template":"","meta":{"_acf_changed":false,"ep_exclude_from_search":false,"footnotes":""},"class_list":["post-43972","page","type-page","status-publish","has-post-thumbnail","hentry"],"acf":[],"yoast_head":"<!-- This site is optimized with the Yoast SEO plugin v26.9 - https:\/\/yoast.com\/product\/yoast-seo-wordpress\/ -->\n<title>Depalletizer - Comau<\/title>\n<meta name=\"robots\" content=\"index, follow, max-snippet:-1, max-image-preview:large, max-video-preview:-1\" \/>\n<link rel=\"canonical\" href=\"https:\/\/www.comau.com\/pt-br\/competencies\/robotics-automation\/depalletizer\/\" \/>\n<meta property=\"og:locale\" content=\"pt_BR\" \/>\n<meta property=\"og:type\" content=\"article\" \/>\n<meta property=\"og:title\" content=\"Depalletizer - Comau\" \/>\n<meta property=\"og:description\" content=\"Foco sobre: MI.RA\/Despaletizador A mais recente solu\u00e7\u00e3o da fam\u00edlia MI.RA (Machine Inspection Recognition Archetypes) da Comau utiliza c\u00e2maras 3D e algoritmos avan\u00e7ados para detectar e despaletizar caixas e contentores de maneira confi\u00e1vel, precisa e econ\u00f4mica.&nbsp; Desde caixas padronizadas com dimens\u00f5es bem conhecidas, at\u00e9 SKU \u00fanicos em posi\u00e7\u00f5es incertas, o MI.RA\/Despaletizador pode igualmente gerenciar SKU de [&hellip;]\" \/>\n<meta property=\"og:url\" content=\"https:\/\/www.comau.com\/pt-br\/competencies\/robotics-automation\/depalletizer\/\" \/>\n<meta property=\"og:site_name\" content=\"Comau\" \/>\n<meta property=\"article:publisher\" content=\"https:\/\/www.facebook.com\/COMAU\/\" \/>\n<meta property=\"article:modified_time\" content=\"2022-03-28T14:33:04+00:00\" \/>\n<meta property=\"og:image\" content=\"https:\/\/www.comau.com\/wp-content\/uploads\/2022\/03\/Prodotto-Depal.jpg\" \/>\n\t<meta property=\"og:image:width\" content=\"1450\" \/>\n\t<meta property=\"og:image:height\" content=\"450\" \/>\n\t<meta property=\"og:image:type\" content=\"image\/jpeg\" \/>\n<meta name=\"twitter:card\" content=\"summary_large_image\" \/>\n<meta name=\"twitter:site\" content=\"@comaugroup\" \/>\n<meta name=\"twitter:label1\" content=\"Est. tempo de leitura\" \/>\n\t<meta name=\"twitter:data1\" content=\"2 minutos\" \/>\n<script type=\"application\/ld+json\" class=\"yoast-schema-graph\">{\"@context\":\"https:\/\/schema.org\",\"@graph\":[{\"@type\":\"WebPage\",\"@id\":\"https:\/\/www.comau.com\/pt-br\/competencies\/robotics-automation\/depalletizer\/\",\"url\":\"https:\/\/www.comau.com\/pt-br\/competencies\/robotics-automation\/depalletizer\/\",\"name\":\"Depalletizer - Comau\",\"isPartOf\":{\"@id\":\"https:\/\/www.comau.com\/pt-br\/#website\"},\"primaryImageOfPage\":{\"@id\":\"https:\/\/www.comau.com\/pt-br\/competencies\/robotics-automation\/depalletizer\/#primaryimage\"},\"image\":{\"@id\":\"https:\/\/www.comau.com\/pt-br\/competencies\/robotics-automation\/depalletizer\/#primaryimage\"},\"thumbnailUrl\":\"https:\/\/www.comau.com\/wp-content\/uploads\/2022\/10\/Mira-Depalletizer.jpg\",\"datePublished\":\"2022-03-18T17:00:16+00:00\",\"dateModified\":\"2022-03-28T14:33:04+00:00\",\"breadcrumb\":{\"@id\":\"https:\/\/www.comau.com\/pt-br\/competencies\/robotics-automation\/depalletizer\/#breadcrumb\"},\"inLanguage\":\"pt-BR\",\"potentialAction\":[{\"@type\":\"ReadAction\",\"target\":[\"https:\/\/www.comau.com\/pt-br\/competencies\/robotics-automation\/depalletizer\/\"]}]},{\"@type\":\"ImageObject\",\"inLanguage\":\"pt-BR\",\"@id\":\"https:\/\/www.comau.com\/pt-br\/competencies\/robotics-automation\/depalletizer\/#primaryimage\",\"url\":\"https:\/\/www.comau.com\/wp-content\/uploads\/2022\/10\/Mira-Depalletizer.jpg\",\"contentUrl\":\"https:\/\/www.comau.com\/wp-content\/uploads\/2022\/10\/Mira-Depalletizer.jpg\",\"width\":1450,\"height\":450,\"caption\":\"Mira-Depalletizer\"},{\"@type\":\"BreadcrumbList\",\"@id\":\"https:\/\/www.comau.com\/pt-br\/competencies\/robotics-automation\/depalletizer\/#breadcrumb\",\"itemListElement\":[{\"@type\":\"ListItem\",\"position\":1,\"name\":\"Home\",\"item\":\"https:\/\/www.comau.com\/pt-br\/\"},{\"@type\":\"ListItem\",\"position\":2,\"name\":\"Nossas Compet\u00eancias\",\"item\":\"https:\/\/www.comau.com\/pt-br\/competencies\/\"},{\"@type\":\"ListItem\",\"position\":3,\"name\":\"Robotics &amp; Automation\",\"item\":\"https:\/\/www.comau.com\/pt-br\/competencies\/robotics-automation\/\"},{\"@type\":\"ListItem\",\"position\":4,\"name\":\"Depalletizer\"}]},{\"@type\":\"WebSite\",\"@id\":\"https:\/\/www.comau.com\/pt-br\/#website\",\"url\":\"https:\/\/www.comau.com\/pt-br\/\",\"name\":\"Comau\",\"description\":\"Industrial automation and robotics\",\"publisher\":{\"@id\":\"https:\/\/www.comau.com\/pt-br\/#organization\"},\"potentialAction\":[{\"@type\":\"SearchAction\",\"target\":{\"@type\":\"EntryPoint\",\"urlTemplate\":\"https:\/\/www.comau.com\/pt-br\/?s={search_term_string}\"},\"query-input\":{\"@type\":\"PropertyValueSpecification\",\"valueRequired\":true,\"valueName\":\"search_term_string\"}}],\"inLanguage\":\"pt-BR\"},{\"@type\":\"Organization\",\"@id\":\"https:\/\/www.comau.com\/pt-br\/#organization\",\"name\":\"Comau\",\"url\":\"https:\/\/www.comau.com\/pt-br\/\",\"logo\":{\"@type\":\"ImageObject\",\"inLanguage\":\"pt-BR\",\"@id\":\"https:\/\/www.comau.com\/pt-br\/#\/schema\/logo\/image\/\",\"url\":\"https:\/\/www.comau.com\/wp-content\/uploads\/2024\/07\/cropped-Logo-COMAU.png\",\"contentUrl\":\"https:\/\/www.comau.com\/wp-content\/uploads\/2024\/07\/cropped-Logo-COMAU.png\",\"width\":434,\"height\":434,\"caption\":\"Comau\"},\"image\":{\"@id\":\"https:\/\/www.comau.com\/pt-br\/#\/schema\/logo\/image\/\"},\"sameAs\":[\"https:\/\/www.facebook.com\/COMAU\/\",\"https:\/\/x.com\/comaugroup\",\"https:\/\/www.instagram.com\/comaugroup\/\",\"https:\/\/www.linkedin.com\/company\/comau\",\"https:\/\/www.youtube.com\/user\/comau\"]}]}<\/script>\n<!-- \/ Yoast SEO plugin. -->","yoast_head_json":{"title":"Depalletizer - Comau","robots":{"index":"index","follow":"follow","max-snippet":"max-snippet:-1","max-image-preview":"max-image-preview:large","max-video-preview":"max-video-preview:-1"},"canonical":"https:\/\/www.comau.com\/pt-br\/competencies\/robotics-automation\/depalletizer\/","og_locale":"pt_BR","og_type":"article","og_title":"Depalletizer - Comau","og_description":"Foco sobre: MI.RA\/Despaletizador A mais recente solu\u00e7\u00e3o da fam\u00edlia MI.RA (Machine Inspection Recognition Archetypes) da Comau utiliza c\u00e2maras 3D e algoritmos avan\u00e7ados para detectar e despaletizar caixas e contentores de maneira confi\u00e1vel, precisa e econ\u00f4mica.&nbsp; Desde caixas padronizadas com dimens\u00f5es bem conhecidas, at\u00e9 SKU \u00fanicos em posi\u00e7\u00f5es incertas, o MI.RA\/Despaletizador pode igualmente gerenciar SKU de [&hellip;]","og_url":"https:\/\/www.comau.com\/pt-br\/competencies\/robotics-automation\/depalletizer\/","og_site_name":"Comau","article_publisher":"https:\/\/www.facebook.com\/COMAU\/","article_modified_time":"2022-03-28T14:33:04+00:00","og_image":[{"width":1450,"height":450,"url":"https:\/\/www.comau.com\/wp-content\/uploads\/2022\/03\/Prodotto-Depal.jpg","type":"image\/jpeg"}],"twitter_card":"summary_large_image","twitter_site":"@comaugroup","twitter_misc":{"Est. tempo de leitura":"2 minutos"},"schema":{"@context":"https:\/\/schema.org","@graph":[{"@type":"WebPage","@id":"https:\/\/www.comau.com\/pt-br\/competencies\/robotics-automation\/depalletizer\/","url":"https:\/\/www.comau.com\/pt-br\/competencies\/robotics-automation\/depalletizer\/","name":"Depalletizer - Comau","isPartOf":{"@id":"https:\/\/www.comau.com\/pt-br\/#website"},"primaryImageOfPage":{"@id":"https:\/\/www.comau.com\/pt-br\/competencies\/robotics-automation\/depalletizer\/#primaryimage"},"image":{"@id":"https:\/\/www.comau.com\/pt-br\/competencies\/robotics-automation\/depalletizer\/#primaryimage"},"thumbnailUrl":"https:\/\/www.comau.com\/wp-content\/uploads\/2022\/10\/Mira-Depalletizer.jpg","datePublished":"2022-03-18T17:00:16+00:00","dateModified":"2022-03-28T14:33:04+00:00","breadcrumb":{"@id":"https:\/\/www.comau.com\/pt-br\/competencies\/robotics-automation\/depalletizer\/#breadcrumb"},"inLanguage":"pt-BR","potentialAction":[{"@type":"ReadAction","target":["https:\/\/www.comau.com\/pt-br\/competencies\/robotics-automation\/depalletizer\/"]}]},{"@type":"ImageObject","inLanguage":"pt-BR","@id":"https:\/\/www.comau.com\/pt-br\/competencies\/robotics-automation\/depalletizer\/#primaryimage","url":"https:\/\/www.comau.com\/wp-content\/uploads\/2022\/10\/Mira-Depalletizer.jpg","contentUrl":"https:\/\/www.comau.com\/wp-content\/uploads\/2022\/10\/Mira-Depalletizer.jpg","width":1450,"height":450,"caption":"Mira-Depalletizer"},{"@type":"BreadcrumbList","@id":"https:\/\/www.comau.com\/pt-br\/competencies\/robotics-automation\/depalletizer\/#breadcrumb","itemListElement":[{"@type":"ListItem","position":1,"name":"Home","item":"https:\/\/www.comau.com\/pt-br\/"},{"@type":"ListItem","position":2,"name":"Nossas Compet\u00eancias","item":"https:\/\/www.comau.com\/pt-br\/competencies\/"},{"@type":"ListItem","position":3,"name":"Robotics &amp; Automation","item":"https:\/\/www.comau.com\/pt-br\/competencies\/robotics-automation\/"},{"@type":"ListItem","position":4,"name":"Depalletizer"}]},{"@type":"WebSite","@id":"https:\/\/www.comau.com\/pt-br\/#website","url":"https:\/\/www.comau.com\/pt-br\/","name":"Comau","description":"Industrial automation and robotics","publisher":{"@id":"https:\/\/www.comau.com\/pt-br\/#organization"},"potentialAction":[{"@type":"SearchAction","target":{"@type":"EntryPoint","urlTemplate":"https:\/\/www.comau.com\/pt-br\/?s={search_term_string}"},"query-input":{"@type":"PropertyValueSpecification","valueRequired":true,"valueName":"search_term_string"}}],"inLanguage":"pt-BR"},{"@type":"Organization","@id":"https:\/\/www.comau.com\/pt-br\/#organization","name":"Comau","url":"https:\/\/www.comau.com\/pt-br\/","logo":{"@type":"ImageObject","inLanguage":"pt-BR","@id":"https:\/\/www.comau.com\/pt-br\/#\/schema\/logo\/image\/","url":"https:\/\/www.comau.com\/wp-content\/uploads\/2024\/07\/cropped-Logo-COMAU.png","contentUrl":"https:\/\/www.comau.com\/wp-content\/uploads\/2024\/07\/cropped-Logo-COMAU.png","width":434,"height":434,"caption":"Comau"},"image":{"@id":"https:\/\/www.comau.com\/pt-br\/#\/schema\/logo\/image\/"},"sameAs":["https:\/\/www.facebook.com\/COMAU\/","https:\/\/x.com\/comaugroup","https:\/\/www.instagram.com\/comaugroup\/","https:\/\/www.linkedin.com\/company\/comau","https:\/\/www.youtube.com\/user\/comau"]}]}},"_links":{"self":[{"href":"https:\/\/www.comau.com\/pt-br\/wp-json\/wp\/v2\/pages\/43972","targetHints":{"allow":["GET"]}}],"collection":[{"href":"https:\/\/www.comau.com\/pt-br\/wp-json\/wp\/v2\/pages"}],"about":[{"href":"https:\/\/www.comau.com\/pt-br\/wp-json\/wp\/v2\/types\/page"}],"author":[{"embeddable":true,"href":"https:\/\/www.comau.com\/pt-br\/wp-json\/wp\/v2\/users\/7"}],"replies":[{"embeddable":true,"href":"https:\/\/www.comau.com\/pt-br\/wp-json\/wp\/v2\/comments?post=43972"}],"version-history":[{"count":7,"href":"https:\/\/www.comau.com\/pt-br\/wp-json\/wp\/v2\/pages\/43972\/revisions"}],"predecessor-version":[{"id":44258,"href":"https:\/\/www.comau.com\/pt-br\/wp-json\/wp\/v2\/pages\/43972\/revisions\/44258"}],"up":[{"embeddable":true,"href":"https:\/\/www.comau.com\/pt-br\/wp-json\/wp\/v2\/pages\/5718"}],"wp:featuredmedia":[{"embeddable":true,"href":"https:\/\/www.comau.com\/pt-br\/wp-json\/wp\/v2\/media\/48244"}],"wp:attachment":[{"href":"https:\/\/www.comau.com\/pt-br\/wp-json\/wp\/v2\/media?parent=43972"}],"curies":[{"name":"wp","href":"https:\/\/api.w.org\/{rel}","templated":true}]}}