{"id":43952,"date":"2022-03-18T15:43:12","date_gmt":"2022-03-18T14:43:12","guid":{"rendered":"https:\/\/www.comau.com\/?page_id=43952"},"modified":"2024-05-31T15:24:48","modified_gmt":"2024-05-31T13:24:48","slug":"mi-ra","status":"publish","type":"page","link":"https:\/\/www.comau.com\/pt-br\/competencies\/products-solutions\/mi-ra\/","title":{"rendered":"MI.RA"},"content":{"rendered":"\n<h2 class=\"wp-block-heading\">Uma fam\u00edlia poderosa.<\/h2>\n\n\n\n<p>A nova fam\u00edlia MI.RA (<em>Machine Inspection Recognition Archetypes<\/em>) da Comau, traz sistemas de vis\u00e3o flex\u00edveis, agn\u00f3sticos ao hardware, e permite que empresas de todas os portes realizem atividades de inspe\u00e7\u00e3o da qualidade e sistemas guia de rob\u00f4s de maneira inteligente e fluida.<\/p>\n\n\n\n<p>Com uma abordagem flex\u00edvel e inovadora, destinada a responder aos mais desafiantes cen\u00e1rios de produ\u00e7\u00e3o atuais, o portf\u00f3lio de produtos MI.RA fornece solu\u00e7\u00f5es modulares, escal\u00e1veis, est\u00e1veis e personaliz\u00e1veis para reduzir as despesas operacionais e, ao mesmo tempo, aumentar o rendimento e a performance. A automa\u00e7\u00e3o cognitiva nunca foi t\u00e3o f\u00e1cil!<\/p>\n\n\n\n<div style=\"height:30px\" aria-hidden=\"true\" class=\"wp-block-spacer\"><\/div>\n\n\n\n<h2 class=\"wp-block-heading\">Descubra a Comau Vision Systems<\/h2>\n\n\n\n<div class=\"wp-block-columns columns-bg-dark is-layout-flex wp-container-core-columns-is-layout-9d6595d7 wp-block-columns-is-layout-flex\">\n<div class=\"wp-block-column is-layout-flow wp-block-column-is-layout-flow\">\n<h2 class=\"wp-block-heading\"><strong>MI.RA\/OnePicker<\/strong><\/h2>\n\n\n\n<h3 class=\"wp-block-heading\">Sele\u00e7\u00e3o inteligente de pe\u00e7as baseada em vis\u00e3o<\/h3>\n\n\n\n<p>A poderosa solu\u00e7\u00e3o baseada em IA da Comau para selecionar de forma aut\u00f4noma objetos gen\u00e9ricos e heterog\u00eaneos, reduzindo a necessidade de opera\u00e7\u00f5es manuais e repetitivas e aumentando a produtividade geral e a efici\u00eancia de custos.<\/p>\n\n\n\n<div class=\"wp-block-buttons is-layout-flex wp-block-buttons-is-layout-flex\">\n<div class=\"wp-block-button\"><a class=\"wp-block-button__link wp-element-button\" href=\"https:\/\/www.comau.com\/pt-br\/competencies\/robotics-automation\/picking-assistido-por-visao-inteligente\/\" target=\"_blank\" rel=\"noreferrer noopener\">DESCOBRIR MAIS<\/a><\/div>\n<\/div>\n<\/div>\n\n\n\n<div class=\"wp-block-column is-layout-flow wp-block-column-is-layout-flow\">\n<h2 class=\"wp-block-heading\"><strong>MI.RA\/Picker<\/strong><\/h2>\n\n\n\n<h3 class=\"wp-block-heading\">Coleta automatizada de caixas baseada em vis\u00e3o<\/h3>\n\n\n\n<p>Solu\u00e7\u00e3o padr\u00e3o tudo-em-um da Comau para separa\u00e7\u00e3o aleat\u00f3ria de caixas. Projetada para automatizar a tarefa de esvaziar caixas cheias de objetos de um \u00fanico tipo, ela reduz a necessidade de opera\u00e7\u00f5es manuais e repetitivas e aumenta a produtividade e a efici\u00eancia de custos.<\/p>\n\n\n\n<div class=\"wp-block-buttons is-layout-flex wp-block-buttons-is-layout-flex\">\n<div class=\"wp-block-button\"><a class=\"wp-block-button__link wp-element-button\" href=\"https:\/\/www.comau.com\/en\/competencies\/robotics-automation\/bin-picking\/\" target=\"_blank\" rel=\"noreferrer noopener\">DESCOBRIR MAIS<\/a><\/div>\n<\/div>\n<\/div>\n<\/div>\n\n\n\n<div class=\"wp-block-columns columns-bg-dark is-layout-flex wp-container-core-columns-is-layout-9d6595d7 wp-block-columns-is-layout-flex\">\n<div class=\"wp-block-column is-layout-flow wp-block-column-is-layout-flow\">\n<h2 class=\"wp-block-heading\"><strong><strong>MI.RA\/3D<\/strong><\/strong><\/h2>\n\n\n\n<p>A tecnologia completa e integrada MI.RA\/3D da Comau permite a orienta\u00e7\u00e3o 3D dos rob\u00f4s sem as dispendiosas c\u00e2maras 3D. Nossa solu\u00e7\u00e3o, indiferente ao hardware, ajuda os rob\u00f4s a executar de maneira confi\u00e1vel opera\u00e7\u00f5es de alta precis\u00e3o, utilizando uma c\u00e2mara 2D e os algoritmos avan\u00e7ados da Comau. Adaptando totalmente sua precis\u00e3o de orienta\u00e7\u00e3o para atender \u00e0s exig\u00eancias espec\u00edficas da tarefa em vista, o MI.RA\/3D permite ao rob\u00f4 realizar as mais dif\u00edceis tarefas de maneira mais inteligente, r\u00e1pida e eficiente.<\/p>\n\n\n\n<div class=\"wp-block-buttons is-layout-flex wp-block-buttons-is-layout-flex\">\n<div class=\"wp-block-button\"><a class=\"wp-block-button__link wp-element-button\" href=\"https:\/\/www.comau.com\/pt-br\/competencies\/robotics-automation\/3d\/\">DISCOVER MORE<\/a><\/div>\n<\/div>\n<\/div>\n\n\n\n<div class=\"wp-block-column is-layout-flow wp-block-column-is-layout-flow\">\n<h2 class=\"wp-block-heading\"><strong><strong>MI.RA\/Depalletizer<\/strong><\/strong><\/h2>\n\n\n\n<p>A solu\u00e7\u00e3o de despaletiza\u00e7\u00e3o automatizada da Comau utiliza a orienta\u00e7\u00e3o 3D de rob\u00f4s e algoritmos de machine learning para manipular at\u00e9 mesmo os volumes mais fr\u00e1geis. A tecnologia inovadora MI.RA\/Despaletizador detecta e distingue tipos de SKU aleat\u00f3rios para gerenciar automaticamente a complexidade de uma ampla gama de opera\u00e7\u00f5es de despaletiza\u00e7\u00e3o, garantindo precis\u00e3o e oferecendo maior produtividade, apesar da grande variabilidade de SKU e de posicionamento dos volumes.<\/p>\n\n\n\n<div class=\"wp-block-buttons is-layout-flex wp-block-buttons-is-layout-flex\">\n<div class=\"wp-block-button\"><a class=\"wp-block-button__link wp-element-button\" href=\"https:\/\/www.comau.com\/pt-br\/competencies\/robotics-automation\/depalletizer\/\">DISCOVER MORE<\/a><\/div>\n<\/div>\n<\/div>\n<\/div>\n\n\n\n<h2 class=\"wp-block-heading\">Rob\u00f3tica humanizada e avan\u00e7ada para testes 360\u00b0<\/h2>\n\n\n\n<p>A performance de um sistema <em>infotainment <\/em>depende da qualidade, design e da efici\u00eancia de sua interface homem-m\u00e1quina. Para testar ambas de uma maneira r\u00e1pida, eficaz e rent\u00e1vel, a Comau humanizou sua bancada de testes de rob\u00f3tica para ver a tela, executar opera\u00e7\u00f5es e responder aos comandos de imagem, texto e voz &#8211; exatamente como o condutor.<\/p>\n","protected":false},"excerpt":{"rendered":"<p>Uma fam\u00edlia poderosa. A nova fam\u00edlia MI.RA (Machine Inspection Recognition Archetypes) da Comau, traz sistemas de vis\u00e3o flex\u00edveis, agn\u00f3sticos ao hardware, e permite que empresas de todas os portes realizem atividades de inspe\u00e7\u00e3o da qualidade e sistemas guia de rob\u00f4s de maneira inteligente e fluida. Com uma abordagem flex\u00edvel e inovadora, destinada a responder aos [&hellip;]<\/p>\n","protected":false},"author":7,"featured_media":43923,"parent":65274,"menu_order":0,"comment_status":"closed","ping_status":"closed","template":"","meta":{"_acf_changed":false,"ep_exclude_from_search":false,"footnotes":""},"class_list":["post-43952","page","type-page","status-publish","has-post-thumbnail","hentry"],"acf":[],"yoast_head":"<!-- This site is optimized with the Yoast SEO plugin v26.9 - https:\/\/yoast.com\/product\/yoast-seo-wordpress\/ -->\n<title>Sistemas de Automa\u00e7\u00e3o Inteligente: MI.RA | Comau<\/title>\n<meta name=\"description\" content=\"Conhe\u00e7a agora os sistemas Comau de automa\u00e7\u00e3o inteligente para a otimiza\u00e7\u00e3o de processos: confira os recursos do MI.RA!\" \/>\n<meta name=\"robots\" content=\"index, follow, max-snippet:-1, max-image-preview:large, max-video-preview:-1\" \/>\n<link rel=\"canonical\" href=\"https:\/\/www.comau.com\/pt-br\/competencies\/products-solutions\/mi-ra\/\" \/>\n<meta property=\"og:locale\" content=\"pt_BR\" \/>\n<meta property=\"og:type\" content=\"article\" \/>\n<meta property=\"og:title\" content=\"Sistemas de Automa\u00e7\u00e3o Inteligente: MI.RA | Comau\" \/>\n<meta property=\"og:description\" content=\"Conhe\u00e7a agora os sistemas Comau de automa\u00e7\u00e3o inteligente para a otimiza\u00e7\u00e3o de processos: confira os recursos do MI.RA!\" \/>\n<meta property=\"og:url\" content=\"https:\/\/www.comau.com\/pt-br\/competencies\/products-solutions\/mi-ra\/\" \/>\n<meta property=\"og:site_name\" content=\"Comau\" \/>\n<meta property=\"article:publisher\" content=\"https:\/\/www.facebook.com\/COMAU\/\" \/>\n<meta property=\"article:modified_time\" content=\"2024-05-31T13:24:48+00:00\" \/>\n<meta property=\"og:image\" content=\"https:\/\/www.comau.com\/wp-content\/uploads\/2022\/03\/Mira_vision_system.jpg\" \/>\n\t<meta property=\"og:image:width\" content=\"1450\" \/>\n\t<meta property=\"og:image:height\" content=\"450\" \/>\n\t<meta property=\"og:image:type\" content=\"image\/jpeg\" \/>\n<meta name=\"twitter:card\" content=\"summary_large_image\" \/>\n<meta name=\"twitter:site\" content=\"@comaugroup\" \/>\n<meta name=\"twitter:label1\" content=\"Est. tempo de leitura\" \/>\n\t<meta name=\"twitter:data1\" content=\"3 minutos\" \/>\n<script type=\"application\/ld+json\" class=\"yoast-schema-graph\">{\"@context\":\"https:\/\/schema.org\",\"@graph\":[{\"@type\":\"WebPage\",\"@id\":\"https:\/\/www.comau.com\/pt-br\/competencies\/products-solutions\/mi-ra\/\",\"url\":\"https:\/\/www.comau.com\/pt-br\/competencies\/products-solutions\/mi-ra\/\",\"name\":\"Sistemas de Automa\u00e7\u00e3o Inteligente: MI.RA | Comau\",\"isPartOf\":{\"@id\":\"https:\/\/www.comau.com\/pt-br\/#website\"},\"primaryImageOfPage\":{\"@id\":\"https:\/\/www.comau.com\/pt-br\/competencies\/products-solutions\/mi-ra\/#primaryimage\"},\"image\":{\"@id\":\"https:\/\/www.comau.com\/pt-br\/competencies\/products-solutions\/mi-ra\/#primaryimage\"},\"thumbnailUrl\":\"https:\/\/www.comau.com\/wp-content\/uploads\/2022\/03\/Mira_vision_system.jpg\",\"datePublished\":\"2022-03-18T14:43:12+00:00\",\"dateModified\":\"2024-05-31T13:24:48+00:00\",\"description\":\"Conhe\u00e7a agora os sistemas Comau de automa\u00e7\u00e3o inteligente para a otimiza\u00e7\u00e3o de processos: confira os recursos do MI.RA!\",\"breadcrumb\":{\"@id\":\"https:\/\/www.comau.com\/pt-br\/competencies\/products-solutions\/mi-ra\/#breadcrumb\"},\"inLanguage\":\"pt-BR\",\"potentialAction\":[{\"@type\":\"ReadAction\",\"target\":[\"https:\/\/www.comau.com\/pt-br\/competencies\/products-solutions\/mi-ra\/\"]}]},{\"@type\":\"ImageObject\",\"inLanguage\":\"pt-BR\",\"@id\":\"https:\/\/www.comau.com\/pt-br\/competencies\/products-solutions\/mi-ra\/#primaryimage\",\"url\":\"https:\/\/www.comau.com\/wp-content\/uploads\/2022\/03\/Mira_vision_system.jpg\",\"contentUrl\":\"https:\/\/www.comau.com\/wp-content\/uploads\/2022\/03\/Mira_vision_system.jpg\",\"width\":1450,\"height\":450},{\"@type\":\"BreadcrumbList\",\"@id\":\"https:\/\/www.comau.com\/pt-br\/competencies\/products-solutions\/mi-ra\/#breadcrumb\",\"itemListElement\":[{\"@type\":\"ListItem\",\"position\":1,\"name\":\"Home\",\"item\":\"https:\/\/www.comau.com\/pt-br\/\"},{\"@type\":\"ListItem\",\"position\":2,\"name\":\"Nossas Compet\u00eancias\",\"item\":\"https:\/\/www.comau.com\/pt-br\/competencies\/\"},{\"@type\":\"ListItem\",\"position\":3,\"name\":\"Robotics &amp; Automation\",\"item\":\"https:\/\/www.comau.com\/pt-br\/competencies\/robotics-automation\/\"},{\"@type\":\"ListItem\",\"position\":4,\"name\":\"MI.RA\"}]},{\"@type\":\"WebSite\",\"@id\":\"https:\/\/www.comau.com\/pt-br\/#website\",\"url\":\"https:\/\/www.comau.com\/pt-br\/\",\"name\":\"Comau\",\"description\":\"Industrial automation and robotics\",\"publisher\":{\"@id\":\"https:\/\/www.comau.com\/pt-br\/#organization\"},\"potentialAction\":[{\"@type\":\"SearchAction\",\"target\":{\"@type\":\"EntryPoint\",\"urlTemplate\":\"https:\/\/www.comau.com\/pt-br\/?s={search_term_string}\"},\"query-input\":{\"@type\":\"PropertyValueSpecification\",\"valueRequired\":true,\"valueName\":\"search_term_string\"}}],\"inLanguage\":\"pt-BR\"},{\"@type\":\"Organization\",\"@id\":\"https:\/\/www.comau.com\/pt-br\/#organization\",\"name\":\"Comau\",\"url\":\"https:\/\/www.comau.com\/pt-br\/\",\"logo\":{\"@type\":\"ImageObject\",\"inLanguage\":\"pt-BR\",\"@id\":\"https:\/\/www.comau.com\/pt-br\/#\/schema\/logo\/image\/\",\"url\":\"https:\/\/www.comau.com\/wp-content\/uploads\/2024\/07\/cropped-Logo-COMAU.png\",\"contentUrl\":\"https:\/\/www.comau.com\/wp-content\/uploads\/2024\/07\/cropped-Logo-COMAU.png\",\"width\":434,\"height\":434,\"caption\":\"Comau\"},\"image\":{\"@id\":\"https:\/\/www.comau.com\/pt-br\/#\/schema\/logo\/image\/\"},\"sameAs\":[\"https:\/\/www.facebook.com\/COMAU\/\",\"https:\/\/x.com\/comaugroup\",\"https:\/\/www.instagram.com\/comaugroup\/\",\"https:\/\/www.linkedin.com\/company\/comau\",\"https:\/\/www.youtube.com\/user\/comau\"]}]}<\/script>\n<!-- \/ Yoast SEO plugin. -->","yoast_head_json":{"title":"Sistemas de Automa\u00e7\u00e3o Inteligente: MI.RA | Comau","description":"Conhe\u00e7a agora os sistemas Comau de automa\u00e7\u00e3o inteligente para a otimiza\u00e7\u00e3o de processos: confira os recursos do MI.RA!","robots":{"index":"index","follow":"follow","max-snippet":"max-snippet:-1","max-image-preview":"max-image-preview:large","max-video-preview":"max-video-preview:-1"},"canonical":"https:\/\/www.comau.com\/pt-br\/competencies\/products-solutions\/mi-ra\/","og_locale":"pt_BR","og_type":"article","og_title":"Sistemas de Automa\u00e7\u00e3o Inteligente: MI.RA | Comau","og_description":"Conhe\u00e7a agora os sistemas Comau de automa\u00e7\u00e3o inteligente para a otimiza\u00e7\u00e3o de processos: confira os recursos do MI.RA!","og_url":"https:\/\/www.comau.com\/pt-br\/competencies\/products-solutions\/mi-ra\/","og_site_name":"Comau","article_publisher":"https:\/\/www.facebook.com\/COMAU\/","article_modified_time":"2024-05-31T13:24:48+00:00","og_image":[{"width":1450,"height":450,"url":"https:\/\/www.comau.com\/wp-content\/uploads\/2022\/03\/Mira_vision_system.jpg","type":"image\/jpeg"}],"twitter_card":"summary_large_image","twitter_site":"@comaugroup","twitter_misc":{"Est. tempo de leitura":"3 minutos"},"schema":{"@context":"https:\/\/schema.org","@graph":[{"@type":"WebPage","@id":"https:\/\/www.comau.com\/pt-br\/competencies\/products-solutions\/mi-ra\/","url":"https:\/\/www.comau.com\/pt-br\/competencies\/products-solutions\/mi-ra\/","name":"Sistemas de Automa\u00e7\u00e3o Inteligente: MI.RA | Comau","isPartOf":{"@id":"https:\/\/www.comau.com\/pt-br\/#website"},"primaryImageOfPage":{"@id":"https:\/\/www.comau.com\/pt-br\/competencies\/products-solutions\/mi-ra\/#primaryimage"},"image":{"@id":"https:\/\/www.comau.com\/pt-br\/competencies\/products-solutions\/mi-ra\/#primaryimage"},"thumbnailUrl":"https:\/\/www.comau.com\/wp-content\/uploads\/2022\/03\/Mira_vision_system.jpg","datePublished":"2022-03-18T14:43:12+00:00","dateModified":"2024-05-31T13:24:48+00:00","description":"Conhe\u00e7a agora os sistemas Comau de automa\u00e7\u00e3o inteligente para a otimiza\u00e7\u00e3o de processos: confira os recursos do MI.RA!","breadcrumb":{"@id":"https:\/\/www.comau.com\/pt-br\/competencies\/products-solutions\/mi-ra\/#breadcrumb"},"inLanguage":"pt-BR","potentialAction":[{"@type":"ReadAction","target":["https:\/\/www.comau.com\/pt-br\/competencies\/products-solutions\/mi-ra\/"]}]},{"@type":"ImageObject","inLanguage":"pt-BR","@id":"https:\/\/www.comau.com\/pt-br\/competencies\/products-solutions\/mi-ra\/#primaryimage","url":"https:\/\/www.comau.com\/wp-content\/uploads\/2022\/03\/Mira_vision_system.jpg","contentUrl":"https:\/\/www.comau.com\/wp-content\/uploads\/2022\/03\/Mira_vision_system.jpg","width":1450,"height":450},{"@type":"BreadcrumbList","@id":"https:\/\/www.comau.com\/pt-br\/competencies\/products-solutions\/mi-ra\/#breadcrumb","itemListElement":[{"@type":"ListItem","position":1,"name":"Home","item":"https:\/\/www.comau.com\/pt-br\/"},{"@type":"ListItem","position":2,"name":"Nossas Compet\u00eancias","item":"https:\/\/www.comau.com\/pt-br\/competencies\/"},{"@type":"ListItem","position":3,"name":"Robotics &amp; Automation","item":"https:\/\/www.comau.com\/pt-br\/competencies\/robotics-automation\/"},{"@type":"ListItem","position":4,"name":"MI.RA"}]},{"@type":"WebSite","@id":"https:\/\/www.comau.com\/pt-br\/#website","url":"https:\/\/www.comau.com\/pt-br\/","name":"Comau","description":"Industrial automation and robotics","publisher":{"@id":"https:\/\/www.comau.com\/pt-br\/#organization"},"potentialAction":[{"@type":"SearchAction","target":{"@type":"EntryPoint","urlTemplate":"https:\/\/www.comau.com\/pt-br\/?s={search_term_string}"},"query-input":{"@type":"PropertyValueSpecification","valueRequired":true,"valueName":"search_term_string"}}],"inLanguage":"pt-BR"},{"@type":"Organization","@id":"https:\/\/www.comau.com\/pt-br\/#organization","name":"Comau","url":"https:\/\/www.comau.com\/pt-br\/","logo":{"@type":"ImageObject","inLanguage":"pt-BR","@id":"https:\/\/www.comau.com\/pt-br\/#\/schema\/logo\/image\/","url":"https:\/\/www.comau.com\/wp-content\/uploads\/2024\/07\/cropped-Logo-COMAU.png","contentUrl":"https:\/\/www.comau.com\/wp-content\/uploads\/2024\/07\/cropped-Logo-COMAU.png","width":434,"height":434,"caption":"Comau"},"image":{"@id":"https:\/\/www.comau.com\/pt-br\/#\/schema\/logo\/image\/"},"sameAs":["https:\/\/www.facebook.com\/COMAU\/","https:\/\/x.com\/comaugroup","https:\/\/www.instagram.com\/comaugroup\/","https:\/\/www.linkedin.com\/company\/comau","https:\/\/www.youtube.com\/user\/comau"]}]}},"_links":{"self":[{"href":"https:\/\/www.comau.com\/pt-br\/wp-json\/wp\/v2\/pages\/43952","targetHints":{"allow":["GET"]}}],"collection":[{"href":"https:\/\/www.comau.com\/pt-br\/wp-json\/wp\/v2\/pages"}],"about":[{"href":"https:\/\/www.comau.com\/pt-br\/wp-json\/wp\/v2\/types\/page"}],"author":[{"embeddable":true,"href":"https:\/\/www.comau.com\/pt-br\/wp-json\/wp\/v2\/users\/7"}],"replies":[{"embeddable":true,"href":"https:\/\/www.comau.com\/pt-br\/wp-json\/wp\/v2\/comments?post=43952"}],"version-history":[{"count":11,"href":"https:\/\/www.comau.com\/pt-br\/wp-json\/wp\/v2\/pages\/43952\/revisions"}],"predecessor-version":[{"id":64164,"href":"https:\/\/www.comau.com\/pt-br\/wp-json\/wp\/v2\/pages\/43952\/revisions\/64164"}],"up":[{"embeddable":true,"href":"https:\/\/www.comau.com\/pt-br\/wp-json\/wp\/v2\/pages\/65274"}],"wp:featuredmedia":[{"embeddable":true,"href":"https:\/\/www.comau.com\/pt-br\/wp-json\/wp\/v2\/media\/43923"}],"wp:attachment":[{"href":"https:\/\/www.comau.com\/pt-br\/wp-json\/wp\/v2\/media?parent=43952"}],"curies":[{"name":"wp","href":"https:\/\/api.w.org\/{rel}","templated":true}]}}