{"id":43249,"date":"2022-02-24T00:05:12","date_gmt":"2022-02-23T23:05:12","guid":{"rendered":"https:\/\/www.comau.com\/?page_id=43249"},"modified":"2025-04-01T07:24:55","modified_gmt":"2025-04-01T05:24:55","slug":"sustainability","status":"publish","type":"page","link":"https:\/\/www.comau.com\/pt-br\/about-us\/sustainability\/","title":{"rendered":"Sustentabilidade"},"content":{"rendered":"\n<p>A concretiza\u00e7\u00e3o da sustentabilidade \u00e9 certamente um dos maiores desafios para a ind\u00fastria do s\u00e9culo XXI. Tudo est\u00e1 interligado. As boas pr\u00e1ticas comerciais de uma empresa n\u00e3o impactam apenas seus colaboradores, fornecedores e clientes, mas tamb\u00e9m a natureza e a sociedade. N\u00f3s, na Comau, estamos conscientes disso e absolutamente engajados em rela\u00e7\u00e3o \u00e0 sustentabilidade, envolvendo grandes desafios estrat\u00e9gicos na para atingir este objetivo.<\/p>\n\n\n\n<p>Embora temas como diversidade e inclus\u00e3o, o uso respons\u00e1vel dos recursos, redu\u00e7\u00e3o das emiss\u00f5es de carbono, sa\u00fade e seguran\u00e7a ocupacional e processos de aquisi\u00e7\u00e3o respons\u00e1vel possam n\u00e3o parecer relacionados entre si, eles s\u00e3o elementos essenciais para um futuro mais verde, mais autossuficiente.<\/p>\n\n\n\n<p>O impulso permanente da Comau em favor da inova\u00e7\u00e3o a levou naturalmente a adotar e criar solu\u00e7\u00f5es e tecnologias sustent\u00e1veis, tanto para suas pr\u00f3prias atividades como para as de seus clientes. Trabalhamos para apoiar a ind\u00fastria e a sociedade em v\u00e1rios projetos atrav\u00e9s de quatro \u00e1reas espec\u00edficas.<\/p>\n\n\n\n<div class=\"wp-block-columns is-layout-flex wp-container-core-columns-is-layout-9d6595d7 wp-block-columns-is-layout-flex\">\n<div class=\"wp-block-column is-layout-flow wp-block-column-is-layout-flow\">\n<figure class=\"wp-block-image size-full\"><img decoding=\"async\" width=\"540\" height=\"450\" src=\"https:\/\/www.comau.com\/wp-content\/uploads\/2022\/02\/Box-Environmental-PT.jpg\" alt=\"\" class=\"wp-image-43177\" srcset=\"https:\/\/www.comau.com\/wp-content\/uploads\/2022\/02\/Box-Environmental-PT.jpg 540w, https:\/\/www.comau.com\/wp-content\/uploads\/2022\/02\/Box-Environmental-PT-300x250.jpg 300w\" sizes=\"(max-width: 540px) 100vw, 540px\" \/><\/figure>\n\n\n\n<p>Um futuro sustent\u00e1vel s\u00f3 \u00e9 poss\u00edvel quando a\u00e7\u00f5es concretas s\u00e3o empreendidas. \u00c9 por isso que a Comau est\u00e1 decidida a reduzir suas emiss\u00f5es de GEE, minimizar seu consumo de energia e \u00e1gua e integrar suas opera\u00e7\u00f5es na economia circular. Al\u00e9m disso, nossa empresa \u00e9 tamb\u00e9m uma parceira ativa de muitos projetos europeus e internacionais que visam acelerar a mais ampla ado\u00e7\u00e3o de tecnologias e processos de produ\u00e7\u00e3o ecol\u00f3gicos.<\/p>\n<\/div>\n\n\n\n<div class=\"wp-block-column is-layout-flow wp-block-column-is-layout-flow\">\n<figure class=\"wp-block-image size-full\"><img decoding=\"async\" width=\"540\" height=\"450\" src=\"https:\/\/www.comau.com\/wp-content\/uploads\/2022\/02\/Box-Social-PT.jpg\" alt=\"\" class=\"wp-image-43183\" srcset=\"https:\/\/www.comau.com\/wp-content\/uploads\/2022\/02\/Box-Social-PT.jpg 540w, https:\/\/www.comau.com\/wp-content\/uploads\/2022\/02\/Box-Social-PT-300x250.jpg 300w\" sizes=\"(max-width: 540px) 100vw, 540px\" \/><\/figure>\n\n\n\n<p>Para atrair os melhores talentos, promover a inova\u00e7\u00e3o e fazer progredir \u00e0 sociedade, \u00e9 essencial criar um ambiente de trabalho justo, inclusivo e seguro, onde a sa\u00fade ocupacional \u00e9 garantida, a diversidade valorizada, os direitos humanos e regulamentos ambientais respeitados. Assegurar o bem-estar de nossos trabalhadores \u00e9 o primeiro passo para a constru\u00e7\u00e3o de um futuro sustent\u00e1vel e melhor tanto para a ind\u00fastria como para a comunidade. Por este motivo, e em coer\u00eancia com nossos valores b\u00e1sicos, n\u00f3s na Comau assumimos um papel ativo apoiando diversas causas sociais em todo o mundo.<\/p>\n<\/div>\n<\/div>\n\n\n\n<div class=\"wp-block-columns is-layout-flex wp-container-core-columns-is-layout-9d6595d7 wp-block-columns-is-layout-flex\">\n<div class=\"wp-block-column is-layout-flow wp-block-column-is-layout-flow\">\n<figure class=\"wp-block-image size-full\"><img decoding=\"async\" width=\"540\" height=\"450\" src=\"https:\/\/www.comau.com\/wp-content\/uploads\/2022\/02\/Box-Product-PT.jpg\" alt=\"\" class=\"wp-image-43189\" srcset=\"https:\/\/www.comau.com\/wp-content\/uploads\/2022\/02\/Box-Product-PT.jpg 540w, https:\/\/www.comau.com\/wp-content\/uploads\/2022\/02\/Box-Product-PT-300x250.jpg 300w\" sizes=\"(max-width: 540px) 100vw, 540px\" \/><\/figure>\n\n\n\n<p>A inova\u00e7\u00e3o \u00e9 essencial para obter sustentabilidade. As atuais pesquisas sobre novos processos de fabrica\u00e7\u00e3o e inova\u00e7\u00f5es tecnol\u00f3gicas como a digitaliza\u00e7\u00e3o permitem \u00e0 Comau desenvolver produtos mais eficientes em termos energ\u00e9ticos, que exigem menos recursos e podem ser mais facilmente reciclados. Oferecendo melhores servi\u00e7os, ajudamos as empresas a se tornarem mais produtivas, reduzindo ao mesmo tempo as emiss\u00f5es de g\u00e1s, consumindo menos \u00e1gua e utilizando as mat\u00e9rias-primas de maneira respons\u00e1vel.<\/p>\n\n\n\n<p>Colaboramos com diversos projetos europeus e internacionais de pesquisa e desenvolvimento que visam apoiar as ind\u00fastrias na transi\u00e7\u00e3o para uma abordagem mais sustent\u00e1vel com solu\u00e7\u00f5es inovadoras.<\/p>\n<\/div>\n\n\n\n<div class=\"wp-block-column is-layout-flow wp-block-column-is-layout-flow\">\n<figure class=\"wp-block-image size-full\"><img decoding=\"async\" width=\"540\" height=\"450\" src=\"https:\/\/www.comau.com\/wp-content\/uploads\/2022\/02\/Box-Governance-PT.jpg\" alt=\"\" class=\"wp-image-43195\" srcset=\"https:\/\/www.comau.com\/wp-content\/uploads\/2022\/02\/Box-Governance-PT.jpg 540w, https:\/\/www.comau.com\/wp-content\/uploads\/2022\/02\/Box-Governance-PT-300x250.jpg 300w\" sizes=\"(max-width: 540px) 100vw, 540px\" \/><\/figure>\n\n\n\n<p>Somente atrav\u00e9s de pr\u00e1ticas \u00e9ticas, transparentes e respons\u00e1veis podemos crescer de uma maneira sustent\u00e1vel. Integrando a sustentabilidade em seu modelo de governan\u00e7a, a Comau se compromete a adotar pr\u00e1ticas de suprimento mais respons\u00e1veis, dar a m\u00e1xima import\u00e2ncia \u00e0 prote\u00e7\u00e3o dos dados de nossos clientes e estar aberta para dialogar com nossos acionistas e a comunidade sobre nossas atividades.<\/p>\n<\/div>\n<\/div>\n\n\n\n<div class=\"wp-block-columns is-layout-flex wp-container-core-columns-is-layout-9d6595d7 wp-block-columns-is-layout-flex\">\n<div class=\"wp-block-column is-layout-flow wp-block-column-is-layout-flow\">\n<figure class=\"wp-block-image size-full\"><img decoding=\"async\" width=\"2238\" height=\"1876\" src=\"https:\/\/www.comau.com\/wp-content\/uploads\/2024\/03\/box_comau_DI.jpg\" alt=\"\" class=\"wp-image-61881\" srcset=\"https:\/\/www.comau.com\/wp-content\/uploads\/2024\/03\/box_comau_DI.jpg 2238w, https:\/\/www.comau.com\/wp-content\/uploads\/2024\/03\/box_comau_DI-300x251.jpg 300w, https:\/\/www.comau.com\/wp-content\/uploads\/2024\/03\/box_comau_DI-1024x858.jpg 1024w, https:\/\/www.comau.com\/wp-content\/uploads\/2024\/03\/box_comau_DI-768x644.jpg 768w, https:\/\/www.comau.com\/wp-content\/uploads\/2024\/03\/box_comau_DI-1536x1288.jpg 1536w, https:\/\/www.comau.com\/wp-content\/uploads\/2024\/03\/box_comau_DI-2048x1717.jpg 2048w\" sizes=\"(max-width: 2238px) 100vw, 2238px\" \/><\/figure>\n\n\n\n<p>A Comau reconhece que toda a variedade de experi\u00eancias e talentos da nossa Empresa \u00e9 o que nos torna \u00fanicos e bem-sucedidos. D&amp;I \u00e9 um tema que acompanha as atividades do nosso dia de trabalho. Ao incentivar um ambiente de Diversidade e Inclus\u00e3o, celebramos as diferen\u00e7as que nossos colaboradores trazem para o trabalho todos os dias. Nesta se\u00e7\u00e3o voc\u00ea encontra informa\u00e7\u00f5es sobre a nossa abordagem, iniciativas e novidades relacionadas a D&amp;I.<\/p>\n\n\n\n<div class=\"wp-block-buttons is-layout-flex wp-block-buttons-is-layout-flex\">\n<div class=\"wp-block-button\"><a class=\"wp-block-button__link wp-element-button\" href=\"https:\/\/www.comau.com\/pt-br\/diversidade-inclusao\/\">Ir para a se\u00e7\u00e3o<\/a><\/div>\n<\/div>\n<\/div>\n\n\n\n<div class=\"wp-block-column is-layout-flow wp-block-column-is-layout-flow\">\n<p><\/p>\n<\/div>\n<\/div>\n\n\n\n<div style=\"height:var(--wp--preset--spacing--30)\" aria-hidden=\"true\" class=\"wp-block-spacer\"><\/div>\n\n\n\n<h2 class=\"wp-block-heading\">Nossos Projetos<\/h2>\n\n\n\n<div class=\"wp-block-columns is-layout-flex wp-container-core-columns-is-layout-9d6595d7 wp-block-columns-is-layout-flex\">\n<div class=\"wp-block-column is-layout-flow wp-block-column-is-layout-flow\">\n<h3 class=\"wp-block-heading\"><strong>PURE<\/strong><\/h3>\n\n\n\n<figure class=\"wp-block-image size-full\"><a href=\"https:\/\/www.comau.com\/en\/about-us\/funded-projects\/electrification\/\"><img decoding=\"async\" width=\"541\" height=\"360\" src=\"https:\/\/www.comau.com\/wp-content\/uploads\/2022\/02\/Project-Environmental_PUREPT.jpg\" alt=\"\" class=\"wp-image-43201\" srcset=\"https:\/\/www.comau.com\/wp-content\/uploads\/2022\/02\/Project-Environmental_PUREPT.jpg 541w, https:\/\/www.comau.com\/wp-content\/uploads\/2022\/02\/Project-Environmental_PUREPT-300x200.jpg 300w\" sizes=\"(max-width: 541px) 100vw, 541px\" \/><\/a><\/figure>\n\n\n\n<p>A Comau colabora ativamente com o projeto europeu PURE \u2013 Air Purification Unit for Manufacturing Environment \u2013 que tem por objetivo industrializar a tecnologia de redu\u00e7\u00e3o da polui\u00e7\u00e3o do ar (Air Pollution Abatement &#8211; APA) para captar e neutralizar os contaminantes do ar em ambientes de manufatura. Utilizando tecnologias patenteadas \u00e0 base de \u00e1gua, seu purificador pode criar uma bolha de ar limpo para melhorar a qualidade do ar em locais de trabalho industriais. Al\u00e9m disso, seus sensores analisam a presen\u00e7a de qualquer poluente com a ajuda da Intelig\u00eancia Artificial, compreendendo as atividades de redu\u00e7\u00e3o da polui\u00e7\u00e3o do ar e mantendo um hist\u00f3rico dos eventos de contamina\u00e7\u00e3o para an\u00e1lise ulterior.\nOs dispositivos baseados na tecnologia APA desenvolvidos para o projeto PURE utilizam a \u00e1gua da chuva, que \u00e9 depois devolvida com seguran\u00e7a ao meio ambiente, em vez dos filtros que s\u00e3o usualmente fabricados com pl\u00e1stico e carv\u00e3o. Isto representa uma redu\u00e7\u00e3o consider\u00e1vel dos detritos, de acordo com a filosofia do projeto. O projeto PURE oferece \u00e0s manufaturas uma solu\u00e7\u00e3o sustent\u00e1vel e eficiente para garantir o bem-estar de seus trabalhadores e ter um impacto positivo sobre o meio ambiente.<\/p>\n<\/div>\n\n\n\n<div class=\"wp-block-column is-layout-flow wp-block-column-is-layout-flow\">\n<h3 class=\"wp-block-heading\"><strong><strong>Mulheres na Automa\u00e7\u00e3o &#8211; M\u00e9xico<\/strong><\/strong><\/h3>\n\n\n\n<figure class=\"wp-block-image size-full\"><img decoding=\"async\" width=\"541\" height=\"360\" src=\"https:\/\/www.comau.com\/wp-content\/uploads\/2022\/02\/Project-Social_Women-in-AutomationPT.jpg\" alt=\"\" class=\"wp-image-43207\" srcset=\"https:\/\/www.comau.com\/wp-content\/uploads\/2022\/02\/Project-Social_Women-in-AutomationPT.jpg 541w, https:\/\/www.comau.com\/wp-content\/uploads\/2022\/02\/Project-Social_Women-in-AutomationPT-300x200.jpg 300w\" sizes=\"(max-width: 541px) 100vw, 541px\" \/><\/figure>\n\n\n\n<p>Uma s\u00e9rie de projetos especiais re\u00fane todas as nossas colaboradoras na Am\u00e9rica do Norte com o objetivo de fazer progredir a empresa gra\u00e7as a uma abordagem mais inclusiva do recrutamento e \u00e0 colabora\u00e7\u00e3o com institui\u00e7\u00f5es caritativas.<\/p>\n<\/div>\n<\/div>\n\n\n\n<div class=\"wp-block-columns is-layout-flex wp-container-core-columns-is-layout-9d6595d7 wp-block-columns-is-layout-flex\">\n<div class=\"wp-block-column is-layout-flow wp-block-column-is-layout-flow\">\n<h3 class=\"wp-block-heading\"><strong><strong>Programas de aprendizagem e inclus\u00e3o &#8211; Brasil<\/strong><\/strong><\/h3>\n\n\n\n<figure class=\"wp-block-image size-full\"><img decoding=\"async\" width=\"541\" height=\"360\" src=\"https:\/\/www.comau.com\/wp-content\/uploads\/2022\/02\/Project-Social_BRAZILPT.jpg\" alt=\"\" class=\"wp-image-43213\" srcset=\"https:\/\/www.comau.com\/wp-content\/uploads\/2022\/02\/Project-Social_BRAZILPT.jpg 541w, https:\/\/www.comau.com\/wp-content\/uploads\/2022\/02\/Project-Social_BRAZILPT-300x200.jpg 300w\" sizes=\"(max-width: 541px) 100vw, 541px\" \/><\/figure>\n\n\n\n<p>A Comau lan\u00e7ou estas iniciativas locais para formar jovens (de 14-18 anos) vindos de zonas de baixa renda e para empregar pessoas portadoras de defici\u00eancias. A primeira destas iniciativas procura ajudar os adolescentes envolvidos a melhor se prepararem para o ingresso em sua carreira profissional, trabalhando e aprendendo nos locais da Comau depois das aulas. O outro programa visa contratar pessoas com defici\u00eancias e mostrar aos gerentes como promover a diversidade no local de trabalho. At\u00e9 hoje, a Comau do Brasil j\u00e1 empregou 56 aprendizes e contratou 43 pessoas portadoras de defici\u00eancias, al\u00e9m de ter inclu\u00eddo datas de comemora\u00e7\u00e3o da diversidade e da inclus\u00e3o em nosso calend\u00e1rio de comunica\u00e7\u00e3o local.<\/p>\n<\/div>\n\n\n\n<div class=\"wp-block-column is-layout-flow wp-block-column-is-layout-flow\">\n<h3 class=\"wp-block-heading\"><strong><strong>Mulheres na Engenharia &#8211; Gr\u00e3-Bretanha<\/strong><\/strong><\/h3>\n\n\n\n<figure class=\"wp-block-image size-full\"><img decoding=\"async\" width=\"541\" height=\"360\" src=\"https:\/\/www.comau.com\/wp-content\/uploads\/2022\/02\/Project-Social_Women-in-EngineeringPT.jpg\" alt=\"\" class=\"wp-image-43219\" srcset=\"https:\/\/www.comau.com\/wp-content\/uploads\/2022\/02\/Project-Social_Women-in-EngineeringPT.jpg 541w, https:\/\/www.comau.com\/wp-content\/uploads\/2022\/02\/Project-Social_Women-in-EngineeringPT-300x200.jpg 300w\" sizes=\"(max-width: 541px) 100vw, 541px\" \/><\/figure>\n\n\n\n<p>Muitas colaboradoras da Comau brit\u00e2nica se envolveram ativamente nesta iniciativa para incentivar a participa\u00e7\u00e3o das mulheres na STEM, com diferentes atividades em escolas e col\u00e9gios locais. Entre estas se incluem o patroc\u00ednio de uma equipe totalmente feminina para o campeonato nacional Vex Robotics e palestras de nossas colaboradoras em escolas para inspirar futuras engenheiras e combater o preconceito de que a engenharia \u00e9 um dom\u00ednio reservado aos homens.<\/p>\n<\/div>\n<\/div>\n\n\n\n<div class=\"wp-block-columns is-layout-flex wp-container-core-columns-is-layout-9d6595d7 wp-block-columns-is-layout-flex\">\n<div class=\"wp-block-column is-layout-flow wp-block-column-is-layout-flow\">\n<h3 class=\"wp-block-heading\"><strong><strong>STEM By Women &#8211; It\u00e1lia<\/strong><\/strong><\/h3>\n\n\n\n<figure class=\"wp-block-image size-full\"><img decoding=\"async\" width=\"541\" height=\"360\" src=\"https:\/\/www.comau.com\/wp-content\/uploads\/2022\/02\/Project-Social_STEM-By-WomenPT.jpg\" alt=\"\" class=\"wp-image-43225\" srcset=\"https:\/\/www.comau.com\/wp-content\/uploads\/2022\/02\/Project-Social_STEM-By-WomenPT.jpg 541w, https:\/\/www.comau.com\/wp-content\/uploads\/2022\/02\/Project-Social_STEM-By-WomenPT-300x200.jpg 300w\" sizes=\"(max-width: 541px) 100vw, 541px\" \/><\/figure>\n\n\n\n<p>A Comau colabora com diversas iniciativas empreendidas pela Associa\u00e7\u00e3o STEM By Women, que promove a educa\u00e7\u00e3o, carreiras e oportunidades para as mulheres, em parceria com empresas privadas, escolas e universidades. Um dos mais not\u00e1veis exemplos desta a\u00e7\u00e3o foi a participa\u00e7\u00e3o de duas de nossas colaboradoras em fun\u00e7\u00f5es essenciais da empresa como testemunhas internas.<\/p>\n<\/div>\n\n\n\n<div class=\"wp-block-column is-layout-flow wp-block-column-is-layout-flow\"><\/div>\n<\/div>\n\n\n\n<p><\/p>\n","protected":false},"excerpt":{"rendered":"<p>A concretiza\u00e7\u00e3o da sustentabilidade \u00e9 certamente um dos maiores desafios para a ind\u00fastria do s\u00e9culo XXI. Tudo est\u00e1 interligado. As boas pr\u00e1ticas comerciais de uma empresa n\u00e3o impactam apenas seus colaboradores, fornecedores e clientes, mas tamb\u00e9m a natureza e a sociedade. N\u00f3s, na Comau, estamos conscientes disso e absolutamente engajados em rela\u00e7\u00e3o \u00e0 sustentabilidade, envolvendo [&hellip;]<\/p>\n","protected":false},"author":11,"featured_media":43231,"parent":5217,"menu_order":5,"comment_status":"closed","ping_status":"closed","template":"","meta":{"_acf_changed":false,"ep_exclude_from_search":false,"footnotes":""},"class_list":["post-43249","page","type-page","status-publish","has-post-thumbnail","hentry"],"acf":[],"yoast_head":"<!-- This site is optimized with the Yoast SEO plugin v26.9 - https:\/\/yoast.com\/product\/yoast-seo-wordpress\/ -->\n<title>A inova\u00e7\u00e3o para um futuro sustent\u00e1vel | Comau<\/title>\n<meta name=\"description\" content=\"Conhe\u00e7a a filosofia da Comau dedicada a uma inova\u00e7\u00e3o eficiente e a um futuro sustent\u00e1vel.\" \/>\n<meta name=\"robots\" content=\"index, follow, max-snippet:-1, max-image-preview:large, max-video-preview:-1\" \/>\n<link rel=\"canonical\" href=\"https:\/\/www.comau.com\/pt-br\/about-us\/sustainability\/\" \/>\n<meta property=\"og:locale\" content=\"pt_BR\" \/>\n<meta property=\"og:type\" content=\"article\" \/>\n<meta property=\"og:title\" content=\"A inova\u00e7\u00e3o para um futuro sustent\u00e1vel | Comau\" \/>\n<meta property=\"og:description\" content=\"Conhe\u00e7a a filosofia da Comau dedicada a uma inova\u00e7\u00e3o eficiente e a um futuro sustent\u00e1vel.\" \/>\n<meta property=\"og:url\" content=\"https:\/\/www.comau.com\/pt-br\/about-us\/sustainability\/\" \/>\n<meta property=\"og:site_name\" content=\"Comau\" \/>\n<meta property=\"article:publisher\" content=\"https:\/\/www.facebook.com\/COMAU\/\" \/>\n<meta property=\"article:modified_time\" content=\"2025-04-01T05:24:55+00:00\" \/>\n<meta property=\"og:image\" content=\"https:\/\/www.comau.com\/wp-content\/uploads\/2022\/02\/Sustainability_HERO.jpg\" \/>\n\t<meta property=\"og:image:width\" content=\"1450\" \/>\n\t<meta property=\"og:image:height\" content=\"450\" \/>\n\t<meta property=\"og:image:type\" content=\"image\/jpeg\" \/>\n<meta name=\"twitter:card\" content=\"summary_large_image\" \/>\n<meta name=\"twitter:site\" content=\"@comaugroup\" \/>\n<meta name=\"twitter:label1\" content=\"Est. tempo de leitura\" \/>\n\t<meta name=\"twitter:data1\" content=\"7 minutos\" \/>\n<script type=\"application\/ld+json\" class=\"yoast-schema-graph\">{\"@context\":\"https:\/\/schema.org\",\"@graph\":[{\"@type\":\"WebPage\",\"@id\":\"https:\/\/www.comau.com\/pt-br\/about-us\/sustainability\/\",\"url\":\"https:\/\/www.comau.com\/pt-br\/about-us\/sustainability\/\",\"name\":\"A inova\u00e7\u00e3o para um futuro sustent\u00e1vel | Comau\",\"isPartOf\":{\"@id\":\"https:\/\/www.comau.com\/pt-br\/#website\"},\"primaryImageOfPage\":{\"@id\":\"https:\/\/www.comau.com\/pt-br\/about-us\/sustainability\/#primaryimage\"},\"image\":{\"@id\":\"https:\/\/www.comau.com\/pt-br\/about-us\/sustainability\/#primaryimage\"},\"thumbnailUrl\":\"https:\/\/www.comau.com\/wp-content\/uploads\/2022\/02\/Sustainability_HERO.jpg\",\"datePublished\":\"2022-02-23T23:05:12+00:00\",\"dateModified\":\"2025-04-01T05:24:55+00:00\",\"description\":\"Conhe\u00e7a a filosofia da Comau dedicada a uma inova\u00e7\u00e3o eficiente e a um futuro sustent\u00e1vel.\",\"breadcrumb\":{\"@id\":\"https:\/\/www.comau.com\/pt-br\/about-us\/sustainability\/#breadcrumb\"},\"inLanguage\":\"pt-BR\",\"potentialAction\":[{\"@type\":\"ReadAction\",\"target\":[\"https:\/\/www.comau.com\/pt-br\/about-us\/sustainability\/\"]}]},{\"@type\":\"ImageObject\",\"inLanguage\":\"pt-BR\",\"@id\":\"https:\/\/www.comau.com\/pt-br\/about-us\/sustainability\/#primaryimage\",\"url\":\"https:\/\/www.comau.com\/wp-content\/uploads\/2022\/02\/Sustainability_HERO.jpg\",\"contentUrl\":\"https:\/\/www.comau.com\/wp-content\/uploads\/2022\/02\/Sustainability_HERO.jpg\",\"width\":1450,\"height\":450},{\"@type\":\"BreadcrumbList\",\"@id\":\"https:\/\/www.comau.com\/pt-br\/about-us\/sustainability\/#breadcrumb\",\"itemListElement\":[{\"@type\":\"ListItem\",\"position\":1,\"name\":\"Home\",\"item\":\"https:\/\/www.comau.com\/pt-br\/\"},{\"@type\":\"ListItem\",\"position\":2,\"name\":\"Sobre a Comau\",\"item\":\"https:\/\/www.comau.com\/pt-br\/about-us\/\"},{\"@type\":\"ListItem\",\"position\":3,\"name\":\"Sustentabilidade\"}]},{\"@type\":\"WebSite\",\"@id\":\"https:\/\/www.comau.com\/pt-br\/#website\",\"url\":\"https:\/\/www.comau.com\/pt-br\/\",\"name\":\"Comau\",\"description\":\"Industrial automation and robotics\",\"publisher\":{\"@id\":\"https:\/\/www.comau.com\/pt-br\/#organization\"},\"potentialAction\":[{\"@type\":\"SearchAction\",\"target\":{\"@type\":\"EntryPoint\",\"urlTemplate\":\"https:\/\/www.comau.com\/pt-br\/?s={search_term_string}\"},\"query-input\":{\"@type\":\"PropertyValueSpecification\",\"valueRequired\":true,\"valueName\":\"search_term_string\"}}],\"inLanguage\":\"pt-BR\"},{\"@type\":\"Organization\",\"@id\":\"https:\/\/www.comau.com\/pt-br\/#organization\",\"name\":\"Comau\",\"url\":\"https:\/\/www.comau.com\/pt-br\/\",\"logo\":{\"@type\":\"ImageObject\",\"inLanguage\":\"pt-BR\",\"@id\":\"https:\/\/www.comau.com\/pt-br\/#\/schema\/logo\/image\/\",\"url\":\"https:\/\/www.comau.com\/wp-content\/uploads\/2024\/07\/cropped-Logo-COMAU.png\",\"contentUrl\":\"https:\/\/www.comau.com\/wp-content\/uploads\/2024\/07\/cropped-Logo-COMAU.png\",\"width\":434,\"height\":434,\"caption\":\"Comau\"},\"image\":{\"@id\":\"https:\/\/www.comau.com\/pt-br\/#\/schema\/logo\/image\/\"},\"sameAs\":[\"https:\/\/www.facebook.com\/COMAU\/\",\"https:\/\/x.com\/comaugroup\",\"https:\/\/www.instagram.com\/comaugroup\/\",\"https:\/\/www.linkedin.com\/company\/comau\",\"https:\/\/www.youtube.com\/user\/comau\"]}]}<\/script>\n<!-- \/ Yoast SEO plugin. -->","yoast_head_json":{"title":"A inova\u00e7\u00e3o para um futuro sustent\u00e1vel | Comau","description":"Conhe\u00e7a a filosofia da Comau dedicada a uma inova\u00e7\u00e3o eficiente e a um futuro sustent\u00e1vel.","robots":{"index":"index","follow":"follow","max-snippet":"max-snippet:-1","max-image-preview":"max-image-preview:large","max-video-preview":"max-video-preview:-1"},"canonical":"https:\/\/www.comau.com\/pt-br\/about-us\/sustainability\/","og_locale":"pt_BR","og_type":"article","og_title":"A inova\u00e7\u00e3o para um futuro sustent\u00e1vel | Comau","og_description":"Conhe\u00e7a a filosofia da Comau dedicada a uma inova\u00e7\u00e3o eficiente e a um futuro sustent\u00e1vel.","og_url":"https:\/\/www.comau.com\/pt-br\/about-us\/sustainability\/","og_site_name":"Comau","article_publisher":"https:\/\/www.facebook.com\/COMAU\/","article_modified_time":"2025-04-01T05:24:55+00:00","og_image":[{"width":1450,"height":450,"url":"https:\/\/www.comau.com\/wp-content\/uploads\/2022\/02\/Sustainability_HERO.jpg","type":"image\/jpeg"}],"twitter_card":"summary_large_image","twitter_site":"@comaugroup","twitter_misc":{"Est. tempo de leitura":"7 minutos"},"schema":{"@context":"https:\/\/schema.org","@graph":[{"@type":"WebPage","@id":"https:\/\/www.comau.com\/pt-br\/about-us\/sustainability\/","url":"https:\/\/www.comau.com\/pt-br\/about-us\/sustainability\/","name":"A inova\u00e7\u00e3o para um futuro sustent\u00e1vel | Comau","isPartOf":{"@id":"https:\/\/www.comau.com\/pt-br\/#website"},"primaryImageOfPage":{"@id":"https:\/\/www.comau.com\/pt-br\/about-us\/sustainability\/#primaryimage"},"image":{"@id":"https:\/\/www.comau.com\/pt-br\/about-us\/sustainability\/#primaryimage"},"thumbnailUrl":"https:\/\/www.comau.com\/wp-content\/uploads\/2022\/02\/Sustainability_HERO.jpg","datePublished":"2022-02-23T23:05:12+00:00","dateModified":"2025-04-01T05:24:55+00:00","description":"Conhe\u00e7a a filosofia da Comau dedicada a uma inova\u00e7\u00e3o eficiente e a um futuro sustent\u00e1vel.","breadcrumb":{"@id":"https:\/\/www.comau.com\/pt-br\/about-us\/sustainability\/#breadcrumb"},"inLanguage":"pt-BR","potentialAction":[{"@type":"ReadAction","target":["https:\/\/www.comau.com\/pt-br\/about-us\/sustainability\/"]}]},{"@type":"ImageObject","inLanguage":"pt-BR","@id":"https:\/\/www.comau.com\/pt-br\/about-us\/sustainability\/#primaryimage","url":"https:\/\/www.comau.com\/wp-content\/uploads\/2022\/02\/Sustainability_HERO.jpg","contentUrl":"https:\/\/www.comau.com\/wp-content\/uploads\/2022\/02\/Sustainability_HERO.jpg","width":1450,"height":450},{"@type":"BreadcrumbList","@id":"https:\/\/www.comau.com\/pt-br\/about-us\/sustainability\/#breadcrumb","itemListElement":[{"@type":"ListItem","position":1,"name":"Home","item":"https:\/\/www.comau.com\/pt-br\/"},{"@type":"ListItem","position":2,"name":"Sobre a Comau","item":"https:\/\/www.comau.com\/pt-br\/about-us\/"},{"@type":"ListItem","position":3,"name":"Sustentabilidade"}]},{"@type":"WebSite","@id":"https:\/\/www.comau.com\/pt-br\/#website","url":"https:\/\/www.comau.com\/pt-br\/","name":"Comau","description":"Industrial automation and robotics","publisher":{"@id":"https:\/\/www.comau.com\/pt-br\/#organization"},"potentialAction":[{"@type":"SearchAction","target":{"@type":"EntryPoint","urlTemplate":"https:\/\/www.comau.com\/pt-br\/?s={search_term_string}"},"query-input":{"@type":"PropertyValueSpecification","valueRequired":true,"valueName":"search_term_string"}}],"inLanguage":"pt-BR"},{"@type":"Organization","@id":"https:\/\/www.comau.com\/pt-br\/#organization","name":"Comau","url":"https:\/\/www.comau.com\/pt-br\/","logo":{"@type":"ImageObject","inLanguage":"pt-BR","@id":"https:\/\/www.comau.com\/pt-br\/#\/schema\/logo\/image\/","url":"https:\/\/www.comau.com\/wp-content\/uploads\/2024\/07\/cropped-Logo-COMAU.png","contentUrl":"https:\/\/www.comau.com\/wp-content\/uploads\/2024\/07\/cropped-Logo-COMAU.png","width":434,"height":434,"caption":"Comau"},"image":{"@id":"https:\/\/www.comau.com\/pt-br\/#\/schema\/logo\/image\/"},"sameAs":["https:\/\/www.facebook.com\/COMAU\/","https:\/\/x.com\/comaugroup","https:\/\/www.instagram.com\/comaugroup\/","https:\/\/www.linkedin.com\/company\/comau","https:\/\/www.youtube.com\/user\/comau"]}]}},"_links":{"self":[{"href":"https:\/\/www.comau.com\/pt-br\/wp-json\/wp\/v2\/pages\/43249","targetHints":{"allow":["GET"]}}],"collection":[{"href":"https:\/\/www.comau.com\/pt-br\/wp-json\/wp\/v2\/pages"}],"about":[{"href":"https:\/\/www.comau.com\/pt-br\/wp-json\/wp\/v2\/types\/page"}],"author":[{"embeddable":true,"href":"https:\/\/www.comau.com\/pt-br\/wp-json\/wp\/v2\/users\/11"}],"replies":[{"embeddable":true,"href":"https:\/\/www.comau.com\/pt-br\/wp-json\/wp\/v2\/comments?post=43249"}],"version-history":[{"count":23,"href":"https:\/\/www.comau.com\/pt-br\/wp-json\/wp\/v2\/pages\/43249\/revisions"}],"predecessor-version":[{"id":74938,"href":"https:\/\/www.comau.com\/pt-br\/wp-json\/wp\/v2\/pages\/43249\/revisions\/74938"}],"up":[{"embeddable":true,"href":"https:\/\/www.comau.com\/pt-br\/wp-json\/wp\/v2\/pages\/5217"}],"wp:featuredmedia":[{"embeddable":true,"href":"https:\/\/www.comau.com\/pt-br\/wp-json\/wp\/v2\/media\/43231"}],"wp:attachment":[{"href":"https:\/\/www.comau.com\/pt-br\/wp-json\/wp\/v2\/media?parent=43249"}],"curies":[{"name":"wp","href":"https:\/\/api.w.org\/{rel}","templated":true}]}}