{"id":40463,"date":"2021-12-14T14:53:25","date_gmt":"2021-12-14T13:53:25","guid":{"rendered":"https:\/\/www.comau.com\/about-us\/funded-projects\/automation-system\/"},"modified":"2022-02-23T11:57:55","modified_gmt":"2022-02-23T10:57:55","slug":"automation-system","status":"publish","type":"page","link":"https:\/\/www.comau.com\/pt-br\/about-us\/funded-projects\/automation-system\/","title":{"rendered":"Sistema de automa\u00e7\u00e3o"},"content":{"rendered":"\n<h2 class=\"wp-block-heading\">Sistema de automa\u00e7\u00e3o<\/h2>\n\n\n\n<p>Gra\u00e7as a seu amplo portf\u00f3lio de solu\u00e7\u00f5es de Sistemas de Automa\u00e7\u00e3o, a Comau \u00e9 um recurso importante para projetos nacionais e internacionais. Fornecemos o know-how t\u00e9cnico e inova\u00e7\u00e3o necess\u00e1rios para garantir que objetivos sejam alcan\u00e7ados.<\/p>\n\n\n<div class=\"funded-projects\"><div class=\"funded-project\">\n    <h3 class=\"funded-project-title\">SatisFactory<\/h3>\n    <p class=\"funded-project-country-business\">\n        Pa\u00eds\/Atividade:\n        It\u00e1lia\/Sistemas de Automa\u00e7\u00e3o    <\/p>\n    <div class=\"funded-project-body\">\n        <h4 class=\"funded-project-body-title\">Principais Objetivos:<\/h4>\n        \n<p>A Comau contribuiu com o projeto SatisFactory, focado no desenvolvimento de F\u00e1bricas Inteligentes e implementa\u00e7\u00e3o de tecnologias avan\u00e7adas a fim de aumentar a produtividade e tornar o ambiente de trabalho mais seguro e sustent\u00e1vel. As novas solu\u00e7\u00f5es que resultaram deste projeto, como a Realidade Aumentada e dispositivos de assist\u00eancia \u00e0 dist\u00e2ncia, al\u00e9m de sensores inteligentes, otimizam a qualidade da produ\u00e7\u00e3o e incentivam o compartilhamento de dados \u00fateis entre os operadores.<\/p>\n    <\/div>\n    <div class=\"funded-project-infos\">\n                        <dl class=\"funded-project-timetable\">\n            <dt>Cronograma<\/dt>\n            <dd>01.2015 - 12.2017<\/dd>\n        <\/dl>\n                        <dl class=\"funded-project-partners\">\n            <dt>Parceiros<\/dt>\n            <dd>COMAU (IT), CERTH (GR), SIGMA (F), FhG FIT (D), EPFL (CH), ISMB (IT), ABE (GR), REGOLA (IT), SUNLIGHT (GR), GlassUp (I)<\/dd>\n        <\/dl>\n            <\/div>\n            <p class=\"funded-project-links\">\n        <strong>Links do projeto:<\/strong>\n                    <a class=\"btn btn-readmore\" href=\"https:\/\/www.satisfactory-project.eu\/\" target=\"_blank\" rel=\"nofollow\">satisfactory-project<\/a>\n                            <\/p>\n    <\/div>\n<div class=\"funded-project\">\n    <h3 class=\"funded-project-title\">ProRegio<\/h3>\n    <p class=\"funded-project-country-business\">\n        Pa\u00eds\/Atividade:\n        It\u00e1lia\/Sistemas de Automa\u00e7\u00e3o    <\/p>\n    <div class=\"funded-project-body\">\n        <h4 class=\"funded-project-body-title\">Principais Objetivos:<\/h4>\n        \n<p>ProRegio foi um projeto concebido para o desenvolvimento de uma plataforma integrada para a produ\u00e7\u00e3o de produtos e servi\u00e7os inovadores correspondendo \u00e0s necessidades do mercado mundial. A Comau contribuiu com a cria\u00e7\u00e3o de um configurador virtual baseado em nuvem que ajudou a linha de produ\u00e7\u00e3o de uma f\u00e1brica, de maneira intuitiva, f\u00e1cil de usar. Este aplicativo permite \u00e0s empresas assegurar um tempo mais curto para disponibilizar seus produtos personalizados no mercado.<\/p>\n    <\/div>\n    <div class=\"funded-project-infos\">\n                        <dl class=\"funded-project-timetable\">\n            <dt>Cronograma<\/dt>\n            <dd>01.2015 - 12.2017<\/dd>\n        <\/dl>\n                        <dl class=\"funded-project-partners\">\n            <dt>Parceiros<\/dt>\n            <dd>COMAU (IT), KIT (D), POLIMI (IT), LMS (GR), ECN (F), AIRBUS (E), Flexis (D), Texxmo (D), Enginsoft (IT), GROBO (GR), Arcelik (TR), Audros (F)<\/dd>\n        <\/dl>\n            <\/div>\n            <p class=\"funded-project-links\">\n        <strong>Links do projeto:<\/strong>\n                    <a class=\"btn btn-readmore\" href=\"https:\/\/cordis.europa.eu\/project\/id\/636966\" target=\"_blank\" rel=\"nofollow\">cordis<\/a>\n                            <\/p>\n    <\/div>\n<\/div>\n","protected":false},"excerpt":{"rendered":"<p>Sistema de automa\u00e7\u00e3o Gra\u00e7as a seu amplo portf\u00f3lio de solu\u00e7\u00f5es de Sistemas de Automa\u00e7\u00e3o, a Comau \u00e9 um recurso importante para projetos nacionais e internacionais. Fornecemos o know-how t\u00e9cnico e inova\u00e7\u00e3o necess\u00e1rios para garantir que objetivos sejam alcan\u00e7ados.<\/p>\n","protected":false},"author":11,"featured_media":5085,"parent":5356,"menu_order":4,"comment_status":"closed","ping_status":"closed","template":"","meta":{"_acf_changed":false,"ep_exclude_from_search":false,"footnotes":""},"class_list":["post-40463","page","type-page","status-publish","has-post-thumbnail","hentry"],"acf":[],"yoast_head":"<!-- This site is optimized with the Yoast SEO plugin v26.9 - https:\/\/yoast.com\/product\/yoast-seo-wordpress\/ -->\n<title>Sistema de automa\u00e7\u00e3o - Comau<\/title>\n<meta name=\"robots\" content=\"index, follow, max-snippet:-1, max-image-preview:large, max-video-preview:-1\" \/>\n<link rel=\"canonical\" href=\"https:\/\/www.comau.com\/pt-br\/about-us\/funded-projects\/automation-system\/\" \/>\n<meta property=\"og:locale\" content=\"pt_BR\" \/>\n<meta property=\"og:type\" content=\"article\" \/>\n<meta property=\"og:title\" content=\"Sistema de automa\u00e7\u00e3o - Comau\" \/>\n<meta property=\"og:description\" content=\"Sistema de automa\u00e7\u00e3o Gra\u00e7as a seu amplo portf\u00f3lio de solu\u00e7\u00f5es de Sistemas de Automa\u00e7\u00e3o, a Comau \u00e9 um recurso importante para projetos nacionais e internacionais. Fornecemos o know-how t\u00e9cnico e inova\u00e7\u00e3o necess\u00e1rios para garantir que objetivos sejam alcan\u00e7ados.\" \/>\n<meta property=\"og:url\" content=\"https:\/\/www.comau.com\/pt-br\/about-us\/funded-projects\/automation-system\/\" \/>\n<meta property=\"og:site_name\" content=\"Comau\" \/>\n<meta property=\"article:publisher\" content=\"https:\/\/www.facebook.com\/COMAU\/\" \/>\n<meta property=\"article:modified_time\" content=\"2022-02-23T10:57:55+00:00\" \/>\n<meta property=\"og:image\" content=\"https:\/\/www.comau.com\/wp-content\/uploads\/2021\/06\/robogate_header.jpg\" \/>\n\t<meta property=\"og:image:width\" content=\"1280\" \/>\n\t<meta property=\"og:image:height\" content=\"485\" \/>\n\t<meta property=\"og:image:type\" content=\"image\/jpeg\" \/>\n<meta name=\"twitter:card\" content=\"summary_large_image\" \/>\n<meta name=\"twitter:site\" content=\"@comaugroup\" \/>\n<meta name=\"twitter:label1\" content=\"Est. tempo de leitura\" \/>\n\t<meta name=\"twitter:data1\" content=\"1 minuto\" \/>\n<script type=\"application\/ld+json\" class=\"yoast-schema-graph\">{\"@context\":\"https:\/\/schema.org\",\"@graph\":[{\"@type\":\"WebPage\",\"@id\":\"https:\/\/www.comau.com\/pt-br\/about-us\/funded-projects\/automation-system\/\",\"url\":\"https:\/\/www.comau.com\/pt-br\/about-us\/funded-projects\/automation-system\/\",\"name\":\"Sistema de automa\u00e7\u00e3o - Comau\",\"isPartOf\":{\"@id\":\"https:\/\/www.comau.com\/pt-br\/#website\"},\"primaryImageOfPage\":{\"@id\":\"https:\/\/www.comau.com\/pt-br\/about-us\/funded-projects\/automation-system\/#primaryimage\"},\"image\":{\"@id\":\"https:\/\/www.comau.com\/pt-br\/about-us\/funded-projects\/automation-system\/#primaryimage\"},\"thumbnailUrl\":\"https:\/\/www.comau.com\/wp-content\/uploads\/2021\/06\/robogate_header.jpg\",\"datePublished\":\"2021-12-14T13:53:25+00:00\",\"dateModified\":\"2022-02-23T10:57:55+00:00\",\"breadcrumb\":{\"@id\":\"https:\/\/www.comau.com\/pt-br\/about-us\/funded-projects\/automation-system\/#breadcrumb\"},\"inLanguage\":\"pt-BR\",\"potentialAction\":[{\"@type\":\"ReadAction\",\"target\":[\"https:\/\/www.comau.com\/pt-br\/about-us\/funded-projects\/automation-system\/\"]}]},{\"@type\":\"ImageObject\",\"inLanguage\":\"pt-BR\",\"@id\":\"https:\/\/www.comau.com\/pt-br\/about-us\/funded-projects\/automation-system\/#primaryimage\",\"url\":\"https:\/\/www.comau.com\/wp-content\/uploads\/2021\/06\/robogate_header.jpg\",\"contentUrl\":\"https:\/\/www.comau.com\/wp-content\/uploads\/2021\/06\/robogate_header.jpg\",\"width\":1280,\"height\":485},{\"@type\":\"BreadcrumbList\",\"@id\":\"https:\/\/www.comau.com\/pt-br\/about-us\/funded-projects\/automation-system\/#breadcrumb\",\"itemListElement\":[{\"@type\":\"ListItem\",\"position\":1,\"name\":\"Home\",\"item\":\"https:\/\/www.comau.com\/pt-br\/\"},{\"@type\":\"ListItem\",\"position\":2,\"name\":\"Sobre a Comau\",\"item\":\"https:\/\/www.comau.com\/pt-br\/about-us\/\"},{\"@type\":\"ListItem\",\"position\":3,\"name\":\"Funded Projects\",\"item\":\"https:\/\/www.comau.com\/pt-br\/about-us\/funded-projects\/\"},{\"@type\":\"ListItem\",\"position\":4,\"name\":\"Sistema de automa\u00e7\u00e3o\"}]},{\"@type\":\"WebSite\",\"@id\":\"https:\/\/www.comau.com\/pt-br\/#website\",\"url\":\"https:\/\/www.comau.com\/pt-br\/\",\"name\":\"Comau\",\"description\":\"Industrial automation and robotics\",\"publisher\":{\"@id\":\"https:\/\/www.comau.com\/pt-br\/#organization\"},\"potentialAction\":[{\"@type\":\"SearchAction\",\"target\":{\"@type\":\"EntryPoint\",\"urlTemplate\":\"https:\/\/www.comau.com\/pt-br\/?s={search_term_string}\"},\"query-input\":{\"@type\":\"PropertyValueSpecification\",\"valueRequired\":true,\"valueName\":\"search_term_string\"}}],\"inLanguage\":\"pt-BR\"},{\"@type\":\"Organization\",\"@id\":\"https:\/\/www.comau.com\/pt-br\/#organization\",\"name\":\"Comau\",\"url\":\"https:\/\/www.comau.com\/pt-br\/\",\"logo\":{\"@type\":\"ImageObject\",\"inLanguage\":\"pt-BR\",\"@id\":\"https:\/\/www.comau.com\/pt-br\/#\/schema\/logo\/image\/\",\"url\":\"https:\/\/www.comau.com\/wp-content\/uploads\/2024\/07\/cropped-Logo-COMAU.png\",\"contentUrl\":\"https:\/\/www.comau.com\/wp-content\/uploads\/2024\/07\/cropped-Logo-COMAU.png\",\"width\":434,\"height\":434,\"caption\":\"Comau\"},\"image\":{\"@id\":\"https:\/\/www.comau.com\/pt-br\/#\/schema\/logo\/image\/\"},\"sameAs\":[\"https:\/\/www.facebook.com\/COMAU\/\",\"https:\/\/x.com\/comaugroup\",\"https:\/\/www.instagram.com\/comaugroup\/\",\"https:\/\/www.linkedin.com\/company\/comau\",\"https:\/\/www.youtube.com\/user\/comau\"]}]}<\/script>\n<!-- \/ Yoast SEO plugin. -->","yoast_head_json":{"title":"Sistema de automa\u00e7\u00e3o - Comau","robots":{"index":"index","follow":"follow","max-snippet":"max-snippet:-1","max-image-preview":"max-image-preview:large","max-video-preview":"max-video-preview:-1"},"canonical":"https:\/\/www.comau.com\/pt-br\/about-us\/funded-projects\/automation-system\/","og_locale":"pt_BR","og_type":"article","og_title":"Sistema de automa\u00e7\u00e3o - Comau","og_description":"Sistema de automa\u00e7\u00e3o Gra\u00e7as a seu amplo portf\u00f3lio de solu\u00e7\u00f5es de Sistemas de Automa\u00e7\u00e3o, a Comau \u00e9 um recurso importante para projetos nacionais e internacionais. Fornecemos o know-how t\u00e9cnico e inova\u00e7\u00e3o necess\u00e1rios para garantir que objetivos sejam alcan\u00e7ados.","og_url":"https:\/\/www.comau.com\/pt-br\/about-us\/funded-projects\/automation-system\/","og_site_name":"Comau","article_publisher":"https:\/\/www.facebook.com\/COMAU\/","article_modified_time":"2022-02-23T10:57:55+00:00","og_image":[{"width":1280,"height":485,"url":"https:\/\/www.comau.com\/wp-content\/uploads\/2021\/06\/robogate_header.jpg","type":"image\/jpeg"}],"twitter_card":"summary_large_image","twitter_site":"@comaugroup","twitter_misc":{"Est. tempo de leitura":"1 minuto"},"schema":{"@context":"https:\/\/schema.org","@graph":[{"@type":"WebPage","@id":"https:\/\/www.comau.com\/pt-br\/about-us\/funded-projects\/automation-system\/","url":"https:\/\/www.comau.com\/pt-br\/about-us\/funded-projects\/automation-system\/","name":"Sistema de automa\u00e7\u00e3o - Comau","isPartOf":{"@id":"https:\/\/www.comau.com\/pt-br\/#website"},"primaryImageOfPage":{"@id":"https:\/\/www.comau.com\/pt-br\/about-us\/funded-projects\/automation-system\/#primaryimage"},"image":{"@id":"https:\/\/www.comau.com\/pt-br\/about-us\/funded-projects\/automation-system\/#primaryimage"},"thumbnailUrl":"https:\/\/www.comau.com\/wp-content\/uploads\/2021\/06\/robogate_header.jpg","datePublished":"2021-12-14T13:53:25+00:00","dateModified":"2022-02-23T10:57:55+00:00","breadcrumb":{"@id":"https:\/\/www.comau.com\/pt-br\/about-us\/funded-projects\/automation-system\/#breadcrumb"},"inLanguage":"pt-BR","potentialAction":[{"@type":"ReadAction","target":["https:\/\/www.comau.com\/pt-br\/about-us\/funded-projects\/automation-system\/"]}]},{"@type":"ImageObject","inLanguage":"pt-BR","@id":"https:\/\/www.comau.com\/pt-br\/about-us\/funded-projects\/automation-system\/#primaryimage","url":"https:\/\/www.comau.com\/wp-content\/uploads\/2021\/06\/robogate_header.jpg","contentUrl":"https:\/\/www.comau.com\/wp-content\/uploads\/2021\/06\/robogate_header.jpg","width":1280,"height":485},{"@type":"BreadcrumbList","@id":"https:\/\/www.comau.com\/pt-br\/about-us\/funded-projects\/automation-system\/#breadcrumb","itemListElement":[{"@type":"ListItem","position":1,"name":"Home","item":"https:\/\/www.comau.com\/pt-br\/"},{"@type":"ListItem","position":2,"name":"Sobre a Comau","item":"https:\/\/www.comau.com\/pt-br\/about-us\/"},{"@type":"ListItem","position":3,"name":"Funded Projects","item":"https:\/\/www.comau.com\/pt-br\/about-us\/funded-projects\/"},{"@type":"ListItem","position":4,"name":"Sistema de automa\u00e7\u00e3o"}]},{"@type":"WebSite","@id":"https:\/\/www.comau.com\/pt-br\/#website","url":"https:\/\/www.comau.com\/pt-br\/","name":"Comau","description":"Industrial automation and robotics","publisher":{"@id":"https:\/\/www.comau.com\/pt-br\/#organization"},"potentialAction":[{"@type":"SearchAction","target":{"@type":"EntryPoint","urlTemplate":"https:\/\/www.comau.com\/pt-br\/?s={search_term_string}"},"query-input":{"@type":"PropertyValueSpecification","valueRequired":true,"valueName":"search_term_string"}}],"inLanguage":"pt-BR"},{"@type":"Organization","@id":"https:\/\/www.comau.com\/pt-br\/#organization","name":"Comau","url":"https:\/\/www.comau.com\/pt-br\/","logo":{"@type":"ImageObject","inLanguage":"pt-BR","@id":"https:\/\/www.comau.com\/pt-br\/#\/schema\/logo\/image\/","url":"https:\/\/www.comau.com\/wp-content\/uploads\/2024\/07\/cropped-Logo-COMAU.png","contentUrl":"https:\/\/www.comau.com\/wp-content\/uploads\/2024\/07\/cropped-Logo-COMAU.png","width":434,"height":434,"caption":"Comau"},"image":{"@id":"https:\/\/www.comau.com\/pt-br\/#\/schema\/logo\/image\/"},"sameAs":["https:\/\/www.facebook.com\/COMAU\/","https:\/\/x.com\/comaugroup","https:\/\/www.instagram.com\/comaugroup\/","https:\/\/www.linkedin.com\/company\/comau","https:\/\/www.youtube.com\/user\/comau"]}]}},"_links":{"self":[{"href":"https:\/\/www.comau.com\/pt-br\/wp-json\/wp\/v2\/pages\/40463","targetHints":{"allow":["GET"]}}],"collection":[{"href":"https:\/\/www.comau.com\/pt-br\/wp-json\/wp\/v2\/pages"}],"about":[{"href":"https:\/\/www.comau.com\/pt-br\/wp-json\/wp\/v2\/types\/page"}],"author":[{"embeddable":true,"href":"https:\/\/www.comau.com\/pt-br\/wp-json\/wp\/v2\/users\/11"}],"replies":[{"embeddable":true,"href":"https:\/\/www.comau.com\/pt-br\/wp-json\/wp\/v2\/comments?post=40463"}],"version-history":[{"count":4,"href":"https:\/\/www.comau.com\/pt-br\/wp-json\/wp\/v2\/pages\/40463\/revisions"}],"predecessor-version":[{"id":42999,"href":"https:\/\/www.comau.com\/pt-br\/wp-json\/wp\/v2\/pages\/40463\/revisions\/42999"}],"up":[{"embeddable":true,"href":"https:\/\/www.comau.com\/pt-br\/wp-json\/wp\/v2\/pages\/5356"}],"wp:featuredmedia":[{"embeddable":true,"href":"https:\/\/www.comau.com\/pt-br\/wp-json\/wp\/v2\/media\/5085"}],"wp:attachment":[{"href":"https:\/\/www.comau.com\/pt-br\/wp-json\/wp\/v2\/media?parent=40463"}],"curies":[{"name":"wp","href":"https:\/\/api.w.org\/{rel}","templated":true}]}}