{"id":36384,"date":"2021-06-08T09:57:27","date_gmt":"2021-06-08T07:57:27","guid":{"rendered":"https:\/\/www.comau.com\/?page_id=36384"},"modified":"2024-04-18T09:40:39","modified_gmt":"2024-04-18T07:40:39","slug":"racer-5-0-80-cobot","status":"publish","type":"page","link":"https:\/\/www.comau.com\/pt-br\/competencies\/products-solutions\/robot-team\/racer-5-0-80-cobot\/","title":{"rendered":"Racer-5-0.80 COBOT"},"content":{"rendered":"\n<h2 class=\"wp-block-heading\"><strong>Performance industrial, atitude colaborativa<\/strong><\/h2>\n\n\n\n<p>Racer5 COBOT, da Comau, \u00e9 o \u00fanico rob\u00f4 colaborativo que pode alternar automaticamente entre o modo de velocidade industrial para velocidade colaborativa, quando o operador humano acessa sua \u00e1rea de trabalho.<\/p>\n\n\n\n<p>Combina atributos como flexibilidade e seguran\u00e7a, com alta performance, repetibilidade e precis\u00e3o. Al\u00e9m disso, ajuda a reduzir os tempos de ciclo enquanto garante produtividade<\/p>\n\n\n\n<div class=\"wp-block-getwid-toggle download-dropdown has-icon-left\">\n<div class=\"wp-block-getwid-toggle__row\"><div class=\"wp-block-getwid-toggle__header-wrapper\"><span class=\"wp-block-getwid-toggle__header\"><a href=\"#\"><span class=\"wp-block-getwid-toggle__header-title\">Download do cat\u00e0logo<\/span><span class=\"wp-block-getwid-toggle__icon is-active\"><i class=\"fas fa-plus\"><\/i><\/span><span class=\"wp-block-getwid-toggle__icon is-passive\"><i class=\"fas fa-minus\"><\/i><\/span><\/a><\/span><\/div><div class=\"wp-block-getwid-toggle__content-wrapper\"><div class=\"wp-block-getwid-toggle__content\">\n<div class=\"wp-block-getwid-button-group\"><div class=\"wp-block-getwid-button-group__wrapper\">\n<div class=\"wp-block-button\"><a class=\"wp-block-button__link\" href=\"https:\/\/www.comau.com\/wp-content\/uploads\/2021\/07\/Comau-Racer-5-COBOT-Brochure-WEB-HD_rev.01-2.pdf\" target=\"_blank\" rel=\"noreferrer noopener\">Comau_Racer5-Cobot<\/a><\/div>\n<\/div><\/div>\n<\/div><\/div><\/div>\n<\/div>\n\n\n\n<h3 class=\"wp-block-heading\">Caracter\u00edsticas<\/h3>\n\n\n\n<ul class=\"wp-block-list\"><li>Capacidade de carga: 5 kg<\/li><li>Alcance 0.809 m<\/li><li>Repetibilidade: 0.03mm<\/li><li>Alterna entre velocidade colaborativa\/industrial<\/li><li>At\u00e9 500 mm\/s de velocidade cartesiana em modo colaborativo<\/li><li>At\u00e9 6 m\/s de velocidade cartesiana em modo n\u00e3o colaborativo<\/li><li>Fun\u00e7\u00e3o de Seguran\u00e7a: detec\u00e7\u00e3o de rota de colis\u00e3o &#8211; PL d CAT3, certificado pela T\u00dcV S\u00fcd<\/li><\/ul>\n\n\n\n<h3 class=\"wp-block-heading\">Benef\u00edcios<\/h3>\n\n\n\n<ul class=\"wp-block-list\"><li>Alta repetibilidade e precis\u00e3o<\/li><li>Produtividade melhorada, em velocidade industrial, quando o operador humano n\u00e3o est\u00e1 na \u00e1rea de seguran\u00e7a<\/li><li>Conex\u00f5es el\u00e9tricas e de ar perto do punho do rob\u00f4 para uma aplica\u00e7\u00e3o mais compacta.<\/li><li>Sinal luminoso em LED identifica imediatamente o status do rob\u00f4<\/li><li>Robustez mec\u00e2nica contribui para um ciclo de vida mais longo<\/li><li>Redu\u00e7\u00e3o das \u00e1reas de automa\u00e7\u00e3o<\/li><li>Processos de inspe\u00e7\u00e3o e controle de qualidade simplificados<\/li><\/ul>\n\n\n\n<h2 class=\"wp-block-heading\">Caracter\u00edsticas t\u00e9cnicas<\/h2>\n\n\n\n<figure class=\"wp-block-table is-style-stripes\"><table><tbody><tr><td>\u200b<strong>Vers\u00e3o<\/strong><\/td><td><strong>\u200bRacer-5-0.80 COBOT<\/strong><\/td><\/tr><tr><td>Estrutura\/No. de Eixos<\/td><td>\u200bAnthropomorphic \/ 6 axes<\/td><\/tr><tr><td>\u200bCarga m\u00e1xima do punho<\/td><td>\u200b5 Kg<\/td><\/tr><tr><td>Carga normal no punho<\/td><td>1 Kg<\/td><\/tr><tr><td>Torque do Eixo 4<\/td><td>8,83 Nm<\/td><\/tr><tr><td>Torque do Eixo 5<\/td><td>8,83 Nm<\/td><\/tr><tr><td>Torque do Eixo 6<\/td><td>4,91 Nm<\/td><\/tr><tr><td>In\u00e9rcia no Eixo 4*<\/td><td>0,42 kg x m<small><sup>2<\/sup><\/small><\/td><\/tr><tr><td>In\u00e9rcia no Eixo 5*<\/td><td>0,42 kg x m<small><sup>2<\/sup><\/small><\/td><\/tr><tr><td>In\u00e9rcia no Eixo 6*<\/td><td>0,18 kg x m<small><sup>2<\/sup><\/small><\/td><\/tr><tr><td>For\u00e7a\/Velocidade:<br>Eixo 1<br>Eixo 2<br>Eixo 3<br>Eixo 4<br>Eixo 5<br>Eixo 6<\/td><td><br>+\/- 170\u00b0 (360\u00b0\/s)**<br>-64\u00b0\/+114\u00b0 (300\u00b0\/s)**<br>-150\u00b0\/+60\u00b0 (330\u00b0\/s)**<br>+\/-200\u00b0 (500\u00b0\/s)**<br>-105\u00b0\/+100\u00b0 (500\u00b0\/s)**<br>+\/-2700\u00b0 (800\u00b0\/s)**<\/td><\/tr><tr><td>Alcance m\u00e1ximo horizontal<\/td><td>809 mm<\/td><\/tr><tr><td>Repetibilidade<\/td><td>+\/- 0,03 mm<\/td><\/tr><tr><td>Peso do rob\u00f4<\/td><td>34 kg<\/td><\/tr><tr><td>Carater\u00edsticas para acoplamento no punho do rob\u00f4<\/td><td>ISO 9409 &#8211; 1 &#8211; A 25<\/td><\/tr><tr><td>Motores<\/td><td>AC Brushless<\/td><\/tr><tr><td>Sistema de medidas de posi\u00e7\u00e3o<\/td><td>Encoder<\/td><\/tr><tr><td>Grau de prote\u00e7\u00e3o<\/td><td>IP54<\/td><\/tr><tr><td>Posi\u00e7\u00e3o de montagem<\/td><td>Floor, wall, ceiling<\/td><\/tr><tr><td>Temperatura ambiente de opera\u00e7\u00e3o<\/td><td>+5\u00b0C&nbsp;\/+40\u00b0C<\/td><\/tr><tr><td>Storage temperature<\/td><td>-10\u00b0C \/+55\u00b0C<\/td><\/tr><tr><td>Umidade relativa<\/td><td>from 5% to 95% without condensation<\/td><\/tr><tr><td>Gradiente m\u00ednimo de temperatura<\/td><td>1,5 \u00b0C\/min<\/td><\/tr><\/tbody><\/table><\/figure>\n\n\n\n<p>*N\u00e3o permitido, se com a carga m\u00e1xima<\/p>\n\n\n\n<p>**Velocidade m\u00e1xima<\/p>\n\n\n\n<p>***Cabo base vertical dispon\u00edvel<\/p>\n\n\n\n<div class=\"wp-block-getwid-toggle download-dropdown has-icon-left\">\n<div class=\"wp-block-getwid-toggle__row\"><div class=\"wp-block-getwid-toggle__header-wrapper\"><span class=\"wp-block-getwid-toggle__header\"><a href=\"#\"><span class=\"wp-block-getwid-toggle__header-title\">Arquivos CAD<\/span><span class=\"wp-block-getwid-toggle__icon is-active\"><i class=\"fas fa-plus\"><\/i><\/span><span class=\"wp-block-getwid-toggle__icon is-passive\"><i class=\"fas fa-minus\"><\/i><\/span><\/a><\/span><\/div><div class=\"wp-block-getwid-toggle__content-wrapper\"><div class=\"wp-block-getwid-toggle__content\">\n<div class=\"wp-block-getwid-button-group default-icon-zip\"><div class=\"wp-block-getwid-button-group__wrapper\">\n<div class=\"wp-block-button\"><a class=\"wp-block-button__link\" href=\"https:\/\/www.comau.com\/wp-content\/uploads\/2021\/07\/Racer5Cobot_Parasolid.zip\" target=\"_blank\" rel=\"noreferrer noopener\">Comau_Racer5-Cobot_3D_PARASOLID<\/a><\/div>\n\n\n\n<div class=\"wp-block-button\"><a class=\"wp-block-button__link\" href=\"https:\/\/www.comau.com\/wp-content\/uploads\/2021\/07\/Racer5Cobot_step.zip\" target=\"_blank\" rel=\"noreferrer noopener\">Comau_Racer5-Cobot_3D_STEP<\/a><\/div>\n<\/div><\/div>\n<\/div><\/div><\/div>\n<\/div>\n\n\n\n<div class=\"wp-block-getwid-images-slider has-arrows-inside has-dots-outside has-images-center has-cropped-images\"><div class=\"wp-block-getwid-images-slider__wrapper\" data-effect=\"slide\" data-slides-show=\"1\" data-slides-show-laptop=\"1\" data-slides-show-tablet=\"1\" data-slides-show-mobile=\"1\" data-slides-scroll=\"1\" data-autoplay=\"true\" data-autoplay-speed=\"6000\" data-infinite=\"true\" data-animation-speed=\"800\" data-center-mode=\"false\" data-variable-width=\"false\" data-arrows=\"inside\" data-dots=\"outside\" data-spacing=\"none\"><div class=\"wp-block-getwid-images-slider__item\"><figure><img decoding=\"async\" width=\"1180\" height=\"480\" src=\"https:\/\/www.comau.com\/wp-content\/uploads\/2021\/07\/01.png\" data-id=\"34621\" data-link=\"https:\/\/www.comau.com\/en\/competencies\/robotics-automation\/collaborative-robotics\/racer-5-0-80-cobot\/01-5\/\" data-original-link=\"https:\/\/www.comau.com\/wp-content\/uploads\/2021\/07\/01.png\" class=\"wp-block-getwid-images-slider__image wp-image-34626\" srcset=\"https:\/\/www.comau.com\/wp-content\/uploads\/2021\/07\/01.png 1180w, https:\/\/www.comau.com\/wp-content\/uploads\/2021\/07\/01-300x122.png 300w, https:\/\/www.comau.com\/wp-content\/uploads\/2021\/07\/01-1024x417.png 1024w, https:\/\/www.comau.com\/wp-content\/uploads\/2021\/07\/01-768x312.png 768w\" sizes=\"(max-width: 1180px) 100vw, 1180px\" \/><\/figure><\/div><div class=\"wp-block-getwid-images-slider__item\"><figure><img decoding=\"async\" width=\"1180\" height=\"480\" src=\"https:\/\/www.comau.com\/wp-content\/uploads\/2021\/07\/02.png\" data-id=\"34627\" data-link=\"https:\/\/www.comau.com\/en\/competencies\/robotics-automation\/collaborative-robotics\/racer-5-0-80-cobot\/02-5\/\" data-original-link=\"https:\/\/www.comau.com\/wp-content\/uploads\/2021\/07\/02.png\" class=\"wp-block-getwid-images-slider__image wp-image-34632\" srcset=\"https:\/\/www.comau.com\/wp-content\/uploads\/2021\/07\/02.png 1180w, https:\/\/www.comau.com\/wp-content\/uploads\/2021\/07\/02-300x122.png 300w, https:\/\/www.comau.com\/wp-content\/uploads\/2021\/07\/02-1024x417.png 1024w, https:\/\/www.comau.com\/wp-content\/uploads\/2021\/07\/02-768x312.png 768w\" sizes=\"(max-width: 1180px) 100vw, 1180px\" \/><\/figure><\/div><div class=\"wp-block-getwid-images-slider__item\"><figure><img decoding=\"async\" width=\"1180\" height=\"480\" src=\"https:\/\/www.comau.com\/wp-content\/uploads\/2021\/07\/03.png\" data-id=\"34633\" data-link=\"https:\/\/www.comau.com\/en\/competencies\/robotics-automation\/collaborative-robotics\/racer-5-0-80-cobot\/03-4\/\" data-original-link=\"https:\/\/www.comau.com\/wp-content\/uploads\/2021\/07\/03.png\" class=\"wp-block-getwid-images-slider__image wp-image-34638\" srcset=\"https:\/\/www.comau.com\/wp-content\/uploads\/2021\/07\/03.png 1180w, https:\/\/www.comau.com\/wp-content\/uploads\/2021\/07\/03-300x122.png 300w, https:\/\/www.comau.com\/wp-content\/uploads\/2021\/07\/03-1024x417.png 1024w, https:\/\/www.comau.com\/wp-content\/uploads\/2021\/07\/03-768x312.png 768w\" sizes=\"(max-width: 1180px) 100vw, 1180px\" \/><\/figure><\/div><div class=\"wp-block-getwid-images-slider__item\"><figure><img decoding=\"async\" width=\"1180\" height=\"480\" src=\"https:\/\/www.comau.com\/wp-content\/uploads\/2021\/07\/04.png\" data-id=\"34639\" data-link=\"https:\/\/www.comau.com\/en\/competencies\/robotics-automation\/collaborative-robotics\/racer-5-0-80-cobot\/04-4\/\" data-original-link=\"https:\/\/www.comau.com\/wp-content\/uploads\/2021\/07\/04.png\" class=\"wp-block-getwid-images-slider__image wp-image-34644\" srcset=\"https:\/\/www.comau.com\/wp-content\/uploads\/2021\/07\/04.png 1180w, https:\/\/www.comau.com\/wp-content\/uploads\/2021\/07\/04-300x122.png 300w, https:\/\/www.comau.com\/wp-content\/uploads\/2021\/07\/04-1024x417.png 1024w, https:\/\/www.comau.com\/wp-content\/uploads\/2021\/07\/04-768x312.png 768w\" sizes=\"(max-width: 1180px) 100vw, 1180px\" \/><\/figure><\/div><div class=\"wp-block-getwid-images-slider__item\"><figure><img decoding=\"async\" width=\"1180\" height=\"480\" src=\"https:\/\/www.comau.com\/wp-content\/uploads\/2021\/07\/05.png\" data-id=\"34645\" data-link=\"https:\/\/www.comau.com\/en\/competencies\/robotics-automation\/collaborative-robotics\/racer-5-0-80-cobot\/05-4\/\" data-original-link=\"https:\/\/www.comau.com\/wp-content\/uploads\/2021\/07\/05.png\" class=\"wp-block-getwid-images-slider__image wp-image-34650\" srcset=\"https:\/\/www.comau.com\/wp-content\/uploads\/2021\/07\/05.png 1180w, https:\/\/www.comau.com\/wp-content\/uploads\/2021\/07\/05-300x122.png 300w, https:\/\/www.comau.com\/wp-content\/uploads\/2021\/07\/05-1024x417.png 1024w, https:\/\/www.comau.com\/wp-content\/uploads\/2021\/07\/05-768x312.png 768w\" sizes=\"(max-width: 1180px) 100vw, 1180px\" \/><\/figure><\/div><\/div><\/div>\n","protected":false},"excerpt":{"rendered":"<p>Performance industrial, atitude colaborativa Racer5 COBOT, da Comau, \u00e9 o \u00fanico rob\u00f4 colaborativo que pode alternar automaticamente entre o modo de velocidade industrial para velocidade colaborativa, quando o operador humano acessa sua \u00e1rea de trabalho. Combina atributos como flexibilidade e seguran\u00e7a, com alta performance, repetibilidade e precis\u00e3o. Al\u00e9m disso, ajuda a reduzir os tempos de [&hellip;]<\/p>\n","protected":false},"author":11,"featured_media":34598,"parent":5818,"menu_order":4,"comment_status":"closed","ping_status":"closed","template":"","meta":{"_acf_changed":false,"ep_exclude_from_search":false,"footnotes":""},"class_list":["post-36384","page","type-page","status-publish","has-post-thumbnail","hentry"],"acf":[],"yoast_head":"<!-- This site is optimized with the Yoast SEO plugin v26.9 - https:\/\/yoast.com\/product\/yoast-seo-wordpress\/ -->\n<title>Racer-5-0.80 COBOT - Comau<\/title>\n<meta name=\"robots\" content=\"index, follow, max-snippet:-1, max-image-preview:large, max-video-preview:-1\" \/>\n<link rel=\"canonical\" href=\"https:\/\/www.comau.com\/pt-br\/competencies\/products-solutions\/robot-team\/racer-5-0-80-cobot\/\" \/>\n<meta property=\"og:locale\" content=\"pt_BR\" \/>\n<meta property=\"og:type\" content=\"article\" \/>\n<meta property=\"og:title\" content=\"Racer-5-0.80 COBOT - Comau\" \/>\n<meta property=\"og:description\" content=\"Performance industrial, atitude colaborativa Racer5 COBOT, da Comau, \u00e9 o \u00fanico rob\u00f4 colaborativo que pode alternar automaticamente entre o modo de velocidade industrial para velocidade colaborativa, quando o operador humano acessa sua \u00e1rea de trabalho. Combina atributos como flexibilidade e seguran\u00e7a, com alta performance, repetibilidade e precis\u00e3o. Al\u00e9m disso, ajuda a reduzir os tempos de [&hellip;]\" \/>\n<meta property=\"og:url\" content=\"https:\/\/www.comau.com\/pt-br\/competencies\/products-solutions\/robot-team\/racer-5-0-80-cobot\/\" \/>\n<meta property=\"og:site_name\" content=\"Comau\" \/>\n<meta property=\"article:publisher\" content=\"https:\/\/www.facebook.com\/COMAU\/\" \/>\n<meta property=\"article:modified_time\" content=\"2024-04-18T07:40:39+00:00\" \/>\n<meta property=\"og:image\" content=\"https:\/\/www.comau.com\/wp-content\/uploads\/2021\/07\/Cobot_header.jpg\" \/>\n\t<meta property=\"og:image:width\" content=\"1280\" \/>\n\t<meta property=\"og:image:height\" content=\"485\" \/>\n\t<meta property=\"og:image:type\" content=\"image\/jpeg\" \/>\n<meta name=\"twitter:card\" content=\"summary_large_image\" \/>\n<meta name=\"twitter:site\" content=\"@comaugroup\" \/>\n<meta name=\"twitter:label1\" content=\"Est. tempo de leitura\" \/>\n\t<meta name=\"twitter:data1\" content=\"4 minutos\" \/>\n<script type=\"application\/ld+json\" class=\"yoast-schema-graph\">{\"@context\":\"https:\/\/schema.org\",\"@graph\":[{\"@type\":\"WebPage\",\"@id\":\"https:\/\/www.comau.com\/pt-br\/competencies\/products-solutions\/robot-team\/racer-5-0-80-cobot\/\",\"url\":\"https:\/\/www.comau.com\/pt-br\/competencies\/products-solutions\/robot-team\/racer-5-0-80-cobot\/\",\"name\":\"Racer-5-0.80 COBOT - Comau\",\"isPartOf\":{\"@id\":\"https:\/\/www.comau.com\/pt-br\/#website\"},\"primaryImageOfPage\":{\"@id\":\"https:\/\/www.comau.com\/pt-br\/competencies\/products-solutions\/robot-team\/racer-5-0-80-cobot\/#primaryimage\"},\"image\":{\"@id\":\"https:\/\/www.comau.com\/pt-br\/competencies\/products-solutions\/robot-team\/racer-5-0-80-cobot\/#primaryimage\"},\"thumbnailUrl\":\"https:\/\/www.comau.com\/wp-content\/uploads\/2021\/07\/Cobot_header.jpg\",\"datePublished\":\"2021-06-08T07:57:27+00:00\",\"dateModified\":\"2024-04-18T07:40:39+00:00\",\"breadcrumb\":{\"@id\":\"https:\/\/www.comau.com\/pt-br\/competencies\/products-solutions\/robot-team\/racer-5-0-80-cobot\/#breadcrumb\"},\"inLanguage\":\"pt-BR\",\"potentialAction\":[{\"@type\":\"ReadAction\",\"target\":[\"https:\/\/www.comau.com\/pt-br\/competencies\/products-solutions\/robot-team\/racer-5-0-80-cobot\/\"]}]},{\"@type\":\"ImageObject\",\"inLanguage\":\"pt-BR\",\"@id\":\"https:\/\/www.comau.com\/pt-br\/competencies\/products-solutions\/robot-team\/racer-5-0-80-cobot\/#primaryimage\",\"url\":\"https:\/\/www.comau.com\/wp-content\/uploads\/2021\/07\/Cobot_header.jpg\",\"contentUrl\":\"https:\/\/www.comau.com\/wp-content\/uploads\/2021\/07\/Cobot_header.jpg\",\"width\":1280,\"height\":485},{\"@type\":\"BreadcrumbList\",\"@id\":\"https:\/\/www.comau.com\/pt-br\/competencies\/products-solutions\/robot-team\/racer-5-0-80-cobot\/#breadcrumb\",\"itemListElement\":[{\"@type\":\"ListItem\",\"position\":1,\"name\":\"Home\",\"item\":\"https:\/\/www.comau.com\/pt-br\/\"},{\"@type\":\"ListItem\",\"position\":2,\"name\":\"Nossas Compet\u00eancias\",\"item\":\"https:\/\/www.comau.com\/pt-br\/competencies\/\"},{\"@type\":\"ListItem\",\"position\":3,\"name\":\"Products &amp; Solutions\",\"item\":\"https:\/\/www.comau.com\/pt-br\/competencies\/products-solutions\/\"},{\"@type\":\"ListItem\",\"position\":4,\"name\":\"Fam\u00edlia de Rob\u00f4s\",\"item\":\"https:\/\/www.comau.com\/pt-br\/competencies\/products-solutions\/robot-team\/\"},{\"@type\":\"ListItem\",\"position\":5,\"name\":\"Racer-5-0.80 COBOT\"}]},{\"@type\":\"WebSite\",\"@id\":\"https:\/\/www.comau.com\/pt-br\/#website\",\"url\":\"https:\/\/www.comau.com\/pt-br\/\",\"name\":\"Comau\",\"description\":\"Industrial automation and robotics\",\"publisher\":{\"@id\":\"https:\/\/www.comau.com\/pt-br\/#organization\"},\"potentialAction\":[{\"@type\":\"SearchAction\",\"target\":{\"@type\":\"EntryPoint\",\"urlTemplate\":\"https:\/\/www.comau.com\/pt-br\/?s={search_term_string}\"},\"query-input\":{\"@type\":\"PropertyValueSpecification\",\"valueRequired\":true,\"valueName\":\"search_term_string\"}}],\"inLanguage\":\"pt-BR\"},{\"@type\":\"Organization\",\"@id\":\"https:\/\/www.comau.com\/pt-br\/#organization\",\"name\":\"Comau\",\"url\":\"https:\/\/www.comau.com\/pt-br\/\",\"logo\":{\"@type\":\"ImageObject\",\"inLanguage\":\"pt-BR\",\"@id\":\"https:\/\/www.comau.com\/pt-br\/#\/schema\/logo\/image\/\",\"url\":\"https:\/\/www.comau.com\/wp-content\/uploads\/2024\/07\/cropped-Logo-COMAU.png\",\"contentUrl\":\"https:\/\/www.comau.com\/wp-content\/uploads\/2024\/07\/cropped-Logo-COMAU.png\",\"width\":434,\"height\":434,\"caption\":\"Comau\"},\"image\":{\"@id\":\"https:\/\/www.comau.com\/pt-br\/#\/schema\/logo\/image\/\"},\"sameAs\":[\"https:\/\/www.facebook.com\/COMAU\/\",\"https:\/\/x.com\/comaugroup\",\"https:\/\/www.instagram.com\/comaugroup\/\",\"https:\/\/www.linkedin.com\/company\/comau\",\"https:\/\/www.youtube.com\/user\/comau\"]}]}<\/script>\n<!-- \/ Yoast SEO plugin. -->","yoast_head_json":{"title":"Racer-5-0.80 COBOT - Comau","robots":{"index":"index","follow":"follow","max-snippet":"max-snippet:-1","max-image-preview":"max-image-preview:large","max-video-preview":"max-video-preview:-1"},"canonical":"https:\/\/www.comau.com\/pt-br\/competencies\/products-solutions\/robot-team\/racer-5-0-80-cobot\/","og_locale":"pt_BR","og_type":"article","og_title":"Racer-5-0.80 COBOT - Comau","og_description":"Performance industrial, atitude colaborativa Racer5 COBOT, da Comau, \u00e9 o \u00fanico rob\u00f4 colaborativo que pode alternar automaticamente entre o modo de velocidade industrial para velocidade colaborativa, quando o operador humano acessa sua \u00e1rea de trabalho. Combina atributos como flexibilidade e seguran\u00e7a, com alta performance, repetibilidade e precis\u00e3o. Al\u00e9m disso, ajuda a reduzir os tempos de [&hellip;]","og_url":"https:\/\/www.comau.com\/pt-br\/competencies\/products-solutions\/robot-team\/racer-5-0-80-cobot\/","og_site_name":"Comau","article_publisher":"https:\/\/www.facebook.com\/COMAU\/","article_modified_time":"2024-04-18T07:40:39+00:00","og_image":[{"width":1280,"height":485,"url":"https:\/\/www.comau.com\/wp-content\/uploads\/2021\/07\/Cobot_header.jpg","type":"image\/jpeg"}],"twitter_card":"summary_large_image","twitter_site":"@comaugroup","twitter_misc":{"Est. tempo de leitura":"4 minutos"},"schema":{"@context":"https:\/\/schema.org","@graph":[{"@type":"WebPage","@id":"https:\/\/www.comau.com\/pt-br\/competencies\/products-solutions\/robot-team\/racer-5-0-80-cobot\/","url":"https:\/\/www.comau.com\/pt-br\/competencies\/products-solutions\/robot-team\/racer-5-0-80-cobot\/","name":"Racer-5-0.80 COBOT - Comau","isPartOf":{"@id":"https:\/\/www.comau.com\/pt-br\/#website"},"primaryImageOfPage":{"@id":"https:\/\/www.comau.com\/pt-br\/competencies\/products-solutions\/robot-team\/racer-5-0-80-cobot\/#primaryimage"},"image":{"@id":"https:\/\/www.comau.com\/pt-br\/competencies\/products-solutions\/robot-team\/racer-5-0-80-cobot\/#primaryimage"},"thumbnailUrl":"https:\/\/www.comau.com\/wp-content\/uploads\/2021\/07\/Cobot_header.jpg","datePublished":"2021-06-08T07:57:27+00:00","dateModified":"2024-04-18T07:40:39+00:00","breadcrumb":{"@id":"https:\/\/www.comau.com\/pt-br\/competencies\/products-solutions\/robot-team\/racer-5-0-80-cobot\/#breadcrumb"},"inLanguage":"pt-BR","potentialAction":[{"@type":"ReadAction","target":["https:\/\/www.comau.com\/pt-br\/competencies\/products-solutions\/robot-team\/racer-5-0-80-cobot\/"]}]},{"@type":"ImageObject","inLanguage":"pt-BR","@id":"https:\/\/www.comau.com\/pt-br\/competencies\/products-solutions\/robot-team\/racer-5-0-80-cobot\/#primaryimage","url":"https:\/\/www.comau.com\/wp-content\/uploads\/2021\/07\/Cobot_header.jpg","contentUrl":"https:\/\/www.comau.com\/wp-content\/uploads\/2021\/07\/Cobot_header.jpg","width":1280,"height":485},{"@type":"BreadcrumbList","@id":"https:\/\/www.comau.com\/pt-br\/competencies\/products-solutions\/robot-team\/racer-5-0-80-cobot\/#breadcrumb","itemListElement":[{"@type":"ListItem","position":1,"name":"Home","item":"https:\/\/www.comau.com\/pt-br\/"},{"@type":"ListItem","position":2,"name":"Nossas Compet\u00eancias","item":"https:\/\/www.comau.com\/pt-br\/competencies\/"},{"@type":"ListItem","position":3,"name":"Products &amp; Solutions","item":"https:\/\/www.comau.com\/pt-br\/competencies\/products-solutions\/"},{"@type":"ListItem","position":4,"name":"Fam\u00edlia de Rob\u00f4s","item":"https:\/\/www.comau.com\/pt-br\/competencies\/products-solutions\/robot-team\/"},{"@type":"ListItem","position":5,"name":"Racer-5-0.80 COBOT"}]},{"@type":"WebSite","@id":"https:\/\/www.comau.com\/pt-br\/#website","url":"https:\/\/www.comau.com\/pt-br\/","name":"Comau","description":"Industrial automation and robotics","publisher":{"@id":"https:\/\/www.comau.com\/pt-br\/#organization"},"potentialAction":[{"@type":"SearchAction","target":{"@type":"EntryPoint","urlTemplate":"https:\/\/www.comau.com\/pt-br\/?s={search_term_string}"},"query-input":{"@type":"PropertyValueSpecification","valueRequired":true,"valueName":"search_term_string"}}],"inLanguage":"pt-BR"},{"@type":"Organization","@id":"https:\/\/www.comau.com\/pt-br\/#organization","name":"Comau","url":"https:\/\/www.comau.com\/pt-br\/","logo":{"@type":"ImageObject","inLanguage":"pt-BR","@id":"https:\/\/www.comau.com\/pt-br\/#\/schema\/logo\/image\/","url":"https:\/\/www.comau.com\/wp-content\/uploads\/2024\/07\/cropped-Logo-COMAU.png","contentUrl":"https:\/\/www.comau.com\/wp-content\/uploads\/2024\/07\/cropped-Logo-COMAU.png","width":434,"height":434,"caption":"Comau"},"image":{"@id":"https:\/\/www.comau.com\/pt-br\/#\/schema\/logo\/image\/"},"sameAs":["https:\/\/www.facebook.com\/COMAU\/","https:\/\/x.com\/comaugroup","https:\/\/www.instagram.com\/comaugroup\/","https:\/\/www.linkedin.com\/company\/comau","https:\/\/www.youtube.com\/user\/comau"]}]}},"_links":{"self":[{"href":"https:\/\/www.comau.com\/pt-br\/wp-json\/wp\/v2\/pages\/36384","targetHints":{"allow":["GET"]}}],"collection":[{"href":"https:\/\/www.comau.com\/pt-br\/wp-json\/wp\/v2\/pages"}],"about":[{"href":"https:\/\/www.comau.com\/pt-br\/wp-json\/wp\/v2\/types\/page"}],"author":[{"embeddable":true,"href":"https:\/\/www.comau.com\/pt-br\/wp-json\/wp\/v2\/users\/11"}],"replies":[{"embeddable":true,"href":"https:\/\/www.comau.com\/pt-br\/wp-json\/wp\/v2\/comments?post=36384"}],"version-history":[{"count":6,"href":"https:\/\/www.comau.com\/pt-br\/wp-json\/wp\/v2\/pages\/36384\/revisions"}],"predecessor-version":[{"id":62575,"href":"https:\/\/www.comau.com\/pt-br\/wp-json\/wp\/v2\/pages\/36384\/revisions\/62575"}],"up":[{"embeddable":true,"href":"https:\/\/www.comau.com\/pt-br\/wp-json\/wp\/v2\/pages\/5818"}],"wp:featuredmedia":[{"embeddable":true,"href":"https:\/\/www.comau.com\/pt-br\/wp-json\/wp\/v2\/media\/34598"}],"wp:attachment":[{"href":"https:\/\/www.comau.com\/pt-br\/wp-json\/wp\/v2\/media?parent=36384"}],"curies":[{"name":"wp","href":"https:\/\/api.w.org\/{rel}","templated":true}]}}