{"id":33179,"date":"2021-06-24T18:48:35","date_gmt":"2021-06-24T16:48:35","guid":{"rendered":"https:\/\/www.comau.com\/?page_id=33179"},"modified":"2023-05-17T00:26:49","modified_gmt":"2023-05-16T22:26:49","slug":"events","status":"publish","type":"page","link":"https:\/\/www.comau.com\/pt-br\/newsroom\/events\/","title":{"rendered":"Eventos"},"content":{"rendered":"<form class=\"posts-items-filterform mb-5\" type=\"get\" action=\"https:\/\/www.comau.com\/pt-br\/newsroom\/events\/\"><div class=\"row g-3\"><div class=\"col-md\"><label for=\"filterFormSearch\" class=\"visually-hidden\">Keywords<\/label><input name=\"comau_s\" type=\"text\" class=\"form-control form-control-lg\" placeholder=\"Keywords\" value=\"\" id=\"filterFormSearch\"><\/div><div class=\"d-grid col-md-auto\"><button type=\"submit\" class=\"btn btn-lg btn-primary\">Procurar<\/button><\/div><\/div><\/form><div class=\"posts-items\"><h2 class=\"events-month-title h3\">May 2022<\/h2><div class=\"posts-items-list\"><article class=\"post-index-item-event\" id=\"post-45127\">\n    <div class=\"post-item-inner\">\n        \r\n\t\t\t<a class=\"post-thumbnail\" href=\"https:\/\/www.comau.com\/pt-br\/2022\/04\/27\/comau-apresenta-novos-produtos-e-tecnologias-para-manufatura-inteligente-na-feimec-2022-estande-g-070-de-3-a-7-de-maio\/\" aria-hidden=\"true\" tabindex=\"-1\">\r\n\t\t\t\t<img decoding=\"async\" width=\"2439\" height=\"757\" src=\"https:\/\/www.comau.com\/wp-content\/uploads\/2022\/04\/IMG_Header_Webpage_FEIMEC2022.png\" class=\"attachment-post-thumbnail size-post-thumbnail wp-post-image\" alt=\"Comau apresenta novos produtos e tecnologias na FEIMEC 2022\" srcset=\"https:\/\/www.comau.com\/wp-content\/uploads\/2022\/04\/IMG_Header_Webpage_FEIMEC2022.png 2439w, https:\/\/www.comau.com\/wp-content\/uploads\/2022\/04\/IMG_Header_Webpage_FEIMEC2022-300x93.png 300w, https:\/\/www.comau.com\/wp-content\/uploads\/2022\/04\/IMG_Header_Webpage_FEIMEC2022-1024x318.png 1024w, https:\/\/www.comau.com\/wp-content\/uploads\/2022\/04\/IMG_Header_Webpage_FEIMEC2022-768x238.png 768w, https:\/\/www.comau.com\/wp-content\/uploads\/2022\/04\/IMG_Header_Webpage_FEIMEC2022-1536x477.png 1536w, https:\/\/www.comau.com\/wp-content\/uploads\/2022\/04\/IMG_Header_Webpage_FEIMEC2022-2048x636.png 2048w\" sizes=\"(max-width: 2439px) 100vw, 2439px\" \/>\t\t\t<\/a>\r\n\r\n\t\t\t        <div class=\"entry-header\">\n            <h2 class=\"entry-title\">Comau apresenta novos produtos e tecnologias na FEIMEC 2022<\/h2>\n                            <p class=\"entry-datetime\">3 maio 2022<\/p>\n                        <p class=\"entry-excerpt\">Comau apresenta novos produtos e tecnologias para manufatura inteligente na FEIMEC 2022, estande G-070, de 3 a 7 de maio. O principal evento de m\u00e1quinas e equipamentos da Am\u00e9rica Latina, volta a ser presencial no S\u00e3o Paulo Expo. A Comau, multinacional italiana, l\u00edder em produtos e sistemas para automa\u00e7\u00e3o industrial avan\u00e7ada, leva \u00e0 FEIMEC tecnologia [&hellip;]<\/p>            <p class=\"readmore\"><a href=\"https:\/\/www.comau.com\/pt-br\/2022\/04\/27\/comau-apresenta-novos-produtos-e-tecnologias-para-manufatura-inteligente-na-feimec-2022-estande-g-070-de-3-a-7-de-maio\/\" class=\"stretched-link\">Leia<\/a><\/p>\n        <\/div>\n    <\/div>\n<\/article>\n<\/div><h2 class=\"events-month-title h3\">March 2022<\/h2><div class=\"posts-items-list\"><article class=\"post-index-item-event\" id=\"post-43542\">\n    <div class=\"post-item-inner\">\n        \r\n\t\t\t<a class=\"post-thumbnail\" href=\"https:\/\/www.comau.com\/pt-br\/2022\/02\/23\/comaus-showcase-at-modex-2022\/\" aria-hidden=\"true\" tabindex=\"-1\">\r\n\t\t\t\t<img decoding=\"async\" width=\"1450\" height=\"450\" src=\"https:\/\/www.comau.com\/wp-content\/uploads\/2022\/02\/IMG_HEADER_WEBSITE_MODEX2022.png\" class=\"attachment-post-thumbnail size-post-thumbnail wp-post-image\" alt=\"Comau\u2019s showcase at MODEX 2022\" srcset=\"https:\/\/www.comau.com\/wp-content\/uploads\/2022\/02\/IMG_HEADER_WEBSITE_MODEX2022.png 1450w, https:\/\/www.comau.com\/wp-content\/uploads\/2022\/02\/IMG_HEADER_WEBSITE_MODEX2022-300x93.png 300w, https:\/\/www.comau.com\/wp-content\/uploads\/2022\/02\/IMG_HEADER_WEBSITE_MODEX2022-1024x318.png 1024w, https:\/\/www.comau.com\/wp-content\/uploads\/2022\/02\/IMG_HEADER_WEBSITE_MODEX2022-768x238.png 768w\" sizes=\"(max-width: 1450px) 100vw, 1450px\" \/>\t\t\t<\/a>\r\n\r\n\t\t\t        <div class=\"entry-header\">\n            <h2 class=\"entry-title\">Comau\u2019s showcase at MODEX 2022<\/h2>\n                            <p class=\"entry-datetime\">28 mar\u00e7o 2022<\/p>\n                        <p class=\"entry-excerpt\">On March 28, 2022 Comau will take the show floor at the Georgia World Congress Center, in booth B9632. A technology-filled four days, the show will run&nbsp;until March 31, 2022. Comau, leader in delivering advanced industrial automation products and systems has expanded its portfolio to the supply chain and fulfillment solutions industries.Comau\u2019s showcase at MODEX [&hellip;]<\/p>            <p class=\"readmore\"><a href=\"https:\/\/www.comau.com\/pt-br\/2022\/02\/23\/comaus-showcase-at-modex-2022\/\" class=\"stretched-link\">Leia<\/a><\/p>\n        <\/div>\n    <\/div>\n<\/article>\n<\/div><h2 class=\"events-month-title h3\">July 2021<\/h2><div class=\"posts-items-list\"><article class=\"post-index-item-event\" id=\"post-37083\">\n    <div class=\"post-item-inner\">\n        \r\n\t\t\t<a class=\"post-thumbnail\" href=\"https:\/\/www.comau.com\/pt-br\/2021\/07\/23\/comau-introduces-cutting-edge-technologies-at-amts-2021-in-china-2\/\" aria-hidden=\"true\" tabindex=\"-1\">\r\n\t\t\t\t<img decoding=\"async\" width=\"2500\" height=\"1667\" src=\"https:\/\/www.comau.com\/wp-content\/uploads\/2021\/07\/AMTS-2021_06.jpg\" class=\"attachment-post-thumbnail size-post-thumbnail wp-post-image\" alt=\"Comau introduces cutting-edge technologies at AMTS 2021 in China\" srcset=\"https:\/\/www.comau.com\/wp-content\/uploads\/2021\/07\/AMTS-2021_06.jpg 2500w, https:\/\/www.comau.com\/wp-content\/uploads\/2021\/07\/AMTS-2021_06-300x200.jpg 300w, https:\/\/www.comau.com\/wp-content\/uploads\/2021\/07\/AMTS-2021_06-1024x683.jpg 1024w, https:\/\/www.comau.com\/wp-content\/uploads\/2021\/07\/AMTS-2021_06-768x512.jpg 768w, https:\/\/www.comau.com\/wp-content\/uploads\/2021\/07\/AMTS-2021_06-1536x1024.jpg 1536w, https:\/\/www.comau.com\/wp-content\/uploads\/2021\/07\/AMTS-2021_06-2048x1366.jpg 2048w\" sizes=\"(max-width: 2500px) 100vw, 2500px\" \/>\t\t\t<\/a>\r\n\r\n\t\t\t        <div class=\"entry-header\">\n            <h2 class=\"entry-title\">Comau introduces cutting-edge technologies at AMTS 2021 in China<\/h2>\n                            <p class=\"entry-datetime\">7 julho 2021<\/p>\n                        <p class=\"entry-excerpt\">Innovative solutions and products for electrification, robotics, smart manufacturing and human-machine collaboration developed according to Comau\u2019s HUMANufacturing approach\u00a0 Smart E-Drive Test Bench combines standardization, flexibility and reconfiguration Smart High-Speed Conveyor enables flexible, high-productivity systems for battery assembly Universal Gripper ensures the flexibility of welding fixtures, which can help customers save investment costs in multiple dimensions. [&hellip;]<\/p>            <p class=\"readmore\"><a href=\"https:\/\/www.comau.com\/pt-br\/2021\/07\/23\/comau-introduces-cutting-edge-technologies-at-amts-2021-in-china-2\/\" class=\"stretched-link\">Leia<\/a><\/p>\n        <\/div>\n    <\/div>\n<\/article>\n<\/div><h2 class=\"events-month-title h3\">June 2021<\/h2><div class=\"posts-items-list\"><article class=\"post-index-item-event\" id=\"post-37088\">\n    <div class=\"post-item-inner\">\n        \r\n\t\t\t<a class=\"post-thumbnail\" href=\"https:\/\/www.comau.com\/pt-br\/2021\/07\/23\/comau-presents-innovative-humanufacturing-technology-at-automatica-sprint-2\/\" aria-hidden=\"true\" tabindex=\"-1\">\r\n\t\t\t\t<img decoding=\"async\" width=\"1500\" height=\"1000\" src=\"https:\/\/www.comau.com\/wp-content\/uploads\/2021\/07\/Automatica.jpg\" class=\"attachment-post-thumbnail size-post-thumbnail wp-post-image\" alt=\"Comau presents innovative Humanufacturing technology at Automatica Sprint\" srcset=\"https:\/\/www.comau.com\/wp-content\/uploads\/2021\/07\/Automatica.jpg 1500w, https:\/\/www.comau.com\/wp-content\/uploads\/2021\/07\/Automatica-300x200.jpg 300w, https:\/\/www.comau.com\/wp-content\/uploads\/2021\/07\/Automatica-1024x683.jpg 1024w, https:\/\/www.comau.com\/wp-content\/uploads\/2021\/07\/Automatica-768x512.jpg 768w\" sizes=\"(max-width: 1500px) 100vw, 1500px\" \/>\t\t\t<\/a>\r\n\r\n\t\t\t        <div class=\"entry-header\">\n            <h2 class=\"entry-title\">Comau presents innovative Humanufacturing technology at Automatica Sprint<\/h2>\n                            <p class=\"entry-datetime\">22 junho 2021<\/p>\n                        <p class=\"entry-excerpt\">End-to-end automation processes and technologies for electrification High-speed Racer-5 COBOT\u00a0combines flexibility and collaborative safety MATE-XT ruggedized and lightweight exoskeleton for indoor or outdoor use Powerful machining solutions to optimize performance reliability and ROI e.DOTM Experience trains young professionals and upskills workers Torino, June 22, 2021 \u2013 Comau will exhibit a vast portfolio of smart manufacturing [&hellip;]<\/p>            <p class=\"readmore\"><a href=\"https:\/\/www.comau.com\/pt-br\/2021\/07\/23\/comau-presents-innovative-humanufacturing-technology-at-automatica-sprint-2\/\" class=\"stretched-link\">Leia<\/a><\/p>\n        <\/div>\n    <\/div>\n<\/article>\n<\/div><h2 class=\"events-month-title h3\">April 2021<\/h2><div class=\"posts-items-list\"><article class=\"post-index-item-event\" id=\"post-37092\">\n    <div class=\"post-item-inner\">\n        \r\n\t\t\t<a class=\"post-thumbnail\" href=\"https:\/\/www.comau.com\/pt-br\/2021\/07\/23\/comau-showcases-its-innovative-humanufacturing-technologies-at-hannover-messe-digital-2021-2\/\" aria-hidden=\"true\" tabindex=\"-1\">\r\n\t\t\t\t<img decoding=\"async\" width=\"2440\" height=\"1628\" src=\"https:\/\/www.comau.com\/wp-content\/uploads\/2021\/07\/Mirafiori-Stellantis-Plant_New500.jpg\" class=\"attachment-post-thumbnail size-post-thumbnail wp-post-image\" alt=\"Comau showcases its innovative Humanufacturing technologies at Hannover Messe Digital 2021\" srcset=\"https:\/\/www.comau.com\/wp-content\/uploads\/2021\/07\/Mirafiori-Stellantis-Plant_New500.jpg 2440w, https:\/\/www.comau.com\/wp-content\/uploads\/2021\/07\/Mirafiori-Stellantis-Plant_New500-300x200.jpg 300w, https:\/\/www.comau.com\/wp-content\/uploads\/2021\/07\/Mirafiori-Stellantis-Plant_New500-1024x683.jpg 1024w, https:\/\/www.comau.com\/wp-content\/uploads\/2021\/07\/Mirafiori-Stellantis-Plant_New500-768x512.jpg 768w, https:\/\/www.comau.com\/wp-content\/uploads\/2021\/07\/Mirafiori-Stellantis-Plant_New500-1536x1025.jpg 1536w, https:\/\/www.comau.com\/wp-content\/uploads\/2021\/07\/Mirafiori-Stellantis-Plant_New500-2048x1366.jpg 2048w\" sizes=\"(max-width: 2440px) 100vw, 2440px\" \/>\t\t\t<\/a>\r\n\r\n\t\t\t        <div class=\"entry-header\">\n            <h2 class=\"entry-title\">Comau showcases its innovative Humanufacturing technologies at Hannover Messe Digital 2021<\/h2>\n                            <p class=\"entry-datetime\">12 abril 2021<\/p>\n                        <p class=\"entry-excerpt\">New Racer5 COBOT combines flexibility and collaborative safety features with high repeatability and accuracy MATE-XT ruggedized yet lightweight wearable exoskeleton for indoor and outdoor use End-to-end electrification technologies and processes for e-motors and batteries High-performance machining solutions optimize productivity, reliability and ROI The interactive e.DOTM experience trains young professionals and upskills workers Turin, April 12, [&hellip;]<\/p>            <p class=\"readmore\"><a href=\"https:\/\/www.comau.com\/pt-br\/2021\/07\/23\/comau-showcases-its-innovative-humanufacturing-technologies-at-hannover-messe-digital-2021-2\/\" class=\"stretched-link\">Leia<\/a><\/p>\n        <\/div>\n    <\/div>\n<\/article>\n<\/div><\/div>\n\n\n\n<h1 class=\"has-white-color has-text-color wp-block-heading\">Feiras e eventos dedicados \u00e0 automa\u00e7\u00e3o e rob\u00f3tica<\/h1>\n","protected":false},"excerpt":{"rendered":"<p>Feiras e eventos dedicados \u00e0 automa\u00e7\u00e3o e rob\u00f3tica<\/p>\n","protected":false},"author":11,"featured_media":0,"parent":5426,"menu_order":0,"comment_status":"closed","ping_status":"closed","template":"","meta":{"_acf_changed":false,"ep_exclude_from_search":false,"footnotes":""},"class_list":["post-33179","page","type-page","status-publish","hentry"],"acf":[],"yoast_head":"<!-- This site is optimized with the Yoast SEO plugin v26.9 - https:\/\/yoast.com\/product\/yoast-seo-wordpress\/ -->\n<title>Feiras e eventos dedicados \u00e0 automa\u00e7\u00e3o e rob\u00f3tica | Comau<\/title>\n<meta name=\"description\" content=\"A Comau participa em diversos eventos e feiras de automa\u00e7\u00e3o em todo o mundo; descubra quais s\u00e3o os pr\u00f3ximos.\" \/>\n<meta name=\"robots\" content=\"index, follow, max-snippet:-1, max-image-preview:large, max-video-preview:-1\" \/>\n<link rel=\"canonical\" href=\"https:\/\/www.comau.com\/pt-br\/newsroom\/events\/\" \/>\n<meta property=\"og:locale\" content=\"pt_BR\" \/>\n<meta property=\"og:type\" content=\"article\" \/>\n<meta property=\"og:title\" content=\"Feiras e eventos dedicados \u00e0 automa\u00e7\u00e3o e rob\u00f3tica | Comau\" \/>\n<meta property=\"og:description\" content=\"A Comau participa em diversos eventos e feiras de automa\u00e7\u00e3o em todo o mundo; descubra quais s\u00e3o os pr\u00f3ximos.\" \/>\n<meta property=\"og:url\" content=\"https:\/\/www.comau.com\/pt-br\/newsroom\/events\/\" \/>\n<meta property=\"og:site_name\" content=\"Comau\" \/>\n<meta property=\"article:publisher\" content=\"https:\/\/www.facebook.com\/COMAU\/\" \/>\n<meta property=\"article:modified_time\" content=\"2023-05-16T22:26:49+00:00\" \/>\n<meta name=\"twitter:card\" content=\"summary_large_image\" \/>\n<meta name=\"twitter:site\" content=\"@comaugroup\" \/>\n<meta name=\"twitter:label1\" content=\"Est. tempo de leitura\" \/>\n\t<meta name=\"twitter:data1\" content=\"1 minuto\" \/>\n<script type=\"application\/ld+json\" class=\"yoast-schema-graph\">{\"@context\":\"https:\/\/schema.org\",\"@graph\":[{\"@type\":\"WebPage\",\"@id\":\"https:\/\/www.comau.com\/pt-br\/newsroom\/events\/\",\"url\":\"https:\/\/www.comau.com\/pt-br\/newsroom\/events\/\",\"name\":\"Feiras e eventos dedicados \u00e0 automa\u00e7\u00e3o e rob\u00f3tica | Comau\",\"isPartOf\":{\"@id\":\"https:\/\/www.comau.com\/pt-br\/#website\"},\"datePublished\":\"2021-06-24T16:48:35+00:00\",\"dateModified\":\"2023-05-16T22:26:49+00:00\",\"description\":\"A Comau participa em diversos eventos e feiras de automa\u00e7\u00e3o em todo o mundo; descubra quais s\u00e3o os pr\u00f3ximos.\",\"breadcrumb\":{\"@id\":\"https:\/\/www.comau.com\/pt-br\/newsroom\/events\/#breadcrumb\"},\"inLanguage\":\"pt-BR\",\"potentialAction\":[{\"@type\":\"ReadAction\",\"target\":[\"https:\/\/www.comau.com\/pt-br\/newsroom\/events\/\"]}]},{\"@type\":\"BreadcrumbList\",\"@id\":\"https:\/\/www.comau.com\/pt-br\/newsroom\/events\/#breadcrumb\",\"itemListElement\":[{\"@type\":\"ListItem\",\"position\":1,\"name\":\"Home\",\"item\":\"https:\/\/www.comau.com\/pt-br\/\"},{\"@type\":\"ListItem\",\"position\":2,\"name\":\"Newsroom\",\"item\":\"https:\/\/www.comau.com\/pt-br\/newsroom\/\"},{\"@type\":\"ListItem\",\"position\":3,\"name\":\"Newsroom\",\"item\":\"https:\/\/www.comau.com\/pt-br\/newsroom\/\"},{\"@type\":\"ListItem\",\"position\":4,\"name\":\"Eventos\"}]},{\"@type\":\"WebSite\",\"@id\":\"https:\/\/www.comau.com\/pt-br\/#website\",\"url\":\"https:\/\/www.comau.com\/pt-br\/\",\"name\":\"Comau\",\"description\":\"Industrial automation and robotics\",\"publisher\":{\"@id\":\"https:\/\/www.comau.com\/pt-br\/#organization\"},\"potentialAction\":[{\"@type\":\"SearchAction\",\"target\":{\"@type\":\"EntryPoint\",\"urlTemplate\":\"https:\/\/www.comau.com\/pt-br\/?s={search_term_string}\"},\"query-input\":{\"@type\":\"PropertyValueSpecification\",\"valueRequired\":true,\"valueName\":\"search_term_string\"}}],\"inLanguage\":\"pt-BR\"},{\"@type\":\"Organization\",\"@id\":\"https:\/\/www.comau.com\/pt-br\/#organization\",\"name\":\"Comau\",\"url\":\"https:\/\/www.comau.com\/pt-br\/\",\"logo\":{\"@type\":\"ImageObject\",\"inLanguage\":\"pt-BR\",\"@id\":\"https:\/\/www.comau.com\/pt-br\/#\/schema\/logo\/image\/\",\"url\":\"https:\/\/www.comau.com\/wp-content\/uploads\/2024\/07\/cropped-Logo-COMAU.png\",\"contentUrl\":\"https:\/\/www.comau.com\/wp-content\/uploads\/2024\/07\/cropped-Logo-COMAU.png\",\"width\":434,\"height\":434,\"caption\":\"Comau\"},\"image\":{\"@id\":\"https:\/\/www.comau.com\/pt-br\/#\/schema\/logo\/image\/\"},\"sameAs\":[\"https:\/\/www.facebook.com\/COMAU\/\",\"https:\/\/x.com\/comaugroup\",\"https:\/\/www.instagram.com\/comaugroup\/\",\"https:\/\/www.linkedin.com\/company\/comau\",\"https:\/\/www.youtube.com\/user\/comau\"]}]}<\/script>\n<!-- \/ Yoast SEO plugin. -->","yoast_head_json":{"title":"Feiras e eventos dedicados \u00e0 automa\u00e7\u00e3o e rob\u00f3tica | Comau","description":"A Comau participa em diversos eventos e feiras de automa\u00e7\u00e3o em todo o mundo; descubra quais s\u00e3o os pr\u00f3ximos.","robots":{"index":"index","follow":"follow","max-snippet":"max-snippet:-1","max-image-preview":"max-image-preview:large","max-video-preview":"max-video-preview:-1"},"canonical":"https:\/\/www.comau.com\/pt-br\/newsroom\/events\/","og_locale":"pt_BR","og_type":"article","og_title":"Feiras e eventos dedicados \u00e0 automa\u00e7\u00e3o e rob\u00f3tica | Comau","og_description":"A Comau participa em diversos eventos e feiras de automa\u00e7\u00e3o em todo o mundo; descubra quais s\u00e3o os pr\u00f3ximos.","og_url":"https:\/\/www.comau.com\/pt-br\/newsroom\/events\/","og_site_name":"Comau","article_publisher":"https:\/\/www.facebook.com\/COMAU\/","article_modified_time":"2023-05-16T22:26:49+00:00","twitter_card":"summary_large_image","twitter_site":"@comaugroup","twitter_misc":{"Est. tempo de leitura":"1 minuto"},"schema":{"@context":"https:\/\/schema.org","@graph":[{"@type":"WebPage","@id":"https:\/\/www.comau.com\/pt-br\/newsroom\/events\/","url":"https:\/\/www.comau.com\/pt-br\/newsroom\/events\/","name":"Feiras e eventos dedicados \u00e0 automa\u00e7\u00e3o e rob\u00f3tica | Comau","isPartOf":{"@id":"https:\/\/www.comau.com\/pt-br\/#website"},"datePublished":"2021-06-24T16:48:35+00:00","dateModified":"2023-05-16T22:26:49+00:00","description":"A Comau participa em diversos eventos e feiras de automa\u00e7\u00e3o em todo o mundo; descubra quais s\u00e3o os pr\u00f3ximos.","breadcrumb":{"@id":"https:\/\/www.comau.com\/pt-br\/newsroom\/events\/#breadcrumb"},"inLanguage":"pt-BR","potentialAction":[{"@type":"ReadAction","target":["https:\/\/www.comau.com\/pt-br\/newsroom\/events\/"]}]},{"@type":"BreadcrumbList","@id":"https:\/\/www.comau.com\/pt-br\/newsroom\/events\/#breadcrumb","itemListElement":[{"@type":"ListItem","position":1,"name":"Home","item":"https:\/\/www.comau.com\/pt-br\/"},{"@type":"ListItem","position":2,"name":"Newsroom","item":"https:\/\/www.comau.com\/pt-br\/newsroom\/"},{"@type":"ListItem","position":3,"name":"Newsroom","item":"https:\/\/www.comau.com\/pt-br\/newsroom\/"},{"@type":"ListItem","position":4,"name":"Eventos"}]},{"@type":"WebSite","@id":"https:\/\/www.comau.com\/pt-br\/#website","url":"https:\/\/www.comau.com\/pt-br\/","name":"Comau","description":"Industrial automation and robotics","publisher":{"@id":"https:\/\/www.comau.com\/pt-br\/#organization"},"potentialAction":[{"@type":"SearchAction","target":{"@type":"EntryPoint","urlTemplate":"https:\/\/www.comau.com\/pt-br\/?s={search_term_string}"},"query-input":{"@type":"PropertyValueSpecification","valueRequired":true,"valueName":"search_term_string"}}],"inLanguage":"pt-BR"},{"@type":"Organization","@id":"https:\/\/www.comau.com\/pt-br\/#organization","name":"Comau","url":"https:\/\/www.comau.com\/pt-br\/","logo":{"@type":"ImageObject","inLanguage":"pt-BR","@id":"https:\/\/www.comau.com\/pt-br\/#\/schema\/logo\/image\/","url":"https:\/\/www.comau.com\/wp-content\/uploads\/2024\/07\/cropped-Logo-COMAU.png","contentUrl":"https:\/\/www.comau.com\/wp-content\/uploads\/2024\/07\/cropped-Logo-COMAU.png","width":434,"height":434,"caption":"Comau"},"image":{"@id":"https:\/\/www.comau.com\/pt-br\/#\/schema\/logo\/image\/"},"sameAs":["https:\/\/www.facebook.com\/COMAU\/","https:\/\/x.com\/comaugroup","https:\/\/www.instagram.com\/comaugroup\/","https:\/\/www.linkedin.com\/company\/comau","https:\/\/www.youtube.com\/user\/comau"]}]}},"_links":{"self":[{"href":"https:\/\/www.comau.com\/pt-br\/wp-json\/wp\/v2\/pages\/33179","targetHints":{"allow":["GET"]}}],"collection":[{"href":"https:\/\/www.comau.com\/pt-br\/wp-json\/wp\/v2\/pages"}],"about":[{"href":"https:\/\/www.comau.com\/pt-br\/wp-json\/wp\/v2\/types\/page"}],"author":[{"embeddable":true,"href":"https:\/\/www.comau.com\/pt-br\/wp-json\/wp\/v2\/users\/11"}],"replies":[{"embeddable":true,"href":"https:\/\/www.comau.com\/pt-br\/wp-json\/wp\/v2\/comments?post=33179"}],"version-history":[{"count":8,"href":"https:\/\/www.comau.com\/pt-br\/wp-json\/wp\/v2\/pages\/33179\/revisions"}],"predecessor-version":[{"id":53255,"href":"https:\/\/www.comau.com\/pt-br\/wp-json\/wp\/v2\/pages\/33179\/revisions\/53255"}],"up":[{"embeddable":true,"href":"https:\/\/www.comau.com\/pt-br\/wp-json\/wp\/v2\/pages\/5426"}],"wp:attachment":[{"href":"https:\/\/www.comau.com\/pt-br\/wp-json\/wp\/v2\/media?parent=33179"}],"curies":[{"name":"wp","href":"https:\/\/api.w.org\/{rel}","templated":true}]}}