{"id":33168,"date":"2021-06-24T18:47:18","date_gmt":"2021-06-24T16:47:18","guid":{"rendered":"https:\/\/www.comau.com\/?page_id=33168"},"modified":"2021-07-28T08:50:10","modified_gmt":"2021-07-28T06:50:10","slug":"highlights","status":"publish","type":"page","link":"https:\/\/www.comau.com\/pt-br\/newsroom\/highlights\/","title":{"rendered":"Highlights"},"content":{"rendered":"<form class=\"posts-items-filterform mb-5\" type=\"get\" action=\"https:\/\/www.comau.com\/pt-br\/2020\/03\/02\/comau-e-exechon-trabalham-juntas-no-desenvolvimento-de-novas-solucoes-em-usinagem-para-multiplos-setores-industriais-com-foco-na-eletrificacao\/\"><div class=\"row g-3\"><div class=\"col-md\"><label for=\"filterFormSearch\" class=\"visually-hidden\">Keywords<\/label><input name=\"comau_s\" type=\"text\" class=\"form-control form-control-lg\" placeholder=\"Keywords\" value=\"\" id=\"filterFormSearch\"><\/div><div class=\"col-md-4\"><label for=\"filterFormYear\" class=\"visually-hidden\">Select Year<\/label><select name=\"comau_year\" class=\"form-select form-select-lg\" id=\"filterFormYear\"><option value=\"\">Select Year<\/option><option value=\"2026\">2026<\/option><option value=\"2025\">2025<\/option><option value=\"2024\">2024<\/option><option value=\"2023\">2023<\/option><option value=\"2022\">2022<\/option><option value=\"2021\">2021<\/option><option value=\"2020\">2020<\/option><\/select><\/div><div class=\"d-grid col-md-auto\"><button type=\"submit\" class=\"btn btn-lg btn-primary\">Procurar<\/button><\/div><\/div><\/form><div class=\"posts-items\"><div class=\"posts-items-featured-list\"><article class=\"post-index-item-featured\" id=\"post-79198\">\n    <div class=\"post-item-inner\">\n        <div class=\"row align-items-center\">\n            <div class=\"col-lg-4\">\n                <a href=\"https:\/\/www.comau.com\/pt-br\/2025\/06\/24\/comau-apresenta-mymr-robos-moveis-autonomos-na-automatica-2025\/\" class=\"d-block\">\n                    \r\n\t\t\t<a class=\"post-thumbnail\" href=\"https:\/\/www.comau.com\/pt-br\/2025\/06\/24\/comau-apresenta-mymr-robos-moveis-autonomos-na-automatica-2025\/\" aria-hidden=\"true\" tabindex=\"-1\">\r\n\t\t\t\t<img decoding=\"async\" width=\"1920\" height=\"606\" src=\"https:\/\/www.comau.com\/wp-content\/uploads\/2025\/06\/Comau_AMR_MyMR_header_Launch.jpg\" class=\"attachment-post-thumbnail size-post-thumbnail wp-post-image\" alt=\"Comau apresenta &#8216;MyMR&#8217;, uma fam\u00edlia de rob\u00f4s m\u00f3veis aut\u00f4nomos escal\u00e1veis e projetados para otimizar a efici\u00eancia intralog\u00edstica\" srcset=\"https:\/\/www.comau.com\/wp-content\/uploads\/2025\/06\/Comau_AMR_MyMR_header_Launch.jpg 1920w, https:\/\/www.comau.com\/wp-content\/uploads\/2025\/06\/Comau_AMR_MyMR_header_Launch-300x95.jpg 300w, https:\/\/www.comau.com\/wp-content\/uploads\/2025\/06\/Comau_AMR_MyMR_header_Launch-1024x323.jpg 1024w, https:\/\/www.comau.com\/wp-content\/uploads\/2025\/06\/Comau_AMR_MyMR_header_Launch-768x242.jpg 768w, https:\/\/www.comau.com\/wp-content\/uploads\/2025\/06\/Comau_AMR_MyMR_header_Launch-1536x485.jpg 1536w\" sizes=\"(max-width: 1920px) 100vw, 1920px\" \/>\t\t\t<\/a>\r\n\r\n\t\t\t                <\/a>\n            <\/div>\n            <div class=\"col-lg-8\">\n                <h2 class=\"entry-title\"><a href=\"https:\/\/www.comau.com\/pt-br\/2025\/06\/24\/comau-apresenta-mymr-robos-moveis-autonomos-na-automatica-2025\/\">Comau apresenta &#8216;MyMR&#8217;, uma fam\u00edlia de rob\u00f4s m\u00f3veis aut\u00f4nomos escal\u00e1veis e projetados para otimizar a efici\u00eancia intralog\u00edstica<\/a><\/h2>\n                <p class=\"entry-excerpt\">\u2022 A Comau est\u00e1 lan\u00e7ando tr\u00eas novos rob\u00f4s m\u00f3veis aut\u00f4nomos &#8211; com cargas \u00fateis que variam de 300 kg a 1. 5 toneladas, para uma melhor intralog\u00edstica e automa\u00e7\u00e3o de armaz\u00e9ns \u2022 Flex\u00edveis, escal\u00e1veis e sem infraestrutura, os rob\u00f4s MyMR oferecem navega\u00e7\u00e3o h\u00edbrida (AMR\/AGV) e gerenciamento inteligente de frotas, aumentando a produtividade sem a necessidade [&hellip;]<\/p>                <p class=\"readmore\"><a href=\"https:\/\/www.comau.com\/pt-br\/2025\/06\/24\/comau-apresenta-mymr-robos-moveis-autonomos-na-automatica-2025\/\" class=\"btn btn-primary btn-readmore\">Read more<\/a><\/p>\n            <\/div>\n        <\/div>\n    <\/div>\n<\/article>\n<article class=\"post-index-item-featured\" id=\"post-79200\">\n    <div class=\"post-item-inner\">\n        <div class=\"row align-items-center\">\n            <div class=\"col-lg-4\">\n                <a href=\"https:\/\/www.comau.com\/pt-br\/2025\/06\/24\/comau-apresenta-a-nova-familia-de-pincas-de-solda-na-automatica-2025\/\" class=\"d-block\">\n                    \r\n\t\t\t<a class=\"post-thumbnail\" href=\"https:\/\/www.comau.com\/pt-br\/2025\/06\/24\/comau-apresenta-a-nova-familia-de-pincas-de-solda-na-automatica-2025\/\" aria-hidden=\"true\" tabindex=\"-1\">\r\n\t\t\t\t<img decoding=\"async\" width=\"1920\" height=\"606\" src=\"https:\/\/www.comau.com\/wp-content\/uploads\/2025\/06\/header-welding-gun-automatica.png\" class=\"attachment-post-thumbnail size-post-thumbnail wp-post-image\" alt=\"Comau apresenta a nova fam\u00edlia de pin\u00e7as de solda na Automatica 2025\" srcset=\"https:\/\/www.comau.com\/wp-content\/uploads\/2025\/06\/header-welding-gun-automatica.png 1920w, https:\/\/www.comau.com\/wp-content\/uploads\/2025\/06\/header-welding-gun-automatica-300x95.png 300w, https:\/\/www.comau.com\/wp-content\/uploads\/2025\/06\/header-welding-gun-automatica-1024x323.png 1024w, https:\/\/www.comau.com\/wp-content\/uploads\/2025\/06\/header-welding-gun-automatica-768x242.png 768w, https:\/\/www.comau.com\/wp-content\/uploads\/2025\/06\/header-welding-gun-automatica-1536x485.png 1536w\" sizes=\"(max-width: 1920px) 100vw, 1920px\" \/>\t\t\t<\/a>\r\n\r\n\t\t\t                <\/a>\n            <\/div>\n            <div class=\"col-lg-8\">\n                <h2 class=\"entry-title\"><a href=\"https:\/\/www.comau.com\/pt-br\/2025\/06\/24\/comau-apresenta-a-nova-familia-de-pincas-de-solda-na-automatica-2025\/\">Comau apresenta a nova fam\u00edlia de pin\u00e7as de solda na Automatica 2025<\/a><\/h2>\n                <p class=\"entry-excerpt\">\u2022 A solu\u00e7\u00e3o modular e patenteada da Comau foi projetada para reduzir o custo total de propriedade por meio de maior efici\u00eancia e menores custos operacionais \u2022 O design de corpo \u00fanico permite a r\u00e1pida reconfigura\u00e7\u00e3o entre tipos e for\u00e7as de soldagem, minimizando o tempo de inatividade e simplificando a manuten\u00e7\u00e3o em diversos ambientes de [&hellip;]<\/p>                <p class=\"readmore\"><a href=\"https:\/\/www.comau.com\/pt-br\/2025\/06\/24\/comau-apresenta-a-nova-familia-de-pincas-de-solda-na-automatica-2025\/\" class=\"btn btn-primary btn-readmore\">Read more<\/a><\/p>\n            <\/div>\n        <\/div>\n    <\/div>\n<\/article>\n<\/div><div class=\"posts-items-list\"><article class=\"post-index-item\" id=\"post-59797\">\n    <div class=\"post-item-inner\">\n        \r\n\t\t\t<a class=\"post-thumbnail\" href=\"https:\/\/www.comau.com\/pt-br\/2024\/01\/26\/comau-homenageada-no-evento-de-25-anos-da-renault-no-brasil\/\" aria-hidden=\"true\" tabindex=\"-1\">\r\n\t\t\t\t<img decoding=\"async\" width=\"1450\" height=\"968\" src=\"https:\/\/www.comau.com\/wp-content\/uploads\/2024\/01\/HEADER-light.jpg\" class=\"attachment-post-thumbnail size-post-thumbnail wp-post-image\" alt=\"Comau \u00e9 homenageada no evento de 25 anos da Renault no Brasil. A parceria de sucesso continua\" srcset=\"https:\/\/www.comau.com\/wp-content\/uploads\/2024\/01\/HEADER-light.jpg 1450w, https:\/\/www.comau.com\/wp-content\/uploads\/2024\/01\/HEADER-light-300x200.jpg 300w, https:\/\/www.comau.com\/wp-content\/uploads\/2024\/01\/HEADER-light-1024x684.jpg 1024w, https:\/\/www.comau.com\/wp-content\/uploads\/2024\/01\/HEADER-light-768x513.jpg 768w\" sizes=\"(max-width: 1450px) 100vw, 1450px\" \/>\t\t\t<\/a>\r\n\r\n\t\t\t        <div class=\"entry-header\">\n            <h2 class=\"entry-title\">Comau \u00e9 homenageada no evento de 25 anos da Renault no Brasil. A parceria de sucesso continua<\/h2>\n            <p class=\"readmore\"><a href=\"https:\/\/www.comau.com\/pt-br\/2024\/01\/26\/comau-homenageada-no-evento-de-25-anos-da-renault-no-brasil\/\" class=\"stretched-link\">Leia<\/a><\/p>\n        <\/div>\n    <\/div>\n<\/article>\n<article class=\"post-index-item\" id=\"post-59058\">\n    <div class=\"post-item-inner\">\n        \r\n\t\t\t<a class=\"post-thumbnail\" href=\"https:\/\/www.comau.com\/pt-br\/2023\/12\/18\/definindo-estruturas-para-automacao-de-energia-carbono-neutro\/\" aria-hidden=\"true\" tabindex=\"-1\">\r\n\t\t\t\t<img decoding=\"async\" width=\"1375\" height=\"771\" src=\"https:\/\/www.comau.com\/wp-content\/uploads\/2023\/12\/Electrolyzer-Stack-Production.png\" class=\"attachment-post-thumbnail size-post-thumbnail wp-post-image\" alt=\"Definindo estruturas para automa\u00e7\u00e3o de energia carbono neutro\" srcset=\"https:\/\/www.comau.com\/wp-content\/uploads\/2023\/12\/Electrolyzer-Stack-Production.png 1375w, https:\/\/www.comau.com\/wp-content\/uploads\/2023\/12\/Electrolyzer-Stack-Production-300x168.png 300w, https:\/\/www.comau.com\/wp-content\/uploads\/2023\/12\/Electrolyzer-Stack-Production-1024x574.png 1024w, https:\/\/www.comau.com\/wp-content\/uploads\/2023\/12\/Electrolyzer-Stack-Production-768x431.png 768w\" sizes=\"(max-width: 1375px) 100vw, 1375px\" \/>\t\t\t<\/a>\r\n\r\n\t\t\t        <div class=\"entry-header\">\n            <h2 class=\"entry-title\">Definindo estruturas para automa\u00e7\u00e3o de energia carbono neutro<\/h2>\n            <p class=\"readmore\"><a href=\"https:\/\/www.comau.com\/pt-br\/2023\/12\/18\/definindo-estruturas-para-automacao-de-energia-carbono-neutro\/\" class=\"stretched-link\">Leia<\/a><\/p>\n        <\/div>\n    <\/div>\n<\/article>\n<article class=\"post-index-item\" id=\"post-47691\">\n    <div class=\"post-item-inner\">\n        \r\n\t\t\t<a class=\"post-thumbnail\" href=\"https:\/\/www.comau.com\/pt-br\/2022\/09\/28\/a-comau-apresenta-em-milao-as-solucoes-tecnicas-inovadoras-wcpwc-8-para-a-industria-de-energia-renovavel\/\" aria-hidden=\"true\" tabindex=\"-1\">\r\n\t\t\t\t<img decoding=\"async\" width=\"2121\" height=\"1414\" src=\"https:\/\/www.comau.com\/wp-content\/uploads\/2022\/09\/Img_solar_panels_Clean-WCPEC.png\" class=\"attachment-post-thumbnail size-post-thumbnail wp-post-image\" alt=\"Comau recebe o pr\u00eamio \u201cPoster Award\u201d do Comit\u00ea Cient\u00edfico WCPEC-8, em Mil\u00e3o, por suas solu\u00e7\u00f5es tecnol\u00f3gicas inovadoras para o setor de Energia Renov\u00e1vel\" srcset=\"https:\/\/www.comau.com\/wp-content\/uploads\/2022\/09\/Img_solar_panels_Clean-WCPEC.png 2121w, https:\/\/www.comau.com\/wp-content\/uploads\/2022\/09\/Img_solar_panels_Clean-WCPEC-300x200.png 300w, https:\/\/www.comau.com\/wp-content\/uploads\/2022\/09\/Img_solar_panels_Clean-WCPEC-1024x683.png 1024w, https:\/\/www.comau.com\/wp-content\/uploads\/2022\/09\/Img_solar_panels_Clean-WCPEC-768x512.png 768w, https:\/\/www.comau.com\/wp-content\/uploads\/2022\/09\/Img_solar_panels_Clean-WCPEC-1536x1024.png 1536w, https:\/\/www.comau.com\/wp-content\/uploads\/2022\/09\/Img_solar_panels_Clean-WCPEC-2048x1365.png 2048w\" sizes=\"(max-width: 2121px) 100vw, 2121px\" \/>\t\t\t<\/a>\r\n\r\n\t\t\t        <div class=\"entry-header\">\n            <h2 class=\"entry-title\">Comau recebe o pr\u00eamio \u201cPoster Award\u201d do Comit\u00ea Cient\u00edfico WCPEC-8, em Mil\u00e3o, por suas solu\u00e7\u00f5es tecnol\u00f3gicas inovadoras para o setor de Energia Renov\u00e1vel<\/h2>\n            <p class=\"readmore\"><a href=\"https:\/\/www.comau.com\/pt-br\/2022\/09\/28\/a-comau-apresenta-em-milao-as-solucoes-tecnicas-inovadoras-wcpwc-8-para-a-industria-de-energia-renovavel\/\" class=\"stretched-link\">Leia<\/a><\/p>\n        <\/div>\n    <\/div>\n<\/article>\n<article class=\"post-index-item\" id=\"post-45202\">\n    <div class=\"post-item-inner\">\n        \r\n\t\t\t<a class=\"post-thumbnail\" href=\"https:\/\/www.comau.com\/pt-br\/2022\/05\/02\/comau-apresenta-novos-produtos-e-tecnologias-para-manufatura-inteligente-na-feimec-2022\/\" aria-hidden=\"true\" tabindex=\"-1\">\r\n\t\t\t\t<img decoding=\"async\" width=\"2560\" height=\"1872\" src=\"https:\/\/www.comau.com\/wp-content\/uploads\/2022\/05\/Racer-5_Cobot_KV-scaled.jpg\" class=\"attachment-post-thumbnail size-post-thumbnail wp-post-image\" alt=\"Comau apresenta novos produtos e tecnologias para manufatura inteligente na Feimec 2022\" srcset=\"https:\/\/www.comau.com\/wp-content\/uploads\/2022\/05\/Racer-5_Cobot_KV-scaled.jpg 2560w, https:\/\/www.comau.com\/wp-content\/uploads\/2022\/05\/Racer-5_Cobot_KV-300x219.jpg 300w, https:\/\/www.comau.com\/wp-content\/uploads\/2022\/05\/Racer-5_Cobot_KV-1024x749.jpg 1024w, https:\/\/www.comau.com\/wp-content\/uploads\/2022\/05\/Racer-5_Cobot_KV-768x562.jpg 768w, https:\/\/www.comau.com\/wp-content\/uploads\/2022\/05\/Racer-5_Cobot_KV-1536x1123.jpg 1536w, https:\/\/www.comau.com\/wp-content\/uploads\/2022\/05\/Racer-5_Cobot_KV-2048x1498.jpg 2048w\" sizes=\"(max-width: 2560px) 100vw, 2560px\" \/>\t\t\t<\/a>\r\n\r\n\t\t\t        <div class=\"entry-header\">\n            <h2 class=\"entry-title\">Comau apresenta novos produtos e tecnologias para manufatura inteligente na Feimec 2022<\/h2>\n            <p class=\"readmore\"><a href=\"https:\/\/www.comau.com\/pt-br\/2022\/05\/02\/comau-apresenta-novos-produtos-e-tecnologias-para-manufatura-inteligente-na-feimec-2022\/\" class=\"stretched-link\">Leia<\/a><\/p>\n        <\/div>\n    <\/div>\n<\/article>\n<article class=\"post-index-item\" id=\"post-44054\">\n    <div class=\"post-item-inner\">\n        \r\n\t\t\t<a class=\"post-thumbnail\" href=\"https:\/\/www.comau.com\/pt-br\/2022\/03\/18\/the-future-of-transportation-needs-sustainable-innovation\/\" aria-hidden=\"true\" tabindex=\"-1\">\r\n\t\t\t\t<img decoding=\"async\" width=\"1425\" height=\"450\" src=\"https:\/\/www.comau.com\/wp-content\/uploads\/2021\/10\/Comau_Electrification_No-Payoff_HERO.jpg\" class=\"attachment-post-thumbnail size-post-thumbnail wp-post-image\" alt=\"The future of transportation needs sustainable innovation\" srcset=\"https:\/\/www.comau.com\/wp-content\/uploads\/2021\/10\/Comau_Electrification_No-Payoff_HERO.jpg 1425w, https:\/\/www.comau.com\/wp-content\/uploads\/2021\/10\/Comau_Electrification_No-Payoff_HERO-300x95.jpg 300w, https:\/\/www.comau.com\/wp-content\/uploads\/2021\/10\/Comau_Electrification_No-Payoff_HERO-1024x323.jpg 1024w, https:\/\/www.comau.com\/wp-content\/uploads\/2021\/10\/Comau_Electrification_No-Payoff_HERO-768x243.jpg 768w\" sizes=\"(max-width: 1425px) 100vw, 1425px\" \/>\t\t\t<\/a>\r\n\r\n\t\t\t        <div class=\"entry-header\">\n            <h2 class=\"entry-title\">The future of transportation needs sustainable innovation<\/h2>\n            <p class=\"readmore\"><a href=\"https:\/\/www.comau.com\/pt-br\/2022\/03\/18\/the-future-of-transportation-needs-sustainable-innovation\/\" class=\"stretched-link\">Leia<\/a><\/p>\n        <\/div>\n    <\/div>\n<\/article>\n<article class=\"post-index-item\" id=\"post-39686\">\n    <div class=\"post-item-inner\">\n        \r\n\t\t\t<a class=\"post-thumbnail\" href=\"https:\/\/www.comau.com\/pt-br\/2021\/11\/16\/comau-apresenta-humanufacturing-sua-abordagem-de-tecnologia-e-inovacao-na-industria-xperience\/\" aria-hidden=\"true\" tabindex=\"-1\">\r\n\t\t\t\t<img decoding=\"async\" width=\"1450\" height=\"758\" src=\"https:\/\/www.comau.com\/wp-content\/uploads\/2021\/11\/KeyVisual_Racer-5_COBOT_HERO.jpg\" class=\"attachment-post-thumbnail size-post-thumbnail wp-post-image\" alt=\"Comau apresenta HUMANufacturing: sua abordagem de tecnologia e inova\u00e7\u00e3o na ind\u00fastria xperience\" srcset=\"https:\/\/www.comau.com\/wp-content\/uploads\/2021\/11\/KeyVisual_Racer-5_COBOT_HERO.jpg 1450w, https:\/\/www.comau.com\/wp-content\/uploads\/2021\/11\/KeyVisual_Racer-5_COBOT_HERO-300x157.jpg 300w, https:\/\/www.comau.com\/wp-content\/uploads\/2021\/11\/KeyVisual_Racer-5_COBOT_HERO-1024x535.jpg 1024w, https:\/\/www.comau.com\/wp-content\/uploads\/2021\/11\/KeyVisual_Racer-5_COBOT_HERO-768x401.jpg 768w\" sizes=\"(max-width: 1450px) 100vw, 1450px\" \/>\t\t\t<\/a>\r\n\r\n\t\t\t        <div class=\"entry-header\">\n            <h2 class=\"entry-title\">Comau apresenta HUMANufacturing: sua abordagem de tecnologia e inova\u00e7\u00e3o na ind\u00fastria xperience<\/h2>\n            <p class=\"readmore\"><a href=\"https:\/\/www.comau.com\/pt-br\/2021\/11\/16\/comau-apresenta-humanufacturing-sua-abordagem-de-tecnologia-e-inovacao-na-industria-xperience\/\" class=\"stretched-link\">Leia<\/a><\/p>\n        <\/div>\n    <\/div>\n<\/article>\n<\/div><nav><ul class=\"pagination justify-content-center\"><li class=\"page-item active\"> <span aria-current=\"page\" class=\"page-link current\">1<\/span><\/li><li class=\"page-item\"> <a class=\"page-link\" href=\"https:\/\/www.comau.com\/pt-br\/wp-json\/wp\/v2\/pages\/33168\/page\/2\/\">2<\/a><\/li><li class=\"page-item\"> <a class=\"next page-link\" href=\"https:\/\/www.comau.com\/pt-br\/wp-json\/wp\/v2\/pages\/33168\/page\/2\/\">Next<\/a><\/li><\/ul><\/nav><\/div>\n","protected":false},"excerpt":{"rendered":"","protected":false},"author":11,"featured_media":0,"parent":5426,"menu_order":0,"comment_status":"closed","ping_status":"closed","template":"","meta":{"_acf_changed":false,"ep_exclude_from_search":false,"footnotes":""},"class_list":["post-33168","page","type-page","status-publish","hentry"],"acf":[],"yoast_head":"<!-- This site is optimized with the Yoast SEO plugin v26.9 - https:\/\/yoast.com\/product\/yoast-seo-wordpress\/ -->\n<title>Highlights - Comau<\/title>\n<meta name=\"robots\" content=\"index, follow, max-snippet:-1, max-image-preview:large, max-video-preview:-1\" \/>\n<link rel=\"canonical\" href=\"https:\/\/www.comau.com\/pt-br\/newsroom\/highlights\/\" \/>\n<meta property=\"og:locale\" content=\"pt_BR\" \/>\n<meta property=\"og:type\" content=\"article\" \/>\n<meta property=\"og:title\" content=\"Highlights - Comau\" \/>\n<meta property=\"og:url\" content=\"https:\/\/www.comau.com\/pt-br\/newsroom\/highlights\/\" \/>\n<meta property=\"og:site_name\" content=\"Comau\" \/>\n<meta property=\"article:publisher\" content=\"https:\/\/www.facebook.com\/COMAU\/\" \/>\n<meta property=\"article:modified_time\" content=\"2021-07-28T06:50:10+00:00\" \/>\n<meta name=\"twitter:card\" content=\"summary_large_image\" \/>\n<meta name=\"twitter:site\" content=\"@comaugroup\" \/>\n<meta name=\"twitter:label1\" content=\"Est. tempo de leitura\" \/>\n\t<meta name=\"twitter:data1\" content=\"1 minuto\" \/>\n<script type=\"application\/ld+json\" class=\"yoast-schema-graph\">{\"@context\":\"https:\/\/schema.org\",\"@graph\":[{\"@type\":\"WebPage\",\"@id\":\"https:\/\/www.comau.com\/pt-br\/newsroom\/highlights\/\",\"url\":\"https:\/\/www.comau.com\/pt-br\/newsroom\/highlights\/\",\"name\":\"Highlights - Comau\",\"isPartOf\":{\"@id\":\"https:\/\/www.comau.com\/pt-br\/#website\"},\"datePublished\":\"2021-06-24T16:47:18+00:00\",\"dateModified\":\"2021-07-28T06:50:10+00:00\",\"breadcrumb\":{\"@id\":\"https:\/\/www.comau.com\/pt-br\/newsroom\/highlights\/#breadcrumb\"},\"inLanguage\":\"pt-BR\",\"potentialAction\":[{\"@type\":\"ReadAction\",\"target\":[\"https:\/\/www.comau.com\/pt-br\/newsroom\/highlights\/\"]}]},{\"@type\":\"BreadcrumbList\",\"@id\":\"https:\/\/www.comau.com\/pt-br\/newsroom\/highlights\/#breadcrumb\",\"itemListElement\":[{\"@type\":\"ListItem\",\"position\":1,\"name\":\"Home\",\"item\":\"https:\/\/www.comau.com\/pt-br\/\"},{\"@type\":\"ListItem\",\"position\":2,\"name\":\"Newsroom\",\"item\":\"https:\/\/www.comau.com\/pt-br\/newsroom\/\"},{\"@type\":\"ListItem\",\"position\":3,\"name\":\"Newsroom\",\"item\":\"https:\/\/www.comau.com\/pt-br\/newsroom\/\"},{\"@type\":\"ListItem\",\"position\":4,\"name\":\"Highlights\"}]},{\"@type\":\"WebSite\",\"@id\":\"https:\/\/www.comau.com\/pt-br\/#website\",\"url\":\"https:\/\/www.comau.com\/pt-br\/\",\"name\":\"Comau\",\"description\":\"Industrial automation and robotics\",\"publisher\":{\"@id\":\"https:\/\/www.comau.com\/pt-br\/#organization\"},\"potentialAction\":[{\"@type\":\"SearchAction\",\"target\":{\"@type\":\"EntryPoint\",\"urlTemplate\":\"https:\/\/www.comau.com\/pt-br\/?s={search_term_string}\"},\"query-input\":{\"@type\":\"PropertyValueSpecification\",\"valueRequired\":true,\"valueName\":\"search_term_string\"}}],\"inLanguage\":\"pt-BR\"},{\"@type\":\"Organization\",\"@id\":\"https:\/\/www.comau.com\/pt-br\/#organization\",\"name\":\"Comau\",\"url\":\"https:\/\/www.comau.com\/pt-br\/\",\"logo\":{\"@type\":\"ImageObject\",\"inLanguage\":\"pt-BR\",\"@id\":\"https:\/\/www.comau.com\/pt-br\/#\/schema\/logo\/image\/\",\"url\":\"https:\/\/www.comau.com\/wp-content\/uploads\/2024\/07\/cropped-Logo-COMAU.png\",\"contentUrl\":\"https:\/\/www.comau.com\/wp-content\/uploads\/2024\/07\/cropped-Logo-COMAU.png\",\"width\":434,\"height\":434,\"caption\":\"Comau\"},\"image\":{\"@id\":\"https:\/\/www.comau.com\/pt-br\/#\/schema\/logo\/image\/\"},\"sameAs\":[\"https:\/\/www.facebook.com\/COMAU\/\",\"https:\/\/x.com\/comaugroup\",\"https:\/\/www.instagram.com\/comaugroup\/\",\"https:\/\/www.linkedin.com\/company\/comau\",\"https:\/\/www.youtube.com\/user\/comau\"]}]}<\/script>\n<!-- \/ Yoast SEO plugin. -->","yoast_head_json":{"title":"Highlights - Comau","robots":{"index":"index","follow":"follow","max-snippet":"max-snippet:-1","max-image-preview":"max-image-preview:large","max-video-preview":"max-video-preview:-1"},"canonical":"https:\/\/www.comau.com\/pt-br\/newsroom\/highlights\/","og_locale":"pt_BR","og_type":"article","og_title":"Highlights - Comau","og_url":"https:\/\/www.comau.com\/pt-br\/newsroom\/highlights\/","og_site_name":"Comau","article_publisher":"https:\/\/www.facebook.com\/COMAU\/","article_modified_time":"2021-07-28T06:50:10+00:00","twitter_card":"summary_large_image","twitter_site":"@comaugroup","twitter_misc":{"Est. tempo de leitura":"1 minuto"},"schema":{"@context":"https:\/\/schema.org","@graph":[{"@type":"WebPage","@id":"https:\/\/www.comau.com\/pt-br\/newsroom\/highlights\/","url":"https:\/\/www.comau.com\/pt-br\/newsroom\/highlights\/","name":"Highlights - Comau","isPartOf":{"@id":"https:\/\/www.comau.com\/pt-br\/#website"},"datePublished":"2021-06-24T16:47:18+00:00","dateModified":"2021-07-28T06:50:10+00:00","breadcrumb":{"@id":"https:\/\/www.comau.com\/pt-br\/newsroom\/highlights\/#breadcrumb"},"inLanguage":"pt-BR","potentialAction":[{"@type":"ReadAction","target":["https:\/\/www.comau.com\/pt-br\/newsroom\/highlights\/"]}]},{"@type":"BreadcrumbList","@id":"https:\/\/www.comau.com\/pt-br\/newsroom\/highlights\/#breadcrumb","itemListElement":[{"@type":"ListItem","position":1,"name":"Home","item":"https:\/\/www.comau.com\/pt-br\/"},{"@type":"ListItem","position":2,"name":"Newsroom","item":"https:\/\/www.comau.com\/pt-br\/newsroom\/"},{"@type":"ListItem","position":3,"name":"Newsroom","item":"https:\/\/www.comau.com\/pt-br\/newsroom\/"},{"@type":"ListItem","position":4,"name":"Highlights"}]},{"@type":"WebSite","@id":"https:\/\/www.comau.com\/pt-br\/#website","url":"https:\/\/www.comau.com\/pt-br\/","name":"Comau","description":"Industrial automation and robotics","publisher":{"@id":"https:\/\/www.comau.com\/pt-br\/#organization"},"potentialAction":[{"@type":"SearchAction","target":{"@type":"EntryPoint","urlTemplate":"https:\/\/www.comau.com\/pt-br\/?s={search_term_string}"},"query-input":{"@type":"PropertyValueSpecification","valueRequired":true,"valueName":"search_term_string"}}],"inLanguage":"pt-BR"},{"@type":"Organization","@id":"https:\/\/www.comau.com\/pt-br\/#organization","name":"Comau","url":"https:\/\/www.comau.com\/pt-br\/","logo":{"@type":"ImageObject","inLanguage":"pt-BR","@id":"https:\/\/www.comau.com\/pt-br\/#\/schema\/logo\/image\/","url":"https:\/\/www.comau.com\/wp-content\/uploads\/2024\/07\/cropped-Logo-COMAU.png","contentUrl":"https:\/\/www.comau.com\/wp-content\/uploads\/2024\/07\/cropped-Logo-COMAU.png","width":434,"height":434,"caption":"Comau"},"image":{"@id":"https:\/\/www.comau.com\/pt-br\/#\/schema\/logo\/image\/"},"sameAs":["https:\/\/www.facebook.com\/COMAU\/","https:\/\/x.com\/comaugroup","https:\/\/www.instagram.com\/comaugroup\/","https:\/\/www.linkedin.com\/company\/comau","https:\/\/www.youtube.com\/user\/comau"]}]}},"_links":{"self":[{"href":"https:\/\/www.comau.com\/pt-br\/wp-json\/wp\/v2\/pages\/33168","targetHints":{"allow":["GET"]}}],"collection":[{"href":"https:\/\/www.comau.com\/pt-br\/wp-json\/wp\/v2\/pages"}],"about":[{"href":"https:\/\/www.comau.com\/pt-br\/wp-json\/wp\/v2\/types\/page"}],"author":[{"embeddable":true,"href":"https:\/\/www.comau.com\/pt-br\/wp-json\/wp\/v2\/users\/11"}],"replies":[{"embeddable":true,"href":"https:\/\/www.comau.com\/pt-br\/wp-json\/wp\/v2\/comments?post=33168"}],"version-history":[{"count":4,"href":"https:\/\/www.comau.com\/pt-br\/wp-json\/wp\/v2\/pages\/33168\/revisions"}],"predecessor-version":[{"id":37412,"href":"https:\/\/www.comau.com\/pt-br\/wp-json\/wp\/v2\/pages\/33168\/revisions\/37412"}],"up":[{"embeddable":true,"href":"https:\/\/www.comau.com\/pt-br\/wp-json\/wp\/v2\/pages\/5426"}],"wp:attachment":[{"href":"https:\/\/www.comau.com\/pt-br\/wp-json\/wp\/v2\/media?parent=33168"}],"curies":[{"name":"wp","href":"https:\/\/api.w.org\/{rel}","templated":true}]}}