{"id":23322,"date":"2021-06-09T11:09:54","date_gmt":"2021-06-09T09:09:54","guid":{"rendered":"https:\/\/www.comau.com\/?page_id=23322"},"modified":"2021-08-27T17:58:56","modified_gmt":"2021-08-27T15:58:56","slug":"executive-master-in-manufacturing-automation-and-digital-transformation","status":"publish","type":"page","link":"https:\/\/www.comau.com\/pt-br\/competencies\/systems\/consultancy-education\/companies-professionals\/executive-master-in-manufacturing-automation-and-digital-transformation\/","title":{"rendered":"Executive Master in Manufacturing Automation and Digital Transformation"},"content":{"rendered":"\n<h2 class=\"wp-block-heading\">Esteja preparado para a Transforma\u00e7\u00e3o Digital<\/h2>\n\n\n\n<div class=\"wp-block-getwid-toggle download-dropdown has-icon-left\">\n<div class=\"wp-block-getwid-toggle__row\"><div class=\"wp-block-getwid-toggle__header-wrapper\"><span class=\"wp-block-getwid-toggle__header\"><a href=\"#\"><span class=\"wp-block-getwid-toggle__header-title\">Download the brochure<\/span><span class=\"wp-block-getwid-toggle__icon is-active\"><i class=\"fas fa-plus\"><\/i><\/span><span class=\"wp-block-getwid-toggle__icon is-passive\"><i class=\"fas fa-minus\"><\/i><\/span><\/a><\/span><\/div><div class=\"wp-block-getwid-toggle__content-wrapper\"><div class=\"wp-block-getwid-toggle__content\">\n<div class=\"wp-block-getwid-button-group\"><div class=\"wp-block-getwid-button-group__wrapper\">\n<div class=\"wp-block-button\"><a class=\"wp-block-button__link\" href=\"https:\/\/www.comau.com\/wp-content\/uploads\/2021\/06\/Master-in-Manufacturing-Automation-and-Digital-Transformation.pdf\" target=\"_blank\" rel=\"noreferrer noopener\">Executive Master in Manufacturing Automation and Digital Transformation<\/a><\/div>\n<\/div><\/div>\n<\/div><\/div><\/div>\n<\/div>\n\n\n\n<p>O Executive Master da Comau em Manufacturing Automation e Digital Transformation ajuda as empresas e os indiv\u00edduos a desenvolver as qualifica\u00e7\u00f5es necess\u00e1rias para construir as solu\u00e7\u00f5es avan\u00e7adas de automa\u00e7\u00e3o industrial do futuro. O \u00fanico programa de seu g\u00eanero que aborda os aspectos t\u00e9cnicos e gerenciais da automa\u00e7\u00e3o industrial, tamb\u00e9m \u00e9 o \u00fanico Executive Master Degree concebido e implementado pelos dois l\u00edderes da ind\u00fastria: a Comau e a ESCP Europe, a escola de neg\u00f3cios mais antiga do mundo, reconhecida por educar gera\u00e7\u00f5es de l\u00edderes e empreendedores.<\/p>\n\n\n\n<p>Obtenha um diploma de Executive Master em Manufacturing Automation e Digital Transformation que combina 32,5 dias de treinamento pr\u00e1tico com 80 horas adicionais de e-learning \u00e0 dist\u00e2ncia, webinars e trabalho de projetos. E mais, o programa \u00e9 concebido especificamente para executivos, diretores, gerentes e profissionais que projetam, produzem, vendem ou utilizam solu\u00e7\u00f5es de automa\u00e7\u00e3o industrial.<\/p>\n\n\n\n<p>Para ajudar os profissionais que trabalham a progredir em suas carreiras e aperfei\u00e7oar suas compet\u00eancias, este curso abrangente \u00e9 baseado em uma metodologia de aprendizagem intensiva e altamente eficaz. No final do programa, os participantes ter\u00e3o desenvolvido as qualifica\u00e7\u00f5es para enfrentar as solu\u00e7\u00f5es de transforma\u00e7\u00e3o digital e os paradigmas de produ\u00e7\u00e3o em evolu\u00e7\u00e3o.<\/p>\n\n\n\n<p>O Master tem um custo de \u20ac 21.000 (todos os participantes da UE e de fora da UE),  \u20ac 3.000 de desconto para inscri\u00e7\u00f5es antecipadas at\u00e9 27 de julho de 2018. <\/p>\n\n\n\n<p>**A tarifa n\u00e3o inclui viagem e acomoda\u00e7\u00e3o.<\/p>\n\n\n\n<p>O Executive Master em Manufacturing Automation e Digital Transformation (EMMA) oferece a profissionais s\u00eaniores as qualifica\u00e7\u00f5es necess\u00e1rias para serem pensadores flex\u00edveis, l\u00edderes efetivos e profissionais de ponta para a 4\u00aa revolu\u00e7\u00e3o industrial.<\/p>\n\n\n\n<p>A primeira edi\u00e7\u00e3o concluiu-se em janeiro de 2018 com 31 participantes. A maioria dos participantes ocupava fun\u00e7\u00f5es de produ\u00e7\u00e3o, aquisi\u00e7\u00f5es e inova\u00e7\u00e3o.<\/p>\n\n\n\n<p>\nA coexist\u00eancia de aspectos econ\u00f4micos e t\u00e9cnicos, e tamb\u00e9m sua coer\u00eancia, foram os pontos fortes do programa.<\/p>\n\n\n\n<p>Al\u00e9m dos conhecimentos sobre ind\u00fastria 4.0, os participantes obtiveram uma rede forte e alargada.<\/p>\n\n\n\n<figure class=\"wp-block-image size-large\"><img decoding=\"async\" width=\"740\" height=\"455\" src=\"https:\/\/www.comau.com\/wp-content\/uploads\/2021\/06\/BlueBoxesMaster2018.jpg\" alt=\"\" class=\"wp-image-10121\" srcset=\"https:\/\/www.comau.com\/wp-content\/uploads\/2021\/06\/BlueBoxesMaster2018.jpg 740w, https:\/\/www.comau.com\/wp-content\/uploads\/2021\/06\/BlueBoxesMaster2018-300x184.jpg 300w\" sizes=\"(max-width: 740px) 100vw, 740px\" \/><\/figure>\n\n\n\n<h2 class=\"wp-block-heading\">Qualifica\u00e7\u00f5es-alvo<\/h2>\n\n\n\n<p>Aprender a pensar estrategicamente e liderar mudan\u00e7as organizacionais, al\u00e9m de contribuir ativamente para o desenvolvimento e implementa\u00e7\u00e3o de solu\u00e7\u00f5es de automa\u00e7\u00e3o industrial e incrementar o paradigma atual da produ\u00e7\u00e3o. <\/p>\n\n\n\n<p>Nosso Executive Master em Manufacturing Automation e Digital Transformation foi criado para ajudar voc\u00ea a desenvolver uma compreens\u00e3o aprofundada da tecnologia e dos mercados para liberar seu potencial e projetar solu\u00e7\u00f5es de fabrica\u00e7\u00e3o inovadoras.<\/p>\n\n\n\n<p>As qualifica\u00e7\u00f5es-alvo incluem: <\/p>\n\n\n\n<ul class=\"wp-block-list\"><li>Identificar as necessidades e oportunidades para a aplica\u00e7\u00e3o de tecnologias de automa\u00e7\u00e3o em processos de fabrica\u00e7\u00e3o<\/li><li>Contribuir ativamente para o projeto e o desenvolvimento de solu\u00e7\u00f5es de automa\u00e7\u00e3o<\/li><li>Aplicar an\u00e1lises de custos e t\u00e9cnicas de planejamento financeiro a projetos de automa\u00e7\u00e3o<\/li><li>Garantir uma forte governan\u00e7a em gerenciamento de projetos<\/li><li>Liderar uma equipe com a abordagem correta de gerenciamento de pessoal<\/li><li>Dialogar com departamentos t\u00e9cnicos e de projeto de produto\/processo<\/li><li>Gerenciar portf\u00f3lios complexos e tecnologicamente avan\u00e7ados de suprimentos e fornecedores<\/li><li>Compreender as principais implica\u00e7\u00f5es que caracterizam a intera\u00e7\u00e3o homem-m\u00e1quina<\/li><\/ul>\n\n\n\n<div class=\"wp-block-columns is-layout-flex wp-container-core-columns-is-layout-9d6595d7 wp-block-columns-is-layout-flex\">\n<div class=\"wp-block-column is-layout-flow wp-block-column-is-layout-flow\">\n<figure class=\"wp-block-embed is-type-video is-provider-youtube wp-block-embed-youtube wp-embed-aspect-16-9 wp-has-aspect-ratio\"><div class=\"wp-block-embed__wrapper\">\n<iframe title=\"Comau Executive Master in Manufacturing Automation and Digital Transformation -2nd edition 2018\/2019\" width=\"640\" height=\"360\" src=\"https:\/\/www.youtube.com\/embed\/YZgKyTsu7U4?feature=oembed\" frameborder=\"0\" allow=\"accelerometer; autoplay; clipboard-write; encrypted-media; gyroscope; picture-in-picture; web-share\" referrerpolicy=\"strict-origin-when-cross-origin\" allowfullscreen><\/iframe>\n<\/div><\/figure>\n<\/div>\n\n\n\n<div class=\"wp-block-column is-layout-flow wp-block-column-is-layout-flow\">\n<figure class=\"wp-block-embed is-type-video is-provider-youtube wp-block-embed-youtube wp-embed-aspect-16-9 wp-has-aspect-ratio\"><div class=\"wp-block-embed__wrapper\">\n<iframe title=\"Comau Executive Master in Manufacturing Automation and Digital Transformation -1st edition 2017\/2018\" width=\"640\" height=\"360\" src=\"https:\/\/www.youtube.com\/embed\/4rh9pS3P51E?feature=oembed\" frameborder=\"0\" allow=\"accelerometer; autoplay; clipboard-write; encrypted-media; gyroscope; picture-in-picture; web-share\" referrerpolicy=\"strict-origin-when-cross-origin\" allowfullscreen><\/iframe>\n<\/div><\/figure>\n<\/div>\n<\/div>\n\n\n\n<h2 class=\"wp-block-heading\">A estrutura modular de adapta \u00e0 sua carreira<\/h2>\n\n\n\n<p>Cinco m\u00f3dulos ao longo de cinco semanas, complementados por m\u00f3dulos autodidatas e trabalho de projeto.<\/p>\n\n\n\n<div class=\"wp-block-image\"><figure class=\"aligncenter size-large\"><img decoding=\"async\" width=\"739\" height=\"549\" src=\"https:\/\/www.comau.com\/wp-content\/uploads\/2021\/06\/MIAM_2018_structure.png\" alt=\"\" class=\"wp-image-10126\" srcset=\"https:\/\/www.comau.com\/wp-content\/uploads\/2021\/06\/MIAM_2018_structure.png 739w, https:\/\/www.comau.com\/wp-content\/uploads\/2021\/06\/MIAM_2018_structure-300x223.png 300w\" sizes=\"(max-width: 739px) 100vw, 739px\" \/><\/figure><\/div>\n\n\n\n<h2 class=\"wp-block-heading\">O programa acelerado refor\u00e7a o potencial de seus funcion\u00e1rios<\/h2>\n\n\n\n<p>O Master em Manufacturing Automation e Digital Transformation da Comau foi concebido para ajudar voc\u00ea a aumentar e desenvolver seus ativos mais importantes, o pessoal e a tecnologia, com o m\u00ednimo tempo afastado dos neg\u00f3cios do dia a dia. Este programa inovador n\u00e3o apenas oferece oportunidades de cria\u00e7\u00e3o de rede e de fixa\u00e7\u00e3o de par\u00e2metros para sua empresa e os funcion\u00e1rios patrocinados; o trabalho de projeto \u00e9 personalizado para o seu neg\u00f3cio e \u00e9 conduzido dentro de sua empresa para o m\u00e1ximo retorno de seu investimento. <\/p>\n\n\n\n<p>Voc\u00ea se unir\u00e1 a um grupo de participantes do mundo inteiro com uma diferente forma\u00e7\u00e3o profissional e acad\u00eamica. O programa EMMA ir\u00e1 oferecer uma experi\u00eancia de aprendizagem \u00fanica, combinando tecnologia e gest\u00e3o, para uma carreira gerencial voltada \u00e0 transforma\u00e7\u00e3o.<\/p>\n","protected":false},"excerpt":{"rendered":"<p>Esteja preparado para a Transforma\u00e7\u00e3o Digital O Executive Master da Comau em Manufacturing Automation e Digital Transformation ajuda as empresas e os indiv\u00edduos a desenvolver as qualifica\u00e7\u00f5es necess\u00e1rias para construir as solu\u00e7\u00f5es avan\u00e7adas de automa\u00e7\u00e3o industrial do futuro. O \u00fanico programa de seu g\u00eanero que aborda os aspectos t\u00e9cnicos e gerenciais da automa\u00e7\u00e3o industrial, tamb\u00e9m [&hellip;]<\/p>\n","protected":false},"author":11,"featured_media":10116,"parent":6274,"menu_order":1,"comment_status":"closed","ping_status":"closed","template":"","meta":{"_acf_changed":false,"ep_exclude_from_search":false,"footnotes":""},"class_list":["post-23322","page","type-page","status-publish","has-post-thumbnail","hentry"],"acf":[],"yoast_head":"<!-- This site is optimized with the Yoast SEO plugin v26.9 - https:\/\/yoast.com\/product\/yoast-seo-wordpress\/ -->\n<title>Mestrado de segundo n\u00edvel em Manufacturing 4.0 - Comau<\/title>\n<meta name=\"description\" content=\"O mestrado com especializa\u00e7\u00e3o de segundo n\u00edvel da Comau tem como objetivo treinar e, posteriormente, contratar jovens engenheiros com fortes habilidades de trabalho em equipe.\" \/>\n<meta name=\"robots\" content=\"index, follow, max-snippet:-1, max-image-preview:large, max-video-preview:-1\" \/>\n<link rel=\"canonical\" href=\"https:\/\/www.comau.com\/pt-br\/competencies\/systems\/consultancy-education\/companies-professionals\/executive-master-in-manufacturing-automation-and-digital-transformation\/\" \/>\n<meta property=\"og:locale\" content=\"pt_BR\" \/>\n<meta property=\"og:type\" content=\"article\" \/>\n<meta property=\"og:title\" content=\"Mestrado de segundo n\u00edvel em Manufacturing 4.0 - Comau\" \/>\n<meta property=\"og:description\" content=\"O mestrado com especializa\u00e7\u00e3o de segundo n\u00edvel da Comau tem como objetivo treinar e, posteriormente, contratar jovens engenheiros com fortes habilidades de trabalho em equipe.\" \/>\n<meta property=\"og:url\" content=\"https:\/\/www.comau.com\/pt-br\/competencies\/systems\/consultancy-education\/companies-professionals\/executive-master-in-manufacturing-automation-and-digital-transformation\/\" \/>\n<meta property=\"og:site_name\" content=\"Comau\" \/>\n<meta property=\"article:publisher\" content=\"https:\/\/www.facebook.com\/COMAU\/\" \/>\n<meta property=\"article:modified_time\" content=\"2021-08-27T15:58:56+00:00\" \/>\n<meta property=\"og:image\" content=\"https:\/\/www.comau.com\/wp-content\/uploads\/2021\/06\/EMMA_header.jpg\" \/>\n\t<meta property=\"og:image:width\" content=\"1280\" \/>\n\t<meta property=\"og:image:height\" content=\"485\" \/>\n\t<meta property=\"og:image:type\" content=\"image\/jpeg\" \/>\n<meta name=\"twitter:card\" content=\"summary_large_image\" \/>\n<meta name=\"twitter:site\" content=\"@comaugroup\" \/>\n<meta name=\"twitter:label1\" content=\"Est. tempo de leitura\" \/>\n\t<meta name=\"twitter:data1\" content=\"4 minutos\" \/>\n<script type=\"application\/ld+json\" class=\"yoast-schema-graph\">{\"@context\":\"https:\/\/schema.org\",\"@graph\":[{\"@type\":\"WebPage\",\"@id\":\"https:\/\/www.comau.com\/pt-br\/competencies\/systems\/consultancy-education\/companies-professionals\/executive-master-in-manufacturing-automation-and-digital-transformation\/\",\"url\":\"https:\/\/www.comau.com\/pt-br\/competencies\/systems\/consultancy-education\/companies-professionals\/executive-master-in-manufacturing-automation-and-digital-transformation\/\",\"name\":\"Mestrado de segundo n\u00edvel em Manufacturing 4.0 - Comau\",\"isPartOf\":{\"@id\":\"https:\/\/www.comau.com\/pt-br\/#website\"},\"primaryImageOfPage\":{\"@id\":\"https:\/\/www.comau.com\/pt-br\/competencies\/systems\/consultancy-education\/companies-professionals\/executive-master-in-manufacturing-automation-and-digital-transformation\/#primaryimage\"},\"image\":{\"@id\":\"https:\/\/www.comau.com\/pt-br\/competencies\/systems\/consultancy-education\/companies-professionals\/executive-master-in-manufacturing-automation-and-digital-transformation\/#primaryimage\"},\"thumbnailUrl\":\"https:\/\/www.comau.com\/wp-content\/uploads\/2021\/06\/EMMA_header.jpg\",\"datePublished\":\"2021-06-09T09:09:54+00:00\",\"dateModified\":\"2021-08-27T15:58:56+00:00\",\"description\":\"O mestrado com especializa\u00e7\u00e3o de segundo n\u00edvel da Comau tem como objetivo treinar e, posteriormente, contratar jovens engenheiros com fortes habilidades de trabalho em equipe.\",\"breadcrumb\":{\"@id\":\"https:\/\/www.comau.com\/pt-br\/competencies\/systems\/consultancy-education\/companies-professionals\/executive-master-in-manufacturing-automation-and-digital-transformation\/#breadcrumb\"},\"inLanguage\":\"pt-BR\",\"potentialAction\":[{\"@type\":\"ReadAction\",\"target\":[\"https:\/\/www.comau.com\/pt-br\/competencies\/systems\/consultancy-education\/companies-professionals\/executive-master-in-manufacturing-automation-and-digital-transformation\/\"]}]},{\"@type\":\"ImageObject\",\"inLanguage\":\"pt-BR\",\"@id\":\"https:\/\/www.comau.com\/pt-br\/competencies\/systems\/consultancy-education\/companies-professionals\/executive-master-in-manufacturing-automation-and-digital-transformation\/#primaryimage\",\"url\":\"https:\/\/www.comau.com\/wp-content\/uploads\/2021\/06\/EMMA_header.jpg\",\"contentUrl\":\"https:\/\/www.comau.com\/wp-content\/uploads\/2021\/06\/EMMA_header.jpg\",\"width\":1280,\"height\":485},{\"@type\":\"BreadcrumbList\",\"@id\":\"https:\/\/www.comau.com\/pt-br\/competencies\/systems\/consultancy-education\/companies-professionals\/executive-master-in-manufacturing-automation-and-digital-transformation\/#breadcrumb\",\"itemListElement\":[{\"@type\":\"ListItem\",\"position\":1,\"name\":\"Home\",\"item\":\"https:\/\/www.comau.com\/pt-br\/\"},{\"@type\":\"ListItem\",\"position\":2,\"name\":\"Nossas Compet\u00eancias\",\"item\":\"https:\/\/www.comau.com\/pt-br\/competencies\/\"},{\"@type\":\"ListItem\",\"position\":3,\"name\":\"Consultancy &#038; Education\",\"item\":\"https:\/\/www.comau.com\/pt-br\/competencies\/consultancy-education\/\"},{\"@type\":\"ListItem\",\"position\":4,\"name\":\"Companies &#038; Professionals\",\"item\":\"https:\/\/www.comau.com\/pt-br\/competencies\/consultancy-education\/companies-professionals\/\"},{\"@type\":\"ListItem\",\"position\":5,\"name\":\"Executive Master in Manufacturing Automation and Digital Transformation\"}]},{\"@type\":\"WebSite\",\"@id\":\"https:\/\/www.comau.com\/pt-br\/#website\",\"url\":\"https:\/\/www.comau.com\/pt-br\/\",\"name\":\"Comau\",\"description\":\"Industrial automation and robotics\",\"publisher\":{\"@id\":\"https:\/\/www.comau.com\/pt-br\/#organization\"},\"potentialAction\":[{\"@type\":\"SearchAction\",\"target\":{\"@type\":\"EntryPoint\",\"urlTemplate\":\"https:\/\/www.comau.com\/pt-br\/?s={search_term_string}\"},\"query-input\":{\"@type\":\"PropertyValueSpecification\",\"valueRequired\":true,\"valueName\":\"search_term_string\"}}],\"inLanguage\":\"pt-BR\"},{\"@type\":\"Organization\",\"@id\":\"https:\/\/www.comau.com\/pt-br\/#organization\",\"name\":\"Comau\",\"url\":\"https:\/\/www.comau.com\/pt-br\/\",\"logo\":{\"@type\":\"ImageObject\",\"inLanguage\":\"pt-BR\",\"@id\":\"https:\/\/www.comau.com\/pt-br\/#\/schema\/logo\/image\/\",\"url\":\"https:\/\/www.comau.com\/wp-content\/uploads\/2024\/07\/cropped-Logo-COMAU.png\",\"contentUrl\":\"https:\/\/www.comau.com\/wp-content\/uploads\/2024\/07\/cropped-Logo-COMAU.png\",\"width\":434,\"height\":434,\"caption\":\"Comau\"},\"image\":{\"@id\":\"https:\/\/www.comau.com\/pt-br\/#\/schema\/logo\/image\/\"},\"sameAs\":[\"https:\/\/www.facebook.com\/COMAU\/\",\"https:\/\/x.com\/comaugroup\",\"https:\/\/www.instagram.com\/comaugroup\/\",\"https:\/\/www.linkedin.com\/company\/comau\",\"https:\/\/www.youtube.com\/user\/comau\"]}]}<\/script>\n<!-- \/ Yoast SEO plugin. -->","yoast_head_json":{"title":"Mestrado de segundo n\u00edvel em Manufacturing 4.0 - Comau","description":"O mestrado com especializa\u00e7\u00e3o de segundo n\u00edvel da Comau tem como objetivo treinar e, posteriormente, contratar jovens engenheiros com fortes habilidades de trabalho em equipe.","robots":{"index":"index","follow":"follow","max-snippet":"max-snippet:-1","max-image-preview":"max-image-preview:large","max-video-preview":"max-video-preview:-1"},"canonical":"https:\/\/www.comau.com\/pt-br\/competencies\/systems\/consultancy-education\/companies-professionals\/executive-master-in-manufacturing-automation-and-digital-transformation\/","og_locale":"pt_BR","og_type":"article","og_title":"Mestrado de segundo n\u00edvel em Manufacturing 4.0 - Comau","og_description":"O mestrado com especializa\u00e7\u00e3o de segundo n\u00edvel da Comau tem como objetivo treinar e, posteriormente, contratar jovens engenheiros com fortes habilidades de trabalho em equipe.","og_url":"https:\/\/www.comau.com\/pt-br\/competencies\/systems\/consultancy-education\/companies-professionals\/executive-master-in-manufacturing-automation-and-digital-transformation\/","og_site_name":"Comau","article_publisher":"https:\/\/www.facebook.com\/COMAU\/","article_modified_time":"2021-08-27T15:58:56+00:00","og_image":[{"width":1280,"height":485,"url":"https:\/\/www.comau.com\/wp-content\/uploads\/2021\/06\/EMMA_header.jpg","type":"image\/jpeg"}],"twitter_card":"summary_large_image","twitter_site":"@comaugroup","twitter_misc":{"Est. tempo de leitura":"4 minutos"},"schema":{"@context":"https:\/\/schema.org","@graph":[{"@type":"WebPage","@id":"https:\/\/www.comau.com\/pt-br\/competencies\/systems\/consultancy-education\/companies-professionals\/executive-master-in-manufacturing-automation-and-digital-transformation\/","url":"https:\/\/www.comau.com\/pt-br\/competencies\/systems\/consultancy-education\/companies-professionals\/executive-master-in-manufacturing-automation-and-digital-transformation\/","name":"Mestrado de segundo n\u00edvel em Manufacturing 4.0 - Comau","isPartOf":{"@id":"https:\/\/www.comau.com\/pt-br\/#website"},"primaryImageOfPage":{"@id":"https:\/\/www.comau.com\/pt-br\/competencies\/systems\/consultancy-education\/companies-professionals\/executive-master-in-manufacturing-automation-and-digital-transformation\/#primaryimage"},"image":{"@id":"https:\/\/www.comau.com\/pt-br\/competencies\/systems\/consultancy-education\/companies-professionals\/executive-master-in-manufacturing-automation-and-digital-transformation\/#primaryimage"},"thumbnailUrl":"https:\/\/www.comau.com\/wp-content\/uploads\/2021\/06\/EMMA_header.jpg","datePublished":"2021-06-09T09:09:54+00:00","dateModified":"2021-08-27T15:58:56+00:00","description":"O mestrado com especializa\u00e7\u00e3o de segundo n\u00edvel da Comau tem como objetivo treinar e, posteriormente, contratar jovens engenheiros com fortes habilidades de trabalho em equipe.","breadcrumb":{"@id":"https:\/\/www.comau.com\/pt-br\/competencies\/systems\/consultancy-education\/companies-professionals\/executive-master-in-manufacturing-automation-and-digital-transformation\/#breadcrumb"},"inLanguage":"pt-BR","potentialAction":[{"@type":"ReadAction","target":["https:\/\/www.comau.com\/pt-br\/competencies\/systems\/consultancy-education\/companies-professionals\/executive-master-in-manufacturing-automation-and-digital-transformation\/"]}]},{"@type":"ImageObject","inLanguage":"pt-BR","@id":"https:\/\/www.comau.com\/pt-br\/competencies\/systems\/consultancy-education\/companies-professionals\/executive-master-in-manufacturing-automation-and-digital-transformation\/#primaryimage","url":"https:\/\/www.comau.com\/wp-content\/uploads\/2021\/06\/EMMA_header.jpg","contentUrl":"https:\/\/www.comau.com\/wp-content\/uploads\/2021\/06\/EMMA_header.jpg","width":1280,"height":485},{"@type":"BreadcrumbList","@id":"https:\/\/www.comau.com\/pt-br\/competencies\/systems\/consultancy-education\/companies-professionals\/executive-master-in-manufacturing-automation-and-digital-transformation\/#breadcrumb","itemListElement":[{"@type":"ListItem","position":1,"name":"Home","item":"https:\/\/www.comau.com\/pt-br\/"},{"@type":"ListItem","position":2,"name":"Nossas Compet\u00eancias","item":"https:\/\/www.comau.com\/pt-br\/competencies\/"},{"@type":"ListItem","position":3,"name":"Consultancy &#038; Education","item":"https:\/\/www.comau.com\/pt-br\/competencies\/consultancy-education\/"},{"@type":"ListItem","position":4,"name":"Companies &#038; Professionals","item":"https:\/\/www.comau.com\/pt-br\/competencies\/consultancy-education\/companies-professionals\/"},{"@type":"ListItem","position":5,"name":"Executive Master in Manufacturing Automation and Digital Transformation"}]},{"@type":"WebSite","@id":"https:\/\/www.comau.com\/pt-br\/#website","url":"https:\/\/www.comau.com\/pt-br\/","name":"Comau","description":"Industrial automation and robotics","publisher":{"@id":"https:\/\/www.comau.com\/pt-br\/#organization"},"potentialAction":[{"@type":"SearchAction","target":{"@type":"EntryPoint","urlTemplate":"https:\/\/www.comau.com\/pt-br\/?s={search_term_string}"},"query-input":{"@type":"PropertyValueSpecification","valueRequired":true,"valueName":"search_term_string"}}],"inLanguage":"pt-BR"},{"@type":"Organization","@id":"https:\/\/www.comau.com\/pt-br\/#organization","name":"Comau","url":"https:\/\/www.comau.com\/pt-br\/","logo":{"@type":"ImageObject","inLanguage":"pt-BR","@id":"https:\/\/www.comau.com\/pt-br\/#\/schema\/logo\/image\/","url":"https:\/\/www.comau.com\/wp-content\/uploads\/2024\/07\/cropped-Logo-COMAU.png","contentUrl":"https:\/\/www.comau.com\/wp-content\/uploads\/2024\/07\/cropped-Logo-COMAU.png","width":434,"height":434,"caption":"Comau"},"image":{"@id":"https:\/\/www.comau.com\/pt-br\/#\/schema\/logo\/image\/"},"sameAs":["https:\/\/www.facebook.com\/COMAU\/","https:\/\/x.com\/comaugroup","https:\/\/www.instagram.com\/comaugroup\/","https:\/\/www.linkedin.com\/company\/comau","https:\/\/www.youtube.com\/user\/comau"]}]}},"_links":{"self":[{"href":"https:\/\/www.comau.com\/pt-br\/wp-json\/wp\/v2\/pages\/23322","targetHints":{"allow":["GET"]}}],"collection":[{"href":"https:\/\/www.comau.com\/pt-br\/wp-json\/wp\/v2\/pages"}],"about":[{"href":"https:\/\/www.comau.com\/pt-br\/wp-json\/wp\/v2\/types\/page"}],"author":[{"embeddable":true,"href":"https:\/\/www.comau.com\/pt-br\/wp-json\/wp\/v2\/users\/11"}],"replies":[{"embeddable":true,"href":"https:\/\/www.comau.com\/pt-br\/wp-json\/wp\/v2\/comments?post=23322"}],"version-history":[{"count":34,"href":"https:\/\/www.comau.com\/pt-br\/wp-json\/wp\/v2\/pages\/23322\/revisions"}],"predecessor-version":[{"id":38642,"href":"https:\/\/www.comau.com\/pt-br\/wp-json\/wp\/v2\/pages\/23322\/revisions\/38642"}],"up":[{"embeddable":true,"href":"https:\/\/www.comau.com\/pt-br\/wp-json\/wp\/v2\/pages\/6274"}],"wp:featuredmedia":[{"embeddable":true,"href":"https:\/\/www.comau.com\/pt-br\/wp-json\/wp\/v2\/media\/10116"}],"wp:attachment":[{"href":"https:\/\/www.comau.com\/pt-br\/wp-json\/wp\/v2\/media?parent=23322"}],"curies":[{"name":"wp","href":"https:\/\/api.w.org\/{rel}","templated":true}]}}