{"id":23313,"date":"2021-06-09T11:11:10","date_gmt":"2021-06-09T09:11:10","guid":{"rendered":"https:\/\/www.comau.com\/?page_id=23313"},"modified":"2021-08-27T17:59:22","modified_gmt":"2021-08-27T15:59:22","slug":"pmf-project-management-fundamentals","status":"publish","type":"page","link":"https:\/\/www.comau.com\/pt-br\/competencies\/systems\/consultancy-education\/companies-professionals\/pmf-project-management-fundamentals\/","title":{"rendered":"PMF \u2013 Project Management Fundamentals"},"content":{"rendered":"\n<p>Este curso \u00e9 projetado para praticantes que tenham que gerir projetos ou uma parte de projetos com responsabilidades de l\u00edder de equipes.<\/p>\n\n\n\n<p><strong>Dura\u00e7\u00e3o:<\/strong>  3 dias\n<\/p>\n\n\n\n<p><strong>Cr\u00e9ditos:<\/strong> 24 UDP (Unidades de Desenvolvimento Profissional) ou horas de contato.<\/p>\n\n\n\n<p><strong>Meta:<\/strong> O curso destina-se a incrementar a profici\u00eancia em aplicar Processos e Pr\u00e1ticas de Gest\u00e3o de Projetos ao longo do ciclo de vida do projeto. Ele se concentra  em definir, implementar, gerir, conduzir, monitorar, controlar projetos ou parte de projetos.<\/p>\n\n\n\n<p>Objetivos:<\/p>\n\n\n\n<ul class=\"wp-block-list\"><li>Compreender o ambiente de projetos<\/li><li>Executar tarefas que demonstrem uma compreens\u00e3o do ciclo de vida do projeto, utilizando as melhores pr\u00e1ticas e processos de Gest\u00e3o de Projetos<\/li><li>Preparar e\/ou analisar uma Carta de Projeto (Termo de Abertura)<\/li><li>Desenvolver um WBS, um dicion\u00e1rio WBS e uma MAR (Matriz de Atribui\u00e7\u00e3o de Responsabilidades)<\/li><li>Desenvolver um or\u00e7amento de projeto<\/li><li>Desenvolver um diagrama em rede e um cronograma de projeto<\/li><li>Descrever orienta\u00e7\u00f5es para GVA (Gest\u00e3o de Valor Agregado) e executar atividades t\u00e9cnicas e program\u00e1ticas para controlar custos, cronograma e conte\u00fados t\u00e9cnicos<\/li><li>Desenvolver planos de gest\u00e3o de riscos e planos de respostas a riscos  <\/li><\/ul>\n\n\n\n<p>O curso \u00e9 dividido em 4 m\u00f3dulos:<\/p>\n\n\n\n<ul class=\"wp-block-list\"><li>Estrutura de Gest\u00e3o de Projeto e Gest\u00e3o de Integra\u00e7\u00e3o de Projeto<\/li><li>Gest\u00e3o de Escopo de Projeto<\/li><li>Gest\u00e3o de Tempo e Custo de Projeto<\/li><li>Gest\u00e3o de Risco de Projeto<\/li><\/ul>\n","protected":false},"excerpt":{"rendered":"<p>Este curso \u00e9 projetado para praticantes que tenham que gerir projetos ou uma parte de projetos com responsabilidades de l\u00edder de equipes. Dura\u00e7\u00e3o: 3 dias Cr\u00e9ditos: 24 UDP (Unidades de Desenvolvimento Profissional) ou horas de contato. Meta: O curso destina-se a incrementar a profici\u00eancia em aplicar Processos e Pr\u00e1ticas de Gest\u00e3o de Projetos ao longo [&hellip;]<\/p>\n","protected":false},"author":11,"featured_media":4250,"parent":6274,"menu_order":4,"comment_status":"closed","ping_status":"closed","template":"","meta":{"_acf_changed":false,"ep_exclude_from_search":false,"footnotes":""},"class_list":["post-23313","page","type-page","status-publish","has-post-thumbnail","hentry"],"acf":[],"yoast_head":"<!-- This site is optimized with the Yoast SEO plugin v26.9 - https:\/\/yoast.com\/product\/yoast-seo-wordpress\/ -->\n<title>Curso Fundamentos de Project Management - Comau<\/title>\n<meta name=\"description\" content=\"Curso de 3 dias (24 PDU) organizado pela Comau. Destinado a profissionais que gerenciam projetos com responsabilidades de dire\u00e7\u00e3o.\" \/>\n<meta name=\"robots\" content=\"index, follow, max-snippet:-1, max-image-preview:large, max-video-preview:-1\" \/>\n<link rel=\"canonical\" href=\"https:\/\/www.comau.com\/pt-br\/competencies\/systems\/consultancy-education\/companies-professionals\/pmf-project-management-fundamentals\/\" \/>\n<meta property=\"og:locale\" content=\"pt_BR\" \/>\n<meta property=\"og:type\" content=\"article\" \/>\n<meta property=\"og:title\" content=\"Curso Fundamentos de Project Management - Comau\" \/>\n<meta property=\"og:description\" content=\"Curso de 3 dias (24 PDU) organizado pela Comau. Destinado a profissionais que gerenciam projetos com responsabilidades de dire\u00e7\u00e3o.\" \/>\n<meta property=\"og:url\" content=\"https:\/\/www.comau.com\/pt-br\/competencies\/systems\/consultancy-education\/companies-professionals\/pmf-project-management-fundamentals\/\" \/>\n<meta property=\"og:site_name\" content=\"Comau\" \/>\n<meta property=\"article:publisher\" content=\"https:\/\/www.facebook.com\/COMAU\/\" \/>\n<meta property=\"article:modified_time\" content=\"2021-08-27T15:59:22+00:00\" \/>\n<meta name=\"twitter:card\" content=\"summary_large_image\" \/>\n<meta name=\"twitter:site\" content=\"@comaugroup\" \/>\n<meta name=\"twitter:label1\" content=\"Est. tempo de leitura\" \/>\n\t<meta name=\"twitter:data1\" content=\"1 minuto\" \/>\n<script type=\"application\/ld+json\" class=\"yoast-schema-graph\">{\"@context\":\"https:\/\/schema.org\",\"@graph\":[{\"@type\":\"WebPage\",\"@id\":\"https:\/\/www.comau.com\/pt-br\/competencies\/systems\/consultancy-education\/companies-professionals\/pmf-project-management-fundamentals\/\",\"url\":\"https:\/\/www.comau.com\/pt-br\/competencies\/systems\/consultancy-education\/companies-professionals\/pmf-project-management-fundamentals\/\",\"name\":\"Curso Fundamentos de Project Management - Comau\",\"isPartOf\":{\"@id\":\"https:\/\/www.comau.com\/pt-br\/#website\"},\"primaryImageOfPage\":{\"@id\":\"https:\/\/www.comau.com\/pt-br\/competencies\/systems\/consultancy-education\/companies-professionals\/pmf-project-management-fundamentals\/#primaryimage\"},\"image\":{\"@id\":\"https:\/\/www.comau.com\/pt-br\/competencies\/systems\/consultancy-education\/companies-professionals\/pmf-project-management-fundamentals\/#primaryimage\"},\"thumbnailUrl\":\"\",\"datePublished\":\"2021-06-09T09:11:10+00:00\",\"dateModified\":\"2021-08-27T15:59:22+00:00\",\"description\":\"Curso de 3 dias (24 PDU) organizado pela Comau. Destinado a profissionais que gerenciam projetos com responsabilidades de dire\u00e7\u00e3o.\",\"breadcrumb\":{\"@id\":\"https:\/\/www.comau.com\/pt-br\/competencies\/systems\/consultancy-education\/companies-professionals\/pmf-project-management-fundamentals\/#breadcrumb\"},\"inLanguage\":\"pt-BR\",\"potentialAction\":[{\"@type\":\"ReadAction\",\"target\":[\"https:\/\/www.comau.com\/pt-br\/competencies\/systems\/consultancy-education\/companies-professionals\/pmf-project-management-fundamentals\/\"]}]},{\"@type\":\"ImageObject\",\"inLanguage\":\"pt-BR\",\"@id\":\"https:\/\/www.comau.com\/pt-br\/competencies\/systems\/consultancy-education\/companies-professionals\/pmf-project-management-fundamentals\/#primaryimage\",\"url\":\"\",\"contentUrl\":\"\",\"width\":1425,\"height\":450},{\"@type\":\"BreadcrumbList\",\"@id\":\"https:\/\/www.comau.com\/pt-br\/competencies\/systems\/consultancy-education\/companies-professionals\/pmf-project-management-fundamentals\/#breadcrumb\",\"itemListElement\":[{\"@type\":\"ListItem\",\"position\":1,\"name\":\"Home\",\"item\":\"https:\/\/www.comau.com\/pt-br\/\"},{\"@type\":\"ListItem\",\"position\":2,\"name\":\"Nossas Compet\u00eancias\",\"item\":\"https:\/\/www.comau.com\/pt-br\/competencies\/\"},{\"@type\":\"ListItem\",\"position\":3,\"name\":\"Consultancy &#038; Education\",\"item\":\"https:\/\/www.comau.com\/pt-br\/competencies\/consultancy-education\/\"},{\"@type\":\"ListItem\",\"position\":4,\"name\":\"Companies &#038; Professionals\",\"item\":\"https:\/\/www.comau.com\/pt-br\/competencies\/consultancy-education\/companies-professionals\/\"},{\"@type\":\"ListItem\",\"position\":5,\"name\":\"PMF \u2013 Project Management Fundamentals\"}]},{\"@type\":\"WebSite\",\"@id\":\"https:\/\/www.comau.com\/pt-br\/#website\",\"url\":\"https:\/\/www.comau.com\/pt-br\/\",\"name\":\"Comau\",\"description\":\"Industrial automation and robotics\",\"publisher\":{\"@id\":\"https:\/\/www.comau.com\/pt-br\/#organization\"},\"potentialAction\":[{\"@type\":\"SearchAction\",\"target\":{\"@type\":\"EntryPoint\",\"urlTemplate\":\"https:\/\/www.comau.com\/pt-br\/?s={search_term_string}\"},\"query-input\":{\"@type\":\"PropertyValueSpecification\",\"valueRequired\":true,\"valueName\":\"search_term_string\"}}],\"inLanguage\":\"pt-BR\"},{\"@type\":\"Organization\",\"@id\":\"https:\/\/www.comau.com\/pt-br\/#organization\",\"name\":\"Comau\",\"url\":\"https:\/\/www.comau.com\/pt-br\/\",\"logo\":{\"@type\":\"ImageObject\",\"inLanguage\":\"pt-BR\",\"@id\":\"https:\/\/www.comau.com\/pt-br\/#\/schema\/logo\/image\/\",\"url\":\"https:\/\/www.comau.com\/wp-content\/uploads\/2024\/07\/cropped-Logo-COMAU.png\",\"contentUrl\":\"https:\/\/www.comau.com\/wp-content\/uploads\/2024\/07\/cropped-Logo-COMAU.png\",\"width\":434,\"height\":434,\"caption\":\"Comau\"},\"image\":{\"@id\":\"https:\/\/www.comau.com\/pt-br\/#\/schema\/logo\/image\/\"},\"sameAs\":[\"https:\/\/www.facebook.com\/COMAU\/\",\"https:\/\/x.com\/comaugroup\",\"https:\/\/www.instagram.com\/comaugroup\/\",\"https:\/\/www.linkedin.com\/company\/comau\",\"https:\/\/www.youtube.com\/user\/comau\"]}]}<\/script>\n<!-- \/ Yoast SEO plugin. -->","yoast_head_json":{"title":"Curso Fundamentos de Project Management - Comau","description":"Curso de 3 dias (24 PDU) organizado pela Comau. Destinado a profissionais que gerenciam projetos com responsabilidades de dire\u00e7\u00e3o.","robots":{"index":"index","follow":"follow","max-snippet":"max-snippet:-1","max-image-preview":"max-image-preview:large","max-video-preview":"max-video-preview:-1"},"canonical":"https:\/\/www.comau.com\/pt-br\/competencies\/systems\/consultancy-education\/companies-professionals\/pmf-project-management-fundamentals\/","og_locale":"pt_BR","og_type":"article","og_title":"Curso Fundamentos de Project Management - Comau","og_description":"Curso de 3 dias (24 PDU) organizado pela Comau. Destinado a profissionais que gerenciam projetos com responsabilidades de dire\u00e7\u00e3o.","og_url":"https:\/\/www.comau.com\/pt-br\/competencies\/systems\/consultancy-education\/companies-professionals\/pmf-project-management-fundamentals\/","og_site_name":"Comau","article_publisher":"https:\/\/www.facebook.com\/COMAU\/","article_modified_time":"2021-08-27T15:59:22+00:00","twitter_card":"summary_large_image","twitter_site":"@comaugroup","twitter_misc":{"Est. tempo de leitura":"1 minuto"},"schema":{"@context":"https:\/\/schema.org","@graph":[{"@type":"WebPage","@id":"https:\/\/www.comau.com\/pt-br\/competencies\/systems\/consultancy-education\/companies-professionals\/pmf-project-management-fundamentals\/","url":"https:\/\/www.comau.com\/pt-br\/competencies\/systems\/consultancy-education\/companies-professionals\/pmf-project-management-fundamentals\/","name":"Curso Fundamentos de Project Management - Comau","isPartOf":{"@id":"https:\/\/www.comau.com\/pt-br\/#website"},"primaryImageOfPage":{"@id":"https:\/\/www.comau.com\/pt-br\/competencies\/systems\/consultancy-education\/companies-professionals\/pmf-project-management-fundamentals\/#primaryimage"},"image":{"@id":"https:\/\/www.comau.com\/pt-br\/competencies\/systems\/consultancy-education\/companies-professionals\/pmf-project-management-fundamentals\/#primaryimage"},"thumbnailUrl":"","datePublished":"2021-06-09T09:11:10+00:00","dateModified":"2021-08-27T15:59:22+00:00","description":"Curso de 3 dias (24 PDU) organizado pela Comau. Destinado a profissionais que gerenciam projetos com responsabilidades de dire\u00e7\u00e3o.","breadcrumb":{"@id":"https:\/\/www.comau.com\/pt-br\/competencies\/systems\/consultancy-education\/companies-professionals\/pmf-project-management-fundamentals\/#breadcrumb"},"inLanguage":"pt-BR","potentialAction":[{"@type":"ReadAction","target":["https:\/\/www.comau.com\/pt-br\/competencies\/systems\/consultancy-education\/companies-professionals\/pmf-project-management-fundamentals\/"]}]},{"@type":"ImageObject","inLanguage":"pt-BR","@id":"https:\/\/www.comau.com\/pt-br\/competencies\/systems\/consultancy-education\/companies-professionals\/pmf-project-management-fundamentals\/#primaryimage","url":"","contentUrl":"","width":1425,"height":450},{"@type":"BreadcrumbList","@id":"https:\/\/www.comau.com\/pt-br\/competencies\/systems\/consultancy-education\/companies-professionals\/pmf-project-management-fundamentals\/#breadcrumb","itemListElement":[{"@type":"ListItem","position":1,"name":"Home","item":"https:\/\/www.comau.com\/pt-br\/"},{"@type":"ListItem","position":2,"name":"Nossas Compet\u00eancias","item":"https:\/\/www.comau.com\/pt-br\/competencies\/"},{"@type":"ListItem","position":3,"name":"Consultancy &#038; Education","item":"https:\/\/www.comau.com\/pt-br\/competencies\/consultancy-education\/"},{"@type":"ListItem","position":4,"name":"Companies &#038; Professionals","item":"https:\/\/www.comau.com\/pt-br\/competencies\/consultancy-education\/companies-professionals\/"},{"@type":"ListItem","position":5,"name":"PMF \u2013 Project Management Fundamentals"}]},{"@type":"WebSite","@id":"https:\/\/www.comau.com\/pt-br\/#website","url":"https:\/\/www.comau.com\/pt-br\/","name":"Comau","description":"Industrial automation and robotics","publisher":{"@id":"https:\/\/www.comau.com\/pt-br\/#organization"},"potentialAction":[{"@type":"SearchAction","target":{"@type":"EntryPoint","urlTemplate":"https:\/\/www.comau.com\/pt-br\/?s={search_term_string}"},"query-input":{"@type":"PropertyValueSpecification","valueRequired":true,"valueName":"search_term_string"}}],"inLanguage":"pt-BR"},{"@type":"Organization","@id":"https:\/\/www.comau.com\/pt-br\/#organization","name":"Comau","url":"https:\/\/www.comau.com\/pt-br\/","logo":{"@type":"ImageObject","inLanguage":"pt-BR","@id":"https:\/\/www.comau.com\/pt-br\/#\/schema\/logo\/image\/","url":"https:\/\/www.comau.com\/wp-content\/uploads\/2024\/07\/cropped-Logo-COMAU.png","contentUrl":"https:\/\/www.comau.com\/wp-content\/uploads\/2024\/07\/cropped-Logo-COMAU.png","width":434,"height":434,"caption":"Comau"},"image":{"@id":"https:\/\/www.comau.com\/pt-br\/#\/schema\/logo\/image\/"},"sameAs":["https:\/\/www.facebook.com\/COMAU\/","https:\/\/x.com\/comaugroup","https:\/\/www.instagram.com\/comaugroup\/","https:\/\/www.linkedin.com\/company\/comau","https:\/\/www.youtube.com\/user\/comau"]}]}},"_links":{"self":[{"href":"https:\/\/www.comau.com\/pt-br\/wp-json\/wp\/v2\/pages\/23313","targetHints":{"allow":["GET"]}}],"collection":[{"href":"https:\/\/www.comau.com\/pt-br\/wp-json\/wp\/v2\/pages"}],"about":[{"href":"https:\/\/www.comau.com\/pt-br\/wp-json\/wp\/v2\/types\/page"}],"author":[{"embeddable":true,"href":"https:\/\/www.comau.com\/pt-br\/wp-json\/wp\/v2\/users\/11"}],"replies":[{"embeddable":true,"href":"https:\/\/www.comau.com\/pt-br\/wp-json\/wp\/v2\/comments?post=23313"}],"version-history":[{"count":21,"href":"https:\/\/www.comau.com\/pt-br\/wp-json\/wp\/v2\/pages\/23313\/revisions"}],"predecessor-version":[{"id":38643,"href":"https:\/\/www.comau.com\/pt-br\/wp-json\/wp\/v2\/pages\/23313\/revisions\/38643"}],"up":[{"embeddable":true,"href":"https:\/\/www.comau.com\/pt-br\/wp-json\/wp\/v2\/pages\/6274"}],"wp:featuredmedia":[{"embeddable":true,"href":"https:\/\/www.comau.com\/pt-br\/wp-json\/wp\/v2\/media\/4250"}],"wp:attachment":[{"href":"https:\/\/www.comau.com\/pt-br\/wp-json\/wp\/v2\/media?parent=23313"}],"curies":[{"name":"wp","href":"https:\/\/api.w.org\/{rel}","templated":true}]}}