{"id":23304,"date":"2021-06-09T11:11:27","date_gmt":"2021-06-09T09:11:27","guid":{"rendered":"https:\/\/www.comau.com\/?page_id=23304"},"modified":"2021-08-27T18:02:02","modified_gmt":"2021-08-27T16:02:02","slug":"professional-project-management-with-pmp-certification","status":"publish","type":"page","link":"https:\/\/www.comau.com\/pt-br\/competencies\/systems\/consultancy-education\/companies-professionals\/professional-project-management-with-pmp-certification\/","title":{"rendered":"Professional project management with PMP\u00ae certification"},"content":{"rendered":"\n<p>O valor de uma certifica\u00e7\u00e3o \u200bProject Management Professional (PMP)\u00ae, outorgado pelo Project Management Institute (PMI)\u00ae, vai al\u00e9m do desenvolvimento do conhecimento e das habilidades.<\/p>\n\n\n\n<p>A credencial globalmente reconhecida do PMP\u00ae demonstra aos empregadores, clientes e colegas que um Gestor de Projetos possui conhecimento, experi\u00eancia e habilidades em GP, para levar os projetos \u00e0 uma conclus\u00e3o bem sucedida.<\/p>\n\n\n\n<p><strong>Dura\u00e7\u00e3o:<\/strong> 6 dias (divididos em 2 m\u00f3dulos)\n<\/p>\n\n\n\n<p><strong>Cr\u00e9ditos:<\/strong> 42 UDP (Unidades de Desenvolvimento Profissional) ou horas de contato.<\/p>\n\n\n\n<p>Meta: Esse curso destina-se a familiarizar os alunos com todos os processos Project Management Institute (PMI)\u00ae, seus insumos, ferramentas, t\u00e9cnicas e produtos, em conformidade com os conte\u00fados do Guia &#8220;A Guide to the Project Management Body of Knowledge (PMBOK\u00ae Guide) \u2013 Fifth Edition, Project Management Institute, Inc., 2013&#8221; (a fonte prim\u00e1ria de conhecimento e informa\u00e7\u00e3o para passar no exame de certifica\u00e7\u00e3o).<\/p>\n\n\n\n<p>Ele tamb\u00e9m fornece ao aluno conhecimento adicional n\u00e3o diretamente coberto pelo Guia &#8220;A Guide to the Project Management Body of Knowledge (PMBOK\u00ae Guide) \u2013 Fifth Edition, Project Management Institute, Inc., 2013&#8221; mas requerido para passar o exame PMP\u00ae (ex. Recursos Humanos, Teorias da Qualidade, \u00c9tica e Responsabilidade Profissional).<\/p>\n\n\n\n<p><strong>Objetivos:<\/strong><\/p>\n\n\n\n<p>Cada Guia de \u00c1rea de Conhecimento &#8220;A Guide to the Project Management Body of Knowledge (PMBOK\u00ae Guide) \u2013 Fifth Edition, Project Management Institute, Inc., 2013&#8221; \u00e9 analisado. Informa\u00e7\u00e3o voltada para passar no exame PMP\u00ae \u00e9 fornecida juntamente com discuss\u00f5es.<\/p>\n\n\n\n<p><strong>O curso \u00e9 dividido em 2 m\u00f3dulos:<\/strong><\/p>\n\n\n\n<ul class=\"wp-block-list\"><li>M\u00f3dulo A (dura\u00e7\u00e3o 3 dias)<\/li><li>M\u00f3dulo B (dura\u00e7\u00e3o 3 dias)<\/li><\/ul>\n\n\n\n<p>PMI is a registered mark of the Project Management Institute, Inc. PMBOK is a registered mark of the Project Management Institute, Inc. PMP is a registered marks of the Project Management Institute, Inc.<\/p>\n\n\n\n<h2 class=\"wp-block-heading\">Requisitos para Certifica\u00e7\u00e3o PMP\u00ae<\/h2>\n\n\n\n<div class=\"wp-block-image\"><figure class=\"aligncenter size-large\"><img decoding=\"async\" width=\"781\" height=\"239\" src=\"https:\/\/www.comau.com\/wp-content\/uploads\/2021\/06\/pmp-table.png\" alt=\"\" class=\"wp-image-10166\" srcset=\"https:\/\/www.comau.com\/wp-content\/uploads\/2021\/06\/pmp-table.png 781w, https:\/\/www.comau.com\/wp-content\/uploads\/2021\/06\/pmp-table-300x92.png 300w, https:\/\/www.comau.com\/wp-content\/uploads\/2021\/06\/pmp-table-768x235.png 768w\" sizes=\"(max-width: 781px) 100vw, 781px\" \/><\/figure><\/div>\n","protected":false},"excerpt":{"rendered":"<p>O valor de uma certifica\u00e7\u00e3o \u200bProject Management Professional (PMP)\u00ae, outorgado pelo Project Management Institute (PMI)\u00ae, vai al\u00e9m do desenvolvimento do conhecimento e das habilidades. A credencial globalmente reconhecida do PMP\u00ae demonstra aos empregadores, clientes e colegas que um Gestor de Projetos possui conhecimento, experi\u00eancia e habilidades em GP, para levar os projetos \u00e0 uma conclus\u00e3o [&hellip;]<\/p>\n","protected":false},"author":11,"featured_media":10161,"parent":6274,"menu_order":5,"comment_status":"closed","ping_status":"closed","template":"","meta":{"_acf_changed":false,"ep_exclude_from_search":false,"footnotes":""},"class_list":["post-23304","page","type-page","status-publish","has-post-thumbnail","hentry"],"acf":[],"yoast_head":"<!-- This site is optimized with the Yoast SEO plugin v26.9 - https:\/\/yoast.com\/product\/yoast-seo-wordpress\/ -->\n<title>Curso profissional de Project Management com certifica\u00e7\u00e3o PMP\u00ae - Comau<\/title>\n<meta name=\"robots\" content=\"index, follow, max-snippet:-1, max-image-preview:large, max-video-preview:-1\" \/>\n<link rel=\"canonical\" href=\"https:\/\/www.comau.com\/pt-br\/competencies\/systems\/consultancy-education\/companies-professionals\/professional-project-management-with-pmp-certification\/\" \/>\n<meta property=\"og:locale\" content=\"pt_BR\" \/>\n<meta property=\"og:type\" content=\"article\" \/>\n<meta property=\"og:title\" content=\"Curso profissional de Project Management com certifica\u00e7\u00e3o PMP\u00ae - Comau\" \/>\n<meta property=\"og:description\" content=\"O valor de uma certifica\u00e7\u00e3o \u200bProject Management Professional (PMP)\u00ae, outorgado pelo Project Management Institute (PMI)\u00ae, vai al\u00e9m do desenvolvimento do conhecimento e das habilidades. A credencial globalmente reconhecida do PMP\u00ae demonstra aos empregadores, clientes e colegas que um Gestor de Projetos possui conhecimento, experi\u00eancia e habilidades em GP, para levar os projetos \u00e0 uma conclus\u00e3o [&hellip;]\" \/>\n<meta property=\"og:url\" content=\"https:\/\/www.comau.com\/pt-br\/competencies\/systems\/consultancy-education\/companies-professionals\/professional-project-management-with-pmp-certification\/\" \/>\n<meta property=\"og:site_name\" content=\"Comau\" \/>\n<meta property=\"article:publisher\" content=\"https:\/\/www.facebook.com\/COMAU\/\" \/>\n<meta property=\"article:modified_time\" content=\"2021-08-27T16:02:02+00:00\" \/>\n<meta property=\"og:image\" content=\"https:\/\/www.comau.com\/wp-content\/uploads\/2021\/06\/pmp_header.jpg\" \/>\n\t<meta property=\"og:image:width\" content=\"1280\" \/>\n\t<meta property=\"og:image:height\" content=\"485\" \/>\n\t<meta property=\"og:image:type\" content=\"image\/jpeg\" \/>\n<meta name=\"twitter:card\" content=\"summary_large_image\" \/>\n<meta name=\"twitter:site\" content=\"@comaugroup\" \/>\n<meta name=\"twitter:label1\" content=\"Est. tempo de leitura\" \/>\n\t<meta name=\"twitter:data1\" content=\"2 minutos\" \/>\n<script type=\"application\/ld+json\" class=\"yoast-schema-graph\">{\"@context\":\"https:\/\/schema.org\",\"@graph\":[{\"@type\":\"WebPage\",\"@id\":\"https:\/\/www.comau.com\/pt-br\/competencies\/systems\/consultancy-education\/companies-professionals\/professional-project-management-with-pmp-certification\/\",\"url\":\"https:\/\/www.comau.com\/pt-br\/competencies\/systems\/consultancy-education\/companies-professionals\/professional-project-management-with-pmp-certification\/\",\"name\":\"Curso profissional de Project Management com certifica\u00e7\u00e3o PMP\u00ae - Comau\",\"isPartOf\":{\"@id\":\"https:\/\/www.comau.com\/pt-br\/#website\"},\"primaryImageOfPage\":{\"@id\":\"https:\/\/www.comau.com\/pt-br\/competencies\/systems\/consultancy-education\/companies-professionals\/professional-project-management-with-pmp-certification\/#primaryimage\"},\"image\":{\"@id\":\"https:\/\/www.comau.com\/pt-br\/competencies\/systems\/consultancy-education\/companies-professionals\/professional-project-management-with-pmp-certification\/#primaryimage\"},\"thumbnailUrl\":\"https:\/\/www.comau.com\/wp-content\/uploads\/2021\/06\/pmp_header.jpg\",\"datePublished\":\"2021-06-09T09:11:27+00:00\",\"dateModified\":\"2021-08-27T16:02:02+00:00\",\"breadcrumb\":{\"@id\":\"https:\/\/www.comau.com\/pt-br\/competencies\/systems\/consultancy-education\/companies-professionals\/professional-project-management-with-pmp-certification\/#breadcrumb\"},\"inLanguage\":\"pt-BR\",\"potentialAction\":[{\"@type\":\"ReadAction\",\"target\":[\"https:\/\/www.comau.com\/pt-br\/competencies\/systems\/consultancy-education\/companies-professionals\/professional-project-management-with-pmp-certification\/\"]}]},{\"@type\":\"ImageObject\",\"inLanguage\":\"pt-BR\",\"@id\":\"https:\/\/www.comau.com\/pt-br\/competencies\/systems\/consultancy-education\/companies-professionals\/professional-project-management-with-pmp-certification\/#primaryimage\",\"url\":\"https:\/\/www.comau.com\/wp-content\/uploads\/2021\/06\/pmp_header.jpg\",\"contentUrl\":\"https:\/\/www.comau.com\/wp-content\/uploads\/2021\/06\/pmp_header.jpg\",\"width\":1280,\"height\":485},{\"@type\":\"BreadcrumbList\",\"@id\":\"https:\/\/www.comau.com\/pt-br\/competencies\/systems\/consultancy-education\/companies-professionals\/professional-project-management-with-pmp-certification\/#breadcrumb\",\"itemListElement\":[{\"@type\":\"ListItem\",\"position\":1,\"name\":\"Home\",\"item\":\"https:\/\/www.comau.com\/pt-br\/\"},{\"@type\":\"ListItem\",\"position\":2,\"name\":\"Nossas Compet\u00eancias\",\"item\":\"https:\/\/www.comau.com\/pt-br\/competencies\/\"},{\"@type\":\"ListItem\",\"position\":3,\"name\":\"Consultancy &#038; Education\",\"item\":\"https:\/\/www.comau.com\/pt-br\/competencies\/consultancy-education\/\"},{\"@type\":\"ListItem\",\"position\":4,\"name\":\"Companies &#038; Professionals\",\"item\":\"https:\/\/www.comau.com\/pt-br\/competencies\/consultancy-education\/companies-professionals\/\"},{\"@type\":\"ListItem\",\"position\":5,\"name\":\"Professional project management with PMP\u00ae certification\"}]},{\"@type\":\"WebSite\",\"@id\":\"https:\/\/www.comau.com\/pt-br\/#website\",\"url\":\"https:\/\/www.comau.com\/pt-br\/\",\"name\":\"Comau\",\"description\":\"Industrial automation and robotics\",\"publisher\":{\"@id\":\"https:\/\/www.comau.com\/pt-br\/#organization\"},\"potentialAction\":[{\"@type\":\"SearchAction\",\"target\":{\"@type\":\"EntryPoint\",\"urlTemplate\":\"https:\/\/www.comau.com\/pt-br\/?s={search_term_string}\"},\"query-input\":{\"@type\":\"PropertyValueSpecification\",\"valueRequired\":true,\"valueName\":\"search_term_string\"}}],\"inLanguage\":\"pt-BR\"},{\"@type\":\"Organization\",\"@id\":\"https:\/\/www.comau.com\/pt-br\/#organization\",\"name\":\"Comau\",\"url\":\"https:\/\/www.comau.com\/pt-br\/\",\"logo\":{\"@type\":\"ImageObject\",\"inLanguage\":\"pt-BR\",\"@id\":\"https:\/\/www.comau.com\/pt-br\/#\/schema\/logo\/image\/\",\"url\":\"https:\/\/www.comau.com\/wp-content\/uploads\/2024\/07\/cropped-Logo-COMAU.png\",\"contentUrl\":\"https:\/\/www.comau.com\/wp-content\/uploads\/2024\/07\/cropped-Logo-COMAU.png\",\"width\":434,\"height\":434,\"caption\":\"Comau\"},\"image\":{\"@id\":\"https:\/\/www.comau.com\/pt-br\/#\/schema\/logo\/image\/\"},\"sameAs\":[\"https:\/\/www.facebook.com\/COMAU\/\",\"https:\/\/x.com\/comaugroup\",\"https:\/\/www.instagram.com\/comaugroup\/\",\"https:\/\/www.linkedin.com\/company\/comau\",\"https:\/\/www.youtube.com\/user\/comau\"]}]}<\/script>\n<!-- \/ Yoast SEO plugin. -->","yoast_head_json":{"title":"Curso profissional de Project Management com certifica\u00e7\u00e3o PMP\u00ae - Comau","robots":{"index":"index","follow":"follow","max-snippet":"max-snippet:-1","max-image-preview":"max-image-preview:large","max-video-preview":"max-video-preview:-1"},"canonical":"https:\/\/www.comau.com\/pt-br\/competencies\/systems\/consultancy-education\/companies-professionals\/professional-project-management-with-pmp-certification\/","og_locale":"pt_BR","og_type":"article","og_title":"Curso profissional de Project Management com certifica\u00e7\u00e3o PMP\u00ae - Comau","og_description":"O valor de uma certifica\u00e7\u00e3o \u200bProject Management Professional (PMP)\u00ae, outorgado pelo Project Management Institute (PMI)\u00ae, vai al\u00e9m do desenvolvimento do conhecimento e das habilidades. A credencial globalmente reconhecida do PMP\u00ae demonstra aos empregadores, clientes e colegas que um Gestor de Projetos possui conhecimento, experi\u00eancia e habilidades em GP, para levar os projetos \u00e0 uma conclus\u00e3o [&hellip;]","og_url":"https:\/\/www.comau.com\/pt-br\/competencies\/systems\/consultancy-education\/companies-professionals\/professional-project-management-with-pmp-certification\/","og_site_name":"Comau","article_publisher":"https:\/\/www.facebook.com\/COMAU\/","article_modified_time":"2021-08-27T16:02:02+00:00","og_image":[{"width":1280,"height":485,"url":"https:\/\/www.comau.com\/wp-content\/uploads\/2021\/06\/pmp_header.jpg","type":"image\/jpeg"}],"twitter_card":"summary_large_image","twitter_site":"@comaugroup","twitter_misc":{"Est. tempo de leitura":"2 minutos"},"schema":{"@context":"https:\/\/schema.org","@graph":[{"@type":"WebPage","@id":"https:\/\/www.comau.com\/pt-br\/competencies\/systems\/consultancy-education\/companies-professionals\/professional-project-management-with-pmp-certification\/","url":"https:\/\/www.comau.com\/pt-br\/competencies\/systems\/consultancy-education\/companies-professionals\/professional-project-management-with-pmp-certification\/","name":"Curso profissional de Project Management com certifica\u00e7\u00e3o PMP\u00ae - Comau","isPartOf":{"@id":"https:\/\/www.comau.com\/pt-br\/#website"},"primaryImageOfPage":{"@id":"https:\/\/www.comau.com\/pt-br\/competencies\/systems\/consultancy-education\/companies-professionals\/professional-project-management-with-pmp-certification\/#primaryimage"},"image":{"@id":"https:\/\/www.comau.com\/pt-br\/competencies\/systems\/consultancy-education\/companies-professionals\/professional-project-management-with-pmp-certification\/#primaryimage"},"thumbnailUrl":"https:\/\/www.comau.com\/wp-content\/uploads\/2021\/06\/pmp_header.jpg","datePublished":"2021-06-09T09:11:27+00:00","dateModified":"2021-08-27T16:02:02+00:00","breadcrumb":{"@id":"https:\/\/www.comau.com\/pt-br\/competencies\/systems\/consultancy-education\/companies-professionals\/professional-project-management-with-pmp-certification\/#breadcrumb"},"inLanguage":"pt-BR","potentialAction":[{"@type":"ReadAction","target":["https:\/\/www.comau.com\/pt-br\/competencies\/systems\/consultancy-education\/companies-professionals\/professional-project-management-with-pmp-certification\/"]}]},{"@type":"ImageObject","inLanguage":"pt-BR","@id":"https:\/\/www.comau.com\/pt-br\/competencies\/systems\/consultancy-education\/companies-professionals\/professional-project-management-with-pmp-certification\/#primaryimage","url":"https:\/\/www.comau.com\/wp-content\/uploads\/2021\/06\/pmp_header.jpg","contentUrl":"https:\/\/www.comau.com\/wp-content\/uploads\/2021\/06\/pmp_header.jpg","width":1280,"height":485},{"@type":"BreadcrumbList","@id":"https:\/\/www.comau.com\/pt-br\/competencies\/systems\/consultancy-education\/companies-professionals\/professional-project-management-with-pmp-certification\/#breadcrumb","itemListElement":[{"@type":"ListItem","position":1,"name":"Home","item":"https:\/\/www.comau.com\/pt-br\/"},{"@type":"ListItem","position":2,"name":"Nossas Compet\u00eancias","item":"https:\/\/www.comau.com\/pt-br\/competencies\/"},{"@type":"ListItem","position":3,"name":"Consultancy &#038; Education","item":"https:\/\/www.comau.com\/pt-br\/competencies\/consultancy-education\/"},{"@type":"ListItem","position":4,"name":"Companies &#038; Professionals","item":"https:\/\/www.comau.com\/pt-br\/competencies\/consultancy-education\/companies-professionals\/"},{"@type":"ListItem","position":5,"name":"Professional project management with PMP\u00ae certification"}]},{"@type":"WebSite","@id":"https:\/\/www.comau.com\/pt-br\/#website","url":"https:\/\/www.comau.com\/pt-br\/","name":"Comau","description":"Industrial automation and robotics","publisher":{"@id":"https:\/\/www.comau.com\/pt-br\/#organization"},"potentialAction":[{"@type":"SearchAction","target":{"@type":"EntryPoint","urlTemplate":"https:\/\/www.comau.com\/pt-br\/?s={search_term_string}"},"query-input":{"@type":"PropertyValueSpecification","valueRequired":true,"valueName":"search_term_string"}}],"inLanguage":"pt-BR"},{"@type":"Organization","@id":"https:\/\/www.comau.com\/pt-br\/#organization","name":"Comau","url":"https:\/\/www.comau.com\/pt-br\/","logo":{"@type":"ImageObject","inLanguage":"pt-BR","@id":"https:\/\/www.comau.com\/pt-br\/#\/schema\/logo\/image\/","url":"https:\/\/www.comau.com\/wp-content\/uploads\/2024\/07\/cropped-Logo-COMAU.png","contentUrl":"https:\/\/www.comau.com\/wp-content\/uploads\/2024\/07\/cropped-Logo-COMAU.png","width":434,"height":434,"caption":"Comau"},"image":{"@id":"https:\/\/www.comau.com\/pt-br\/#\/schema\/logo\/image\/"},"sameAs":["https:\/\/www.facebook.com\/COMAU\/","https:\/\/x.com\/comaugroup","https:\/\/www.instagram.com\/comaugroup\/","https:\/\/www.linkedin.com\/company\/comau","https:\/\/www.youtube.com\/user\/comau"]}]}},"_links":{"self":[{"href":"https:\/\/www.comau.com\/pt-br\/wp-json\/wp\/v2\/pages\/23304","targetHints":{"allow":["GET"]}}],"collection":[{"href":"https:\/\/www.comau.com\/pt-br\/wp-json\/wp\/v2\/pages"}],"about":[{"href":"https:\/\/www.comau.com\/pt-br\/wp-json\/wp\/v2\/types\/page"}],"author":[{"embeddable":true,"href":"https:\/\/www.comau.com\/pt-br\/wp-json\/wp\/v2\/users\/11"}],"replies":[{"embeddable":true,"href":"https:\/\/www.comau.com\/pt-br\/wp-json\/wp\/v2\/comments?post=23304"}],"version-history":[{"count":17,"href":"https:\/\/www.comau.com\/pt-br\/wp-json\/wp\/v2\/pages\/23304\/revisions"}],"predecessor-version":[{"id":38644,"href":"https:\/\/www.comau.com\/pt-br\/wp-json\/wp\/v2\/pages\/23304\/revisions\/38644"}],"up":[{"embeddable":true,"href":"https:\/\/www.comau.com\/pt-br\/wp-json\/wp\/v2\/pages\/6274"}],"wp:featuredmedia":[{"embeddable":true,"href":"https:\/\/www.comau.com\/pt-br\/wp-json\/wp\/v2\/media\/10161"}],"wp:attachment":[{"href":"https:\/\/www.comau.com\/pt-br\/wp-json\/wp\/v2\/media?parent=23304"}],"curies":[{"name":"wp","href":"https:\/\/api.w.org\/{rel}","templated":true}]}}