{"id":23294,"date":"2021-06-09T11:14:07","date_gmt":"2021-06-09T09:14:07","guid":{"rendered":"https:\/\/www.comau.com\/?page_id=23294"},"modified":"2021-08-27T18:06:07","modified_gmt":"2021-08-27T16:06:07","slug":"robotics-training-application","status":"publish","type":"page","link":"https:\/\/www.comau.com\/pt-br\/competencies\/systems\/consultancy-education\/companies-professionals\/robotics-training-application\/","title":{"rendered":"Robotics Training &#8211; Application"},"content":{"rendered":"\n<h2 class=\"wp-block-heading\">Vis\u00e3o geral<\/h2>\n\n\n\n<p>Os cursos s\u00e3o destinados a t\u00e9cnicos profissionais, t\u00e9cnicos de soldagem e de soldagem de ponto, t\u00e9cnicos de processo, t\u00e9cnicos de manuten\u00e7\u00e3o e operadores de linha, integradores de sistema e todos que desejam aprender a usar os seguintes aplicativos:<\/p>\n\n\n\n<ul class=\"wp-block-list\"><li>SMART ARC Arc Welding<\/li><li>SMART SPOT Spot Welding<\/li><li>SMART SPOT SERVO Spot Welding with Servo Gun<\/li><li>SMART IP Interpress<\/li><li>SMART GLUE Sealing<\/li><li>SMART HAND Handling<\/li><\/ul>\n\n\n\n<p>A conclus\u00e3o do curso &#8220;Uso e Programa\u00e7\u00e3o&#8221; \u00e9 um pr\u00e9-requisito obrigat\u00f3rio.<\/p>\n\n\n\n<p>T\u00edtulo reconhecido: Certificado de Frequ\u00eancia da Comau.<\/p>\n\n\n\n<div class=\"wp-block-getwid-toggle download-dropdown has-icon-left\">\n<div class=\"wp-block-getwid-toggle__row\"><div class=\"wp-block-getwid-toggle__header-wrapper\"><span class=\"wp-block-getwid-toggle__header\"><a href=\"#\"><span class=\"wp-block-getwid-toggle__header-title\">Download the brochure<\/span><span class=\"wp-block-getwid-toggle__icon is-active\"><i class=\"fas fa-plus\"><\/i><\/span><span class=\"wp-block-getwid-toggle__icon is-passive\"><i class=\"fas fa-minus\"><\/i><\/span><\/a><\/span><\/div><div class=\"wp-block-getwid-toggle__content-wrapper\"><div class=\"wp-block-getwid-toggle__content\">\n<div class=\"wp-block-getwid-button-group\"><div class=\"wp-block-getwid-button-group__wrapper\">\n<div class=\"wp-block-button\"><a class=\"wp-block-button__link\" href=\"https:\/\/www.comau.com\/wp-content\/uploads\/2021\/06\/Comau_Robotics_Training_Catalogue_EN.pdf\" target=\"_blank\" rel=\"noreferrer noopener\">ComauRoboticsTrainingCatalogue_EN<\/a><\/div>\n\n\n\n<div class=\"wp-block-button\"><a class=\"wp-block-button__link\" href=\"https:\/\/www.comau.com\/wp-content\/uploads\/2021\/06\/Comau_Robotics_Training_Catalogue_IT.pdf\" target=\"_blank\" rel=\"noreferrer noopener\">ComauRoboticsTrainingCatalogue_IT<\/a><\/div>\n<\/div><\/div>\n<\/div><\/div><\/div>\n<\/div>\n\n\n\n<h2 class=\"wp-block-heading\">Percurso de treinamento<\/h2>\n\n\n\n<div class=\"wp-block-image\"><figure class=\"aligncenter size-large\"><img decoding=\"async\" width=\"1024\" height=\"672\" src=\"https:\/\/www.comau.com\/wp-content\/uploads\/2021\/06\/schema-Application-1024x672.jpg\" alt=\"\" class=\"wp-image-1181\" srcset=\"https:\/\/www.comau.com\/wp-content\/uploads\/2021\/06\/schema-Application-1024x672.jpg 1024w, https:\/\/www.comau.com\/wp-content\/uploads\/2021\/06\/schema-Application-300x197.jpg 300w, https:\/\/www.comau.com\/wp-content\/uploads\/2021\/06\/schema-Application-768x504.jpg 768w, https:\/\/www.comau.com\/wp-content\/uploads\/2021\/06\/schema-Application.jpg 1374w\" sizes=\"(max-width: 1024px) 100vw, 1024px\" \/><\/figure><\/div>\n\n\n\n<div class=\"wp-block-image\"><figure class=\"aligncenter size-large\"><img decoding=\"async\" width=\"1024\" height=\"351\" src=\"https:\/\/www.comau.com\/wp-content\/uploads\/2021\/06\/Cella_Mobile-1024x351.jpg\" alt=\"\" class=\"wp-image-1172\" srcset=\"https:\/\/www.comau.com\/wp-content\/uploads\/2021\/06\/Cella_Mobile-1024x351.jpg 1024w, https:\/\/www.comau.com\/wp-content\/uploads\/2021\/06\/Cella_Mobile-300x103.jpg 300w, https:\/\/www.comau.com\/wp-content\/uploads\/2021\/06\/Cella_Mobile-768x263.jpg 768w, https:\/\/www.comau.com\/wp-content\/uploads\/2021\/06\/Cella_Mobile-1536x527.jpg 1536w, https:\/\/www.comau.com\/wp-content\/uploads\/2021\/06\/Cella_Mobile.jpg 1708w\" sizes=\"(max-width: 1024px) 100vw, 1024px\" \/><\/figure><\/div>\n","protected":false},"excerpt":{"rendered":"<p>Vis\u00e3o geral Os cursos s\u00e3o destinados a t\u00e9cnicos profissionais, t\u00e9cnicos de soldagem e de soldagem de ponto, t\u00e9cnicos de processo, t\u00e9cnicos de manuten\u00e7\u00e3o e operadores de linha, integradores de sistema e todos que desejam aprender a usar os seguintes aplicativos: SMART ARC Arc Welding SMART SPOT Spot Welding SMART SPOT SERVO Spot Welding with Servo [&hellip;]<\/p>\n","protected":false},"author":11,"featured_media":10206,"parent":6274,"menu_order":9,"comment_status":"closed","ping_status":"closed","template":"","meta":{"_acf_changed":false,"ep_exclude_from_search":false,"footnotes":""},"class_list":["post-23294","page","type-page","status-publish","has-post-thumbnail","hentry"],"acf":[],"yoast_head":"<!-- This site is optimized with the Yoast SEO plugin v26.9 - https:\/\/yoast.com\/product\/yoast-seo-wordpress\/ -->\n<title>Cursos de aplica\u00e7\u00e3o - setor de rob\u00f3tica - Comau<\/title>\n<meta name=\"description\" content=\"Os cursos s\u00e3o dirigidos a t\u00e9cnicos especializados em soldagem por pontos e a arco, wellding e spot welding, que desejam aprimorar suas habilidades no uso de programas aplicativos.\" \/>\n<meta name=\"robots\" content=\"index, follow, max-snippet:-1, max-image-preview:large, max-video-preview:-1\" \/>\n<link rel=\"canonical\" href=\"https:\/\/www.comau.com\/pt-br\/competencies\/systems\/consultancy-education\/companies-professionals\/robotics-training-application\/\" \/>\n<meta property=\"og:locale\" content=\"pt_BR\" \/>\n<meta property=\"og:type\" content=\"article\" \/>\n<meta property=\"og:title\" content=\"Cursos de aplica\u00e7\u00e3o - setor de rob\u00f3tica - Comau\" \/>\n<meta property=\"og:description\" content=\"Os cursos s\u00e3o dirigidos a t\u00e9cnicos especializados em soldagem por pontos e a arco, wellding e spot welding, que desejam aprimorar suas habilidades no uso de programas aplicativos.\" \/>\n<meta property=\"og:url\" content=\"https:\/\/www.comau.com\/pt-br\/competencies\/systems\/consultancy-education\/companies-professionals\/robotics-training-application\/\" \/>\n<meta property=\"og:site_name\" content=\"Comau\" \/>\n<meta property=\"article:publisher\" content=\"https:\/\/www.facebook.com\/COMAU\/\" \/>\n<meta property=\"article:modified_time\" content=\"2021-08-27T16:06:07+00:00\" \/>\n<meta property=\"og:image\" content=\"https:\/\/www.comau.com\/wp-content\/uploads\/2021\/06\/Header_Apllication.jpg\" \/>\n\t<meta property=\"og:image:width\" content=\"1280\" \/>\n\t<meta property=\"og:image:height\" content=\"485\" \/>\n\t<meta property=\"og:image:type\" content=\"image\/jpeg\" \/>\n<meta name=\"twitter:card\" content=\"summary_large_image\" \/>\n<meta name=\"twitter:site\" content=\"@comaugroup\" \/>\n<meta name=\"twitter:label1\" content=\"Est. tempo de leitura\" \/>\n\t<meta name=\"twitter:data1\" content=\"1 minuto\" \/>\n<script type=\"application\/ld+json\" class=\"yoast-schema-graph\">{\"@context\":\"https:\/\/schema.org\",\"@graph\":[{\"@type\":\"WebPage\",\"@id\":\"https:\/\/www.comau.com\/pt-br\/competencies\/systems\/consultancy-education\/companies-professionals\/robotics-training-application\/\",\"url\":\"https:\/\/www.comau.com\/pt-br\/competencies\/systems\/consultancy-education\/companies-professionals\/robotics-training-application\/\",\"name\":\"Cursos de aplica\u00e7\u00e3o - setor de rob\u00f3tica - Comau\",\"isPartOf\":{\"@id\":\"https:\/\/www.comau.com\/pt-br\/#website\"},\"primaryImageOfPage\":{\"@id\":\"https:\/\/www.comau.com\/pt-br\/competencies\/systems\/consultancy-education\/companies-professionals\/robotics-training-application\/#primaryimage\"},\"image\":{\"@id\":\"https:\/\/www.comau.com\/pt-br\/competencies\/systems\/consultancy-education\/companies-professionals\/robotics-training-application\/#primaryimage\"},\"thumbnailUrl\":\"https:\/\/www.comau.com\/wp-content\/uploads\/2021\/06\/Header_Apllication.jpg\",\"datePublished\":\"2021-06-09T09:14:07+00:00\",\"dateModified\":\"2021-08-27T16:06:07+00:00\",\"description\":\"Os cursos s\u00e3o dirigidos a t\u00e9cnicos especializados em soldagem por pontos e a arco, wellding e spot welding, que desejam aprimorar suas habilidades no uso de programas aplicativos.\",\"breadcrumb\":{\"@id\":\"https:\/\/www.comau.com\/pt-br\/competencies\/systems\/consultancy-education\/companies-professionals\/robotics-training-application\/#breadcrumb\"},\"inLanguage\":\"pt-BR\",\"potentialAction\":[{\"@type\":\"ReadAction\",\"target\":[\"https:\/\/www.comau.com\/pt-br\/competencies\/systems\/consultancy-education\/companies-professionals\/robotics-training-application\/\"]}]},{\"@type\":\"ImageObject\",\"inLanguage\":\"pt-BR\",\"@id\":\"https:\/\/www.comau.com\/pt-br\/competencies\/systems\/consultancy-education\/companies-professionals\/robotics-training-application\/#primaryimage\",\"url\":\"https:\/\/www.comau.com\/wp-content\/uploads\/2021\/06\/Header_Apllication.jpg\",\"contentUrl\":\"https:\/\/www.comau.com\/wp-content\/uploads\/2021\/06\/Header_Apllication.jpg\",\"width\":1280,\"height\":485},{\"@type\":\"BreadcrumbList\",\"@id\":\"https:\/\/www.comau.com\/pt-br\/competencies\/systems\/consultancy-education\/companies-professionals\/robotics-training-application\/#breadcrumb\",\"itemListElement\":[{\"@type\":\"ListItem\",\"position\":1,\"name\":\"Home\",\"item\":\"https:\/\/www.comau.com\/pt-br\/\"},{\"@type\":\"ListItem\",\"position\":2,\"name\":\"Nossas Compet\u00eancias\",\"item\":\"https:\/\/www.comau.com\/pt-br\/competencies\/\"},{\"@type\":\"ListItem\",\"position\":3,\"name\":\"Consultancy &#038; Education\",\"item\":\"https:\/\/www.comau.com\/pt-br\/competencies\/consultancy-education\/\"},{\"@type\":\"ListItem\",\"position\":4,\"name\":\"Companies &#038; Professionals\",\"item\":\"https:\/\/www.comau.com\/pt-br\/competencies\/consultancy-education\/companies-professionals\/\"},{\"@type\":\"ListItem\",\"position\":5,\"name\":\"Robotics Training &#8211; Application\"}]},{\"@type\":\"WebSite\",\"@id\":\"https:\/\/www.comau.com\/pt-br\/#website\",\"url\":\"https:\/\/www.comau.com\/pt-br\/\",\"name\":\"Comau\",\"description\":\"Industrial automation and robotics\",\"publisher\":{\"@id\":\"https:\/\/www.comau.com\/pt-br\/#organization\"},\"potentialAction\":[{\"@type\":\"SearchAction\",\"target\":{\"@type\":\"EntryPoint\",\"urlTemplate\":\"https:\/\/www.comau.com\/pt-br\/?s={search_term_string}\"},\"query-input\":{\"@type\":\"PropertyValueSpecification\",\"valueRequired\":true,\"valueName\":\"search_term_string\"}}],\"inLanguage\":\"pt-BR\"},{\"@type\":\"Organization\",\"@id\":\"https:\/\/www.comau.com\/pt-br\/#organization\",\"name\":\"Comau\",\"url\":\"https:\/\/www.comau.com\/pt-br\/\",\"logo\":{\"@type\":\"ImageObject\",\"inLanguage\":\"pt-BR\",\"@id\":\"https:\/\/www.comau.com\/pt-br\/#\/schema\/logo\/image\/\",\"url\":\"https:\/\/www.comau.com\/wp-content\/uploads\/2024\/07\/cropped-Logo-COMAU.png\",\"contentUrl\":\"https:\/\/www.comau.com\/wp-content\/uploads\/2024\/07\/cropped-Logo-COMAU.png\",\"width\":434,\"height\":434,\"caption\":\"Comau\"},\"image\":{\"@id\":\"https:\/\/www.comau.com\/pt-br\/#\/schema\/logo\/image\/\"},\"sameAs\":[\"https:\/\/www.facebook.com\/COMAU\/\",\"https:\/\/x.com\/comaugroup\",\"https:\/\/www.instagram.com\/comaugroup\/\",\"https:\/\/www.linkedin.com\/company\/comau\",\"https:\/\/www.youtube.com\/user\/comau\"]}]}<\/script>\n<!-- \/ Yoast SEO plugin. -->","yoast_head_json":{"title":"Cursos de aplica\u00e7\u00e3o - setor de rob\u00f3tica - Comau","description":"Os cursos s\u00e3o dirigidos a t\u00e9cnicos especializados em soldagem por pontos e a arco, wellding e spot welding, que desejam aprimorar suas habilidades no uso de programas aplicativos.","robots":{"index":"index","follow":"follow","max-snippet":"max-snippet:-1","max-image-preview":"max-image-preview:large","max-video-preview":"max-video-preview:-1"},"canonical":"https:\/\/www.comau.com\/pt-br\/competencies\/systems\/consultancy-education\/companies-professionals\/robotics-training-application\/","og_locale":"pt_BR","og_type":"article","og_title":"Cursos de aplica\u00e7\u00e3o - setor de rob\u00f3tica - Comau","og_description":"Os cursos s\u00e3o dirigidos a t\u00e9cnicos especializados em soldagem por pontos e a arco, wellding e spot welding, que desejam aprimorar suas habilidades no uso de programas aplicativos.","og_url":"https:\/\/www.comau.com\/pt-br\/competencies\/systems\/consultancy-education\/companies-professionals\/robotics-training-application\/","og_site_name":"Comau","article_publisher":"https:\/\/www.facebook.com\/COMAU\/","article_modified_time":"2021-08-27T16:06:07+00:00","og_image":[{"width":1280,"height":485,"url":"https:\/\/www.comau.com\/wp-content\/uploads\/2021\/06\/Header_Apllication.jpg","type":"image\/jpeg"}],"twitter_card":"summary_large_image","twitter_site":"@comaugroup","twitter_misc":{"Est. tempo de leitura":"1 minuto"},"schema":{"@context":"https:\/\/schema.org","@graph":[{"@type":"WebPage","@id":"https:\/\/www.comau.com\/pt-br\/competencies\/systems\/consultancy-education\/companies-professionals\/robotics-training-application\/","url":"https:\/\/www.comau.com\/pt-br\/competencies\/systems\/consultancy-education\/companies-professionals\/robotics-training-application\/","name":"Cursos de aplica\u00e7\u00e3o - setor de rob\u00f3tica - Comau","isPartOf":{"@id":"https:\/\/www.comau.com\/pt-br\/#website"},"primaryImageOfPage":{"@id":"https:\/\/www.comau.com\/pt-br\/competencies\/systems\/consultancy-education\/companies-professionals\/robotics-training-application\/#primaryimage"},"image":{"@id":"https:\/\/www.comau.com\/pt-br\/competencies\/systems\/consultancy-education\/companies-professionals\/robotics-training-application\/#primaryimage"},"thumbnailUrl":"https:\/\/www.comau.com\/wp-content\/uploads\/2021\/06\/Header_Apllication.jpg","datePublished":"2021-06-09T09:14:07+00:00","dateModified":"2021-08-27T16:06:07+00:00","description":"Os cursos s\u00e3o dirigidos a t\u00e9cnicos especializados em soldagem por pontos e a arco, wellding e spot welding, que desejam aprimorar suas habilidades no uso de programas aplicativos.","breadcrumb":{"@id":"https:\/\/www.comau.com\/pt-br\/competencies\/systems\/consultancy-education\/companies-professionals\/robotics-training-application\/#breadcrumb"},"inLanguage":"pt-BR","potentialAction":[{"@type":"ReadAction","target":["https:\/\/www.comau.com\/pt-br\/competencies\/systems\/consultancy-education\/companies-professionals\/robotics-training-application\/"]}]},{"@type":"ImageObject","inLanguage":"pt-BR","@id":"https:\/\/www.comau.com\/pt-br\/competencies\/systems\/consultancy-education\/companies-professionals\/robotics-training-application\/#primaryimage","url":"https:\/\/www.comau.com\/wp-content\/uploads\/2021\/06\/Header_Apllication.jpg","contentUrl":"https:\/\/www.comau.com\/wp-content\/uploads\/2021\/06\/Header_Apllication.jpg","width":1280,"height":485},{"@type":"BreadcrumbList","@id":"https:\/\/www.comau.com\/pt-br\/competencies\/systems\/consultancy-education\/companies-professionals\/robotics-training-application\/#breadcrumb","itemListElement":[{"@type":"ListItem","position":1,"name":"Home","item":"https:\/\/www.comau.com\/pt-br\/"},{"@type":"ListItem","position":2,"name":"Nossas Compet\u00eancias","item":"https:\/\/www.comau.com\/pt-br\/competencies\/"},{"@type":"ListItem","position":3,"name":"Consultancy &#038; Education","item":"https:\/\/www.comau.com\/pt-br\/competencies\/consultancy-education\/"},{"@type":"ListItem","position":4,"name":"Companies &#038; Professionals","item":"https:\/\/www.comau.com\/pt-br\/competencies\/consultancy-education\/companies-professionals\/"},{"@type":"ListItem","position":5,"name":"Robotics Training &#8211; Application"}]},{"@type":"WebSite","@id":"https:\/\/www.comau.com\/pt-br\/#website","url":"https:\/\/www.comau.com\/pt-br\/","name":"Comau","description":"Industrial automation and robotics","publisher":{"@id":"https:\/\/www.comau.com\/pt-br\/#organization"},"potentialAction":[{"@type":"SearchAction","target":{"@type":"EntryPoint","urlTemplate":"https:\/\/www.comau.com\/pt-br\/?s={search_term_string}"},"query-input":{"@type":"PropertyValueSpecification","valueRequired":true,"valueName":"search_term_string"}}],"inLanguage":"pt-BR"},{"@type":"Organization","@id":"https:\/\/www.comau.com\/pt-br\/#organization","name":"Comau","url":"https:\/\/www.comau.com\/pt-br\/","logo":{"@type":"ImageObject","inLanguage":"pt-BR","@id":"https:\/\/www.comau.com\/pt-br\/#\/schema\/logo\/image\/","url":"https:\/\/www.comau.com\/wp-content\/uploads\/2024\/07\/cropped-Logo-COMAU.png","contentUrl":"https:\/\/www.comau.com\/wp-content\/uploads\/2024\/07\/cropped-Logo-COMAU.png","width":434,"height":434,"caption":"Comau"},"image":{"@id":"https:\/\/www.comau.com\/pt-br\/#\/schema\/logo\/image\/"},"sameAs":["https:\/\/www.facebook.com\/COMAU\/","https:\/\/x.com\/comaugroup","https:\/\/www.instagram.com\/comaugroup\/","https:\/\/www.linkedin.com\/company\/comau","https:\/\/www.youtube.com\/user\/comau"]}]}},"_links":{"self":[{"href":"https:\/\/www.comau.com\/pt-br\/wp-json\/wp\/v2\/pages\/23294","targetHints":{"allow":["GET"]}}],"collection":[{"href":"https:\/\/www.comau.com\/pt-br\/wp-json\/wp\/v2\/pages"}],"about":[{"href":"https:\/\/www.comau.com\/pt-br\/wp-json\/wp\/v2\/types\/page"}],"author":[{"embeddable":true,"href":"https:\/\/www.comau.com\/pt-br\/wp-json\/wp\/v2\/users\/11"}],"replies":[{"embeddable":true,"href":"https:\/\/www.comau.com\/pt-br\/wp-json\/wp\/v2\/comments?post=23294"}],"version-history":[{"count":13,"href":"https:\/\/www.comau.com\/pt-br\/wp-json\/wp\/v2\/pages\/23294\/revisions"}],"predecessor-version":[{"id":38648,"href":"https:\/\/www.comau.com\/pt-br\/wp-json\/wp\/v2\/pages\/23294\/revisions\/38648"}],"up":[{"embeddable":true,"href":"https:\/\/www.comau.com\/pt-br\/wp-json\/wp\/v2\/pages\/6274"}],"wp:featuredmedia":[{"embeddable":true,"href":"https:\/\/www.comau.com\/pt-br\/wp-json\/wp\/v2\/media\/10206"}],"wp:attachment":[{"href":"https:\/\/www.comau.com\/pt-br\/wp-json\/wp\/v2\/media?parent=23294"}],"curies":[{"name":"wp","href":"https:\/\/api.w.org\/{rel}","templated":true}]}}