{"id":23275,"date":"2021-06-09T11:44:23","date_gmt":"2021-06-09T09:44:23","guid":{"rendered":"https:\/\/www.comau.com\/?page_id=23275"},"modified":"2021-08-27T18:11:08","modified_gmt":"2021-08-27T16:11:08","slug":"master-of-science-in-innovation-and-technology-management","status":"publish","type":"page","link":"https:\/\/www.comau.com\/pt-br\/competencies\/systems\/consultancy-education\/young-talents\/master-of-science-in-innovation-and-technology-management\/","title":{"rendered":"Master of Science in Innovation and Technology Management"},"content":{"rendered":"\n<h2 class=\"wp-block-heading\">Esteja pronto para dominar a inova\u00e7\u00e3o que est\u00e1 ao seu redor <\/h2>\n\n\n\n<p>\u200bObtenha um t\u00edtulo de Mestrado em Gerenciamento de Inova\u00e7\u00e3o e Tecnologia da Universit\u00e0 Cattolica di Milano e adquira as qualifica\u00e7\u00f5es multidisciplinares necess\u00e1rias para a abordagem dos novos contextos de neg\u00f3cios que acompanham a Industry 4.0.<\/p>\n\n\n\n<p>O primeiro programa de seu tipo, este inovador mestrado de dois anos se concentra na cria\u00e7\u00e3o de habilidades interdisciplinares para estudantes internacionais com diferentes curr\u00edculos, como F\u00edsica, Economia e Psicologia.  Al\u00e9m disso, os estudantes podem escolher dentre dois percursos de estudo: Gerenciamento de Processo de Inova\u00e7\u00e3o, concebido para estudantes que buscam obter uma fun\u00e7\u00e3o gerencial dentro de empresas industriais, de servi\u00e7os e de consultoria, ou Empreendedorismo, para estudantes que sonham em liderar ou fazer parte de uma empresa emergente ou um empreendimento comercial. <\/p>\n\n\n\n<p>A iniciativa, que se beneficia da filosofia de aprendizado da Comau Academy focado nas pessoas, combina habilidades metodol\u00f3gicas e anal\u00edticas com aplica\u00e7\u00f5es e pr\u00e1ticas comerciais. <\/p>\n\n\n\n<div class=\"wp-block-image\"><figure class=\"aligncenter size-large\"><img decoding=\"async\" width=\"740\" height=\"322\" src=\"https:\/\/www.comau.com\/wp-content\/uploads\/2021\/06\/Master-of-Science-in-Innovation.jpg\" alt=\"\" class=\"wp-image-10251\" srcset=\"https:\/\/www.comau.com\/wp-content\/uploads\/2021\/06\/Master-of-Science-in-Innovation.jpg 740w, https:\/\/www.comau.com\/wp-content\/uploads\/2021\/06\/Master-of-Science-in-Innovation-300x131.jpg 300w\" sizes=\"(max-width: 740px) 100vw, 740px\" \/><\/figure><\/div>\n\n\n\n<h2 class=\"wp-block-heading\">Qualifica\u00e7\u00f5es-alvo<\/h2>\n\n\n\n<p>O t\u00edtulo de Mestrado em Gerenciamento de Inova\u00e7\u00e3o e Tecnologia foi concebido para ajudar voc\u00ea a desenvolver as habilidades profissionais e efic\u00e1cia comunicativa necess\u00e1rias para enfrentar oportunidades profissionais emergentes dentro de nossa economia cada vez mais digital.<\/p>\n\n\n\n<div class=\"wp-block-buttons is-layout-flex wp-block-buttons-is-layout-flex\">\n<div class=\"wp-block-button\"><a class=\"wp-block-button__link\" href=\"https:\/\/offertaformativa.unicatt.it\/cdl-innovation-and-technology-management-2018\" target=\"_blank\" rel=\"noreferrer noopener\">SAIBA MAIS<\/a><\/div>\n<\/div>\n","protected":false},"excerpt":{"rendered":"<p>Esteja pronto para dominar a inova\u00e7\u00e3o que est\u00e1 ao seu redor \u200bObtenha um t\u00edtulo de Mestrado em Gerenciamento de Inova\u00e7\u00e3o e Tecnologia da Universit\u00e0 Cattolica di Milano e adquira as qualifica\u00e7\u00f5es multidisciplinares necess\u00e1rias para a abordagem dos novos contextos de neg\u00f3cios que acompanham a Industry 4.0. O primeiro programa de seu tipo, este inovador mestrado [&hellip;]<\/p>\n","protected":false},"author":11,"featured_media":10241,"parent":6357,"menu_order":1,"comment_status":"closed","ping_status":"closed","template":"","meta":{"_acf_changed":false,"ep_exclude_from_search":false,"footnotes":""},"class_list":["post-23275","page","type-page","status-publish","has-post-thumbnail","hentry"],"acf":[],"yoast_head":"<!-- This site is optimized with the Yoast SEO plugin v26.9 - https:\/\/yoast.com\/product\/yoast-seo-wordpress\/ -->\n<title>Master of Science in Innovation and Technology Management<\/title>\n<meta name=\"robots\" content=\"index, follow, max-snippet:-1, max-image-preview:large, max-video-preview:-1\" \/>\n<link rel=\"canonical\" href=\"https:\/\/www.comau.com\/pt-br\/competencies\/systems\/consultancy-education\/young-talents\/master-of-science-in-innovation-and-technology-management\/\" \/>\n<meta property=\"og:locale\" content=\"pt_BR\" \/>\n<meta property=\"og:type\" content=\"article\" \/>\n<meta property=\"og:title\" content=\"Master of Science in Innovation and Technology Management\" \/>\n<meta property=\"og:description\" content=\"Esteja pronto para dominar a inova\u00e7\u00e3o que est\u00e1 ao seu redor \u200bObtenha um t\u00edtulo de Mestrado em Gerenciamento de Inova\u00e7\u00e3o e Tecnologia da Universit\u00e0 Cattolica di Milano e adquira as qualifica\u00e7\u00f5es multidisciplinares necess\u00e1rias para a abordagem dos novos contextos de neg\u00f3cios que acompanham a Industry 4.0. O primeiro programa de seu tipo, este inovador mestrado [&hellip;]\" \/>\n<meta property=\"og:url\" content=\"https:\/\/www.comau.com\/pt-br\/competencies\/systems\/consultancy-education\/young-talents\/master-of-science-in-innovation-and-technology-management\/\" \/>\n<meta property=\"og:site_name\" content=\"Comau\" \/>\n<meta property=\"article:publisher\" content=\"https:\/\/www.facebook.com\/COMAU\/\" \/>\n<meta property=\"article:modified_time\" content=\"2021-08-27T16:11:08+00:00\" \/>\n<meta property=\"og:image\" content=\"https:\/\/www.comau.com\/wp-content\/uploads\/2021\/06\/ppm-school_header.jpg\" \/>\n\t<meta property=\"og:image:width\" content=\"1280\" \/>\n\t<meta property=\"og:image:height\" content=\"485\" \/>\n\t<meta property=\"og:image:type\" content=\"image\/jpeg\" \/>\n<meta name=\"twitter:card\" content=\"summary_large_image\" \/>\n<meta name=\"twitter:site\" content=\"@comaugroup\" \/>\n<meta name=\"twitter:label1\" content=\"Est. tempo de leitura\" \/>\n\t<meta name=\"twitter:data1\" content=\"2 minutos\" \/>\n<script type=\"application\/ld+json\" class=\"yoast-schema-graph\">{\"@context\":\"https:\/\/schema.org\",\"@graph\":[{\"@type\":\"WebPage\",\"@id\":\"https:\/\/www.comau.com\/pt-br\/competencies\/systems\/consultancy-education\/young-talents\/master-of-science-in-innovation-and-technology-management\/\",\"url\":\"https:\/\/www.comau.com\/pt-br\/competencies\/systems\/consultancy-education\/young-talents\/master-of-science-in-innovation-and-technology-management\/\",\"name\":\"Master of Science in Innovation and Technology Management\",\"isPartOf\":{\"@id\":\"https:\/\/www.comau.com\/pt-br\/#website\"},\"primaryImageOfPage\":{\"@id\":\"https:\/\/www.comau.com\/pt-br\/competencies\/systems\/consultancy-education\/young-talents\/master-of-science-in-innovation-and-technology-management\/#primaryimage\"},\"image\":{\"@id\":\"https:\/\/www.comau.com\/pt-br\/competencies\/systems\/consultancy-education\/young-talents\/master-of-science-in-innovation-and-technology-management\/#primaryimage\"},\"thumbnailUrl\":\"https:\/\/www.comau.com\/wp-content\/uploads\/2021\/06\/ppm-school_header.jpg\",\"datePublished\":\"2021-06-09T09:44:23+00:00\",\"dateModified\":\"2021-08-27T16:11:08+00:00\",\"breadcrumb\":{\"@id\":\"https:\/\/www.comau.com\/pt-br\/competencies\/systems\/consultancy-education\/young-talents\/master-of-science-in-innovation-and-technology-management\/#breadcrumb\"},\"inLanguage\":\"pt-BR\",\"potentialAction\":[{\"@type\":\"ReadAction\",\"target\":[\"https:\/\/www.comau.com\/pt-br\/competencies\/systems\/consultancy-education\/young-talents\/master-of-science-in-innovation-and-technology-management\/\"]}]},{\"@type\":\"ImageObject\",\"inLanguage\":\"pt-BR\",\"@id\":\"https:\/\/www.comau.com\/pt-br\/competencies\/systems\/consultancy-education\/young-talents\/master-of-science-in-innovation-and-technology-management\/#primaryimage\",\"url\":\"https:\/\/www.comau.com\/wp-content\/uploads\/2021\/06\/ppm-school_header.jpg\",\"contentUrl\":\"https:\/\/www.comau.com\/wp-content\/uploads\/2021\/06\/ppm-school_header.jpg\",\"width\":1280,\"height\":485},{\"@type\":\"BreadcrumbList\",\"@id\":\"https:\/\/www.comau.com\/pt-br\/competencies\/systems\/consultancy-education\/young-talents\/master-of-science-in-innovation-and-technology-management\/#breadcrumb\",\"itemListElement\":[{\"@type\":\"ListItem\",\"position\":1,\"name\":\"Home\",\"item\":\"https:\/\/www.comau.com\/pt-br\/\"},{\"@type\":\"ListItem\",\"position\":2,\"name\":\"Nossas Compet\u00eancias\",\"item\":\"https:\/\/www.comau.com\/pt-br\/competencies\/\"},{\"@type\":\"ListItem\",\"position\":3,\"name\":\"Consultancy &#038; Education\",\"item\":\"https:\/\/www.comau.com\/pt-br\/competencies\/consultancy-education\/\"},{\"@type\":\"ListItem\",\"position\":4,\"name\":\"Jovens talentosos\",\"item\":\"https:\/\/www.comau.com\/pt-br\/competencies\/consultancy-education\/young-talents\/\"},{\"@type\":\"ListItem\",\"position\":5,\"name\":\"Master of Science in Innovation and Technology Management\"}]},{\"@type\":\"WebSite\",\"@id\":\"https:\/\/www.comau.com\/pt-br\/#website\",\"url\":\"https:\/\/www.comau.com\/pt-br\/\",\"name\":\"Comau\",\"description\":\"Industrial automation and robotics\",\"publisher\":{\"@id\":\"https:\/\/www.comau.com\/pt-br\/#organization\"},\"potentialAction\":[{\"@type\":\"SearchAction\",\"target\":{\"@type\":\"EntryPoint\",\"urlTemplate\":\"https:\/\/www.comau.com\/pt-br\/?s={search_term_string}\"},\"query-input\":{\"@type\":\"PropertyValueSpecification\",\"valueRequired\":true,\"valueName\":\"search_term_string\"}}],\"inLanguage\":\"pt-BR\"},{\"@type\":\"Organization\",\"@id\":\"https:\/\/www.comau.com\/pt-br\/#organization\",\"name\":\"Comau\",\"url\":\"https:\/\/www.comau.com\/pt-br\/\",\"logo\":{\"@type\":\"ImageObject\",\"inLanguage\":\"pt-BR\",\"@id\":\"https:\/\/www.comau.com\/pt-br\/#\/schema\/logo\/image\/\",\"url\":\"https:\/\/www.comau.com\/wp-content\/uploads\/2024\/07\/cropped-Logo-COMAU.png\",\"contentUrl\":\"https:\/\/www.comau.com\/wp-content\/uploads\/2024\/07\/cropped-Logo-COMAU.png\",\"width\":434,\"height\":434,\"caption\":\"Comau\"},\"image\":{\"@id\":\"https:\/\/www.comau.com\/pt-br\/#\/schema\/logo\/image\/\"},\"sameAs\":[\"https:\/\/www.facebook.com\/COMAU\/\",\"https:\/\/x.com\/comaugroup\",\"https:\/\/www.instagram.com\/comaugroup\/\",\"https:\/\/www.linkedin.com\/company\/comau\",\"https:\/\/www.youtube.com\/user\/comau\"]}]}<\/script>\n<!-- \/ Yoast SEO plugin. -->","yoast_head_json":{"title":"Master of Science in Innovation and Technology Management","robots":{"index":"index","follow":"follow","max-snippet":"max-snippet:-1","max-image-preview":"max-image-preview:large","max-video-preview":"max-video-preview:-1"},"canonical":"https:\/\/www.comau.com\/pt-br\/competencies\/systems\/consultancy-education\/young-talents\/master-of-science-in-innovation-and-technology-management\/","og_locale":"pt_BR","og_type":"article","og_title":"Master of Science in Innovation and Technology Management","og_description":"Esteja pronto para dominar a inova\u00e7\u00e3o que est\u00e1 ao seu redor \u200bObtenha um t\u00edtulo de Mestrado em Gerenciamento de Inova\u00e7\u00e3o e Tecnologia da Universit\u00e0 Cattolica di Milano e adquira as qualifica\u00e7\u00f5es multidisciplinares necess\u00e1rias para a abordagem dos novos contextos de neg\u00f3cios que acompanham a Industry 4.0. O primeiro programa de seu tipo, este inovador mestrado [&hellip;]","og_url":"https:\/\/www.comau.com\/pt-br\/competencies\/systems\/consultancy-education\/young-talents\/master-of-science-in-innovation-and-technology-management\/","og_site_name":"Comau","article_publisher":"https:\/\/www.facebook.com\/COMAU\/","article_modified_time":"2021-08-27T16:11:08+00:00","og_image":[{"width":1280,"height":485,"url":"https:\/\/www.comau.com\/wp-content\/uploads\/2021\/06\/ppm-school_header.jpg","type":"image\/jpeg"}],"twitter_card":"summary_large_image","twitter_site":"@comaugroup","twitter_misc":{"Est. tempo de leitura":"2 minutos"},"schema":{"@context":"https:\/\/schema.org","@graph":[{"@type":"WebPage","@id":"https:\/\/www.comau.com\/pt-br\/competencies\/systems\/consultancy-education\/young-talents\/master-of-science-in-innovation-and-technology-management\/","url":"https:\/\/www.comau.com\/pt-br\/competencies\/systems\/consultancy-education\/young-talents\/master-of-science-in-innovation-and-technology-management\/","name":"Master of Science in Innovation and Technology Management","isPartOf":{"@id":"https:\/\/www.comau.com\/pt-br\/#website"},"primaryImageOfPage":{"@id":"https:\/\/www.comau.com\/pt-br\/competencies\/systems\/consultancy-education\/young-talents\/master-of-science-in-innovation-and-technology-management\/#primaryimage"},"image":{"@id":"https:\/\/www.comau.com\/pt-br\/competencies\/systems\/consultancy-education\/young-talents\/master-of-science-in-innovation-and-technology-management\/#primaryimage"},"thumbnailUrl":"https:\/\/www.comau.com\/wp-content\/uploads\/2021\/06\/ppm-school_header.jpg","datePublished":"2021-06-09T09:44:23+00:00","dateModified":"2021-08-27T16:11:08+00:00","breadcrumb":{"@id":"https:\/\/www.comau.com\/pt-br\/competencies\/systems\/consultancy-education\/young-talents\/master-of-science-in-innovation-and-technology-management\/#breadcrumb"},"inLanguage":"pt-BR","potentialAction":[{"@type":"ReadAction","target":["https:\/\/www.comau.com\/pt-br\/competencies\/systems\/consultancy-education\/young-talents\/master-of-science-in-innovation-and-technology-management\/"]}]},{"@type":"ImageObject","inLanguage":"pt-BR","@id":"https:\/\/www.comau.com\/pt-br\/competencies\/systems\/consultancy-education\/young-talents\/master-of-science-in-innovation-and-technology-management\/#primaryimage","url":"https:\/\/www.comau.com\/wp-content\/uploads\/2021\/06\/ppm-school_header.jpg","contentUrl":"https:\/\/www.comau.com\/wp-content\/uploads\/2021\/06\/ppm-school_header.jpg","width":1280,"height":485},{"@type":"BreadcrumbList","@id":"https:\/\/www.comau.com\/pt-br\/competencies\/systems\/consultancy-education\/young-talents\/master-of-science-in-innovation-and-technology-management\/#breadcrumb","itemListElement":[{"@type":"ListItem","position":1,"name":"Home","item":"https:\/\/www.comau.com\/pt-br\/"},{"@type":"ListItem","position":2,"name":"Nossas Compet\u00eancias","item":"https:\/\/www.comau.com\/pt-br\/competencies\/"},{"@type":"ListItem","position":3,"name":"Consultancy &#038; Education","item":"https:\/\/www.comau.com\/pt-br\/competencies\/consultancy-education\/"},{"@type":"ListItem","position":4,"name":"Jovens talentosos","item":"https:\/\/www.comau.com\/pt-br\/competencies\/consultancy-education\/young-talents\/"},{"@type":"ListItem","position":5,"name":"Master of Science in Innovation and Technology Management"}]},{"@type":"WebSite","@id":"https:\/\/www.comau.com\/pt-br\/#website","url":"https:\/\/www.comau.com\/pt-br\/","name":"Comau","description":"Industrial automation and robotics","publisher":{"@id":"https:\/\/www.comau.com\/pt-br\/#organization"},"potentialAction":[{"@type":"SearchAction","target":{"@type":"EntryPoint","urlTemplate":"https:\/\/www.comau.com\/pt-br\/?s={search_term_string}"},"query-input":{"@type":"PropertyValueSpecification","valueRequired":true,"valueName":"search_term_string"}}],"inLanguage":"pt-BR"},{"@type":"Organization","@id":"https:\/\/www.comau.com\/pt-br\/#organization","name":"Comau","url":"https:\/\/www.comau.com\/pt-br\/","logo":{"@type":"ImageObject","inLanguage":"pt-BR","@id":"https:\/\/www.comau.com\/pt-br\/#\/schema\/logo\/image\/","url":"https:\/\/www.comau.com\/wp-content\/uploads\/2024\/07\/cropped-Logo-COMAU.png","contentUrl":"https:\/\/www.comau.com\/wp-content\/uploads\/2024\/07\/cropped-Logo-COMAU.png","width":434,"height":434,"caption":"Comau"},"image":{"@id":"https:\/\/www.comau.com\/pt-br\/#\/schema\/logo\/image\/"},"sameAs":["https:\/\/www.facebook.com\/COMAU\/","https:\/\/x.com\/comaugroup","https:\/\/www.instagram.com\/comaugroup\/","https:\/\/www.linkedin.com\/company\/comau","https:\/\/www.youtube.com\/user\/comau"]}]}},"_links":{"self":[{"href":"https:\/\/www.comau.com\/pt-br\/wp-json\/wp\/v2\/pages\/23275","targetHints":{"allow":["GET"]}}],"collection":[{"href":"https:\/\/www.comau.com\/pt-br\/wp-json\/wp\/v2\/pages"}],"about":[{"href":"https:\/\/www.comau.com\/pt-br\/wp-json\/wp\/v2\/types\/page"}],"author":[{"embeddable":true,"href":"https:\/\/www.comau.com\/pt-br\/wp-json\/wp\/v2\/users\/11"}],"replies":[{"embeddable":true,"href":"https:\/\/www.comau.com\/pt-br\/wp-json\/wp\/v2\/comments?post=23275"}],"version-history":[{"count":9,"href":"https:\/\/www.comau.com\/pt-br\/wp-json\/wp\/v2\/pages\/23275\/revisions"}],"predecessor-version":[{"id":38657,"href":"https:\/\/www.comau.com\/pt-br\/wp-json\/wp\/v2\/pages\/23275\/revisions\/38657"}],"up":[{"embeddable":true,"href":"https:\/\/www.comau.com\/pt-br\/wp-json\/wp\/v2\/pages\/6357"}],"wp:featuredmedia":[{"embeddable":true,"href":"https:\/\/www.comau.com\/pt-br\/wp-json\/wp\/v2\/media\/10241"}],"wp:attachment":[{"href":"https:\/\/www.comau.com\/pt-br\/wp-json\/wp\/v2\/media?parent=23275"}],"curies":[{"name":"wp","href":"https:\/\/api.w.org\/{rel}","templated":true}]}}