{"id":23270,"date":"2021-06-09T11:44:36","date_gmt":"2021-06-09T09:44:36","guid":{"rendered":"https:\/\/www.comau.com\/?page_id=23270"},"modified":"2021-08-27T18:11:48","modified_gmt":"2021-08-27T16:11:48","slug":"ready-to-work-one-day-work-experience","status":"publish","type":"page","link":"https:\/\/www.comau.com\/pt-br\/competencies\/systems\/consultancy-education\/young-talents\/ready-to-work-one-day-work-experience\/","title":{"rendered":"Ready to work: One day Work experience"},"content":{"rendered":"\n<h2 class=\"wp-block-heading\">Um dia. Imers\u00e3o total. The Comau Way.<\/h2>\n\n\n\n<p>\u200bNosso compromisso em ajudar jovens talentos a se prepararem para as oportunidades oferecidas dentro do mercado global atual em cont\u00ednua evolu\u00e7\u00e3o se estende a programas de per\u00edodo integral no local para estudantes de n\u00edveis m\u00e9dio e superior concebidos para a descoberta de qualifica\u00e7\u00f5es e a motiva\u00e7\u00e3o de potencial.<\/p>\n\n\n\n<h2 class=\"wp-block-heading\" id=\"sticky-0\">Pronto para trabalhar<\/h2>\n\n\n\n<p>Em colabora\u00e7\u00e3o com o Politecnico di Torino, a Comau Academy estimula pequenos grupos de estudantes de engenharia a mergulhar dentro de um contexto industrial real\u00edstico para um dia completo de treinamento em habilidades interpessoais. <\/p>\n\n\n\n<p>Atrav\u00e9s de projetos de grupo, jogos e desafios pessoais, jovens engenheiros experimentam em primeira m\u00e3o a import\u00e2ncia do trabalho em equipe e dos estilos organizacionais na cria\u00e7\u00e3o da excel\u00eancia. Explorando habilidades que n\u00e3o s\u00e3o facilmente ensinadas na sala de aula, este projeto \u00fanico estimula os estudantes a expressar o melhor de si mesmos e inclui feedbacks tang\u00edveis e avalia\u00e7\u00e3o pelos facilitadores profissionais.<\/p>\n\n\n\n<h2 class=\"wp-block-heading\" id=\"sticky-1\">Um dia &#8211; Experi\u00eancia de empresa<\/h2>\n\n\n\n<p>Venha passar o dia conosco para saber como a inova\u00e7\u00e3o \u00e9 criada dentro de uma empresa multinacional como a Comau. Nossa Experi\u00eancia de empresa de um dia coloca jovens estudantes em contato com um ambiente de trabalho real\u00edstico para ajud\u00e1-los a compreender a natureza de evolu\u00e7\u00e3o cont\u00ednua da transforma\u00e7\u00e3o digital. <\/p>\n\n\n\n<p>Atrav\u00e9s de uma combina\u00e7\u00e3o de treinamento em sala de aula e simula\u00e7\u00e3o pr\u00e1tica, os estudantes primeiro aprendem os m\u00e9todos de trabalho de uma organiza\u00e7\u00e3o global e, em seguida, gerenciam um processo de produ\u00e7\u00e3o real. No fim do dia, os profissionais da Comau fornecem coment\u00e1rios detalhados sobre os projetos, incluindo seus pontos fortes e oportunidades de melhoria. \u00c9 uma excelente forma de ver processos de transforma\u00e7\u00e3o e inova\u00e7\u00e3o concretos, e destaca o valor da cria\u00e7\u00e3o de v\u00ednculos estrat\u00e9gicos entre institui\u00e7\u00f5es de treinamento e o mundo dos neg\u00f3cios.<\/p>\n\n\n\n<div class=\"wp-block-image\"><figure class=\"aligncenter size-large\"><img decoding=\"async\" width=\"1024\" height=\"348\" src=\"https:\/\/www.comau.com\/wp-content\/uploads\/2021\/06\/1-1-1024x348.jpg\" alt=\"\" class=\"wp-image-1224\" srcset=\"https:\/\/www.comau.com\/wp-content\/uploads\/2021\/06\/1-1-1024x348.jpg 1024w, https:\/\/www.comau.com\/wp-content\/uploads\/2021\/06\/1-1-300x102.jpg 300w, https:\/\/www.comau.com\/wp-content\/uploads\/2021\/06\/1-1-768x261.jpg 768w, https:\/\/www.comau.com\/wp-content\/uploads\/2021\/06\/1-1.jpg 1179w\" sizes=\"(max-width: 1024px) 100vw, 1024px\" \/><\/figure><\/div>\n","protected":false},"excerpt":{"rendered":"<p>Um dia. Imers\u00e3o total. The Comau Way. \u200bNosso compromisso em ajudar jovens talentos a se prepararem para as oportunidades oferecidas dentro do mercado global atual em cont\u00ednua evolu\u00e7\u00e3o se estende a programas de per\u00edodo integral no local para estudantes de n\u00edveis m\u00e9dio e superior concebidos para a descoberta de qualifica\u00e7\u00f5es e a motiva\u00e7\u00e3o de potencial. [&hellip;]<\/p>\n","protected":false},"author":11,"featured_media":10246,"parent":6357,"menu_order":1,"comment_status":"closed","ping_status":"closed","template":"","meta":{"_acf_changed":false,"ep_exclude_from_search":false,"footnotes":""},"class_list":["post-23270","page","type-page","status-publish","has-post-thumbnail","hentry"],"acf":[],"yoast_head":"<!-- This site is optimized with the Yoast SEO plugin v26.9 - https:\/\/yoast.com\/product\/yoast-seo-wordpress\/ -->\n<title>Experi\u00eancia de trabalho de um dia - Comau<\/title>\n<meta name=\"description\" content=\"A Comau oferece a voc\u00ea a oportunidade de ter uma experi\u00eancia de trabalho de um dia com o programa Ready to work. Descubra todos os detalhes no site.\" \/>\n<meta name=\"robots\" content=\"index, follow, max-snippet:-1, max-image-preview:large, max-video-preview:-1\" \/>\n<link rel=\"canonical\" href=\"https:\/\/www.comau.com\/pt-br\/competencies\/systems\/consultancy-education\/young-talents\/ready-to-work-one-day-work-experience\/\" \/>\n<meta property=\"og:locale\" content=\"pt_BR\" \/>\n<meta property=\"og:type\" content=\"article\" \/>\n<meta property=\"og:title\" content=\"Experi\u00eancia de trabalho de um dia - Comau\" \/>\n<meta property=\"og:description\" content=\"A Comau oferece a voc\u00ea a oportunidade de ter uma experi\u00eancia de trabalho de um dia com o programa Ready to work. Descubra todos os detalhes no site.\" \/>\n<meta property=\"og:url\" content=\"https:\/\/www.comau.com\/pt-br\/competencies\/systems\/consultancy-education\/young-talents\/ready-to-work-one-day-work-experience\/\" \/>\n<meta property=\"og:site_name\" content=\"Comau\" \/>\n<meta property=\"article:publisher\" content=\"https:\/\/www.facebook.com\/COMAU\/\" \/>\n<meta property=\"article:modified_time\" content=\"2021-08-27T16:11:48+00:00\" \/>\n<meta property=\"og:image\" content=\"https:\/\/www.comau.com\/wp-content\/uploads\/2021\/06\/One-Day-Company-Experience_header.jpg\" \/>\n\t<meta property=\"og:image:width\" content=\"1280\" \/>\n\t<meta property=\"og:image:height\" content=\"485\" \/>\n\t<meta property=\"og:image:type\" content=\"image\/jpeg\" \/>\n<meta name=\"twitter:card\" content=\"summary_large_image\" \/>\n<meta name=\"twitter:site\" content=\"@comaugroup\" \/>\n<meta name=\"twitter:label1\" content=\"Est. tempo de leitura\" \/>\n\t<meta name=\"twitter:data1\" content=\"2 minutos\" \/>\n<script type=\"application\/ld+json\" class=\"yoast-schema-graph\">{\"@context\":\"https:\/\/schema.org\",\"@graph\":[{\"@type\":\"WebPage\",\"@id\":\"https:\/\/www.comau.com\/pt-br\/competencies\/systems\/consultancy-education\/young-talents\/ready-to-work-one-day-work-experience\/\",\"url\":\"https:\/\/www.comau.com\/pt-br\/competencies\/systems\/consultancy-education\/young-talents\/ready-to-work-one-day-work-experience\/\",\"name\":\"Experi\u00eancia de trabalho de um dia - Comau\",\"isPartOf\":{\"@id\":\"https:\/\/www.comau.com\/pt-br\/#website\"},\"primaryImageOfPage\":{\"@id\":\"https:\/\/www.comau.com\/pt-br\/competencies\/systems\/consultancy-education\/young-talents\/ready-to-work-one-day-work-experience\/#primaryimage\"},\"image\":{\"@id\":\"https:\/\/www.comau.com\/pt-br\/competencies\/systems\/consultancy-education\/young-talents\/ready-to-work-one-day-work-experience\/#primaryimage\"},\"thumbnailUrl\":\"https:\/\/www.comau.com\/wp-content\/uploads\/2021\/06\/One-Day-Company-Experience_header.jpg\",\"datePublished\":\"2021-06-09T09:44:36+00:00\",\"dateModified\":\"2021-08-27T16:11:48+00:00\",\"description\":\"A Comau oferece a voc\u00ea a oportunidade de ter uma experi\u00eancia de trabalho de um dia com o programa Ready to work. Descubra todos os detalhes no site.\",\"breadcrumb\":{\"@id\":\"https:\/\/www.comau.com\/pt-br\/competencies\/systems\/consultancy-education\/young-talents\/ready-to-work-one-day-work-experience\/#breadcrumb\"},\"inLanguage\":\"pt-BR\",\"potentialAction\":[{\"@type\":\"ReadAction\",\"target\":[\"https:\/\/www.comau.com\/pt-br\/competencies\/systems\/consultancy-education\/young-talents\/ready-to-work-one-day-work-experience\/\"]}]},{\"@type\":\"ImageObject\",\"inLanguage\":\"pt-BR\",\"@id\":\"https:\/\/www.comau.com\/pt-br\/competencies\/systems\/consultancy-education\/young-talents\/ready-to-work-one-day-work-experience\/#primaryimage\",\"url\":\"https:\/\/www.comau.com\/wp-content\/uploads\/2021\/06\/One-Day-Company-Experience_header.jpg\",\"contentUrl\":\"https:\/\/www.comau.com\/wp-content\/uploads\/2021\/06\/One-Day-Company-Experience_header.jpg\",\"width\":1280,\"height\":485},{\"@type\":\"BreadcrumbList\",\"@id\":\"https:\/\/www.comau.com\/pt-br\/competencies\/systems\/consultancy-education\/young-talents\/ready-to-work-one-day-work-experience\/#breadcrumb\",\"itemListElement\":[{\"@type\":\"ListItem\",\"position\":1,\"name\":\"Home\",\"item\":\"https:\/\/www.comau.com\/pt-br\/\"},{\"@type\":\"ListItem\",\"position\":2,\"name\":\"Nossas Compet\u00eancias\",\"item\":\"https:\/\/www.comau.com\/pt-br\/competencies\/\"},{\"@type\":\"ListItem\",\"position\":3,\"name\":\"Consultancy &#038; Education\",\"item\":\"https:\/\/www.comau.com\/pt-br\/competencies\/consultancy-education\/\"},{\"@type\":\"ListItem\",\"position\":4,\"name\":\"Jovens talentosos\",\"item\":\"https:\/\/www.comau.com\/pt-br\/competencies\/consultancy-education\/young-talents\/\"},{\"@type\":\"ListItem\",\"position\":5,\"name\":\"Ready to work: One day Work experience\"}]},{\"@type\":\"WebSite\",\"@id\":\"https:\/\/www.comau.com\/pt-br\/#website\",\"url\":\"https:\/\/www.comau.com\/pt-br\/\",\"name\":\"Comau\",\"description\":\"Industrial automation and robotics\",\"publisher\":{\"@id\":\"https:\/\/www.comau.com\/pt-br\/#organization\"},\"potentialAction\":[{\"@type\":\"SearchAction\",\"target\":{\"@type\":\"EntryPoint\",\"urlTemplate\":\"https:\/\/www.comau.com\/pt-br\/?s={search_term_string}\"},\"query-input\":{\"@type\":\"PropertyValueSpecification\",\"valueRequired\":true,\"valueName\":\"search_term_string\"}}],\"inLanguage\":\"pt-BR\"},{\"@type\":\"Organization\",\"@id\":\"https:\/\/www.comau.com\/pt-br\/#organization\",\"name\":\"Comau\",\"url\":\"https:\/\/www.comau.com\/pt-br\/\",\"logo\":{\"@type\":\"ImageObject\",\"inLanguage\":\"pt-BR\",\"@id\":\"https:\/\/www.comau.com\/pt-br\/#\/schema\/logo\/image\/\",\"url\":\"https:\/\/www.comau.com\/wp-content\/uploads\/2024\/07\/cropped-Logo-COMAU.png\",\"contentUrl\":\"https:\/\/www.comau.com\/wp-content\/uploads\/2024\/07\/cropped-Logo-COMAU.png\",\"width\":434,\"height\":434,\"caption\":\"Comau\"},\"image\":{\"@id\":\"https:\/\/www.comau.com\/pt-br\/#\/schema\/logo\/image\/\"},\"sameAs\":[\"https:\/\/www.facebook.com\/COMAU\/\",\"https:\/\/x.com\/comaugroup\",\"https:\/\/www.instagram.com\/comaugroup\/\",\"https:\/\/www.linkedin.com\/company\/comau\",\"https:\/\/www.youtube.com\/user\/comau\"]}]}<\/script>\n<!-- \/ Yoast SEO plugin. -->","yoast_head_json":{"title":"Experi\u00eancia de trabalho de um dia - Comau","description":"A Comau oferece a voc\u00ea a oportunidade de ter uma experi\u00eancia de trabalho de um dia com o programa Ready to work. Descubra todos os detalhes no site.","robots":{"index":"index","follow":"follow","max-snippet":"max-snippet:-1","max-image-preview":"max-image-preview:large","max-video-preview":"max-video-preview:-1"},"canonical":"https:\/\/www.comau.com\/pt-br\/competencies\/systems\/consultancy-education\/young-talents\/ready-to-work-one-day-work-experience\/","og_locale":"pt_BR","og_type":"article","og_title":"Experi\u00eancia de trabalho de um dia - Comau","og_description":"A Comau oferece a voc\u00ea a oportunidade de ter uma experi\u00eancia de trabalho de um dia com o programa Ready to work. Descubra todos os detalhes no site.","og_url":"https:\/\/www.comau.com\/pt-br\/competencies\/systems\/consultancy-education\/young-talents\/ready-to-work-one-day-work-experience\/","og_site_name":"Comau","article_publisher":"https:\/\/www.facebook.com\/COMAU\/","article_modified_time":"2021-08-27T16:11:48+00:00","og_image":[{"width":1280,"height":485,"url":"https:\/\/www.comau.com\/wp-content\/uploads\/2021\/06\/One-Day-Company-Experience_header.jpg","type":"image\/jpeg"}],"twitter_card":"summary_large_image","twitter_site":"@comaugroup","twitter_misc":{"Est. tempo de leitura":"2 minutos"},"schema":{"@context":"https:\/\/schema.org","@graph":[{"@type":"WebPage","@id":"https:\/\/www.comau.com\/pt-br\/competencies\/systems\/consultancy-education\/young-talents\/ready-to-work-one-day-work-experience\/","url":"https:\/\/www.comau.com\/pt-br\/competencies\/systems\/consultancy-education\/young-talents\/ready-to-work-one-day-work-experience\/","name":"Experi\u00eancia de trabalho de um dia - Comau","isPartOf":{"@id":"https:\/\/www.comau.com\/pt-br\/#website"},"primaryImageOfPage":{"@id":"https:\/\/www.comau.com\/pt-br\/competencies\/systems\/consultancy-education\/young-talents\/ready-to-work-one-day-work-experience\/#primaryimage"},"image":{"@id":"https:\/\/www.comau.com\/pt-br\/competencies\/systems\/consultancy-education\/young-talents\/ready-to-work-one-day-work-experience\/#primaryimage"},"thumbnailUrl":"https:\/\/www.comau.com\/wp-content\/uploads\/2021\/06\/One-Day-Company-Experience_header.jpg","datePublished":"2021-06-09T09:44:36+00:00","dateModified":"2021-08-27T16:11:48+00:00","description":"A Comau oferece a voc\u00ea a oportunidade de ter uma experi\u00eancia de trabalho de um dia com o programa Ready to work. Descubra todos os detalhes no site.","breadcrumb":{"@id":"https:\/\/www.comau.com\/pt-br\/competencies\/systems\/consultancy-education\/young-talents\/ready-to-work-one-day-work-experience\/#breadcrumb"},"inLanguage":"pt-BR","potentialAction":[{"@type":"ReadAction","target":["https:\/\/www.comau.com\/pt-br\/competencies\/systems\/consultancy-education\/young-talents\/ready-to-work-one-day-work-experience\/"]}]},{"@type":"ImageObject","inLanguage":"pt-BR","@id":"https:\/\/www.comau.com\/pt-br\/competencies\/systems\/consultancy-education\/young-talents\/ready-to-work-one-day-work-experience\/#primaryimage","url":"https:\/\/www.comau.com\/wp-content\/uploads\/2021\/06\/One-Day-Company-Experience_header.jpg","contentUrl":"https:\/\/www.comau.com\/wp-content\/uploads\/2021\/06\/One-Day-Company-Experience_header.jpg","width":1280,"height":485},{"@type":"BreadcrumbList","@id":"https:\/\/www.comau.com\/pt-br\/competencies\/systems\/consultancy-education\/young-talents\/ready-to-work-one-day-work-experience\/#breadcrumb","itemListElement":[{"@type":"ListItem","position":1,"name":"Home","item":"https:\/\/www.comau.com\/pt-br\/"},{"@type":"ListItem","position":2,"name":"Nossas Compet\u00eancias","item":"https:\/\/www.comau.com\/pt-br\/competencies\/"},{"@type":"ListItem","position":3,"name":"Consultancy &#038; Education","item":"https:\/\/www.comau.com\/pt-br\/competencies\/consultancy-education\/"},{"@type":"ListItem","position":4,"name":"Jovens talentosos","item":"https:\/\/www.comau.com\/pt-br\/competencies\/consultancy-education\/young-talents\/"},{"@type":"ListItem","position":5,"name":"Ready to work: One day Work experience"}]},{"@type":"WebSite","@id":"https:\/\/www.comau.com\/pt-br\/#website","url":"https:\/\/www.comau.com\/pt-br\/","name":"Comau","description":"Industrial automation and robotics","publisher":{"@id":"https:\/\/www.comau.com\/pt-br\/#organization"},"potentialAction":[{"@type":"SearchAction","target":{"@type":"EntryPoint","urlTemplate":"https:\/\/www.comau.com\/pt-br\/?s={search_term_string}"},"query-input":{"@type":"PropertyValueSpecification","valueRequired":true,"valueName":"search_term_string"}}],"inLanguage":"pt-BR"},{"@type":"Organization","@id":"https:\/\/www.comau.com\/pt-br\/#organization","name":"Comau","url":"https:\/\/www.comau.com\/pt-br\/","logo":{"@type":"ImageObject","inLanguage":"pt-BR","@id":"https:\/\/www.comau.com\/pt-br\/#\/schema\/logo\/image\/","url":"https:\/\/www.comau.com\/wp-content\/uploads\/2024\/07\/cropped-Logo-COMAU.png","contentUrl":"https:\/\/www.comau.com\/wp-content\/uploads\/2024\/07\/cropped-Logo-COMAU.png","width":434,"height":434,"caption":"Comau"},"image":{"@id":"https:\/\/www.comau.com\/pt-br\/#\/schema\/logo\/image\/"},"sameAs":["https:\/\/www.facebook.com\/COMAU\/","https:\/\/x.com\/comaugroup","https:\/\/www.instagram.com\/comaugroup\/","https:\/\/www.linkedin.com\/company\/comau","https:\/\/www.youtube.com\/user\/comau"]}]}},"_links":{"self":[{"href":"https:\/\/www.comau.com\/pt-br\/wp-json\/wp\/v2\/pages\/23270","targetHints":{"allow":["GET"]}}],"collection":[{"href":"https:\/\/www.comau.com\/pt-br\/wp-json\/wp\/v2\/pages"}],"about":[{"href":"https:\/\/www.comau.com\/pt-br\/wp-json\/wp\/v2\/types\/page"}],"author":[{"embeddable":true,"href":"https:\/\/www.comau.com\/pt-br\/wp-json\/wp\/v2\/users\/11"}],"replies":[{"embeddable":true,"href":"https:\/\/www.comau.com\/pt-br\/wp-json\/wp\/v2\/comments?post=23270"}],"version-history":[{"count":12,"href":"https:\/\/www.comau.com\/pt-br\/wp-json\/wp\/v2\/pages\/23270\/revisions"}],"predecessor-version":[{"id":38658,"href":"https:\/\/www.comau.com\/pt-br\/wp-json\/wp\/v2\/pages\/23270\/revisions\/38658"}],"up":[{"embeddable":true,"href":"https:\/\/www.comau.com\/pt-br\/wp-json\/wp\/v2\/pages\/6357"}],"wp:featuredmedia":[{"embeddable":true,"href":"https:\/\/www.comau.com\/pt-br\/wp-json\/wp\/v2\/media\/10246"}],"wp:attachment":[{"href":"https:\/\/www.comau.com\/pt-br\/wp-json\/wp\/v2\/media?parent=23270"}],"curies":[{"name":"wp","href":"https:\/\/api.w.org\/{rel}","templated":true}]}}