{"id":23265,"date":"2021-06-09T16:06:26","date_gmt":"2021-06-09T14:06:26","guid":{"rendered":"https:\/\/www.comau.com\/?page_id=23265"},"modified":"2021-08-27T18:08:59","modified_gmt":"2021-08-27T16:08:59","slug":"project-management-academy","status":"publish","type":"page","link":"https:\/\/www.comau.com\/pt-br\/competencies\/services\/project-management-academy\/","title":{"rendered":"Project Management Academy"},"content":{"rendered":"\n<h2 class=\"wp-block-heading\">Cursos de Desenvolvimento Profissional<\/h2>\n\n\n\n<p>A Academia Comau de Gest\u00e3o de Projetos (Academia Comau GP) utiliza aulas, compartilhamento de conhecimento e coopera\u00e7\u00e3o com outras institui\u00e7\u00f5es para oferecer treinamento para o desenvolvimento profissional, para empresas e indiv\u00edduos em todo o mundo. <\/p>\n\n\n\n<p>A Academia Comau GP \u00e9 uma institui\u00e7\u00e3o certificada como REP\u00ae &#8211; Provedor Educacional Registrado global, e \u00e9 oficialmente reconhecida pelo Project Management Institute (PMI)\u00ae, que \u00e9 a maior associa\u00e7\u00e3o internacional de gest\u00e3o profissional de projetos. Todos os cursos s\u00e3o desenvolvidos internamente e ministrados pelos profissionais de gest\u00e3o de projetos da Comau. Isso nos permite combinar experi\u00eancia comprovada em campo com projetos complexos (Abordagem Pragm\u00e1tica) e pr\u00e1ticas de gest\u00e3o de projetos internacionalmente reconhecidas (Abordagem Te\u00f3rica).<\/p>\n\n\n\n<p>PMI is a registered mark of the Project Management Institute, Inc.<\/p>\n\n\n\n<div class=\"wp-block-columns columns-bg-dark is-layout-flex wp-container-core-columns-is-layout-9d6595d7 wp-block-columns-is-layout-flex\">\n<div class=\"wp-block-column is-layout-flow wp-block-column-is-layout-flow\">\n<h3 class=\"wp-block-heading\">Fundamentos de Gerenciamento de Riscos<\/h3>\n\n\n\n<p>Expanda seus conhecimentos de Gerenciamento de Riscos de Projetos, incluindo como detectar riscos e os passos para eliminar, reduzir e tratar de maneira consciente os riscos, de acordo com a \u00e1rea de conhecimentos relevante &#8220;Um Guia Do Conhecimento Em Gerenciamento De Projetos (Guia PMBOK\u00ae) &#8211; Quinta Edi\u00e7\u00e3o, Project Management Institute, Inc., 2013&#8221;. PMBOK \u00e9 uma marca registrada do Project Management Institute, Inc.<br><br><strong>Dura\u00e7\u00e3o: 16 horas<\/strong><\/p>\n\n\n\n<div class=\"wp-block-buttons is-layout-flex wp-block-buttons-is-layout-flex\">\n<div class=\"wp-block-button\"><a class=\"wp-block-button__link\" href=\"https:\/\/www.comau.com\/pt-br\/competencies\/consultancy-education\/companies-professionals\/risk-management-fundamentals\/\">Saiba mais<\/a><\/div>\n<\/div>\n<\/div>\n\n\n\n<div class=\"wp-block-column is-layout-flow wp-block-column-is-layout-flow\">\n<h3 class=\"wp-block-heading\">PMF &#8211; Gerenciamento de Projetos<\/h3>\n\n\n\n<p>Aumente sua capacidade na aplica\u00e7\u00e3o de processos e pr\u00e1ticas de Gerenciamento de Projetos concentrando-se na defini\u00e7\u00e3o, implementa\u00e7\u00e3o, administra\u00e7\u00e3o, condu\u00e7\u00e3o, monitoramento e controle de projetos e seus componentes.<br><br><strong>Dura\u00e7\u00e3o: 3 dias<br>24 Unidades de Desenvolvimento Profissional ou horas de contato<\/strong><\/p>\n\n\n\n<div class=\"wp-block-buttons is-layout-flex wp-block-buttons-is-layout-flex\">\n<div class=\"wp-block-button\"><a class=\"wp-block-button__link\" href=\"https:\/\/www.comau.com\/pt-br\/competencies\/consultancy-education\/companies-professionals\/pmf-project-management-fundamentals\/\">Saiba mais<\/a><\/div>\n<\/div>\n<\/div>\n<\/div>\n\n\n\n<div class=\"wp-block-columns columns-bg-dark is-layout-flex wp-container-core-columns-is-layout-9d6595d7 wp-block-columns-is-layout-flex\">\n<div class=\"wp-block-column is-layout-flow wp-block-column-is-layout-flow\">\n<h3 class=\"wp-block-heading\">Certifica\u00e7\u00e3o Profissional de Gerenciamento de Projetos (PMP)\u00ae<\/h3>\n\n\n\n<p>Treinamento intensivo concebido para cobrir todos os processos do Instituto de Gerenciamento de Projetos (PMI\u00ae), suas entradas, ferramentas, t\u00e9cnicas, resultados, assim como conhecimentos adicionais sobre recursos humanos, teorias de qualidade, \u00e9tica e responsabilidade profissional, exigidas para aprova\u00e7\u00e3o no exame PMP\u00ae. PMP \u00e9 uma marca registrada do Project Management Institute, Inc. <br><br><strong>Dura\u00e7\u00e3o: 6 dias<br>42 Unidades de Desenvolvimento Profissional ou horas de contato<\/strong><\/p>\n\n\n\n<div class=\"wp-block-buttons is-layout-flex wp-block-buttons-is-layout-flex\">\n<div class=\"wp-block-button\"><a class=\"wp-block-button__link\" href=\"https:\/\/www.comau.com\/pt-br\/competencies\/consultancy-education\/companies-professionals\/professional-project-management-with-pmp-certification\/\">Saiba mais<\/a><\/div>\n<\/div>\n<\/div>\n\n\n\n<div class=\"wp-block-column is-layout-flow wp-block-column-is-layout-flow\">\n<h3 class=\"wp-block-heading\">PME- Fundamentos de Gerenciamento de Projetos<\/h3>\n\n\n\n<p>Aprimore sua compreens\u00e3o do ambiente de projetos e melhore sua capacidade para aplicar de maneira eficaz os processos de gerenciamento de projetos.<br><br><strong>Dura\u00e7\u00e3o: 2 dias<br>15 Unidades de Desenvolvimento Profissional ou horas de contato<\/strong><\/p>\n\n\n\n<div class=\"wp-block-buttons is-layout-flex wp-block-buttons-is-layout-flex\">\n<div class=\"wp-block-button\"><a class=\"wp-block-button__link\" href=\"https:\/\/www.comau.com\/pt-br\/competencies\/consultancy-education\/companies-professionals\/project-management-essentials-pme\/\">Saiba mais<\/a><\/div>\n<\/div>\n<\/div>\n<\/div>\n","protected":false},"excerpt":{"rendered":"<p>Cursos de Desenvolvimento Profissional A Academia Comau de Gest\u00e3o de Projetos (Academia Comau GP) utiliza aulas, compartilhamento de conhecimento e coopera\u00e7\u00e3o com outras institui\u00e7\u00f5es para oferecer treinamento para o desenvolvimento profissional, para empresas e indiv\u00edduos em todo o mundo. A Academia Comau GP \u00e9 uma institui\u00e7\u00e3o certificada como REP\u00ae &#8211; Provedor Educacional Registrado global, e [&hellip;]<\/p>\n","protected":false},"author":11,"featured_media":10296,"parent":65284,"menu_order":2,"comment_status":"closed","ping_status":"closed","template":"","meta":{"_acf_changed":false,"ep_exclude_from_search":false,"footnotes":""},"class_list":["post-23265","page","type-page","status-publish","has-post-thumbnail","hentry"],"acf":[],"yoast_head":"<!-- This site is optimized with the Yoast SEO plugin v26.9 - https:\/\/yoast.com\/product\/yoast-seo-wordpress\/ -->\n<title>PM Academy: cursos de especializa\u00e7\u00e3o profissional - Comau<\/title>\n<meta name=\"description\" content=\"A Comau Project Management Academy, com certifica\u00e7\u00e3o REP\u00ae, organiza cursos para melhorar e aumentar as habilidades na gest\u00e3o de processos. Descubra os detalhes no site.\" \/>\n<meta name=\"robots\" content=\"index, follow, max-snippet:-1, max-image-preview:large, max-video-preview:-1\" \/>\n<link rel=\"canonical\" href=\"https:\/\/www.comau.com\/pt-br\/competencies\/services\/project-management-academy\/\" \/>\n<meta property=\"og:locale\" content=\"pt_BR\" \/>\n<meta property=\"og:type\" content=\"article\" \/>\n<meta property=\"og:title\" content=\"PM Academy: cursos de especializa\u00e7\u00e3o profissional - Comau\" \/>\n<meta property=\"og:description\" content=\"A Comau Project Management Academy, com certifica\u00e7\u00e3o REP\u00ae, organiza cursos para melhorar e aumentar as habilidades na gest\u00e3o de processos. Descubra os detalhes no site.\" \/>\n<meta property=\"og:url\" content=\"https:\/\/www.comau.com\/pt-br\/competencies\/services\/project-management-academy\/\" \/>\n<meta property=\"og:site_name\" content=\"Comau\" \/>\n<meta property=\"article:publisher\" content=\"https:\/\/www.facebook.com\/COMAU\/\" \/>\n<meta property=\"article:modified_time\" content=\"2021-08-27T16:08:59+00:00\" \/>\n<meta property=\"og:image\" content=\"https:\/\/www.comau.com\/wp-content\/uploads\/2021\/06\/header_DSC1978.png\" \/>\n\t<meta property=\"og:image:width\" content=\"1280\" \/>\n\t<meta property=\"og:image:height\" content=\"485\" \/>\n\t<meta property=\"og:image:type\" content=\"image\/png\" \/>\n<meta name=\"twitter:card\" content=\"summary_large_image\" \/>\n<meta name=\"twitter:site\" content=\"@comaugroup\" \/>\n<meta name=\"twitter:label1\" content=\"Est. tempo de leitura\" \/>\n\t<meta name=\"twitter:data1\" content=\"2 minutos\" \/>\n<script type=\"application\/ld+json\" class=\"yoast-schema-graph\">{\"@context\":\"https:\/\/schema.org\",\"@graph\":[{\"@type\":\"WebPage\",\"@id\":\"https:\/\/www.comau.com\/pt-br\/competencies\/services\/project-management-academy\/\",\"url\":\"https:\/\/www.comau.com\/pt-br\/competencies\/services\/project-management-academy\/\",\"name\":\"PM Academy: cursos de especializa\u00e7\u00e3o profissional - Comau\",\"isPartOf\":{\"@id\":\"https:\/\/www.comau.com\/pt-br\/#website\"},\"primaryImageOfPage\":{\"@id\":\"https:\/\/www.comau.com\/pt-br\/competencies\/services\/project-management-academy\/#primaryimage\"},\"image\":{\"@id\":\"https:\/\/www.comau.com\/pt-br\/competencies\/services\/project-management-academy\/#primaryimage\"},\"thumbnailUrl\":\"https:\/\/www.comau.com\/wp-content\/uploads\/2021\/06\/header_DSC1978.png\",\"datePublished\":\"2021-06-09T14:06:26+00:00\",\"dateModified\":\"2021-08-27T16:08:59+00:00\",\"description\":\"A Comau Project Management Academy, com certifica\u00e7\u00e3o REP\u00ae, organiza cursos para melhorar e aumentar as habilidades na gest\u00e3o de processos. Descubra os detalhes no site.\",\"breadcrumb\":{\"@id\":\"https:\/\/www.comau.com\/pt-br\/competencies\/services\/project-management-academy\/#breadcrumb\"},\"inLanguage\":\"pt-BR\",\"potentialAction\":[{\"@type\":\"ReadAction\",\"target\":[\"https:\/\/www.comau.com\/pt-br\/competencies\/services\/project-management-academy\/\"]}]},{\"@type\":\"ImageObject\",\"inLanguage\":\"pt-BR\",\"@id\":\"https:\/\/www.comau.com\/pt-br\/competencies\/services\/project-management-academy\/#primaryimage\",\"url\":\"https:\/\/www.comau.com\/wp-content\/uploads\/2021\/06\/header_DSC1978.png\",\"contentUrl\":\"https:\/\/www.comau.com\/wp-content\/uploads\/2021\/06\/header_DSC1978.png\",\"width\":1280,\"height\":485},{\"@type\":\"BreadcrumbList\",\"@id\":\"https:\/\/www.comau.com\/pt-br\/competencies\/services\/project-management-academy\/#breadcrumb\",\"itemListElement\":[{\"@type\":\"ListItem\",\"position\":1,\"name\":\"Home\",\"item\":\"https:\/\/www.comau.com\/pt-br\/\"},{\"@type\":\"ListItem\",\"position\":2,\"name\":\"Nossas Compet\u00eancias\",\"item\":\"https:\/\/www.comau.com\/pt-br\/competencies\/\"},{\"@type\":\"ListItem\",\"position\":3,\"name\":\"Consultancy &#038; Education\",\"item\":\"https:\/\/www.comau.com\/pt-br\/competencies\/consultancy-education\/\"},{\"@type\":\"ListItem\",\"position\":4,\"name\":\"Project Management\",\"item\":\"https:\/\/www.comau.com\/pt-br\/competencies\/consultancy-education\/project-management\/\"},{\"@type\":\"ListItem\",\"position\":5,\"name\":\"Project Management Academy\"}]},{\"@type\":\"WebSite\",\"@id\":\"https:\/\/www.comau.com\/pt-br\/#website\",\"url\":\"https:\/\/www.comau.com\/pt-br\/\",\"name\":\"Comau\",\"description\":\"Industrial automation and robotics\",\"publisher\":{\"@id\":\"https:\/\/www.comau.com\/pt-br\/#organization\"},\"potentialAction\":[{\"@type\":\"SearchAction\",\"target\":{\"@type\":\"EntryPoint\",\"urlTemplate\":\"https:\/\/www.comau.com\/pt-br\/?s={search_term_string}\"},\"query-input\":{\"@type\":\"PropertyValueSpecification\",\"valueRequired\":true,\"valueName\":\"search_term_string\"}}],\"inLanguage\":\"pt-BR\"},{\"@type\":\"Organization\",\"@id\":\"https:\/\/www.comau.com\/pt-br\/#organization\",\"name\":\"Comau\",\"url\":\"https:\/\/www.comau.com\/pt-br\/\",\"logo\":{\"@type\":\"ImageObject\",\"inLanguage\":\"pt-BR\",\"@id\":\"https:\/\/www.comau.com\/pt-br\/#\/schema\/logo\/image\/\",\"url\":\"https:\/\/www.comau.com\/wp-content\/uploads\/2024\/07\/cropped-Logo-COMAU.png\",\"contentUrl\":\"https:\/\/www.comau.com\/wp-content\/uploads\/2024\/07\/cropped-Logo-COMAU.png\",\"width\":434,\"height\":434,\"caption\":\"Comau\"},\"image\":{\"@id\":\"https:\/\/www.comau.com\/pt-br\/#\/schema\/logo\/image\/\"},\"sameAs\":[\"https:\/\/www.facebook.com\/COMAU\/\",\"https:\/\/x.com\/comaugroup\",\"https:\/\/www.instagram.com\/comaugroup\/\",\"https:\/\/www.linkedin.com\/company\/comau\",\"https:\/\/www.youtube.com\/user\/comau\"]}]}<\/script>\n<!-- \/ Yoast SEO plugin. -->","yoast_head_json":{"title":"PM Academy: cursos de especializa\u00e7\u00e3o profissional - Comau","description":"A Comau Project Management Academy, com certifica\u00e7\u00e3o REP\u00ae, organiza cursos para melhorar e aumentar as habilidades na gest\u00e3o de processos. Descubra os detalhes no site.","robots":{"index":"index","follow":"follow","max-snippet":"max-snippet:-1","max-image-preview":"max-image-preview:large","max-video-preview":"max-video-preview:-1"},"canonical":"https:\/\/www.comau.com\/pt-br\/competencies\/services\/project-management-academy\/","og_locale":"pt_BR","og_type":"article","og_title":"PM Academy: cursos de especializa\u00e7\u00e3o profissional - Comau","og_description":"A Comau Project Management Academy, com certifica\u00e7\u00e3o REP\u00ae, organiza cursos para melhorar e aumentar as habilidades na gest\u00e3o de processos. Descubra os detalhes no site.","og_url":"https:\/\/www.comau.com\/pt-br\/competencies\/services\/project-management-academy\/","og_site_name":"Comau","article_publisher":"https:\/\/www.facebook.com\/COMAU\/","article_modified_time":"2021-08-27T16:08:59+00:00","og_image":[{"width":1280,"height":485,"url":"https:\/\/www.comau.com\/wp-content\/uploads\/2021\/06\/header_DSC1978.png","type":"image\/png"}],"twitter_card":"summary_large_image","twitter_site":"@comaugroup","twitter_misc":{"Est. tempo de leitura":"2 minutos"},"schema":{"@context":"https:\/\/schema.org","@graph":[{"@type":"WebPage","@id":"https:\/\/www.comau.com\/pt-br\/competencies\/services\/project-management-academy\/","url":"https:\/\/www.comau.com\/pt-br\/competencies\/services\/project-management-academy\/","name":"PM Academy: cursos de especializa\u00e7\u00e3o profissional - Comau","isPartOf":{"@id":"https:\/\/www.comau.com\/pt-br\/#website"},"primaryImageOfPage":{"@id":"https:\/\/www.comau.com\/pt-br\/competencies\/services\/project-management-academy\/#primaryimage"},"image":{"@id":"https:\/\/www.comau.com\/pt-br\/competencies\/services\/project-management-academy\/#primaryimage"},"thumbnailUrl":"https:\/\/www.comau.com\/wp-content\/uploads\/2021\/06\/header_DSC1978.png","datePublished":"2021-06-09T14:06:26+00:00","dateModified":"2021-08-27T16:08:59+00:00","description":"A Comau Project Management Academy, com certifica\u00e7\u00e3o REP\u00ae, organiza cursos para melhorar e aumentar as habilidades na gest\u00e3o de processos. Descubra os detalhes no site.","breadcrumb":{"@id":"https:\/\/www.comau.com\/pt-br\/competencies\/services\/project-management-academy\/#breadcrumb"},"inLanguage":"pt-BR","potentialAction":[{"@type":"ReadAction","target":["https:\/\/www.comau.com\/pt-br\/competencies\/services\/project-management-academy\/"]}]},{"@type":"ImageObject","inLanguage":"pt-BR","@id":"https:\/\/www.comau.com\/pt-br\/competencies\/services\/project-management-academy\/#primaryimage","url":"https:\/\/www.comau.com\/wp-content\/uploads\/2021\/06\/header_DSC1978.png","contentUrl":"https:\/\/www.comau.com\/wp-content\/uploads\/2021\/06\/header_DSC1978.png","width":1280,"height":485},{"@type":"BreadcrumbList","@id":"https:\/\/www.comau.com\/pt-br\/competencies\/services\/project-management-academy\/#breadcrumb","itemListElement":[{"@type":"ListItem","position":1,"name":"Home","item":"https:\/\/www.comau.com\/pt-br\/"},{"@type":"ListItem","position":2,"name":"Nossas Compet\u00eancias","item":"https:\/\/www.comau.com\/pt-br\/competencies\/"},{"@type":"ListItem","position":3,"name":"Consultancy &#038; Education","item":"https:\/\/www.comau.com\/pt-br\/competencies\/consultancy-education\/"},{"@type":"ListItem","position":4,"name":"Project Management","item":"https:\/\/www.comau.com\/pt-br\/competencies\/consultancy-education\/project-management\/"},{"@type":"ListItem","position":5,"name":"Project Management Academy"}]},{"@type":"WebSite","@id":"https:\/\/www.comau.com\/pt-br\/#website","url":"https:\/\/www.comau.com\/pt-br\/","name":"Comau","description":"Industrial automation and robotics","publisher":{"@id":"https:\/\/www.comau.com\/pt-br\/#organization"},"potentialAction":[{"@type":"SearchAction","target":{"@type":"EntryPoint","urlTemplate":"https:\/\/www.comau.com\/pt-br\/?s={search_term_string}"},"query-input":{"@type":"PropertyValueSpecification","valueRequired":true,"valueName":"search_term_string"}}],"inLanguage":"pt-BR"},{"@type":"Organization","@id":"https:\/\/www.comau.com\/pt-br\/#organization","name":"Comau","url":"https:\/\/www.comau.com\/pt-br\/","logo":{"@type":"ImageObject","inLanguage":"pt-BR","@id":"https:\/\/www.comau.com\/pt-br\/#\/schema\/logo\/image\/","url":"https:\/\/www.comau.com\/wp-content\/uploads\/2024\/07\/cropped-Logo-COMAU.png","contentUrl":"https:\/\/www.comau.com\/wp-content\/uploads\/2024\/07\/cropped-Logo-COMAU.png","width":434,"height":434,"caption":"Comau"},"image":{"@id":"https:\/\/www.comau.com\/pt-br\/#\/schema\/logo\/image\/"},"sameAs":["https:\/\/www.facebook.com\/COMAU\/","https:\/\/x.com\/comaugroup","https:\/\/www.instagram.com\/comaugroup\/","https:\/\/www.linkedin.com\/company\/comau","https:\/\/www.youtube.com\/user\/comau"]}]}},"_links":{"self":[{"href":"https:\/\/www.comau.com\/pt-br\/wp-json\/wp\/v2\/pages\/23265","targetHints":{"allow":["GET"]}}],"collection":[{"href":"https:\/\/www.comau.com\/pt-br\/wp-json\/wp\/v2\/pages"}],"about":[{"href":"https:\/\/www.comau.com\/pt-br\/wp-json\/wp\/v2\/types\/page"}],"author":[{"embeddable":true,"href":"https:\/\/www.comau.com\/pt-br\/wp-json\/wp\/v2\/users\/11"}],"replies":[{"embeddable":true,"href":"https:\/\/www.comau.com\/pt-br\/wp-json\/wp\/v2\/comments?post=23265"}],"version-history":[{"count":19,"href":"https:\/\/www.comau.com\/pt-br\/wp-json\/wp\/v2\/pages\/23265\/revisions"}],"predecessor-version":[{"id":38653,"href":"https:\/\/www.comau.com\/pt-br\/wp-json\/wp\/v2\/pages\/23265\/revisions\/38653"}],"up":[{"embeddable":true,"href":"https:\/\/www.comau.com\/pt-br\/wp-json\/wp\/v2\/pages\/65284"}],"wp:featuredmedia":[{"embeddable":true,"href":"https:\/\/www.comau.com\/pt-br\/wp-json\/wp\/v2\/media\/10296"}],"wp:attachment":[{"href":"https:\/\/www.comau.com\/pt-br\/wp-json\/wp\/v2\/media?parent=23265"}],"curies":[{"name":"wp","href":"https:\/\/api.w.org\/{rel}","templated":true}]}}