{"id":23260,"date":"2021-06-09T16:06:19","date_gmt":"2021-06-09T14:06:19","guid":{"rendered":"https:\/\/www.comau.com\/?page_id=23260"},"modified":"2021-07-17T18:51:34","modified_gmt":"2021-07-17T16:51:34","slug":"risk-management","status":"publish","type":"page","link":"https:\/\/www.comau.com\/pt-br\/competencies\/systems\/consultancy-education\/project-management\/risk-management\/","title":{"rendered":"Gest\u00e3o de Riscos"},"content":{"rendered":"\n<h2 class=\"wp-block-heading\">Organiza\u00e7\u00e3o de Gest\u00e3o de Riscos<\/h2>\n\n\n\n<p>A Gest\u00e3o de Riscos \u00e9 uma parte integral da Governan\u00e7a Corporativa da Empresa, porque ela tem o objetivo de determinar a exposi\u00e7\u00e3o a riscos conectada \u00e0 opera\u00e7\u00e3o de cada linha de neg\u00f3cios e unidades organizacionais, e colocar em pr\u00e1tica as a\u00e7\u00f5es adequadas de preven\u00e7\u00e3o e atenua\u00e7\u00e3o.<\/p>\n\n\n\n<p>A Gest\u00e3o de Riscos realmente prov\u00ea a Empresa com os meios e o conhecimento para detec\u00e7\u00e3o precoce de riscos e conduz as pessoas em todos os n\u00edveis a tomar as medidas adequadas para lidar com eles.<\/p>\n\n\n\n<p>A Comau aplica sistematicamente suas Orienta\u00e7\u00f5es Corporativas de Gest\u00e3o de Riscos nos processos de neg\u00f3cios e avalia os riscos em rela\u00e7\u00e3o ao seu n\u00edvel potencial de dano e possibilidade de ocorr\u00eancia; estando totalmente consciente de que a monitora\u00e7\u00e3o cont\u00ednua e a melhoria na efetividade das estrat\u00e9gias de resposta s\u00e3o pr\u00e9-requisitos essenciais para a cria\u00e7\u00e3o de valor que traz benef\u00edcios \u00e0 Comau, a seus Clientes e parceiros de neg\u00f3cios.  <\/p>\n\n\n\n<div class=\"wp-block-image\"><figure class=\"aligncenter size-large\"><img decoding=\"async\" width=\"650\" height=\"650\" src=\"https:\/\/www.comau.com\/wp-content\/uploads\/2021\/06\/risk_1.jpg\" alt=\"\" class=\"wp-image-10281\" srcset=\"https:\/\/www.comau.com\/wp-content\/uploads\/2021\/06\/risk_1.jpg 650w, https:\/\/www.comau.com\/wp-content\/uploads\/2021\/06\/risk_1-300x300.jpg 300w, https:\/\/www.comau.com\/wp-content\/uploads\/2021\/06\/risk_1-150x150.jpg 150w\" sizes=\"(max-width: 650px) 100vw, 650px\" \/><\/figure><\/div>\n\n\n\n<h2 class=\"wp-block-heading\">Gest\u00e3o de Riscos do Empreendimento: Campos de Aplica\u00e7\u00e3o<\/h2>\n\n\n\n<p>A organiza\u00e7\u00e3o da Comau para Gest\u00e3o de Riscos faz parte do Escrit\u00f3rio De Gest\u00e3o de Riscos Corporativos; os principais objetivos de suas atividades s\u00e3o fornecer um enquadramento global para Gest\u00e3o de Riscos na Empresa e colaborar com as Linhas de Neg\u00f3cios (Opera\u00e7\u00e3o e Vendas) e Fun\u00e7\u00f5es, para garantir que:<\/p>\n\n\n\n<ul class=\"wp-block-list\"><li>A Aquisi\u00e7\u00e3o de novos Projetos \/ Contratos seja sempre precedida de Avalia\u00e7\u00f5es de Riscos precisas;<\/li><li>A Execu\u00e7\u00e3o de Projetos seja caracterizada pela sistem\u00e1tica identifica\u00e7\u00e3o, preven\u00e7\u00e3o e atenua\u00e7\u00e3o de Riscos;<\/li><li>Os Resultados do Portf\u00f3lio de An\u00e1lise de Riscos (Unidades de Neg\u00f3cios, Regi\u00e3o) sejam considerados um suporte valioso para se levar em conta para impulsionar decis\u00f5es estrat\u00e9gicas.<\/li><\/ul>\n\n\n\n<div class=\"wp-block-image\"><figure class=\"aligncenter size-large\"><img decoding=\"async\" width=\"488\" height=\"325\" src=\"https:\/\/www.comau.com\/wp-content\/uploads\/2021\/06\/risk_2.jpg\" alt=\"\" class=\"wp-image-10286\" srcset=\"https:\/\/www.comau.com\/wp-content\/uploads\/2021\/06\/risk_2.jpg 488w, https:\/\/www.comau.com\/wp-content\/uploads\/2021\/06\/risk_2-300x200.jpg 300w\" sizes=\"(max-width: 488px) 100vw, 488px\" \/><\/figure><\/div>\n\n\n\n<p>Al\u00e9m disso, a organiza\u00e7\u00e3o da Comau para Gest\u00e3o de Riscos \u00e9 respons\u00e1vel por:<\/p>\n\n\n\n<ul class=\"wp-block-list\"><li>Projetar, Organizar e Prover sess\u00f5es de treinamento para os Empregados da Comau no mundo todo, de modo a assegurar a dissemina\u00e7\u00e3o e a padroniza\u00e7\u00e3o das Melhores Metodologias e Pr\u00e1ticas na \u00e1rea; <\/li><li>Definir, Desenvolver e Distribuir Ferramentas avan\u00e7adas que possam facilitar e tornar mais eficaz os esfor\u00e7os de Gest\u00e3o de Riscos para equipes de Projeto e Gest\u00e3o de Vendas;<\/li><li>Minimizar a exposi\u00e7\u00e3o a riscos, recorrendo sistematicamente \u00e0 compila\u00e7\u00e3o de li\u00e7\u00f5es aprendidas em riscos relacionados, que se tornam um valioso Ativo da Empresa, dispon\u00edvel a todos dentro da Empresa;<\/li><li>Assegurar que Melhorias Cont\u00ednuas no campo sejam atingidas<\/li><\/ul>\n\n\n\n<div class=\"wp-block-image\"><figure class=\"aligncenter size-large\"><img decoding=\"async\" width=\"809\" height=\"444\" src=\"https:\/\/www.comau.com\/wp-content\/uploads\/2021\/06\/risk_3.jpg\" alt=\"\" class=\"wp-image-10291\" srcset=\"https:\/\/www.comau.com\/wp-content\/uploads\/2021\/06\/risk_3.jpg 809w, https:\/\/www.comau.com\/wp-content\/uploads\/2021\/06\/risk_3-300x165.jpg 300w, https:\/\/www.comau.com\/wp-content\/uploads\/2021\/06\/risk_3-768x421.jpg 768w\" sizes=\"(max-width: 809px) 100vw, 809px\" \/><\/figure><\/div>\n","protected":false},"excerpt":{"rendered":"<p>Organiza\u00e7\u00e3o de Gest\u00e3o de Riscos A Gest\u00e3o de Riscos \u00e9 uma parte integral da Governan\u00e7a Corporativa da Empresa, porque ela tem o objetivo de determinar a exposi\u00e7\u00e3o a riscos conectada \u00e0 opera\u00e7\u00e3o de cada linha de neg\u00f3cios e unidades organizacionais, e colocar em pr\u00e1tica as a\u00e7\u00f5es adequadas de preven\u00e7\u00e3o e atenua\u00e7\u00e3o. A Gest\u00e3o de Riscos [&hellip;]<\/p>\n","protected":false},"author":11,"featured_media":10276,"parent":6464,"menu_order":1,"comment_status":"closed","ping_status":"closed","template":"","meta":{"_acf_changed":false,"ep_exclude_from_search":false,"footnotes":""},"class_list":["post-23260","page","type-page","status-publish","has-post-thumbnail","hentry"],"acf":[],"yoast_head":"<!-- This site is optimized with the Yoast SEO plugin v26.9 - https:\/\/yoast.com\/product\/yoast-seo-wordpress\/ -->\n<title>Gest\u00e3o de Riscos - Comau<\/title>\n<meta name=\"robots\" content=\"index, follow, max-snippet:-1, max-image-preview:large, max-video-preview:-1\" \/>\n<link rel=\"canonical\" href=\"https:\/\/www.comau.com\/pt-br\/competencies\/systems\/consultancy-education\/project-management\/risk-management\/\" \/>\n<meta property=\"og:locale\" content=\"pt_BR\" \/>\n<meta property=\"og:type\" content=\"article\" \/>\n<meta property=\"og:title\" content=\"Gest\u00e3o de Riscos - Comau\" \/>\n<meta property=\"og:description\" content=\"Organiza\u00e7\u00e3o de Gest\u00e3o de Riscos A Gest\u00e3o de Riscos \u00e9 uma parte integral da Governan\u00e7a Corporativa da Empresa, porque ela tem o objetivo de determinar a exposi\u00e7\u00e3o a riscos conectada \u00e0 opera\u00e7\u00e3o de cada linha de neg\u00f3cios e unidades organizacionais, e colocar em pr\u00e1tica as a\u00e7\u00f5es adequadas de preven\u00e7\u00e3o e atenua\u00e7\u00e3o. A Gest\u00e3o de Riscos [&hellip;]\" \/>\n<meta property=\"og:url\" content=\"https:\/\/www.comau.com\/pt-br\/competencies\/systems\/consultancy-education\/project-management\/risk-management\/\" \/>\n<meta property=\"og:site_name\" content=\"Comau\" \/>\n<meta property=\"article:publisher\" content=\"https:\/\/www.facebook.com\/COMAU\/\" \/>\n<meta property=\"article:modified_time\" content=\"2021-07-17T16:51:34+00:00\" \/>\n<meta property=\"og:image\" content=\"https:\/\/www.comau.com\/wp-content\/uploads\/2021\/06\/riskmanagement_header.jpg\" \/>\n\t<meta property=\"og:image:width\" content=\"1280\" \/>\n\t<meta property=\"og:image:height\" content=\"485\" \/>\n\t<meta property=\"og:image:type\" content=\"image\/jpeg\" \/>\n<meta name=\"twitter:card\" content=\"summary_large_image\" \/>\n<meta name=\"twitter:site\" content=\"@comaugroup\" \/>\n<meta name=\"twitter:label1\" content=\"Est. tempo de leitura\" \/>\n\t<meta name=\"twitter:data1\" content=\"3 minutos\" \/>\n<script type=\"application\/ld+json\" class=\"yoast-schema-graph\">{\"@context\":\"https:\/\/schema.org\",\"@graph\":[{\"@type\":\"WebPage\",\"@id\":\"https:\/\/www.comau.com\/pt-br\/competencies\/systems\/consultancy-education\/project-management\/risk-management\/\",\"url\":\"https:\/\/www.comau.com\/pt-br\/competencies\/systems\/consultancy-education\/project-management\/risk-management\/\",\"name\":\"Gest\u00e3o de Riscos - Comau\",\"isPartOf\":{\"@id\":\"https:\/\/www.comau.com\/pt-br\/#website\"},\"primaryImageOfPage\":{\"@id\":\"https:\/\/www.comau.com\/pt-br\/competencies\/systems\/consultancy-education\/project-management\/risk-management\/#primaryimage\"},\"image\":{\"@id\":\"https:\/\/www.comau.com\/pt-br\/competencies\/systems\/consultancy-education\/project-management\/risk-management\/#primaryimage\"},\"thumbnailUrl\":\"https:\/\/www.comau.com\/wp-content\/uploads\/2021\/06\/riskmanagement_header.jpg\",\"datePublished\":\"2021-06-09T14:06:19+00:00\",\"dateModified\":\"2021-07-17T16:51:34+00:00\",\"breadcrumb\":{\"@id\":\"https:\/\/www.comau.com\/pt-br\/competencies\/systems\/consultancy-education\/project-management\/risk-management\/#breadcrumb\"},\"inLanguage\":\"pt-BR\",\"potentialAction\":[{\"@type\":\"ReadAction\",\"target\":[\"https:\/\/www.comau.com\/pt-br\/competencies\/systems\/consultancy-education\/project-management\/risk-management\/\"]}]},{\"@type\":\"ImageObject\",\"inLanguage\":\"pt-BR\",\"@id\":\"https:\/\/www.comau.com\/pt-br\/competencies\/systems\/consultancy-education\/project-management\/risk-management\/#primaryimage\",\"url\":\"https:\/\/www.comau.com\/wp-content\/uploads\/2021\/06\/riskmanagement_header.jpg\",\"contentUrl\":\"https:\/\/www.comau.com\/wp-content\/uploads\/2021\/06\/riskmanagement_header.jpg\",\"width\":1280,\"height\":485},{\"@type\":\"BreadcrumbList\",\"@id\":\"https:\/\/www.comau.com\/pt-br\/competencies\/systems\/consultancy-education\/project-management\/risk-management\/#breadcrumb\",\"itemListElement\":[{\"@type\":\"ListItem\",\"position\":1,\"name\":\"Home\",\"item\":\"https:\/\/www.comau.com\/pt-br\/\"},{\"@type\":\"ListItem\",\"position\":2,\"name\":\"Nossas Compet\u00eancias\",\"item\":\"https:\/\/www.comau.com\/pt-br\/competencies\/\"},{\"@type\":\"ListItem\",\"position\":3,\"name\":\"Consultancy &#038; Education\",\"item\":\"https:\/\/www.comau.com\/pt-br\/competencies\/consultancy-education\/\"},{\"@type\":\"ListItem\",\"position\":4,\"name\":\"Project Management\",\"item\":\"https:\/\/www.comau.com\/pt-br\/competencies\/consultancy-education\/project-management\/\"},{\"@type\":\"ListItem\",\"position\":5,\"name\":\"Gest\u00e3o de Riscos\"}]},{\"@type\":\"WebSite\",\"@id\":\"https:\/\/www.comau.com\/pt-br\/#website\",\"url\":\"https:\/\/www.comau.com\/pt-br\/\",\"name\":\"Comau\",\"description\":\"Industrial automation and robotics\",\"publisher\":{\"@id\":\"https:\/\/www.comau.com\/pt-br\/#organization\"},\"potentialAction\":[{\"@type\":\"SearchAction\",\"target\":{\"@type\":\"EntryPoint\",\"urlTemplate\":\"https:\/\/www.comau.com\/pt-br\/?s={search_term_string}\"},\"query-input\":{\"@type\":\"PropertyValueSpecification\",\"valueRequired\":true,\"valueName\":\"search_term_string\"}}],\"inLanguage\":\"pt-BR\"},{\"@type\":\"Organization\",\"@id\":\"https:\/\/www.comau.com\/pt-br\/#organization\",\"name\":\"Comau\",\"url\":\"https:\/\/www.comau.com\/pt-br\/\",\"logo\":{\"@type\":\"ImageObject\",\"inLanguage\":\"pt-BR\",\"@id\":\"https:\/\/www.comau.com\/pt-br\/#\/schema\/logo\/image\/\",\"url\":\"https:\/\/www.comau.com\/wp-content\/uploads\/2024\/07\/cropped-Logo-COMAU.png\",\"contentUrl\":\"https:\/\/www.comau.com\/wp-content\/uploads\/2024\/07\/cropped-Logo-COMAU.png\",\"width\":434,\"height\":434,\"caption\":\"Comau\"},\"image\":{\"@id\":\"https:\/\/www.comau.com\/pt-br\/#\/schema\/logo\/image\/\"},\"sameAs\":[\"https:\/\/www.facebook.com\/COMAU\/\",\"https:\/\/x.com\/comaugroup\",\"https:\/\/www.instagram.com\/comaugroup\/\",\"https:\/\/www.linkedin.com\/company\/comau\",\"https:\/\/www.youtube.com\/user\/comau\"]}]}<\/script>\n<!-- \/ Yoast SEO plugin. -->","yoast_head_json":{"title":"Gest\u00e3o de Riscos - Comau","robots":{"index":"index","follow":"follow","max-snippet":"max-snippet:-1","max-image-preview":"max-image-preview:large","max-video-preview":"max-video-preview:-1"},"canonical":"https:\/\/www.comau.com\/pt-br\/competencies\/systems\/consultancy-education\/project-management\/risk-management\/","og_locale":"pt_BR","og_type":"article","og_title":"Gest\u00e3o de Riscos - Comau","og_description":"Organiza\u00e7\u00e3o de Gest\u00e3o de Riscos A Gest\u00e3o de Riscos \u00e9 uma parte integral da Governan\u00e7a Corporativa da Empresa, porque ela tem o objetivo de determinar a exposi\u00e7\u00e3o a riscos conectada \u00e0 opera\u00e7\u00e3o de cada linha de neg\u00f3cios e unidades organizacionais, e colocar em pr\u00e1tica as a\u00e7\u00f5es adequadas de preven\u00e7\u00e3o e atenua\u00e7\u00e3o. A Gest\u00e3o de Riscos [&hellip;]","og_url":"https:\/\/www.comau.com\/pt-br\/competencies\/systems\/consultancy-education\/project-management\/risk-management\/","og_site_name":"Comau","article_publisher":"https:\/\/www.facebook.com\/COMAU\/","article_modified_time":"2021-07-17T16:51:34+00:00","og_image":[{"width":1280,"height":485,"url":"https:\/\/www.comau.com\/wp-content\/uploads\/2021\/06\/riskmanagement_header.jpg","type":"image\/jpeg"}],"twitter_card":"summary_large_image","twitter_site":"@comaugroup","twitter_misc":{"Est. tempo de leitura":"3 minutos"},"schema":{"@context":"https:\/\/schema.org","@graph":[{"@type":"WebPage","@id":"https:\/\/www.comau.com\/pt-br\/competencies\/systems\/consultancy-education\/project-management\/risk-management\/","url":"https:\/\/www.comau.com\/pt-br\/competencies\/systems\/consultancy-education\/project-management\/risk-management\/","name":"Gest\u00e3o de Riscos - Comau","isPartOf":{"@id":"https:\/\/www.comau.com\/pt-br\/#website"},"primaryImageOfPage":{"@id":"https:\/\/www.comau.com\/pt-br\/competencies\/systems\/consultancy-education\/project-management\/risk-management\/#primaryimage"},"image":{"@id":"https:\/\/www.comau.com\/pt-br\/competencies\/systems\/consultancy-education\/project-management\/risk-management\/#primaryimage"},"thumbnailUrl":"https:\/\/www.comau.com\/wp-content\/uploads\/2021\/06\/riskmanagement_header.jpg","datePublished":"2021-06-09T14:06:19+00:00","dateModified":"2021-07-17T16:51:34+00:00","breadcrumb":{"@id":"https:\/\/www.comau.com\/pt-br\/competencies\/systems\/consultancy-education\/project-management\/risk-management\/#breadcrumb"},"inLanguage":"pt-BR","potentialAction":[{"@type":"ReadAction","target":["https:\/\/www.comau.com\/pt-br\/competencies\/systems\/consultancy-education\/project-management\/risk-management\/"]}]},{"@type":"ImageObject","inLanguage":"pt-BR","@id":"https:\/\/www.comau.com\/pt-br\/competencies\/systems\/consultancy-education\/project-management\/risk-management\/#primaryimage","url":"https:\/\/www.comau.com\/wp-content\/uploads\/2021\/06\/riskmanagement_header.jpg","contentUrl":"https:\/\/www.comau.com\/wp-content\/uploads\/2021\/06\/riskmanagement_header.jpg","width":1280,"height":485},{"@type":"BreadcrumbList","@id":"https:\/\/www.comau.com\/pt-br\/competencies\/systems\/consultancy-education\/project-management\/risk-management\/#breadcrumb","itemListElement":[{"@type":"ListItem","position":1,"name":"Home","item":"https:\/\/www.comau.com\/pt-br\/"},{"@type":"ListItem","position":2,"name":"Nossas Compet\u00eancias","item":"https:\/\/www.comau.com\/pt-br\/competencies\/"},{"@type":"ListItem","position":3,"name":"Consultancy &#038; Education","item":"https:\/\/www.comau.com\/pt-br\/competencies\/consultancy-education\/"},{"@type":"ListItem","position":4,"name":"Project Management","item":"https:\/\/www.comau.com\/pt-br\/competencies\/consultancy-education\/project-management\/"},{"@type":"ListItem","position":5,"name":"Gest\u00e3o de Riscos"}]},{"@type":"WebSite","@id":"https:\/\/www.comau.com\/pt-br\/#website","url":"https:\/\/www.comau.com\/pt-br\/","name":"Comau","description":"Industrial automation and robotics","publisher":{"@id":"https:\/\/www.comau.com\/pt-br\/#organization"},"potentialAction":[{"@type":"SearchAction","target":{"@type":"EntryPoint","urlTemplate":"https:\/\/www.comau.com\/pt-br\/?s={search_term_string}"},"query-input":{"@type":"PropertyValueSpecification","valueRequired":true,"valueName":"search_term_string"}}],"inLanguage":"pt-BR"},{"@type":"Organization","@id":"https:\/\/www.comau.com\/pt-br\/#organization","name":"Comau","url":"https:\/\/www.comau.com\/pt-br\/","logo":{"@type":"ImageObject","inLanguage":"pt-BR","@id":"https:\/\/www.comau.com\/pt-br\/#\/schema\/logo\/image\/","url":"https:\/\/www.comau.com\/wp-content\/uploads\/2024\/07\/cropped-Logo-COMAU.png","contentUrl":"https:\/\/www.comau.com\/wp-content\/uploads\/2024\/07\/cropped-Logo-COMAU.png","width":434,"height":434,"caption":"Comau"},"image":{"@id":"https:\/\/www.comau.com\/pt-br\/#\/schema\/logo\/image\/"},"sameAs":["https:\/\/www.facebook.com\/COMAU\/","https:\/\/x.com\/comaugroup","https:\/\/www.instagram.com\/comaugroup\/","https:\/\/www.linkedin.com\/company\/comau","https:\/\/www.youtube.com\/user\/comau"]}]}},"_links":{"self":[{"href":"https:\/\/www.comau.com\/pt-br\/wp-json\/wp\/v2\/pages\/23260","targetHints":{"allow":["GET"]}}],"collection":[{"href":"https:\/\/www.comau.com\/pt-br\/wp-json\/wp\/v2\/pages"}],"about":[{"href":"https:\/\/www.comau.com\/pt-br\/wp-json\/wp\/v2\/types\/page"}],"author":[{"embeddable":true,"href":"https:\/\/www.comau.com\/pt-br\/wp-json\/wp\/v2\/users\/11"}],"replies":[{"embeddable":true,"href":"https:\/\/www.comau.com\/pt-br\/wp-json\/wp\/v2\/comments?post=23260"}],"version-history":[{"count":17,"href":"https:\/\/www.comau.com\/pt-br\/wp-json\/wp\/v2\/pages\/23260\/revisions"}],"predecessor-version":[{"id":25486,"href":"https:\/\/www.comau.com\/pt-br\/wp-json\/wp\/v2\/pages\/23260\/revisions\/25486"}],"up":[{"embeddable":true,"href":"https:\/\/www.comau.com\/pt-br\/wp-json\/wp\/v2\/pages\/6464"}],"wp:featuredmedia":[{"embeddable":true,"href":"https:\/\/www.comau.com\/pt-br\/wp-json\/wp\/v2\/media\/10276"}],"wp:attachment":[{"href":"https:\/\/www.comau.com\/pt-br\/wp-json\/wp\/v2\/media?parent=23260"}],"curies":[{"name":"wp","href":"https:\/\/api.w.org\/{rel}","templated":true}]}}