{"id":23210,"date":"2021-07-01T01:04:55","date_gmt":"2021-06-30T23:04:55","guid":{"rendered":"https:\/\/www.comau.com\/?page_id=23210"},"modified":"2022-10-10T18:25:23","modified_gmt":"2022-10-10T16:25:23","slug":"in-grid","status":"publish","type":"page","link":"https:\/\/www.comau.com\/pt-br\/competencies\/products-solutions\/digital-initiatives\/technologies\/in-grid\/","title":{"rendered":"In.Grid"},"content":{"rendered":"\n<p>Nossa inovadora plataforma de rede combina os mundos digital e f\u00edsico atrav\u00e9s de sensorializa\u00e7\u00e3o, an\u00e1lise de dados e monitoramento em tempo real de equipamentos e sistemas e linhas de produ\u00e7\u00e3o.<\/p>\n\n\n\n<p> A in.Grid facilita a aquisi\u00e7\u00e3o e o interc\u00e2mbio de dados atrav\u00e9s da interconex\u00e3o de m\u00e1quinas e equipamentos para fabrica\u00e7\u00e3o da Comau e de terceiros para permitir o monitoramento e a telemetria de dados de processo\/tecnologia visando a manuten\u00e7\u00e3o preditiva e as metas de produtividade.\nAl\u00e9m disso, a in.Grid rastreia n\u00e3o apenas os processos de produ\u00e7\u00e3o automatizados, mas tamb\u00e9m aqueles manuais, gra\u00e7as a dispositivos pessoais (por exemplo, smartwatch, tablet) fornecidos aos operadores. \nUnindo comunica\u00e7\u00f5es, controle e an\u00e1lise de dados dentro de uma plataforma \u00fanica e simples de usar, a in.Grid ajuda voc\u00ea a alavancar a for\u00e7a da Industry 4.0 de uma maneira compensadora e altamente eficiente. <\/p>\n\n\n\n<p> A coleta de dados, o processamento e a conectividade s\u00e3o feitos em n\u00edvel de m\u00e1quina, linha ou f\u00e1brica, enquanto a plataforma de an\u00e1lise de dados com seus algoritmos de alto n\u00edvel capacidades de intelig\u00eancia artificial e recursos de armazenamento podem ser hospedados na pr\u00f3pria f\u00e1brica, em um centro de dados externo ou em uma nuvem privada. A intelig\u00eancia compartilhada \u00e9 ent\u00e3o distribu\u00edda usando computadores com tela de toque em n\u00edvel de linha  dispositivos m\u00f3veis e dispositivos eletr\u00f4nicos port\u00e1teis. <\/p>\n\n\n\n<div class=\"wp-block-getwid-toggle download-dropdown has-icon-left\">\n<div class=\"wp-block-getwid-toggle__row\"><div class=\"wp-block-getwid-toggle__header-wrapper\"><span class=\"wp-block-getwid-toggle__header\"><a href=\"#\"><span class=\"wp-block-getwid-toggle__header-title\">Download the brochure<\/span><span class=\"wp-block-getwid-toggle__icon is-active\"><i class=\"fas fa-plus\"><\/i><\/span><span class=\"wp-block-getwid-toggle__icon is-passive\"><i class=\"fas fa-minus\"><\/i><\/span><\/a><\/span><\/div><div class=\"wp-block-getwid-toggle__content-wrapper\"><div class=\"wp-block-getwid-toggle__content\">\n<div class=\"wp-block-getwid-button-group\"><div class=\"wp-block-getwid-button-group__wrapper\">\n<div class=\"wp-block-button\"><a class=\"wp-block-button__link\" href=\"https:\/\/www.comau.com\/wp-content\/uploads\/2022\/10\/Ingrid-Demo.pdf\" target=\"_blank\" rel=\"noreferrer noopener\">Comau_inGrid_Brochure<\/a><\/div>\n<\/div><\/div>\n<\/div><\/div><\/div>\n<\/div>\n\n\n\n<figure class=\"wp-block-embed is-type-video is-provider-youtube wp-block-embed-youtube wp-embed-aspect-16-9 wp-has-aspect-ratio\"><div class=\"wp-block-embed__wrapper\">\n<iframe title=\"Comau in.Grid - Cross Competency Digital Platform\" width=\"640\" height=\"360\" src=\"https:\/\/www.youtube.com\/embed\/77uGVMrZ3bg?feature=oembed\" frameborder=\"0\" allow=\"accelerometer; autoplay; clipboard-write; encrypted-media; gyroscope; picture-in-picture; web-share\" referrerpolicy=\"strict-origin-when-cross-origin\" allowfullscreen><\/iframe>\n<\/div><\/figure>\n\n\n\n<h2 class=\"wp-block-heading\" id=\"recursos-chave\">Recursos-chave<\/h2>\n\n\n\n<ul class=\"wp-block-list\"><li>Monitoramento e telemetria abrangente de dados tecnol\u00f3gicos e de processo<\/li><li>Suporte para armazenamento de dados no local, fora do local e em nuvem<\/li><li>An\u00e1lise de dados para manuten\u00e7\u00e3o baseada em condi\u00e7\u00e3o e gera\u00e7\u00e3o de alarmes precoces<\/li><li>Interface de f\u00e1cil utiliza\u00e7\u00e3o totalmente compat\u00edvel com dispositivos port\u00e1teis<\/li><li>Infra-estrutura independente de marca<\/li><li>Algoritmos supervisionados baseados nas necessidades e solicita\u00e7\u00f5es do cliente<\/li><\/ul>\n\n\n\n<h2 class=\"wp-block-heading\" id=\"beneficios-chave\">Benef\u00edcios-chave<\/h2>\n\n\n\n<ul class=\"wp-block-list\"><li>Par\u00e2metros de produ\u00e7\u00e3o rapidamente verific\u00e1veis em qualquer est\u00e1gio do processo de fabrica\u00e7\u00e3o<\/li><li>Opera\u00e7\u00f5es de manuten\u00e7\u00e3o e preven\u00e7\u00e3o de problemas facilitados antes mesmo que ocorram<\/li><li>Torna a fabrica\u00e7\u00e3o mais eficiente e otimizada, reduzindo os tempos de produ\u00e7\u00e3o<\/li><li>O teste de comportamento da linha garante uma maior produtividade, maior qualidade e menores custos globais<\/li><li>A plataforma aberta suporta m\u00e1quinas e processos da Comau e de terceiros<\/li><li>As m\u00faltiplas op\u00e7\u00f5es de armazenamento de dados podem ser ajustadas \u00e0s necessidades do cliente<\/li><li>Habilita a interface para arquitetura digital g\u00eamea em tempo real<\/li><\/ul>\n\n\n\n<h2 class=\"wp-block-heading\" id=\"oferta-in-grid\">Oferta in.Grid<\/h2>\n\n\n\n<div class=\"wp-block-columns columns-bg-dark is-layout-flex wp-container-core-columns-is-layout-9d6595d7 wp-block-columns-is-layout-flex\">\n<div class=\"wp-block-column is-layout-flow wp-block-column-is-layout-flow\">\n<figure class=\"wp-block-image size-large\"><img decoding=\"async\" width=\"199\" height=\"37\" src=\"https:\/\/www.comau.com\/wp-content\/uploads\/2021\/06\/in_grid_lot.png\" alt=\"in.Grid IOT\" class=\"wp-image-10056\" \/><\/figure>\n\n\n\n<p>Esta solu\u00e7\u00e3o coleta informa\u00e7\u00f5es em tempo real das m\u00e1quinas e de seus subcomponentes para monitorar suas condi\u00e7\u00f5es e reduzir os custos de manuten\u00e7\u00e3o atrav\u00e9s de algoritmos avan\u00e7ados que permitem a manuten\u00e7\u00e3o predivita.\nOferta:<\/p>\n\n\n\n<ul class=\"wp-block-list\"><li>Consultoria e avalia\u00e7\u00e3o<\/li><li>Adapta\u00e7\u00e3o de m\u00e1quinas a IoT<\/li><li>An\u00e1lise de dados e plataforma de telemetria avan\u00e7ada<\/li><\/ul>\n<\/div>\n\n\n\n<div class=\"wp-block-column is-layout-flow wp-block-column-is-layout-flow\">\n<figure class=\"wp-block-image size-large\"><img decoding=\"async\" width=\"200\" height=\"37\" src=\"https:\/\/www.comau.com\/wp-content\/uploads\/2021\/06\/in_grid_mes.png\" alt=\"in.Grid MES\" class=\"wp-image-10061\" \/><\/figure>\n\n\n\n<p>Esta solu\u00e7\u00e3o para ch\u00e3o de f\u00e1brica coleta o conjunto completo de dados de produ\u00e7\u00e3o em tempo real, da aceita\u00e7\u00e3o das mat\u00e9rias primas \u00e0 expedi\u00e7\u00e3o do produto acabado.\nOferta:<\/p>\n\n\n\n<ul class=\"wp-block-list\"><li>Planejamento da produ\u00e7\u00e3o, otimiza\u00e7\u00e3o e programa\u00e7\u00e3o do processo de execu\u00e7\u00e3o algor\u00edtmica e rastreabilidade de dados <\/li><li>Cria\u00e7\u00e3o de SOP (Procedimento de Opera\u00e7\u00e3o Constante) digital passo a passo<\/li><li>Integra\u00e7\u00e3o de sistemas preexistentes <\/li><\/ul>\n<\/div>\n<\/div>\n","protected":false},"excerpt":{"rendered":"<p>Nossa inovadora plataforma de rede combina os mundos digital e f\u00edsico atrav\u00e9s de sensorializa\u00e7\u00e3o, an\u00e1lise de dados e monitoramento em tempo real de equipamentos e sistemas e linhas de produ\u00e7\u00e3o. A in.Grid facilita a aquisi\u00e7\u00e3o e o interc\u00e2mbio de dados atrav\u00e9s da interconex\u00e3o de m\u00e1quinas e equipamentos para fabrica\u00e7\u00e3o da Comau e de terceiros para [&hellip;]<\/p>\n","protected":false},"author":11,"featured_media":10046,"parent":6219,"menu_order":12,"comment_status":"closed","ping_status":"closed","template":"","meta":{"_acf_changed":false,"ep_exclude_from_search":false,"footnotes":""},"class_list":["post-23210","page","type-page","status-publish","has-post-thumbnail","hentry"],"acf":[],"yoast_head":"<!-- This site is optimized with the Yoast SEO plugin v26.9 - https:\/\/yoast.com\/product\/yoast-seo-wordpress\/ -->\n<title>Plataforma de monitoramento de processos in grid| Comau<\/title>\n<meta name=\"description\" content=\"Descubra a plataforma in grid Comau para monitorar processos de produ\u00e7\u00e3o industrializados. Saiba mais sobre transforma\u00e7\u00e3o digital de manufatura.\" \/>\n<meta name=\"robots\" content=\"index, follow, max-snippet:-1, max-image-preview:large, max-video-preview:-1\" \/>\n<link rel=\"canonical\" href=\"https:\/\/www.comau.com\/pt-br\/competencies\/products-solutions\/digital-initiatives\/technologies\/in-grid\/\" \/>\n<meta property=\"og:locale\" content=\"pt_BR\" \/>\n<meta property=\"og:type\" content=\"article\" \/>\n<meta property=\"og:title\" content=\"Plataforma de monitoramento de processos in grid| Comau\" \/>\n<meta property=\"og:description\" content=\"Descubra a plataforma in grid Comau para monitorar processos de produ\u00e7\u00e3o industrializados. Saiba mais sobre transforma\u00e7\u00e3o digital de manufatura.\" \/>\n<meta property=\"og:url\" content=\"https:\/\/www.comau.com\/pt-br\/competencies\/products-solutions\/digital-initiatives\/technologies\/in-grid\/\" \/>\n<meta property=\"og:site_name\" content=\"Comau\" \/>\n<meta property=\"article:publisher\" content=\"https:\/\/www.facebook.com\/COMAU\/\" \/>\n<meta property=\"article:modified_time\" content=\"2022-10-10T16:25:23+00:00\" \/>\n<meta property=\"og:image\" content=\"https:\/\/www.comau.com\/wp-content\/uploads\/2021\/06\/inGRID_header.png\" \/>\n\t<meta property=\"og:image:width\" content=\"1280\" \/>\n\t<meta property=\"og:image:height\" content=\"485\" \/>\n\t<meta property=\"og:image:type\" content=\"image\/png\" \/>\n<meta name=\"twitter:card\" content=\"summary_large_image\" \/>\n<meta name=\"twitter:site\" content=\"@comaugroup\" \/>\n<meta name=\"twitter:label1\" content=\"Est. tempo de leitura\" \/>\n\t<meta name=\"twitter:data1\" content=\"3 minutos\" \/>\n<script type=\"application\/ld+json\" class=\"yoast-schema-graph\">{\"@context\":\"https:\/\/schema.org\",\"@graph\":[{\"@type\":\"WebPage\",\"@id\":\"https:\/\/www.comau.com\/pt-br\/competencies\/products-solutions\/digital-initiatives\/technologies\/in-grid\/\",\"url\":\"https:\/\/www.comau.com\/pt-br\/competencies\/products-solutions\/digital-initiatives\/technologies\/in-grid\/\",\"name\":\"Plataforma de monitoramento de processos in grid| Comau\",\"isPartOf\":{\"@id\":\"https:\/\/www.comau.com\/pt-br\/#website\"},\"primaryImageOfPage\":{\"@id\":\"https:\/\/www.comau.com\/pt-br\/competencies\/products-solutions\/digital-initiatives\/technologies\/in-grid\/#primaryimage\"},\"image\":{\"@id\":\"https:\/\/www.comau.com\/pt-br\/competencies\/products-solutions\/digital-initiatives\/technologies\/in-grid\/#primaryimage\"},\"thumbnailUrl\":\"https:\/\/www.comau.com\/wp-content\/uploads\/2021\/06\/inGRID_header.png\",\"datePublished\":\"2021-06-30T23:04:55+00:00\",\"dateModified\":\"2022-10-10T16:25:23+00:00\",\"description\":\"Descubra a plataforma in grid Comau para monitorar processos de produ\u00e7\u00e3o industrializados. Saiba mais sobre transforma\u00e7\u00e3o digital de manufatura.\",\"breadcrumb\":{\"@id\":\"https:\/\/www.comau.com\/pt-br\/competencies\/products-solutions\/digital-initiatives\/technologies\/in-grid\/#breadcrumb\"},\"inLanguage\":\"pt-BR\",\"potentialAction\":[{\"@type\":\"ReadAction\",\"target\":[\"https:\/\/www.comau.com\/pt-br\/competencies\/products-solutions\/digital-initiatives\/technologies\/in-grid\/\"]}]},{\"@type\":\"ImageObject\",\"inLanguage\":\"pt-BR\",\"@id\":\"https:\/\/www.comau.com\/pt-br\/competencies\/products-solutions\/digital-initiatives\/technologies\/in-grid\/#primaryimage\",\"url\":\"https:\/\/www.comau.com\/wp-content\/uploads\/2021\/06\/inGRID_header.png\",\"contentUrl\":\"https:\/\/www.comau.com\/wp-content\/uploads\/2021\/06\/inGRID_header.png\",\"width\":1280,\"height\":485},{\"@type\":\"BreadcrumbList\",\"@id\":\"https:\/\/www.comau.com\/pt-br\/competencies\/products-solutions\/digital-initiatives\/technologies\/in-grid\/#breadcrumb\",\"itemListElement\":[{\"@type\":\"ListItem\",\"position\":1,\"name\":\"Home\",\"item\":\"https:\/\/www.comau.com\/pt-br\/\"},{\"@type\":\"ListItem\",\"position\":2,\"name\":\"Nossas Compet\u00eancias\",\"item\":\"https:\/\/www.comau.com\/pt-br\/competencies\/\"},{\"@type\":\"ListItem\",\"position\":3,\"name\":\"Products &amp; Solutions\",\"item\":\"https:\/\/www.comau.com\/pt-br\/competencies\/products-solutions\/\"},{\"@type\":\"ListItem\",\"position\":4,\"name\":\"Digital initiatives\",\"item\":\"https:\/\/www.comau.com\/pt-br\/competencies\/products-solutions\/digital-initiatives\/\"},{\"@type\":\"ListItem\",\"position\":5,\"name\":\"Technologies\",\"item\":\"https:\/\/www.comau.com\/pt-br\/competencies\/products-solutions\/digital-initiatives\/technologies\/\"},{\"@type\":\"ListItem\",\"position\":6,\"name\":\"In.Grid\"}]},{\"@type\":\"WebSite\",\"@id\":\"https:\/\/www.comau.com\/pt-br\/#website\",\"url\":\"https:\/\/www.comau.com\/pt-br\/\",\"name\":\"Comau\",\"description\":\"Industrial automation and robotics\",\"publisher\":{\"@id\":\"https:\/\/www.comau.com\/pt-br\/#organization\"},\"potentialAction\":[{\"@type\":\"SearchAction\",\"target\":{\"@type\":\"EntryPoint\",\"urlTemplate\":\"https:\/\/www.comau.com\/pt-br\/?s={search_term_string}\"},\"query-input\":{\"@type\":\"PropertyValueSpecification\",\"valueRequired\":true,\"valueName\":\"search_term_string\"}}],\"inLanguage\":\"pt-BR\"},{\"@type\":\"Organization\",\"@id\":\"https:\/\/www.comau.com\/pt-br\/#organization\",\"name\":\"Comau\",\"url\":\"https:\/\/www.comau.com\/pt-br\/\",\"logo\":{\"@type\":\"ImageObject\",\"inLanguage\":\"pt-BR\",\"@id\":\"https:\/\/www.comau.com\/pt-br\/#\/schema\/logo\/image\/\",\"url\":\"https:\/\/www.comau.com\/wp-content\/uploads\/2024\/07\/cropped-Logo-COMAU.png\",\"contentUrl\":\"https:\/\/www.comau.com\/wp-content\/uploads\/2024\/07\/cropped-Logo-COMAU.png\",\"width\":434,\"height\":434,\"caption\":\"Comau\"},\"image\":{\"@id\":\"https:\/\/www.comau.com\/pt-br\/#\/schema\/logo\/image\/\"},\"sameAs\":[\"https:\/\/www.facebook.com\/COMAU\/\",\"https:\/\/x.com\/comaugroup\",\"https:\/\/www.instagram.com\/comaugroup\/\",\"https:\/\/www.linkedin.com\/company\/comau\",\"https:\/\/www.youtube.com\/user\/comau\"]}]}<\/script>\n<!-- \/ Yoast SEO plugin. -->","yoast_head_json":{"title":"Plataforma de monitoramento de processos in grid| Comau","description":"Descubra a plataforma in grid Comau para monitorar processos de produ\u00e7\u00e3o industrializados. Saiba mais sobre transforma\u00e7\u00e3o digital de manufatura.","robots":{"index":"index","follow":"follow","max-snippet":"max-snippet:-1","max-image-preview":"max-image-preview:large","max-video-preview":"max-video-preview:-1"},"canonical":"https:\/\/www.comau.com\/pt-br\/competencies\/products-solutions\/digital-initiatives\/technologies\/in-grid\/","og_locale":"pt_BR","og_type":"article","og_title":"Plataforma de monitoramento de processos in grid| Comau","og_description":"Descubra a plataforma in grid Comau para monitorar processos de produ\u00e7\u00e3o industrializados. Saiba mais sobre transforma\u00e7\u00e3o digital de manufatura.","og_url":"https:\/\/www.comau.com\/pt-br\/competencies\/products-solutions\/digital-initiatives\/technologies\/in-grid\/","og_site_name":"Comau","article_publisher":"https:\/\/www.facebook.com\/COMAU\/","article_modified_time":"2022-10-10T16:25:23+00:00","og_image":[{"width":1280,"height":485,"url":"https:\/\/www.comau.com\/wp-content\/uploads\/2021\/06\/inGRID_header.png","type":"image\/png"}],"twitter_card":"summary_large_image","twitter_site":"@comaugroup","twitter_misc":{"Est. tempo de leitura":"3 minutos"},"schema":{"@context":"https:\/\/schema.org","@graph":[{"@type":"WebPage","@id":"https:\/\/www.comau.com\/pt-br\/competencies\/products-solutions\/digital-initiatives\/technologies\/in-grid\/","url":"https:\/\/www.comau.com\/pt-br\/competencies\/products-solutions\/digital-initiatives\/technologies\/in-grid\/","name":"Plataforma de monitoramento de processos in grid| Comau","isPartOf":{"@id":"https:\/\/www.comau.com\/pt-br\/#website"},"primaryImageOfPage":{"@id":"https:\/\/www.comau.com\/pt-br\/competencies\/products-solutions\/digital-initiatives\/technologies\/in-grid\/#primaryimage"},"image":{"@id":"https:\/\/www.comau.com\/pt-br\/competencies\/products-solutions\/digital-initiatives\/technologies\/in-grid\/#primaryimage"},"thumbnailUrl":"https:\/\/www.comau.com\/wp-content\/uploads\/2021\/06\/inGRID_header.png","datePublished":"2021-06-30T23:04:55+00:00","dateModified":"2022-10-10T16:25:23+00:00","description":"Descubra a plataforma in grid Comau para monitorar processos de produ\u00e7\u00e3o industrializados. Saiba mais sobre transforma\u00e7\u00e3o digital de manufatura.","breadcrumb":{"@id":"https:\/\/www.comau.com\/pt-br\/competencies\/products-solutions\/digital-initiatives\/technologies\/in-grid\/#breadcrumb"},"inLanguage":"pt-BR","potentialAction":[{"@type":"ReadAction","target":["https:\/\/www.comau.com\/pt-br\/competencies\/products-solutions\/digital-initiatives\/technologies\/in-grid\/"]}]},{"@type":"ImageObject","inLanguage":"pt-BR","@id":"https:\/\/www.comau.com\/pt-br\/competencies\/products-solutions\/digital-initiatives\/technologies\/in-grid\/#primaryimage","url":"https:\/\/www.comau.com\/wp-content\/uploads\/2021\/06\/inGRID_header.png","contentUrl":"https:\/\/www.comau.com\/wp-content\/uploads\/2021\/06\/inGRID_header.png","width":1280,"height":485},{"@type":"BreadcrumbList","@id":"https:\/\/www.comau.com\/pt-br\/competencies\/products-solutions\/digital-initiatives\/technologies\/in-grid\/#breadcrumb","itemListElement":[{"@type":"ListItem","position":1,"name":"Home","item":"https:\/\/www.comau.com\/pt-br\/"},{"@type":"ListItem","position":2,"name":"Nossas Compet\u00eancias","item":"https:\/\/www.comau.com\/pt-br\/competencies\/"},{"@type":"ListItem","position":3,"name":"Products &amp; Solutions","item":"https:\/\/www.comau.com\/pt-br\/competencies\/products-solutions\/"},{"@type":"ListItem","position":4,"name":"Digital initiatives","item":"https:\/\/www.comau.com\/pt-br\/competencies\/products-solutions\/digital-initiatives\/"},{"@type":"ListItem","position":5,"name":"Technologies","item":"https:\/\/www.comau.com\/pt-br\/competencies\/products-solutions\/digital-initiatives\/technologies\/"},{"@type":"ListItem","position":6,"name":"In.Grid"}]},{"@type":"WebSite","@id":"https:\/\/www.comau.com\/pt-br\/#website","url":"https:\/\/www.comau.com\/pt-br\/","name":"Comau","description":"Industrial automation and robotics","publisher":{"@id":"https:\/\/www.comau.com\/pt-br\/#organization"},"potentialAction":[{"@type":"SearchAction","target":{"@type":"EntryPoint","urlTemplate":"https:\/\/www.comau.com\/pt-br\/?s={search_term_string}"},"query-input":{"@type":"PropertyValueSpecification","valueRequired":true,"valueName":"search_term_string"}}],"inLanguage":"pt-BR"},{"@type":"Organization","@id":"https:\/\/www.comau.com\/pt-br\/#organization","name":"Comau","url":"https:\/\/www.comau.com\/pt-br\/","logo":{"@type":"ImageObject","inLanguage":"pt-BR","@id":"https:\/\/www.comau.com\/pt-br\/#\/schema\/logo\/image\/","url":"https:\/\/www.comau.com\/wp-content\/uploads\/2024\/07\/cropped-Logo-COMAU.png","contentUrl":"https:\/\/www.comau.com\/wp-content\/uploads\/2024\/07\/cropped-Logo-COMAU.png","width":434,"height":434,"caption":"Comau"},"image":{"@id":"https:\/\/www.comau.com\/pt-br\/#\/schema\/logo\/image\/"},"sameAs":["https:\/\/www.facebook.com\/COMAU\/","https:\/\/x.com\/comaugroup","https:\/\/www.instagram.com\/comaugroup\/","https:\/\/www.linkedin.com\/company\/comau","https:\/\/www.youtube.com\/user\/comau"]}]}},"_links":{"self":[{"href":"https:\/\/www.comau.com\/pt-br\/wp-json\/wp\/v2\/pages\/23210","targetHints":{"allow":["GET"]}}],"collection":[{"href":"https:\/\/www.comau.com\/pt-br\/wp-json\/wp\/v2\/pages"}],"about":[{"href":"https:\/\/www.comau.com\/pt-br\/wp-json\/wp\/v2\/types\/page"}],"author":[{"embeddable":true,"href":"https:\/\/www.comau.com\/pt-br\/wp-json\/wp\/v2\/users\/11"}],"replies":[{"embeddable":true,"href":"https:\/\/www.comau.com\/pt-br\/wp-json\/wp\/v2\/comments?post=23210"}],"version-history":[{"count":37,"href":"https:\/\/www.comau.com\/pt-br\/wp-json\/wp\/v2\/pages\/23210\/revisions"}],"predecessor-version":[{"id":48176,"href":"https:\/\/www.comau.com\/pt-br\/wp-json\/wp\/v2\/pages\/23210\/revisions\/48176"}],"up":[{"embeddable":true,"href":"https:\/\/www.comau.com\/pt-br\/wp-json\/wp\/v2\/pages\/6219"}],"wp:featuredmedia":[{"embeddable":true,"href":"https:\/\/www.comau.com\/pt-br\/wp-json\/wp\/v2\/media\/10046"}],"wp:attachment":[{"href":"https:\/\/www.comau.com\/pt-br\/wp-json\/wp\/v2\/media?parent=23210"}],"curies":[{"name":"wp","href":"https:\/\/api.w.org\/{rel}","templated":true}]}}