{"id":23190,"date":"2021-06-08T12:30:09","date_gmt":"2021-06-08T10:30:09","guid":{"rendered":"https:\/\/www.comau.com\/?page_id=23190"},"modified":"2022-02-08T09:48:51","modified_gmt":"2022-02-08T08:48:51","slug":"smartrobcomau-automated","status":"publish","type":"page","link":"https:\/\/www.comau.com\/pt-br\/competencies\/products-solutions\/powertrain-machining\/power-system-products\/smartrobcomau-automated\/","title":{"rendered":"SmartRobComau Automated"},"content":{"rendered":"\n<h2 class=\"wp-block-heading\" id=\"propostas-de-valor\">Propostas de Valor<\/h2>\n\n\n\n<ul class=\"wp-block-list\"><li>Integra\u00e7\u00e3o: processos serial e paralelo. <\/li><li>Escalabilidade: alinhar o investimento em capital \u00e0s demandas do mercado. <\/li><li>Troca r\u00e1pida de ferramentas: f\u00e1cil troca de ferramenta para flexibilidade na produ\u00e7\u00e3o<\/li><li>At\u00e9 50% de redu\u00e7\u00e3o no espa\u00e7o f\u00edsico necess\u00e1rio<\/li><li>Ergonomia: manuseio automatizado de materiais, dispositivos de transporte e controles facilmente acess\u00edveis.<\/li><li>Log\u00edstica de materiais aprimorada: ponto \u00fanico de entrega de materiais.<\/li><li>Fabrica\u00e7\u00e3o enxuta: otimiza\u00e7\u00e3o de economia de custos, redu\u00e7\u00e3o de desperd\u00edcios e redu\u00e7\u00e3o no trabalho em andamento. <\/li><li>At\u00e9 60% de redu\u00e7\u00e3o no consumo de energia e fluidos<\/li><li>Controles do equipamento gerenciados em modo seguro quando o sistema est\u00e1 ocioso.<\/li><li>Redu\u00e7\u00e3o de espa\u00e7o no ch\u00e3o de f\u00e1brica. <\/li><li>Redu\u00e7\u00e3o de componentes el\u00e9tricos<\/li><\/ul>\n\n\n\n<figure class=\"wp-block-image size-large\"><img decoding=\"async\" width=\"1024\" height=\"348\" src=\"https:\/\/www.comau.com\/wp-content\/uploads\/2021\/06\/smartrobcomau-automated_img-1024x348.jpg\" alt=\"\" class=\"wp-image-9887\" srcset=\"https:\/\/www.comau.com\/wp-content\/uploads\/2021\/06\/smartrobcomau-automated_img-1024x348.jpg 1024w, https:\/\/www.comau.com\/wp-content\/uploads\/2021\/06\/smartrobcomau-automated_img-300x102.jpg 300w, https:\/\/www.comau.com\/wp-content\/uploads\/2021\/06\/smartrobcomau-automated_img-768x261.jpg 768w, https:\/\/www.comau.com\/wp-content\/uploads\/2021\/06\/smartrobcomau-automated_img.jpg 1179w\" sizes=\"(max-width: 1024px) 100vw, 1024px\" \/><\/figure>\n\n\n\n<h2 class=\"wp-block-heading\" id=\"especificacoes-tecnicas\">Especifica\u00e7\u00f5es t\u00e9cnicas<\/h2>\n\n\n\n<figure class=\"wp-block-table is-style-stripes\"><table><thead><tr><th>SMARTROBCOMAU AUTOMATED<\/th><th>UNITS<\/th><th>1800 1 bench<\/th><th>1800 2 bench<\/th><th>1800 3 bench<\/th><th>2400 1 bench<\/th><th>2400 2 bench<\/th><th>2400 3 bench<\/th><\/tr><\/thead><tbody><tr><td>Largura <\/td><td>mm<\/td><td>1.800<\/td><td>1.800<\/td><td>1.800<\/td><td>2.400<\/td><td>2.400<\/td><td>2.400<\/td><\/tr><tr><td>Altura<\/td><td>mm<\/td><td>2.500<\/td><td>2.500<\/td><td>2.500<\/td><td>2.500<\/td><td>2.500<\/td><td>2.500<\/td><\/tr><tr><td>Comprimento <\/td><td>mm<\/td><td>2.150<\/td><td>3.500<\/td><td>4.850<\/td><td>2.150<\/td><td>3.500<\/td><td>4.850<\/td><\/tr><tr><td>Comprimento do Pallet<\/td><td>mm<\/td><td>500-800<\/td><td>500-800<\/td><td>500-800<\/td><td>&gt;800<\/td><td>&gt;800<\/td><td>&gt;800<\/td><\/tr><\/tbody><\/table><\/figure>\n\n\n\n<div class=\"wp-block-getwid-toggle download-dropdown has-icon-left\">\n<div class=\"wp-block-getwid-toggle__row\"><div class=\"wp-block-getwid-toggle__header-wrapper\"><span class=\"wp-block-getwid-toggle__header\"><a href=\"#\"><span class=\"wp-block-getwid-toggle__header-title\">Technical sheets<\/span><span class=\"wp-block-getwid-toggle__icon is-active\"><i class=\"fas fa-plus\"><\/i><\/span><span class=\"wp-block-getwid-toggle__icon is-passive\"><i class=\"fas fa-minus\"><\/i><\/span><\/a><\/span><\/div><div class=\"wp-block-getwid-toggle__content-wrapper\"><div class=\"wp-block-getwid-toggle__content\">\n<div class=\"wp-block-getwid-button-group\"><div class=\"wp-block-getwid-button-group__wrapper\">\n<div class=\"wp-block-button\"><a class=\"wp-block-button__link\" href=\"https:\/\/www.comau.com\/wp-content\/uploads\/2021\/06\/EN_brochure_smartrobauto.pdf\" target=\"_blank\" rel=\"noreferrer noopener\">SmartRobComau Automated<\/a><\/div>\n<\/div><\/div>\n<\/div><\/div><\/div>\n<\/div>\n","protected":false},"excerpt":{"rendered":"<p>Propostas de Valor Integra\u00e7\u00e3o: processos serial e paralelo. Escalabilidade: alinhar o investimento em capital \u00e0s demandas do mercado. Troca r\u00e1pida de ferramentas: f\u00e1cil troca de ferramenta para flexibilidade na produ\u00e7\u00e3o At\u00e9 50% de redu\u00e7\u00e3o no espa\u00e7o f\u00edsico necess\u00e1rio Ergonomia: manuseio automatizado de materiais, dispositivos de transporte e controles facilmente acess\u00edveis. Log\u00edstica de materiais aprimorada: ponto [&hellip;]<\/p>\n","protected":false},"author":11,"featured_media":5974,"parent":5949,"menu_order":5,"comment_status":"closed","ping_status":"closed","template":"","meta":{"_acf_changed":false,"ep_exclude_from_search":false,"footnotes":""},"class_list":["post-23190","page","type-page","status-publish","has-post-thumbnail","hentry"],"acf":[],"yoast_head":"<!-- This site is optimized with the Yoast SEO plugin v26.9 - https:\/\/yoast.com\/product\/yoast-seo-wordpress\/ -->\n<title>Smartrob Comau: Solu\u00e7\u00e3o de automa\u00e7\u00e3o industrial | Comau<\/title>\n<meta name=\"description\" content=\"Surpreenda-se com a solu\u00e7\u00e3o de automa\u00e7\u00e3o industrial Smartrob Comau, uma solu\u00e7\u00e3o compacta e com baixo consumo energ\u00e9tico que usa processos seriais e paralelos.\" \/>\n<meta name=\"robots\" content=\"index, follow, max-snippet:-1, max-image-preview:large, max-video-preview:-1\" \/>\n<link rel=\"canonical\" href=\"https:\/\/www.comau.com\/pt-br\/competencies\/products-solutions\/powertrain-machining\/power-system-products\/smartrobcomau-automated\/\" \/>\n<meta property=\"og:locale\" content=\"pt_BR\" \/>\n<meta property=\"og:type\" content=\"article\" \/>\n<meta property=\"og:title\" content=\"Smartrob Comau: Solu\u00e7\u00e3o de automa\u00e7\u00e3o industrial | Comau\" \/>\n<meta property=\"og:description\" content=\"Surpreenda-se com a solu\u00e7\u00e3o de automa\u00e7\u00e3o industrial Smartrob Comau, uma solu\u00e7\u00e3o compacta e com baixo consumo energ\u00e9tico que usa processos seriais e paralelos.\" \/>\n<meta property=\"og:url\" content=\"https:\/\/www.comau.com\/pt-br\/competencies\/products-solutions\/powertrain-machining\/power-system-products\/smartrobcomau-automated\/\" \/>\n<meta property=\"og:site_name\" content=\"Comau\" \/>\n<meta property=\"article:publisher\" content=\"https:\/\/www.facebook.com\/COMAU\/\" \/>\n<meta property=\"article:modified_time\" content=\"2022-02-08T08:48:51+00:00\" \/>\n<meta property=\"og:image\" content=\"https:\/\/www.comau.com\/wp-content\/uploads\/2021\/06\/smartrobcomau-automated_header.jpg\" \/>\n\t<meta property=\"og:image:width\" content=\"1280\" \/>\n\t<meta property=\"og:image:height\" content=\"485\" \/>\n\t<meta property=\"og:image:type\" content=\"image\/jpeg\" \/>\n<meta name=\"twitter:card\" content=\"summary_large_image\" \/>\n<meta name=\"twitter:site\" content=\"@comaugroup\" \/>\n<meta name=\"twitter:label1\" content=\"Est. tempo de leitura\" \/>\n\t<meta name=\"twitter:data1\" content=\"1 minuto\" \/>\n<script type=\"application\/ld+json\" class=\"yoast-schema-graph\">{\"@context\":\"https:\/\/schema.org\",\"@graph\":[{\"@type\":\"WebPage\",\"@id\":\"https:\/\/www.comau.com\/pt-br\/competencies\/products-solutions\/powertrain-machining\/power-system-products\/smartrobcomau-automated\/\",\"url\":\"https:\/\/www.comau.com\/pt-br\/competencies\/products-solutions\/powertrain-machining\/power-system-products\/smartrobcomau-automated\/\",\"name\":\"Smartrob Comau: Solu\u00e7\u00e3o de automa\u00e7\u00e3o industrial | Comau\",\"isPartOf\":{\"@id\":\"https:\/\/www.comau.com\/pt-br\/#website\"},\"primaryImageOfPage\":{\"@id\":\"https:\/\/www.comau.com\/pt-br\/competencies\/products-solutions\/powertrain-machining\/power-system-products\/smartrobcomau-automated\/#primaryimage\"},\"image\":{\"@id\":\"https:\/\/www.comau.com\/pt-br\/competencies\/products-solutions\/powertrain-machining\/power-system-products\/smartrobcomau-automated\/#primaryimage\"},\"thumbnailUrl\":\"https:\/\/www.comau.com\/wp-content\/uploads\/2021\/06\/smartrobcomau-automated_header.jpg\",\"datePublished\":\"2021-06-08T10:30:09+00:00\",\"dateModified\":\"2022-02-08T08:48:51+00:00\",\"description\":\"Surpreenda-se com a solu\u00e7\u00e3o de automa\u00e7\u00e3o industrial Smartrob Comau, uma solu\u00e7\u00e3o compacta e com baixo consumo energ\u00e9tico que usa processos seriais e paralelos.\",\"breadcrumb\":{\"@id\":\"https:\/\/www.comau.com\/pt-br\/competencies\/products-solutions\/powertrain-machining\/power-system-products\/smartrobcomau-automated\/#breadcrumb\"},\"inLanguage\":\"pt-BR\",\"potentialAction\":[{\"@type\":\"ReadAction\",\"target\":[\"https:\/\/www.comau.com\/pt-br\/competencies\/products-solutions\/powertrain-machining\/power-system-products\/smartrobcomau-automated\/\"]}]},{\"@type\":\"ImageObject\",\"inLanguage\":\"pt-BR\",\"@id\":\"https:\/\/www.comau.com\/pt-br\/competencies\/products-solutions\/powertrain-machining\/power-system-products\/smartrobcomau-automated\/#primaryimage\",\"url\":\"https:\/\/www.comau.com\/wp-content\/uploads\/2021\/06\/smartrobcomau-automated_header.jpg\",\"contentUrl\":\"https:\/\/www.comau.com\/wp-content\/uploads\/2021\/06\/smartrobcomau-automated_header.jpg\",\"width\":1280,\"height\":485},{\"@type\":\"BreadcrumbList\",\"@id\":\"https:\/\/www.comau.com\/pt-br\/competencies\/products-solutions\/powertrain-machining\/power-system-products\/smartrobcomau-automated\/#breadcrumb\",\"itemListElement\":[{\"@type\":\"ListItem\",\"position\":1,\"name\":\"Home\",\"item\":\"https:\/\/www.comau.com\/pt-br\/\"},{\"@type\":\"ListItem\",\"position\":2,\"name\":\"Nossas Compet\u00eancias\",\"item\":\"https:\/\/www.comau.com\/pt-br\/competencies\/\"},{\"@type\":\"ListItem\",\"position\":3,\"name\":\"Powertrain &#038; Machining\",\"item\":\"https:\/\/www.comau.com\/pt-br\/competencies\/powertrain-machining\/\"},{\"@type\":\"ListItem\",\"position\":4,\"name\":\"Power System &#038; Products\",\"item\":\"https:\/\/www.comau.com\/pt-br\/competencies\/powertrain-machining\/power-system-products\/\"},{\"@type\":\"ListItem\",\"position\":5,\"name\":\"SmartRobComau Automated\"}]},{\"@type\":\"WebSite\",\"@id\":\"https:\/\/www.comau.com\/pt-br\/#website\",\"url\":\"https:\/\/www.comau.com\/pt-br\/\",\"name\":\"Comau\",\"description\":\"Industrial automation and robotics\",\"publisher\":{\"@id\":\"https:\/\/www.comau.com\/pt-br\/#organization\"},\"potentialAction\":[{\"@type\":\"SearchAction\",\"target\":{\"@type\":\"EntryPoint\",\"urlTemplate\":\"https:\/\/www.comau.com\/pt-br\/?s={search_term_string}\"},\"query-input\":{\"@type\":\"PropertyValueSpecification\",\"valueRequired\":true,\"valueName\":\"search_term_string\"}}],\"inLanguage\":\"pt-BR\"},{\"@type\":\"Organization\",\"@id\":\"https:\/\/www.comau.com\/pt-br\/#organization\",\"name\":\"Comau\",\"url\":\"https:\/\/www.comau.com\/pt-br\/\",\"logo\":{\"@type\":\"ImageObject\",\"inLanguage\":\"pt-BR\",\"@id\":\"https:\/\/www.comau.com\/pt-br\/#\/schema\/logo\/image\/\",\"url\":\"https:\/\/www.comau.com\/wp-content\/uploads\/2024\/07\/cropped-Logo-COMAU.png\",\"contentUrl\":\"https:\/\/www.comau.com\/wp-content\/uploads\/2024\/07\/cropped-Logo-COMAU.png\",\"width\":434,\"height\":434,\"caption\":\"Comau\"},\"image\":{\"@id\":\"https:\/\/www.comau.com\/pt-br\/#\/schema\/logo\/image\/\"},\"sameAs\":[\"https:\/\/www.facebook.com\/COMAU\/\",\"https:\/\/x.com\/comaugroup\",\"https:\/\/www.instagram.com\/comaugroup\/\",\"https:\/\/www.linkedin.com\/company\/comau\",\"https:\/\/www.youtube.com\/user\/comau\"]}]}<\/script>\n<!-- \/ Yoast SEO plugin. -->","yoast_head_json":{"title":"Smartrob Comau: Solu\u00e7\u00e3o de automa\u00e7\u00e3o industrial | Comau","description":"Surpreenda-se com a solu\u00e7\u00e3o de automa\u00e7\u00e3o industrial Smartrob Comau, uma solu\u00e7\u00e3o compacta e com baixo consumo energ\u00e9tico que usa processos seriais e paralelos.","robots":{"index":"index","follow":"follow","max-snippet":"max-snippet:-1","max-image-preview":"max-image-preview:large","max-video-preview":"max-video-preview:-1"},"canonical":"https:\/\/www.comau.com\/pt-br\/competencies\/products-solutions\/powertrain-machining\/power-system-products\/smartrobcomau-automated\/","og_locale":"pt_BR","og_type":"article","og_title":"Smartrob Comau: Solu\u00e7\u00e3o de automa\u00e7\u00e3o industrial | Comau","og_description":"Surpreenda-se com a solu\u00e7\u00e3o de automa\u00e7\u00e3o industrial Smartrob Comau, uma solu\u00e7\u00e3o compacta e com baixo consumo energ\u00e9tico que usa processos seriais e paralelos.","og_url":"https:\/\/www.comau.com\/pt-br\/competencies\/products-solutions\/powertrain-machining\/power-system-products\/smartrobcomau-automated\/","og_site_name":"Comau","article_publisher":"https:\/\/www.facebook.com\/COMAU\/","article_modified_time":"2022-02-08T08:48:51+00:00","og_image":[{"width":1280,"height":485,"url":"https:\/\/www.comau.com\/wp-content\/uploads\/2021\/06\/smartrobcomau-automated_header.jpg","type":"image\/jpeg"}],"twitter_card":"summary_large_image","twitter_site":"@comaugroup","twitter_misc":{"Est. tempo de leitura":"1 minuto"},"schema":{"@context":"https:\/\/schema.org","@graph":[{"@type":"WebPage","@id":"https:\/\/www.comau.com\/pt-br\/competencies\/products-solutions\/powertrain-machining\/power-system-products\/smartrobcomau-automated\/","url":"https:\/\/www.comau.com\/pt-br\/competencies\/products-solutions\/powertrain-machining\/power-system-products\/smartrobcomau-automated\/","name":"Smartrob Comau: Solu\u00e7\u00e3o de automa\u00e7\u00e3o industrial | Comau","isPartOf":{"@id":"https:\/\/www.comau.com\/pt-br\/#website"},"primaryImageOfPage":{"@id":"https:\/\/www.comau.com\/pt-br\/competencies\/products-solutions\/powertrain-machining\/power-system-products\/smartrobcomau-automated\/#primaryimage"},"image":{"@id":"https:\/\/www.comau.com\/pt-br\/competencies\/products-solutions\/powertrain-machining\/power-system-products\/smartrobcomau-automated\/#primaryimage"},"thumbnailUrl":"https:\/\/www.comau.com\/wp-content\/uploads\/2021\/06\/smartrobcomau-automated_header.jpg","datePublished":"2021-06-08T10:30:09+00:00","dateModified":"2022-02-08T08:48:51+00:00","description":"Surpreenda-se com a solu\u00e7\u00e3o de automa\u00e7\u00e3o industrial Smartrob Comau, uma solu\u00e7\u00e3o compacta e com baixo consumo energ\u00e9tico que usa processos seriais e paralelos.","breadcrumb":{"@id":"https:\/\/www.comau.com\/pt-br\/competencies\/products-solutions\/powertrain-machining\/power-system-products\/smartrobcomau-automated\/#breadcrumb"},"inLanguage":"pt-BR","potentialAction":[{"@type":"ReadAction","target":["https:\/\/www.comau.com\/pt-br\/competencies\/products-solutions\/powertrain-machining\/power-system-products\/smartrobcomau-automated\/"]}]},{"@type":"ImageObject","inLanguage":"pt-BR","@id":"https:\/\/www.comau.com\/pt-br\/competencies\/products-solutions\/powertrain-machining\/power-system-products\/smartrobcomau-automated\/#primaryimage","url":"https:\/\/www.comau.com\/wp-content\/uploads\/2021\/06\/smartrobcomau-automated_header.jpg","contentUrl":"https:\/\/www.comau.com\/wp-content\/uploads\/2021\/06\/smartrobcomau-automated_header.jpg","width":1280,"height":485},{"@type":"BreadcrumbList","@id":"https:\/\/www.comau.com\/pt-br\/competencies\/products-solutions\/powertrain-machining\/power-system-products\/smartrobcomau-automated\/#breadcrumb","itemListElement":[{"@type":"ListItem","position":1,"name":"Home","item":"https:\/\/www.comau.com\/pt-br\/"},{"@type":"ListItem","position":2,"name":"Nossas Compet\u00eancias","item":"https:\/\/www.comau.com\/pt-br\/competencies\/"},{"@type":"ListItem","position":3,"name":"Powertrain &#038; Machining","item":"https:\/\/www.comau.com\/pt-br\/competencies\/powertrain-machining\/"},{"@type":"ListItem","position":4,"name":"Power System &#038; Products","item":"https:\/\/www.comau.com\/pt-br\/competencies\/powertrain-machining\/power-system-products\/"},{"@type":"ListItem","position":5,"name":"SmartRobComau Automated"}]},{"@type":"WebSite","@id":"https:\/\/www.comau.com\/pt-br\/#website","url":"https:\/\/www.comau.com\/pt-br\/","name":"Comau","description":"Industrial automation and robotics","publisher":{"@id":"https:\/\/www.comau.com\/pt-br\/#organization"},"potentialAction":[{"@type":"SearchAction","target":{"@type":"EntryPoint","urlTemplate":"https:\/\/www.comau.com\/pt-br\/?s={search_term_string}"},"query-input":{"@type":"PropertyValueSpecification","valueRequired":true,"valueName":"search_term_string"}}],"inLanguage":"pt-BR"},{"@type":"Organization","@id":"https:\/\/www.comau.com\/pt-br\/#organization","name":"Comau","url":"https:\/\/www.comau.com\/pt-br\/","logo":{"@type":"ImageObject","inLanguage":"pt-BR","@id":"https:\/\/www.comau.com\/pt-br\/#\/schema\/logo\/image\/","url":"https:\/\/www.comau.com\/wp-content\/uploads\/2024\/07\/cropped-Logo-COMAU.png","contentUrl":"https:\/\/www.comau.com\/wp-content\/uploads\/2024\/07\/cropped-Logo-COMAU.png","width":434,"height":434,"caption":"Comau"},"image":{"@id":"https:\/\/www.comau.com\/pt-br\/#\/schema\/logo\/image\/"},"sameAs":["https:\/\/www.facebook.com\/COMAU\/","https:\/\/x.com\/comaugroup","https:\/\/www.instagram.com\/comaugroup\/","https:\/\/www.linkedin.com\/company\/comau","https:\/\/www.youtube.com\/user\/comau"]}]}},"_links":{"self":[{"href":"https:\/\/www.comau.com\/pt-br\/wp-json\/wp\/v2\/pages\/23190","targetHints":{"allow":["GET"]}}],"collection":[{"href":"https:\/\/www.comau.com\/pt-br\/wp-json\/wp\/v2\/pages"}],"about":[{"href":"https:\/\/www.comau.com\/pt-br\/wp-json\/wp\/v2\/types\/page"}],"author":[{"embeddable":true,"href":"https:\/\/www.comau.com\/pt-br\/wp-json\/wp\/v2\/users\/11"}],"replies":[{"embeddable":true,"href":"https:\/\/www.comau.com\/pt-br\/wp-json\/wp\/v2\/comments?post=23190"}],"version-history":[{"count":20,"href":"https:\/\/www.comau.com\/pt-br\/wp-json\/wp\/v2\/pages\/23190\/revisions"}],"predecessor-version":[{"id":42106,"href":"https:\/\/www.comau.com\/pt-br\/wp-json\/wp\/v2\/pages\/23190\/revisions\/42106"}],"up":[{"embeddable":true,"href":"https:\/\/www.comau.com\/pt-br\/wp-json\/wp\/v2\/pages\/5949"}],"wp:featuredmedia":[{"embeddable":true,"href":"https:\/\/www.comau.com\/pt-br\/wp-json\/wp\/v2\/media\/5974"}],"wp:attachment":[{"href":"https:\/\/www.comau.com\/pt-br\/wp-json\/wp\/v2\/media?parent=23190"}],"curies":[{"name":"wp","href":"https:\/\/api.w.org\/{rel}","templated":true}]}}