{"id":23185,"date":"2021-06-08T12:29:51","date_gmt":"2021-06-08T10:29:51","guid":{"rendered":"https:\/\/www.comau.com\/?page_id=23185"},"modified":"2021-07-18T11:40:59","modified_gmt":"2021-07-18T09:40:59","slug":"smartmancomau","status":"publish","type":"page","link":"https:\/\/www.comau.com\/pt-br\/competencies\/products-solutions\/powertrain-machining\/power-system-products\/smartmancomau\/","title":{"rendered":"SmartManComau"},"content":{"rendered":"\n<h2 class=\"wp-block-heading\">Propostas de Valor<\/h2>\n\n<ul class=\"wp-block-list\"><li>Flexibilidade: projetado para processar muitos tipos de pe\u00e7a diferentes em muitos fluxos de trabalho diferentes. <\/li><li>Escalabilidade: baixo investimento em capital e capacidade de satisfazer \u00e0s mut\u00e1veis demandas de mercado. <\/li><li>Reequipamento r\u00e1pido: rapidez na troca de ferramentas e na movimenta\u00e7\u00e3o da c\u00e9lula em toda a instala\u00e7\u00e3o.<\/li><li>Integra\u00e7\u00e3o: processos serial e paralelo. <\/li><li>Padroniza\u00e7\u00e3o: o mesmo modelo intercambi\u00e1vel no mundo inteiro. <\/li><li>Fabrica\u00e7\u00e3o enxuta: otimiza\u00e7\u00e3o de economia de custos, redu\u00e7\u00e3o de desperd\u00edcios e redu\u00e7\u00e3o no trabalho em andamento. <\/li><li>Ergonomia: manuseio automatizado de materiais, dispositivos de transporte e controles facilmente acess\u00edveis.<\/li><li>Redu\u00e7\u00e3o de pot\u00eancia e energia. <\/li><li>Redu\u00e7\u00e3o de espa\u00e7o no ch\u00e3o de f\u00e1brica. <\/li><li>Redu\u00e7\u00e3o de componentes el\u00e9tricos<\/li><\/ul>\n\n<div class=\"wp-block-getwid-images-slider has-arrows-inside has-dots-outside has-images-center has-cropped-images\"><div class=\"wp-block-getwid-images-slider__wrapper\" data-effect=\"slide\" data-slides-show=\"1\" data-slides-show-laptop=\"1\" data-slides-show-tablet=\"1\" data-slides-show-mobile=\"1\" data-slides-scroll=\"1\" data-autoplay=\"true\" data-autoplay-speed=\"6000\" data-infinite=\"true\" data-animation-speed=\"800\" data-center-mode=\"false\" data-variable-width=\"false\" data-arrows=\"inside\" data-dots=\"outside\" data-spacing=\"none\"><div class=\"wp-block-getwid-images-slider__item\"><figure><img decoding=\"async\" width=\"1179\" height=\"401\" src=\"https:\/\/www.comau.com\/wp-content\/uploads\/2021\/06\/smartman_2.jpg\" data-id=\"743\" data-link=\"https:\/\/www.comau.com\/competencies\/powertrain-machining\/power-system-products\/smartmancomau\/smartman_2\/\" data-original-link=\"https:\/\/www.comau.com\/wp-content\/uploads\/2021\/06\/smartman_2.jpg\" class=\"wp-block-getwid-images-slider__image wp-image-9872\" srcset=\"https:\/\/www.comau.com\/wp-content\/uploads\/2021\/06\/smartman_2.jpg 1179w, https:\/\/www.comau.com\/wp-content\/uploads\/2021\/06\/smartman_2-300x102.jpg 300w, https:\/\/www.comau.com\/wp-content\/uploads\/2021\/06\/smartman_2-1024x348.jpg 1024w, https:\/\/www.comau.com\/wp-content\/uploads\/2021\/06\/smartman_2-768x261.jpg 768w\" sizes=\"(max-width: 1179px) 100vw, 1179px\" \/><\/figure><\/div><div class=\"wp-block-getwid-images-slider__item\"><figure><img decoding=\"async\" width=\"1179\" height=\"401\" src=\"https:\/\/www.comau.com\/wp-content\/uploads\/2021\/06\/smartman_1.jpg\" data-id=\"744\" data-link=\"https:\/\/www.comau.com\/competencies\/powertrain-machining\/power-system-products\/smartmancomau\/smartman_1\/\" data-original-link=\"https:\/\/www.comau.com\/wp-content\/uploads\/2021\/06\/smartman_1.jpg\" class=\"wp-block-getwid-images-slider__image wp-image-9877\" srcset=\"https:\/\/www.comau.com\/wp-content\/uploads\/2021\/06\/smartman_1.jpg 1179w, https:\/\/www.comau.com\/wp-content\/uploads\/2021\/06\/smartman_1-300x102.jpg 300w, https:\/\/www.comau.com\/wp-content\/uploads\/2021\/06\/smartman_1-1024x348.jpg 1024w, https:\/\/www.comau.com\/wp-content\/uploads\/2021\/06\/smartman_1-768x261.jpg 768w\" sizes=\"(max-width: 1179px) 100vw, 1179px\" \/><\/figure><\/div><\/div><\/div>\n\n<h2 class=\"wp-block-heading\">Especifica\u00e7\u00f5es t\u00e9cnicas<\/h2>\n\n<figure class=\"wp-block-table is-style-stripes\"><table class=\"has-fixed-layout\"><tbody><tr><td><strong>Largura (mm)<\/strong><\/td><td>600<\/td><\/tr><tr><td><strong>Altura (mm)<\/strong><\/td><td>2.500<\/td><\/tr><tr><td><strong>Comprimento (mm)<\/strong><\/td><td>1.500<\/td><\/tr><\/tbody><\/table><figcaption>Especifica\u00e7\u00f5es<\/figcaption><\/figure>\n\n<div class=\"wp-block-getwid-toggle download-dropdown has-icon-left\">\n<div class=\"wp-block-getwid-toggle__row\"><div class=\"wp-block-getwid-toggle__header-wrapper\"><span class=\"wp-block-getwid-toggle__header\"><a href=\"#\"><span class=\"wp-block-getwid-toggle__header-title\">Technical sheets<\/span><span class=\"wp-block-getwid-toggle__icon is-active\"><i class=\"fas fa-plus\"><\/i><\/span><span class=\"wp-block-getwid-toggle__icon is-passive\"><i class=\"fas fa-minus\"><\/i><\/span><\/a><\/span><\/div><div class=\"wp-block-getwid-toggle__content-wrapper\"><div class=\"wp-block-getwid-toggle__content\">\n<div class=\"wp-block-getwid-button-group\"><div class=\"wp-block-getwid-button-group__wrapper\">\n<div class=\"wp-block-button\"><a class=\"wp-block-button__link\" href=\"https:\/\/www.comau.com\/wp-content\/uploads\/2021\/06\/EN_brochure_smartman.pdf\" target=\"_blank\" rel=\"noreferrer noopener\">SmartManComau<\/a><\/div>\n<\/div><\/div>\n<\/div><\/div><\/div>\n<\/div>\n","protected":false},"excerpt":{"rendered":"<p>Propostas de Valor Flexibilidade: projetado para processar muitos tipos de pe\u00e7a diferentes em muitos fluxos de trabalho diferentes. Escalabilidade: baixo investimento em capital e capacidade de satisfazer \u00e0s mut\u00e1veis demandas de mercado. Reequipamento r\u00e1pido: rapidez na troca de ferramentas e na movimenta\u00e7\u00e3o da c\u00e9lula em toda a instala\u00e7\u00e3o. Integra\u00e7\u00e3o: processos serial e paralelo. Padroniza\u00e7\u00e3o: o [&hellip;]<\/p>\n","protected":false},"author":11,"featured_media":5973,"parent":5949,"menu_order":4,"comment_status":"closed","ping_status":"closed","template":"","meta":{"_acf_changed":false,"ep_exclude_from_search":false,"footnotes":""},"class_list":["post-23185","page","type-page","status-publish","has-post-thumbnail","hentry"],"acf":[],"yoast_head":"<!-- This site is optimized with the Yoast SEO plugin v26.9 - https:\/\/yoast.com\/product\/yoast-seo-wordpress\/ -->\n<title>SmartManComau - Comau<\/title>\n<meta name=\"robots\" content=\"index, follow, max-snippet:-1, max-image-preview:large, max-video-preview:-1\" \/>\n<link rel=\"canonical\" href=\"https:\/\/www.comau.com\/pt-br\/competencies\/products-solutions\/powertrain-machining\/power-system-products\/smartmancomau\/\" \/>\n<meta property=\"og:locale\" content=\"pt_BR\" \/>\n<meta property=\"og:type\" content=\"article\" \/>\n<meta property=\"og:title\" content=\"SmartManComau - Comau\" \/>\n<meta property=\"og:description\" content=\"Propostas de Valor Flexibilidade: projetado para processar muitos tipos de pe\u00e7a diferentes em muitos fluxos de trabalho diferentes. Escalabilidade: baixo investimento em capital e capacidade de satisfazer \u00e0s mut\u00e1veis demandas de mercado. Reequipamento r\u00e1pido: rapidez na troca de ferramentas e na movimenta\u00e7\u00e3o da c\u00e9lula em toda a instala\u00e7\u00e3o. Integra\u00e7\u00e3o: processos serial e paralelo. Padroniza\u00e7\u00e3o: o [&hellip;]\" \/>\n<meta property=\"og:url\" content=\"https:\/\/www.comau.com\/pt-br\/competencies\/products-solutions\/powertrain-machining\/power-system-products\/smartmancomau\/\" \/>\n<meta property=\"og:site_name\" content=\"Comau\" \/>\n<meta property=\"article:publisher\" content=\"https:\/\/www.facebook.com\/COMAU\/\" \/>\n<meta property=\"article:modified_time\" content=\"2021-07-18T09:40:59+00:00\" \/>\n<meta property=\"og:image\" content=\"https:\/\/www.comau.com\/wp-content\/uploads\/2021\/06\/smartmancomau_header.jpg\" \/>\n\t<meta property=\"og:image:width\" content=\"1280\" \/>\n\t<meta property=\"og:image:height\" content=\"485\" \/>\n\t<meta property=\"og:image:type\" content=\"image\/jpeg\" \/>\n<meta name=\"twitter:card\" content=\"summary_large_image\" \/>\n<meta name=\"twitter:site\" content=\"@comaugroup\" \/>\n<meta name=\"twitter:label1\" content=\"Est. tempo de leitura\" \/>\n\t<meta name=\"twitter:data1\" content=\"1 minuto\" \/>\n<script type=\"application\/ld+json\" class=\"yoast-schema-graph\">{\"@context\":\"https:\/\/schema.org\",\"@graph\":[{\"@type\":\"WebPage\",\"@id\":\"https:\/\/www.comau.com\/pt-br\/competencies\/products-solutions\/powertrain-machining\/power-system-products\/smartmancomau\/\",\"url\":\"https:\/\/www.comau.com\/pt-br\/competencies\/products-solutions\/powertrain-machining\/power-system-products\/smartmancomau\/\",\"name\":\"SmartManComau - Comau\",\"isPartOf\":{\"@id\":\"https:\/\/www.comau.com\/pt-br\/#website\"},\"primaryImageOfPage\":{\"@id\":\"https:\/\/www.comau.com\/pt-br\/competencies\/products-solutions\/powertrain-machining\/power-system-products\/smartmancomau\/#primaryimage\"},\"image\":{\"@id\":\"https:\/\/www.comau.com\/pt-br\/competencies\/products-solutions\/powertrain-machining\/power-system-products\/smartmancomau\/#primaryimage\"},\"thumbnailUrl\":\"https:\/\/www.comau.com\/wp-content\/uploads\/2021\/06\/smartmancomau_header.jpg\",\"datePublished\":\"2021-06-08T10:29:51+00:00\",\"dateModified\":\"2021-07-18T09:40:59+00:00\",\"breadcrumb\":{\"@id\":\"https:\/\/www.comau.com\/pt-br\/competencies\/products-solutions\/powertrain-machining\/power-system-products\/smartmancomau\/#breadcrumb\"},\"inLanguage\":\"pt-BR\",\"potentialAction\":[{\"@type\":\"ReadAction\",\"target\":[\"https:\/\/www.comau.com\/pt-br\/competencies\/products-solutions\/powertrain-machining\/power-system-products\/smartmancomau\/\"]}]},{\"@type\":\"ImageObject\",\"inLanguage\":\"pt-BR\",\"@id\":\"https:\/\/www.comau.com\/pt-br\/competencies\/products-solutions\/powertrain-machining\/power-system-products\/smartmancomau\/#primaryimage\",\"url\":\"https:\/\/www.comau.com\/wp-content\/uploads\/2021\/06\/smartmancomau_header.jpg\",\"contentUrl\":\"https:\/\/www.comau.com\/wp-content\/uploads\/2021\/06\/smartmancomau_header.jpg\",\"width\":1280,\"height\":485},{\"@type\":\"BreadcrumbList\",\"@id\":\"https:\/\/www.comau.com\/pt-br\/competencies\/products-solutions\/powertrain-machining\/power-system-products\/smartmancomau\/#breadcrumb\",\"itemListElement\":[{\"@type\":\"ListItem\",\"position\":1,\"name\":\"Home\",\"item\":\"https:\/\/www.comau.com\/pt-br\/\"},{\"@type\":\"ListItem\",\"position\":2,\"name\":\"Nossas Compet\u00eancias\",\"item\":\"https:\/\/www.comau.com\/pt-br\/competencies\/\"},{\"@type\":\"ListItem\",\"position\":3,\"name\":\"Powertrain &#038; Machining\",\"item\":\"https:\/\/www.comau.com\/pt-br\/competencies\/powertrain-machining\/\"},{\"@type\":\"ListItem\",\"position\":4,\"name\":\"Power System &#038; Products\",\"item\":\"https:\/\/www.comau.com\/pt-br\/competencies\/powertrain-machining\/power-system-products\/\"},{\"@type\":\"ListItem\",\"position\":5,\"name\":\"SmartManComau\"}]},{\"@type\":\"WebSite\",\"@id\":\"https:\/\/www.comau.com\/pt-br\/#website\",\"url\":\"https:\/\/www.comau.com\/pt-br\/\",\"name\":\"Comau\",\"description\":\"Industrial automation and robotics\",\"publisher\":{\"@id\":\"https:\/\/www.comau.com\/pt-br\/#organization\"},\"potentialAction\":[{\"@type\":\"SearchAction\",\"target\":{\"@type\":\"EntryPoint\",\"urlTemplate\":\"https:\/\/www.comau.com\/pt-br\/?s={search_term_string}\"},\"query-input\":{\"@type\":\"PropertyValueSpecification\",\"valueRequired\":true,\"valueName\":\"search_term_string\"}}],\"inLanguage\":\"pt-BR\"},{\"@type\":\"Organization\",\"@id\":\"https:\/\/www.comau.com\/pt-br\/#organization\",\"name\":\"Comau\",\"url\":\"https:\/\/www.comau.com\/pt-br\/\",\"logo\":{\"@type\":\"ImageObject\",\"inLanguage\":\"pt-BR\",\"@id\":\"https:\/\/www.comau.com\/pt-br\/#\/schema\/logo\/image\/\",\"url\":\"https:\/\/www.comau.com\/wp-content\/uploads\/2024\/07\/cropped-Logo-COMAU.png\",\"contentUrl\":\"https:\/\/www.comau.com\/wp-content\/uploads\/2024\/07\/cropped-Logo-COMAU.png\",\"width\":434,\"height\":434,\"caption\":\"Comau\"},\"image\":{\"@id\":\"https:\/\/www.comau.com\/pt-br\/#\/schema\/logo\/image\/\"},\"sameAs\":[\"https:\/\/www.facebook.com\/COMAU\/\",\"https:\/\/x.com\/comaugroup\",\"https:\/\/www.instagram.com\/comaugroup\/\",\"https:\/\/www.linkedin.com\/company\/comau\",\"https:\/\/www.youtube.com\/user\/comau\"]}]}<\/script>\n<!-- \/ Yoast SEO plugin. -->","yoast_head_json":{"title":"SmartManComau - Comau","robots":{"index":"index","follow":"follow","max-snippet":"max-snippet:-1","max-image-preview":"max-image-preview:large","max-video-preview":"max-video-preview:-1"},"canonical":"https:\/\/www.comau.com\/pt-br\/competencies\/products-solutions\/powertrain-machining\/power-system-products\/smartmancomau\/","og_locale":"pt_BR","og_type":"article","og_title":"SmartManComau - Comau","og_description":"Propostas de Valor Flexibilidade: projetado para processar muitos tipos de pe\u00e7a diferentes em muitos fluxos de trabalho diferentes. Escalabilidade: baixo investimento em capital e capacidade de satisfazer \u00e0s mut\u00e1veis demandas de mercado. Reequipamento r\u00e1pido: rapidez na troca de ferramentas e na movimenta\u00e7\u00e3o da c\u00e9lula em toda a instala\u00e7\u00e3o. Integra\u00e7\u00e3o: processos serial e paralelo. Padroniza\u00e7\u00e3o: o [&hellip;]","og_url":"https:\/\/www.comau.com\/pt-br\/competencies\/products-solutions\/powertrain-machining\/power-system-products\/smartmancomau\/","og_site_name":"Comau","article_publisher":"https:\/\/www.facebook.com\/COMAU\/","article_modified_time":"2021-07-18T09:40:59+00:00","og_image":[{"width":1280,"height":485,"url":"https:\/\/www.comau.com\/wp-content\/uploads\/2021\/06\/smartmancomau_header.jpg","type":"image\/jpeg"}],"twitter_card":"summary_large_image","twitter_site":"@comaugroup","twitter_misc":{"Est. tempo de leitura":"1 minuto"},"schema":{"@context":"https:\/\/schema.org","@graph":[{"@type":"WebPage","@id":"https:\/\/www.comau.com\/pt-br\/competencies\/products-solutions\/powertrain-machining\/power-system-products\/smartmancomau\/","url":"https:\/\/www.comau.com\/pt-br\/competencies\/products-solutions\/powertrain-machining\/power-system-products\/smartmancomau\/","name":"SmartManComau - Comau","isPartOf":{"@id":"https:\/\/www.comau.com\/pt-br\/#website"},"primaryImageOfPage":{"@id":"https:\/\/www.comau.com\/pt-br\/competencies\/products-solutions\/powertrain-machining\/power-system-products\/smartmancomau\/#primaryimage"},"image":{"@id":"https:\/\/www.comau.com\/pt-br\/competencies\/products-solutions\/powertrain-machining\/power-system-products\/smartmancomau\/#primaryimage"},"thumbnailUrl":"https:\/\/www.comau.com\/wp-content\/uploads\/2021\/06\/smartmancomau_header.jpg","datePublished":"2021-06-08T10:29:51+00:00","dateModified":"2021-07-18T09:40:59+00:00","breadcrumb":{"@id":"https:\/\/www.comau.com\/pt-br\/competencies\/products-solutions\/powertrain-machining\/power-system-products\/smartmancomau\/#breadcrumb"},"inLanguage":"pt-BR","potentialAction":[{"@type":"ReadAction","target":["https:\/\/www.comau.com\/pt-br\/competencies\/products-solutions\/powertrain-machining\/power-system-products\/smartmancomau\/"]}]},{"@type":"ImageObject","inLanguage":"pt-BR","@id":"https:\/\/www.comau.com\/pt-br\/competencies\/products-solutions\/powertrain-machining\/power-system-products\/smartmancomau\/#primaryimage","url":"https:\/\/www.comau.com\/wp-content\/uploads\/2021\/06\/smartmancomau_header.jpg","contentUrl":"https:\/\/www.comau.com\/wp-content\/uploads\/2021\/06\/smartmancomau_header.jpg","width":1280,"height":485},{"@type":"BreadcrumbList","@id":"https:\/\/www.comau.com\/pt-br\/competencies\/products-solutions\/powertrain-machining\/power-system-products\/smartmancomau\/#breadcrumb","itemListElement":[{"@type":"ListItem","position":1,"name":"Home","item":"https:\/\/www.comau.com\/pt-br\/"},{"@type":"ListItem","position":2,"name":"Nossas Compet\u00eancias","item":"https:\/\/www.comau.com\/pt-br\/competencies\/"},{"@type":"ListItem","position":3,"name":"Powertrain &#038; Machining","item":"https:\/\/www.comau.com\/pt-br\/competencies\/powertrain-machining\/"},{"@type":"ListItem","position":4,"name":"Power System &#038; Products","item":"https:\/\/www.comau.com\/pt-br\/competencies\/powertrain-machining\/power-system-products\/"},{"@type":"ListItem","position":5,"name":"SmartManComau"}]},{"@type":"WebSite","@id":"https:\/\/www.comau.com\/pt-br\/#website","url":"https:\/\/www.comau.com\/pt-br\/","name":"Comau","description":"Industrial automation and robotics","publisher":{"@id":"https:\/\/www.comau.com\/pt-br\/#organization"},"potentialAction":[{"@type":"SearchAction","target":{"@type":"EntryPoint","urlTemplate":"https:\/\/www.comau.com\/pt-br\/?s={search_term_string}"},"query-input":{"@type":"PropertyValueSpecification","valueRequired":true,"valueName":"search_term_string"}}],"inLanguage":"pt-BR"},{"@type":"Organization","@id":"https:\/\/www.comau.com\/pt-br\/#organization","name":"Comau","url":"https:\/\/www.comau.com\/pt-br\/","logo":{"@type":"ImageObject","inLanguage":"pt-BR","@id":"https:\/\/www.comau.com\/pt-br\/#\/schema\/logo\/image\/","url":"https:\/\/www.comau.com\/wp-content\/uploads\/2024\/07\/cropped-Logo-COMAU.png","contentUrl":"https:\/\/www.comau.com\/wp-content\/uploads\/2024\/07\/cropped-Logo-COMAU.png","width":434,"height":434,"caption":"Comau"},"image":{"@id":"https:\/\/www.comau.com\/pt-br\/#\/schema\/logo\/image\/"},"sameAs":["https:\/\/www.facebook.com\/COMAU\/","https:\/\/x.com\/comaugroup","https:\/\/www.instagram.com\/comaugroup\/","https:\/\/www.linkedin.com\/company\/comau","https:\/\/www.youtube.com\/user\/comau"]}]}},"_links":{"self":[{"href":"https:\/\/www.comau.com\/pt-br\/wp-json\/wp\/v2\/pages\/23185","targetHints":{"allow":["GET"]}}],"collection":[{"href":"https:\/\/www.comau.com\/pt-br\/wp-json\/wp\/v2\/pages"}],"about":[{"href":"https:\/\/www.comau.com\/pt-br\/wp-json\/wp\/v2\/types\/page"}],"author":[{"embeddable":true,"href":"https:\/\/www.comau.com\/pt-br\/wp-json\/wp\/v2\/users\/11"}],"replies":[{"embeddable":true,"href":"https:\/\/www.comau.com\/pt-br\/wp-json\/wp\/v2\/comments?post=23185"}],"version-history":[{"count":18,"href":"https:\/\/www.comau.com\/pt-br\/wp-json\/wp\/v2\/pages\/23185\/revisions"}],"predecessor-version":[{"id":26176,"href":"https:\/\/www.comau.com\/pt-br\/wp-json\/wp\/v2\/pages\/23185\/revisions\/26176"}],"up":[{"embeddable":true,"href":"https:\/\/www.comau.com\/pt-br\/wp-json\/wp\/v2\/pages\/5949"}],"wp:featuredmedia":[{"embeddable":true,"href":"https:\/\/www.comau.com\/pt-br\/wp-json\/wp\/v2\/media\/5973"}],"wp:attachment":[{"href":"https:\/\/www.comau.com\/pt-br\/wp-json\/wp\/v2\/media?parent=23185"}],"curies":[{"name":"wp","href":"https:\/\/api.w.org\/{rel}","templated":true}]}}