{"id":23180,"date":"2021-06-08T12:29:34","date_gmt":"2021-06-08T10:29:34","guid":{"rendered":"https:\/\/www.comau.com\/?page_id=23180"},"modified":"2022-02-08T09:49:11","modified_gmt":"2022-02-08T08:49:11","slug":"smartcellcomau","status":"publish","type":"page","link":"https:\/\/www.comau.com\/pt-br\/competencies\/products-solutions\/powertrain-machining\/power-system-products\/smartcellcomau\/","title":{"rendered":"SmartCellComau"},"content":{"rendered":"\n<h2 class=\"wp-block-heading\" id=\"propostas-de-valor\">Propostas de Valor<\/h2>\n\n\n\n<ul class=\"wp-block-list\"><li>Confiabilidade: processo paralelo x processo serial. <\/li><li>Escalabilidade: alinhar o investimento em capital \u00e0s demandas do mercado. <\/li><li>Reequipamento r\u00e1pido: troca de ferramenta facilitada para a flexibilidade da produ\u00e7\u00e3o. <\/li><li>Menos espa\u00e7o no ch\u00e3o da f\u00e1brica: at\u00e9 50%. <\/li><li>Entrega: curto prazo devido \u00e0s m\u00e1quinas padr\u00e3o. <\/li><li>Produ\u00e7\u00e3o: tempo de lan\u00e7amento reduzido. <\/li><li>Log\u00edstica de materiais aprimorada: ponto \u00fanico de entrega de materiais.<\/li><li>Fabrica\u00e7\u00e3o enxuta: redu\u00e7\u00e3o de WIP (trabalho em processo). <\/li><li>Redu\u00e7\u00e3o de consumo de energia e de fluidos. <\/li><li>Fun\u00e7\u00e3o de aprendizagem autom\u00e1tica de consumo nominal (opcional). <\/li><li>Monitoramento e alerta de consumo extra (opcional). <\/li><li>Coleta de dados de consumo e an\u00e1lise de custos (opcional). <\/li><li>Monitoramento de consumo de energia, ar e refrigerante &#8211; Gerenciamento de fun\u00e7\u00e3o de economia de energia (Ecosmart, opcional). <\/li><li>Supervis\u00e3o de energia da f\u00e1brica predisposta (opcional).<\/li><\/ul>\n\n\n\n<div class=\"wp-block-getwid-images-slider has-arrows-inside has-dots-outside has-images-center has-cropped-images\"><div class=\"wp-block-getwid-images-slider__wrapper\" data-effect=\"slide\" data-slides-show=\"1\" data-slides-show-laptop=\"1\" data-slides-show-tablet=\"1\" data-slides-show-mobile=\"1\" data-slides-scroll=\"1\" data-autoplay=\"true\" data-autoplay-speed=\"6000\" data-infinite=\"true\" data-animation-speed=\"800\" data-center-mode=\"false\" data-variable-width=\"false\" data-arrows=\"inside\" data-dots=\"outside\" data-spacing=\"none\"><div class=\"wp-block-getwid-images-slider__item\"><figure><img decoding=\"async\" width=\"1179\" height=\"401\" src=\"https:\/\/www.comau.com\/wp-content\/uploads\/2021\/06\/SmartCell_1.jpg\" data-id=\"740\" data-link=\"https:\/\/www.comau.com\/competencies\/powertrain-machining\/power-system-products\/smartcellcomau\/smartcell_1\/\" data-original-link=\"https:\/\/www.comau.com\/wp-content\/uploads\/2021\/06\/SmartCell_1.jpg\" class=\"wp-block-getwid-images-slider__image wp-image-9862\" srcset=\"https:\/\/www.comau.com\/wp-content\/uploads\/2021\/06\/SmartCell_1.jpg 1179w, https:\/\/www.comau.com\/wp-content\/uploads\/2021\/06\/SmartCell_1-300x102.jpg 300w, https:\/\/www.comau.com\/wp-content\/uploads\/2021\/06\/SmartCell_1-1024x348.jpg 1024w, https:\/\/www.comau.com\/wp-content\/uploads\/2021\/06\/SmartCell_1-768x261.jpg 768w\" sizes=\"(max-width: 1179px) 100vw, 1179px\" \/><\/figure><\/div><div class=\"wp-block-getwid-images-slider__item\"><figure><img decoding=\"async\" width=\"1179\" height=\"401\" src=\"https:\/\/www.comau.com\/wp-content\/uploads\/2021\/06\/SmartCell_2.jpg\" data-id=\"739\" data-link=\"https:\/\/www.comau.com\/competencies\/powertrain-machining\/power-system-products\/smartcellcomau\/smartcell_2\/\" data-original-link=\"https:\/\/www.comau.com\/wp-content\/uploads\/2021\/06\/SmartCell_2.jpg\" class=\"wp-block-getwid-images-slider__image wp-image-9857\" srcset=\"https:\/\/www.comau.com\/wp-content\/uploads\/2021\/06\/SmartCell_2.jpg 1179w, https:\/\/www.comau.com\/wp-content\/uploads\/2021\/06\/SmartCell_2-300x102.jpg 300w, https:\/\/www.comau.com\/wp-content\/uploads\/2021\/06\/SmartCell_2-1024x348.jpg 1024w, https:\/\/www.comau.com\/wp-content\/uploads\/2021\/06\/SmartCell_2-768x261.jpg 768w\" sizes=\"(max-width: 1179px) 100vw, 1179px\" \/><\/figure><\/div><\/div><\/div>\n\n\n\n<h2 class=\"wp-block-heading\" id=\"especificacoes-tecnicas\">Especifica\u00e7\u00f5es t\u00e9cnicas<\/h2>\n\n\n\n<figure class=\"wp-block-table is-style-stripes\"><table><tbody><tr><td><strong>Largura (mm)<\/strong><\/td><td>2.200<\/td><\/tr><tr><td><strong>Comprimento (mm)<\/strong><\/td><td>4.800<\/td><\/tr><tr><td><strong>Altura (mm)<\/strong><\/td><td>3.100<\/td><\/tr><tr><td><strong>Curso dos eixos<\/strong><\/td><td><\/td><\/tr><tr><td><strong>Curso X (mm)<\/strong><\/td><td>2.110<\/td><\/tr><tr><td><strong>Curso Y (mm)<\/strong><\/td><td>2.000<\/td><\/tr><tr><td><strong>Curso Z (mm)<\/strong><\/td><td>600<\/td><\/tr><tr><td><strong>\u03b1 (Alfa) (graus)<\/strong><\/td><td>225ccw &#8211; 135cw<\/td><\/tr><tr><td><strong>\u03b2 (Beta) (graus)<\/strong><\/td><td>15ccw &#8211; 15cw<\/td><\/tr><\/tbody><\/table><figcaption>Dimens\u00f5es principais<\/figcaption><\/figure>\n\n\n\n<div class=\"wp-block-getwid-toggle download-dropdown has-icon-left\">\n<div class=\"wp-block-getwid-toggle__row\"><div class=\"wp-block-getwid-toggle__header-wrapper\"><span class=\"wp-block-getwid-toggle__header\"><a href=\"#\"><span class=\"wp-block-getwid-toggle__header-title\">Technical sheets<\/span><span class=\"wp-block-getwid-toggle__icon is-active\"><i class=\"fas fa-plus\"><\/i><\/span><span class=\"wp-block-getwid-toggle__icon is-passive\"><i class=\"fas fa-minus\"><\/i><\/span><\/a><\/span><\/div><div class=\"wp-block-getwid-toggle__content-wrapper\"><div class=\"wp-block-getwid-toggle__content\">\n<div class=\"wp-block-getwid-button-group\"><div class=\"wp-block-getwid-button-group__wrapper\">\n<div class=\"wp-block-button\"><a class=\"wp-block-button__link\" href=\"https:\/\/www.comau.com\/wp-content\/uploads\/2021\/06\/EN_brochure_smartcell.pdf\" target=\"_blank\" rel=\"noreferrer noopener\">SmartCell<\/a><\/div>\n<\/div><\/div>\n<\/div><\/div><\/div>\n<\/div>\n","protected":false},"excerpt":{"rendered":"<p>Propostas de Valor Confiabilidade: processo paralelo x processo serial. Escalabilidade: alinhar o investimento em capital \u00e0s demandas do mercado. Reequipamento r\u00e1pido: troca de ferramenta facilitada para a flexibilidade da produ\u00e7\u00e3o. Menos espa\u00e7o no ch\u00e3o da f\u00e1brica: at\u00e9 50%. Entrega: curto prazo devido \u00e0s m\u00e1quinas padr\u00e3o. Produ\u00e7\u00e3o: tempo de lan\u00e7amento reduzido. Log\u00edstica de materiais aprimorada: ponto [&hellip;]<\/p>\n","protected":false},"author":11,"featured_media":5972,"parent":5949,"menu_order":3,"comment_status":"closed","ping_status":"closed","template":"","meta":{"_acf_changed":false,"ep_exclude_from_search":false,"footnotes":""},"class_list":["post-23180","page","type-page","status-publish","has-post-thumbnail","hentry"],"acf":[],"yoast_head":"<!-- This site is optimized with the Yoast SEO plugin v26.9 - https:\/\/yoast.com\/product\/yoast-seo-wordpress\/ -->\n<title>Smartcell Comau: equipamento para automatiza\u00e7\u00e3o | Comau<\/title>\n<meta name=\"description\" content=\"Smartcell Comau: um equipamento para automatiza\u00e7\u00e3o de processos industriais com um prazo de entrega reduzido. Descubra mais aqui.\" \/>\n<meta name=\"robots\" content=\"index, follow, max-snippet:-1, max-image-preview:large, max-video-preview:-1\" \/>\n<link rel=\"canonical\" href=\"https:\/\/www.comau.com\/pt-br\/competencies\/products-solutions\/powertrain-machining\/power-system-products\/smartcellcomau\/\" \/>\n<meta property=\"og:locale\" content=\"pt_BR\" \/>\n<meta property=\"og:type\" content=\"article\" \/>\n<meta property=\"og:title\" content=\"Smartcell Comau: equipamento para automatiza\u00e7\u00e3o | Comau\" \/>\n<meta property=\"og:description\" content=\"Smartcell Comau: um equipamento para automatiza\u00e7\u00e3o de processos industriais com um prazo de entrega reduzido. Descubra mais aqui.\" \/>\n<meta property=\"og:url\" content=\"https:\/\/www.comau.com\/pt-br\/competencies\/products-solutions\/powertrain-machining\/power-system-products\/smartcellcomau\/\" \/>\n<meta property=\"og:site_name\" content=\"Comau\" \/>\n<meta property=\"article:publisher\" content=\"https:\/\/www.facebook.com\/COMAU\/\" \/>\n<meta property=\"article:modified_time\" content=\"2022-02-08T08:49:11+00:00\" \/>\n<meta property=\"og:image\" content=\"https:\/\/www.comau.com\/wp-content\/uploads\/2021\/06\/smartcellcomau_header.jpg\" \/>\n\t<meta property=\"og:image:width\" content=\"1280\" \/>\n\t<meta property=\"og:image:height\" content=\"485\" \/>\n\t<meta property=\"og:image:type\" content=\"image\/jpeg\" \/>\n<meta name=\"twitter:card\" content=\"summary_large_image\" \/>\n<meta name=\"twitter:site\" content=\"@comaugroup\" \/>\n<meta name=\"twitter:label1\" content=\"Est. tempo de leitura\" \/>\n\t<meta name=\"twitter:data1\" content=\"2 minutos\" \/>\n<script type=\"application\/ld+json\" class=\"yoast-schema-graph\">{\"@context\":\"https:\/\/schema.org\",\"@graph\":[{\"@type\":\"WebPage\",\"@id\":\"https:\/\/www.comau.com\/pt-br\/competencies\/products-solutions\/powertrain-machining\/power-system-products\/smartcellcomau\/\",\"url\":\"https:\/\/www.comau.com\/pt-br\/competencies\/products-solutions\/powertrain-machining\/power-system-products\/smartcellcomau\/\",\"name\":\"Smartcell Comau: equipamento para automatiza\u00e7\u00e3o | Comau\",\"isPartOf\":{\"@id\":\"https:\/\/www.comau.com\/pt-br\/#website\"},\"primaryImageOfPage\":{\"@id\":\"https:\/\/www.comau.com\/pt-br\/competencies\/products-solutions\/powertrain-machining\/power-system-products\/smartcellcomau\/#primaryimage\"},\"image\":{\"@id\":\"https:\/\/www.comau.com\/pt-br\/competencies\/products-solutions\/powertrain-machining\/power-system-products\/smartcellcomau\/#primaryimage\"},\"thumbnailUrl\":\"https:\/\/www.comau.com\/wp-content\/uploads\/2021\/06\/smartcellcomau_header.jpg\",\"datePublished\":\"2021-06-08T10:29:34+00:00\",\"dateModified\":\"2022-02-08T08:49:11+00:00\",\"description\":\"Smartcell Comau: um equipamento para automatiza\u00e7\u00e3o de processos industriais com um prazo de entrega reduzido. Descubra mais aqui.\",\"breadcrumb\":{\"@id\":\"https:\/\/www.comau.com\/pt-br\/competencies\/products-solutions\/powertrain-machining\/power-system-products\/smartcellcomau\/#breadcrumb\"},\"inLanguage\":\"pt-BR\",\"potentialAction\":[{\"@type\":\"ReadAction\",\"target\":[\"https:\/\/www.comau.com\/pt-br\/competencies\/products-solutions\/powertrain-machining\/power-system-products\/smartcellcomau\/\"]}]},{\"@type\":\"ImageObject\",\"inLanguage\":\"pt-BR\",\"@id\":\"https:\/\/www.comau.com\/pt-br\/competencies\/products-solutions\/powertrain-machining\/power-system-products\/smartcellcomau\/#primaryimage\",\"url\":\"https:\/\/www.comau.com\/wp-content\/uploads\/2021\/06\/smartcellcomau_header.jpg\",\"contentUrl\":\"https:\/\/www.comau.com\/wp-content\/uploads\/2021\/06\/smartcellcomau_header.jpg\",\"width\":1280,\"height\":485},{\"@type\":\"BreadcrumbList\",\"@id\":\"https:\/\/www.comau.com\/pt-br\/competencies\/products-solutions\/powertrain-machining\/power-system-products\/smartcellcomau\/#breadcrumb\",\"itemListElement\":[{\"@type\":\"ListItem\",\"position\":1,\"name\":\"Home\",\"item\":\"https:\/\/www.comau.com\/pt-br\/\"},{\"@type\":\"ListItem\",\"position\":2,\"name\":\"Nossas Compet\u00eancias\",\"item\":\"https:\/\/www.comau.com\/pt-br\/competencies\/\"},{\"@type\":\"ListItem\",\"position\":3,\"name\":\"Powertrain &#038; Machining\",\"item\":\"https:\/\/www.comau.com\/pt-br\/competencies\/powertrain-machining\/\"},{\"@type\":\"ListItem\",\"position\":4,\"name\":\"Power System &#038; Products\",\"item\":\"https:\/\/www.comau.com\/pt-br\/competencies\/powertrain-machining\/power-system-products\/\"},{\"@type\":\"ListItem\",\"position\":5,\"name\":\"SmartCellComau\"}]},{\"@type\":\"WebSite\",\"@id\":\"https:\/\/www.comau.com\/pt-br\/#website\",\"url\":\"https:\/\/www.comau.com\/pt-br\/\",\"name\":\"Comau\",\"description\":\"Industrial automation and robotics\",\"publisher\":{\"@id\":\"https:\/\/www.comau.com\/pt-br\/#organization\"},\"potentialAction\":[{\"@type\":\"SearchAction\",\"target\":{\"@type\":\"EntryPoint\",\"urlTemplate\":\"https:\/\/www.comau.com\/pt-br\/?s={search_term_string}\"},\"query-input\":{\"@type\":\"PropertyValueSpecification\",\"valueRequired\":true,\"valueName\":\"search_term_string\"}}],\"inLanguage\":\"pt-BR\"},{\"@type\":\"Organization\",\"@id\":\"https:\/\/www.comau.com\/pt-br\/#organization\",\"name\":\"Comau\",\"url\":\"https:\/\/www.comau.com\/pt-br\/\",\"logo\":{\"@type\":\"ImageObject\",\"inLanguage\":\"pt-BR\",\"@id\":\"https:\/\/www.comau.com\/pt-br\/#\/schema\/logo\/image\/\",\"url\":\"https:\/\/www.comau.com\/wp-content\/uploads\/2024\/07\/cropped-Logo-COMAU.png\",\"contentUrl\":\"https:\/\/www.comau.com\/wp-content\/uploads\/2024\/07\/cropped-Logo-COMAU.png\",\"width\":434,\"height\":434,\"caption\":\"Comau\"},\"image\":{\"@id\":\"https:\/\/www.comau.com\/pt-br\/#\/schema\/logo\/image\/\"},\"sameAs\":[\"https:\/\/www.facebook.com\/COMAU\/\",\"https:\/\/x.com\/comaugroup\",\"https:\/\/www.instagram.com\/comaugroup\/\",\"https:\/\/www.linkedin.com\/company\/comau\",\"https:\/\/www.youtube.com\/user\/comau\"]}]}<\/script>\n<!-- \/ Yoast SEO plugin. -->","yoast_head_json":{"title":"Smartcell Comau: equipamento para automatiza\u00e7\u00e3o | Comau","description":"Smartcell Comau: um equipamento para automatiza\u00e7\u00e3o de processos industriais com um prazo de entrega reduzido. Descubra mais aqui.","robots":{"index":"index","follow":"follow","max-snippet":"max-snippet:-1","max-image-preview":"max-image-preview:large","max-video-preview":"max-video-preview:-1"},"canonical":"https:\/\/www.comau.com\/pt-br\/competencies\/products-solutions\/powertrain-machining\/power-system-products\/smartcellcomau\/","og_locale":"pt_BR","og_type":"article","og_title":"Smartcell Comau: equipamento para automatiza\u00e7\u00e3o | Comau","og_description":"Smartcell Comau: um equipamento para automatiza\u00e7\u00e3o de processos industriais com um prazo de entrega reduzido. Descubra mais aqui.","og_url":"https:\/\/www.comau.com\/pt-br\/competencies\/products-solutions\/powertrain-machining\/power-system-products\/smartcellcomau\/","og_site_name":"Comau","article_publisher":"https:\/\/www.facebook.com\/COMAU\/","article_modified_time":"2022-02-08T08:49:11+00:00","og_image":[{"width":1280,"height":485,"url":"https:\/\/www.comau.com\/wp-content\/uploads\/2021\/06\/smartcellcomau_header.jpg","type":"image\/jpeg"}],"twitter_card":"summary_large_image","twitter_site":"@comaugroup","twitter_misc":{"Est. tempo de leitura":"2 minutos"},"schema":{"@context":"https:\/\/schema.org","@graph":[{"@type":"WebPage","@id":"https:\/\/www.comau.com\/pt-br\/competencies\/products-solutions\/powertrain-machining\/power-system-products\/smartcellcomau\/","url":"https:\/\/www.comau.com\/pt-br\/competencies\/products-solutions\/powertrain-machining\/power-system-products\/smartcellcomau\/","name":"Smartcell Comau: equipamento para automatiza\u00e7\u00e3o | Comau","isPartOf":{"@id":"https:\/\/www.comau.com\/pt-br\/#website"},"primaryImageOfPage":{"@id":"https:\/\/www.comau.com\/pt-br\/competencies\/products-solutions\/powertrain-machining\/power-system-products\/smartcellcomau\/#primaryimage"},"image":{"@id":"https:\/\/www.comau.com\/pt-br\/competencies\/products-solutions\/powertrain-machining\/power-system-products\/smartcellcomau\/#primaryimage"},"thumbnailUrl":"https:\/\/www.comau.com\/wp-content\/uploads\/2021\/06\/smartcellcomau_header.jpg","datePublished":"2021-06-08T10:29:34+00:00","dateModified":"2022-02-08T08:49:11+00:00","description":"Smartcell Comau: um equipamento para automatiza\u00e7\u00e3o de processos industriais com um prazo de entrega reduzido. Descubra mais aqui.","breadcrumb":{"@id":"https:\/\/www.comau.com\/pt-br\/competencies\/products-solutions\/powertrain-machining\/power-system-products\/smartcellcomau\/#breadcrumb"},"inLanguage":"pt-BR","potentialAction":[{"@type":"ReadAction","target":["https:\/\/www.comau.com\/pt-br\/competencies\/products-solutions\/powertrain-machining\/power-system-products\/smartcellcomau\/"]}]},{"@type":"ImageObject","inLanguage":"pt-BR","@id":"https:\/\/www.comau.com\/pt-br\/competencies\/products-solutions\/powertrain-machining\/power-system-products\/smartcellcomau\/#primaryimage","url":"https:\/\/www.comau.com\/wp-content\/uploads\/2021\/06\/smartcellcomau_header.jpg","contentUrl":"https:\/\/www.comau.com\/wp-content\/uploads\/2021\/06\/smartcellcomau_header.jpg","width":1280,"height":485},{"@type":"BreadcrumbList","@id":"https:\/\/www.comau.com\/pt-br\/competencies\/products-solutions\/powertrain-machining\/power-system-products\/smartcellcomau\/#breadcrumb","itemListElement":[{"@type":"ListItem","position":1,"name":"Home","item":"https:\/\/www.comau.com\/pt-br\/"},{"@type":"ListItem","position":2,"name":"Nossas Compet\u00eancias","item":"https:\/\/www.comau.com\/pt-br\/competencies\/"},{"@type":"ListItem","position":3,"name":"Powertrain &#038; Machining","item":"https:\/\/www.comau.com\/pt-br\/competencies\/powertrain-machining\/"},{"@type":"ListItem","position":4,"name":"Power System &#038; Products","item":"https:\/\/www.comau.com\/pt-br\/competencies\/powertrain-machining\/power-system-products\/"},{"@type":"ListItem","position":5,"name":"SmartCellComau"}]},{"@type":"WebSite","@id":"https:\/\/www.comau.com\/pt-br\/#website","url":"https:\/\/www.comau.com\/pt-br\/","name":"Comau","description":"Industrial automation and robotics","publisher":{"@id":"https:\/\/www.comau.com\/pt-br\/#organization"},"potentialAction":[{"@type":"SearchAction","target":{"@type":"EntryPoint","urlTemplate":"https:\/\/www.comau.com\/pt-br\/?s={search_term_string}"},"query-input":{"@type":"PropertyValueSpecification","valueRequired":true,"valueName":"search_term_string"}}],"inLanguage":"pt-BR"},{"@type":"Organization","@id":"https:\/\/www.comau.com\/pt-br\/#organization","name":"Comau","url":"https:\/\/www.comau.com\/pt-br\/","logo":{"@type":"ImageObject","inLanguage":"pt-BR","@id":"https:\/\/www.comau.com\/pt-br\/#\/schema\/logo\/image\/","url":"https:\/\/www.comau.com\/wp-content\/uploads\/2024\/07\/cropped-Logo-COMAU.png","contentUrl":"https:\/\/www.comau.com\/wp-content\/uploads\/2024\/07\/cropped-Logo-COMAU.png","width":434,"height":434,"caption":"Comau"},"image":{"@id":"https:\/\/www.comau.com\/pt-br\/#\/schema\/logo\/image\/"},"sameAs":["https:\/\/www.facebook.com\/COMAU\/","https:\/\/x.com\/comaugroup","https:\/\/www.instagram.com\/comaugroup\/","https:\/\/www.linkedin.com\/company\/comau","https:\/\/www.youtube.com\/user\/comau"]}]}},"_links":{"self":[{"href":"https:\/\/www.comau.com\/pt-br\/wp-json\/wp\/v2\/pages\/23180","targetHints":{"allow":["GET"]}}],"collection":[{"href":"https:\/\/www.comau.com\/pt-br\/wp-json\/wp\/v2\/pages"}],"about":[{"href":"https:\/\/www.comau.com\/pt-br\/wp-json\/wp\/v2\/types\/page"}],"author":[{"embeddable":true,"href":"https:\/\/www.comau.com\/pt-br\/wp-json\/wp\/v2\/users\/11"}],"replies":[{"embeddable":true,"href":"https:\/\/www.comau.com\/pt-br\/wp-json\/wp\/v2\/comments?post=23180"}],"version-history":[{"count":32,"href":"https:\/\/www.comau.com\/pt-br\/wp-json\/wp\/v2\/pages\/23180\/revisions"}],"predecessor-version":[{"id":42108,"href":"https:\/\/www.comau.com\/pt-br\/wp-json\/wp\/v2\/pages\/23180\/revisions\/42108"}],"up":[{"embeddable":true,"href":"https:\/\/www.comau.com\/pt-br\/wp-json\/wp\/v2\/pages\/5949"}],"wp:featuredmedia":[{"embeddable":true,"href":"https:\/\/www.comau.com\/pt-br\/wp-json\/wp\/v2\/media\/5972"}],"wp:attachment":[{"href":"https:\/\/www.comau.com\/pt-br\/wp-json\/wp\/v2\/media?parent=23180"}],"curies":[{"name":"wp","href":"https:\/\/api.w.org\/{rel}","templated":true}]}}