{"id":23175,"date":"2021-06-08T12:29:11","date_gmt":"2021-06-08T10:29:11","guid":{"rendered":"https:\/\/www.comau.com\/?page_id=23175"},"modified":"2022-02-08T10:24:52","modified_gmt":"2022-02-08T09:24:52","slug":"e-drive-and-transmission-assembly","status":"publish","type":"page","link":"https:\/\/www.comau.com\/pt-br\/competencies\/products-solutions\/powertrain-machining\/power-system-products\/e-drive-and-transmission-assembly\/","title":{"rendered":"Montagem de acionamentos el\u00e9tricos e transmiss\u00f5es"},"content":{"rendered":"\n<h2 class=\"wp-block-heading\" id=\"rotors-and-stators-to-e-motors-and-e-drivelines\">Rotors and Stators to E-Motors and E-Drivelines<\/h2>\n\n\n\n<p>Estamos comprometidos em fornecer a mistura certa de experi\u00eancia em processos, flexibilidade de sistemas e efici\u00eancia de desempenho para apoiar seu projeto ao longo do processo inteiro de produ\u00e7\u00e3o de trens de for\u00e7a el\u00e9tricos. Nossas linhas de produ\u00e7\u00e3o de tra\u00e7\u00e3o el\u00e9trica podem lidar com pequenos e grandes volumes de produ\u00e7\u00e3o, cobrindo todas as suas necessidades de fabrica\u00e7\u00e3o:<\/p>\n\n\n\n<ul class=\"wp-block-list\"><li>Rotor and stator assembly &nbsp;&nbsp;&nbsp;&nbsp;&nbsp;&nbsp;&nbsp;&nbsp;&nbsp;&nbsp;&nbsp;&nbsp;&nbsp;&nbsp;&nbsp;&nbsp;&nbsp;&nbsp;&nbsp;&nbsp;<\/li><li>E-Motors final assembly<\/li><li>E-Axle assembly<\/li><li>E-Driveline and transmission final assembly<\/li><li>Testes de fim de linha (EOL)<\/li><\/ul>\n\n\n\n<h2 class=\"wp-block-heading\" id=\"full-service-provider\">Full-service provider<\/h2>\n\n\n\n<div class=\"wp-block-image\"><figure class=\"aligncenter size-large\"><img decoding=\"async\" width=\"768\" height=\"519\" src=\"https:\/\/www.comau.com\/wp-content\/uploads\/2021\/06\/Tab_E-Drives-3.png\" alt=\"\" class=\"wp-image-9852\" srcset=\"https:\/\/www.comau.com\/wp-content\/uploads\/2021\/06\/Tab_E-Drives-3.png 768w, https:\/\/www.comau.com\/wp-content\/uploads\/2021\/06\/Tab_E-Drives-3-300x203.png 300w\" sizes=\"(max-width: 768px) 100vw, 768px\" \/><\/figure><\/div>\n\n\n\n<h2 class=\"wp-block-heading\" id=\"beneficios\">Benef\u00edcios<\/h2>\n\n\n\n<p>With over four decades of transmission and drives expertise, we have what it takes to meet your e-drive production needs and deliver the following advantages: &nbsp;<\/p>\n\n\n\n<ul class=\"wp-block-list\"><li>Integration capabilities with industry-leading technology suppliers<\/li><li>Program Management<\/li><li>Tempo at\u00e9 o mercado curto<\/li><li>High dynamics &amp; productivity<\/li><li>Stable, long-term accuracy<\/li><li>Flexibility &amp; reusability<\/li><\/ul>\n","protected":false},"excerpt":{"rendered":"<p>Rotors and Stators to E-Motors and E-Drivelines Estamos comprometidos em fornecer a mistura certa de experi\u00eancia em processos, flexibilidade de sistemas e efici\u00eancia de desempenho para apoiar seu projeto ao longo do processo inteiro de produ\u00e7\u00e3o de trens de for\u00e7a el\u00e9tricos. Nossas linhas de produ\u00e7\u00e3o de tra\u00e7\u00e3o el\u00e9trica podem lidar com pequenos e grandes volumes [&hellip;]<\/p>\n","protected":false},"author":11,"featured_media":5971,"parent":5949,"menu_order":2,"comment_status":"closed","ping_status":"closed","template":"","meta":{"_acf_changed":false,"ep_exclude_from_search":false,"footnotes":""},"class_list":["post-23175","page","type-page","status-publish","has-post-thumbnail","hentry"],"acf":[],"yoast_head":"<!-- This site is optimized with the Yoast SEO plugin v26.9 - https:\/\/yoast.com\/product\/yoast-seo-wordpress\/ -->\n<title>Linha de montagem para motores el\u00e9tricos| Comau<\/title>\n<meta name=\"description\" content=\"Descubra nossas solu\u00e7\u00f5es de linha de montagem de motores el\u00e9tricos, rotores e estatores da Comau. Escolha a solu\u00e7\u00e3o para suas necessidades\" \/>\n<meta name=\"robots\" content=\"index, follow, max-snippet:-1, max-image-preview:large, max-video-preview:-1\" \/>\n<link rel=\"canonical\" href=\"https:\/\/www.comau.com\/pt-br\/competencies\/products-solutions\/powertrain-machining\/power-system-products\/e-drive-and-transmission-assembly\/\" \/>\n<meta property=\"og:locale\" content=\"pt_BR\" \/>\n<meta property=\"og:type\" content=\"article\" \/>\n<meta property=\"og:title\" content=\"Linha de montagem para motores el\u00e9tricos| Comau\" \/>\n<meta property=\"og:description\" content=\"Descubra nossas solu\u00e7\u00f5es de linha de montagem de motores el\u00e9tricos, rotores e estatores da Comau. Escolha a solu\u00e7\u00e3o para suas necessidades\" \/>\n<meta property=\"og:url\" content=\"https:\/\/www.comau.com\/pt-br\/competencies\/products-solutions\/powertrain-machining\/power-system-products\/e-drive-and-transmission-assembly\/\" \/>\n<meta property=\"og:site_name\" content=\"Comau\" \/>\n<meta property=\"article:publisher\" content=\"https:\/\/www.facebook.com\/COMAU\/\" \/>\n<meta property=\"article:modified_time\" content=\"2022-02-08T09:24:52+00:00\" \/>\n<meta property=\"og:image\" content=\"https:\/\/www.comau.com\/wp-content\/uploads\/2021\/06\/emobility_header2.png\" \/>\n\t<meta property=\"og:image:width\" content=\"1280\" \/>\n\t<meta property=\"og:image:height\" content=\"485\" \/>\n\t<meta property=\"og:image:type\" content=\"image\/png\" \/>\n<meta name=\"twitter:card\" content=\"summary_large_image\" \/>\n<meta name=\"twitter:site\" content=\"@comaugroup\" \/>\n<meta name=\"twitter:label1\" content=\"Est. tempo de leitura\" \/>\n\t<meta name=\"twitter:data1\" content=\"1 minuto\" \/>\n<script type=\"application\/ld+json\" class=\"yoast-schema-graph\">{\"@context\":\"https:\/\/schema.org\",\"@graph\":[{\"@type\":\"WebPage\",\"@id\":\"https:\/\/www.comau.com\/pt-br\/competencies\/products-solutions\/powertrain-machining\/power-system-products\/e-drive-and-transmission-assembly\/\",\"url\":\"https:\/\/www.comau.com\/pt-br\/competencies\/products-solutions\/powertrain-machining\/power-system-products\/e-drive-and-transmission-assembly\/\",\"name\":\"Linha de montagem para motores el\u00e9tricos| Comau\",\"isPartOf\":{\"@id\":\"https:\/\/www.comau.com\/pt-br\/#website\"},\"primaryImageOfPage\":{\"@id\":\"https:\/\/www.comau.com\/pt-br\/competencies\/products-solutions\/powertrain-machining\/power-system-products\/e-drive-and-transmission-assembly\/#primaryimage\"},\"image\":{\"@id\":\"https:\/\/www.comau.com\/pt-br\/competencies\/products-solutions\/powertrain-machining\/power-system-products\/e-drive-and-transmission-assembly\/#primaryimage\"},\"thumbnailUrl\":\"https:\/\/www.comau.com\/wp-content\/uploads\/2021\/06\/emobility_header2.png\",\"datePublished\":\"2021-06-08T10:29:11+00:00\",\"dateModified\":\"2022-02-08T09:24:52+00:00\",\"description\":\"Descubra nossas solu\u00e7\u00f5es de linha de montagem de motores el\u00e9tricos, rotores e estatores da Comau. Escolha a solu\u00e7\u00e3o para suas necessidades\",\"breadcrumb\":{\"@id\":\"https:\/\/www.comau.com\/pt-br\/competencies\/products-solutions\/powertrain-machining\/power-system-products\/e-drive-and-transmission-assembly\/#breadcrumb\"},\"inLanguage\":\"pt-BR\",\"potentialAction\":[{\"@type\":\"ReadAction\",\"target\":[\"https:\/\/www.comau.com\/pt-br\/competencies\/products-solutions\/powertrain-machining\/power-system-products\/e-drive-and-transmission-assembly\/\"]}]},{\"@type\":\"ImageObject\",\"inLanguage\":\"pt-BR\",\"@id\":\"https:\/\/www.comau.com\/pt-br\/competencies\/products-solutions\/powertrain-machining\/power-system-products\/e-drive-and-transmission-assembly\/#primaryimage\",\"url\":\"https:\/\/www.comau.com\/wp-content\/uploads\/2021\/06\/emobility_header2.png\",\"contentUrl\":\"https:\/\/www.comau.com\/wp-content\/uploads\/2021\/06\/emobility_header2.png\",\"width\":1280,\"height\":485},{\"@type\":\"BreadcrumbList\",\"@id\":\"https:\/\/www.comau.com\/pt-br\/competencies\/products-solutions\/powertrain-machining\/power-system-products\/e-drive-and-transmission-assembly\/#breadcrumb\",\"itemListElement\":[{\"@type\":\"ListItem\",\"position\":1,\"name\":\"Home\",\"item\":\"https:\/\/www.comau.com\/pt-br\/\"},{\"@type\":\"ListItem\",\"position\":2,\"name\":\"Nossas Compet\u00eancias\",\"item\":\"https:\/\/www.comau.com\/pt-br\/competencies\/\"},{\"@type\":\"ListItem\",\"position\":3,\"name\":\"Powertrain &#038; Machining\",\"item\":\"https:\/\/www.comau.com\/pt-br\/competencies\/powertrain-machining\/\"},{\"@type\":\"ListItem\",\"position\":4,\"name\":\"Power System &#038; Products\",\"item\":\"https:\/\/www.comau.com\/pt-br\/competencies\/powertrain-machining\/power-system-products\/\"},{\"@type\":\"ListItem\",\"position\":5,\"name\":\"Montagem de acionamentos el\u00e9tricos e transmiss\u00f5es\"}]},{\"@type\":\"WebSite\",\"@id\":\"https:\/\/www.comau.com\/pt-br\/#website\",\"url\":\"https:\/\/www.comau.com\/pt-br\/\",\"name\":\"Comau\",\"description\":\"Industrial automation and robotics\",\"publisher\":{\"@id\":\"https:\/\/www.comau.com\/pt-br\/#organization\"},\"potentialAction\":[{\"@type\":\"SearchAction\",\"target\":{\"@type\":\"EntryPoint\",\"urlTemplate\":\"https:\/\/www.comau.com\/pt-br\/?s={search_term_string}\"},\"query-input\":{\"@type\":\"PropertyValueSpecification\",\"valueRequired\":true,\"valueName\":\"search_term_string\"}}],\"inLanguage\":\"pt-BR\"},{\"@type\":\"Organization\",\"@id\":\"https:\/\/www.comau.com\/pt-br\/#organization\",\"name\":\"Comau\",\"url\":\"https:\/\/www.comau.com\/pt-br\/\",\"logo\":{\"@type\":\"ImageObject\",\"inLanguage\":\"pt-BR\",\"@id\":\"https:\/\/www.comau.com\/pt-br\/#\/schema\/logo\/image\/\",\"url\":\"https:\/\/www.comau.com\/wp-content\/uploads\/2024\/07\/cropped-Logo-COMAU.png\",\"contentUrl\":\"https:\/\/www.comau.com\/wp-content\/uploads\/2024\/07\/cropped-Logo-COMAU.png\",\"width\":434,\"height\":434,\"caption\":\"Comau\"},\"image\":{\"@id\":\"https:\/\/www.comau.com\/pt-br\/#\/schema\/logo\/image\/\"},\"sameAs\":[\"https:\/\/www.facebook.com\/COMAU\/\",\"https:\/\/x.com\/comaugroup\",\"https:\/\/www.instagram.com\/comaugroup\/\",\"https:\/\/www.linkedin.com\/company\/comau\",\"https:\/\/www.youtube.com\/user\/comau\"]}]}<\/script>\n<!-- \/ Yoast SEO plugin. -->","yoast_head_json":{"title":"Linha de montagem para motores el\u00e9tricos| Comau","description":"Descubra nossas solu\u00e7\u00f5es de linha de montagem de motores el\u00e9tricos, rotores e estatores da Comau. Escolha a solu\u00e7\u00e3o para suas necessidades","robots":{"index":"index","follow":"follow","max-snippet":"max-snippet:-1","max-image-preview":"max-image-preview:large","max-video-preview":"max-video-preview:-1"},"canonical":"https:\/\/www.comau.com\/pt-br\/competencies\/products-solutions\/powertrain-machining\/power-system-products\/e-drive-and-transmission-assembly\/","og_locale":"pt_BR","og_type":"article","og_title":"Linha de montagem para motores el\u00e9tricos| Comau","og_description":"Descubra nossas solu\u00e7\u00f5es de linha de montagem de motores el\u00e9tricos, rotores e estatores da Comau. Escolha a solu\u00e7\u00e3o para suas necessidades","og_url":"https:\/\/www.comau.com\/pt-br\/competencies\/products-solutions\/powertrain-machining\/power-system-products\/e-drive-and-transmission-assembly\/","og_site_name":"Comau","article_publisher":"https:\/\/www.facebook.com\/COMAU\/","article_modified_time":"2022-02-08T09:24:52+00:00","og_image":[{"width":1280,"height":485,"url":"https:\/\/www.comau.com\/wp-content\/uploads\/2021\/06\/emobility_header2.png","type":"image\/png"}],"twitter_card":"summary_large_image","twitter_site":"@comaugroup","twitter_misc":{"Est. tempo de leitura":"1 minuto"},"schema":{"@context":"https:\/\/schema.org","@graph":[{"@type":"WebPage","@id":"https:\/\/www.comau.com\/pt-br\/competencies\/products-solutions\/powertrain-machining\/power-system-products\/e-drive-and-transmission-assembly\/","url":"https:\/\/www.comau.com\/pt-br\/competencies\/products-solutions\/powertrain-machining\/power-system-products\/e-drive-and-transmission-assembly\/","name":"Linha de montagem para motores el\u00e9tricos| Comau","isPartOf":{"@id":"https:\/\/www.comau.com\/pt-br\/#website"},"primaryImageOfPage":{"@id":"https:\/\/www.comau.com\/pt-br\/competencies\/products-solutions\/powertrain-machining\/power-system-products\/e-drive-and-transmission-assembly\/#primaryimage"},"image":{"@id":"https:\/\/www.comau.com\/pt-br\/competencies\/products-solutions\/powertrain-machining\/power-system-products\/e-drive-and-transmission-assembly\/#primaryimage"},"thumbnailUrl":"https:\/\/www.comau.com\/wp-content\/uploads\/2021\/06\/emobility_header2.png","datePublished":"2021-06-08T10:29:11+00:00","dateModified":"2022-02-08T09:24:52+00:00","description":"Descubra nossas solu\u00e7\u00f5es de linha de montagem de motores el\u00e9tricos, rotores e estatores da Comau. Escolha a solu\u00e7\u00e3o para suas necessidades","breadcrumb":{"@id":"https:\/\/www.comau.com\/pt-br\/competencies\/products-solutions\/powertrain-machining\/power-system-products\/e-drive-and-transmission-assembly\/#breadcrumb"},"inLanguage":"pt-BR","potentialAction":[{"@type":"ReadAction","target":["https:\/\/www.comau.com\/pt-br\/competencies\/products-solutions\/powertrain-machining\/power-system-products\/e-drive-and-transmission-assembly\/"]}]},{"@type":"ImageObject","inLanguage":"pt-BR","@id":"https:\/\/www.comau.com\/pt-br\/competencies\/products-solutions\/powertrain-machining\/power-system-products\/e-drive-and-transmission-assembly\/#primaryimage","url":"https:\/\/www.comau.com\/wp-content\/uploads\/2021\/06\/emobility_header2.png","contentUrl":"https:\/\/www.comau.com\/wp-content\/uploads\/2021\/06\/emobility_header2.png","width":1280,"height":485},{"@type":"BreadcrumbList","@id":"https:\/\/www.comau.com\/pt-br\/competencies\/products-solutions\/powertrain-machining\/power-system-products\/e-drive-and-transmission-assembly\/#breadcrumb","itemListElement":[{"@type":"ListItem","position":1,"name":"Home","item":"https:\/\/www.comau.com\/pt-br\/"},{"@type":"ListItem","position":2,"name":"Nossas Compet\u00eancias","item":"https:\/\/www.comau.com\/pt-br\/competencies\/"},{"@type":"ListItem","position":3,"name":"Powertrain &#038; Machining","item":"https:\/\/www.comau.com\/pt-br\/competencies\/powertrain-machining\/"},{"@type":"ListItem","position":4,"name":"Power System &#038; Products","item":"https:\/\/www.comau.com\/pt-br\/competencies\/powertrain-machining\/power-system-products\/"},{"@type":"ListItem","position":5,"name":"Montagem de acionamentos el\u00e9tricos e transmiss\u00f5es"}]},{"@type":"WebSite","@id":"https:\/\/www.comau.com\/pt-br\/#website","url":"https:\/\/www.comau.com\/pt-br\/","name":"Comau","description":"Industrial automation and robotics","publisher":{"@id":"https:\/\/www.comau.com\/pt-br\/#organization"},"potentialAction":[{"@type":"SearchAction","target":{"@type":"EntryPoint","urlTemplate":"https:\/\/www.comau.com\/pt-br\/?s={search_term_string}"},"query-input":{"@type":"PropertyValueSpecification","valueRequired":true,"valueName":"search_term_string"}}],"inLanguage":"pt-BR"},{"@type":"Organization","@id":"https:\/\/www.comau.com\/pt-br\/#organization","name":"Comau","url":"https:\/\/www.comau.com\/pt-br\/","logo":{"@type":"ImageObject","inLanguage":"pt-BR","@id":"https:\/\/www.comau.com\/pt-br\/#\/schema\/logo\/image\/","url":"https:\/\/www.comau.com\/wp-content\/uploads\/2024\/07\/cropped-Logo-COMAU.png","contentUrl":"https:\/\/www.comau.com\/wp-content\/uploads\/2024\/07\/cropped-Logo-COMAU.png","width":434,"height":434,"caption":"Comau"},"image":{"@id":"https:\/\/www.comau.com\/pt-br\/#\/schema\/logo\/image\/"},"sameAs":["https:\/\/www.facebook.com\/COMAU\/","https:\/\/x.com\/comaugroup","https:\/\/www.instagram.com\/comaugroup\/","https:\/\/www.linkedin.com\/company\/comau","https:\/\/www.youtube.com\/user\/comau"]}]}},"_links":{"self":[{"href":"https:\/\/www.comau.com\/pt-br\/wp-json\/wp\/v2\/pages\/23175","targetHints":{"allow":["GET"]}}],"collection":[{"href":"https:\/\/www.comau.com\/pt-br\/wp-json\/wp\/v2\/pages"}],"about":[{"href":"https:\/\/www.comau.com\/pt-br\/wp-json\/wp\/v2\/types\/page"}],"author":[{"embeddable":true,"href":"https:\/\/www.comau.com\/pt-br\/wp-json\/wp\/v2\/users\/11"}],"replies":[{"embeddable":true,"href":"https:\/\/www.comau.com\/pt-br\/wp-json\/wp\/v2\/comments?post=23175"}],"version-history":[{"count":9,"href":"https:\/\/www.comau.com\/pt-br\/wp-json\/wp\/v2\/pages\/23175\/revisions"}],"predecessor-version":[{"id":42145,"href":"https:\/\/www.comau.com\/pt-br\/wp-json\/wp\/v2\/pages\/23175\/revisions\/42145"}],"up":[{"embeddable":true,"href":"https:\/\/www.comau.com\/pt-br\/wp-json\/wp\/v2\/pages\/5949"}],"wp:featuredmedia":[{"embeddable":true,"href":"https:\/\/www.comau.com\/pt-br\/wp-json\/wp\/v2\/media\/5971"}],"wp:attachment":[{"href":"https:\/\/www.comau.com\/pt-br\/wp-json\/wp\/v2\/media?parent=23175"}],"curies":[{"name":"wp","href":"https:\/\/api.w.org\/{rel}","templated":true}]}}