{"id":23112,"date":"2021-06-08T11:33:00","date_gmt":"2021-06-08T09:33:00","guid":{"rendered":"https:\/\/www.comau.com\/?page_id=23112"},"modified":"2021-07-20T11:11:21","modified_gmt":"2021-07-20T09:11:21","slug":"smartrevcomau-60cm","status":"publish","type":"page","link":"https:\/\/www.comau.com\/pt-br\/competencies\/products-solutions\/machining-system-products\/smartrevcomau-60cm\/","title":{"rendered":"SmartRevComau 60CM"},"content":{"rendered":"\n<h2 class=\"wp-block-heading\">Propostas de Valor<\/h2>\n\n<ul class=\"wp-block-list\"><li>Experi\u00eancia: a Comau \u00e9 um dos \u00fanicos fornecedores l\u00edderes que dominam ambos os processos: usinagem, balanceamento e ofertas chave na m\u00e3o (meia linha).<\/li><li>Flexibilidade: execu\u00e7\u00e3o de m\u00faltiplos tipos ou comprimentos de virabrequim, e solu\u00e7\u00f5es de troca autom\u00e1tica opcionais.<\/li><li>Versatilidade: Carregamento manual ou autom\u00e1tico de pe\u00e7as, com prote\u00e7\u00e3o.<\/li><li>M\u00e1quinas dedicadas para virabrequins: Alcan\u00e7ando resultados excepcionais com solu\u00e7\u00f5es robustas e confi\u00e1veis.<\/li><li>Balanceamento: correto na primeira vez<\/li><li>Gerenciamento de modos de economia de energia<\/li><li>Consumo reduzido de fluidos.<\/li><li>Componentes de \u00faltima gera\u00e7\u00e3o com baixo consumo de energia.<\/li><li>Espa\u00e7o compacto<\/li><\/ul>\n\n<figure class=\"wp-block-image size-large\"><img decoding=\"async\" width=\"1024\" height=\"388\" src=\"https:\/\/www.comau.com\/wp-content\/uploads\/2021\/06\/SmartRevComau60CM_header-1024x388.jpg\" alt=\"\" class=\"wp-image-630\" srcset=\"https:\/\/www.comau.com\/wp-content\/uploads\/2021\/06\/SmartRevComau60CM_header-1024x388.jpg 1024w, https:\/\/www.comau.com\/wp-content\/uploads\/2021\/06\/SmartRevComau60CM_header-300x114.jpg 300w, https:\/\/www.comau.com\/wp-content\/uploads\/2021\/06\/SmartRevComau60CM_header-768x291.jpg 768w, https:\/\/www.comau.com\/wp-content\/uploads\/2021\/06\/SmartRevComau60CM_header.jpg 1280w\" sizes=\"(max-width: 1024px) 100vw, 1024px\" \/><\/figure>\n\n<h2 class=\"wp-block-heading\">Especifica\u00e7\u00f5es t\u00e9cnicas<\/h2>\n\n<figure class=\"wp-block-table is-style-stripes\"><table><tbody><tr><td><strong>Configura\u00e7\u00e3o do Motor<\/strong><\/td><td>Inline or V-engine (I2, I3, I4, I5, V6, V8)<\/td><\/tr><tr><td><strong>Comprimento (mm)<\/strong><\/td><td>250 to 600<\/td><\/tr><tr><td><strong>Peso m\u00e1ximo (kg):<\/strong><\/td><td>30<\/td><\/tr><tr><td><strong>Di\u00e2m. m\u00e1x. co contrapeso (mm) :<\/strong><\/td><td>200<\/td><\/tr><\/tbody><\/table><figcaption>Caracter\u00edsticas do Virabrequim<\/figcaption><\/figure>\n","protected":false},"excerpt":{"rendered":"<p>Propostas de Valor Experi\u00eancia: a Comau \u00e9 um dos \u00fanicos fornecedores l\u00edderes que dominam ambos os processos: usinagem, balanceamento e ofertas chave na m\u00e3o (meia linha). Flexibilidade: execu\u00e7\u00e3o de m\u00faltiplos tipos ou comprimentos de virabrequim, e solu\u00e7\u00f5es de troca autom\u00e1tica opcionais. Versatilidade: Carregamento manual ou autom\u00e1tico de pe\u00e7as, com prote\u00e7\u00e3o. M\u00e1quinas dedicadas para virabrequins: Alcan\u00e7ando [&hellip;]<\/p>\n","protected":false},"author":11,"featured_media":5940,"parent":5838,"menu_order":7,"comment_status":"closed","ping_status":"closed","template":"","meta":{"_acf_changed":false,"ep_exclude_from_search":false,"footnotes":""},"class_list":["post-23112","page","type-page","status-publish","has-post-thumbnail","hentry"],"acf":[],"yoast_head":"<!-- This site is optimized with the Yoast SEO plugin v26.9 - https:\/\/yoast.com\/product\/yoast-seo-wordpress\/ -->\n<title>SmartRevComau 60CM - Comau<\/title>\n<meta name=\"robots\" content=\"index, follow, max-snippet:-1, max-image-preview:large, max-video-preview:-1\" \/>\n<link rel=\"canonical\" href=\"https:\/\/www.comau.com\/pt-br\/competencies\/products-solutions\/machining-system-products\/smartrevcomau-60cm\/\" \/>\n<meta property=\"og:locale\" content=\"pt_BR\" \/>\n<meta property=\"og:type\" content=\"article\" \/>\n<meta property=\"og:title\" content=\"SmartRevComau 60CM - Comau\" \/>\n<meta property=\"og:description\" content=\"Propostas de Valor Experi\u00eancia: a Comau \u00e9 um dos \u00fanicos fornecedores l\u00edderes que dominam ambos os processos: usinagem, balanceamento e ofertas chave na m\u00e3o (meia linha). Flexibilidade: execu\u00e7\u00e3o de m\u00faltiplos tipos ou comprimentos de virabrequim, e solu\u00e7\u00f5es de troca autom\u00e1tica opcionais. Versatilidade: Carregamento manual ou autom\u00e1tico de pe\u00e7as, com prote\u00e7\u00e3o. M\u00e1quinas dedicadas para virabrequins: Alcan\u00e7ando [&hellip;]\" \/>\n<meta property=\"og:url\" content=\"https:\/\/www.comau.com\/pt-br\/competencies\/products-solutions\/machining-system-products\/smartrevcomau-60cm\/\" \/>\n<meta property=\"og:site_name\" content=\"Comau\" \/>\n<meta property=\"article:publisher\" content=\"https:\/\/www.facebook.com\/COMAU\/\" \/>\n<meta property=\"article:modified_time\" content=\"2021-07-20T09:11:21+00:00\" \/>\n<meta property=\"og:image\" content=\"https:\/\/www.comau.com\/wp-content\/uploads\/2021\/06\/SmartRevComau60CM_header.jpg\" \/>\n\t<meta property=\"og:image:width\" content=\"1280\" \/>\n\t<meta property=\"og:image:height\" content=\"485\" \/>\n\t<meta property=\"og:image:type\" content=\"image\/jpeg\" \/>\n<meta name=\"twitter:card\" content=\"summary_large_image\" \/>\n<meta name=\"twitter:site\" content=\"@comaugroup\" \/>\n<meta name=\"twitter:label1\" content=\"Est. tempo de leitura\" \/>\n\t<meta name=\"twitter:data1\" content=\"1 minuto\" \/>\n<script type=\"application\/ld+json\" class=\"yoast-schema-graph\">{\"@context\":\"https:\/\/schema.org\",\"@graph\":[{\"@type\":\"WebPage\",\"@id\":\"https:\/\/www.comau.com\/pt-br\/competencies\/products-solutions\/machining-system-products\/smartrevcomau-60cm\/\",\"url\":\"https:\/\/www.comau.com\/pt-br\/competencies\/products-solutions\/machining-system-products\/smartrevcomau-60cm\/\",\"name\":\"SmartRevComau 60CM - Comau\",\"isPartOf\":{\"@id\":\"https:\/\/www.comau.com\/pt-br\/#website\"},\"primaryImageOfPage\":{\"@id\":\"https:\/\/www.comau.com\/pt-br\/competencies\/products-solutions\/machining-system-products\/smartrevcomau-60cm\/#primaryimage\"},\"image\":{\"@id\":\"https:\/\/www.comau.com\/pt-br\/competencies\/products-solutions\/machining-system-products\/smartrevcomau-60cm\/#primaryimage\"},\"thumbnailUrl\":\"https:\/\/www.comau.com\/wp-content\/uploads\/2021\/06\/SmartRevComau60CM_header.jpg\",\"datePublished\":\"2021-06-08T09:33:00+00:00\",\"dateModified\":\"2021-07-20T09:11:21+00:00\",\"breadcrumb\":{\"@id\":\"https:\/\/www.comau.com\/pt-br\/competencies\/products-solutions\/machining-system-products\/smartrevcomau-60cm\/#breadcrumb\"},\"inLanguage\":\"pt-BR\",\"potentialAction\":[{\"@type\":\"ReadAction\",\"target\":[\"https:\/\/www.comau.com\/pt-br\/competencies\/products-solutions\/machining-system-products\/smartrevcomau-60cm\/\"]}]},{\"@type\":\"ImageObject\",\"inLanguage\":\"pt-BR\",\"@id\":\"https:\/\/www.comau.com\/pt-br\/competencies\/products-solutions\/machining-system-products\/smartrevcomau-60cm\/#primaryimage\",\"url\":\"https:\/\/www.comau.com\/wp-content\/uploads\/2021\/06\/SmartRevComau60CM_header.jpg\",\"contentUrl\":\"https:\/\/www.comau.com\/wp-content\/uploads\/2021\/06\/SmartRevComau60CM_header.jpg\",\"width\":1280,\"height\":485},{\"@type\":\"BreadcrumbList\",\"@id\":\"https:\/\/www.comau.com\/pt-br\/competencies\/products-solutions\/machining-system-products\/smartrevcomau-60cm\/#breadcrumb\",\"itemListElement\":[{\"@type\":\"ListItem\",\"position\":1,\"name\":\"Home\",\"item\":\"https:\/\/www.comau.com\/pt-br\/\"},{\"@type\":\"ListItem\",\"position\":2,\"name\":\"Nossas Compet\u00eancias\",\"item\":\"https:\/\/www.comau.com\/pt-br\/competencies\/\"},{\"@type\":\"ListItem\",\"position\":3,\"name\":\"Powertrain &#038; Machining\",\"item\":\"https:\/\/www.comau.com\/pt-br\/competencies\/powertrain-machining\/\"},{\"@type\":\"ListItem\",\"position\":4,\"name\":\"Machining System &amp; Products\",\"item\":\"https:\/\/www.comau.com\/pt-br\/competencies\/powertrain-machining\/machining-system-products\/\"},{\"@type\":\"ListItem\",\"position\":5,\"name\":\"SmartRevComau 60CM\"}]},{\"@type\":\"WebSite\",\"@id\":\"https:\/\/www.comau.com\/pt-br\/#website\",\"url\":\"https:\/\/www.comau.com\/pt-br\/\",\"name\":\"Comau\",\"description\":\"Industrial automation and robotics\",\"publisher\":{\"@id\":\"https:\/\/www.comau.com\/pt-br\/#organization\"},\"potentialAction\":[{\"@type\":\"SearchAction\",\"target\":{\"@type\":\"EntryPoint\",\"urlTemplate\":\"https:\/\/www.comau.com\/pt-br\/?s={search_term_string}\"},\"query-input\":{\"@type\":\"PropertyValueSpecification\",\"valueRequired\":true,\"valueName\":\"search_term_string\"}}],\"inLanguage\":\"pt-BR\"},{\"@type\":\"Organization\",\"@id\":\"https:\/\/www.comau.com\/pt-br\/#organization\",\"name\":\"Comau\",\"url\":\"https:\/\/www.comau.com\/pt-br\/\",\"logo\":{\"@type\":\"ImageObject\",\"inLanguage\":\"pt-BR\",\"@id\":\"https:\/\/www.comau.com\/pt-br\/#\/schema\/logo\/image\/\",\"url\":\"https:\/\/www.comau.com\/wp-content\/uploads\/2024\/07\/cropped-Logo-COMAU.png\",\"contentUrl\":\"https:\/\/www.comau.com\/wp-content\/uploads\/2024\/07\/cropped-Logo-COMAU.png\",\"width\":434,\"height\":434,\"caption\":\"Comau\"},\"image\":{\"@id\":\"https:\/\/www.comau.com\/pt-br\/#\/schema\/logo\/image\/\"},\"sameAs\":[\"https:\/\/www.facebook.com\/COMAU\/\",\"https:\/\/x.com\/comaugroup\",\"https:\/\/www.instagram.com\/comaugroup\/\",\"https:\/\/www.linkedin.com\/company\/comau\",\"https:\/\/www.youtube.com\/user\/comau\"]}]}<\/script>\n<!-- \/ Yoast SEO plugin. -->","yoast_head_json":{"title":"SmartRevComau 60CM - Comau","robots":{"index":"index","follow":"follow","max-snippet":"max-snippet:-1","max-image-preview":"max-image-preview:large","max-video-preview":"max-video-preview:-1"},"canonical":"https:\/\/www.comau.com\/pt-br\/competencies\/products-solutions\/machining-system-products\/smartrevcomau-60cm\/","og_locale":"pt_BR","og_type":"article","og_title":"SmartRevComau 60CM - Comau","og_description":"Propostas de Valor Experi\u00eancia: a Comau \u00e9 um dos \u00fanicos fornecedores l\u00edderes que dominam ambos os processos: usinagem, balanceamento e ofertas chave na m\u00e3o (meia linha). Flexibilidade: execu\u00e7\u00e3o de m\u00faltiplos tipos ou comprimentos de virabrequim, e solu\u00e7\u00f5es de troca autom\u00e1tica opcionais. Versatilidade: Carregamento manual ou autom\u00e1tico de pe\u00e7as, com prote\u00e7\u00e3o. M\u00e1quinas dedicadas para virabrequins: Alcan\u00e7ando [&hellip;]","og_url":"https:\/\/www.comau.com\/pt-br\/competencies\/products-solutions\/machining-system-products\/smartrevcomau-60cm\/","og_site_name":"Comau","article_publisher":"https:\/\/www.facebook.com\/COMAU\/","article_modified_time":"2021-07-20T09:11:21+00:00","og_image":[{"width":1280,"height":485,"url":"https:\/\/www.comau.com\/wp-content\/uploads\/2021\/06\/SmartRevComau60CM_header.jpg","type":"image\/jpeg"}],"twitter_card":"summary_large_image","twitter_site":"@comaugroup","twitter_misc":{"Est. tempo de leitura":"1 minuto"},"schema":{"@context":"https:\/\/schema.org","@graph":[{"@type":"WebPage","@id":"https:\/\/www.comau.com\/pt-br\/competencies\/products-solutions\/machining-system-products\/smartrevcomau-60cm\/","url":"https:\/\/www.comau.com\/pt-br\/competencies\/products-solutions\/machining-system-products\/smartrevcomau-60cm\/","name":"SmartRevComau 60CM - Comau","isPartOf":{"@id":"https:\/\/www.comau.com\/pt-br\/#website"},"primaryImageOfPage":{"@id":"https:\/\/www.comau.com\/pt-br\/competencies\/products-solutions\/machining-system-products\/smartrevcomau-60cm\/#primaryimage"},"image":{"@id":"https:\/\/www.comau.com\/pt-br\/competencies\/products-solutions\/machining-system-products\/smartrevcomau-60cm\/#primaryimage"},"thumbnailUrl":"https:\/\/www.comau.com\/wp-content\/uploads\/2021\/06\/SmartRevComau60CM_header.jpg","datePublished":"2021-06-08T09:33:00+00:00","dateModified":"2021-07-20T09:11:21+00:00","breadcrumb":{"@id":"https:\/\/www.comau.com\/pt-br\/competencies\/products-solutions\/machining-system-products\/smartrevcomau-60cm\/#breadcrumb"},"inLanguage":"pt-BR","potentialAction":[{"@type":"ReadAction","target":["https:\/\/www.comau.com\/pt-br\/competencies\/products-solutions\/machining-system-products\/smartrevcomau-60cm\/"]}]},{"@type":"ImageObject","inLanguage":"pt-BR","@id":"https:\/\/www.comau.com\/pt-br\/competencies\/products-solutions\/machining-system-products\/smartrevcomau-60cm\/#primaryimage","url":"https:\/\/www.comau.com\/wp-content\/uploads\/2021\/06\/SmartRevComau60CM_header.jpg","contentUrl":"https:\/\/www.comau.com\/wp-content\/uploads\/2021\/06\/SmartRevComau60CM_header.jpg","width":1280,"height":485},{"@type":"BreadcrumbList","@id":"https:\/\/www.comau.com\/pt-br\/competencies\/products-solutions\/machining-system-products\/smartrevcomau-60cm\/#breadcrumb","itemListElement":[{"@type":"ListItem","position":1,"name":"Home","item":"https:\/\/www.comau.com\/pt-br\/"},{"@type":"ListItem","position":2,"name":"Nossas Compet\u00eancias","item":"https:\/\/www.comau.com\/pt-br\/competencies\/"},{"@type":"ListItem","position":3,"name":"Powertrain &#038; Machining","item":"https:\/\/www.comau.com\/pt-br\/competencies\/powertrain-machining\/"},{"@type":"ListItem","position":4,"name":"Machining System &amp; Products","item":"https:\/\/www.comau.com\/pt-br\/competencies\/powertrain-machining\/machining-system-products\/"},{"@type":"ListItem","position":5,"name":"SmartRevComau 60CM"}]},{"@type":"WebSite","@id":"https:\/\/www.comau.com\/pt-br\/#website","url":"https:\/\/www.comau.com\/pt-br\/","name":"Comau","description":"Industrial automation and robotics","publisher":{"@id":"https:\/\/www.comau.com\/pt-br\/#organization"},"potentialAction":[{"@type":"SearchAction","target":{"@type":"EntryPoint","urlTemplate":"https:\/\/www.comau.com\/pt-br\/?s={search_term_string}"},"query-input":{"@type":"PropertyValueSpecification","valueRequired":true,"valueName":"search_term_string"}}],"inLanguage":"pt-BR"},{"@type":"Organization","@id":"https:\/\/www.comau.com\/pt-br\/#organization","name":"Comau","url":"https:\/\/www.comau.com\/pt-br\/","logo":{"@type":"ImageObject","inLanguage":"pt-BR","@id":"https:\/\/www.comau.com\/pt-br\/#\/schema\/logo\/image\/","url":"https:\/\/www.comau.com\/wp-content\/uploads\/2024\/07\/cropped-Logo-COMAU.png","contentUrl":"https:\/\/www.comau.com\/wp-content\/uploads\/2024\/07\/cropped-Logo-COMAU.png","width":434,"height":434,"caption":"Comau"},"image":{"@id":"https:\/\/www.comau.com\/pt-br\/#\/schema\/logo\/image\/"},"sameAs":["https:\/\/www.facebook.com\/COMAU\/","https:\/\/x.com\/comaugroup","https:\/\/www.instagram.com\/comaugroup\/","https:\/\/www.linkedin.com\/company\/comau","https:\/\/www.youtube.com\/user\/comau"]}]}},"_links":{"self":[{"href":"https:\/\/www.comau.com\/pt-br\/wp-json\/wp\/v2\/pages\/23112","targetHints":{"allow":["GET"]}}],"collection":[{"href":"https:\/\/www.comau.com\/pt-br\/wp-json\/wp\/v2\/pages"}],"about":[{"href":"https:\/\/www.comau.com\/pt-br\/wp-json\/wp\/v2\/types\/page"}],"author":[{"embeddable":true,"href":"https:\/\/www.comau.com\/pt-br\/wp-json\/wp\/v2\/users\/11"}],"replies":[{"embeddable":true,"href":"https:\/\/www.comau.com\/pt-br\/wp-json\/wp\/v2\/comments?post=23112"}],"version-history":[{"count":18,"href":"https:\/\/www.comau.com\/pt-br\/wp-json\/wp\/v2\/pages\/23112\/revisions"}],"predecessor-version":[{"id":30865,"href":"https:\/\/www.comau.com\/pt-br\/wp-json\/wp\/v2\/pages\/23112\/revisions\/30865"}],"up":[{"embeddable":true,"href":"https:\/\/www.comau.com\/pt-br\/wp-json\/wp\/v2\/pages\/5838"}],"wp:featuredmedia":[{"embeddable":true,"href":"https:\/\/www.comau.com\/pt-br\/wp-json\/wp\/v2\/media\/5940"}],"wp:attachment":[{"href":"https:\/\/www.comau.com\/pt-br\/wp-json\/wp\/v2\/media?parent=23112"}],"curies":[{"name":"wp","href":"https:\/\/api.w.org\/{rel}","templated":true}]}}