{"id":23092,"date":"2021-06-08T11:32:44","date_gmt":"2021-06-08T09:32:44","guid":{"rendered":"https:\/\/www.comau.com\/?page_id=23092"},"modified":"2022-02-08T09:45:23","modified_gmt":"2022-02-08T08:45:23","slug":"urane-25","status":"publish","type":"page","link":"https:\/\/www.comau.com\/pt-br\/competencies\/products-solutions\/machining-system-products\/urane-25\/","title":{"rendered":"Urane 25"},"content":{"rendered":"\n<h2 class=\"wp-block-heading\" id=\"propostas-de-valor\">Propostas de Valor<\/h2>\n\n\n\n<ul class=\"wp-block-list\"><li>Experi\u00eancia: usinagem de alta velocidade e sistema de precis\u00e3o que oferecem a obten\u00e7\u00e3o de produtividade e qualidade comprovada em anos de produ\u00e7\u00e3o.<\/li><li>Estabilidade: a tecnologia de motores lineares e a utiliza\u00e7\u00e3o de motores de torque direto nos eixos rotativos garante a repetibilidade est\u00e1vel a longo prazo sem desgaste.<\/li><li>Versatilidade: a ampla gama de configura\u00e7\u00f5es modulares faz dela adequada para as principais aplica\u00e7\u00f5es da ind\u00fastria manufatureira, seja como m\u00e1quina independente ou integrada em sistemas de fabrica\u00e7\u00e3o avan\u00e7ados, flex\u00edveis e reutiliz\u00e1veis.<\/li><li>Manuten\u00e7\u00e3o preventiva reduzida de acionamentos de eixos: n\u00e3o \u00e9 necess\u00e1rio trocar fusos de esferas.<\/li><li>Modo de economia de energia.<\/li><li>Consumo reduzido de fluidos.<\/li><li>Componentes de \u00faltima gera\u00e7\u00e3o com baixo consumo de energia.<\/li><li>Equipados para MQL ou usinagem a seco.<\/li><li>Espa\u00e7o compacto<\/li><\/ul>\n\n\n\n<div class=\"wp-block-getwid-images-slider has-arrows-inside has-dots-outside has-images-center has-cropped-images\"><div class=\"wp-block-getwid-images-slider__wrapper\" data-effect=\"slide\" data-slides-show=\"1\" data-slides-show-laptop=\"1\" data-slides-show-tablet=\"1\" data-slides-show-mobile=\"1\" data-slides-scroll=\"1\" data-autoplay=\"true\" data-autoplay-speed=\"6000\" data-infinite=\"true\" data-animation-speed=\"800\" data-center-mode=\"false\" data-variable-width=\"false\" data-arrows=\"inside\" data-dots=\"outside\" data-spacing=\"none\"><div class=\"wp-block-getwid-images-slider__item\"><figure><img decoding=\"async\" width=\"1280\" height=\"485\" src=\"https:\/\/www.comau.com\/wp-content\/uploads\/2021\/06\/Urane25_1.jpg\" data-id=\"688\" data-link=\"https:\/\/www.comau.com\/competencies\/powertrain-machining\/machining-system-products\/urane-25\/urane25_1\/\" data-original-link=\"https:\/\/www.comau.com\/wp-content\/uploads\/2021\/06\/Urane25_1.jpg\" class=\"wp-block-getwid-images-slider__image wp-image-9822\" srcset=\"https:\/\/www.comau.com\/wp-content\/uploads\/2021\/06\/Urane25_1.jpg 1280w, https:\/\/www.comau.com\/wp-content\/uploads\/2021\/06\/Urane25_1-300x114.jpg 300w, https:\/\/www.comau.com\/wp-content\/uploads\/2021\/06\/Urane25_1-1024x388.jpg 1024w, https:\/\/www.comau.com\/wp-content\/uploads\/2021\/06\/Urane25_1-768x291.jpg 768w\" sizes=\"(max-width: 1280px) 100vw, 1280px\" \/><\/figure><\/div><div class=\"wp-block-getwid-images-slider__item\"><figure><img decoding=\"async\" width=\"1280\" height=\"485\" src=\"https:\/\/www.comau.com\/wp-content\/uploads\/2021\/06\/URANE25_2.jpg\" data-id=\"689\" data-link=\"https:\/\/www.comau.com\/competencies\/powertrain-machining\/machining-system-products\/urane-25\/urane25_2\/\" data-original-link=\"https:\/\/www.comau.com\/wp-content\/uploads\/2021\/06\/URANE25_2.jpg\" class=\"wp-block-getwid-images-slider__image wp-image-9827\" srcset=\"https:\/\/www.comau.com\/wp-content\/uploads\/2021\/06\/URANE25_2.jpg 1280w, https:\/\/www.comau.com\/wp-content\/uploads\/2021\/06\/URANE25_2-300x114.jpg 300w, https:\/\/www.comau.com\/wp-content\/uploads\/2021\/06\/URANE25_2-1024x388.jpg 1024w, https:\/\/www.comau.com\/wp-content\/uploads\/2021\/06\/URANE25_2-768x291.jpg 768w\" sizes=\"(max-width: 1280px) 100vw, 1280px\" \/><\/figure><\/div><\/div><\/div>\n\n\n\n<h2 class=\"wp-block-heading\" id=\"especificacoes-tecnicas\">Especifica\u00e7\u00f5es t\u00e9cnicas<\/h2>\n\n\n\n<figure class=\"wp-block-table is-style-stripes\"><table><tbody><tr><td><strong>Tecnologia de acionamentos<\/strong><\/td><td>Motor linear<\/td><\/tr><tr><td><strong>Curso X (mm)<\/strong><\/td><td>800<\/td><\/tr><tr><td><strong>Curso Y (mm)<\/strong><\/td><td>700<\/td><\/tr><tr><td><strong>Curso Z (mm)<\/strong><\/td><td>400<\/td><\/tr><\/tbody><\/table><figcaption>Tecnologia de eixo e curso<\/figcaption><\/figure>\n\n\n\n<p><\/p>\n","protected":false},"excerpt":{"rendered":"<p>Propostas de Valor Experi\u00eancia: usinagem de alta velocidade e sistema de precis\u00e3o que oferecem a obten\u00e7\u00e3o de produtividade e qualidade comprovada em anos de produ\u00e7\u00e3o. Estabilidade: a tecnologia de motores lineares e a utiliza\u00e7\u00e3o de motores de torque direto nos eixos rotativos garante a repetibilidade est\u00e1vel a longo prazo sem desgaste. Versatilidade: a ampla gama [&hellip;]<\/p>\n","protected":false},"author":11,"featured_media":5939,"parent":5838,"menu_order":6,"comment_status":"closed","ping_status":"closed","template":"","meta":{"_acf_changed":false,"ep_exclude_from_search":false,"footnotes":""},"class_list":["post-23092","page","type-page","status-publish","has-post-thumbnail","hentry"],"acf":[],"yoast_head":"<!-- This site is optimized with the Yoast SEO plugin v26.9 - https:\/\/yoast.com\/product\/yoast-seo-wordpress\/ -->\n<title>Solu\u00e7\u00e3o de usinagem de alta velocidade: Urane 25 | Comau<\/title>\n<meta name=\"description\" content=\"Supreenda-se com a solu\u00e7\u00e3o de usinagem de alta velocidade da Comau - Urane 25. A automata\u00e7\u00e3o de sua empresa \u00e9 o futuro! Saiba mais aqui.\" \/>\n<meta name=\"robots\" content=\"index, follow, max-snippet:-1, max-image-preview:large, max-video-preview:-1\" \/>\n<link rel=\"canonical\" href=\"https:\/\/www.comau.com\/pt-br\/competencies\/products-solutions\/machining-system-products\/urane-25\/\" \/>\n<meta property=\"og:locale\" content=\"pt_BR\" \/>\n<meta property=\"og:type\" content=\"article\" \/>\n<meta property=\"og:title\" content=\"Solu\u00e7\u00e3o de usinagem de alta velocidade: Urane 25 | Comau\" \/>\n<meta property=\"og:description\" content=\"Supreenda-se com a solu\u00e7\u00e3o de usinagem de alta velocidade da Comau - Urane 25. A automata\u00e7\u00e3o de sua empresa \u00e9 o futuro! Saiba mais aqui.\" \/>\n<meta property=\"og:url\" content=\"https:\/\/www.comau.com\/pt-br\/competencies\/products-solutions\/machining-system-products\/urane-25\/\" \/>\n<meta property=\"og:site_name\" content=\"Comau\" \/>\n<meta property=\"article:publisher\" content=\"https:\/\/www.facebook.com\/COMAU\/\" \/>\n<meta property=\"article:modified_time\" content=\"2022-02-08T08:45:23+00:00\" \/>\n<meta property=\"og:image\" content=\"https:\/\/www.comau.com\/wp-content\/uploads\/2021\/06\/Urane25_header.jpg\" \/>\n\t<meta property=\"og:image:width\" content=\"1280\" \/>\n\t<meta property=\"og:image:height\" content=\"485\" \/>\n\t<meta property=\"og:image:type\" content=\"image\/jpeg\" \/>\n<meta name=\"twitter:card\" content=\"summary_large_image\" \/>\n<meta name=\"twitter:site\" content=\"@comaugroup\" \/>\n<meta name=\"twitter:label1\" content=\"Est. tempo de leitura\" \/>\n\t<meta name=\"twitter:data1\" content=\"2 minutos\" \/>\n<script type=\"application\/ld+json\" class=\"yoast-schema-graph\">{\"@context\":\"https:\/\/schema.org\",\"@graph\":[{\"@type\":\"WebPage\",\"@id\":\"https:\/\/www.comau.com\/pt-br\/competencies\/products-solutions\/machining-system-products\/urane-25\/\",\"url\":\"https:\/\/www.comau.com\/pt-br\/competencies\/products-solutions\/machining-system-products\/urane-25\/\",\"name\":\"Solu\u00e7\u00e3o de usinagem de alta velocidade: Urane 25 | Comau\",\"isPartOf\":{\"@id\":\"https:\/\/www.comau.com\/pt-br\/#website\"},\"primaryImageOfPage\":{\"@id\":\"https:\/\/www.comau.com\/pt-br\/competencies\/products-solutions\/machining-system-products\/urane-25\/#primaryimage\"},\"image\":{\"@id\":\"https:\/\/www.comau.com\/pt-br\/competencies\/products-solutions\/machining-system-products\/urane-25\/#primaryimage\"},\"thumbnailUrl\":\"https:\/\/www.comau.com\/wp-content\/uploads\/2021\/06\/Urane25_header.jpg\",\"datePublished\":\"2021-06-08T09:32:44+00:00\",\"dateModified\":\"2022-02-08T08:45:23+00:00\",\"description\":\"Supreenda-se com a solu\u00e7\u00e3o de usinagem de alta velocidade da Comau - Urane 25. A automata\u00e7\u00e3o de sua empresa \u00e9 o futuro! Saiba mais aqui.\",\"breadcrumb\":{\"@id\":\"https:\/\/www.comau.com\/pt-br\/competencies\/products-solutions\/machining-system-products\/urane-25\/#breadcrumb\"},\"inLanguage\":\"pt-BR\",\"potentialAction\":[{\"@type\":\"ReadAction\",\"target\":[\"https:\/\/www.comau.com\/pt-br\/competencies\/products-solutions\/machining-system-products\/urane-25\/\"]}]},{\"@type\":\"ImageObject\",\"inLanguage\":\"pt-BR\",\"@id\":\"https:\/\/www.comau.com\/pt-br\/competencies\/products-solutions\/machining-system-products\/urane-25\/#primaryimage\",\"url\":\"https:\/\/www.comau.com\/wp-content\/uploads\/2021\/06\/Urane25_header.jpg\",\"contentUrl\":\"https:\/\/www.comau.com\/wp-content\/uploads\/2021\/06\/Urane25_header.jpg\",\"width\":1280,\"height\":485},{\"@type\":\"BreadcrumbList\",\"@id\":\"https:\/\/www.comau.com\/pt-br\/competencies\/products-solutions\/machining-system-products\/urane-25\/#breadcrumb\",\"itemListElement\":[{\"@type\":\"ListItem\",\"position\":1,\"name\":\"Home\",\"item\":\"https:\/\/www.comau.com\/pt-br\/\"},{\"@type\":\"ListItem\",\"position\":2,\"name\":\"Nossas Compet\u00eancias\",\"item\":\"https:\/\/www.comau.com\/pt-br\/competencies\/\"},{\"@type\":\"ListItem\",\"position\":3,\"name\":\"Powertrain &#038; Machining\",\"item\":\"https:\/\/www.comau.com\/pt-br\/competencies\/powertrain-machining\/\"},{\"@type\":\"ListItem\",\"position\":4,\"name\":\"Machining System &amp; Products\",\"item\":\"https:\/\/www.comau.com\/pt-br\/competencies\/powertrain-machining\/machining-system-products\/\"},{\"@type\":\"ListItem\",\"position\":5,\"name\":\"Urane 25\"}]},{\"@type\":\"WebSite\",\"@id\":\"https:\/\/www.comau.com\/pt-br\/#website\",\"url\":\"https:\/\/www.comau.com\/pt-br\/\",\"name\":\"Comau\",\"description\":\"Industrial automation and robotics\",\"publisher\":{\"@id\":\"https:\/\/www.comau.com\/pt-br\/#organization\"},\"potentialAction\":[{\"@type\":\"SearchAction\",\"target\":{\"@type\":\"EntryPoint\",\"urlTemplate\":\"https:\/\/www.comau.com\/pt-br\/?s={search_term_string}\"},\"query-input\":{\"@type\":\"PropertyValueSpecification\",\"valueRequired\":true,\"valueName\":\"search_term_string\"}}],\"inLanguage\":\"pt-BR\"},{\"@type\":\"Organization\",\"@id\":\"https:\/\/www.comau.com\/pt-br\/#organization\",\"name\":\"Comau\",\"url\":\"https:\/\/www.comau.com\/pt-br\/\",\"logo\":{\"@type\":\"ImageObject\",\"inLanguage\":\"pt-BR\",\"@id\":\"https:\/\/www.comau.com\/pt-br\/#\/schema\/logo\/image\/\",\"url\":\"https:\/\/www.comau.com\/wp-content\/uploads\/2024\/07\/cropped-Logo-COMAU.png\",\"contentUrl\":\"https:\/\/www.comau.com\/wp-content\/uploads\/2024\/07\/cropped-Logo-COMAU.png\",\"width\":434,\"height\":434,\"caption\":\"Comau\"},\"image\":{\"@id\":\"https:\/\/www.comau.com\/pt-br\/#\/schema\/logo\/image\/\"},\"sameAs\":[\"https:\/\/www.facebook.com\/COMAU\/\",\"https:\/\/x.com\/comaugroup\",\"https:\/\/www.instagram.com\/comaugroup\/\",\"https:\/\/www.linkedin.com\/company\/comau\",\"https:\/\/www.youtube.com\/user\/comau\"]}]}<\/script>\n<!-- \/ Yoast SEO plugin. -->","yoast_head_json":{"title":"Solu\u00e7\u00e3o de usinagem de alta velocidade: Urane 25 | Comau","description":"Supreenda-se com a solu\u00e7\u00e3o de usinagem de alta velocidade da Comau - Urane 25. A automata\u00e7\u00e3o de sua empresa \u00e9 o futuro! Saiba mais aqui.","robots":{"index":"index","follow":"follow","max-snippet":"max-snippet:-1","max-image-preview":"max-image-preview:large","max-video-preview":"max-video-preview:-1"},"canonical":"https:\/\/www.comau.com\/pt-br\/competencies\/products-solutions\/machining-system-products\/urane-25\/","og_locale":"pt_BR","og_type":"article","og_title":"Solu\u00e7\u00e3o de usinagem de alta velocidade: Urane 25 | Comau","og_description":"Supreenda-se com a solu\u00e7\u00e3o de usinagem de alta velocidade da Comau - Urane 25. A automata\u00e7\u00e3o de sua empresa \u00e9 o futuro! Saiba mais aqui.","og_url":"https:\/\/www.comau.com\/pt-br\/competencies\/products-solutions\/machining-system-products\/urane-25\/","og_site_name":"Comau","article_publisher":"https:\/\/www.facebook.com\/COMAU\/","article_modified_time":"2022-02-08T08:45:23+00:00","og_image":[{"width":1280,"height":485,"url":"https:\/\/www.comau.com\/wp-content\/uploads\/2021\/06\/Urane25_header.jpg","type":"image\/jpeg"}],"twitter_card":"summary_large_image","twitter_site":"@comaugroup","twitter_misc":{"Est. tempo de leitura":"2 minutos"},"schema":{"@context":"https:\/\/schema.org","@graph":[{"@type":"WebPage","@id":"https:\/\/www.comau.com\/pt-br\/competencies\/products-solutions\/machining-system-products\/urane-25\/","url":"https:\/\/www.comau.com\/pt-br\/competencies\/products-solutions\/machining-system-products\/urane-25\/","name":"Solu\u00e7\u00e3o de usinagem de alta velocidade: Urane 25 | Comau","isPartOf":{"@id":"https:\/\/www.comau.com\/pt-br\/#website"},"primaryImageOfPage":{"@id":"https:\/\/www.comau.com\/pt-br\/competencies\/products-solutions\/machining-system-products\/urane-25\/#primaryimage"},"image":{"@id":"https:\/\/www.comau.com\/pt-br\/competencies\/products-solutions\/machining-system-products\/urane-25\/#primaryimage"},"thumbnailUrl":"https:\/\/www.comau.com\/wp-content\/uploads\/2021\/06\/Urane25_header.jpg","datePublished":"2021-06-08T09:32:44+00:00","dateModified":"2022-02-08T08:45:23+00:00","description":"Supreenda-se com a solu\u00e7\u00e3o de usinagem de alta velocidade da Comau - Urane 25. A automata\u00e7\u00e3o de sua empresa \u00e9 o futuro! Saiba mais aqui.","breadcrumb":{"@id":"https:\/\/www.comau.com\/pt-br\/competencies\/products-solutions\/machining-system-products\/urane-25\/#breadcrumb"},"inLanguage":"pt-BR","potentialAction":[{"@type":"ReadAction","target":["https:\/\/www.comau.com\/pt-br\/competencies\/products-solutions\/machining-system-products\/urane-25\/"]}]},{"@type":"ImageObject","inLanguage":"pt-BR","@id":"https:\/\/www.comau.com\/pt-br\/competencies\/products-solutions\/machining-system-products\/urane-25\/#primaryimage","url":"https:\/\/www.comau.com\/wp-content\/uploads\/2021\/06\/Urane25_header.jpg","contentUrl":"https:\/\/www.comau.com\/wp-content\/uploads\/2021\/06\/Urane25_header.jpg","width":1280,"height":485},{"@type":"BreadcrumbList","@id":"https:\/\/www.comau.com\/pt-br\/competencies\/products-solutions\/machining-system-products\/urane-25\/#breadcrumb","itemListElement":[{"@type":"ListItem","position":1,"name":"Home","item":"https:\/\/www.comau.com\/pt-br\/"},{"@type":"ListItem","position":2,"name":"Nossas Compet\u00eancias","item":"https:\/\/www.comau.com\/pt-br\/competencies\/"},{"@type":"ListItem","position":3,"name":"Powertrain &#038; Machining","item":"https:\/\/www.comau.com\/pt-br\/competencies\/powertrain-machining\/"},{"@type":"ListItem","position":4,"name":"Machining System &amp; Products","item":"https:\/\/www.comau.com\/pt-br\/competencies\/powertrain-machining\/machining-system-products\/"},{"@type":"ListItem","position":5,"name":"Urane 25"}]},{"@type":"WebSite","@id":"https:\/\/www.comau.com\/pt-br\/#website","url":"https:\/\/www.comau.com\/pt-br\/","name":"Comau","description":"Industrial automation and robotics","publisher":{"@id":"https:\/\/www.comau.com\/pt-br\/#organization"},"potentialAction":[{"@type":"SearchAction","target":{"@type":"EntryPoint","urlTemplate":"https:\/\/www.comau.com\/pt-br\/?s={search_term_string}"},"query-input":{"@type":"PropertyValueSpecification","valueRequired":true,"valueName":"search_term_string"}}],"inLanguage":"pt-BR"},{"@type":"Organization","@id":"https:\/\/www.comau.com\/pt-br\/#organization","name":"Comau","url":"https:\/\/www.comau.com\/pt-br\/","logo":{"@type":"ImageObject","inLanguage":"pt-BR","@id":"https:\/\/www.comau.com\/pt-br\/#\/schema\/logo\/image\/","url":"https:\/\/www.comau.com\/wp-content\/uploads\/2024\/07\/cropped-Logo-COMAU.png","contentUrl":"https:\/\/www.comau.com\/wp-content\/uploads\/2024\/07\/cropped-Logo-COMAU.png","width":434,"height":434,"caption":"Comau"},"image":{"@id":"https:\/\/www.comau.com\/pt-br\/#\/schema\/logo\/image\/"},"sameAs":["https:\/\/www.facebook.com\/COMAU\/","https:\/\/x.com\/comaugroup","https:\/\/www.instagram.com\/comaugroup\/","https:\/\/www.linkedin.com\/company\/comau","https:\/\/www.youtube.com\/user\/comau"]}]}},"_links":{"self":[{"href":"https:\/\/www.comau.com\/pt-br\/wp-json\/wp\/v2\/pages\/23092","targetHints":{"allow":["GET"]}}],"collection":[{"href":"https:\/\/www.comau.com\/pt-br\/wp-json\/wp\/v2\/pages"}],"about":[{"href":"https:\/\/www.comau.com\/pt-br\/wp-json\/wp\/v2\/types\/page"}],"author":[{"embeddable":true,"href":"https:\/\/www.comau.com\/pt-br\/wp-json\/wp\/v2\/users\/11"}],"replies":[{"embeddable":true,"href":"https:\/\/www.comau.com\/pt-br\/wp-json\/wp\/v2\/comments?post=23092"}],"version-history":[{"count":24,"href":"https:\/\/www.comau.com\/pt-br\/wp-json\/wp\/v2\/pages\/23092\/revisions"}],"predecessor-version":[{"id":42095,"href":"https:\/\/www.comau.com\/pt-br\/wp-json\/wp\/v2\/pages\/23092\/revisions\/42095"}],"up":[{"embeddable":true,"href":"https:\/\/www.comau.com\/pt-br\/wp-json\/wp\/v2\/pages\/5838"}],"wp:featuredmedia":[{"embeddable":true,"href":"https:\/\/www.comau.com\/pt-br\/wp-json\/wp\/v2\/media\/5939"}],"wp:attachment":[{"href":"https:\/\/www.comau.com\/pt-br\/wp-json\/wp\/v2\/media?parent=23092"}],"curies":[{"name":"wp","href":"https:\/\/api.w.org\/{rel}","templated":true}]}}