{"id":23057,"date":"2021-06-08T11:29:42","date_gmt":"2021-06-08T09:29:42","guid":{"rendered":"https:\/\/www.comau.com\/?page_id=23057"},"modified":"2022-02-08T10:22:00","modified_gmt":"2022-02-08T09:22:00","slug":"turnkey-systems","status":"publish","type":"page","link":"https:\/\/www.comau.com\/pt-br\/competencies\/products-solutions\/machining-system-products\/turnkey-systems\/","title":{"rendered":"Sistemas chave na m\u00e3o"},"content":{"rendered":"\n<h2 class=\"wp-block-heading\" id=\"abordagem-abrangente-da-integracao-de-sistemas\">Abordagem abrangente da integra\u00e7\u00e3o de sistemas<\/h2>\n\n\n\n<p>\u200b\u200bN\u00e3o importa a complexidade de suas necessidades de usinagem, nossa metodologia orientada a resultados e nossa experi\u00eancia em sistemas podem ajudar voc\u00ea a trabalhar r\u00e1pido. Temos a compet\u00eancia para desenvolver qualquer processo de usinagem e podemos garantir produtividade, flexibilidade e qualidade a longo prazo com uma ampla gama de produtos modulares que abrangem a cadeia de produ\u00e7\u00e3o inteira. Em particular, oferecemos uma gama completa de equipamentos de montagem e testes dentro do processo de usinagem para proporcionar maior consist\u00eancia do processo de usinagem e montagem ao longo do ciclo de vida inteiro de seus equipamentos.<\/p>\n\n\n\n<div class=\"wp-block-columns is-layout-flex wp-container-core-columns-is-layout-9d6595d7 wp-block-columns-is-layout-flex\">\n<div class=\"wp-block-column is-layout-flow wp-block-column-is-layout-flow\">\n<div class=\"wp-block-getwid-image-box has-text-center has-mobile-layout-default has-mobile-alignment-default\"><div class=\"wp-block-getwid-image-box__image-container is-position-top\"><div class=\"wp-block-getwid-image-box__image-wrapper\"><img decoding=\"async\" width=\"184\" height=\"130\" src=\"https:\/\/www.comau.com\/wp-content\/uploads\/2021\/06\/global_experience.jpg\" alt=\"\" class=\"wp-block-getwid-image-box__image wp-image-9787\"\/><\/div><\/div><div class=\"wp-block-getwid-image-box__content\">\n<h3 class=\"wp-block-heading\"><\/h3>\n\n\n\n<p>Experi\u00eancia global<\/p>\n<\/div><\/div>\n<\/div>\n\n\n\n<div class=\"wp-block-column is-layout-flow wp-block-column-is-layout-flow\">\n<div class=\"wp-block-getwid-image-box has-text-center has-mobile-layout-default has-mobile-alignment-default\"><div class=\"wp-block-getwid-image-box__image-container is-position-top\"><div class=\"wp-block-getwid-image-box__image-wrapper\"><img decoding=\"async\" width=\"184\" height=\"130\" src=\"https:\/\/www.comau.com\/wp-content\/uploads\/2021\/06\/integrated_systems_and_turn-key_solutions.jpg\" alt=\"\" class=\"wp-block-getwid-image-box__image wp-image-9792\"\/><\/div><\/div><div class=\"wp-block-getwid-image-box__content\">\n<h3 class=\"wp-block-heading\"><\/h3>\n\n\n\n<p>Sistemas integrados e solu\u00e7\u00f5es chave na m\u00e3o<\/p>\n<\/div><\/div>\n<\/div>\n\n\n\n<div class=\"wp-block-column is-layout-flow wp-block-column-is-layout-flow\">\n<div class=\"wp-block-getwid-image-box has-text-center has-mobile-layout-default has-mobile-alignment-default\"><div class=\"wp-block-getwid-image-box__image-container is-position-top\"><div class=\"wp-block-getwid-image-box__image-wrapper\"><img decoding=\"async\" width=\"184\" height=\"130\" src=\"https:\/\/www.comau.com\/wp-content\/uploads\/2021\/06\/local_support.jpg\" alt=\"\" class=\"wp-block-getwid-image-box__image wp-image-9797\"\/><\/div><\/div><div class=\"wp-block-getwid-image-box__content\">\n<h3 class=\"wp-block-heading\"><\/h3>\n\n\n\n<p>Suporte local<\/p>\n<\/div><\/div>\n<\/div>\n\n\n\n<div class=\"wp-block-column is-layout-flow wp-block-column-is-layout-flow\">\n<div class=\"wp-block-getwid-image-box has-text-center has-mobile-layout-default has-mobile-alignment-default\"><div class=\"wp-block-getwid-image-box__image-container is-position-top\"><div class=\"wp-block-getwid-image-box__image-wrapper\"><img decoding=\"async\" width=\"184\" height=\"130\" src=\"https:\/\/www.comau.com\/wp-content\/uploads\/2021\/06\/modular-service-adapted-to-your-business.jpg\" alt=\"\" class=\"wp-block-getwid-image-box__image wp-image-9802\"\/><\/div><\/div><div class=\"wp-block-getwid-image-box__content\">\n<h3 class=\"wp-block-heading\"><\/h3>\n\n\n\n<p>Servi\u00e7os modulares adaptados a seus neg\u00f3cios<\/p>\n<\/div><\/div>\n<\/div>\n<\/div>\n\n\n\n<h2 class=\"wp-block-heading\" id=\"nossa-experiencia\">Nossa experi\u00eancia<\/h2>\n\n\n\n<ul class=\"wp-block-list\"><li>Engenharia de processo<\/li><li>M\u00f3dulos de usinagem, Equipamentos auxiliares<\/li><li>Arquitetura de sistemas<\/li><li>Automa\u00e7\u00e3o<\/li><li>Log\u00edstica de fluxo de trabalho e simula\u00e7\u00e3o de OEE (efici\u00eancia geral dos equipamentos)<\/li><\/ul>\n\n\n\n<h3 class=\"wp-block-heading\" id=\"suas-necessidades\">Suas necessidades<\/h3>\n\n\n\n<ul class=\"wp-block-list\"><li>\u200b\u200bObten\u00e7\u00e3o de qualidade<\/li><li>Custos de ciclo de vida \u00fatil reduzidos<\/li><li>Flexibilidade<\/li><\/ul>\n\n\n\n<h3 class=\"wp-block-heading\" id=\"seus-beneficios\">Seus benef\u00edcios<\/h3>\n\n\n\n<ul class=\"wp-block-list\"><li>\u200b\u200bGerenciamento de interfaces facilitado<\/li><li>Qualidade de processo garantida<\/li><li>Alta efici\u00eancia dos sistemas<\/li><\/ul>\n\n\n\n<h2 class=\"wp-block-heading\" id=\"equipamentos-auxiliares\">Equipamentos auxiliares<\/h2>\n\n\n\n<p>Garantimos produtividade, qualidade a longo prazo e confiabilidade cont\u00ednua com uma gama de equipamentos auxiliares que incluem equipamentos de montagem e de testes dentro do processo de usinagem. Tamb\u00e9m realizamos atividades que v\u00e3o da marca\u00e7\u00e3o e inspe\u00e7\u00e3o final ao manuseio\/log\u00edstica e opera\u00e7\u00f5es integradas de recursos externos para oferecer sistemas chave na m\u00e3o completos, incluindo brunimento, lavagem e medi\u00e7\u00e3o. Em outras palavras, fornecemos solu\u00e7\u00f5es integradas que se acomodam totalmente \u00e0s suas diferentes necessidades de fabrica\u00e7\u00e3o, hoje e no futuro.<\/p>\n\n\n\n<h3 class=\"wp-block-heading\" id=\"por-que\">Por que<\/h3>\n\n\n\n<ul class=\"wp-block-list\"><li>Para gerenciar o processo inteiro atrav\u00e9s de um \u00fanico fornecedor<\/li><li>Para reduzir os custos de gerenciamento de projetos (local de comissionamento \u00fanico, log\u00edstica de pe\u00e7as de testes)<\/li><li>Para aumentar a consist\u00eancia do processo de usinagem e montagem<\/li><\/ul>\n\n\n\n<h3 class=\"wp-block-heading\" id=\"o-que\">O que<\/h3>\n\n\n\n<ul class=\"wp-block-list\"><li>Uma gama completa de solu\u00e7\u00f5es de montagem e testes <\/li><li>Solu\u00e7\u00f5es de rob\u00f3tica para alta flexibilidade<\/li><li>Adequados para qualquer tipo de processo, de manuais a autom\u00e1ticos<\/li><\/ul>\n\n\n\n<h3 class=\"wp-block-heading\" id=\"propostas-de-valor\">Propostas de Valor<\/h3>\n\n\n\n<ul class=\"wp-block-list\"><li>Um fornecedor para processos de usinagem e montagem<\/li><li>Log\u00edstica reduzida de pe\u00e7as de testes<\/li><li>Qualidade do processo<\/li><li>Alto n\u00edvel de flexibilidade e capacidade de reutiliza\u00e7\u00e3o<\/li><\/ul>\n\n\n\n<h3 class=\"wp-block-heading\" id=\"lista-de-equipamentos-auxiliares-fabricados-pela-comau\">Lista de equipamentos auxiliares fabricados pela Comau<\/h3>\n\n\n\n<ul class=\"wp-block-list\"><li>Esta\u00e7\u00e3o de montagem de dire\u00e7\u00e3o e assentos<\/li><li>Teste de vazamento (intermedi\u00e1rio e final)<\/li><li>Esta\u00e7\u00e3o de montagem de esferas de a\u00e7o\/buj\u00f5es\/cavilhas<\/li><li>Montagem de tampas\/base do motor\/quadro escalonado<\/li><li>Esta\u00e7\u00e3o de marca\u00e7\u00e3o<\/li><li>Inspe\u00e7\u00e3o final<\/li><\/ul>\n\n\n\n<h2 class=\"wp-block-heading\" id=\"automacao\">Automa\u00e7\u00e3o<\/h2>\n\n\n\n<figure class=\"wp-block-image size-large\"><img decoding=\"async\" width=\"1024\" height=\"388\" src=\"https:\/\/www.comau.com\/wp-content\/uploads\/2021\/06\/Canvas-interni-robot-1024x388.jpg\" alt=\"\" class=\"wp-image-5931\" srcset=\"https:\/\/www.comau.com\/wp-content\/uploads\/2021\/06\/Canvas-interni-robot-1024x388.jpg 1024w, https:\/\/www.comau.com\/wp-content\/uploads\/2021\/06\/Canvas-interni-robot-300x114.jpg 300w, https:\/\/www.comau.com\/wp-content\/uploads\/2021\/06\/Canvas-interni-robot-768x291.jpg 768w, https:\/\/www.comau.com\/wp-content\/uploads\/2021\/06\/Canvas-interni-robot.jpg 1280w\" sizes=\"(max-width: 1024px) 100vw, 1024px\" \/><\/figure>\n\n\n\n<h3 class=\"wp-block-heading\" id=\"por-que\">Por que<\/h3>\n\n\n\n<ul class=\"wp-block-list\"><li>Para gerenciar o processo inteiro atrav\u00e9s de um \u00fanico fornecedor<\/li><li>Para facilitar as interfaces<\/li><li>Para adequa\u00e7\u00e3o ao seus requisitos de n\u00edvel de produ\u00e7\u00e3o<\/li><li>A log\u00edstica da linha de produ\u00e7\u00e3o \u00e9 a coluna vertebral do sistema<\/li><\/ul>\n\n\n\n<h3 class=\"wp-block-heading\" id=\"o-que\">O que<\/h3>\n\n\n\n<ul class=\"wp-block-list\"><li>Uma gama de solu\u00e7\u00f5es para sua linha de produ\u00e7\u00e3o<\/li><li>Fornecimento e integra\u00e7\u00e3o de rob\u00f4s<\/li><li>Engenharia e fornecimento de suportes espec\u00edficos e automa\u00e7\u00e3o de ch\u00e3o de f\u00e1brica<\/li><li>Comissionamento virtual<\/li><\/ul>\n\n\n\n<h3 class=\"wp-block-heading\" id=\"propostas-de-valor\">Propostas de Valor<\/h3>\n\n\n\n<ul class=\"wp-block-list\"><li>Um fornecedor chave na m\u00e3o que domina log\u00edstica e as interfaces<\/li><li>OEE aumentada<\/li><li>Alto n\u00edvel de flexibilidade e capacidade de reutiliza\u00e7\u00e3o<\/li><li>Valida\u00e7\u00e3o nova antecipada ou de retooling por meio de comissionamento virtual<\/li><\/ul>\n\n\n\n<h2 class=\"wp-block-heading\" id=\"comissionamento-virtual-o-primeiro-passo-para-a-transformacao-digital\">Comissionamento virtual: o primeiro passo para a Transforma\u00e7\u00e3o Digital<\/h2>\n\n\n\n<p>O Comissionamento virtual consiste na utiliza\u00e7\u00e3o de ferramentas de simula\u00e7\u00e3o 3D para testar mudan\u00e7as na f\u00e1brica antes que elas ocorram efetivamente na instala\u00e7\u00e3o f\u00edsica. Esta tecnologia permite evitar riscos de tempo parado e os custos relativos, e al\u00e9m disso leva a menos problemas de partida inicial e uma implementa\u00e7\u00e3o mais r\u00e1pida.<\/p>\n\n\n\n<p>Esta tecnologia permite verificar e validar mudan\u00e7as na f\u00e1brica, construir um sistema antes que projetos inteiramente novos sejam at\u00e9 mesmo finalizados e, em um \u00e2mbito geral, utilizar o simulador para treinar a equipe de opera\u00e7\u00e3o e manuten\u00e7\u00e3o depois do comissionamento ou planejar futuras mudan\u00e7as (neste caso, atrav\u00e9s de especialistas em engenharia).<\/p>\n\n\n\n<figure class=\"wp-block-embed is-type-video is-provider-youtube wp-block-embed-youtube wp-embed-aspect-16-9 wp-has-aspect-ratio\"><div class=\"wp-block-embed__wrapper\">\n<iframe title=\"Comau Virtual Commissioning: the first step to the Digital Transformation\" width=\"640\" height=\"360\" src=\"https:\/\/www.youtube.com\/embed\/lJ6m5JkPKMk?feature=oembed\" frameborder=\"0\" allow=\"accelerometer; autoplay; clipboard-write; encrypted-media; gyroscope; picture-in-picture; web-share\" referrerpolicy=\"strict-origin-when-cross-origin\" allowfullscreen><\/iframe>\n<\/div><\/figure>\n","protected":false},"excerpt":{"rendered":"<p>Abordagem abrangente da integra\u00e7\u00e3o de sistemas \u200b\u200bN\u00e3o importa a complexidade de suas necessidades de usinagem, nossa metodologia orientada a resultados e nossa experi\u00eancia em sistemas podem ajudar voc\u00ea a trabalhar r\u00e1pido. Temos a compet\u00eancia para desenvolver qualquer processo de usinagem e podemos garantir produtividade, flexibilidade e qualidade a longo prazo com uma ampla gama de [&hellip;]<\/p>\n","protected":false},"author":11,"featured_media":5931,"parent":5838,"menu_order":2,"comment_status":"closed","ping_status":"closed","template":"","meta":{"_acf_changed":false,"ep_exclude_from_search":false,"footnotes":""},"class_list":["post-23057","page","type-page","status-publish","has-post-thumbnail","hentry"],"acf":[],"yoast_head":"<!-- This site is optimized with the Yoast SEO plugin v26.9 - https:\/\/yoast.com\/product\/yoast-seo-wordpress\/ -->\n<title>Integra\u00e7\u00e3o de Sistemas e turnkey logistics | Comau<\/title>\n<meta name=\"description\" content=\"Descubra as solu\u00e7\u00f5es de integra\u00e7\u00e3o de sistemas, de automa\u00e7\u00e3o de processamento e turnkey logistics da Comau: otimize sua empresa! Saiba mais aqui.\" \/>\n<meta name=\"robots\" content=\"index, follow, max-snippet:-1, max-image-preview:large, max-video-preview:-1\" \/>\n<link rel=\"canonical\" href=\"https:\/\/www.comau.com\/pt-br\/competencies\/products-solutions\/machining-system-products\/turnkey-systems\/\" \/>\n<meta property=\"og:locale\" content=\"pt_BR\" \/>\n<meta property=\"og:type\" content=\"article\" \/>\n<meta property=\"og:title\" content=\"Integra\u00e7\u00e3o de Sistemas e turnkey logistics | Comau\" \/>\n<meta property=\"og:description\" content=\"Descubra as solu\u00e7\u00f5es de integra\u00e7\u00e3o de sistemas, de automa\u00e7\u00e3o de processamento e turnkey logistics da Comau: otimize sua empresa! Saiba mais aqui.\" \/>\n<meta property=\"og:url\" content=\"https:\/\/www.comau.com\/pt-br\/competencies\/products-solutions\/machining-system-products\/turnkey-systems\/\" \/>\n<meta property=\"og:site_name\" content=\"Comau\" \/>\n<meta property=\"article:publisher\" content=\"https:\/\/www.facebook.com\/COMAU\/\" \/>\n<meta property=\"article:modified_time\" content=\"2022-02-08T09:22:00+00:00\" \/>\n<meta property=\"og:image\" content=\"https:\/\/www.comau.com\/wp-content\/uploads\/2021\/06\/Canvas-interni-robot.jpg\" \/>\n\t<meta property=\"og:image:width\" content=\"1280\" \/>\n\t<meta property=\"og:image:height\" content=\"485\" \/>\n\t<meta property=\"og:image:type\" content=\"image\/jpeg\" \/>\n<meta name=\"twitter:card\" content=\"summary_large_image\" \/>\n<meta name=\"twitter:site\" content=\"@comaugroup\" \/>\n<meta name=\"twitter:label1\" content=\"Est. tempo de leitura\" \/>\n\t<meta name=\"twitter:data1\" content=\"4 minutos\" \/>\n<script type=\"application\/ld+json\" class=\"yoast-schema-graph\">{\"@context\":\"https:\/\/schema.org\",\"@graph\":[{\"@type\":\"WebPage\",\"@id\":\"https:\/\/www.comau.com\/pt-br\/competencies\/products-solutions\/machining-system-products\/turnkey-systems\/\",\"url\":\"https:\/\/www.comau.com\/pt-br\/competencies\/products-solutions\/machining-system-products\/turnkey-systems\/\",\"name\":\"Integra\u00e7\u00e3o de Sistemas e turnkey logistics | Comau\",\"isPartOf\":{\"@id\":\"https:\/\/www.comau.com\/pt-br\/#website\"},\"primaryImageOfPage\":{\"@id\":\"https:\/\/www.comau.com\/pt-br\/competencies\/products-solutions\/machining-system-products\/turnkey-systems\/#primaryimage\"},\"image\":{\"@id\":\"https:\/\/www.comau.com\/pt-br\/competencies\/products-solutions\/machining-system-products\/turnkey-systems\/#primaryimage\"},\"thumbnailUrl\":\"https:\/\/www.comau.com\/wp-content\/uploads\/2021\/06\/Canvas-interni-robot.jpg\",\"datePublished\":\"2021-06-08T09:29:42+00:00\",\"dateModified\":\"2022-02-08T09:22:00+00:00\",\"description\":\"Descubra as solu\u00e7\u00f5es de integra\u00e7\u00e3o de sistemas, de automa\u00e7\u00e3o de processamento e turnkey logistics da Comau: otimize sua empresa! Saiba mais aqui.\",\"breadcrumb\":{\"@id\":\"https:\/\/www.comau.com\/pt-br\/competencies\/products-solutions\/machining-system-products\/turnkey-systems\/#breadcrumb\"},\"inLanguage\":\"pt-BR\",\"potentialAction\":[{\"@type\":\"ReadAction\",\"target\":[\"https:\/\/www.comau.com\/pt-br\/competencies\/products-solutions\/machining-system-products\/turnkey-systems\/\"]}]},{\"@type\":\"ImageObject\",\"inLanguage\":\"pt-BR\",\"@id\":\"https:\/\/www.comau.com\/pt-br\/competencies\/products-solutions\/machining-system-products\/turnkey-systems\/#primaryimage\",\"url\":\"https:\/\/www.comau.com\/wp-content\/uploads\/2021\/06\/Canvas-interni-robot.jpg\",\"contentUrl\":\"https:\/\/www.comau.com\/wp-content\/uploads\/2021\/06\/Canvas-interni-robot.jpg\",\"width\":1280,\"height\":485},{\"@type\":\"BreadcrumbList\",\"@id\":\"https:\/\/www.comau.com\/pt-br\/competencies\/products-solutions\/machining-system-products\/turnkey-systems\/#breadcrumb\",\"itemListElement\":[{\"@type\":\"ListItem\",\"position\":1,\"name\":\"Home\",\"item\":\"https:\/\/www.comau.com\/pt-br\/\"},{\"@type\":\"ListItem\",\"position\":2,\"name\":\"Nossas Compet\u00eancias\",\"item\":\"https:\/\/www.comau.com\/pt-br\/competencies\/\"},{\"@type\":\"ListItem\",\"position\":3,\"name\":\"Powertrain &#038; Machining\",\"item\":\"https:\/\/www.comau.com\/pt-br\/competencies\/powertrain-machining\/\"},{\"@type\":\"ListItem\",\"position\":4,\"name\":\"Machining System &amp; Products\",\"item\":\"https:\/\/www.comau.com\/pt-br\/competencies\/powertrain-machining\/machining-system-products\/\"},{\"@type\":\"ListItem\",\"position\":5,\"name\":\"Sistemas chave na m\u00e3o\"}]},{\"@type\":\"WebSite\",\"@id\":\"https:\/\/www.comau.com\/pt-br\/#website\",\"url\":\"https:\/\/www.comau.com\/pt-br\/\",\"name\":\"Comau\",\"description\":\"Industrial automation and robotics\",\"publisher\":{\"@id\":\"https:\/\/www.comau.com\/pt-br\/#organization\"},\"potentialAction\":[{\"@type\":\"SearchAction\",\"target\":{\"@type\":\"EntryPoint\",\"urlTemplate\":\"https:\/\/www.comau.com\/pt-br\/?s={search_term_string}\"},\"query-input\":{\"@type\":\"PropertyValueSpecification\",\"valueRequired\":true,\"valueName\":\"search_term_string\"}}],\"inLanguage\":\"pt-BR\"},{\"@type\":\"Organization\",\"@id\":\"https:\/\/www.comau.com\/pt-br\/#organization\",\"name\":\"Comau\",\"url\":\"https:\/\/www.comau.com\/pt-br\/\",\"logo\":{\"@type\":\"ImageObject\",\"inLanguage\":\"pt-BR\",\"@id\":\"https:\/\/www.comau.com\/pt-br\/#\/schema\/logo\/image\/\",\"url\":\"https:\/\/www.comau.com\/wp-content\/uploads\/2024\/07\/cropped-Logo-COMAU.png\",\"contentUrl\":\"https:\/\/www.comau.com\/wp-content\/uploads\/2024\/07\/cropped-Logo-COMAU.png\",\"width\":434,\"height\":434,\"caption\":\"Comau\"},\"image\":{\"@id\":\"https:\/\/www.comau.com\/pt-br\/#\/schema\/logo\/image\/\"},\"sameAs\":[\"https:\/\/www.facebook.com\/COMAU\/\",\"https:\/\/x.com\/comaugroup\",\"https:\/\/www.instagram.com\/comaugroup\/\",\"https:\/\/www.linkedin.com\/company\/comau\",\"https:\/\/www.youtube.com\/user\/comau\"]}]}<\/script>\n<!-- \/ Yoast SEO plugin. -->","yoast_head_json":{"title":"Integra\u00e7\u00e3o de Sistemas e turnkey logistics | Comau","description":"Descubra as solu\u00e7\u00f5es de integra\u00e7\u00e3o de sistemas, de automa\u00e7\u00e3o de processamento e turnkey logistics da Comau: otimize sua empresa! Saiba mais aqui.","robots":{"index":"index","follow":"follow","max-snippet":"max-snippet:-1","max-image-preview":"max-image-preview:large","max-video-preview":"max-video-preview:-1"},"canonical":"https:\/\/www.comau.com\/pt-br\/competencies\/products-solutions\/machining-system-products\/turnkey-systems\/","og_locale":"pt_BR","og_type":"article","og_title":"Integra\u00e7\u00e3o de Sistemas e turnkey logistics | Comau","og_description":"Descubra as solu\u00e7\u00f5es de integra\u00e7\u00e3o de sistemas, de automa\u00e7\u00e3o de processamento e turnkey logistics da Comau: otimize sua empresa! Saiba mais aqui.","og_url":"https:\/\/www.comau.com\/pt-br\/competencies\/products-solutions\/machining-system-products\/turnkey-systems\/","og_site_name":"Comau","article_publisher":"https:\/\/www.facebook.com\/COMAU\/","article_modified_time":"2022-02-08T09:22:00+00:00","og_image":[{"width":1280,"height":485,"url":"https:\/\/www.comau.com\/wp-content\/uploads\/2021\/06\/Canvas-interni-robot.jpg","type":"image\/jpeg"}],"twitter_card":"summary_large_image","twitter_site":"@comaugroup","twitter_misc":{"Est. tempo de leitura":"4 minutos"},"schema":{"@context":"https:\/\/schema.org","@graph":[{"@type":"WebPage","@id":"https:\/\/www.comau.com\/pt-br\/competencies\/products-solutions\/machining-system-products\/turnkey-systems\/","url":"https:\/\/www.comau.com\/pt-br\/competencies\/products-solutions\/machining-system-products\/turnkey-systems\/","name":"Integra\u00e7\u00e3o de Sistemas e turnkey logistics | Comau","isPartOf":{"@id":"https:\/\/www.comau.com\/pt-br\/#website"},"primaryImageOfPage":{"@id":"https:\/\/www.comau.com\/pt-br\/competencies\/products-solutions\/machining-system-products\/turnkey-systems\/#primaryimage"},"image":{"@id":"https:\/\/www.comau.com\/pt-br\/competencies\/products-solutions\/machining-system-products\/turnkey-systems\/#primaryimage"},"thumbnailUrl":"https:\/\/www.comau.com\/wp-content\/uploads\/2021\/06\/Canvas-interni-robot.jpg","datePublished":"2021-06-08T09:29:42+00:00","dateModified":"2022-02-08T09:22:00+00:00","description":"Descubra as solu\u00e7\u00f5es de integra\u00e7\u00e3o de sistemas, de automa\u00e7\u00e3o de processamento e turnkey logistics da Comau: otimize sua empresa! Saiba mais aqui.","breadcrumb":{"@id":"https:\/\/www.comau.com\/pt-br\/competencies\/products-solutions\/machining-system-products\/turnkey-systems\/#breadcrumb"},"inLanguage":"pt-BR","potentialAction":[{"@type":"ReadAction","target":["https:\/\/www.comau.com\/pt-br\/competencies\/products-solutions\/machining-system-products\/turnkey-systems\/"]}]},{"@type":"ImageObject","inLanguage":"pt-BR","@id":"https:\/\/www.comau.com\/pt-br\/competencies\/products-solutions\/machining-system-products\/turnkey-systems\/#primaryimage","url":"https:\/\/www.comau.com\/wp-content\/uploads\/2021\/06\/Canvas-interni-robot.jpg","contentUrl":"https:\/\/www.comau.com\/wp-content\/uploads\/2021\/06\/Canvas-interni-robot.jpg","width":1280,"height":485},{"@type":"BreadcrumbList","@id":"https:\/\/www.comau.com\/pt-br\/competencies\/products-solutions\/machining-system-products\/turnkey-systems\/#breadcrumb","itemListElement":[{"@type":"ListItem","position":1,"name":"Home","item":"https:\/\/www.comau.com\/pt-br\/"},{"@type":"ListItem","position":2,"name":"Nossas Compet\u00eancias","item":"https:\/\/www.comau.com\/pt-br\/competencies\/"},{"@type":"ListItem","position":3,"name":"Powertrain &#038; Machining","item":"https:\/\/www.comau.com\/pt-br\/competencies\/powertrain-machining\/"},{"@type":"ListItem","position":4,"name":"Machining System &amp; Products","item":"https:\/\/www.comau.com\/pt-br\/competencies\/powertrain-machining\/machining-system-products\/"},{"@type":"ListItem","position":5,"name":"Sistemas chave na m\u00e3o"}]},{"@type":"WebSite","@id":"https:\/\/www.comau.com\/pt-br\/#website","url":"https:\/\/www.comau.com\/pt-br\/","name":"Comau","description":"Industrial automation and robotics","publisher":{"@id":"https:\/\/www.comau.com\/pt-br\/#organization"},"potentialAction":[{"@type":"SearchAction","target":{"@type":"EntryPoint","urlTemplate":"https:\/\/www.comau.com\/pt-br\/?s={search_term_string}"},"query-input":{"@type":"PropertyValueSpecification","valueRequired":true,"valueName":"search_term_string"}}],"inLanguage":"pt-BR"},{"@type":"Organization","@id":"https:\/\/www.comau.com\/pt-br\/#organization","name":"Comau","url":"https:\/\/www.comau.com\/pt-br\/","logo":{"@type":"ImageObject","inLanguage":"pt-BR","@id":"https:\/\/www.comau.com\/pt-br\/#\/schema\/logo\/image\/","url":"https:\/\/www.comau.com\/wp-content\/uploads\/2024\/07\/cropped-Logo-COMAU.png","contentUrl":"https:\/\/www.comau.com\/wp-content\/uploads\/2024\/07\/cropped-Logo-COMAU.png","width":434,"height":434,"caption":"Comau"},"image":{"@id":"https:\/\/www.comau.com\/pt-br\/#\/schema\/logo\/image\/"},"sameAs":["https:\/\/www.facebook.com\/COMAU\/","https:\/\/x.com\/comaugroup","https:\/\/www.instagram.com\/comaugroup\/","https:\/\/www.linkedin.com\/company\/comau","https:\/\/www.youtube.com\/user\/comau"]}]}},"_links":{"self":[{"href":"https:\/\/www.comau.com\/pt-br\/wp-json\/wp\/v2\/pages\/23057","targetHints":{"allow":["GET"]}}],"collection":[{"href":"https:\/\/www.comau.com\/pt-br\/wp-json\/wp\/v2\/pages"}],"about":[{"href":"https:\/\/www.comau.com\/pt-br\/wp-json\/wp\/v2\/types\/page"}],"author":[{"embeddable":true,"href":"https:\/\/www.comau.com\/pt-br\/wp-json\/wp\/v2\/users\/11"}],"replies":[{"embeddable":true,"href":"https:\/\/www.comau.com\/pt-br\/wp-json\/wp\/v2\/comments?post=23057"}],"version-history":[{"count":63,"href":"https:\/\/www.comau.com\/pt-br\/wp-json\/wp\/v2\/pages\/23057\/revisions"}],"predecessor-version":[{"id":42136,"href":"https:\/\/www.comau.com\/pt-br\/wp-json\/wp\/v2\/pages\/23057\/revisions\/42136"}],"up":[{"embeddable":true,"href":"https:\/\/www.comau.com\/pt-br\/wp-json\/wp\/v2\/pages\/5838"}],"wp:featuredmedia":[{"embeddable":true,"href":"https:\/\/www.comau.com\/pt-br\/wp-json\/wp\/v2\/media\/5931"}],"wp:attachment":[{"href":"https:\/\/www.comau.com\/pt-br\/wp-json\/wp\/v2\/media?parent=23057"}],"curies":[{"name":"wp","href":"https:\/\/api.w.org\/{rel}","templated":true}]}}