{"id":23052,"date":"2021-06-08T11:29:58","date_gmt":"2021-06-08T09:29:58","guid":{"rendered":"https:\/\/www.comau.com\/?page_id=23052"},"modified":"2022-02-08T10:24:30","modified_gmt":"2022-02-08T09:24:30","slug":"customer-services-and-digital-retooling","status":"publish","type":"page","link":"https:\/\/www.comau.com\/pt-br\/competencies\/products-solutions\/machining-system-products\/customer-services-and-digital-retooling\/","title":{"rendered":"Servi\u00e7os ao cliente e retooling digital"},"content":{"rendered":"\n<h2 class=\"wp-block-heading\" id=\"suporte-de-amplo-alcance\">Suporte de amplo alcance<\/h2>\n\n\n\n<p>A Comau oferece servi\u00e7os interfuncionais abrangentes, come\u00e7ando por uma rede mundial de assist\u00eancia ao cliente, uma gama completa de pe\u00e7as de reposi\u00e7\u00e3o e programas de treinamento personalizados. Tamb\u00e9m fornecemos manuten\u00e7\u00e3o e an\u00e1lise profissional de m\u00e1quinas al\u00e9m de solu\u00e7\u00f5es de retrofitting e retooling. Nossos servi\u00e7os cobrem qualquer tipo de m\u00e1quina, independentemente do fabricante, e incluem tudo, do set-up e comissionamento \u00e0 solu\u00e7\u00e3o de problemas, testes e solicita\u00e7\u00f5es personalizadas. <\/p>\n\n\n\n<div class=\"wp-block-image\"><figure class=\"aligncenter size-large\"><img decoding=\"async\" width=\"780\" height=\"463\" src=\"https:\/\/www.comau.com\/wp-content\/uploads\/2021\/06\/CustomerCare.png\" alt=\"\" class=\"wp-image-9807\" srcset=\"https:\/\/www.comau.com\/wp-content\/uploads\/2021\/06\/CustomerCare.png 780w, https:\/\/www.comau.com\/wp-content\/uploads\/2021\/06\/CustomerCare-300x178.png 300w, https:\/\/www.comau.com\/wp-content\/uploads\/2021\/06\/CustomerCare-768x456.png 768w\" sizes=\"(max-width: 780px) 100vw, 780px\" \/><\/figure><\/div>\n\n\n\n<h2 class=\"wp-block-heading\" id=\"assistencia-ao-cliente\">Assist\u00eancia ao cliente<\/h2>\n\n\n\n<h3 class=\"wp-block-heading\" id=\"garantia-e-assistencia\">Garantia e assist\u00eancia<\/h3>\n\n\n\n<ul class=\"wp-block-list\"><li>T\u00e9cnicos altamente qualificados<\/li><li>Verifica\u00e7\u00f5es de garantia para manter as m\u00e1quinas instaladas trabalhando com toda a capacidade<\/li><li>Assist\u00eancia a pedido e assist\u00eancia peri\u00f3dica durante a produ\u00e7\u00e3o<\/li><li>Suporte local com presen\u00e7a local<\/li><li>Servi\u00e7o para trocas ou modifica\u00e7\u00f5es em m\u00e1quinas instaladas<\/li><\/ul>\n\n\n\n<h3 class=\"wp-block-heading\" id=\"deteccao-e-manutencao-preditiva-rastreamento-de-status-e-reparos\">Detec\u00e7\u00e3o e manuten\u00e7\u00e3o preditiva, rastreamento de status e reparos<\/h3>\n\n\n\n<ul class=\"wp-block-list\"><li>Conceito de parceria na manuten\u00e7\u00e3o de m\u00e1quinas para assistir e complementar a equipe de manuten\u00e7\u00e3o das f\u00e1bricas dos clientes<\/li><li>Verifica\u00e7\u00e3o de geometria para detectar desvios em qualquer eixo de movimento<\/li><li>Detec\u00e7\u00e3o e retifica\u00e7\u00e3o de falhas atrav\u00e9s de diagn\u00f3stico remoto (e-wan)<\/li><li>Monitoramento remoto de desempenho de spindles, Dr. Spindle service<\/li><li>Reinicializa\u00e7\u00e3o r\u00e1pida de m\u00e1quinas <\/li><\/ul>\n\n\n\n<h3 class=\"wp-block-heading\" id=\"gerenciamento-de-pecas-de-reposicao\">Gerenciamento de pe\u00e7as de reposi\u00e7\u00e3o<\/h3>\n\n\n\n<ul class=\"wp-block-list\"><li>Pe\u00e7as de reposi\u00e7\u00e3o e de desgaste originais <\/li><li>Entrega de pacotes e kits<\/li><li>Solu\u00e7\u00e3o de armazenamento <\/li><\/ul>\n\n\n\n<h2 class=\"wp-block-heading\" id=\"treinamento\">Treinamento<\/h2>\n\n\n\n<p>Fornecemos programas de treinamento padr\u00e3o e personalizados para que voc\u00ea obtenha o m\u00e1ximo de nossas m\u00e1quinas e maximize o retorno de seu capital investido. Nosso treinamento \u00e9 desenvolvido com base em suas necessidades e est\u00e1 dispon\u00edvel para qualquer ind\u00fastria e qualquer produto de nosso abrangente portf\u00f3lio. <\/p>\n\n\n\n<ul class=\"wp-block-list\"><li>Treinamento padr\u00e3o e avan\u00e7ado <\/li><li>Solu\u00e7\u00f5es personalizadas <\/li><li>e-Learning (aprendizagem multim\u00eddia) <\/li><li>Assist\u00eancia remota e com realidade aumentada <\/li><li>Comau web Academy <\/li><\/ul>\n\n\n\n<p>Nossos cursos de treinamento cobrem todas as tarefas operacionais e de manuten\u00e7\u00e3o, incluindo mec\u00e2nica, el\u00e9trica, fluidos, programa\u00e7\u00e3o e solu\u00e7\u00e3o de problemas, seguran\u00e7a e ergonomia. <\/p>\n\n\n\n<h2 class=\"wp-block-heading\" id=\"retooling\">Retooling<\/h2>\n\n\n\n<p>Nossa renova\u00e7\u00e3o mundial \u00e9 independente de fabricantes e de processos de usinagem, e envolve o recondicionamento de m\u00e1quinas-ferramenta e de componentes de m\u00e1quinas-ferramenta, incluindo solu\u00e7\u00f5es IoT.<\/p>\n\n\n\n<div class=\"wp-block-image\"><figure class=\"aligncenter size-large\"><img decoding=\"async\" width=\"780\" height=\"400\" src=\"https:\/\/www.comau.com\/wp-content\/uploads\/2021\/06\/retooling.jpg\" alt=\"\" class=\"wp-image-9812\" srcset=\"https:\/\/www.comau.com\/wp-content\/uploads\/2021\/06\/retooling.jpg 780w, https:\/\/www.comau.com\/wp-content\/uploads\/2021\/06\/retooling-300x154.jpg 300w, https:\/\/www.comau.com\/wp-content\/uploads\/2021\/06\/retooling-768x394.jpg 768w\" sizes=\"(max-width: 780px) 100vw, 780px\" \/><\/figure><\/div>\n\n\n\n<p>Completamos o padr\u00e3o de compet\u00eancia com especialistas em Compras, Fabrica\u00e7\u00e3o e Ger\u00eancia de qualidade, Comissionamento el\u00e9trico e Documenta\u00e7\u00e3o.<\/p>\n\n\n\n<h3 class=\"wp-block-heading\" id=\"nossa-experiencia\">Nossa experi\u00eancia<\/h3>\n\n\n\n<ul class=\"wp-block-list\"><li>Engenharia e set-up de processos<\/li><li>Integra\u00e7\u00e3o de m\u00e1quinas novas ou reutilizadas<\/li><li>Automa\u00e7\u00e3o, log\u00edstica, suportes<\/li><li>Recondicionamento de m\u00e1quinas antigas (qualquer marca)<\/li><li>Gerenciamento de local<\/li><li>Integra\u00e7\u00e3o digital<\/li><\/ul>\n\n\n\n<h3 class=\"wp-block-heading\" id=\"suas-necessidades\">Suas necessidades<\/h3>\n\n\n\n<ul class=\"wp-block-list\"><li>Reloca\u00e7\u00e3o e reutiliza\u00e7\u00e3o de equipamentos existentes<\/li><li>Amplia\u00e7\u00e3o de capacidade<\/li><li>Introdu\u00e7\u00e3o de programas de novos produtos<\/li><li>Per\u00edodo curto de inatividade<\/li><li>Implementa\u00e7\u00e3o de IoT<\/li><\/ul>\n\n\n\n<h3 class=\"wp-block-heading\" id=\"seus-beneficios\">Seus benef\u00edcios<\/h3>\n\n\n\n<ul class=\"wp-block-list\"><li>Substitui\u00e7\u00e3o custos\/qualidade<\/li><li>Solu\u00e7\u00e3o perfeita entre ciclos de investimento<\/li><li>Rein\u00edcio e acelera\u00e7\u00e3o tempestiva da produ\u00e7\u00e3o<\/li><li>Abordagem personalizada: das diferentes pe\u00e7as de trabalho e tamanhos de projeto at\u00e9 sistemas chave na m\u00e3o<\/li><li>Benef\u00edcios da integra\u00e7\u00e3o digital<ul><li>F\u00e1cil de usar<\/li><li>F\u00e1cil de manter<\/li><li>Maior OEE (Overall Equipment Efficiency, efici\u00eancia geral dos equipamentos)<\/li><li>Suporte eficiente<\/li><li>Maior qualidade<\/li><li>Melhoria cont\u00ednua<\/li><\/ul><\/li><\/ul>\n\n\n\n<h2 class=\"wp-block-heading\" id=\"o-retooling-digital-garante-sucesso-permanente\">O retooling digital garante sucesso permanente<\/h2>\n\n\n\n<ul class=\"wp-block-list\"><li>Ajuda para utiliza\u00e7\u00e3o e manuten\u00e7\u00e3o<\/li><li>Manuten\u00e7\u00e3o preventiva e preditiva<\/li><li>Servi\u00e7os Digital twin<\/li><li>Assist\u00eancia remota<\/li><li>Gerenciamento de pe\u00e7as de reposi\u00e7\u00e3oGerenciamento de pe\u00e7as de reposi\u00e7\u00e3o<\/li><li>Seguran\u00e7a de operadores e m\u00e1quinas<\/li><li>Cyberseguran\u00e7a<\/li><\/ul>\n\n\n\n<h2 class=\"wp-block-heading\" id=\"atualizacao\">Atualiza\u00e7\u00e3o<\/h2>\n\n\n\n<h3 class=\"wp-block-heading\" id=\"otimizacao-de-desempenho\">Otimiza\u00e7\u00e3o de desempenho<\/h3>\n\n\n\n<p>Gra\u00e7as ao nosso conhecimento de processos e experi\u00eancia acumulada, os especialistas de servi\u00e7os da Comau podem ajudar a aumentar a produtividade e a efici\u00eancia de suas m\u00e1quinas e sistemas modificando os par\u00e2metros BT, introduzindo novos sistemas de controle ou atualizando com novas tecnologias.<\/p>\n\n\n\n<ul class=\"wp-block-list\"><li>Discuss\u00e3o t\u00e9cnica preliminar<\/li><li>Verifica\u00e7\u00e3o do tempo de ciclo do processo atual<\/li><li>Verifica\u00e7\u00e3o da qualidade do processo atual<\/li><li>Modifica\u00e7\u00f5es para melhorar o tempo de ciclo e a qualidade da produ\u00e7\u00e3o<\/li><li>Aumentar a confiabilidade e a capacidade de manuten\u00e7\u00e3o dos equipamentos<\/li><li>Retorno do investimento agilizado<\/li><\/ul>\n\n\n\n<h3 class=\"wp-block-heading\" id=\"recondicionamento\">Recondicionamento<\/h3>\n\n\n\n<p>Com o recondicionamento voc\u00ea pode manter uma m\u00e1quina tradicional sem sacrificar a confiabilidade e a qualidade como uma solu\u00e7\u00e3o ideal para alongar o tempo antes de fazer investimentos em novas tecnologias<\/p>\n\n\n\n<ul class=\"wp-block-list\"><li><strong>Mec\u00e2nico:<\/strong> reparo de deslizadores, substitui\u00e7\u00e3o de pe\u00e7as de desgaste, recondicionamento de spindles, substitui\u00e7\u00e3o de componentes obsoletos, ajuste de geometria.<\/li><li><strong>Fluidos:<\/strong> limpeza, elimina\u00e7\u00e3o de vazamentos, verifica\u00e7\u00e3o e troca de mangueiras, filtros, substitui\u00e7\u00e3o de componentes obsoletos, ajuste de vaz\u00e3o e press\u00e3o.<\/li><li><strong>El\u00e9trico:<\/strong> recondicionamento de gabinetes e pain\u00e9is el\u00e9tricos, substitui\u00e7\u00e3o de cabos, sensores, atuadores, substitui\u00e7\u00e3o de componentes obsoletos.<\/li><li><strong>Sistemas de controle e acionamentos:<\/strong>  substitui\u00e7\u00e3o de equipamentos obsoletos<\/li><li><strong>Software:<\/strong> verifica\u00e7\u00e3o e atualiza\u00e7\u00e3o de software.<\/li><\/ul>\n\n\n\n<h3 class=\"wp-block-heading\" id=\"consultoria\">Consultoria<\/h3>\n\n\n\n<p>Estamos comprometidos em ajudar as empresas a aumentar sua competitividade. Para tanto, fornecemos uma mistura poderosa de compet\u00eancia e experi\u00eancia no mundo real para identificar e priorizar \u00e1reas de melhoria que podem verdadeiramente causar um impacto em seus neg\u00f3cios.<\/p>\n\n\n\n<ul class=\"wp-block-list\"><li>Solu\u00e7\u00f5es de sistemas<\/li><li>Consultoria para redu\u00e7\u00e3o de CAPEX<\/li><li>Melhoria em linhas OEE existentes<\/li><li>Estudo de viabilidade para processos de produ\u00e7\u00e3o de campo verde ou marrom <\/li><li>Gerenciamento de instala\u00e7\u00f5es<\/li><li>Avalia\u00e7\u00e3o Industry 4.0<\/li><\/ul>\n","protected":false},"excerpt":{"rendered":"<p>Suporte de amplo alcance A Comau oferece servi\u00e7os interfuncionais abrangentes, come\u00e7ando por uma rede mundial de assist\u00eancia ao cliente, uma gama completa de pe\u00e7as de reposi\u00e7\u00e3o e programas de treinamento personalizados. Tamb\u00e9m fornecemos manuten\u00e7\u00e3o e an\u00e1lise profissional de m\u00e1quinas al\u00e9m de solu\u00e7\u00f5es de retrofitting e retooling. Nossos servi\u00e7os cobrem qualquer tipo de m\u00e1quina, independentemente do [&hellip;]<\/p>\n","protected":false},"author":11,"featured_media":5932,"parent":5838,"menu_order":1,"comment_status":"closed","ping_status":"closed","template":"","meta":{"_acf_changed":false,"ep_exclude_from_search":false,"footnotes":""},"class_list":["post-23052","page","type-page","status-publish","has-post-thumbnail","hentry"],"acf":[],"yoast_head":"<!-- This site is optimized with the Yoast SEO plugin v26.9 - https:\/\/yoast.com\/product\/yoast-seo-wordpress\/ -->\n<title>Retooling e gest\u00e3o de processos digitais | Comau<\/title>\n<meta name=\"description\" content=\"A Comau \u00e9 especialista em retooling digital e g\u00eameo digital para a gest\u00e3o e controle de sistemas de processamento. Saiba mais sobre assist\u00eancia industrial aqui.\" \/>\n<meta name=\"robots\" content=\"index, follow, max-snippet:-1, max-image-preview:large, max-video-preview:-1\" \/>\n<link rel=\"canonical\" href=\"https:\/\/www.comau.com\/pt-br\/competencies\/products-solutions\/machining-system-products\/customer-services-and-digital-retooling\/\" \/>\n<meta property=\"og:locale\" content=\"pt_BR\" \/>\n<meta property=\"og:type\" content=\"article\" \/>\n<meta property=\"og:title\" content=\"Retooling e gest\u00e3o de processos digitais | Comau\" \/>\n<meta property=\"og:description\" content=\"A Comau \u00e9 especialista em retooling digital e g\u00eameo digital para a gest\u00e3o e controle de sistemas de processamento. Saiba mais sobre assist\u00eancia industrial aqui.\" \/>\n<meta property=\"og:url\" content=\"https:\/\/www.comau.com\/pt-br\/competencies\/products-solutions\/machining-system-products\/customer-services-and-digital-retooling\/\" \/>\n<meta property=\"og:site_name\" content=\"Comau\" \/>\n<meta property=\"article:publisher\" content=\"https:\/\/www.facebook.com\/COMAU\/\" \/>\n<meta property=\"article:modified_time\" content=\"2022-02-08T09:24:30+00:00\" \/>\n<meta property=\"og:image\" content=\"https:\/\/www.comau.com\/wp-content\/uploads\/2021\/06\/Canvas-interni-mano.jpg\" \/>\n\t<meta property=\"og:image:width\" content=\"1280\" \/>\n\t<meta property=\"og:image:height\" content=\"485\" \/>\n\t<meta property=\"og:image:type\" content=\"image\/jpeg\" \/>\n<meta name=\"twitter:card\" content=\"summary_large_image\" \/>\n<meta name=\"twitter:site\" content=\"@comaugroup\" \/>\n<meta name=\"twitter:label1\" content=\"Est. tempo de leitura\" \/>\n\t<meta name=\"twitter:data1\" content=\"4 minutos\" \/>\n<script type=\"application\/ld+json\" class=\"yoast-schema-graph\">{\"@context\":\"https:\/\/schema.org\",\"@graph\":[{\"@type\":\"WebPage\",\"@id\":\"https:\/\/www.comau.com\/pt-br\/competencies\/products-solutions\/machining-system-products\/customer-services-and-digital-retooling\/\",\"url\":\"https:\/\/www.comau.com\/pt-br\/competencies\/products-solutions\/machining-system-products\/customer-services-and-digital-retooling\/\",\"name\":\"Retooling e gest\u00e3o de processos digitais | Comau\",\"isPartOf\":{\"@id\":\"https:\/\/www.comau.com\/pt-br\/#website\"},\"primaryImageOfPage\":{\"@id\":\"https:\/\/www.comau.com\/pt-br\/competencies\/products-solutions\/machining-system-products\/customer-services-and-digital-retooling\/#primaryimage\"},\"image\":{\"@id\":\"https:\/\/www.comau.com\/pt-br\/competencies\/products-solutions\/machining-system-products\/customer-services-and-digital-retooling\/#primaryimage\"},\"thumbnailUrl\":\"https:\/\/www.comau.com\/wp-content\/uploads\/2021\/06\/Canvas-interni-mano.jpg\",\"datePublished\":\"2021-06-08T09:29:58+00:00\",\"dateModified\":\"2022-02-08T09:24:30+00:00\",\"description\":\"A Comau \u00e9 especialista em retooling digital e g\u00eameo digital para a gest\u00e3o e controle de sistemas de processamento. Saiba mais sobre assist\u00eancia industrial aqui.\",\"breadcrumb\":{\"@id\":\"https:\/\/www.comau.com\/pt-br\/competencies\/products-solutions\/machining-system-products\/customer-services-and-digital-retooling\/#breadcrumb\"},\"inLanguage\":\"pt-BR\",\"potentialAction\":[{\"@type\":\"ReadAction\",\"target\":[\"https:\/\/www.comau.com\/pt-br\/competencies\/products-solutions\/machining-system-products\/customer-services-and-digital-retooling\/\"]}]},{\"@type\":\"ImageObject\",\"inLanguage\":\"pt-BR\",\"@id\":\"https:\/\/www.comau.com\/pt-br\/competencies\/products-solutions\/machining-system-products\/customer-services-and-digital-retooling\/#primaryimage\",\"url\":\"https:\/\/www.comau.com\/wp-content\/uploads\/2021\/06\/Canvas-interni-mano.jpg\",\"contentUrl\":\"https:\/\/www.comau.com\/wp-content\/uploads\/2021\/06\/Canvas-interni-mano.jpg\",\"width\":1280,\"height\":485},{\"@type\":\"BreadcrumbList\",\"@id\":\"https:\/\/www.comau.com\/pt-br\/competencies\/products-solutions\/machining-system-products\/customer-services-and-digital-retooling\/#breadcrumb\",\"itemListElement\":[{\"@type\":\"ListItem\",\"position\":1,\"name\":\"Home\",\"item\":\"https:\/\/www.comau.com\/pt-br\/\"},{\"@type\":\"ListItem\",\"position\":2,\"name\":\"Nossas Compet\u00eancias\",\"item\":\"https:\/\/www.comau.com\/pt-br\/competencies\/\"},{\"@type\":\"ListItem\",\"position\":3,\"name\":\"Powertrain &#038; Machining\",\"item\":\"https:\/\/www.comau.com\/pt-br\/competencies\/powertrain-machining\/\"},{\"@type\":\"ListItem\",\"position\":4,\"name\":\"Machining System &amp; Products\",\"item\":\"https:\/\/www.comau.com\/pt-br\/competencies\/powertrain-machining\/machining-system-products\/\"},{\"@type\":\"ListItem\",\"position\":5,\"name\":\"Servi\u00e7os ao cliente e retooling digital\"}]},{\"@type\":\"WebSite\",\"@id\":\"https:\/\/www.comau.com\/pt-br\/#website\",\"url\":\"https:\/\/www.comau.com\/pt-br\/\",\"name\":\"Comau\",\"description\":\"Industrial automation and robotics\",\"publisher\":{\"@id\":\"https:\/\/www.comau.com\/pt-br\/#organization\"},\"potentialAction\":[{\"@type\":\"SearchAction\",\"target\":{\"@type\":\"EntryPoint\",\"urlTemplate\":\"https:\/\/www.comau.com\/pt-br\/?s={search_term_string}\"},\"query-input\":{\"@type\":\"PropertyValueSpecification\",\"valueRequired\":true,\"valueName\":\"search_term_string\"}}],\"inLanguage\":\"pt-BR\"},{\"@type\":\"Organization\",\"@id\":\"https:\/\/www.comau.com\/pt-br\/#organization\",\"name\":\"Comau\",\"url\":\"https:\/\/www.comau.com\/pt-br\/\",\"logo\":{\"@type\":\"ImageObject\",\"inLanguage\":\"pt-BR\",\"@id\":\"https:\/\/www.comau.com\/pt-br\/#\/schema\/logo\/image\/\",\"url\":\"https:\/\/www.comau.com\/wp-content\/uploads\/2024\/07\/cropped-Logo-COMAU.png\",\"contentUrl\":\"https:\/\/www.comau.com\/wp-content\/uploads\/2024\/07\/cropped-Logo-COMAU.png\",\"width\":434,\"height\":434,\"caption\":\"Comau\"},\"image\":{\"@id\":\"https:\/\/www.comau.com\/pt-br\/#\/schema\/logo\/image\/\"},\"sameAs\":[\"https:\/\/www.facebook.com\/COMAU\/\",\"https:\/\/x.com\/comaugroup\",\"https:\/\/www.instagram.com\/comaugroup\/\",\"https:\/\/www.linkedin.com\/company\/comau\",\"https:\/\/www.youtube.com\/user\/comau\"]}]}<\/script>\n<!-- \/ Yoast SEO plugin. -->","yoast_head_json":{"title":"Retooling e gest\u00e3o de processos digitais | Comau","description":"A Comau \u00e9 especialista em retooling digital e g\u00eameo digital para a gest\u00e3o e controle de sistemas de processamento. Saiba mais sobre assist\u00eancia industrial aqui.","robots":{"index":"index","follow":"follow","max-snippet":"max-snippet:-1","max-image-preview":"max-image-preview:large","max-video-preview":"max-video-preview:-1"},"canonical":"https:\/\/www.comau.com\/pt-br\/competencies\/products-solutions\/machining-system-products\/customer-services-and-digital-retooling\/","og_locale":"pt_BR","og_type":"article","og_title":"Retooling e gest\u00e3o de processos digitais | Comau","og_description":"A Comau \u00e9 especialista em retooling digital e g\u00eameo digital para a gest\u00e3o e controle de sistemas de processamento. Saiba mais sobre assist\u00eancia industrial aqui.","og_url":"https:\/\/www.comau.com\/pt-br\/competencies\/products-solutions\/machining-system-products\/customer-services-and-digital-retooling\/","og_site_name":"Comau","article_publisher":"https:\/\/www.facebook.com\/COMAU\/","article_modified_time":"2022-02-08T09:24:30+00:00","og_image":[{"width":1280,"height":485,"url":"https:\/\/www.comau.com\/wp-content\/uploads\/2021\/06\/Canvas-interni-mano.jpg","type":"image\/jpeg"}],"twitter_card":"summary_large_image","twitter_site":"@comaugroup","twitter_misc":{"Est. tempo de leitura":"4 minutos"},"schema":{"@context":"https:\/\/schema.org","@graph":[{"@type":"WebPage","@id":"https:\/\/www.comau.com\/pt-br\/competencies\/products-solutions\/machining-system-products\/customer-services-and-digital-retooling\/","url":"https:\/\/www.comau.com\/pt-br\/competencies\/products-solutions\/machining-system-products\/customer-services-and-digital-retooling\/","name":"Retooling e gest\u00e3o de processos digitais | Comau","isPartOf":{"@id":"https:\/\/www.comau.com\/pt-br\/#website"},"primaryImageOfPage":{"@id":"https:\/\/www.comau.com\/pt-br\/competencies\/products-solutions\/machining-system-products\/customer-services-and-digital-retooling\/#primaryimage"},"image":{"@id":"https:\/\/www.comau.com\/pt-br\/competencies\/products-solutions\/machining-system-products\/customer-services-and-digital-retooling\/#primaryimage"},"thumbnailUrl":"https:\/\/www.comau.com\/wp-content\/uploads\/2021\/06\/Canvas-interni-mano.jpg","datePublished":"2021-06-08T09:29:58+00:00","dateModified":"2022-02-08T09:24:30+00:00","description":"A Comau \u00e9 especialista em retooling digital e g\u00eameo digital para a gest\u00e3o e controle de sistemas de processamento. Saiba mais sobre assist\u00eancia industrial aqui.","breadcrumb":{"@id":"https:\/\/www.comau.com\/pt-br\/competencies\/products-solutions\/machining-system-products\/customer-services-and-digital-retooling\/#breadcrumb"},"inLanguage":"pt-BR","potentialAction":[{"@type":"ReadAction","target":["https:\/\/www.comau.com\/pt-br\/competencies\/products-solutions\/machining-system-products\/customer-services-and-digital-retooling\/"]}]},{"@type":"ImageObject","inLanguage":"pt-BR","@id":"https:\/\/www.comau.com\/pt-br\/competencies\/products-solutions\/machining-system-products\/customer-services-and-digital-retooling\/#primaryimage","url":"https:\/\/www.comau.com\/wp-content\/uploads\/2021\/06\/Canvas-interni-mano.jpg","contentUrl":"https:\/\/www.comau.com\/wp-content\/uploads\/2021\/06\/Canvas-interni-mano.jpg","width":1280,"height":485},{"@type":"BreadcrumbList","@id":"https:\/\/www.comau.com\/pt-br\/competencies\/products-solutions\/machining-system-products\/customer-services-and-digital-retooling\/#breadcrumb","itemListElement":[{"@type":"ListItem","position":1,"name":"Home","item":"https:\/\/www.comau.com\/pt-br\/"},{"@type":"ListItem","position":2,"name":"Nossas Compet\u00eancias","item":"https:\/\/www.comau.com\/pt-br\/competencies\/"},{"@type":"ListItem","position":3,"name":"Powertrain &#038; Machining","item":"https:\/\/www.comau.com\/pt-br\/competencies\/powertrain-machining\/"},{"@type":"ListItem","position":4,"name":"Machining System &amp; Products","item":"https:\/\/www.comau.com\/pt-br\/competencies\/powertrain-machining\/machining-system-products\/"},{"@type":"ListItem","position":5,"name":"Servi\u00e7os ao cliente e retooling digital"}]},{"@type":"WebSite","@id":"https:\/\/www.comau.com\/pt-br\/#website","url":"https:\/\/www.comau.com\/pt-br\/","name":"Comau","description":"Industrial automation and robotics","publisher":{"@id":"https:\/\/www.comau.com\/pt-br\/#organization"},"potentialAction":[{"@type":"SearchAction","target":{"@type":"EntryPoint","urlTemplate":"https:\/\/www.comau.com\/pt-br\/?s={search_term_string}"},"query-input":{"@type":"PropertyValueSpecification","valueRequired":true,"valueName":"search_term_string"}}],"inLanguage":"pt-BR"},{"@type":"Organization","@id":"https:\/\/www.comau.com\/pt-br\/#organization","name":"Comau","url":"https:\/\/www.comau.com\/pt-br\/","logo":{"@type":"ImageObject","inLanguage":"pt-BR","@id":"https:\/\/www.comau.com\/pt-br\/#\/schema\/logo\/image\/","url":"https:\/\/www.comau.com\/wp-content\/uploads\/2024\/07\/cropped-Logo-COMAU.png","contentUrl":"https:\/\/www.comau.com\/wp-content\/uploads\/2024\/07\/cropped-Logo-COMAU.png","width":434,"height":434,"caption":"Comau"},"image":{"@id":"https:\/\/www.comau.com\/pt-br\/#\/schema\/logo\/image\/"},"sameAs":["https:\/\/www.facebook.com\/COMAU\/","https:\/\/x.com\/comaugroup","https:\/\/www.instagram.com\/comaugroup\/","https:\/\/www.linkedin.com\/company\/comau","https:\/\/www.youtube.com\/user\/comau"]}]}},"_links":{"self":[{"href":"https:\/\/www.comau.com\/pt-br\/wp-json\/wp\/v2\/pages\/23052","targetHints":{"allow":["GET"]}}],"collection":[{"href":"https:\/\/www.comau.com\/pt-br\/wp-json\/wp\/v2\/pages"}],"about":[{"href":"https:\/\/www.comau.com\/pt-br\/wp-json\/wp\/v2\/types\/page"}],"author":[{"embeddable":true,"href":"https:\/\/www.comau.com\/pt-br\/wp-json\/wp\/v2\/users\/11"}],"replies":[{"embeddable":true,"href":"https:\/\/www.comau.com\/pt-br\/wp-json\/wp\/v2\/comments?post=23052"}],"version-history":[{"count":90,"href":"https:\/\/www.comau.com\/pt-br\/wp-json\/wp\/v2\/pages\/23052\/revisions"}],"predecessor-version":[{"id":42143,"href":"https:\/\/www.comau.com\/pt-br\/wp-json\/wp\/v2\/pages\/23052\/revisions\/42143"}],"up":[{"embeddable":true,"href":"https:\/\/www.comau.com\/pt-br\/wp-json\/wp\/v2\/pages\/5838"}],"wp:featuredmedia":[{"embeddable":true,"href":"https:\/\/www.comau.com\/pt-br\/wp-json\/wp\/v2\/media\/5932"}],"wp:attachment":[{"href":"https:\/\/www.comau.com\/pt-br\/wp-json\/wp\/v2\/media?parent=23052"}],"curies":[{"name":"wp","href":"https:\/\/api.w.org\/{rel}","templated":true}]}}