{"id":22297,"date":"2021-06-08T14:51:32","date_gmt":"2021-06-08T12:51:32","guid":{"rendered":"https:\/\/www.comau.com\/?page_id=22297"},"modified":"2021-07-14T23:41:48","modified_gmt":"2021-07-14T21:41:48","slug":"teach-pendant","status":"publish","type":"page","link":"https:\/\/www.comau.com\/pt-br\/competencies\/products-solutions\/controls-auxiliary-equipment\/teach-pendant\/","title":{"rendered":"Teach pendant"},"content":{"rendered":"\n<p>Ergonomia aperfei\u00e7oada, redu\u00e7\u00e3o da fadiga do punho, facilidade de uso, peso reduzido, mobilidade aumentada. O poder est\u00e1 em suas m\u00e3os.<\/p>\n\n\n\n<div class=\"wp-block-getwid-images-slider has-arrows-inside has-dots-outside has-images-center has-cropped-images\"><div class=\"wp-block-getwid-images-slider__wrapper\" data-effect=\"slide\" data-slides-show=\"1\" data-slides-show-laptop=\"1\" data-slides-show-tablet=\"1\" data-slides-show-mobile=\"1\" data-slides-scroll=\"1\" data-autoplay=\"true\" data-autoplay-speed=\"6000\" data-infinite=\"true\" data-animation-speed=\"800\" data-center-mode=\"false\" data-variable-width=\"false\" data-arrows=\"inside\" data-dots=\"outside\" data-spacing=\"none\"><div class=\"wp-block-getwid-images-slider__item\"><figure><img decoding=\"async\" width=\"1179\" height=\"401\" src=\"https:\/\/www.comau.com\/wp-content\/uploads\/2021\/06\/TP5_1.jpg\" data-id=\"938\" data-link=\"https:\/\/www.comau.com\/competencies\/robotics-automation\/controls-auxiliary-equipment\/teach-pendant\/tp5_1\/\" data-original-link=\"https:\/\/www.comau.com\/wp-content\/uploads\/2021\/06\/TP5_1.jpg\" class=\"wp-block-getwid-images-slider__image wp-image-9912\" srcset=\"https:\/\/www.comau.com\/wp-content\/uploads\/2021\/06\/TP5_1.jpg 1179w, https:\/\/www.comau.com\/wp-content\/uploads\/2021\/06\/TP5_1-300x102.jpg 300w, https:\/\/www.comau.com\/wp-content\/uploads\/2021\/06\/TP5_1-1024x348.jpg 1024w, https:\/\/www.comau.com\/wp-content\/uploads\/2021\/06\/TP5_1-768x261.jpg 768w\" sizes=\"(max-width: 1179px) 100vw, 1179px\" \/><\/figure><\/div><div class=\"wp-block-getwid-images-slider__item\"><figure><img decoding=\"async\" width=\"1179\" height=\"401\" src=\"https:\/\/www.comau.com\/wp-content\/uploads\/2021\/06\/TP5_2.jpg\" data-id=\"939\" data-link=\"https:\/\/www.comau.com\/competencies\/robotics-automation\/controls-auxiliary-equipment\/teach-pendant\/tp5_2\/\" data-original-link=\"https:\/\/www.comau.com\/wp-content\/uploads\/2021\/06\/TP5_2.jpg\" class=\"wp-block-getwid-images-slider__image wp-image-9917\" srcset=\"https:\/\/www.comau.com\/wp-content\/uploads\/2021\/06\/TP5_2.jpg 1179w, https:\/\/www.comau.com\/wp-content\/uploads\/2021\/06\/TP5_2-300x102.jpg 300w, https:\/\/www.comau.com\/wp-content\/uploads\/2021\/06\/TP5_2-1024x348.jpg 1024w, https:\/\/www.comau.com\/wp-content\/uploads\/2021\/06\/TP5_2-768x261.jpg 768w\" sizes=\"(max-width: 1179px) 100vw, 1179px\" \/><\/figure><\/div><div class=\"wp-block-getwid-images-slider__item\"><figure><img decoding=\"async\" width=\"1179\" height=\"401\" src=\"https:\/\/www.comau.com\/wp-content\/uploads\/2021\/06\/TP5_4.jpg\" data-id=\"940\" data-link=\"https:\/\/www.comau.com\/competencies\/robotics-automation\/controls-auxiliary-equipment\/teach-pendant\/tp5_4\/\" data-original-link=\"https:\/\/www.comau.com\/wp-content\/uploads\/2021\/06\/TP5_4.jpg\" class=\"wp-block-getwid-images-slider__image wp-image-9922\" srcset=\"https:\/\/www.comau.com\/wp-content\/uploads\/2021\/06\/TP5_4.jpg 1179w, https:\/\/www.comau.com\/wp-content\/uploads\/2021\/06\/TP5_4-300x102.jpg 300w, https:\/\/www.comau.com\/wp-content\/uploads\/2021\/06\/TP5_4-1024x348.jpg 1024w, https:\/\/www.comau.com\/wp-content\/uploads\/2021\/06\/TP5_4-768x261.jpg 768w\" sizes=\"(max-width: 1179px) 100vw, 1179px\" \/><\/figure><\/div><div class=\"wp-block-getwid-images-slider__item\"><figure><img decoding=\"async\" width=\"1179\" height=\"401\" src=\"https:\/\/www.comau.com\/wp-content\/uploads\/2021\/06\/TP5_5.jpg\" data-id=\"941\" data-link=\"https:\/\/www.comau.com\/competencies\/robotics-automation\/controls-auxiliary-equipment\/teach-pendant\/tp5_5\/\" data-original-link=\"https:\/\/www.comau.com\/wp-content\/uploads\/2021\/06\/TP5_5.jpg\" class=\"wp-block-getwid-images-slider__image wp-image-9927\" srcset=\"https:\/\/www.comau.com\/wp-content\/uploads\/2021\/06\/TP5_5.jpg 1179w, https:\/\/www.comau.com\/wp-content\/uploads\/2021\/06\/TP5_5-300x102.jpg 300w, https:\/\/www.comau.com\/wp-content\/uploads\/2021\/06\/TP5_5-1024x348.jpg 1024w, https:\/\/www.comau.com\/wp-content\/uploads\/2021\/06\/TP5_5-768x261.jpg 768w\" sizes=\"(max-width: 1179px) 100vw, 1179px\" \/><\/figure><\/div><\/div><\/div>\n\n\n\n<h2 class=\"wp-block-heading\">Estojo e cabo<\/h2>\n\n\n\n<ul class=\"wp-block-list\"><li>Projeto intensivo e aten\u00e7\u00e3o aos detalhes para garantir ergonomia aperfei\u00e7oada<\/li><li>Chaves habilitadoras na traseira reduzem a fadiga do pulso e asseguram facilidade de uso da \u00e1rea do teclado central<\/li><li>Pode ser manuseado mais facilmente e de m\u00faltiplas maneiras para reduzir a fadiga do operador no trabalho<\/li><li>Leve e com \u00f3tima capacidade de manobra<\/li><li>A pr\u00e1tica al\u00e7a superior proporciona maior mobilidade e possibilita que o TP fique suspenso mesmo quando longe do controlador<\/li><\/ul>\n\n\n\n<h2 class=\"wp-block-heading\">Um ar de fam\u00edlia<\/h2>\n\n\n\n<ul class=\"wp-block-list\"><li>A facilidade de uso permite que o operador aprenda rapidamente por meio de uma \u201cevolu\u00e7\u00e3o natural\u201d no que se refere a vers\u00f5es anteriores<\/li><li>Total compatibilidade com aplicativos existentes que foram desenvolvidos por clientes para a plataforma C5G<\/li><\/ul>\n\n\n\n<h2 class=\"wp-block-heading\">Arquitetura de Hardware e Software<\/h2>\n\n\n\n<ul class=\"wp-block-list\"><li>Interface gr\u00e1fica aprimorada para uso mais intuitivo <\/li><li>Porta USB mais r\u00e1pida <\/li><\/ul>\n\n\n\n<h2 class=\"wp-block-heading\">Visor e teclado<\/h2>\n\n\n\n<ul class=\"wp-block-list\"><li>Ampla tela touchscreen de 7\u201d  permite intera\u00e7ao simplificada e r\u00e1pida<\/li><li>Opera\u00e7\u00f5es otimizadas, at\u00e9 mesmo ao utilizar apenas  o teclado, para melhorar o uso em ambientes dif\u00edceis  de produ\u00e7\u00e3o <\/li><li>Teclado simplificado projetado para localizar as teclas  mais facilmente durante a fase de programa\u00e7\u00e3o, gra\u00e7as a refer\u00eancias t\u00e1ticas especiais na membrana<\/li><li>Resposta aperfei\u00e7oada do teclado quando os bot\u00f5es s\u00e3o pressionados <\/li><\/ul>\n","protected":false},"excerpt":{"rendered":"<p>Ergonomia aperfei\u00e7oada, redu\u00e7\u00e3o da fadiga do punho, facilidade de uso, peso reduzido, mobilidade aumentada. O poder est\u00e1 em suas m\u00e3os. Estojo e cabo Projeto intensivo e aten\u00e7\u00e3o aos detalhes para garantir ergonomia aperfei\u00e7oada Chaves habilitadoras na traseira reduzem a fadiga do pulso e asseguram facilidade de uso da \u00e1rea do teclado central Pode ser manuseado [&hellip;]<\/p>\n","protected":false},"author":11,"featured_media":6041,"parent":5979,"menu_order":4,"comment_status":"closed","ping_status":"closed","template":"","meta":{"_acf_changed":false,"ep_exclude_from_search":false,"footnotes":""},"class_list":["post-22297","page","type-page","status-publish","has-post-thumbnail","hentry"],"acf":[],"yoast_head":"<!-- This site is optimized with the Yoast SEO plugin v26.9 - https:\/\/yoast.com\/product\/yoast-seo-wordpress\/ -->\n<title>Teach pendant - Comau<\/title>\n<meta name=\"robots\" content=\"index, follow, max-snippet:-1, max-image-preview:large, max-video-preview:-1\" \/>\n<link rel=\"canonical\" href=\"https:\/\/www.comau.com\/pt-br\/competencies\/products-solutions\/controls-auxiliary-equipment\/teach-pendant\/\" \/>\n<meta property=\"og:locale\" content=\"pt_BR\" \/>\n<meta property=\"og:type\" content=\"article\" \/>\n<meta property=\"og:title\" content=\"Teach pendant - Comau\" \/>\n<meta property=\"og:description\" content=\"Ergonomia aperfei\u00e7oada, redu\u00e7\u00e3o da fadiga do punho, facilidade de uso, peso reduzido, mobilidade aumentada. O poder est\u00e1 em suas m\u00e3os. Estojo e cabo Projeto intensivo e aten\u00e7\u00e3o aos detalhes para garantir ergonomia aperfei\u00e7oada Chaves habilitadoras na traseira reduzem a fadiga do pulso e asseguram facilidade de uso da \u00e1rea do teclado central Pode ser manuseado [&hellip;]\" \/>\n<meta property=\"og:url\" content=\"https:\/\/www.comau.com\/pt-br\/competencies\/products-solutions\/controls-auxiliary-equipment\/teach-pendant\/\" \/>\n<meta property=\"og:site_name\" content=\"Comau\" \/>\n<meta property=\"article:publisher\" content=\"https:\/\/www.facebook.com\/COMAU\/\" \/>\n<meta property=\"article:modified_time\" content=\"2021-07-14T21:41:48+00:00\" \/>\n<meta property=\"og:image\" content=\"https:\/\/www.comau.com\/wp-content\/uploads\/2021\/06\/tech-pendant_header.jpg\" \/>\n\t<meta property=\"og:image:width\" content=\"1280\" \/>\n\t<meta property=\"og:image:height\" content=\"485\" \/>\n\t<meta property=\"og:image:type\" content=\"image\/jpeg\" \/>\n<meta name=\"twitter:card\" content=\"summary_large_image\" \/>\n<meta name=\"twitter:site\" content=\"@comaugroup\" \/>\n<meta name=\"twitter:label1\" content=\"Est. tempo de leitura\" \/>\n\t<meta name=\"twitter:data1\" content=\"2 minutos\" \/>\n<script type=\"application\/ld+json\" class=\"yoast-schema-graph\">{\"@context\":\"https:\/\/schema.org\",\"@graph\":[{\"@type\":\"WebPage\",\"@id\":\"https:\/\/www.comau.com\/pt-br\/competencies\/products-solutions\/controls-auxiliary-equipment\/teach-pendant\/\",\"url\":\"https:\/\/www.comau.com\/pt-br\/competencies\/products-solutions\/controls-auxiliary-equipment\/teach-pendant\/\",\"name\":\"Teach pendant - Comau\",\"isPartOf\":{\"@id\":\"https:\/\/www.comau.com\/pt-br\/#website\"},\"primaryImageOfPage\":{\"@id\":\"https:\/\/www.comau.com\/pt-br\/competencies\/products-solutions\/controls-auxiliary-equipment\/teach-pendant\/#primaryimage\"},\"image\":{\"@id\":\"https:\/\/www.comau.com\/pt-br\/competencies\/products-solutions\/controls-auxiliary-equipment\/teach-pendant\/#primaryimage\"},\"thumbnailUrl\":\"https:\/\/www.comau.com\/wp-content\/uploads\/2021\/06\/tech-pendant_header.jpg\",\"datePublished\":\"2021-06-08T12:51:32+00:00\",\"dateModified\":\"2021-07-14T21:41:48+00:00\",\"breadcrumb\":{\"@id\":\"https:\/\/www.comau.com\/pt-br\/competencies\/products-solutions\/controls-auxiliary-equipment\/teach-pendant\/#breadcrumb\"},\"inLanguage\":\"pt-BR\",\"potentialAction\":[{\"@type\":\"ReadAction\",\"target\":[\"https:\/\/www.comau.com\/pt-br\/competencies\/products-solutions\/controls-auxiliary-equipment\/teach-pendant\/\"]}]},{\"@type\":\"ImageObject\",\"inLanguage\":\"pt-BR\",\"@id\":\"https:\/\/www.comau.com\/pt-br\/competencies\/products-solutions\/controls-auxiliary-equipment\/teach-pendant\/#primaryimage\",\"url\":\"https:\/\/www.comau.com\/wp-content\/uploads\/2021\/06\/tech-pendant_header.jpg\",\"contentUrl\":\"https:\/\/www.comau.com\/wp-content\/uploads\/2021\/06\/tech-pendant_header.jpg\",\"width\":1280,\"height\":485},{\"@type\":\"BreadcrumbList\",\"@id\":\"https:\/\/www.comau.com\/pt-br\/competencies\/products-solutions\/controls-auxiliary-equipment\/teach-pendant\/#breadcrumb\",\"itemListElement\":[{\"@type\":\"ListItem\",\"position\":1,\"name\":\"Home\",\"item\":\"https:\/\/www.comau.com\/pt-br\/\"},{\"@type\":\"ListItem\",\"position\":2,\"name\":\"Nossas Compet\u00eancias\",\"item\":\"https:\/\/www.comau.com\/pt-br\/competencies\/\"},{\"@type\":\"ListItem\",\"position\":3,\"name\":\"Robotics &amp; Automation\",\"item\":\"https:\/\/www.comau.com\/pt-br\/competencies\/robotics-automation\/\"},{\"@type\":\"ListItem\",\"position\":4,\"name\":\"Controls e Equipamentos auxiliaries\",\"item\":\"https:\/\/www.comau.com\/pt-br\/competencies\/robotics-automation\/controls-auxiliary-equipment\/\"},{\"@type\":\"ListItem\",\"position\":5,\"name\":\"Teach pendant\"}]},{\"@type\":\"WebSite\",\"@id\":\"https:\/\/www.comau.com\/pt-br\/#website\",\"url\":\"https:\/\/www.comau.com\/pt-br\/\",\"name\":\"Comau\",\"description\":\"Industrial automation and robotics\",\"publisher\":{\"@id\":\"https:\/\/www.comau.com\/pt-br\/#organization\"},\"potentialAction\":[{\"@type\":\"SearchAction\",\"target\":{\"@type\":\"EntryPoint\",\"urlTemplate\":\"https:\/\/www.comau.com\/pt-br\/?s={search_term_string}\"},\"query-input\":{\"@type\":\"PropertyValueSpecification\",\"valueRequired\":true,\"valueName\":\"search_term_string\"}}],\"inLanguage\":\"pt-BR\"},{\"@type\":\"Organization\",\"@id\":\"https:\/\/www.comau.com\/pt-br\/#organization\",\"name\":\"Comau\",\"url\":\"https:\/\/www.comau.com\/pt-br\/\",\"logo\":{\"@type\":\"ImageObject\",\"inLanguage\":\"pt-BR\",\"@id\":\"https:\/\/www.comau.com\/pt-br\/#\/schema\/logo\/image\/\",\"url\":\"https:\/\/www.comau.com\/wp-content\/uploads\/2024\/07\/cropped-Logo-COMAU.png\",\"contentUrl\":\"https:\/\/www.comau.com\/wp-content\/uploads\/2024\/07\/cropped-Logo-COMAU.png\",\"width\":434,\"height\":434,\"caption\":\"Comau\"},\"image\":{\"@id\":\"https:\/\/www.comau.com\/pt-br\/#\/schema\/logo\/image\/\"},\"sameAs\":[\"https:\/\/www.facebook.com\/COMAU\/\",\"https:\/\/x.com\/comaugroup\",\"https:\/\/www.instagram.com\/comaugroup\/\",\"https:\/\/www.linkedin.com\/company\/comau\",\"https:\/\/www.youtube.com\/user\/comau\"]}]}<\/script>\n<!-- \/ Yoast SEO plugin. -->","yoast_head_json":{"title":"Teach pendant - Comau","robots":{"index":"index","follow":"follow","max-snippet":"max-snippet:-1","max-image-preview":"max-image-preview:large","max-video-preview":"max-video-preview:-1"},"canonical":"https:\/\/www.comau.com\/pt-br\/competencies\/products-solutions\/controls-auxiliary-equipment\/teach-pendant\/","og_locale":"pt_BR","og_type":"article","og_title":"Teach pendant - Comau","og_description":"Ergonomia aperfei\u00e7oada, redu\u00e7\u00e3o da fadiga do punho, facilidade de uso, peso reduzido, mobilidade aumentada. O poder est\u00e1 em suas m\u00e3os. Estojo e cabo Projeto intensivo e aten\u00e7\u00e3o aos detalhes para garantir ergonomia aperfei\u00e7oada Chaves habilitadoras na traseira reduzem a fadiga do pulso e asseguram facilidade de uso da \u00e1rea do teclado central Pode ser manuseado [&hellip;]","og_url":"https:\/\/www.comau.com\/pt-br\/competencies\/products-solutions\/controls-auxiliary-equipment\/teach-pendant\/","og_site_name":"Comau","article_publisher":"https:\/\/www.facebook.com\/COMAU\/","article_modified_time":"2021-07-14T21:41:48+00:00","og_image":[{"width":1280,"height":485,"url":"https:\/\/www.comau.com\/wp-content\/uploads\/2021\/06\/tech-pendant_header.jpg","type":"image\/jpeg"}],"twitter_card":"summary_large_image","twitter_site":"@comaugroup","twitter_misc":{"Est. tempo de leitura":"2 minutos"},"schema":{"@context":"https:\/\/schema.org","@graph":[{"@type":"WebPage","@id":"https:\/\/www.comau.com\/pt-br\/competencies\/products-solutions\/controls-auxiliary-equipment\/teach-pendant\/","url":"https:\/\/www.comau.com\/pt-br\/competencies\/products-solutions\/controls-auxiliary-equipment\/teach-pendant\/","name":"Teach pendant - Comau","isPartOf":{"@id":"https:\/\/www.comau.com\/pt-br\/#website"},"primaryImageOfPage":{"@id":"https:\/\/www.comau.com\/pt-br\/competencies\/products-solutions\/controls-auxiliary-equipment\/teach-pendant\/#primaryimage"},"image":{"@id":"https:\/\/www.comau.com\/pt-br\/competencies\/products-solutions\/controls-auxiliary-equipment\/teach-pendant\/#primaryimage"},"thumbnailUrl":"https:\/\/www.comau.com\/wp-content\/uploads\/2021\/06\/tech-pendant_header.jpg","datePublished":"2021-06-08T12:51:32+00:00","dateModified":"2021-07-14T21:41:48+00:00","breadcrumb":{"@id":"https:\/\/www.comau.com\/pt-br\/competencies\/products-solutions\/controls-auxiliary-equipment\/teach-pendant\/#breadcrumb"},"inLanguage":"pt-BR","potentialAction":[{"@type":"ReadAction","target":["https:\/\/www.comau.com\/pt-br\/competencies\/products-solutions\/controls-auxiliary-equipment\/teach-pendant\/"]}]},{"@type":"ImageObject","inLanguage":"pt-BR","@id":"https:\/\/www.comau.com\/pt-br\/competencies\/products-solutions\/controls-auxiliary-equipment\/teach-pendant\/#primaryimage","url":"https:\/\/www.comau.com\/wp-content\/uploads\/2021\/06\/tech-pendant_header.jpg","contentUrl":"https:\/\/www.comau.com\/wp-content\/uploads\/2021\/06\/tech-pendant_header.jpg","width":1280,"height":485},{"@type":"BreadcrumbList","@id":"https:\/\/www.comau.com\/pt-br\/competencies\/products-solutions\/controls-auxiliary-equipment\/teach-pendant\/#breadcrumb","itemListElement":[{"@type":"ListItem","position":1,"name":"Home","item":"https:\/\/www.comau.com\/pt-br\/"},{"@type":"ListItem","position":2,"name":"Nossas Compet\u00eancias","item":"https:\/\/www.comau.com\/pt-br\/competencies\/"},{"@type":"ListItem","position":3,"name":"Robotics &amp; Automation","item":"https:\/\/www.comau.com\/pt-br\/competencies\/robotics-automation\/"},{"@type":"ListItem","position":4,"name":"Controls e Equipamentos auxiliaries","item":"https:\/\/www.comau.com\/pt-br\/competencies\/robotics-automation\/controls-auxiliary-equipment\/"},{"@type":"ListItem","position":5,"name":"Teach pendant"}]},{"@type":"WebSite","@id":"https:\/\/www.comau.com\/pt-br\/#website","url":"https:\/\/www.comau.com\/pt-br\/","name":"Comau","description":"Industrial automation and robotics","publisher":{"@id":"https:\/\/www.comau.com\/pt-br\/#organization"},"potentialAction":[{"@type":"SearchAction","target":{"@type":"EntryPoint","urlTemplate":"https:\/\/www.comau.com\/pt-br\/?s={search_term_string}"},"query-input":{"@type":"PropertyValueSpecification","valueRequired":true,"valueName":"search_term_string"}}],"inLanguage":"pt-BR"},{"@type":"Organization","@id":"https:\/\/www.comau.com\/pt-br\/#organization","name":"Comau","url":"https:\/\/www.comau.com\/pt-br\/","logo":{"@type":"ImageObject","inLanguage":"pt-BR","@id":"https:\/\/www.comau.com\/pt-br\/#\/schema\/logo\/image\/","url":"https:\/\/www.comau.com\/wp-content\/uploads\/2024\/07\/cropped-Logo-COMAU.png","contentUrl":"https:\/\/www.comau.com\/wp-content\/uploads\/2024\/07\/cropped-Logo-COMAU.png","width":434,"height":434,"caption":"Comau"},"image":{"@id":"https:\/\/www.comau.com\/pt-br\/#\/schema\/logo\/image\/"},"sameAs":["https:\/\/www.facebook.com\/COMAU\/","https:\/\/x.com\/comaugroup","https:\/\/www.instagram.com\/comaugroup\/","https:\/\/www.linkedin.com\/company\/comau","https:\/\/www.youtube.com\/user\/comau"]}]}},"_links":{"self":[{"href":"https:\/\/www.comau.com\/pt-br\/wp-json\/wp\/v2\/pages\/22297","targetHints":{"allow":["GET"]}}],"collection":[{"href":"https:\/\/www.comau.com\/pt-br\/wp-json\/wp\/v2\/pages"}],"about":[{"href":"https:\/\/www.comau.com\/pt-br\/wp-json\/wp\/v2\/types\/page"}],"author":[{"embeddable":true,"href":"https:\/\/www.comau.com\/pt-br\/wp-json\/wp\/v2\/users\/11"}],"replies":[{"embeddable":true,"href":"https:\/\/www.comau.com\/pt-br\/wp-json\/wp\/v2\/comments?post=22297"}],"version-history":[{"count":21,"href":"https:\/\/www.comau.com\/pt-br\/wp-json\/wp\/v2\/pages\/22297\/revisions"}],"predecessor-version":[{"id":22745,"href":"https:\/\/www.comau.com\/pt-br\/wp-json\/wp\/v2\/pages\/22297\/revisions\/22745"}],"up":[{"embeddable":true,"href":"https:\/\/www.comau.com\/pt-br\/wp-json\/wp\/v2\/pages\/5979"}],"wp:featuredmedia":[{"embeddable":true,"href":"https:\/\/www.comau.com\/pt-br\/wp-json\/wp\/v2\/media\/6041"}],"wp:attachment":[{"href":"https:\/\/www.comau.com\/pt-br\/wp-json\/wp\/v2\/media?parent=22297"}],"curies":[{"name":"wp","href":"https:\/\/api.w.org\/{rel}","templated":true}]}}