{"id":22287,"date":"2021-06-08T18:15:41","date_gmt":"2021-06-08T16:15:41","guid":{"rendered":"https:\/\/www.comau.com\/?page_id=22287"},"modified":"2021-07-22T00:53:50","modified_gmt":"2021-07-21T22:53:50","slug":"r1c","status":"publish","type":"page","link":"https:\/\/www.comau.com\/pt-br\/competencies\/products-solutions\/controls-auxiliary-equipment\/r1c\/","title":{"rendered":"R1C"},"content":{"rendered":"\n<p>R1C \u00e9 a nova unidade de controle industrial de prateleira de 19\u201d, projetada para gest\u00e3o simplificada, eficiente e multifuncional dos menores Rob\u00f4s Comau.<\/p>\n\n<h2 class=\"wp-block-heading\">A Unidade de Controle R1C:<\/h2>\n\n<ul class=\"wp-block-list\"><li>Foi projetada e produzida de modo a permitir a instala\u00e7\u00e3o dentro de um gabinete de prateleira padr\u00e3o<\/li><li>Funciona com voltagem de 230 Vac<\/li><li>Controla at\u00e9 6 eixos, equipada com motores s\u00edncronos sem escovas e codificador de Alta Resolu\u00e7\u00e3o.<\/li><li>Possui interface com o Field bus comum e protocolos de comunica\u00e7\u00e3o. Pode tornar-se n\u00f3 de rede Ethernet para facilitar atualiza\u00e7\u00f5es remotas e diagn\u00f3sticos.<\/li><li>Program\u00e1vel atrav\u00e9s de software e pelo Comau Teach Pendant (console de instru\u00e7\u00f5es)<\/li><\/ul>\n\n<h2 class=\"wp-block-heading\">Especifica\u00e7\u00f5es t\u00e9cnicas<\/h2>\n\n<figure class=\"wp-block-table is-style-stripes\"><table class=\"has-fixed-layout\"><tbody><tr><td><strong>Altura x largura x profundidade (vers\u00e3o b\u00e1sica sem opcionais)<\/strong><\/td><td>266 x 427 x 498 mm 10.47 x 16.81 x 19.60 in<\/td><\/tr><\/tbody><\/table><figcaption>Dimens\u00f5es<\/figcaption><\/figure>\n\n<figure class=\"wp-block-table is-style-stripes\"><table class=\"has-fixed-layout\"><tbody><tr><td><strong>Unidade de controle (vers\u00e3o padr\u00e3o) O peso especificado pode mudar, dependendo da configura\u00e7\u00e3o, particularmente quando se refere \u00e0 vers\u00e3o que apresenta Caixa de Aplica\u00e7\u00e3o e autotransformador. Consulte sempre a placa afixada na Unidade de Controle<\/strong><\/td><td>23 kg \/ 50 lb without packaging<\/td><\/tr><\/tbody><\/table><figcaption>Peso<\/figcaption><\/figure>\n\n<figure class=\"wp-block-table is-style-stripes\"><table class=\"has-fixed-layout\"><tbody><tr><td><strong>Voltagem de suprimento de energia (de acordo com o padr\u00e3o EN 60204-1 \u00a7 4.3.3, interrup\u00e7\u00e3o de voltagem n\u00e3o excedendo 20 ms)<\/strong><\/td><td>230 Vac \u00b1 10%<\/td><\/tr><tr><td><strong>Frequ\u00eancia (de acordo com o padr\u00e3o EN 60204-1 \u00a7 4.3.3)<\/strong><\/td><td>50 to 60 Hz (\u00b12 Hz)<\/td><\/tr><tr><td><strong>Alimenta\u00e7\u00e3o do interruptor principal<\/strong><\/td><td>16 A to 250 Vac<br\/>Note: the supply disconnecting device is a switch-disconnector<\/td><\/tr><tr><td><strong>Energia instalada<\/strong><\/td><td>3 KW<\/td><\/tr><tr><td><strong>Energia dos circuitos auxiliares<\/strong><\/td><td>24 Vdc<\/td><\/tr><\/tbody><\/table><figcaption>Dados de suprimento de energia<\/figcaption><\/figure>\n\n<figure class=\"wp-block-table is-style-stripes\"><table class=\"has-fixed-layout\"><tbody><tr><td><strong>Prote\u00e7\u00e3o do gabinete (de acordo com o padr\u00e3o da EN 60529)<\/strong><\/td><td>IP 2x<\/td><\/tr><tr><td><strong>Temperatura ambiente sem sistemas de arrefecimento (condi\u00e7\u00f5es de teste de acordo com o padr\u00e3o EN60068-2-14)<\/strong><\/td><td>from +5 \u00b0C to +45 \u00b0C from +41 \u00b0F to 113 \u00b0F<\/td><\/tr><tr><td><strong>Temperatura ambiente de armazenamento (de acordo com o padr\u00e3o EN60204-1 \u00a7 4.5)<\/strong><\/td><td>from -25 \u00b0C to +55 \u00b0C from -13 \u00b0F to 131 \u00b0F +70 \u00b0C \/ 158 \u00b0F for periods shorter than one hour.<\/td><\/tr><tr><td><strong>Gradiente m\u00e1ximo de temperatura<\/strong><\/td><td>1,5 \u00b0C\/minute 2,7 \u00b0F\/minute<\/td><\/tr><tr><td><strong>Unidade relative (de acordo com EN60204-1 \u00a7 4.4.4, condi\u00e7\u00f5es de teste HD 323.2.3 S2)<\/strong><\/td><td>from 5% to 95% without condensate<\/td><\/tr><tr><td><strong>Altitude do local da instala\u00e7\u00e3o (de acordo com o padr\u00e3o EN60204-1 \u00a7 4.4.5)<\/strong><\/td><td>from 0 to 1.000 m \/ 0 to 3280 ft above sea level<\/td><\/tr><\/tbody><\/table><figcaption>Condi\u00e7\u00f5es ambientais<\/figcaption><\/figure>\n\n<figure class=\"wp-block-table is-style-stripes\"><table class=\"has-fixed-layout\"><tbody><tr><td><strong>Total para o sistema<\/strong><\/td><td>up to 6 axes<\/td><\/tr><\/tbody><\/table><figcaption>Eixos control\u00e1veis<\/figcaption><\/figure>\n\n<figure class=\"wp-block-table is-style-stripes\"><table class=\"has-fixed-layout\"><tbody><tr><td><strong>Cabine<\/strong><\/td><td>Forced air recirculation (with exhaust fan)<\/td><\/tr><tr><td><strong>Cabine sem op\u00e7\u00f5es de arrefecimento<\/strong><\/td><td>Recircula\u00e7\u00e3o for\u00e7ada do ar<\/td><\/tr><\/tbody><\/table><figcaption>Arrefecimento<\/figcaption><\/figure>\n\n<figure class=\"wp-block-table is-style-stripes\"><table class=\"has-fixed-layout\"><tbody><tr><td><strong>Vibra\u00e7\u00e3o sine (de acordo com o padr\u00e3o EN60068-2-64)<\/strong><\/td><td>Frequ\u00eancia 10 &#8211; 250 Hz 0.6 g rms acelera\u00e7\u00e3o eixo Z 0.2 g rms acelera\u00e7\u00e3o eixos X-Y<\/td><\/tr><\/tbody><\/table><figcaption>Vibra\u00e7\u00f5es e choque durante o transporte<\/figcaption><\/figure>\n\n<figure class=\"wp-block-table is-style-stripes\"><table class=\"has-fixed-layout\"><tbody><tr><td><strong>Posi\u00e7\u00e3o de instala\u00e7\u00e3o<\/strong><\/td><td>Inside the RACK cabinet<\/td><\/tr><tr><td><strong>Dimens\u00f5es internas m\u00ednimas do gabinete de prateleira (largura x profundidade x altura)<\/strong><\/td><td>483 x 600 x 265.9 mm 19 x 23.62 x 10.47 in<\/td><\/tr><tr><td><strong>Espa\u00e7o ocupado no gabinete de prateleira<\/strong><\/td><td>6 Units<\/td><\/tr><tr><td><strong>N\u00famero de Unidades de prateleira a serem colocadas entre 2 Unidades de Controle, em caso de instala\u00e7\u00e3o simult\u00e2nea no mesmo gabinete<\/strong><\/td><td>Minimum 1 Unit<\/td><\/tr><\/tbody><\/table><figcaption>Requisitos de instala\u00e7\u00e3o<\/figcaption><\/figure>\n","protected":false},"excerpt":{"rendered":"<p>R1C \u00e9 a nova unidade de controle industrial de prateleira de 19\u201d, projetada para gest\u00e3o simplificada, eficiente e multifuncional dos menores Rob\u00f4s Comau. A Unidade de Controle R1C: Foi projetada e produzida de modo a permitir a instala\u00e7\u00e3o dentro de um gabinete de prateleira padr\u00e3o Funciona com voltagem de 230 Vac Controla at\u00e9 6 eixos, [&hellip;]<\/p>\n","protected":false},"author":11,"featured_media":6040,"parent":5979,"menu_order":2,"comment_status":"closed","ping_status":"closed","template":"","meta":{"_acf_changed":false,"ep_exclude_from_search":false,"footnotes":""},"class_list":["post-22287","page","type-page","status-publish","has-post-thumbnail","hentry"],"acf":[],"yoast_head":"<!-- This site is optimized with the Yoast SEO plugin v26.9 - https:\/\/yoast.com\/product\/yoast-seo-wordpress\/ -->\n<title>R1C - Comau<\/title>\n<meta name=\"robots\" content=\"index, follow, max-snippet:-1, max-image-preview:large, max-video-preview:-1\" \/>\n<link rel=\"canonical\" href=\"https:\/\/www.comau.com\/pt-br\/competencies\/products-solutions\/controls-auxiliary-equipment\/r1c\/\" \/>\n<meta property=\"og:locale\" content=\"pt_BR\" \/>\n<meta property=\"og:type\" content=\"article\" \/>\n<meta property=\"og:title\" content=\"R1C - Comau\" \/>\n<meta property=\"og:description\" content=\"R1C \u00e9 a nova unidade de controle industrial de prateleira de 19\u201d, projetada para gest\u00e3o simplificada, eficiente e multifuncional dos menores Rob\u00f4s Comau. A Unidade de Controle R1C: Foi projetada e produzida de modo a permitir a instala\u00e7\u00e3o dentro de um gabinete de prateleira padr\u00e3o Funciona com voltagem de 230 Vac Controla at\u00e9 6 eixos, [&hellip;]\" \/>\n<meta property=\"og:url\" content=\"https:\/\/www.comau.com\/pt-br\/competencies\/products-solutions\/controls-auxiliary-equipment\/r1c\/\" \/>\n<meta property=\"og:site_name\" content=\"Comau\" \/>\n<meta property=\"article:publisher\" content=\"https:\/\/www.facebook.com\/COMAU\/\" \/>\n<meta property=\"article:modified_time\" content=\"2021-07-21T22:53:50+00:00\" \/>\n<meta property=\"og:image\" content=\"https:\/\/www.comau.com\/wp-content\/uploads\/2021\/06\/R1C_header.jpg\" \/>\n\t<meta property=\"og:image:width\" content=\"1280\" \/>\n\t<meta property=\"og:image:height\" content=\"485\" \/>\n\t<meta property=\"og:image:type\" content=\"image\/jpeg\" \/>\n<meta name=\"twitter:card\" content=\"summary_large_image\" \/>\n<meta name=\"twitter:site\" content=\"@comaugroup\" \/>\n<meta name=\"twitter:label1\" content=\"Est. tempo de leitura\" \/>\n\t<meta name=\"twitter:data1\" content=\"2 minutos\" \/>\n<script type=\"application\/ld+json\" class=\"yoast-schema-graph\">{\"@context\":\"https:\/\/schema.org\",\"@graph\":[{\"@type\":\"WebPage\",\"@id\":\"https:\/\/www.comau.com\/pt-br\/competencies\/products-solutions\/controls-auxiliary-equipment\/r1c\/\",\"url\":\"https:\/\/www.comau.com\/pt-br\/competencies\/products-solutions\/controls-auxiliary-equipment\/r1c\/\",\"name\":\"R1C - Comau\",\"isPartOf\":{\"@id\":\"https:\/\/www.comau.com\/pt-br\/#website\"},\"primaryImageOfPage\":{\"@id\":\"https:\/\/www.comau.com\/pt-br\/competencies\/products-solutions\/controls-auxiliary-equipment\/r1c\/#primaryimage\"},\"image\":{\"@id\":\"https:\/\/www.comau.com\/pt-br\/competencies\/products-solutions\/controls-auxiliary-equipment\/r1c\/#primaryimage\"},\"thumbnailUrl\":\"https:\/\/www.comau.com\/wp-content\/uploads\/2021\/06\/R1C_header.jpg\",\"datePublished\":\"2021-06-08T16:15:41+00:00\",\"dateModified\":\"2021-07-21T22:53:50+00:00\",\"breadcrumb\":{\"@id\":\"https:\/\/www.comau.com\/pt-br\/competencies\/products-solutions\/controls-auxiliary-equipment\/r1c\/#breadcrumb\"},\"inLanguage\":\"pt-BR\",\"potentialAction\":[{\"@type\":\"ReadAction\",\"target\":[\"https:\/\/www.comau.com\/pt-br\/competencies\/products-solutions\/controls-auxiliary-equipment\/r1c\/\"]}]},{\"@type\":\"ImageObject\",\"inLanguage\":\"pt-BR\",\"@id\":\"https:\/\/www.comau.com\/pt-br\/competencies\/products-solutions\/controls-auxiliary-equipment\/r1c\/#primaryimage\",\"url\":\"https:\/\/www.comau.com\/wp-content\/uploads\/2021\/06\/R1C_header.jpg\",\"contentUrl\":\"https:\/\/www.comau.com\/wp-content\/uploads\/2021\/06\/R1C_header.jpg\",\"width\":1280,\"height\":485},{\"@type\":\"BreadcrumbList\",\"@id\":\"https:\/\/www.comau.com\/pt-br\/competencies\/products-solutions\/controls-auxiliary-equipment\/r1c\/#breadcrumb\",\"itemListElement\":[{\"@type\":\"ListItem\",\"position\":1,\"name\":\"Home\",\"item\":\"https:\/\/www.comau.com\/pt-br\/\"},{\"@type\":\"ListItem\",\"position\":2,\"name\":\"Nossas Compet\u00eancias\",\"item\":\"https:\/\/www.comau.com\/pt-br\/competencies\/\"},{\"@type\":\"ListItem\",\"position\":3,\"name\":\"Robotics &amp; Automation\",\"item\":\"https:\/\/www.comau.com\/pt-br\/competencies\/robotics-automation\/\"},{\"@type\":\"ListItem\",\"position\":4,\"name\":\"Controls e Equipamentos auxiliaries\",\"item\":\"https:\/\/www.comau.com\/pt-br\/competencies\/robotics-automation\/controls-auxiliary-equipment\/\"},{\"@type\":\"ListItem\",\"position\":5,\"name\":\"R1C\"}]},{\"@type\":\"WebSite\",\"@id\":\"https:\/\/www.comau.com\/pt-br\/#website\",\"url\":\"https:\/\/www.comau.com\/pt-br\/\",\"name\":\"Comau\",\"description\":\"Industrial automation and robotics\",\"publisher\":{\"@id\":\"https:\/\/www.comau.com\/pt-br\/#organization\"},\"potentialAction\":[{\"@type\":\"SearchAction\",\"target\":{\"@type\":\"EntryPoint\",\"urlTemplate\":\"https:\/\/www.comau.com\/pt-br\/?s={search_term_string}\"},\"query-input\":{\"@type\":\"PropertyValueSpecification\",\"valueRequired\":true,\"valueName\":\"search_term_string\"}}],\"inLanguage\":\"pt-BR\"},{\"@type\":\"Organization\",\"@id\":\"https:\/\/www.comau.com\/pt-br\/#organization\",\"name\":\"Comau\",\"url\":\"https:\/\/www.comau.com\/pt-br\/\",\"logo\":{\"@type\":\"ImageObject\",\"inLanguage\":\"pt-BR\",\"@id\":\"https:\/\/www.comau.com\/pt-br\/#\/schema\/logo\/image\/\",\"url\":\"https:\/\/www.comau.com\/wp-content\/uploads\/2024\/07\/cropped-Logo-COMAU.png\",\"contentUrl\":\"https:\/\/www.comau.com\/wp-content\/uploads\/2024\/07\/cropped-Logo-COMAU.png\",\"width\":434,\"height\":434,\"caption\":\"Comau\"},\"image\":{\"@id\":\"https:\/\/www.comau.com\/pt-br\/#\/schema\/logo\/image\/\"},\"sameAs\":[\"https:\/\/www.facebook.com\/COMAU\/\",\"https:\/\/x.com\/comaugroup\",\"https:\/\/www.instagram.com\/comaugroup\/\",\"https:\/\/www.linkedin.com\/company\/comau\",\"https:\/\/www.youtube.com\/user\/comau\"]}]}<\/script>\n<!-- \/ Yoast SEO plugin. -->","yoast_head_json":{"title":"R1C - Comau","robots":{"index":"index","follow":"follow","max-snippet":"max-snippet:-1","max-image-preview":"max-image-preview:large","max-video-preview":"max-video-preview:-1"},"canonical":"https:\/\/www.comau.com\/pt-br\/competencies\/products-solutions\/controls-auxiliary-equipment\/r1c\/","og_locale":"pt_BR","og_type":"article","og_title":"R1C - Comau","og_description":"R1C \u00e9 a nova unidade de controle industrial de prateleira de 19\u201d, projetada para gest\u00e3o simplificada, eficiente e multifuncional dos menores Rob\u00f4s Comau. A Unidade de Controle R1C: Foi projetada e produzida de modo a permitir a instala\u00e7\u00e3o dentro de um gabinete de prateleira padr\u00e3o Funciona com voltagem de 230 Vac Controla at\u00e9 6 eixos, [&hellip;]","og_url":"https:\/\/www.comau.com\/pt-br\/competencies\/products-solutions\/controls-auxiliary-equipment\/r1c\/","og_site_name":"Comau","article_publisher":"https:\/\/www.facebook.com\/COMAU\/","article_modified_time":"2021-07-21T22:53:50+00:00","og_image":[{"width":1280,"height":485,"url":"https:\/\/www.comau.com\/wp-content\/uploads\/2021\/06\/R1C_header.jpg","type":"image\/jpeg"}],"twitter_card":"summary_large_image","twitter_site":"@comaugroup","twitter_misc":{"Est. tempo de leitura":"2 minutos"},"schema":{"@context":"https:\/\/schema.org","@graph":[{"@type":"WebPage","@id":"https:\/\/www.comau.com\/pt-br\/competencies\/products-solutions\/controls-auxiliary-equipment\/r1c\/","url":"https:\/\/www.comau.com\/pt-br\/competencies\/products-solutions\/controls-auxiliary-equipment\/r1c\/","name":"R1C - Comau","isPartOf":{"@id":"https:\/\/www.comau.com\/pt-br\/#website"},"primaryImageOfPage":{"@id":"https:\/\/www.comau.com\/pt-br\/competencies\/products-solutions\/controls-auxiliary-equipment\/r1c\/#primaryimage"},"image":{"@id":"https:\/\/www.comau.com\/pt-br\/competencies\/products-solutions\/controls-auxiliary-equipment\/r1c\/#primaryimage"},"thumbnailUrl":"https:\/\/www.comau.com\/wp-content\/uploads\/2021\/06\/R1C_header.jpg","datePublished":"2021-06-08T16:15:41+00:00","dateModified":"2021-07-21T22:53:50+00:00","breadcrumb":{"@id":"https:\/\/www.comau.com\/pt-br\/competencies\/products-solutions\/controls-auxiliary-equipment\/r1c\/#breadcrumb"},"inLanguage":"pt-BR","potentialAction":[{"@type":"ReadAction","target":["https:\/\/www.comau.com\/pt-br\/competencies\/products-solutions\/controls-auxiliary-equipment\/r1c\/"]}]},{"@type":"ImageObject","inLanguage":"pt-BR","@id":"https:\/\/www.comau.com\/pt-br\/competencies\/products-solutions\/controls-auxiliary-equipment\/r1c\/#primaryimage","url":"https:\/\/www.comau.com\/wp-content\/uploads\/2021\/06\/R1C_header.jpg","contentUrl":"https:\/\/www.comau.com\/wp-content\/uploads\/2021\/06\/R1C_header.jpg","width":1280,"height":485},{"@type":"BreadcrumbList","@id":"https:\/\/www.comau.com\/pt-br\/competencies\/products-solutions\/controls-auxiliary-equipment\/r1c\/#breadcrumb","itemListElement":[{"@type":"ListItem","position":1,"name":"Home","item":"https:\/\/www.comau.com\/pt-br\/"},{"@type":"ListItem","position":2,"name":"Nossas Compet\u00eancias","item":"https:\/\/www.comau.com\/pt-br\/competencies\/"},{"@type":"ListItem","position":3,"name":"Robotics &amp; Automation","item":"https:\/\/www.comau.com\/pt-br\/competencies\/robotics-automation\/"},{"@type":"ListItem","position":4,"name":"Controls e Equipamentos auxiliaries","item":"https:\/\/www.comau.com\/pt-br\/competencies\/robotics-automation\/controls-auxiliary-equipment\/"},{"@type":"ListItem","position":5,"name":"R1C"}]},{"@type":"WebSite","@id":"https:\/\/www.comau.com\/pt-br\/#website","url":"https:\/\/www.comau.com\/pt-br\/","name":"Comau","description":"Industrial automation and robotics","publisher":{"@id":"https:\/\/www.comau.com\/pt-br\/#organization"},"potentialAction":[{"@type":"SearchAction","target":{"@type":"EntryPoint","urlTemplate":"https:\/\/www.comau.com\/pt-br\/?s={search_term_string}"},"query-input":{"@type":"PropertyValueSpecification","valueRequired":true,"valueName":"search_term_string"}}],"inLanguage":"pt-BR"},{"@type":"Organization","@id":"https:\/\/www.comau.com\/pt-br\/#organization","name":"Comau","url":"https:\/\/www.comau.com\/pt-br\/","logo":{"@type":"ImageObject","inLanguage":"pt-BR","@id":"https:\/\/www.comau.com\/pt-br\/#\/schema\/logo\/image\/","url":"https:\/\/www.comau.com\/wp-content\/uploads\/2024\/07\/cropped-Logo-COMAU.png","contentUrl":"https:\/\/www.comau.com\/wp-content\/uploads\/2024\/07\/cropped-Logo-COMAU.png","width":434,"height":434,"caption":"Comau"},"image":{"@id":"https:\/\/www.comau.com\/pt-br\/#\/schema\/logo\/image\/"},"sameAs":["https:\/\/www.facebook.com\/COMAU\/","https:\/\/x.com\/comaugroup","https:\/\/www.instagram.com\/comaugroup\/","https:\/\/www.linkedin.com\/company\/comau","https:\/\/www.youtube.com\/user\/comau"]}]}},"_links":{"self":[{"href":"https:\/\/www.comau.com\/pt-br\/wp-json\/wp\/v2\/pages\/22287","targetHints":{"allow":["GET"]}}],"collection":[{"href":"https:\/\/www.comau.com\/pt-br\/wp-json\/wp\/v2\/pages"}],"about":[{"href":"https:\/\/www.comau.com\/pt-br\/wp-json\/wp\/v2\/types\/page"}],"author":[{"embeddable":true,"href":"https:\/\/www.comau.com\/pt-br\/wp-json\/wp\/v2\/users\/11"}],"replies":[{"embeddable":true,"href":"https:\/\/www.comau.com\/pt-br\/wp-json\/wp\/v2\/comments?post=22287"}],"version-history":[{"count":40,"href":"https:\/\/www.comau.com\/pt-br\/wp-json\/wp\/v2\/pages\/22287\/revisions"}],"predecessor-version":[{"id":33110,"href":"https:\/\/www.comau.com\/pt-br\/wp-json\/wp\/v2\/pages\/22287\/revisions\/33110"}],"up":[{"embeddable":true,"href":"https:\/\/www.comau.com\/pt-br\/wp-json\/wp\/v2\/pages\/5979"}],"wp:featuredmedia":[{"embeddable":true,"href":"https:\/\/www.comau.com\/pt-br\/wp-json\/wp\/v2\/media\/6040"}],"wp:attachment":[{"href":"https:\/\/www.comau.com\/pt-br\/wp-json\/wp\/v2\/media?parent=22287"}],"curies":[{"name":"wp","href":"https:\/\/api.w.org\/{rel}","templated":true}]}}