{"id":22281,"date":"2021-06-08T18:15:25","date_gmt":"2021-06-08T16:15:25","guid":{"rendered":"https:\/\/www.comau.com\/?page_id=22281"},"modified":"2022-02-08T09:58:02","modified_gmt":"2022-02-08T08:58:02","slug":"c5g","status":"publish","type":"page","link":"https:\/\/www.comau.com\/pt-br\/competencies\/products-solutions\/controls-auxiliary-equipment\/c5g\/","title":{"rendered":"C5G"},"content":{"rendered":"\n<h2 class=\"wp-block-heading\" id=\"todas-as-suas-necessidades-sob-controle\">Todas as suas necessidades sob controle<\/h2>\n\n\n\n<p>Processamento r\u00e1pido, sistema modular para as unidades de acionamento, I\/O e fieldbus, espa\u00e7o livre e ergon\u00f4mico para integra\u00e7\u00e3o de fun\u00e7\u00f5es, dimens\u00f5es compactas. Tudo o que voc\u00ea precisa sob controle.<\/p>\n\n\n\n<div class=\"wp-block-getwid-images-slider has-arrows-inside has-dots-outside has-images-center has-cropped-images\"><div class=\"wp-block-getwid-images-slider__wrapper\" data-effect=\"slide\" data-slides-show=\"1\" data-slides-show-laptop=\"1\" data-slides-show-tablet=\"1\" data-slides-show-mobile=\"1\" data-slides-scroll=\"1\" data-autoplay=\"true\" data-autoplay-speed=\"6000\" data-infinite=\"true\" data-animation-speed=\"800\" data-center-mode=\"false\" data-variable-width=\"false\" data-arrows=\"inside\" data-dots=\"outside\" data-spacing=\"none\"><div class=\"wp-block-getwid-images-slider__item\"><figure><img decoding=\"async\" width=\"1179\" height=\"401\" src=\"https:\/\/www.comau.com\/wp-content\/uploads\/2021\/06\/CSG5_1.jpg\" data-id=\"922\" data-link=\"https:\/\/www.comau.com\/competencies\/robotics-automation\/controls-auxiliary-equipment\/c5g\/csg5_1\/\" data-original-link=\"https:\/\/www.comau.com\/wp-content\/uploads\/2021\/06\/CSG5_1.jpg\" class=\"wp-block-getwid-images-slider__image wp-image-9902\" srcset=\"https:\/\/www.comau.com\/wp-content\/uploads\/2021\/06\/CSG5_1.jpg 1179w, https:\/\/www.comau.com\/wp-content\/uploads\/2021\/06\/CSG5_1-300x102.jpg 300w, https:\/\/www.comau.com\/wp-content\/uploads\/2021\/06\/CSG5_1-1024x348.jpg 1024w, https:\/\/www.comau.com\/wp-content\/uploads\/2021\/06\/CSG5_1-768x261.jpg 768w\" sizes=\"(max-width: 1179px) 100vw, 1179px\" \/><\/figure><\/div><div class=\"wp-block-getwid-images-slider__item\"><figure><img decoding=\"async\" width=\"1179\" height=\"401\" src=\"https:\/\/www.comau.com\/wp-content\/uploads\/2021\/06\/CSG5_2.jpg\" data-id=\"923\" data-link=\"https:\/\/www.comau.com\/competencies\/robotics-automation\/controls-auxiliary-equipment\/c5g\/csg5_2\/\" data-original-link=\"https:\/\/www.comau.com\/wp-content\/uploads\/2021\/06\/CSG5_2.jpg\" class=\"wp-block-getwid-images-slider__image wp-image-9907\" srcset=\"https:\/\/www.comau.com\/wp-content\/uploads\/2021\/06\/CSG5_2.jpg 1179w, https:\/\/www.comau.com\/wp-content\/uploads\/2021\/06\/CSG5_2-300x102.jpg 300w, https:\/\/www.comau.com\/wp-content\/uploads\/2021\/06\/CSG5_2-1024x348.jpg 1024w, https:\/\/www.comau.com\/wp-content\/uploads\/2021\/06\/CSG5_2-768x261.jpg 768w\" sizes=\"(max-width: 1179px) 100vw, 1179px\" \/><\/figure><\/div><\/div><\/div>\n\n\n\n<h2 class=\"wp-block-heading\" id=\"alto-poder-de-processamento\">Alto poder de processamento<\/h2>\n\n\n\n<p>O CG5 utiliza a \u00faltima gera\u00e7\u00e3o de computadores industriais APC820 com tecnologia Core2 Duo na CPU, que \u00e9 capaz de obter altas performances com baixo consumo de energia.<\/p>\n\n\n\n<h2 class=\"wp-block-heading\" id=\"economia-de-energia\">Economia de energia<\/h2>\n\n\n\n<ul class=\"wp-block-list\"><li>Menor consumo em modo stand by, baixo consumo durante opera\u00e7\u00f5es<\/li><li>Sistema de arrefecimento proporcional \u00e0s opera\u00e7\u00f5es das unidades de controle<\/li><li>Sistema de rede de recupera\u00e7\u00e3o de energia, com um programa de conte\u00fado altamente din\u00e2mico<\/li><\/ul>\n\n\n\n<h2 class=\"wp-block-heading\" id=\"flexibilidade-e-confiabilidade\">Flexibilidade e confiabilidade<\/h2>\n\n\n\n<p>A nova gera\u00e7\u00e3o de fieldbuses baseada na tecnologia Hilscher, integrada por B&amp;R em fam\u00edlia remota I\/O X20, garante uma interface flex\u00edvel e confi\u00e1vel em cada aplica\u00e7\u00e3o do cliente. Interfaces modulares est\u00e3o dispon\u00edveis, tais como I\/O digital e anal\u00f3gico, e para muitos tipos de posi\u00e7\u00e3o de codificador transdutor, solucionador, etc.<\/p>\n\n\n\n<h2 class=\"wp-block-heading\" id=\"robotsafe\">RobotSAFE<\/h2>\n\n\n\n<p>Os modelos de controladores seguros de rob\u00f4 permitem uma gest\u00e3o de seguran\u00e7a nominal do movimento do rob\u00f4 (modo articula\u00e7\u00e3o ou cartesiano), e velocidade atrav\u00e9s dos sensores, oferecendo vantagens em termos de layouts menores e aus\u00eancia de cercas f\u00edsicas. N\u00f3s fornecemos a seguran\u00e7a de sua c\u00e9lula autom\u00e1tica sem afetar sua produtividade.<\/p>\n\n\n\n<h2 class=\"wp-block-heading\" id=\"modularidade-expansibilidade\">Modularidade \/ expansibilidade<\/h2>\n\n\n\n<p>Sistema modular para acionadores para at\u00e9 13 eixos na fun\u00e7\u00e3o de energia no gabinete da base e no modelo do rob\u00f4.<\/p>\n\n\n\n<h2 class=\"wp-block-heading\" id=\"gerenciamento-simultaneo-de-varios-robos\">Gerenciamento simult\u00e2neo de v\u00e1rios rob\u00f4s<\/h2>\n\n\n\n<p>Arquitetura de hardware desenhada para gerenciar at\u00e9 16 eixos em configura\u00e7\u00e3o \u201cmulti-bra\u00e7os\u201d com caixa de aplica\u00e7\u00e3o.<\/p>\n\n\n\n<div class=\"wp-block-columns compact-rows is-layout-flex wp-container-core-columns-is-layout-9d6595d7 wp-block-columns-is-layout-flex\">\n<div class=\"wp-block-column is-layout-flow wp-block-column-is-layout-flow\">\n<h2 class=\"wp-block-heading\" id=\"estojo-e-cabo\">Estojo e cabo<\/h2>\n\n\n\n<ul class=\"wp-block-list\"><li>Processamento r\u00e1pido com arquitetura dual core<\/li><li>Sistema modular para unidade de acionadores e I\/O fieldbus<\/li><li>Espa\u00e7o livre e ergon\u00f4mico para integra\u00e7\u00e3o de fun\u00e7\u00f5es de aplica\u00e7\u00e3o<\/li><li>Sistema de economia de energia<\/li><li>Tamb\u00e9m dispon\u00edvel em vers\u00e3o segura<\/li><li>Tamb\u00e9m dispon\u00edvel em vers\u00e3o de controlador aberto<\/li><\/ul>\n<\/div>\n\n\n\n<div class=\"wp-block-column is-layout-flow wp-block-column-is-layout-flow\">\n<h2 class=\"wp-block-heading\" id=\"principais-dados-tecnicos\">Principais dados t\u00e9cnicos<\/h2>\n\n\n\n<ul class=\"wp-block-list\"><li>Dimens\u00f5es: 800x500x1100 mm<\/li><li>Temperatura de trabalho de 5 at\u00e9 45\u00b0C (5 at\u00e9 55\u00b0C com resfriador)<\/li><li>Umidade: m\u00e1ximo de 90% sem condensa\u00e7\u00e3o<\/li><li>Faixa de pot\u00eancia da linha estendida: 400 a 500V<\/li><\/ul>\n<\/div>\n<\/div>\n\n\n\n<h2 class=\"wp-block-heading\" id=\"especificacoes-tecnicas\">Especifica\u00e7\u00f5es t\u00e9cnicas<\/h2>\n\n\n\n<figure class=\"wp-block-table is-style-stripes\"><table class=\"has-fixed-layout\"><tbody><tr><td><strong>Altura x largura x profundidade (vers\u00e3o b\u00e1sica sem opcionais)<\/strong><\/td><td>1110 x 800 x 510 mm<br>43.31 x 31.50 x 20.08 in<\/td><\/tr><tr><td><strong>Altura com op\u00e7\u00e3o de roda<\/strong><\/td><td>n\u00e3o h\u00e1 diferen\u00e7a<\/td><\/tr><tr><td><strong>Altura com op\u00e7\u00e3o de soquete ascendente 100 mm<\/strong><\/td><td>+100 mm (+3.94 in)<\/td><\/tr><tr><td><strong>Altura com Caixa de Aplica\u00e7\u00e3o op\u00e7\u00e3o *3<\/strong><\/td><td>+540 mm (+21.26 in)<\/td><\/tr><tr><td><strong>Altura com op\u00e7\u00e3o de ar-condicionado<\/strong><\/td><td>+340 mm (+13.38 in)<\/td><\/tr><tr><td><strong>Altura com op\u00e7\u00e3o de autotransformador<\/strong><\/td><td>+200 mm (+7.87 in)<\/td><\/tr><\/tbody><\/table><figcaption>Dimens\u00f5es<\/figcaption><\/figure>\n\n\n\n<figure class=\"wp-block-table is-style-stripes\"><table class=\"has-fixed-layout\"><tbody><tr><td><strong>Unidade de controle (vers\u00e3o padr\u00e3o) O peso especificado pode mudar, dependendo da configura\u00e7\u00e3o, particularmente quando se refere \u00e0 vers\u00e3o que apresenta Caixa de Aplica\u00e7\u00e3o e autotransformador. Consulte sempre a placa afixada na Unidade de Controle<\/strong><\/td><td>125 kg \/ 275 lb without packaging<\/td><\/tr><tr><td><strong>Ar-condicionado (opcional)<\/strong><\/td><td>+31 kg \/ 68 lb<\/td><\/tr><tr><td><strong>Autotransformador (opcional)<\/strong><\/td><td>+40 kg \/ 88 lb<\/td><\/tr><\/tbody><\/table><figcaption>Peso<\/figcaption><\/figure>\n\n\n\n<figure class=\"wp-block-table is-style-stripes\"><table class=\"has-fixed-layout\"><tbody><tr><td><strong>Voltagem de suprimento de energia (de acordo com o padr\u00e3o EN 60204-1 \u00a7 4.3.3, interrup\u00e7\u00e3o de voltagem n\u00e3o excedendo 20 ms)<\/strong><\/td><td>from 400 Vac -10% to 480 Vac +10%<br>(optional from a 500 Vac -10% to 575 Vac +10%)*1<\/td><\/tr><tr><td><strong>Frequ\u00eancia (de acordo com o padr\u00e3o EN 60204-1 \u00a7 4.3.3)<\/strong><\/td><td>50 a 60 Hz (\u00b12 Hz)<\/td><\/tr><tr><td><strong>Alimenta\u00e7\u00e3o do interruptor principal<\/strong><\/td><td>Observa\u00e7\u00e3o: no modelo de Unidade de Controle para Am\u00e9rica do Norte, o dispositivo seccionador \u00e9 apenas um bot\u00e3o isolador<\/td><\/tr><tr><td><strong>Energia instalada<\/strong><\/td><td>from 4 to 12 kVA (see Tab. 3.2)<\/td><\/tr><tr><td><strong>Energia dos circuitos auxiliares<\/strong><\/td><td>24 Vdc<\/td><\/tr><\/tbody><\/table><figcaption>Dados de suprimento de energia<\/figcaption><\/figure>\n\n\n\n<figure class=\"wp-block-table is-style-stripes\"><table class=\"has-fixed-layout\"><tbody><tr><td><strong>Prote\u00e7\u00e3o do gabinete (compartimento traseiro exclu\u00eddo) (de acordo com o padr\u00e3o da EN 60529)<\/strong><\/td><td>IP 54 \/ NEMA 12<\/td><\/tr><tr><td><strong>Prote\u00e7\u00e3o do gabinete traseiro (de acordo com o padr\u00e3o da EN 60529)<\/strong><\/td><td>IP 2x<\/td><\/tr><tr><td><strong>Temperatura ambiente sem sistemas de arrefecimento (condi\u00e7\u00f5es de teste de acordo com o padr\u00e3o EN60068-2-14)<\/strong><\/td><td>from +5 \u00b0C to +45 \u00b0C *2 <br>from +41 \u00b0F a 113 \u00b0F<\/td><\/tr><tr><td><strong>Temperatura ambiente com sistemas de arrefecimento (condi\u00e7\u00f5es de teste de acordo com o padr\u00e3o EN60068-2-14)<\/strong><\/td><td>from +5 \u00b0C to +55 \u00b0C *2<br>from +41 \u00b0F a 131 \u00b0F<\/td><\/tr><tr><td><strong>Temperatura ambiente de armazenamento (de acordo com o padr\u00e3o EN60204-1 \u00a7 4.5)<\/strong><\/td><td>from -25 \u00b0C a +55 \u00b0C<br>from -13 \u00b0F a 131 \u00b0F<br>+70 \u00b0C \/ 158 \u00b0F for periods shorter one hour.<\/td><\/tr><tr><td><strong>Gradiente m\u00e1ximo de temperatura<\/strong><\/td><td>1,5 \u00b0C\/minute<br>2,7 \u00b0F\/minute<\/td><\/tr><tr><td><strong>Unidade relative (de acordo com EN60204-1 \u00a7 4.4.4, condi\u00e7\u00f5es de teste HD 323.2.3 S2)<\/strong><\/td><td>from 5% to 95% without condensation<\/td><\/tr><tr><td><strong>Altitude do local da instala\u00e7\u00e3o (de acordo com o padr\u00e3o EN60204-1 \u00a7 4.4.5)<\/strong><\/td><td>from 0 a 1.000 m \/ 0 to 3280 ft above mean sea level<\/td><\/tr><\/tbody><\/table><figcaption>Condi\u00e7\u00f5es ambientais<\/figcaption><\/figure>\n\n\n\n<figure class=\"wp-block-table is-style-stripes\"><table class=\"has-fixed-layout\"><tbody><tr><td><strong>Total para o sistema<\/strong><\/td><td>up to 16 axes<\/td><\/tr><tr><td><strong>Unit\u00e0 di controllo senza cabine di espansione<\/strong><\/td><td>up to 11 axes<\/td><\/tr><\/tbody><\/table><figcaption>Capacidade de controle dos eixos<\/figcaption><\/figure>\n\n\n\n<figure class=\"wp-block-table is-style-stripes\"><table class=\"has-fixed-layout\"><tbody><tr><td><strong>Modelo de cabine padr\u00e3o<\/strong><\/td><td>Conven\u00e7\u00e3o natural<\/td><\/tr><tr><td><strong>Cabine sem op\u00e7\u00f5es de arrefecimento<\/strong><\/td><td>Ar-condicionado<\/td><\/tr><tr><td><strong>Cabine sem op\u00e7\u00f5es de arrefecimento<\/strong><\/td><td>Recircula\u00e7\u00e3o for\u00e7ada do ar<\/td><\/tr><\/tbody><\/table><figcaption>Arrefecimento<\/figcaption><\/figure>\n\n\n\n<figure class=\"wp-block-table is-style-stripes\"><table class=\"has-fixed-layout\"><tbody><tr><td><strong>Vibra\u00e7\u00e3o sine (de acordo com o padr\u00e3o EN60068-2-64)<\/strong><\/td><td>Frequ\u00eancia 10 &#8211; 250 Hz 0.6 g rms acelera\u00e7\u00e3o eixo Z 0.2 g rms acelera\u00e7\u00e3o eixos X-Y<\/td><\/tr><\/tbody><\/table><figcaption>Vibra\u00e7\u00f5es e quebras<\/figcaption><\/figure>\n","protected":false},"excerpt":{"rendered":"<p>Todas as suas necessidades sob controle Processamento r\u00e1pido, sistema modular para as unidades de acionamento, I\/O e fieldbus, espa\u00e7o livre e ergon\u00f4mico para integra\u00e7\u00e3o de fun\u00e7\u00f5es, dimens\u00f5es compactas. Tudo o que voc\u00ea precisa sob controle. Alto poder de processamento O CG5 utiliza a \u00faltima gera\u00e7\u00e3o de computadores industriais APC820 com tecnologia Core2 Duo na CPU, [&hellip;]<\/p>\n","protected":false},"author":11,"featured_media":6039,"parent":5979,"menu_order":1,"comment_status":"closed","ping_status":"closed","template":"","meta":{"_acf_changed":false,"ep_exclude_from_search":false,"footnotes":""},"class_list":["post-22281","page","type-page","status-publish","has-post-thumbnail","hentry"],"acf":[],"yoast_head":"<!-- This site is optimized with the Yoast SEO plugin v26.9 - https:\/\/yoast.com\/product\/yoast-seo-wordpress\/ -->\n<title>Gest\u00e3o e controle de sistemas de processamento | Comau<\/title>\n<meta name=\"description\" content=\"Descrubra o equipemento G5GF: uma ajuda na gest\u00e3o e controle de sistemas de processamento, com alto poder de processamento e economia de energia.\" \/>\n<meta name=\"robots\" content=\"index, follow, max-snippet:-1, max-image-preview:large, max-video-preview:-1\" \/>\n<link rel=\"canonical\" href=\"https:\/\/www.comau.com\/pt-br\/competencies\/products-solutions\/controls-auxiliary-equipment\/c5g\/\" \/>\n<meta property=\"og:locale\" content=\"pt_BR\" \/>\n<meta property=\"og:type\" content=\"article\" \/>\n<meta property=\"og:title\" content=\"Gest\u00e3o e controle de sistemas de processamento | Comau\" \/>\n<meta property=\"og:description\" content=\"Descrubra o equipemento G5GF: uma ajuda na gest\u00e3o e controle de sistemas de processamento, com alto poder de processamento e economia de energia.\" \/>\n<meta property=\"og:url\" content=\"https:\/\/www.comau.com\/pt-br\/competencies\/products-solutions\/controls-auxiliary-equipment\/c5g\/\" \/>\n<meta property=\"og:site_name\" content=\"Comau\" \/>\n<meta property=\"article:publisher\" content=\"https:\/\/www.facebook.com\/COMAU\/\" \/>\n<meta property=\"article:modified_time\" content=\"2022-02-08T08:58:02+00:00\" \/>\n<meta property=\"og:image\" content=\"https:\/\/www.comau.com\/wp-content\/uploads\/2021\/06\/controls_header.jpg\" \/>\n\t<meta property=\"og:image:width\" content=\"1280\" \/>\n\t<meta property=\"og:image:height\" content=\"485\" \/>\n\t<meta property=\"og:image:type\" content=\"image\/jpeg\" \/>\n<meta name=\"twitter:card\" content=\"summary_large_image\" \/>\n<meta name=\"twitter:site\" content=\"@comaugroup\" \/>\n<meta name=\"twitter:label1\" content=\"Est. tempo de leitura\" \/>\n\t<meta name=\"twitter:data1\" content=\"4 minutos\" \/>\n<script type=\"application\/ld+json\" class=\"yoast-schema-graph\">{\"@context\":\"https:\/\/schema.org\",\"@graph\":[{\"@type\":\"WebPage\",\"@id\":\"https:\/\/www.comau.com\/pt-br\/competencies\/products-solutions\/controls-auxiliary-equipment\/c5g\/\",\"url\":\"https:\/\/www.comau.com\/pt-br\/competencies\/products-solutions\/controls-auxiliary-equipment\/c5g\/\",\"name\":\"Gest\u00e3o e controle de sistemas de processamento | Comau\",\"isPartOf\":{\"@id\":\"https:\/\/www.comau.com\/pt-br\/#website\"},\"primaryImageOfPage\":{\"@id\":\"https:\/\/www.comau.com\/pt-br\/competencies\/products-solutions\/controls-auxiliary-equipment\/c5g\/#primaryimage\"},\"image\":{\"@id\":\"https:\/\/www.comau.com\/pt-br\/competencies\/products-solutions\/controls-auxiliary-equipment\/c5g\/#primaryimage\"},\"thumbnailUrl\":\"https:\/\/www.comau.com\/wp-content\/uploads\/2021\/06\/controls_header.jpg\",\"datePublished\":\"2021-06-08T16:15:25+00:00\",\"dateModified\":\"2022-02-08T08:58:02+00:00\",\"description\":\"Descrubra o equipemento G5GF: uma ajuda na gest\u00e3o e controle de sistemas de processamento, com alto poder de processamento e economia de energia.\",\"breadcrumb\":{\"@id\":\"https:\/\/www.comau.com\/pt-br\/competencies\/products-solutions\/controls-auxiliary-equipment\/c5g\/#breadcrumb\"},\"inLanguage\":\"pt-BR\",\"potentialAction\":[{\"@type\":\"ReadAction\",\"target\":[\"https:\/\/www.comau.com\/pt-br\/competencies\/products-solutions\/controls-auxiliary-equipment\/c5g\/\"]}]},{\"@type\":\"ImageObject\",\"inLanguage\":\"pt-BR\",\"@id\":\"https:\/\/www.comau.com\/pt-br\/competencies\/products-solutions\/controls-auxiliary-equipment\/c5g\/#primaryimage\",\"url\":\"https:\/\/www.comau.com\/wp-content\/uploads\/2021\/06\/controls_header.jpg\",\"contentUrl\":\"https:\/\/www.comau.com\/wp-content\/uploads\/2021\/06\/controls_header.jpg\",\"width\":1280,\"height\":485},{\"@type\":\"BreadcrumbList\",\"@id\":\"https:\/\/www.comau.com\/pt-br\/competencies\/products-solutions\/controls-auxiliary-equipment\/c5g\/#breadcrumb\",\"itemListElement\":[{\"@type\":\"ListItem\",\"position\":1,\"name\":\"Home\",\"item\":\"https:\/\/www.comau.com\/pt-br\/\"},{\"@type\":\"ListItem\",\"position\":2,\"name\":\"Nossas Compet\u00eancias\",\"item\":\"https:\/\/www.comau.com\/pt-br\/competencies\/\"},{\"@type\":\"ListItem\",\"position\":3,\"name\":\"Robotics &amp; Automation\",\"item\":\"https:\/\/www.comau.com\/pt-br\/competencies\/robotics-automation\/\"},{\"@type\":\"ListItem\",\"position\":4,\"name\":\"Controls e Equipamentos auxiliaries\",\"item\":\"https:\/\/www.comau.com\/pt-br\/competencies\/robotics-automation\/controls-auxiliary-equipment\/\"},{\"@type\":\"ListItem\",\"position\":5,\"name\":\"C5G\"}]},{\"@type\":\"WebSite\",\"@id\":\"https:\/\/www.comau.com\/pt-br\/#website\",\"url\":\"https:\/\/www.comau.com\/pt-br\/\",\"name\":\"Comau\",\"description\":\"Industrial automation and robotics\",\"publisher\":{\"@id\":\"https:\/\/www.comau.com\/pt-br\/#organization\"},\"potentialAction\":[{\"@type\":\"SearchAction\",\"target\":{\"@type\":\"EntryPoint\",\"urlTemplate\":\"https:\/\/www.comau.com\/pt-br\/?s={search_term_string}\"},\"query-input\":{\"@type\":\"PropertyValueSpecification\",\"valueRequired\":true,\"valueName\":\"search_term_string\"}}],\"inLanguage\":\"pt-BR\"},{\"@type\":\"Organization\",\"@id\":\"https:\/\/www.comau.com\/pt-br\/#organization\",\"name\":\"Comau\",\"url\":\"https:\/\/www.comau.com\/pt-br\/\",\"logo\":{\"@type\":\"ImageObject\",\"inLanguage\":\"pt-BR\",\"@id\":\"https:\/\/www.comau.com\/pt-br\/#\/schema\/logo\/image\/\",\"url\":\"https:\/\/www.comau.com\/wp-content\/uploads\/2024\/07\/cropped-Logo-COMAU.png\",\"contentUrl\":\"https:\/\/www.comau.com\/wp-content\/uploads\/2024\/07\/cropped-Logo-COMAU.png\",\"width\":434,\"height\":434,\"caption\":\"Comau\"},\"image\":{\"@id\":\"https:\/\/www.comau.com\/pt-br\/#\/schema\/logo\/image\/\"},\"sameAs\":[\"https:\/\/www.facebook.com\/COMAU\/\",\"https:\/\/x.com\/comaugroup\",\"https:\/\/www.instagram.com\/comaugroup\/\",\"https:\/\/www.linkedin.com\/company\/comau\",\"https:\/\/www.youtube.com\/user\/comau\"]}]}<\/script>\n<!-- \/ Yoast SEO plugin. -->","yoast_head_json":{"title":"Gest\u00e3o e controle de sistemas de processamento | Comau","description":"Descrubra o equipemento G5GF: uma ajuda na gest\u00e3o e controle de sistemas de processamento, com alto poder de processamento e economia de energia.","robots":{"index":"index","follow":"follow","max-snippet":"max-snippet:-1","max-image-preview":"max-image-preview:large","max-video-preview":"max-video-preview:-1"},"canonical":"https:\/\/www.comau.com\/pt-br\/competencies\/products-solutions\/controls-auxiliary-equipment\/c5g\/","og_locale":"pt_BR","og_type":"article","og_title":"Gest\u00e3o e controle de sistemas de processamento | Comau","og_description":"Descrubra o equipemento G5GF: uma ajuda na gest\u00e3o e controle de sistemas de processamento, com alto poder de processamento e economia de energia.","og_url":"https:\/\/www.comau.com\/pt-br\/competencies\/products-solutions\/controls-auxiliary-equipment\/c5g\/","og_site_name":"Comau","article_publisher":"https:\/\/www.facebook.com\/COMAU\/","article_modified_time":"2022-02-08T08:58:02+00:00","og_image":[{"width":1280,"height":485,"url":"https:\/\/www.comau.com\/wp-content\/uploads\/2021\/06\/controls_header.jpg","type":"image\/jpeg"}],"twitter_card":"summary_large_image","twitter_site":"@comaugroup","twitter_misc":{"Est. tempo de leitura":"4 minutos"},"schema":{"@context":"https:\/\/schema.org","@graph":[{"@type":"WebPage","@id":"https:\/\/www.comau.com\/pt-br\/competencies\/products-solutions\/controls-auxiliary-equipment\/c5g\/","url":"https:\/\/www.comau.com\/pt-br\/competencies\/products-solutions\/controls-auxiliary-equipment\/c5g\/","name":"Gest\u00e3o e controle de sistemas de processamento | Comau","isPartOf":{"@id":"https:\/\/www.comau.com\/pt-br\/#website"},"primaryImageOfPage":{"@id":"https:\/\/www.comau.com\/pt-br\/competencies\/products-solutions\/controls-auxiliary-equipment\/c5g\/#primaryimage"},"image":{"@id":"https:\/\/www.comau.com\/pt-br\/competencies\/products-solutions\/controls-auxiliary-equipment\/c5g\/#primaryimage"},"thumbnailUrl":"https:\/\/www.comau.com\/wp-content\/uploads\/2021\/06\/controls_header.jpg","datePublished":"2021-06-08T16:15:25+00:00","dateModified":"2022-02-08T08:58:02+00:00","description":"Descrubra o equipemento G5GF: uma ajuda na gest\u00e3o e controle de sistemas de processamento, com alto poder de processamento e economia de energia.","breadcrumb":{"@id":"https:\/\/www.comau.com\/pt-br\/competencies\/products-solutions\/controls-auxiliary-equipment\/c5g\/#breadcrumb"},"inLanguage":"pt-BR","potentialAction":[{"@type":"ReadAction","target":["https:\/\/www.comau.com\/pt-br\/competencies\/products-solutions\/controls-auxiliary-equipment\/c5g\/"]}]},{"@type":"ImageObject","inLanguage":"pt-BR","@id":"https:\/\/www.comau.com\/pt-br\/competencies\/products-solutions\/controls-auxiliary-equipment\/c5g\/#primaryimage","url":"https:\/\/www.comau.com\/wp-content\/uploads\/2021\/06\/controls_header.jpg","contentUrl":"https:\/\/www.comau.com\/wp-content\/uploads\/2021\/06\/controls_header.jpg","width":1280,"height":485},{"@type":"BreadcrumbList","@id":"https:\/\/www.comau.com\/pt-br\/competencies\/products-solutions\/controls-auxiliary-equipment\/c5g\/#breadcrumb","itemListElement":[{"@type":"ListItem","position":1,"name":"Home","item":"https:\/\/www.comau.com\/pt-br\/"},{"@type":"ListItem","position":2,"name":"Nossas Compet\u00eancias","item":"https:\/\/www.comau.com\/pt-br\/competencies\/"},{"@type":"ListItem","position":3,"name":"Robotics &amp; Automation","item":"https:\/\/www.comau.com\/pt-br\/competencies\/robotics-automation\/"},{"@type":"ListItem","position":4,"name":"Controls e Equipamentos auxiliaries","item":"https:\/\/www.comau.com\/pt-br\/competencies\/robotics-automation\/controls-auxiliary-equipment\/"},{"@type":"ListItem","position":5,"name":"C5G"}]},{"@type":"WebSite","@id":"https:\/\/www.comau.com\/pt-br\/#website","url":"https:\/\/www.comau.com\/pt-br\/","name":"Comau","description":"Industrial automation and robotics","publisher":{"@id":"https:\/\/www.comau.com\/pt-br\/#organization"},"potentialAction":[{"@type":"SearchAction","target":{"@type":"EntryPoint","urlTemplate":"https:\/\/www.comau.com\/pt-br\/?s={search_term_string}"},"query-input":{"@type":"PropertyValueSpecification","valueRequired":true,"valueName":"search_term_string"}}],"inLanguage":"pt-BR"},{"@type":"Organization","@id":"https:\/\/www.comau.com\/pt-br\/#organization","name":"Comau","url":"https:\/\/www.comau.com\/pt-br\/","logo":{"@type":"ImageObject","inLanguage":"pt-BR","@id":"https:\/\/www.comau.com\/pt-br\/#\/schema\/logo\/image\/","url":"https:\/\/www.comau.com\/wp-content\/uploads\/2024\/07\/cropped-Logo-COMAU.png","contentUrl":"https:\/\/www.comau.com\/wp-content\/uploads\/2024\/07\/cropped-Logo-COMAU.png","width":434,"height":434,"caption":"Comau"},"image":{"@id":"https:\/\/www.comau.com\/pt-br\/#\/schema\/logo\/image\/"},"sameAs":["https:\/\/www.facebook.com\/COMAU\/","https:\/\/x.com\/comaugroup","https:\/\/www.instagram.com\/comaugroup\/","https:\/\/www.linkedin.com\/company\/comau","https:\/\/www.youtube.com\/user\/comau"]}]}},"_links":{"self":[{"href":"https:\/\/www.comau.com\/pt-br\/wp-json\/wp\/v2\/pages\/22281","targetHints":{"allow":["GET"]}}],"collection":[{"href":"https:\/\/www.comau.com\/pt-br\/wp-json\/wp\/v2\/pages"}],"about":[{"href":"https:\/\/www.comau.com\/pt-br\/wp-json\/wp\/v2\/types\/page"}],"author":[{"embeddable":true,"href":"https:\/\/www.comau.com\/pt-br\/wp-json\/wp\/v2\/users\/11"}],"replies":[{"embeddable":true,"href":"https:\/\/www.comau.com\/pt-br\/wp-json\/wp\/v2\/comments?post=22281"}],"version-history":[{"count":76,"href":"https:\/\/www.comau.com\/pt-br\/wp-json\/wp\/v2\/pages\/22281\/revisions"}],"predecessor-version":[{"id":42116,"href":"https:\/\/www.comau.com\/pt-br\/wp-json\/wp\/v2\/pages\/22281\/revisions\/42116"}],"up":[{"embeddable":true,"href":"https:\/\/www.comau.com\/pt-br\/wp-json\/wp\/v2\/pages\/5979"}],"wp:featuredmedia":[{"embeddable":true,"href":"https:\/\/www.comau.com\/pt-br\/wp-json\/wp\/v2\/media\/6039"}],"wp:attachment":[{"href":"https:\/\/www.comau.com\/pt-br\/wp-json\/wp\/v2\/media?parent=22281"}],"curies":[{"name":"wp","href":"https:\/\/api.w.org\/{rel}","templated":true}]}}