{"id":13546,"date":"2021-06-01T00:02:23","date_gmt":"2021-05-31T22:02:23","guid":{"rendered":"https:\/\/www.comau.com\/?page_id=13546"},"modified":"2024-07-10T18:29:55","modified_gmt":"2024-07-10T16:29:55","slug":"our-vision-humanufacturing","status":"publish","type":"page","link":"https:\/\/www.comau.com\/pt-br\/about-us\/our-vision-humanufacturing\/","title":{"rendered":"Vision: HUMANufacturing"},"content":{"rendered":"\n<p>A inova\u00e7\u00e3o \u00e9 um tema recorrente que acompanha praticamente todas as atividades dentro da Comau, dos produtos aos sistemas, e do treinamento \u00e0s rela\u00e7\u00f5es com os clientes, e se estende \u00e0 lideran\u00e7a em uma nova era da automa\u00e7\u00e3o que \u00e9 aberta, conectada e f\u00e1cil de compreender e de usar. <\/p>\n\n\n\n<p>Ajudada pela combina\u00e7\u00e3o vencedora de know-how tecnologicamente avan\u00e7ado e de experi\u00eancia de longo prazo, a inova\u00e7\u00e3o da Comau est\u00e1 impulsionando o desenvolvimento de novos produtos, tecnologias pioneiras e um poderoso conceito da f\u00e1brica que otimiza a automa\u00e7\u00e3o conduzida por m\u00e1quinas e seres humanos. Chamamos isto de HUMANufacturing. <\/p>\n\n\n\n<figure class=\"wp-block-embed is-type-video is-provider-youtube wp-block-embed-youtube wp-embed-aspect-16-9 wp-has-aspect-ratio\"><div class=\"wp-block-embed__wrapper\">\n<iframe title=\"Video Comau Humanufacturing\" width=\"640\" height=\"360\" src=\"https:\/\/www.youtube.com\/embed\/Cdxo-YCzvbA?feature=oembed\" frameborder=\"0\" allow=\"accelerometer; autoplay; clipboard-write; encrypted-media; gyroscope; picture-in-picture; web-share\" referrerpolicy=\"strict-origin-when-cross-origin\" allowfullscreen><\/iframe>\n<\/div><\/figure>\n\n\n\n<h2 class=\"wp-block-heading\" id=\"uma-nova-forma-de-fabricacao\">Uma nova forma de fabrica\u00e7\u00e3o<\/h2>\n\n\n\n<p>HUMANufacturing define nossa abordagem para enfrentar os desafios e satisfazer \u00e0s necessidades de um mercado em constante muta\u00e7\u00e3o. <\/p>\n\n\n<div class=\"wp-block-image\">\n<figure class=\"aligncenter size-large\"><img decoding=\"async\" width=\"790\" height=\"300\" src=\"https:\/\/www.comau.com\/wp-content\/uploads\/2021\/06\/1.jpg\" alt=\"\" class=\"wp-image-13565\" srcset=\"https:\/\/www.comau.com\/wp-content\/uploads\/2021\/06\/1.jpg 790w, https:\/\/www.comau.com\/wp-content\/uploads\/2021\/06\/1-300x114.jpg 300w, https:\/\/www.comau.com\/wp-content\/uploads\/2021\/06\/1-768x292.jpg 768w\" sizes=\"(max-width: 790px) 100vw, 790px\" \/><\/figure>\n<\/div>\n\n\n<p>Combinando solu\u00e7\u00f5es prontas para Industry 4.0 com transfer\u00eancia de dados em tempo real, realidade virtual e dispositivos port\u00e1teis inovadores, estamos ajudando as empresas a desfrutar o potencial da automa\u00e7\u00e3o sob medida para otimizar seus processos, garantir melhor qualidade e aumentar a flexibilidade de seu potencial produtivo. <\/p>\n\n\n\n<p>\u00c9 um exemplo concreto de como a Comau est\u00e1 utilizando mais de quatro d\u00e9cadas de experi\u00eancia em automa\u00e7\u00e3o para conceber infraestruturas inteligentes de f\u00e1bricas que s\u00e3o inspiradas pela inova\u00e7\u00e3o e suportadas por conhecimentos, cultura e vis\u00e3o. E o que \u00e9 mais importante, a HUMANufacturing coloca os seres humanos no centro de um ambiente de fabrica\u00e7\u00e3o colaborativo, seguro e sin\u00e9rgico. <\/p>\n\n\n\n<h2 class=\"wp-block-heading\" id=\"nossos-pilares-de-inovacao\">Nossos pilares de inova\u00e7\u00e3o<\/h2>\n\n\n\n<p>Open Innovation e co-cria\u00e7\u00e3o s\u00e3o uma parte importante de nossa abordagem de HUMANufacturing. Open Innovation permite obtermos vantagens das ideias e da energia de pessoas fora de nossa organiza\u00e7\u00e3o para gerar inova\u00e7\u00f5es disruptivas em termos de produtos e solu\u00e7\u00f5es. Nosso modelo Open Innovation se concentra em:<\/p>\n\n\n\n<h3 class=\"wp-block-heading\" id=\"solucoes-faceis-de-usar\">Solu\u00e7\u00f5es f\u00e1ceis de usar<\/h3>\n\n\n\n<p>Arquiteturas de produ\u00e7\u00e3o cada vez mais responsivas \u00e0s demandas din\u00e2micas de mercado, muitas das quais exigem mudan\u00e7as radicais em termos de topologias de produ\u00e7\u00e3o. A facilidade de utiliza\u00e7\u00e3o \u00e9 um aspecto cr\u00edtico de cada produto ou solu\u00e7\u00e3o que a Comau fabrica. \u00c9 isso o que guiou a Interface Homem-M\u00e1quina (HMI) da Comau. \u00c9 tamb\u00e9m o que guia nossos engenheiros de controle para que concebam solu\u00e7\u00f5es intuitivas, f\u00e1ceis de compreender e de aprender, que mant\u00eam a automa\u00e7\u00e3o simples ocultando as tecnologias e os recursos inovadores que poderiam ser complicados demais para o usu\u00e1rio final.<\/p>\n\n\n\n<h3 class=\"wp-block-heading\" id=\"solucoes-de-fabricacao-de-valor-agregado-suportadas-por-tecnologias-avancadas\">Solu\u00e7\u00f5es de fabrica\u00e7\u00e3o de valor agregado suportadas por tecnologias avan\u00e7adas<\/h3>\n\n\n\n<p>Esta prioridade da inova\u00e7\u00e3o suporta o desenvolvimento, o refinamento e a implementa\u00e7\u00e3o de um conjunto abrangente de tecnologias facilitadoras e processos inovadores da fabrica\u00e7\u00e3o que simplificam a flexibilidade, o uso de materiais avan\u00e7ados, o alcance de elevado desempenho em termos de qualidade e produtividade (precis\u00e3o e zero defeito), efici\u00eancia no uso de energia e de materiais, e uma redu\u00e7\u00e3o dr\u00e1stica de emiss\u00f5es.<\/p>\n\n\n\n<h3 class=\"wp-block-heading\" id=\"colaboracao-homem-robo\">Colabora\u00e7\u00e3o homem-rob\u00f4<\/h3>\n\n\n\n<p>O foco das atividades de inova\u00e7\u00e3o sob esta prioridade da inova\u00e7\u00e3o aborda as rela\u00e7\u00f5es simbi\u00f3ticas homem-m\u00e1quina, que buscam uma compreens\u00e3o mais profunda do comportamento humano e ir al\u00e9m das abordagens convencionais.<\/p>\n","protected":false},"excerpt":{"rendered":"<p>A inova\u00e7\u00e3o \u00e9 um tema recorrente que acompanha praticamente todas as atividades dentro da Comau, dos produtos aos sistemas, e do treinamento \u00e0s rela\u00e7\u00f5es com os clientes, e se estende \u00e0 lideran\u00e7a em uma nova era da automa\u00e7\u00e3o que \u00e9 aberta, conectada e f\u00e1cil de compreender e de usar. Ajudada pela combina\u00e7\u00e3o vencedora de know-how [&hellip;]<\/p>\n","protected":false},"author":11,"featured_media":4494,"parent":5217,"menu_order":2,"comment_status":"closed","ping_status":"closed","template":"","meta":{"_acf_changed":false,"ep_exclude_from_search":false,"footnotes":""},"class_list":["post-13546","page","type-page","status-publish","has-post-thumbnail","hentry"],"acf":[],"yoast_head":"<!-- This site is optimized with the Yoast SEO plugin v26.9 - https:\/\/yoast.com\/product\/yoast-seo-wordpress\/ -->\n<title>Inovar com a digitaliza\u00e7\u00e3o de processos de neg\u00f3cios| Comau<\/title>\n<meta name=\"description\" content=\"A inova\u00e7\u00e3o \u00e9 uma constante na Comau e a digitaliza\u00e7\u00e3o de processos de neg\u00f3cios \u00e9 um excelente exemplo dessa capacidade. Descubra mais aqui.\" \/>\n<meta name=\"robots\" content=\"index, follow, max-snippet:-1, max-image-preview:large, max-video-preview:-1\" \/>\n<link rel=\"canonical\" href=\"https:\/\/www.comau.com\/pt-br\/about-us\/our-vision-humanufacturing\/\" \/>\n<meta property=\"og:locale\" content=\"pt_BR\" \/>\n<meta property=\"og:type\" content=\"article\" \/>\n<meta property=\"og:title\" content=\"Inovar com a digitaliza\u00e7\u00e3o de processos de neg\u00f3cios| Comau\" \/>\n<meta property=\"og:description\" content=\"A inova\u00e7\u00e3o \u00e9 uma constante na Comau e a digitaliza\u00e7\u00e3o de processos de neg\u00f3cios \u00e9 um excelente exemplo dessa capacidade. Descubra mais aqui.\" \/>\n<meta property=\"og:url\" content=\"https:\/\/www.comau.com\/pt-br\/about-us\/our-vision-humanufacturing\/\" \/>\n<meta property=\"og:site_name\" content=\"Comau\" \/>\n<meta property=\"article:publisher\" content=\"https:\/\/www.facebook.com\/COMAU\/\" \/>\n<meta property=\"article:modified_time\" content=\"2024-07-10T16:29:55+00:00\" \/>\n<meta property=\"og:image\" content=\"https:\/\/www.comau.com\/wp-content\/uploads\/2021\/06\/Comau_Humanufaturing_HannoverMesse_header.jpg\" \/>\n\t<meta property=\"og:image:width\" content=\"1280\" \/>\n\t<meta property=\"og:image:height\" content=\"485\" \/>\n\t<meta property=\"og:image:type\" content=\"image\/jpeg\" \/>\n<meta name=\"twitter:card\" content=\"summary_large_image\" \/>\n<meta name=\"twitter:site\" content=\"@comaugroup\" \/>\n<meta name=\"twitter:label1\" content=\"Est. tempo de leitura\" \/>\n\t<meta name=\"twitter:data1\" content=\"3 minutos\" \/>\n<script type=\"application\/ld+json\" class=\"yoast-schema-graph\">{\"@context\":\"https:\/\/schema.org\",\"@graph\":[{\"@type\":\"WebPage\",\"@id\":\"https:\/\/www.comau.com\/pt-br\/about-us\/our-vision-humanufacturing\/\",\"url\":\"https:\/\/www.comau.com\/pt-br\/about-us\/our-vision-humanufacturing\/\",\"name\":\"Inovar com a digitaliza\u00e7\u00e3o de processos de neg\u00f3cios| Comau\",\"isPartOf\":{\"@id\":\"https:\/\/www.comau.com\/pt-br\/#website\"},\"primaryImageOfPage\":{\"@id\":\"https:\/\/www.comau.com\/pt-br\/about-us\/our-vision-humanufacturing\/#primaryimage\"},\"image\":{\"@id\":\"https:\/\/www.comau.com\/pt-br\/about-us\/our-vision-humanufacturing\/#primaryimage\"},\"thumbnailUrl\":\"https:\/\/www.comau.com\/wp-content\/uploads\/2021\/06\/Comau_Humanufaturing_HannoverMesse_header.jpg\",\"datePublished\":\"2021-05-31T22:02:23+00:00\",\"dateModified\":\"2024-07-10T16:29:55+00:00\",\"description\":\"A inova\u00e7\u00e3o \u00e9 uma constante na Comau e a digitaliza\u00e7\u00e3o de processos de neg\u00f3cios \u00e9 um excelente exemplo dessa capacidade. Descubra mais aqui.\",\"breadcrumb\":{\"@id\":\"https:\/\/www.comau.com\/pt-br\/about-us\/our-vision-humanufacturing\/#breadcrumb\"},\"inLanguage\":\"pt-BR\",\"potentialAction\":[{\"@type\":\"ReadAction\",\"target\":[\"https:\/\/www.comau.com\/pt-br\/about-us\/our-vision-humanufacturing\/\"]}]},{\"@type\":\"ImageObject\",\"inLanguage\":\"pt-BR\",\"@id\":\"https:\/\/www.comau.com\/pt-br\/about-us\/our-vision-humanufacturing\/#primaryimage\",\"url\":\"https:\/\/www.comau.com\/wp-content\/uploads\/2021\/06\/Comau_Humanufaturing_HannoverMesse_header.jpg\",\"contentUrl\":\"https:\/\/www.comau.com\/wp-content\/uploads\/2021\/06\/Comau_Humanufaturing_HannoverMesse_header.jpg\",\"width\":1280,\"height\":485},{\"@type\":\"BreadcrumbList\",\"@id\":\"https:\/\/www.comau.com\/pt-br\/about-us\/our-vision-humanufacturing\/#breadcrumb\",\"itemListElement\":[{\"@type\":\"ListItem\",\"position\":1,\"name\":\"Home\",\"item\":\"https:\/\/www.comau.com\/pt-br\/\"},{\"@type\":\"ListItem\",\"position\":2,\"name\":\"Sobre a Comau\",\"item\":\"https:\/\/www.comau.com\/pt-br\/about-us\/\"},{\"@type\":\"ListItem\",\"position\":3,\"name\":\"Vision: HUMANufacturing\"}]},{\"@type\":\"WebSite\",\"@id\":\"https:\/\/www.comau.com\/pt-br\/#website\",\"url\":\"https:\/\/www.comau.com\/pt-br\/\",\"name\":\"Comau\",\"description\":\"Industrial automation and robotics\",\"publisher\":{\"@id\":\"https:\/\/www.comau.com\/pt-br\/#organization\"},\"potentialAction\":[{\"@type\":\"SearchAction\",\"target\":{\"@type\":\"EntryPoint\",\"urlTemplate\":\"https:\/\/www.comau.com\/pt-br\/?s={search_term_string}\"},\"query-input\":{\"@type\":\"PropertyValueSpecification\",\"valueRequired\":true,\"valueName\":\"search_term_string\"}}],\"inLanguage\":\"pt-BR\"},{\"@type\":\"Organization\",\"@id\":\"https:\/\/www.comau.com\/pt-br\/#organization\",\"name\":\"Comau\",\"url\":\"https:\/\/www.comau.com\/pt-br\/\",\"logo\":{\"@type\":\"ImageObject\",\"inLanguage\":\"pt-BR\",\"@id\":\"https:\/\/www.comau.com\/pt-br\/#\/schema\/logo\/image\/\",\"url\":\"https:\/\/www.comau.com\/wp-content\/uploads\/2024\/07\/cropped-Logo-COMAU.png\",\"contentUrl\":\"https:\/\/www.comau.com\/wp-content\/uploads\/2024\/07\/cropped-Logo-COMAU.png\",\"width\":434,\"height\":434,\"caption\":\"Comau\"},\"image\":{\"@id\":\"https:\/\/www.comau.com\/pt-br\/#\/schema\/logo\/image\/\"},\"sameAs\":[\"https:\/\/www.facebook.com\/COMAU\/\",\"https:\/\/x.com\/comaugroup\",\"https:\/\/www.instagram.com\/comaugroup\/\",\"https:\/\/www.linkedin.com\/company\/comau\",\"https:\/\/www.youtube.com\/user\/comau\"]}]}<\/script>\n<!-- \/ Yoast SEO plugin. -->","yoast_head_json":{"title":"Inovar com a digitaliza\u00e7\u00e3o de processos de neg\u00f3cios| Comau","description":"A inova\u00e7\u00e3o \u00e9 uma constante na Comau e a digitaliza\u00e7\u00e3o de processos de neg\u00f3cios \u00e9 um excelente exemplo dessa capacidade. Descubra mais aqui.","robots":{"index":"index","follow":"follow","max-snippet":"max-snippet:-1","max-image-preview":"max-image-preview:large","max-video-preview":"max-video-preview:-1"},"canonical":"https:\/\/www.comau.com\/pt-br\/about-us\/our-vision-humanufacturing\/","og_locale":"pt_BR","og_type":"article","og_title":"Inovar com a digitaliza\u00e7\u00e3o de processos de neg\u00f3cios| Comau","og_description":"A inova\u00e7\u00e3o \u00e9 uma constante na Comau e a digitaliza\u00e7\u00e3o de processos de neg\u00f3cios \u00e9 um excelente exemplo dessa capacidade. Descubra mais aqui.","og_url":"https:\/\/www.comau.com\/pt-br\/about-us\/our-vision-humanufacturing\/","og_site_name":"Comau","article_publisher":"https:\/\/www.facebook.com\/COMAU\/","article_modified_time":"2024-07-10T16:29:55+00:00","og_image":[{"width":1280,"height":485,"url":"https:\/\/www.comau.com\/wp-content\/uploads\/2021\/06\/Comau_Humanufaturing_HannoverMesse_header.jpg","type":"image\/jpeg"}],"twitter_card":"summary_large_image","twitter_site":"@comaugroup","twitter_misc":{"Est. tempo de leitura":"3 minutos"},"schema":{"@context":"https:\/\/schema.org","@graph":[{"@type":"WebPage","@id":"https:\/\/www.comau.com\/pt-br\/about-us\/our-vision-humanufacturing\/","url":"https:\/\/www.comau.com\/pt-br\/about-us\/our-vision-humanufacturing\/","name":"Inovar com a digitaliza\u00e7\u00e3o de processos de neg\u00f3cios| Comau","isPartOf":{"@id":"https:\/\/www.comau.com\/pt-br\/#website"},"primaryImageOfPage":{"@id":"https:\/\/www.comau.com\/pt-br\/about-us\/our-vision-humanufacturing\/#primaryimage"},"image":{"@id":"https:\/\/www.comau.com\/pt-br\/about-us\/our-vision-humanufacturing\/#primaryimage"},"thumbnailUrl":"https:\/\/www.comau.com\/wp-content\/uploads\/2021\/06\/Comau_Humanufaturing_HannoverMesse_header.jpg","datePublished":"2021-05-31T22:02:23+00:00","dateModified":"2024-07-10T16:29:55+00:00","description":"A inova\u00e7\u00e3o \u00e9 uma constante na Comau e a digitaliza\u00e7\u00e3o de processos de neg\u00f3cios \u00e9 um excelente exemplo dessa capacidade. Descubra mais aqui.","breadcrumb":{"@id":"https:\/\/www.comau.com\/pt-br\/about-us\/our-vision-humanufacturing\/#breadcrumb"},"inLanguage":"pt-BR","potentialAction":[{"@type":"ReadAction","target":["https:\/\/www.comau.com\/pt-br\/about-us\/our-vision-humanufacturing\/"]}]},{"@type":"ImageObject","inLanguage":"pt-BR","@id":"https:\/\/www.comau.com\/pt-br\/about-us\/our-vision-humanufacturing\/#primaryimage","url":"https:\/\/www.comau.com\/wp-content\/uploads\/2021\/06\/Comau_Humanufaturing_HannoverMesse_header.jpg","contentUrl":"https:\/\/www.comau.com\/wp-content\/uploads\/2021\/06\/Comau_Humanufaturing_HannoverMesse_header.jpg","width":1280,"height":485},{"@type":"BreadcrumbList","@id":"https:\/\/www.comau.com\/pt-br\/about-us\/our-vision-humanufacturing\/#breadcrumb","itemListElement":[{"@type":"ListItem","position":1,"name":"Home","item":"https:\/\/www.comau.com\/pt-br\/"},{"@type":"ListItem","position":2,"name":"Sobre a Comau","item":"https:\/\/www.comau.com\/pt-br\/about-us\/"},{"@type":"ListItem","position":3,"name":"Vision: HUMANufacturing"}]},{"@type":"WebSite","@id":"https:\/\/www.comau.com\/pt-br\/#website","url":"https:\/\/www.comau.com\/pt-br\/","name":"Comau","description":"Industrial automation and robotics","publisher":{"@id":"https:\/\/www.comau.com\/pt-br\/#organization"},"potentialAction":[{"@type":"SearchAction","target":{"@type":"EntryPoint","urlTemplate":"https:\/\/www.comau.com\/pt-br\/?s={search_term_string}"},"query-input":{"@type":"PropertyValueSpecification","valueRequired":true,"valueName":"search_term_string"}}],"inLanguage":"pt-BR"},{"@type":"Organization","@id":"https:\/\/www.comau.com\/pt-br\/#organization","name":"Comau","url":"https:\/\/www.comau.com\/pt-br\/","logo":{"@type":"ImageObject","inLanguage":"pt-BR","@id":"https:\/\/www.comau.com\/pt-br\/#\/schema\/logo\/image\/","url":"https:\/\/www.comau.com\/wp-content\/uploads\/2024\/07\/cropped-Logo-COMAU.png","contentUrl":"https:\/\/www.comau.com\/wp-content\/uploads\/2024\/07\/cropped-Logo-COMAU.png","width":434,"height":434,"caption":"Comau"},"image":{"@id":"https:\/\/www.comau.com\/pt-br\/#\/schema\/logo\/image\/"},"sameAs":["https:\/\/www.facebook.com\/COMAU\/","https:\/\/x.com\/comaugroup","https:\/\/www.instagram.com\/comaugroup\/","https:\/\/www.linkedin.com\/company\/comau","https:\/\/www.youtube.com\/user\/comau"]}]}},"_links":{"self":[{"href":"https:\/\/www.comau.com\/pt-br\/wp-json\/wp\/v2\/pages\/13546","targetHints":{"allow":["GET"]}}],"collection":[{"href":"https:\/\/www.comau.com\/pt-br\/wp-json\/wp\/v2\/pages"}],"about":[{"href":"https:\/\/www.comau.com\/pt-br\/wp-json\/wp\/v2\/types\/page"}],"author":[{"embeddable":true,"href":"https:\/\/www.comau.com\/pt-br\/wp-json\/wp\/v2\/users\/11"}],"replies":[{"embeddable":true,"href":"https:\/\/www.comau.com\/pt-br\/wp-json\/wp\/v2\/comments?post=13546"}],"version-history":[{"count":49,"href":"https:\/\/www.comau.com\/pt-br\/wp-json\/wp\/v2\/pages\/13546\/revisions"}],"predecessor-version":[{"id":65032,"href":"https:\/\/www.comau.com\/pt-br\/wp-json\/wp\/v2\/pages\/13546\/revisions\/65032"}],"up":[{"embeddable":true,"href":"https:\/\/www.comau.com\/pt-br\/wp-json\/wp\/v2\/pages\/5217"}],"wp:featuredmedia":[{"embeddable":true,"href":"https:\/\/www.comau.com\/pt-br\/wp-json\/wp\/v2\/media\/4494"}],"wp:attachment":[{"href":"https:\/\/www.comau.com\/pt-br\/wp-json\/wp\/v2\/media?parent=13546"}],"curies":[{"name":"wp","href":"https:\/\/api.w.org\/{rel}","templated":true}]}}