{"id":82183,"date":"2025-10-16T11:01:53","date_gmt":"2025-10-16T09:01:53","guid":{"rendered":"https:\/\/www.comau.com\/?page_id=82183"},"modified":"2025-10-16T11:03:28","modified_gmt":"2025-10-16T09:03:28","slug":"un-innovativo-sistema-robotizzato-per-la-saldatura-ad-arco-che-aumenta-la-produttivita-e-riduce-i-costi-con-lia","status":"publish","type":"page","link":"https:\/\/www.comau.com\/it\/about-us\/success-stories\/un-innovativo-sistema-robotizzato-per-la-saldatura-ad-arco-che-aumenta-la-produttivita-e-riduce-i-costi-con-lia\/","title":{"rendered":"Un innovativo sistema robotizzato per la saldatura ad arco che aumenta la produttivit\u00e0 e riduce i costi con l\u2019IA"},"content":{"rendered":"\n<p>Gestire in modo efficiente e sicuro le applicazioni di saldatura \u00e8 una sfida cruciale per le aziende siderurgiche. Per affrontarla e garantire prodotti uniformi e di alta qualit\u00e0, sempre pi\u00f9 realt\u00e0 adottano soluzioni robotizzate, avanzate e intelligenti. La carenza di manodopera specializzata e i rischi legati a condizioni di lavoro difficili spingono ulteriormente verso l\u2019automazione, con l\u2019obiettivo di ottimizzare i processi, ridurre i costi e assicurare la sicurezza degli operatori.\u00c8 il caso di Tubosider, azienda italiana specializzata nella progettazione e produzione di soluzioni in acciaio per opere civili, con particolare attenzione alla sicurezza stradale e alla protezione ambientale \u2014 dalle barriere stradali e antirumore, alle condotte, rivestimenti per gallerie e serbatoi. Tubosider ha scelto di adottare una soluzione automatizzata per la saldatura ad arco sviluppata dall\u2019integratore di sistemi <a href=\"https:\/\/www.xmachine.org\/it\/index.html\">X Machine<\/a> Srl di Alba, basata sulle tecnologie Comau. La scelta \u00e8 ricaduta su un robot compatto della nuova S-Family di Comau, potenziato da un sistema di Intelligenza Artificiale, che ha permesso all\u2019azienda di migliorare la precisione e la sicurezza in tutte le fasi della saldatura, ottenendo al contempo maggiore sostenibilit\u00e0 ed efficienza economica.<\/p>\n\n\n\n<blockquote class=\"wp-block-quote is-layout-flow wp-block-quote-is-layout-flow\">\n<p><\/p>\n<\/blockquote>\n\n\n\n<div class=\"wp-block-group wide-section-light-1 py-5 my-5\"><div class=\"wp-block-group__inner-container is-layout-flow wp-block-group-is-layout-flow\">\n<blockquote class=\"wp-block-quote is-layout-flow wp-block-quote-is-layout-flow\">\n<blockquote class=\"wp-block-quote is-layout-flow wp-block-quote-is-layout-flow\">\n<p><\/p>\n<cite><em>&#8220;L\u2019inserimento di un robot di ultima generazione rappresenta solo il primo passo verso la fabbrica del futuro. La vera trasformazione nasce dall\u2019intelligenza che possiamo integrargli, capace di rendere la produzione non solo automatizzata, ma affidabile e predicibile. \u00c8 proprio da questa convinzione che prende forma la nostra collaborazione con Comau.&#8221;<\/em><br><br>Ing. Ediz Paripovic, CEO di X-Machine<br><\/cite><\/blockquote>\n<\/blockquote>\n<\/div><\/div>\n\n\n\n<div class=\"wp-block-columns is-layout-flex wp-container-core-columns-is-layout-9d6595d7 wp-block-columns-is-layout-flex\">\n<div class=\"wp-block-column is-layout-flow wp-block-column-is-layout-flow\">\n<h2 class=\"wp-block-heading h3\" id=\"the-challenge\">La Sfida<\/h2>\n\n\n\n<p>Tubosider si \u00e8 affidata a X-Machine Srl di Alba per realizzare un impianto robotizzato di saldatura ad arco, in grado di gestire componenti di diverse dimensioni, garantendo la massima efficienza produttiva e riducendo il carico sugli operatori.<\/p>\n\n\n\n<p>Le soluzioni robotizzate, a differenza delle operazioni manuali, assicurano saldature uniformi e di alta qualit\u00e0, riducono gli sprechi di materiale e aumentano la sicurezza, limitando l\u2019esposizione a condizioni di lavoro pericolose. Questo permette di incrementare la produttivit\u00e0 e mantenere la precisione necessaria per lavorazioni continue su larga scala.<\/p>\n\n\n\n<p>La soluzione richiesta da Tubosider doveva raggiungere obiettivi specifici. Doveva garantire saldature pi\u00f9 affidabili e altamente ripetibili, ottimizzare le operazioni di manutenzione nel medio-lungo termine e consentire la riassegnazione degli addetti alla saldatura manuale verso attivit\u00e0 pi\u00f9 sicure e di maggior valore.<\/p>\n<\/div>\n\n\n\n<div class=\"wp-block-column is-layout-flow wp-block-column-is-layout-flow\">\n<h2 class=\"wp-block-heading h3\" id=\"the-solution\">La Soluzione<\/h2>\n\n\n\n<p>X-Machine vanta una lunga collaborazione con Comau, partner tecnologico scelto per l\u2019affidabilit\u00e0 delle soluzioni di automazione avanzata, per i veloci e costanti servizi post-vendita e per una lunga e consolidata esperienza nel settore manifatturiero e, in particolare, in applicazioni di saldatura ad arco. Tutti i robot Comau sono infatti progettati per assicurare un&#8217;ottima ripetibilit\u00e0 e offrono funzionalit\u00e0 software di alto livello che permettono di incrementare la qualit\u00e0 della saldatura.&nbsp;<\/p>\n\n\n\n<p>Ecco perch\u00e8, per soddisfare le esigenze del cliente, X-Machine ha sviluppato un impianto di saldatura personalizzata e chiavi in mano integrato con il robot S-13 della gamma S-Family di Comau, potenziato con l\u2019Intelligenza Artificiale.<\/p>\n\n\n\n<p>A livello tecnico, questo modello Comau \u00e8 stato scelto per le alte prestazioni e per la sua struttura compatta: l\u2019S-13 ha un carico utile di 13 kg, uno sbraccio massimo di 1960 mm e un ingombro estremamente ridotto (33&#215;33 cm), che lo rendono adatto ad operare agilmente in spazi piccoli e angusti; grazie alle sue caratteristiche garantisce inoltre eccellenti tempi ciclo, grande ripetibilit\u00e0 e un\u2019elevata precisione del controllo del percorso. Infine, la sua configurazione a polso cavo, che facilita e protegge il passaggio dei cavi evitando un ulteriore ingombro esterno, \u00e8 ideale per applicazioni in ambienti critici, come la saldatura ad arco in siderurgia.<\/p>\n\n\n\n<p>Ogni fase del percorso di lavoro \u00e8 funzionale all\u2019ottenimento del risultato finale: prima di iniziare a saldare, il robot esegue una ricerca accurata del giunto, grazie ad una funzione intelligente che compensa automaticamente il disallineamento del pezzo, assicurando maggiore precisione e una qualit\u00e0 superiore della saldatura. Dopo aver completato il primo pezzo, il robot avvia immediatamente la saldatura del secondo, mantenendo un ritmo di produzione fluente e costante.<\/p>\n\n\n\n<p>L&#8217;intero processo \u00e8 gestito tramite un pannello di controllo centralizzato, progettato da X-Machine. Questa interfaccia intuitiva e veloce consente agli operatori di avviare e gestire i flussi di lavoro, accedere alla documentazione digitale, registrare le attivit\u00e0 e richiedere supporto, tutto da un&#8217;unica postazione.<\/p>\n\n\n\n<p>Per migliorare la sicurezza dell\u2019applicazione, in prossimit\u00e0 del robot \u00e8 stato posizionato una tavola girevole intelligente, che separa le zone di lavoro dell&#8217;operatore da quelle del robot. Questo sistema riduce ulteriormente i tempi ciclo, poich\u00e9 gli addetti e il braccio di saldatura possono svolgere i propri compiti parallelamente, in totale sicurezza, aumentando cos\u00ec la produttivit\u00e0 complessiva.<\/p>\n<\/div>\n<\/div>\n\n\n\n<figure class=\"wp-block-embed is-type-video is-provider-youtube wp-block-embed-youtube wp-embed-aspect-16-9 wp-has-aspect-ratio\"><div class=\"wp-block-embed__wrapper\">\n<iframe title=\"COMAU TUBOSIDER\" width=\"640\" height=\"360\" src=\"https:\/\/www.youtube.com\/embed\/5dDoswdhM8c?feature=oembed\" frameborder=\"0\" allow=\"accelerometer; autoplay; clipboard-write; encrypted-media; gyroscope; picture-in-picture; web-share\" referrerpolicy=\"strict-origin-when-cross-origin\" allowfullscreen><\/iframe>\n<\/div><\/figure>\n\n\n\n<div class=\"wp-block-group wide-section-light-1 py-5 my-5\"><div class=\"wp-block-group__inner-container is-layout-flow wp-block-group-is-layout-flow\">\n<div class=\"wp-block-group wide-section-light-1 py-5 my-5\"><div class=\"wp-block-group__inner-container is-layout-flow wp-block-group-is-layout-flow\">\n<h2 class=\"wp-block-heading h2\" id=\"the-results\">I Risultati<\/h2>\n\n\n\n<p>Gli obiettivi di Tubosider sono pienamente raggiunti: le saldature risultano affidabili e ad alta ripetibilit\u00e0, le operazioni di manutenzione sono ottimizzate nel medio-lungo periodo, e gli operatori precedentemente impegnati nella saldatura manuale vengono riallocati a compiti pi\u00f9 sicuri e a maggior valore aggiunto.<\/p>\n\n\n\n<p>Grazie al sistema robotizzato innovativo di X-Machine per la saldatura ad arco, Tubosider \u00e8 riuscita ad incrementare in modo significativo la propria efficienza, riducendo costi, consumi e tempi di produzione.&nbsp;<\/p>\n\n\n\n<p>In particolare, l\u2019integrazione con funzionalit\u00e0 di Intelligenza Artificiale ha permesso al robot Comau S-13 di ottenere livelli di produttivit\u00e0 e diagnostica ancora pi\u00f9 elevati. X-Machine, infatti, non ha progettato una semplice unit\u00e0 di lavoro ma un sistema d\u2019automazione che tramite software avanzati e l\u2019uso dell\u2019IA mette a disposizione del cliente un vero e proprio Gemello Digitale dell\u2019impianto per seguire e perfezionare in tempo reale l\u2019intero processo produttivo. Un sistema capace di raccogliere, interpretare e utilizzare milioni di dati indispensabili per prendere decisioni operative efficaci e concrete. I vantaggi offerti da questa soluzione sono quindi molteplici.<\/p>\n\n\n\n<p>La possibilit\u00e0 di condurre in autonomia l\u2019analisi dei parametri di produzione favorisce l\u2019ottimizzazione continua dell\u2019applicazione, la qualit\u00e0 di lavoro pu\u00f2 essere monitorata in tempo reale con scarti ridotti al minimo, mentre l\u2019efficienza complessiva dell\u2019impianto (OEE &#8211; Overall Equipment Effectiveness) viene mantenuta sempre sotto controllo dagli operatori grazie a dashboard chiare e intuitive.&nbsp;<\/p>\n\n\n\n<p>Non mancano i benefici legati alla diagnostica predittiva e alle soluzioni Industria 4.0. L\u2019Intelligenza Artificiale individua anomalie invisibili all\u2019occhio umano, aiutando a prevenire guasti. Inoltre, grazie a funzionalit\u00e0 intelligenti, la manutenzione dell\u2019unit\u00e0 di saldatura viene pianificata in base alle condizioni reali della macchina. In questo modo, gli interventi vengono effettuati tempestivamente solo quando necessario,con un conseguente risparmio di costi e riduzione dei tempi di inattivit\u00e0.<\/p>\n\n\n\n<div class=\"wp-block-columns is-layout-flex wp-container-core-columns-is-layout-9d6595d7 wp-block-columns-is-layout-flex\">\n<div class=\"wp-block-column is-layout-flow wp-block-column-is-layout-flow\">\n<div class=\"wp-block-getwid-counter \u00b0\"><div class=\"wp-block-getwid-counter__wrapper\" data-start=\"0\" data-end=\"35\" data-decimal-places=\"0\" data-duration=\"\" data-use-easing=\"true\" data-use-grouping=\"true\" data-separator=\",\" data-decimal=\".\" data-easing-fn=\"outExpo\" data-numerals=\"default\"><p class=\"wp-block-getwid-counter__prefix\">+<\/p><span class=\"wp-block-getwid-counter__number\">0<\/span><p class=\"wp-block-getwid-counter__suffix\">%<\/p><\/div><\/div>\n\n\n\n<p>efficienza<\/p>\n<\/div>\n\n\n\n<div class=\"wp-block-column is-layout-flow wp-block-column-is-layout-flow\">\n<div class=\"wp-block-getwid-counter\"><div class=\"wp-block-getwid-counter__wrapper\" data-start=\"0\" data-end=\"20\" data-decimal-places=\"0\" data-duration=\"3\" data-use-easing=\"true\" data-use-grouping=\"true\" data-separator=\",\" data-decimal=\".\" data-easing-fn=\"outExpo\" data-numerals=\"default\"><p class=\"wp-block-getwid-counter__prefix\">&#8211;<\/p><span class=\"wp-block-getwid-counter__number\">0<\/span><p class=\"wp-block-getwid-counter__suffix\">%<\/p><\/div><\/div>\n\n\n\n<p><strong>&nbsp;<strong>costi di manutenzione<\/strong><\/strong><\/p>\n<\/div>\n\n\n\n<div class=\"wp-block-column is-layout-flow wp-block-column-is-layout-flow\"><\/div>\n<\/div>\n<\/div><\/div>\n\n\n\n<div class=\"wp-block-columns is-layout-flex wp-container-core-columns-is-layout-9d6595d7 wp-block-columns-is-layout-flex\">\n<div class=\"wp-block-column is-layout-flow wp-block-column-is-layout-flow\"><\/div>\n\n\n\n<div class=\"wp-block-column is-layout-flow wp-block-column-is-layout-flow\"><\/div>\n<\/div>\n<\/div><\/div>\n","protected":false},"excerpt":{"rendered":"<p>Gestire in modo efficiente e sicuro le applicazioni di saldatura \u00e8 una sfida cruciale per le aziende siderurgiche. Per affrontarla e garantire prodotti uniformi e di alta qualit\u00e0, sempre pi\u00f9 realt\u00e0 adottano soluzioni robotizzate, avanzate e intelligenti. La carenza di manodopera specializzata e i rischi legati a condizioni di lavoro difficili spingono ulteriormente verso l\u2019automazione, [&hellip;]<\/p>\n","protected":false},"author":19,"featured_media":82168,"parent":41288,"menu_order":0,"comment_status":"closed","ping_status":"closed","template":"","meta":{"_acf_changed":false,"ep_exclude_from_search":false,"footnotes":""},"class_list":["post-82183","page","type-page","status-publish","has-post-thumbnail","hentry"],"acf":[],"yoast_head":"<!-- This site is optimized with the Yoast SEO plugin v26.9 - https:\/\/yoast.com\/product\/yoast-seo-wordpress\/ -->\n<title>Un innovativo sistema robotizzato per la saldatura ad arco che aumenta la produttivit\u00e0 e riduce i costi con l\u2019IA - Comau<\/title>\n<meta name=\"robots\" content=\"index, follow, max-snippet:-1, max-image-preview:large, max-video-preview:-1\" \/>\n<link rel=\"canonical\" href=\"https:\/\/www.comau.com\/it\/about-us\/success-stories\/un-innovativo-sistema-robotizzato-per-la-saldatura-ad-arco-che-aumenta-la-produttivita-e-riduce-i-costi-con-lia\/\" \/>\n<meta property=\"og:locale\" content=\"it_IT\" \/>\n<meta property=\"og:type\" content=\"article\" \/>\n<meta property=\"og:title\" content=\"Un innovativo sistema robotizzato per la saldatura ad arco che aumenta la produttivit\u00e0 e riduce i costi con l\u2019IA - Comau\" \/>\n<meta property=\"og:description\" content=\"Gestire in modo efficiente e sicuro le applicazioni di saldatura \u00e8 una sfida cruciale per le aziende siderurgiche. Per affrontarla e garantire prodotti uniformi e di alta qualit\u00e0, sempre pi\u00f9 realt\u00e0 adottano soluzioni robotizzate, avanzate e intelligenti. La carenza di manodopera specializzata e i rischi legati a condizioni di lavoro difficili spingono ulteriormente verso l\u2019automazione, [&hellip;]\" \/>\n<meta property=\"og:url\" content=\"https:\/\/www.comau.com\/it\/about-us\/success-stories\/un-innovativo-sistema-robotizzato-per-la-saldatura-ad-arco-che-aumenta-la-produttivita-e-riduce-i-costi-con-lia\/\" \/>\n<meta property=\"og:site_name\" content=\"Comau\" \/>\n<meta property=\"article:publisher\" content=\"https:\/\/www.facebook.com\/COMAU\/\" \/>\n<meta property=\"article:modified_time\" content=\"2025-10-16T09:03:28+00:00\" \/>\n<meta property=\"og:image\" content=\"https:\/\/www.comau.com\/wp-content\/uploads\/2025\/10\/HEADER-CS-TUBOSIDER.png\" \/>\n\t<meta property=\"og:image:width\" content=\"1450\" \/>\n\t<meta property=\"og:image:height\" content=\"450\" \/>\n\t<meta property=\"og:image:type\" content=\"image\/png\" \/>\n<meta name=\"twitter:card\" content=\"summary_large_image\" \/>\n<meta name=\"twitter:site\" content=\"@comaugroup\" \/>\n<meta name=\"twitter:label1\" content=\"Tempo di lettura stimato\" \/>\n\t<meta name=\"twitter:data1\" content=\"6 minuti\" \/>\n<script type=\"application\/ld+json\" class=\"yoast-schema-graph\">{\"@context\":\"https:\/\/schema.org\",\"@graph\":[{\"@type\":\"WebPage\",\"@id\":\"https:\/\/www.comau.com\/it\/about-us\/success-stories\/un-innovativo-sistema-robotizzato-per-la-saldatura-ad-arco-che-aumenta-la-produttivita-e-riduce-i-costi-con-lia\/\",\"url\":\"https:\/\/www.comau.com\/it\/about-us\/success-stories\/un-innovativo-sistema-robotizzato-per-la-saldatura-ad-arco-che-aumenta-la-produttivita-e-riduce-i-costi-con-lia\/\",\"name\":\"Un innovativo sistema robotizzato per la saldatura ad arco che aumenta la produttivit\u00e0 e riduce i costi con l\u2019IA - Comau\",\"isPartOf\":{\"@id\":\"https:\/\/www.comau.com\/it\/#website\"},\"primaryImageOfPage\":{\"@id\":\"https:\/\/www.comau.com\/it\/about-us\/success-stories\/un-innovativo-sistema-robotizzato-per-la-saldatura-ad-arco-che-aumenta-la-produttivita-e-riduce-i-costi-con-lia\/#primaryimage\"},\"image\":{\"@id\":\"https:\/\/www.comau.com\/it\/about-us\/success-stories\/un-innovativo-sistema-robotizzato-per-la-saldatura-ad-arco-che-aumenta-la-produttivita-e-riduce-i-costi-con-lia\/#primaryimage\"},\"thumbnailUrl\":\"https:\/\/www.comau.com\/wp-content\/uploads\/2025\/10\/HEADER-CS-TUBOSIDER.png\",\"datePublished\":\"2025-10-16T09:01:53+00:00\",\"dateModified\":\"2025-10-16T09:03:28+00:00\",\"breadcrumb\":{\"@id\":\"https:\/\/www.comau.com\/it\/about-us\/success-stories\/un-innovativo-sistema-robotizzato-per-la-saldatura-ad-arco-che-aumenta-la-produttivita-e-riduce-i-costi-con-lia\/#breadcrumb\"},\"inLanguage\":\"it-IT\",\"potentialAction\":[{\"@type\":\"ReadAction\",\"target\":[\"https:\/\/www.comau.com\/it\/about-us\/success-stories\/un-innovativo-sistema-robotizzato-per-la-saldatura-ad-arco-che-aumenta-la-produttivita-e-riduce-i-costi-con-lia\/\"]}]},{\"@type\":\"ImageObject\",\"inLanguage\":\"it-IT\",\"@id\":\"https:\/\/www.comau.com\/it\/about-us\/success-stories\/un-innovativo-sistema-robotizzato-per-la-saldatura-ad-arco-che-aumenta-la-produttivita-e-riduce-i-costi-con-lia\/#primaryimage\",\"url\":\"https:\/\/www.comau.com\/wp-content\/uploads\/2025\/10\/HEADER-CS-TUBOSIDER.png\",\"contentUrl\":\"https:\/\/www.comau.com\/wp-content\/uploads\/2025\/10\/HEADER-CS-TUBOSIDER.png\",\"width\":1450,\"height\":450},{\"@type\":\"BreadcrumbList\",\"@id\":\"https:\/\/www.comau.com\/it\/about-us\/success-stories\/un-innovativo-sistema-robotizzato-per-la-saldatura-ad-arco-che-aumenta-la-produttivita-e-riduce-i-costi-con-lia\/#breadcrumb\",\"itemListElement\":[{\"@type\":\"ListItem\",\"position\":1,\"name\":\"Home\",\"item\":\"https:\/\/www.comau.com\/it\/\"},{\"@type\":\"ListItem\",\"position\":2,\"name\":\"Questa \u00e8 Comau\",\"item\":\"https:\/\/www.comau.com\/it\/about-us\/\"},{\"@type\":\"ListItem\",\"position\":3,\"name\":\"Storie di successo\",\"item\":\"https:\/\/www.comau.com\/it\/about-us\/success-stories\/\"},{\"@type\":\"ListItem\",\"position\":4,\"name\":\"Un innovativo sistema robotizzato per la saldatura ad arco che aumenta la produttivit\u00e0 e riduce i costi con l\u2019IA\"}]},{\"@type\":\"WebSite\",\"@id\":\"https:\/\/www.comau.com\/it\/#website\",\"url\":\"https:\/\/www.comau.com\/it\/\",\"name\":\"Comau\",\"description\":\"Industrial automation and robotics\",\"publisher\":{\"@id\":\"https:\/\/www.comau.com\/it\/#organization\"},\"potentialAction\":[{\"@type\":\"SearchAction\",\"target\":{\"@type\":\"EntryPoint\",\"urlTemplate\":\"https:\/\/www.comau.com\/it\/?s={search_term_string}\"},\"query-input\":{\"@type\":\"PropertyValueSpecification\",\"valueRequired\":true,\"valueName\":\"search_term_string\"}}],\"inLanguage\":\"it-IT\"},{\"@type\":\"Organization\",\"@id\":\"https:\/\/www.comau.com\/it\/#organization\",\"name\":\"Comau\",\"url\":\"https:\/\/www.comau.com\/it\/\",\"logo\":{\"@type\":\"ImageObject\",\"inLanguage\":\"it-IT\",\"@id\":\"https:\/\/www.comau.com\/it\/#\/schema\/logo\/image\/\",\"url\":\"https:\/\/www.comau.com\/wp-content\/uploads\/2024\/07\/cropped-Logo-COMAU.png\",\"contentUrl\":\"https:\/\/www.comau.com\/wp-content\/uploads\/2024\/07\/cropped-Logo-COMAU.png\",\"width\":434,\"height\":434,\"caption\":\"Comau\"},\"image\":{\"@id\":\"https:\/\/www.comau.com\/it\/#\/schema\/logo\/image\/\"},\"sameAs\":[\"https:\/\/www.facebook.com\/COMAU\/\",\"https:\/\/x.com\/comaugroup\",\"https:\/\/www.instagram.com\/comaugroup\/\",\"https:\/\/www.linkedin.com\/company\/comau\",\"https:\/\/www.youtube.com\/user\/comau\"]}]}<\/script>\n<!-- \/ Yoast SEO plugin. -->","yoast_head_json":{"title":"Un innovativo sistema robotizzato per la saldatura ad arco che aumenta la produttivit\u00e0 e riduce i costi con l\u2019IA - Comau","robots":{"index":"index","follow":"follow","max-snippet":"max-snippet:-1","max-image-preview":"max-image-preview:large","max-video-preview":"max-video-preview:-1"},"canonical":"https:\/\/www.comau.com\/it\/about-us\/success-stories\/un-innovativo-sistema-robotizzato-per-la-saldatura-ad-arco-che-aumenta-la-produttivita-e-riduce-i-costi-con-lia\/","og_locale":"it_IT","og_type":"article","og_title":"Un innovativo sistema robotizzato per la saldatura ad arco che aumenta la produttivit\u00e0 e riduce i costi con l\u2019IA - Comau","og_description":"Gestire in modo efficiente e sicuro le applicazioni di saldatura \u00e8 una sfida cruciale per le aziende siderurgiche. Per affrontarla e garantire prodotti uniformi e di alta qualit\u00e0, sempre pi\u00f9 realt\u00e0 adottano soluzioni robotizzate, avanzate e intelligenti. La carenza di manodopera specializzata e i rischi legati a condizioni di lavoro difficili spingono ulteriormente verso l\u2019automazione, [&hellip;]","og_url":"https:\/\/www.comau.com\/it\/about-us\/success-stories\/un-innovativo-sistema-robotizzato-per-la-saldatura-ad-arco-che-aumenta-la-produttivita-e-riduce-i-costi-con-lia\/","og_site_name":"Comau","article_publisher":"https:\/\/www.facebook.com\/COMAU\/","article_modified_time":"2025-10-16T09:03:28+00:00","og_image":[{"width":1450,"height":450,"url":"https:\/\/www.comau.com\/wp-content\/uploads\/2025\/10\/HEADER-CS-TUBOSIDER.png","type":"image\/png"}],"twitter_card":"summary_large_image","twitter_site":"@comaugroup","twitter_misc":{"Tempo di lettura stimato":"6 minuti"},"schema":{"@context":"https:\/\/schema.org","@graph":[{"@type":"WebPage","@id":"https:\/\/www.comau.com\/it\/about-us\/success-stories\/un-innovativo-sistema-robotizzato-per-la-saldatura-ad-arco-che-aumenta-la-produttivita-e-riduce-i-costi-con-lia\/","url":"https:\/\/www.comau.com\/it\/about-us\/success-stories\/un-innovativo-sistema-robotizzato-per-la-saldatura-ad-arco-che-aumenta-la-produttivita-e-riduce-i-costi-con-lia\/","name":"Un innovativo sistema robotizzato per la saldatura ad arco che aumenta la produttivit\u00e0 e riduce i costi con l\u2019IA - Comau","isPartOf":{"@id":"https:\/\/www.comau.com\/it\/#website"},"primaryImageOfPage":{"@id":"https:\/\/www.comau.com\/it\/about-us\/success-stories\/un-innovativo-sistema-robotizzato-per-la-saldatura-ad-arco-che-aumenta-la-produttivita-e-riduce-i-costi-con-lia\/#primaryimage"},"image":{"@id":"https:\/\/www.comau.com\/it\/about-us\/success-stories\/un-innovativo-sistema-robotizzato-per-la-saldatura-ad-arco-che-aumenta-la-produttivita-e-riduce-i-costi-con-lia\/#primaryimage"},"thumbnailUrl":"https:\/\/www.comau.com\/wp-content\/uploads\/2025\/10\/HEADER-CS-TUBOSIDER.png","datePublished":"2025-10-16T09:01:53+00:00","dateModified":"2025-10-16T09:03:28+00:00","breadcrumb":{"@id":"https:\/\/www.comau.com\/it\/about-us\/success-stories\/un-innovativo-sistema-robotizzato-per-la-saldatura-ad-arco-che-aumenta-la-produttivita-e-riduce-i-costi-con-lia\/#breadcrumb"},"inLanguage":"it-IT","potentialAction":[{"@type":"ReadAction","target":["https:\/\/www.comau.com\/it\/about-us\/success-stories\/un-innovativo-sistema-robotizzato-per-la-saldatura-ad-arco-che-aumenta-la-produttivita-e-riduce-i-costi-con-lia\/"]}]},{"@type":"ImageObject","inLanguage":"it-IT","@id":"https:\/\/www.comau.com\/it\/about-us\/success-stories\/un-innovativo-sistema-robotizzato-per-la-saldatura-ad-arco-che-aumenta-la-produttivita-e-riduce-i-costi-con-lia\/#primaryimage","url":"https:\/\/www.comau.com\/wp-content\/uploads\/2025\/10\/HEADER-CS-TUBOSIDER.png","contentUrl":"https:\/\/www.comau.com\/wp-content\/uploads\/2025\/10\/HEADER-CS-TUBOSIDER.png","width":1450,"height":450},{"@type":"BreadcrumbList","@id":"https:\/\/www.comau.com\/it\/about-us\/success-stories\/un-innovativo-sistema-robotizzato-per-la-saldatura-ad-arco-che-aumenta-la-produttivita-e-riduce-i-costi-con-lia\/#breadcrumb","itemListElement":[{"@type":"ListItem","position":1,"name":"Home","item":"https:\/\/www.comau.com\/it\/"},{"@type":"ListItem","position":2,"name":"Questa \u00e8 Comau","item":"https:\/\/www.comau.com\/it\/about-us\/"},{"@type":"ListItem","position":3,"name":"Storie di successo","item":"https:\/\/www.comau.com\/it\/about-us\/success-stories\/"},{"@type":"ListItem","position":4,"name":"Un innovativo sistema robotizzato per la saldatura ad arco che aumenta la produttivit\u00e0 e riduce i costi con l\u2019IA"}]},{"@type":"WebSite","@id":"https:\/\/www.comau.com\/it\/#website","url":"https:\/\/www.comau.com\/it\/","name":"Comau","description":"Industrial automation and robotics","publisher":{"@id":"https:\/\/www.comau.com\/it\/#organization"},"potentialAction":[{"@type":"SearchAction","target":{"@type":"EntryPoint","urlTemplate":"https:\/\/www.comau.com\/it\/?s={search_term_string}"},"query-input":{"@type":"PropertyValueSpecification","valueRequired":true,"valueName":"search_term_string"}}],"inLanguage":"it-IT"},{"@type":"Organization","@id":"https:\/\/www.comau.com\/it\/#organization","name":"Comau","url":"https:\/\/www.comau.com\/it\/","logo":{"@type":"ImageObject","inLanguage":"it-IT","@id":"https:\/\/www.comau.com\/it\/#\/schema\/logo\/image\/","url":"https:\/\/www.comau.com\/wp-content\/uploads\/2024\/07\/cropped-Logo-COMAU.png","contentUrl":"https:\/\/www.comau.com\/wp-content\/uploads\/2024\/07\/cropped-Logo-COMAU.png","width":434,"height":434,"caption":"Comau"},"image":{"@id":"https:\/\/www.comau.com\/it\/#\/schema\/logo\/image\/"},"sameAs":["https:\/\/www.facebook.com\/COMAU\/","https:\/\/x.com\/comaugroup","https:\/\/www.instagram.com\/comaugroup\/","https:\/\/www.linkedin.com\/company\/comau","https:\/\/www.youtube.com\/user\/comau"]}]}},"_links":{"self":[{"href":"https:\/\/www.comau.com\/it\/wp-json\/wp\/v2\/pages\/82183","targetHints":{"allow":["GET"]}}],"collection":[{"href":"https:\/\/www.comau.com\/it\/wp-json\/wp\/v2\/pages"}],"about":[{"href":"https:\/\/www.comau.com\/it\/wp-json\/wp\/v2\/types\/page"}],"author":[{"embeddable":true,"href":"https:\/\/www.comau.com\/it\/wp-json\/wp\/v2\/users\/19"}],"replies":[{"embeddable":true,"href":"https:\/\/www.comau.com\/it\/wp-json\/wp\/v2\/comments?post=82183"}],"version-history":[{"count":6,"href":"https:\/\/www.comau.com\/it\/wp-json\/wp\/v2\/pages\/82183\/revisions"}],"predecessor-version":[{"id":82193,"href":"https:\/\/www.comau.com\/it\/wp-json\/wp\/v2\/pages\/82183\/revisions\/82193"}],"up":[{"embeddable":true,"href":"https:\/\/www.comau.com\/it\/wp-json\/wp\/v2\/pages\/41288"}],"wp:featuredmedia":[{"embeddable":true,"href":"https:\/\/www.comau.com\/it\/wp-json\/wp\/v2\/media\/82168"}],"wp:attachment":[{"href":"https:\/\/www.comau.com\/it\/wp-json\/wp\/v2\/media?parent=82183"}],"curies":[{"name":"wp","href":"https:\/\/api.w.org\/{rel}","templated":true}]}}