{"id":6463,"date":"2021-07-01T01:09:11","date_gmt":"2021-06-30T23:09:11","guid":{"rendered":"https:\/\/www.comau.com\/?page_id=6463"},"modified":"2021-08-27T15:25:05","modified_gmt":"2021-08-27T13:25:05","slug":"project-management","status":"publish","type":"page","link":"https:\/\/www.comau.com\/it\/competencies\/systems\/consultancy-education\/project-management\/","title":{"rendered":"Project Management"},"content":{"rendered":"\n<h2 class=\"wp-block-heading\">Creiamo valore per i nostri clienti<\/h2>\n\n\n\n<p>Il nostro business si basa sui progetti e i nostri progetti sono complessi. Anzitutto, devono attuarsi in sofisticati sistemi automatizzati; in secondo luogo, dato che operiamo in un mercato globale, dobbiamo integrare contributi ed esigenze globali (internamente alla nostra organizzazione ed esternamente, nelle aziende dei nostri clienti).<\/p>\n\n\n\n<p>Il Project Management non \u00e8 solo un\u2019esigenza interna; comporta anche un valore aggiunto per i nostri clienti. Obiettivo dei nostri progetti \u00e8 la loro buona riuscita, che si traduce anche nel successo per i nostri clienti, che contano su di noi per realizzare le loro strategie di business.<\/p>\n\n\n\n<p>Per noi, il Project Management determina pi\u00f9 della semplice riuscita del progetto corrente; \u00e8 un fattore primario nella gestione della crescita futura.<\/p>\n\n\n\n<p>Il Project Management assume un ruolo centrale nella nostra strategia organizzativa. <\/p>\n\n\n\n<p>\u00c8 per questo motivo che Comau ha sviluppato strumenti e modelli integrati che gli consentano di operare meglio, in modo sempre pi\u00f9 intelligente ed efficace.<\/p>\n\n\n\n<div class=\"wp-block-columns columns-bg-dark three-per-row is-layout-flex wp-container-core-columns-is-layout-9d6595d7 wp-block-columns-is-layout-flex\">\n<div class=\"wp-block-column is-layout-flow wp-block-column-is-layout-flow\">\n<h3 class=\"wp-block-heading\">Project Management Office<\/h3>\n\n\n\n<p><strong>Il nostro impegno nella gestione dei progetti affonda le sue radici nei valori fondamentali di Comau<\/strong><\/p>\n\n\n\n<p>L\u2019unico modo per gestire un progetto \u00e8 far s\u00ec che i contributi provenienti da parti diverse del gruppo vengano riuniti e possano operare all\u2019unisono. Questo \u00e8 il vero obiettivo del nostro Project Management Office (PMO), che gestisce processi, strumenti e metodologie che possono rafforzare il livello di cooperazione nell\u2019intero gruppo.<\/p>\n<\/div>\n\n\n\n<div class=\"wp-block-column is-layout-flow wp-block-column-is-layout-flow\">\n<h3 class=\"wp-block-heading\">Risk Management<\/h3>\n\n\n\n<p><strong>Lo percepiamo come una responsabilit\u00e0 di tutti<\/strong><\/p>\n\n\n\n<p>Comau sa perfettamente che il rischio \u00e8 parte integrante della sfida quotidiana nella governance del business. Un\u2019efficace gestione del rischio crea opportunit\u00e0 e vantaggi competitivi per Comau e contribuisce notevolmente a sviluppare la fiducia dei nostri clienti e partner commerciali.<\/p>\n\n\n\n<div class=\"wp-block-buttons is-layout-flex wp-block-buttons-is-layout-flex\">\n<div class=\"wp-block-button\"><a class=\"wp-block-button__link\" href=\"https:\/\/www.comau.com\/it\/competencies\/systems\/consultancy-education\/project-management\/risk-management\/\">Leggi di pi\u00f9<\/a><\/div>\n<\/div>\n<\/div>\n\n\n\n<div class=\"wp-block-column is-layout-flow wp-block-column-is-layout-flow\">\n<h3 class=\"wp-block-heading\">Project Management Academy<\/h3>\n\n\n\n<p><strong>Sviluppiamo l\u2019efficienza delle persone<\/strong><\/p>\n\n\n\n<p>La Project Management Academy \u00e8 il posto in cui teoria e pratica si incontrano per supportare le persone nel loro percorso di crescita. Per noi, infatti, le persone rappresentano il fattore chiave per il conseguimento del successo dei nostri progetti.<\/p>\n\n\n\n<div class=\"wp-block-buttons is-layout-flex wp-block-buttons-is-layout-flex\">\n<div class=\"wp-block-button\"><a class=\"wp-block-button__link\" href=\"https:\/\/www.comau.com\/it\/competencies\/services\/project-management-academy\/\">Leggi di pi\u00f9<\/a><\/div>\n<\/div>\n<\/div>\n<\/div>\n\n\n\n<h2 class=\"wp-block-heading\">Offriamo soluzioni<\/h2>\n\n\n\n<p>Abbiamo sviluppato soluzioni su misura collaborando fianco a fianco con i nostri clienti e con i migliori professionisti presenti sul mercato. L\u2019esecuzione dei nostri progetti riesce con successo grazie al feedback continuo basato su sistemi di scambio del Project Management, solidi processi aziendali e team dedicati di gestione progetto. Collaborando e lavorando in tandem, l\u2019attenzione di ciascuno di noi \u00e8 focalizzata sul conseguimento e sul mantenimento degli obiettivi nel corso del tempo.<\/p>\n\n\n\n<p>Inoltre, la partnership che costruiamo con i clienti durante un progetto non termina alla conclusione del progetto, ma continua per lungo tempo dopo il suo avvio (dopo i servizi post vendita, i progetti di retooling, il miglioramento del processo di produzione).<\/p>\n\n\n\n<h2 class=\"wp-block-heading\">Promuoviamo la competenza nel Project e Program Management<\/h2>\n\n\n\n<p>Riteniamo che un Project Management focalizzato sulla leadership possa fare la differenza tra riuscita e insuccesso, e abbiamo creato la Comau Project Management Academy (PM Academy) per aiutare i manager di qualsiasi livello a perfezionare le loro capacit\u00e0 e la loro cultura nell\u2019ambito della leadership. <\/p>\n\n\n\n<p>La PM Academy, che \u00e8 diventata un autentico centro di eccellenza all\u2019interno di Stellantis N.V., \u00e8 un REP\u00ae (Registered Education Provider) globale certificato. Riconosciuta ufficialmente dal Project Management Institute (PMI)\u00ae, la pi\u00f9 grande associazione internazionale di Project Management a livello professionale, offre corsi di formazione per PM in varie sedi nel mondo.<\/p>\n\n\n\n<p>PMI is a registered mark of the Project Management Institute, Inc.<\/p>\n\n\n\n<h2 class=\"wp-block-heading\">Investiamo nella certificazione Project Management Professional (PMP)\u00ae a livello globale<\/h2>\n\n\n\n<div class=\"wp-block-image\"><figure class=\"aligncenter size-large\"><img decoding=\"async\" width=\"590\" height=\"405\" src=\"https:\/\/www.comau.com\/wp-content\/uploads\/2021\/06\/grafico-PMP-certification_2.jpg\" alt=\"\" class=\"wp-image-6480\" srcset=\"https:\/\/www.comau.com\/wp-content\/uploads\/2021\/06\/grafico-PMP-certification_2.jpg 590w, https:\/\/www.comau.com\/wp-content\/uploads\/2021\/06\/grafico-PMP-certification_2-300x206.jpg 300w\" sizes=\"(max-width: 590px) 100vw, 590px\" \/><figcaption>The chart bars represent the Comau Managers who have PMP\u00ae Certification.<br>PMP is a registered marks of the Project Management Institute, Inc.<\/figcaption><\/figure><\/div>\n\n\n\n<div class=\"wp-block-buttons is-layout-flex wp-block-buttons-is-layout-flex\">\n<div class=\"wp-block-button\"><a class=\"wp-block-button__link\" href=\"https:\/\/www.pmi.org\/\" target=\"_blank\" rel=\"noreferrer noopener\">Esplora il portale PMI<\/a><\/div>\n<\/div>\n\n\n\n<h2 class=\"wp-block-heading\">Multicultural Project Management \u2013 La nuova sfida<\/h2>\n\n\n\n<p>In Comau, la maggior parte dei progetti copre vari paesi, luoghi in cui si incontrano esigenze culturalmente diverse e la cui integrazione \u00e8 un fattore cruciale per la riuscita del progetto. Ecco perch\u00e9 ci aspettiamo che i nostri PM abbiano familiarit\u00e0 con pi\u00f9 culture, siano in grado di sostenere proattivamente la creazione di team interculturali e guidare progetti interculturali. Per rispondere a questa esigenza, abbiamo sviluppato uno specifico programma interculturale per PM che si propone di facilitare la collaborazione fra team composti da persone di nazionalit\u00e0 diverse.<\/p>\n\n\n\n<p>Gli strumenti pratici cos\u00ec prodotti sono stati raccolti in una toolbox che i Project Manager utilizzano nei loro progetti. <\/p>\n\n\n\n<h2 class=\"wp-block-heading\">Multicultural Toolbox<\/h2>\n\n\n\n<p>La nostra toolbox include tre aree relative alle fasi principali del ciclo di vita di un team, durante un progetto. <\/p>\n\n\n\n<ul class=\"wp-block-list\"><li><strong>Building a Project Team<\/strong> &#8211; include strumenti che supportano le attivit\u00e0 iniziali di un progetto.<\/li><li><strong>Managing a Project Team<\/strong> &#8211; include strumenti che supportano la pianificazione, l&#8217;esecuzione, il monitoraggio e il controllo delle attivit\u00e0.<\/li><li><strong>Learning from a Project Team<\/strong> &#8211; include strumenti che supportano le attivit\u00e0 finali.<\/li><\/ul>\n\n\n\n<p>Questi tredici strumenti pratici, distribuiti fra queste tre aree, costituiscono la base per una gestione di successo di un team multiculturale.<\/p>\n\n\n\n<h3 class=\"wp-block-heading\">Costruire un team di progetto<\/h3>\n\n\n\n<ul class=\"wp-block-list\"><li>Audit delle risorse del team<\/li><li>Ritratto di cultura di squadra<\/li><li>Progetto Albero della Vita<\/li><li>Scopo comune<\/li><li>Regole di base della squadra<\/li><li>Profilo di comunicazione<\/li><\/ul>\n\n\n\n<h3 class=\"wp-block-heading\">Gestire un team di progetto<\/h3>\n\n\n\n<ul class=\"wp-block-list\"><li>Allineare le pratiche di lavoro<\/li><li>Audit di comunicazione del progetto<\/li><li>Diversit\u00e0 culturale e comunicazione scritta<\/li><li>Influenzare la mappa degli stili<\/li><li>Matrice di stile di conflitto<\/li><\/ul>\n\n\n\n<h3 class=\"wp-block-heading\">Imparare da un team di progetto<\/h3>\n\n\n\n<ul class=\"wp-block-list\"><li>Rivedere, riflettere, rivedere<\/li><li>Mappa mentale di divulgazione<\/li><\/ul>\n\n\n\n<div class=\"wp-block-columns align-items-center wide-section-light-1 is-layout-flex wp-container-core-columns-is-layout-9d6595d7 wp-block-columns-is-layout-flex\">\n<div class=\"wp-block-column is-layout-flow wp-block-column-is-layout-flow\">\n<h2 class=\"wp-block-heading\">Managing Challenges Across Cultures<\/h2>\n\n\n\n<p>La toolbox Comau \u00e8 ora disponibile in una nuova pubblicazione di Comau Academy, Managing Challenges Across Cultures \u2013 A Multicultural project team toolbox. Si tratta di una guida completa che presenta informazioni strategiche e pratiche, adattabili secondo esigenze specifiche, pensata per la gestione di progetti in un contesto internazionale e interculturale.<\/p>\n\n\n\n<div class=\"wp-block-buttons is-layout-flex wp-block-buttons-is-layout-flex\">\n<div class=\"wp-block-button\"><a class=\"wp-block-button__link\" href=\"https:\/\/www.comau.com\/it\/competencies\/systems\/educational-robotics\/publications\/\">Leggi di pi\u00f9<\/a><\/div>\n<\/div>\n<\/div>\n\n\n\n<div class=\"wp-block-column is-layout-flow wp-block-column-is-layout-flow\">\n<figure class=\"wp-block-image size-large\"><img decoding=\"async\" width=\"709\" height=\"578\" src=\"https:\/\/www.comau.com\/wp-content\/uploads\/2021\/06\/comau_book.png\" alt=\"\" class=\"wp-image-6481\" srcset=\"https:\/\/www.comau.com\/wp-content\/uploads\/2021\/06\/comau_book.png 709w, https:\/\/www.comau.com\/wp-content\/uploads\/2021\/06\/comau_book-300x245.png 300w\" sizes=\"(max-width: 709px) 100vw, 709px\" \/><\/figure>\n<\/div>\n<\/div>\n","protected":false},"excerpt":{"rendered":"<p>Creiamo valore per i nostri clienti Il nostro business si basa sui progetti e i nostri progetti sono complessi. Anzitutto, devono attuarsi in sofisticati sistemi automatizzati; in secondo luogo, dato che operiamo in un mercato globale, dobbiamo integrare contributi ed esigenze globali (internamente alla nostra organizzazione ed esternamente, nelle aziende dei nostri clienti). Il Project [&hellip;]<\/p>\n","protected":false},"author":11,"featured_media":6479,"parent":28603,"menu_order":9,"comment_status":"closed","ping_status":"closed","template":"","meta":{"_acf_changed":false,"ep_exclude_from_search":false,"footnotes":""},"class_list":["post-6463","page","type-page","status-publish","has-post-thumbnail","hentry"],"acf":[],"yoast_head":"<!-- This site is optimized with the Yoast SEO plugin v26.9 - https:\/\/yoast.com\/product\/yoast-seo-wordpress\/ -->\n<title>Project management orientato ai risultati - Comau<\/title>\n<meta name=\"description\" content=\"Comau dedica molte risorse per garantire un&#039;elevata qualit\u00e0 produttiva. Attraverso il project management creiamo strategie mirate a livello globale.\" \/>\n<meta name=\"robots\" content=\"index, follow, max-snippet:-1, max-image-preview:large, max-video-preview:-1\" \/>\n<link rel=\"canonical\" href=\"https:\/\/www.comau.com\/it\/competencies\/systems\/consultancy-education\/project-management\/\" \/>\n<meta property=\"og:locale\" content=\"it_IT\" \/>\n<meta property=\"og:type\" content=\"article\" \/>\n<meta property=\"og:title\" content=\"Project management orientato ai risultati - Comau\" \/>\n<meta property=\"og:description\" content=\"Comau dedica molte risorse per garantire un&#039;elevata qualit\u00e0 produttiva. Attraverso il project management creiamo strategie mirate a livello globale.\" \/>\n<meta property=\"og:url\" content=\"https:\/\/www.comau.com\/it\/competencies\/systems\/consultancy-education\/project-management\/\" \/>\n<meta property=\"og:site_name\" content=\"Comau\" \/>\n<meta property=\"article:publisher\" content=\"https:\/\/www.facebook.com\/COMAU\/\" \/>\n<meta property=\"article:modified_time\" content=\"2021-08-27T13:25:05+00:00\" \/>\n<meta property=\"og:image\" content=\"https:\/\/www.comau.com\/wp-content\/uploads\/2021\/06\/project-management_header.jpg\" \/>\n\t<meta property=\"og:image:width\" content=\"1280\" \/>\n\t<meta property=\"og:image:height\" content=\"485\" \/>\n\t<meta property=\"og:image:type\" content=\"image\/jpeg\" \/>\n<meta name=\"twitter:card\" content=\"summary_large_image\" \/>\n<meta name=\"twitter:site\" content=\"@comaugroup\" \/>\n<meta name=\"twitter:label1\" content=\"Tempo di lettura stimato\" \/>\n\t<meta name=\"twitter:data1\" content=\"5 minuti\" \/>\n<script type=\"application\/ld+json\" class=\"yoast-schema-graph\">{\"@context\":\"https:\/\/schema.org\",\"@graph\":[{\"@type\":\"WebPage\",\"@id\":\"https:\/\/www.comau.com\/it\/competencies\/systems\/consultancy-education\/project-management\/\",\"url\":\"https:\/\/www.comau.com\/it\/competencies\/systems\/consultancy-education\/project-management\/\",\"name\":\"Project management orientato ai risultati - Comau\",\"isPartOf\":{\"@id\":\"https:\/\/www.comau.com\/it\/#website\"},\"primaryImageOfPage\":{\"@id\":\"https:\/\/www.comau.com\/it\/competencies\/systems\/consultancy-education\/project-management\/#primaryimage\"},\"image\":{\"@id\":\"https:\/\/www.comau.com\/it\/competencies\/systems\/consultancy-education\/project-management\/#primaryimage\"},\"thumbnailUrl\":\"https:\/\/www.comau.com\/wp-content\/uploads\/2021\/06\/project-management_header.jpg\",\"datePublished\":\"2021-06-30T23:09:11+00:00\",\"dateModified\":\"2021-08-27T13:25:05+00:00\",\"description\":\"Comau dedica molte risorse per garantire un'elevata qualit\u00e0 produttiva. Attraverso il project management creiamo strategie mirate a livello globale.\",\"breadcrumb\":{\"@id\":\"https:\/\/www.comau.com\/it\/competencies\/systems\/consultancy-education\/project-management\/#breadcrumb\"},\"inLanguage\":\"it-IT\",\"potentialAction\":[{\"@type\":\"ReadAction\",\"target\":[\"https:\/\/www.comau.com\/it\/competencies\/systems\/consultancy-education\/project-management\/\"]}]},{\"@type\":\"ImageObject\",\"inLanguage\":\"it-IT\",\"@id\":\"https:\/\/www.comau.com\/it\/competencies\/systems\/consultancy-education\/project-management\/#primaryimage\",\"url\":\"https:\/\/www.comau.com\/wp-content\/uploads\/2021\/06\/project-management_header.jpg\",\"contentUrl\":\"https:\/\/www.comau.com\/wp-content\/uploads\/2021\/06\/project-management_header.jpg\",\"width\":1280,\"height\":485},{\"@type\":\"BreadcrumbList\",\"@id\":\"https:\/\/www.comau.com\/it\/competencies\/systems\/consultancy-education\/project-management\/#breadcrumb\",\"itemListElement\":[{\"@type\":\"ListItem\",\"position\":1,\"name\":\"Home\",\"item\":\"https:\/\/www.comau.com\/it\/\"},{\"@type\":\"ListItem\",\"position\":2,\"name\":\"Le Nostre Competenze\",\"item\":\"https:\/\/www.comau.com\/it\/competencies\/\"},{\"@type\":\"ListItem\",\"position\":3,\"name\":\"Consultancy &amp; Education\",\"item\":\"https:\/\/www.comau.com\/it\/competencies\/consultancy-education\/\"},{\"@type\":\"ListItem\",\"position\":4,\"name\":\"Project Management\"}]},{\"@type\":\"WebSite\",\"@id\":\"https:\/\/www.comau.com\/it\/#website\",\"url\":\"https:\/\/www.comau.com\/it\/\",\"name\":\"Comau\",\"description\":\"Industrial automation and robotics\",\"publisher\":{\"@id\":\"https:\/\/www.comau.com\/it\/#organization\"},\"potentialAction\":[{\"@type\":\"SearchAction\",\"target\":{\"@type\":\"EntryPoint\",\"urlTemplate\":\"https:\/\/www.comau.com\/it\/?s={search_term_string}\"},\"query-input\":{\"@type\":\"PropertyValueSpecification\",\"valueRequired\":true,\"valueName\":\"search_term_string\"}}],\"inLanguage\":\"it-IT\"},{\"@type\":\"Organization\",\"@id\":\"https:\/\/www.comau.com\/it\/#organization\",\"name\":\"Comau\",\"url\":\"https:\/\/www.comau.com\/it\/\",\"logo\":{\"@type\":\"ImageObject\",\"inLanguage\":\"it-IT\",\"@id\":\"https:\/\/www.comau.com\/it\/#\/schema\/logo\/image\/\",\"url\":\"https:\/\/www.comau.com\/wp-content\/uploads\/2024\/07\/cropped-Logo-COMAU.png\",\"contentUrl\":\"https:\/\/www.comau.com\/wp-content\/uploads\/2024\/07\/cropped-Logo-COMAU.png\",\"width\":434,\"height\":434,\"caption\":\"Comau\"},\"image\":{\"@id\":\"https:\/\/www.comau.com\/it\/#\/schema\/logo\/image\/\"},\"sameAs\":[\"https:\/\/www.facebook.com\/COMAU\/\",\"https:\/\/x.com\/comaugroup\",\"https:\/\/www.instagram.com\/comaugroup\/\",\"https:\/\/www.linkedin.com\/company\/comau\",\"https:\/\/www.youtube.com\/user\/comau\"]}]}<\/script>\n<!-- \/ Yoast SEO plugin. -->","yoast_head_json":{"title":"Project management orientato ai risultati - Comau","description":"Comau dedica molte risorse per garantire un'elevata qualit\u00e0 produttiva. Attraverso il project management creiamo strategie mirate a livello globale.","robots":{"index":"index","follow":"follow","max-snippet":"max-snippet:-1","max-image-preview":"max-image-preview:large","max-video-preview":"max-video-preview:-1"},"canonical":"https:\/\/www.comau.com\/it\/competencies\/systems\/consultancy-education\/project-management\/","og_locale":"it_IT","og_type":"article","og_title":"Project management orientato ai risultati - Comau","og_description":"Comau dedica molte risorse per garantire un'elevata qualit\u00e0 produttiva. Attraverso il project management creiamo strategie mirate a livello globale.","og_url":"https:\/\/www.comau.com\/it\/competencies\/systems\/consultancy-education\/project-management\/","og_site_name":"Comau","article_publisher":"https:\/\/www.facebook.com\/COMAU\/","article_modified_time":"2021-08-27T13:25:05+00:00","og_image":[{"width":1280,"height":485,"url":"https:\/\/www.comau.com\/wp-content\/uploads\/2021\/06\/project-management_header.jpg","type":"image\/jpeg"}],"twitter_card":"summary_large_image","twitter_site":"@comaugroup","twitter_misc":{"Tempo di lettura stimato":"5 minuti"},"schema":{"@context":"https:\/\/schema.org","@graph":[{"@type":"WebPage","@id":"https:\/\/www.comau.com\/it\/competencies\/systems\/consultancy-education\/project-management\/","url":"https:\/\/www.comau.com\/it\/competencies\/systems\/consultancy-education\/project-management\/","name":"Project management orientato ai risultati - Comau","isPartOf":{"@id":"https:\/\/www.comau.com\/it\/#website"},"primaryImageOfPage":{"@id":"https:\/\/www.comau.com\/it\/competencies\/systems\/consultancy-education\/project-management\/#primaryimage"},"image":{"@id":"https:\/\/www.comau.com\/it\/competencies\/systems\/consultancy-education\/project-management\/#primaryimage"},"thumbnailUrl":"https:\/\/www.comau.com\/wp-content\/uploads\/2021\/06\/project-management_header.jpg","datePublished":"2021-06-30T23:09:11+00:00","dateModified":"2021-08-27T13:25:05+00:00","description":"Comau dedica molte risorse per garantire un'elevata qualit\u00e0 produttiva. Attraverso il project management creiamo strategie mirate a livello globale.","breadcrumb":{"@id":"https:\/\/www.comau.com\/it\/competencies\/systems\/consultancy-education\/project-management\/#breadcrumb"},"inLanguage":"it-IT","potentialAction":[{"@type":"ReadAction","target":["https:\/\/www.comau.com\/it\/competencies\/systems\/consultancy-education\/project-management\/"]}]},{"@type":"ImageObject","inLanguage":"it-IT","@id":"https:\/\/www.comau.com\/it\/competencies\/systems\/consultancy-education\/project-management\/#primaryimage","url":"https:\/\/www.comau.com\/wp-content\/uploads\/2021\/06\/project-management_header.jpg","contentUrl":"https:\/\/www.comau.com\/wp-content\/uploads\/2021\/06\/project-management_header.jpg","width":1280,"height":485},{"@type":"BreadcrumbList","@id":"https:\/\/www.comau.com\/it\/competencies\/systems\/consultancy-education\/project-management\/#breadcrumb","itemListElement":[{"@type":"ListItem","position":1,"name":"Home","item":"https:\/\/www.comau.com\/it\/"},{"@type":"ListItem","position":2,"name":"Le Nostre Competenze","item":"https:\/\/www.comau.com\/it\/competencies\/"},{"@type":"ListItem","position":3,"name":"Consultancy &amp; Education","item":"https:\/\/www.comau.com\/it\/competencies\/consultancy-education\/"},{"@type":"ListItem","position":4,"name":"Project Management"}]},{"@type":"WebSite","@id":"https:\/\/www.comau.com\/it\/#website","url":"https:\/\/www.comau.com\/it\/","name":"Comau","description":"Industrial automation and robotics","publisher":{"@id":"https:\/\/www.comau.com\/it\/#organization"},"potentialAction":[{"@type":"SearchAction","target":{"@type":"EntryPoint","urlTemplate":"https:\/\/www.comau.com\/it\/?s={search_term_string}"},"query-input":{"@type":"PropertyValueSpecification","valueRequired":true,"valueName":"search_term_string"}}],"inLanguage":"it-IT"},{"@type":"Organization","@id":"https:\/\/www.comau.com\/it\/#organization","name":"Comau","url":"https:\/\/www.comau.com\/it\/","logo":{"@type":"ImageObject","inLanguage":"it-IT","@id":"https:\/\/www.comau.com\/it\/#\/schema\/logo\/image\/","url":"https:\/\/www.comau.com\/wp-content\/uploads\/2024\/07\/cropped-Logo-COMAU.png","contentUrl":"https:\/\/www.comau.com\/wp-content\/uploads\/2024\/07\/cropped-Logo-COMAU.png","width":434,"height":434,"caption":"Comau"},"image":{"@id":"https:\/\/www.comau.com\/it\/#\/schema\/logo\/image\/"},"sameAs":["https:\/\/www.facebook.com\/COMAU\/","https:\/\/x.com\/comaugroup","https:\/\/www.instagram.com\/comaugroup\/","https:\/\/www.linkedin.com\/company\/comau","https:\/\/www.youtube.com\/user\/comau"]}]}},"_links":{"self":[{"href":"https:\/\/www.comau.com\/it\/wp-json\/wp\/v2\/pages\/6463","targetHints":{"allow":["GET"]}}],"collection":[{"href":"https:\/\/www.comau.com\/it\/wp-json\/wp\/v2\/pages"}],"about":[{"href":"https:\/\/www.comau.com\/it\/wp-json\/wp\/v2\/types\/page"}],"author":[{"embeddable":true,"href":"https:\/\/www.comau.com\/it\/wp-json\/wp\/v2\/users\/11"}],"replies":[{"embeddable":true,"href":"https:\/\/www.comau.com\/it\/wp-json\/wp\/v2\/comments?post=6463"}],"version-history":[{"count":54,"href":"https:\/\/www.comau.com\/it\/wp-json\/wp\/v2\/pages\/6463\/revisions"}],"predecessor-version":[{"id":38527,"href":"https:\/\/www.comau.com\/it\/wp-json\/wp\/v2\/pages\/6463\/revisions\/38527"}],"up":[{"embeddable":true,"href":"https:\/\/www.comau.com\/it\/wp-json\/wp\/v2\/pages\/28603"}],"wp:featuredmedia":[{"embeddable":true,"href":"https:\/\/www.comau.com\/it\/wp-json\/wp\/v2\/media\/6479"}],"wp:attachment":[{"href":"https:\/\/www.comau.com\/it\/wp-json\/wp\/v2\/media?parent=6463"}],"curies":[{"name":"wp","href":"https:\/\/api.w.org\/{rel}","templated":true}]}}