{"id":6432,"date":"2021-07-01T01:08:51","date_gmt":"2021-06-30T23:08:51","guid":{"rendered":"https:\/\/www.comau.com\/?page_id=6432"},"modified":"2021-07-17T17:37:39","modified_gmt":"2021-07-17T15:37:39","slug":"publications","status":"publish","type":"page","link":"https:\/\/www.comau.com\/it\/competencies\/systems\/educational-robotics\/publications\/","title":{"rendered":"Pubblicazioni"},"content":{"rendered":"\n<h2 class=\"wp-block-heading\">Giovani, Universit\u00e0 e azienda: il nuovo perimetro formativo<\/h2>\n\n\n\n<p>Il modo in cui oggi i giovani vengono preparati ad affrontare il mondo del lavoro appare spesso inefficace. Le radicali trasformazioni tecnologiche che stanno caratterizzando l&#8217;attuale scenario economico, sociale e culturale stanno quindi portando alla necessit\u00e0 di elaborare modelli formativi capaci di rispondere a nuove esigenze aziendali.<\/p>\n\n\n\n<p>Raramente gli studenti vengono allenati ad esercitare capacit\u00e0 di pensiero critico, divergente e creativo, non hanno intrapreso un percorso professionale che gli consenta di trasformare idee in progettualit\u00e0, con un approccio orientato al raggiungimento di traguardi concreti e misurabili, e di conseguenza risultano impreparati ad affrontare la complessit\u00e0 dei contesti organizzativi odierni.<\/p>\n\n\n\n<p>Per colmare questa carenza \u00e8 necessario disegnare e costruire un nuovo perimetro formativo, all&#8217;interno del quale i giovani possano interagire attivamente con il mondo accademico e quello imprenditoriale. <\/p>\n\n\n\n<p>Un esempio concreto \u00e8 costituito dalla Project &amp; People Management School sviluppata da Comau in collaborazione con l&#8217;Universit\u00e0 Cattolica del Sacro Cuore di Milano, che ha il merito di portare nelle universit\u00e0 il mondo delle aziende, attraverso un percorso di training internazionale durante il quale i partecipanti possono sviluppare ampie competenze gestionali &#8211; dalla capacit\u00e0 di gestire il business e le persone, agli aspetti pi\u00f9 strettamente comportamentali, riferiti allo stare in azienda, al relazionarsi con gli altri, al saper gestire il proprio tempo. <\/p>\n\n\n\n<p>In particolare, il libro ripercorre la genesi della P&amp;PM School, narrando le esigenze e le caratteristiche degli attori coinvolti, soffermandosi su tipiche situazioni di apprendimento, analizzando il setting formativo proposto e le sue caratteristiche strutturali e operative. Un&#8217;esperienza raccontata a pi\u00f9 voci \u2013dai manager e docenti di Comau e dell&#8217;Universit\u00e0 Cattolica e dagli studenti coinvolti \u2013 capace di dare al lettore interessanti spunti di riflessione, nella quale potranno riconoscere modelli, architetture e format direttamente trasferibili all&#8217;interno della propria realt\u00e0 organizzativa.<\/p>\n\n\n\n<p><em>Il libro \u00e8 disponibile on line e nei principali store<\/em><\/p>\n\n\n\n<div class=\"wp-block-image\"><figure class=\"aligncenter size-large\"><img decoding=\"async\" width=\"1024\" height=\"417\" src=\"https:\/\/www.comau.com\/wp-content\/uploads\/2021\/06\/managing-challenge_img_test2-1024x417.jpg\" alt=\"\" class=\"wp-image-1260\" srcset=\"https:\/\/www.comau.com\/wp-content\/uploads\/2021\/06\/managing-challenge_img_test2-1024x417.jpg 1024w, https:\/\/www.comau.com\/wp-content\/uploads\/2021\/06\/managing-challenge_img_test2-300x122.jpg 300w, https:\/\/www.comau.com\/wp-content\/uploads\/2021\/06\/managing-challenge_img_test2-768x312.jpg 768w, https:\/\/www.comau.com\/wp-content\/uploads\/2021\/06\/managing-challenge_img_test2.jpg 1180w\" sizes=\"(max-width: 1024px) 100vw, 1024px\" \/><\/figure><\/div>\n\n\n\n<h2 class=\"wp-block-heading\">Managing Challenges Across Cultures<br>A Multicultural Project Team Toolbox<\/h2>\n\n\n\n<p>Sulla scia del successo globale del suo primo libro, People &amp; Project Management, Comau Academy ha pubblicato il suo libro pi\u00f9 recente per aiutare a gestire i problemi che emergono nel mercato multiculturale d\u2019oggi. Intitolata \u201cManaging Challenges Across Cultures &#8211; A multicultural project team toolbox\u201d, l\u2019opera \u00e8 concepita per chiunque gestisca progetti estesi a culture di natura diversa. <\/p>\n\n\n\n<p>Scritto da Roberto Guida, Head of Contract &amp; Project Management in Comau, David Trickey, Founding Partner TCO International, e Ezio Fregnan, HR Training Manager in Comau, il libro \u00e8 basato sui risultati di un ambizioso programma pluriennale condotto dalla Comau Project Management Academy insieme a TCO International. <\/p>\n\n\n\n<p>Il libro si apre con introduzioni del Prof. Domenico Bodega, Universit\u00e0 Cattolica di Milano, e del Prof. Harold Kerzner, International Institute of Learning, seguite da una discussione a tre voci riguardante lo sviluppo di strategie aziendali, il project management e il miglioramento delle persone: Mauro Fenzi, CEO di Comau, Donatella Pinto, Head of Human Resources di Comau e uno degli autori, Roberto Guida. David Trickey e Ezio Fregnan esaminano inoltre problemi fondamentali concernenti il comportamento interculturale in un contesto multinazionale.<\/p>\n\n\n\n<div class=\"wp-block-image\"><figure class=\"aligncenter size-large\"><img decoding=\"async\" width=\"1024\" height=\"417\" src=\"https:\/\/www.comau.com\/wp-content\/uploads\/2021\/06\/managing-challenge_img-1024x417.jpg\" alt=\"\" class=\"wp-image-1262\" srcset=\"https:\/\/www.comau.com\/wp-content\/uploads\/2021\/06\/managing-challenge_img-1024x417.jpg 1024w, https:\/\/www.comau.com\/wp-content\/uploads\/2021\/06\/managing-challenge_img-300x122.jpg 300w, https:\/\/www.comau.com\/wp-content\/uploads\/2021\/06\/managing-challenge_img-768x312.jpg 768w, https:\/\/www.comau.com\/wp-content\/uploads\/2021\/06\/managing-challenge_img.jpg 1180w\" sizes=\"(max-width: 1024px) 100vw, 1024px\" \/><\/figure><\/div>\n\n\n\n<h2 class=\"wp-block-heading\">Modelli pratici e strumenti pronti all\u2019uso<\/h2>\n\n\n\n<p>\u201cManaging Challenges Across Cultures &#8211; A multicultural project team toolbox\u201d \u00e8 diviso in due sezioni principali: la prima tratta dei problemi interculturali ai quali un\u2019azienda deve far fronte, mentre la seconda presenta una vera e propria Toolbox interculturale. <\/p>\n\n\n\n<ul class=\"wp-block-list\"><li>8 criteri guida per descrivere un quadro di riferimento per un orientamento culturale comune<\/li><li>Casi studio, conversazioni e modelli per comprendere le dinamiche interculturali<\/li><li>Una toolbox concreta e di facile uso consistente di 13 strumenti che agevolano la gestione di team responsabili di progetti interculturali<\/li><\/ul>\n\n\n\n<p>Gli strumenti, pronti all\u2019uso, forniscono a organizzazioni di qualsiasi tipo e non solo aziende, mezzi pratici per l\u2019applicazione immediata nella gestione di progetti che richiedono la collaborazione di team composti da persone di nazionalit\u00e0 diverse.\u200b<\/p>\n\n\n\n<p>\nSi tratta di una guida completa che presenta informazioni strategiche e pratiche, adattabili secondo esigenze specifiche, pensata per la gestione di progetti in un contesto internazionale, interculturale.<\/p>\n\n\n\n<p>\u200b<em>Comau Academy publications are published by McGraw-Hill, the international publishing leader in business. They are available in hard copy and e-book versions, the People &amp; Project Management Toolbox is also available as part of a dedicated iPad App.<\/em><\/p>\n\n\n\n<h2 class=\"wp-block-heading\">Project &amp; People Management<br>La Guida Operativa<\/h2>\n\n\n\n<h3 class=\"wp-block-heading\">L\u2019esperienza di Comau nel mondo<\/h3>\n\n\n\n<p>Le esperienze, le metodologie e le prassi utilizzate globalmente da Comau Group per gestire progetti e persone sono state raccolte in una pratica guida operativa pubblicata in inglese, italiano e cinese.<\/p>\n\n\n\n<h3 class=\"wp-block-heading\">Sfrutta l\u2019esperienza di un leader globale<\/h3>\n\n\n\n<p>La toolbox \u00e8 uno strumento completo contenente file, suggerimenti pratici e guide operative, tutti utilizzati quotidianamente nella rete internazionale di Comau. Inoltre, \u00e8 stata scritta specificamente per chiunque:<\/p>\n\n\n\n<ul class=\"wp-block-list\"><li>gestisca progetti complessi<\/li><li>gestisca persone<\/li><li>vuole implementare le tecniche comprovate sul campo e adottate dai manager internazionali del gruppo Comau<\/li><\/ul>\n\n\n\n<p>People &amp; Project Management rappresenta un percorso culturale e di gestione che racchiude l\u2019intera esperienza di Comau a livello mondiale. <\/p>\n\n\n\n<h3 class=\"wp-block-heading\">Un\u2019occhiata pi\u00f9 da vicino<\/h3>\n\n\n\n<p>Iniziando da un\u2019analisi delle principali sfide alle quali devono far fronte aziende globali, il libro analizza le dinamiche e i tempi pi\u00f9 importanti del project management e della gestione delle persone. Include anche una vasta raccolta di strumenti aziendali, particolarmente utili per attivit\u00e0 operative quotidiane riguardanti sia la gestione dell\u2019ufficio responsabile dei progetti che la gestione delle persone.<\/p>\n\n\n\n<ul class=\"wp-block-list\"><li>Una toolbox concreta pronta all\u2019uso e facile da usare<\/li><li>17 strumenti di project management pensati per l\u2019avvio, l\u2019attuazione e la chiusura del progetto nonch\u00e9 per la gestione del portafoglio<\/li><li>31 strumenti di gestione delle persone pensati per il coinvolgimento, l\u2019esecuzione e la qualit\u00e0 nonch\u00e9 per la gestione dei costi<\/li><\/ul>\n\n\n\n<div class=\"wp-block-image\"><figure class=\"aligncenter size-large\"><img decoding=\"async\" width=\"1024\" height=\"417\" src=\"https:\/\/www.comau.com\/wp-content\/uploads\/2021\/06\/ppmbook_img-1024x417.jpg\" alt=\"\" class=\"wp-image-1263\" srcset=\"https:\/\/www.comau.com\/wp-content\/uploads\/2021\/06\/ppmbook_img-1024x417.jpg 1024w, https:\/\/www.comau.com\/wp-content\/uploads\/2021\/06\/ppmbook_img-300x122.jpg 300w, https:\/\/www.comau.com\/wp-content\/uploads\/2021\/06\/ppmbook_img-768x312.jpg 768w, https:\/\/www.comau.com\/wp-content\/uploads\/2021\/06\/ppmbook_img.jpg 1180w\" sizes=\"(max-width: 1024px) 100vw, 1024px\" \/><\/figure><\/div>\n\n\n\n<h2 class=\"wp-block-heading\">Cosa dicono gli autori<\/h2>\n\n\n\n<p>\u200b\u201cRiteniamo che condividere esperienze sia fondamentale per il successo di complesse organizzazioni aziendali. Infatti, sentiamo l\u2019esigenza di condividere con altre organizzazioni un percorso che possa favorire il cambiamento, inteso come il desiderio di continuare a migliorarsi, specialmente quando si deve far fronte a problemi nuovi e complessi. In particolare, vorremmo rivolgerci ad aziende operanti a livello globale e che abbiano bisogno di creare un team di manager in grado di operare in contesti interculturali.\u201d<\/p>\n\n\n\n<p>\u201c<strong>\u201cI progetti e le persone rappresentano le due aree necessari per realizzare la gestione del cambiamento\u201d<\/strong>\u201d<\/p>\n\n\n\n<p>Sono le persone che gestiscono i progetti. Ne consegue che sono le persone a determinare il successo di un\u2019azienda.<\/p>\n","protected":false},"excerpt":{"rendered":"<p>Giovani, Universit\u00e0 e azienda: il nuovo perimetro formativo Il modo in cui oggi i giovani vengono preparati ad affrontare il mondo del lavoro appare spesso inefficace. Le radicali trasformazioni tecnologiche che stanno caratterizzando l&#8217;attuale scenario economico, sociale e culturale stanno quindi portando alla necessit\u00e0 di elaborare modelli formativi capaci di rispondere a nuove esigenze aziendali. [&hellip;]<\/p>\n","protected":false},"author":11,"featured_media":6451,"parent":65691,"menu_order":8,"comment_status":"closed","ping_status":"closed","template":"","meta":{"_acf_changed":false,"ep_exclude_from_search":false,"footnotes":""},"class_list":["post-6432","page","type-page","status-publish","has-post-thumbnail","hentry"],"acf":[],"yoast_head":"<!-- This site is optimized with the Yoast SEO plugin v26.9 - https:\/\/yoast.com\/product\/yoast-seo-wordpress\/ -->\n<title>Pubblicazioni - Comau<\/title>\n<meta name=\"robots\" content=\"index, follow, max-snippet:-1, max-image-preview:large, max-video-preview:-1\" \/>\n<link rel=\"canonical\" href=\"https:\/\/www.comau.com\/it\/competencies\/systems\/educational-robotics\/publications\/\" \/>\n<meta property=\"og:locale\" content=\"it_IT\" \/>\n<meta property=\"og:type\" content=\"article\" \/>\n<meta property=\"og:title\" content=\"Pubblicazioni - Comau\" \/>\n<meta property=\"og:description\" content=\"Giovani, Universit\u00e0 e azienda: il nuovo perimetro formativo Il modo in cui oggi i giovani vengono preparati ad affrontare il mondo del lavoro appare spesso inefficace. Le radicali trasformazioni tecnologiche che stanno caratterizzando l&#8217;attuale scenario economico, sociale e culturale stanno quindi portando alla necessit\u00e0 di elaborare modelli formativi capaci di rispondere a nuove esigenze aziendali. [&hellip;]\" \/>\n<meta property=\"og:url\" content=\"https:\/\/www.comau.com\/it\/competencies\/systems\/educational-robotics\/publications\/\" \/>\n<meta property=\"og:site_name\" content=\"Comau\" \/>\n<meta property=\"article:publisher\" content=\"https:\/\/www.facebook.com\/COMAU\/\" \/>\n<meta property=\"article:modified_time\" content=\"2021-07-17T15:37:39+00:00\" \/>\n<meta property=\"og:image\" content=\"https:\/\/www.comau.com\/wp-content\/uploads\/2021\/06\/header_Publications.png\" \/>\n\t<meta property=\"og:image:width\" content=\"1280\" \/>\n\t<meta property=\"og:image:height\" content=\"485\" \/>\n\t<meta property=\"og:image:type\" content=\"image\/png\" \/>\n<meta name=\"twitter:card\" content=\"summary_large_image\" \/>\n<meta name=\"twitter:site\" content=\"@comaugroup\" \/>\n<meta name=\"twitter:label1\" content=\"Tempo di lettura stimato\" \/>\n\t<meta name=\"twitter:data1\" content=\"6 minuti\" \/>\n<script type=\"application\/ld+json\" class=\"yoast-schema-graph\">{\"@context\":\"https:\/\/schema.org\",\"@graph\":[{\"@type\":\"WebPage\",\"@id\":\"https:\/\/www.comau.com\/it\/competencies\/systems\/educational-robotics\/publications\/\",\"url\":\"https:\/\/www.comau.com\/it\/competencies\/systems\/educational-robotics\/publications\/\",\"name\":\"Pubblicazioni - Comau\",\"isPartOf\":{\"@id\":\"https:\/\/www.comau.com\/it\/#website\"},\"primaryImageOfPage\":{\"@id\":\"https:\/\/www.comau.com\/it\/competencies\/systems\/educational-robotics\/publications\/#primaryimage\"},\"image\":{\"@id\":\"https:\/\/www.comau.com\/it\/competencies\/systems\/educational-robotics\/publications\/#primaryimage\"},\"thumbnailUrl\":\"https:\/\/www.comau.com\/wp-content\/uploads\/2021\/06\/header_Publications.png\",\"datePublished\":\"2021-06-30T23:08:51+00:00\",\"dateModified\":\"2021-07-17T15:37:39+00:00\",\"breadcrumb\":{\"@id\":\"https:\/\/www.comau.com\/it\/competencies\/systems\/educational-robotics\/publications\/#breadcrumb\"},\"inLanguage\":\"it-IT\",\"potentialAction\":[{\"@type\":\"ReadAction\",\"target\":[\"https:\/\/www.comau.com\/it\/competencies\/systems\/educational-robotics\/publications\/\"]}]},{\"@type\":\"ImageObject\",\"inLanguage\":\"it-IT\",\"@id\":\"https:\/\/www.comau.com\/it\/competencies\/systems\/educational-robotics\/publications\/#primaryimage\",\"url\":\"https:\/\/www.comau.com\/wp-content\/uploads\/2021\/06\/header_Publications.png\",\"contentUrl\":\"https:\/\/www.comau.com\/wp-content\/uploads\/2021\/06\/header_Publications.png\",\"width\":1280,\"height\":485},{\"@type\":\"BreadcrumbList\",\"@id\":\"https:\/\/www.comau.com\/it\/competencies\/systems\/educational-robotics\/publications\/#breadcrumb\",\"itemListElement\":[{\"@type\":\"ListItem\",\"position\":1,\"name\":\"Home\",\"item\":\"https:\/\/www.comau.com\/it\/\"},{\"@type\":\"ListItem\",\"position\":2,\"name\":\"Le Nostre Competenze\",\"item\":\"https:\/\/www.comau.com\/it\/competencies\/\"},{\"@type\":\"ListItem\",\"position\":3,\"name\":\"Consultancy &amp; Education\",\"item\":\"https:\/\/www.comau.com\/it\/competencies\/consultancy-education\/\"},{\"@type\":\"ListItem\",\"position\":4,\"name\":\"Pubblicazioni\"}]},{\"@type\":\"WebSite\",\"@id\":\"https:\/\/www.comau.com\/it\/#website\",\"url\":\"https:\/\/www.comau.com\/it\/\",\"name\":\"Comau\",\"description\":\"Industrial automation and robotics\",\"publisher\":{\"@id\":\"https:\/\/www.comau.com\/it\/#organization\"},\"potentialAction\":[{\"@type\":\"SearchAction\",\"target\":{\"@type\":\"EntryPoint\",\"urlTemplate\":\"https:\/\/www.comau.com\/it\/?s={search_term_string}\"},\"query-input\":{\"@type\":\"PropertyValueSpecification\",\"valueRequired\":true,\"valueName\":\"search_term_string\"}}],\"inLanguage\":\"it-IT\"},{\"@type\":\"Organization\",\"@id\":\"https:\/\/www.comau.com\/it\/#organization\",\"name\":\"Comau\",\"url\":\"https:\/\/www.comau.com\/it\/\",\"logo\":{\"@type\":\"ImageObject\",\"inLanguage\":\"it-IT\",\"@id\":\"https:\/\/www.comau.com\/it\/#\/schema\/logo\/image\/\",\"url\":\"https:\/\/www.comau.com\/wp-content\/uploads\/2024\/07\/cropped-Logo-COMAU.png\",\"contentUrl\":\"https:\/\/www.comau.com\/wp-content\/uploads\/2024\/07\/cropped-Logo-COMAU.png\",\"width\":434,\"height\":434,\"caption\":\"Comau\"},\"image\":{\"@id\":\"https:\/\/www.comau.com\/it\/#\/schema\/logo\/image\/\"},\"sameAs\":[\"https:\/\/www.facebook.com\/COMAU\/\",\"https:\/\/x.com\/comaugroup\",\"https:\/\/www.instagram.com\/comaugroup\/\",\"https:\/\/www.linkedin.com\/company\/comau\",\"https:\/\/www.youtube.com\/user\/comau\"]}]}<\/script>\n<!-- \/ Yoast SEO plugin. -->","yoast_head_json":{"title":"Pubblicazioni - Comau","robots":{"index":"index","follow":"follow","max-snippet":"max-snippet:-1","max-image-preview":"max-image-preview:large","max-video-preview":"max-video-preview:-1"},"canonical":"https:\/\/www.comau.com\/it\/competencies\/systems\/educational-robotics\/publications\/","og_locale":"it_IT","og_type":"article","og_title":"Pubblicazioni - Comau","og_description":"Giovani, Universit\u00e0 e azienda: il nuovo perimetro formativo Il modo in cui oggi i giovani vengono preparati ad affrontare il mondo del lavoro appare spesso inefficace. Le radicali trasformazioni tecnologiche che stanno caratterizzando l&#8217;attuale scenario economico, sociale e culturale stanno quindi portando alla necessit\u00e0 di elaborare modelli formativi capaci di rispondere a nuove esigenze aziendali. [&hellip;]","og_url":"https:\/\/www.comau.com\/it\/competencies\/systems\/educational-robotics\/publications\/","og_site_name":"Comau","article_publisher":"https:\/\/www.facebook.com\/COMAU\/","article_modified_time":"2021-07-17T15:37:39+00:00","og_image":[{"width":1280,"height":485,"url":"https:\/\/www.comau.com\/wp-content\/uploads\/2021\/06\/header_Publications.png","type":"image\/png"}],"twitter_card":"summary_large_image","twitter_site":"@comaugroup","twitter_misc":{"Tempo di lettura stimato":"6 minuti"},"schema":{"@context":"https:\/\/schema.org","@graph":[{"@type":"WebPage","@id":"https:\/\/www.comau.com\/it\/competencies\/systems\/educational-robotics\/publications\/","url":"https:\/\/www.comau.com\/it\/competencies\/systems\/educational-robotics\/publications\/","name":"Pubblicazioni - Comau","isPartOf":{"@id":"https:\/\/www.comau.com\/it\/#website"},"primaryImageOfPage":{"@id":"https:\/\/www.comau.com\/it\/competencies\/systems\/educational-robotics\/publications\/#primaryimage"},"image":{"@id":"https:\/\/www.comau.com\/it\/competencies\/systems\/educational-robotics\/publications\/#primaryimage"},"thumbnailUrl":"https:\/\/www.comau.com\/wp-content\/uploads\/2021\/06\/header_Publications.png","datePublished":"2021-06-30T23:08:51+00:00","dateModified":"2021-07-17T15:37:39+00:00","breadcrumb":{"@id":"https:\/\/www.comau.com\/it\/competencies\/systems\/educational-robotics\/publications\/#breadcrumb"},"inLanguage":"it-IT","potentialAction":[{"@type":"ReadAction","target":["https:\/\/www.comau.com\/it\/competencies\/systems\/educational-robotics\/publications\/"]}]},{"@type":"ImageObject","inLanguage":"it-IT","@id":"https:\/\/www.comau.com\/it\/competencies\/systems\/educational-robotics\/publications\/#primaryimage","url":"https:\/\/www.comau.com\/wp-content\/uploads\/2021\/06\/header_Publications.png","contentUrl":"https:\/\/www.comau.com\/wp-content\/uploads\/2021\/06\/header_Publications.png","width":1280,"height":485},{"@type":"BreadcrumbList","@id":"https:\/\/www.comau.com\/it\/competencies\/systems\/educational-robotics\/publications\/#breadcrumb","itemListElement":[{"@type":"ListItem","position":1,"name":"Home","item":"https:\/\/www.comau.com\/it\/"},{"@type":"ListItem","position":2,"name":"Le Nostre Competenze","item":"https:\/\/www.comau.com\/it\/competencies\/"},{"@type":"ListItem","position":3,"name":"Consultancy &amp; Education","item":"https:\/\/www.comau.com\/it\/competencies\/consultancy-education\/"},{"@type":"ListItem","position":4,"name":"Pubblicazioni"}]},{"@type":"WebSite","@id":"https:\/\/www.comau.com\/it\/#website","url":"https:\/\/www.comau.com\/it\/","name":"Comau","description":"Industrial automation and robotics","publisher":{"@id":"https:\/\/www.comau.com\/it\/#organization"},"potentialAction":[{"@type":"SearchAction","target":{"@type":"EntryPoint","urlTemplate":"https:\/\/www.comau.com\/it\/?s={search_term_string}"},"query-input":{"@type":"PropertyValueSpecification","valueRequired":true,"valueName":"search_term_string"}}],"inLanguage":"it-IT"},{"@type":"Organization","@id":"https:\/\/www.comau.com\/it\/#organization","name":"Comau","url":"https:\/\/www.comau.com\/it\/","logo":{"@type":"ImageObject","inLanguage":"it-IT","@id":"https:\/\/www.comau.com\/it\/#\/schema\/logo\/image\/","url":"https:\/\/www.comau.com\/wp-content\/uploads\/2024\/07\/cropped-Logo-COMAU.png","contentUrl":"https:\/\/www.comau.com\/wp-content\/uploads\/2024\/07\/cropped-Logo-COMAU.png","width":434,"height":434,"caption":"Comau"},"image":{"@id":"https:\/\/www.comau.com\/it\/#\/schema\/logo\/image\/"},"sameAs":["https:\/\/www.facebook.com\/COMAU\/","https:\/\/x.com\/comaugroup","https:\/\/www.instagram.com\/comaugroup\/","https:\/\/www.linkedin.com\/company\/comau","https:\/\/www.youtube.com\/user\/comau"]}]}},"_links":{"self":[{"href":"https:\/\/www.comau.com\/it\/wp-json\/wp\/v2\/pages\/6432","targetHints":{"allow":["GET"]}}],"collection":[{"href":"https:\/\/www.comau.com\/it\/wp-json\/wp\/v2\/pages"}],"about":[{"href":"https:\/\/www.comau.com\/it\/wp-json\/wp\/v2\/types\/page"}],"author":[{"embeddable":true,"href":"https:\/\/www.comau.com\/it\/wp-json\/wp\/v2\/users\/11"}],"replies":[{"embeddable":true,"href":"https:\/\/www.comau.com\/it\/wp-json\/wp\/v2\/comments?post=6432"}],"version-history":[{"count":38,"href":"https:\/\/www.comau.com\/it\/wp-json\/wp\/v2\/pages\/6432\/revisions"}],"predecessor-version":[{"id":25159,"href":"https:\/\/www.comau.com\/it\/wp-json\/wp\/v2\/pages\/6432\/revisions\/25159"}],"up":[{"embeddable":true,"href":"https:\/\/www.comau.com\/it\/wp-json\/wp\/v2\/pages\/65691"}],"wp:featuredmedia":[{"embeddable":true,"href":"https:\/\/www.comau.com\/it\/wp-json\/wp\/v2\/media\/6451"}],"wp:attachment":[{"href":"https:\/\/www.comau.com\/it\/wp-json\/wp\/v2\/media?parent=6432"}],"curies":[{"name":"wp","href":"https:\/\/api.w.org\/{rel}","templated":true}]}}