{"id":6401,"date":"2021-07-01T01:06:36","date_gmt":"2021-06-30T23:06:36","guid":{"rendered":"https:\/\/www.comau.com\/?page_id=6401"},"modified":"2025-05-21T07:37:38","modified_gmt":"2025-05-21T05:37:38","slug":"web-academy","status":"publish","type":"page","link":"https:\/\/www.comau.com\/it\/competencies\/systems\/consultancy-education\/web-academy\/","title":{"rendered":"Web Academy"},"content":{"rendered":"\n<h2 class=\"wp-block-heading\">Training quando e dove vuoi<\/h2>\n\n\n\n<p>\u200bComau Web Academy offre soluzioni di training personalizzate per aziende, scuole e singoli professionisti. Erogati tramite una piattaforma di apprendimento LMS interattiva e di facile utilizzo, i corsi di formazione della Web Academy combinano contenuti teorici con strumenti multimediali e attivit\u00e0 pratiche, parte di un&#8217;esperienza di apprendimento concreta e innovativa.<\/p>\n\n\n\n<p>Tutti i corsi sono accessibili da PC o tablet e possono essere utilizzati anche senza interagire con un robot fisico. Non solo: l&#8217;offerta di training della Web Academy pu\u00f2 essere personalizzata per soddisfare richieste specifiche \u2013 dalla semplice formazione online a feedback individuali, a lezioni guidate. <\/p>\n\n\n\n<h2 class=\"wp-block-heading\">Versione di prova<\/h2>\n\n\n\n<figure class=\"wp-block-image size-large\"><a href=\"https:\/\/trial.comauwebacademy.com\/uep\/en\/story_html5.html\" target=\"_blank\" rel=\"noopener\"><img decoding=\"async\" width=\"1024\" height=\"388\" src=\"https:\/\/www.comau.com\/wp-content\/uploads\/2021\/06\/01-1-1024x388.png\" alt=\"\" class=\"wp-image-1249\" srcset=\"https:\/\/www.comau.com\/wp-content\/uploads\/2021\/06\/01-1-1024x388.png 1024w, https:\/\/www.comau.com\/wp-content\/uploads\/2021\/06\/01-1-300x114.png 300w, https:\/\/www.comau.com\/wp-content\/uploads\/2021\/06\/01-1-768x291.png 768w, https:\/\/www.comau.com\/wp-content\/uploads\/2021\/06\/01-1.png 1280w\" sizes=\"(max-width: 1024px) 100vw, 1024px\" \/><\/a><\/figure>\n\n\n\n<h2 class=\"wp-block-heading\">I numeri della Web Academy<\/h2>\n\n\n\n<div class=\"wp-block-columns is-layout-flex wp-container-core-columns-is-layout-9d6595d7 wp-block-columns-is-layout-flex\">\n<div class=\"wp-block-column is-layout-flow wp-block-column-is-layout-flow\">\n<div class=\"wp-block-getwid-image-box has-text-center has-mobile-layout-default has-mobile-alignment-default\"><div class=\"wp-block-getwid-image-box__image-container is-position-top\"><div class=\"wp-block-getwid-image-box__image-wrapper\"><img decoding=\"async\" width=\"184\" height=\"130\" src=\"https:\/\/www.comau.com\/wp-content\/uploads\/2021\/06\/international-training-partners.jpg\" alt=\"\" class=\"wp-block-getwid-image-box__image wp-image-1256\" \/><\/div><\/div><div class=\"wp-block-getwid-image-box__content\">\n<h3 class=\"wp-block-heading\"><\/h3>\n\n\n\n<p><strong>10,000<\/strong> utenti registrati<\/p>\n<\/div><\/div>\n<\/div>\n\n\n\n<div class=\"wp-block-column is-layout-flow wp-block-column-is-layout-flow\">\n<div class=\"wp-block-getwid-image-box has-text-center has-mobile-layout-default has-mobile-alignment-default\"><div class=\"wp-block-getwid-image-box__image-container is-position-top\"><div class=\"wp-block-getwid-image-box__image-wrapper\"><img decoding=\"async\" width=\"184\" height=\"130\" src=\"https:\/\/www.comau.com\/wp-content\/uploads\/2021\/06\/plants.jpg\" alt=\"\" class=\"wp-block-getwid-image-box__image wp-image-1257\" \/><\/div><\/div><div class=\"wp-block-getwid-image-box__content\">\n<h3 class=\"wp-block-heading\"><\/h3>\n\n\n\n<p><strong>+150<\/strong> aziende<\/p>\n<\/div><\/div>\n<\/div>\n\n\n\n<div class=\"wp-block-column is-layout-flow wp-block-column-is-layout-flow\">\n<div class=\"wp-block-getwid-image-box has-text-center has-mobile-layout-default has-mobile-alignment-default\"><div class=\"wp-block-getwid-image-box__image-container is-position-top\"><div class=\"wp-block-getwid-image-box__image-wrapper\"><img decoding=\"async\" width=\"184\" height=\"130\" src=\"https:\/\/www.comau.com\/wp-content\/uploads\/2021\/06\/plants.jpg\" alt=\"\" class=\"wp-block-getwid-image-box__image wp-image-1257\" \/><\/div><\/div><div class=\"wp-block-getwid-image-box__content\">\n<h3 class=\"wp-block-heading\"><\/h3>\n\n\n\n<p><strong>200+<\/strong> Scuole<\/p>\n<\/div><\/div>\n<\/div>\n<\/div>\n\n\n\n<h2 class=\"wp-block-heading\">Soluzioni su misura per rispondere alle tue esigenze<\/h2>\n\n\n\n<p>Con Comau Web Academy, puoi scegliere la soluzione di training pi\u00f9 adatta alle tue necessit\u00e0. Ciascun corso \u00e8 organizzato in quattro moduli e la piattaforma LMS consente ad ogni utente di apprendere secondo i propri ritmi, interrompendo e riavviando un corso pi\u00f9 volte.  <\/p>\n\n\n\n<p>I nostri corsi, interamente online, offrono la libert\u00e0 di apprendere quando e dove vuoi. La valutazione finale \u00e8 effettuata tramite quiz ed esercitazioni, e i partecipanti ricevono un certificato di frequenza dopo aver superato un esame finale. Per chi ha bisogno di un supporto pi\u00f9 personalizzato, la Web Academy mette a disposizione un corso misto durante il quale gli utenti vengono guidati, valutati e ricevono un feedback \u2013 online \u2013 da un trainer professionista. Le aziende e le persone che preferiscono interagire direttamente con un trainer Comau possono scegliere di partecipare al corso anche presso una delle strutture di formazione della Comau Academy. <\/p>\n\n\n\n<h3 class=\"wp-block-heading\">Soluzione 1: e-learning<\/h3>\n\n\n\n<ul class=\"wp-block-list\">\n<li>Contenuti teorici <\/li>\n\n\n\n<li>Contenuti pratici (esercitazioni e simulazioni)<\/li>\n\n\n\n<li>Valutazione e analisi<\/li>\n\n\n\n<li>Verifica finale +  certificato di frequenza<\/li>\n<\/ul>\n\n\n\n<h3 class=\"wp-block-heading\">Soluzione 2: e-learning + feedback da parte di un trainer<\/h3>\n\n\n\n<ul class=\"wp-block-list\">\n<li>Contenuti teorici <\/li>\n\n\n\n<li>Contenuti pratici (esercitazioni e simulazioni)<\/li>\n\n\n\n<li>Analisi approfondita + feedback<\/li>\n\n\n\n<li>Verifica finale + feedback<\/li>\n\n\n\n<li>Certificato di robotica<\/li>\n<\/ul>\n\n\n\n<h3 class=\"wp-block-heading\">Soluzione 3: e-learning + training in loco<\/h3>\n\n\n\n<ul class=\"wp-block-list\">\n<li>Aula multimediale<\/li>\n\n\n\n<li>Contenuti pratici (esercizi e simulazioni)<\/li>\n\n\n\n<li>Attivit\u00e0 pratiche ed esercitazioni presso Comau<\/li>\n\n\n\n<li>Feedback e condivisione con gli esperti Comau<\/li>\n\n\n\n<li>Verifica finale + feedback<\/li>\n\n\n\n<li>Certificato di robotica<\/li>\n<\/ul>\n\n\n\n<h2 class=\"wp-block-heading\">Per iniziare<\/h2>\n\n\n\n<p>\u200bAcquistare una licenza Web Academy e iniziare il processo di training \u00e8 facile. Basta contattare Comau per confermare il tuo interesse e ricevere la password e istruzioni. Avrai accesso completo a ogni corso a cui ti sei iscritto e puoi interrompere e riprendere il training ogni volta che vorrai.<\/p>\n","protected":false},"excerpt":{"rendered":"<p>Training quando e dove vuoi \u200bComau Web Academy offre soluzioni di training personalizzate per aziende, scuole e singoli professionisti. Erogati tramite una piattaforma di apprendimento LMS interattiva e di facile utilizzo, i corsi di formazione della Web Academy combinano contenuti teorici con strumenti multimediali e attivit\u00e0 pratiche, parte di un&#8217;esperienza di apprendimento concreta e innovativa. [&hellip;]<\/p>\n","protected":false},"author":11,"featured_media":6420,"parent":28603,"menu_order":6,"comment_status":"closed","ping_status":"closed","template":"","meta":{"_acf_changed":false,"ep_exclude_from_search":false,"footnotes":""},"class_list":["post-6401","page","type-page","status-publish","has-post-thumbnail","hentry"],"acf":[],"yoast_head":"<!-- This site is optimized with the Yoast SEO plugin v26.9 - https:\/\/yoast.com\/product\/yoast-seo-wordpress\/ -->\n<title>Comau Academy - Comau<\/title>\n<meta name=\"description\" content=\"Specializzati in automazione industriale attraverso l&#039;esperienza di professionisti altamente qualificati. Comau mette a disposizione il suo know-how.\" \/>\n<meta name=\"robots\" content=\"index, follow, max-snippet:-1, max-image-preview:large, max-video-preview:-1\" \/>\n<link rel=\"canonical\" href=\"https:\/\/www.comau.com\/it\/competencies\/systems\/consultancy-education\/web-academy\/\" \/>\n<meta property=\"og:locale\" content=\"it_IT\" \/>\n<meta property=\"og:type\" content=\"article\" \/>\n<meta property=\"og:title\" content=\"Comau Academy - Comau\" \/>\n<meta property=\"og:description\" content=\"Specializzati in automazione industriale attraverso l&#039;esperienza di professionisti altamente qualificati. Comau mette a disposizione il suo know-how.\" \/>\n<meta property=\"og:url\" content=\"https:\/\/www.comau.com\/it\/competencies\/systems\/consultancy-education\/web-academy\/\" \/>\n<meta property=\"og:site_name\" content=\"Comau\" \/>\n<meta property=\"article:publisher\" content=\"https:\/\/www.facebook.com\/COMAU\/\" \/>\n<meta property=\"article:modified_time\" content=\"2025-05-21T05:37:38+00:00\" \/>\n<meta property=\"og:image\" content=\"https:\/\/www.comau.com\/wp-content\/uploads\/2021\/06\/WebAcademy_header.jpg\" \/>\n\t<meta property=\"og:image:width\" content=\"1280\" \/>\n\t<meta property=\"og:image:height\" content=\"485\" \/>\n\t<meta property=\"og:image:type\" content=\"image\/jpeg\" \/>\n<meta name=\"twitter:card\" content=\"summary_large_image\" \/>\n<meta name=\"twitter:site\" content=\"@comaugroup\" \/>\n<meta name=\"twitter:label1\" content=\"Tempo di lettura stimato\" \/>\n\t<meta name=\"twitter:data1\" content=\"3 minuti\" \/>\n<script type=\"application\/ld+json\" class=\"yoast-schema-graph\">{\"@context\":\"https:\/\/schema.org\",\"@graph\":[{\"@type\":\"WebPage\",\"@id\":\"https:\/\/www.comau.com\/it\/competencies\/systems\/consultancy-education\/web-academy\/\",\"url\":\"https:\/\/www.comau.com\/it\/competencies\/systems\/consultancy-education\/web-academy\/\",\"name\":\"Comau Academy - Comau\",\"isPartOf\":{\"@id\":\"https:\/\/www.comau.com\/it\/#website\"},\"primaryImageOfPage\":{\"@id\":\"https:\/\/www.comau.com\/it\/competencies\/systems\/consultancy-education\/web-academy\/#primaryimage\"},\"image\":{\"@id\":\"https:\/\/www.comau.com\/it\/competencies\/systems\/consultancy-education\/web-academy\/#primaryimage\"},\"thumbnailUrl\":\"https:\/\/www.comau.com\/wp-content\/uploads\/2021\/06\/WebAcademy_header.jpg\",\"datePublished\":\"2021-06-30T23:06:36+00:00\",\"dateModified\":\"2025-05-21T05:37:38+00:00\",\"description\":\"Specializzati in automazione industriale attraverso l'esperienza di professionisti altamente qualificati. Comau mette a disposizione il suo know-how.\",\"breadcrumb\":{\"@id\":\"https:\/\/www.comau.com\/it\/competencies\/systems\/consultancy-education\/web-academy\/#breadcrumb\"},\"inLanguage\":\"it-IT\",\"potentialAction\":[{\"@type\":\"ReadAction\",\"target\":[\"https:\/\/www.comau.com\/it\/competencies\/systems\/consultancy-education\/web-academy\/\"]}]},{\"@type\":\"ImageObject\",\"inLanguage\":\"it-IT\",\"@id\":\"https:\/\/www.comau.com\/it\/competencies\/systems\/consultancy-education\/web-academy\/#primaryimage\",\"url\":\"https:\/\/www.comau.com\/wp-content\/uploads\/2021\/06\/WebAcademy_header.jpg\",\"contentUrl\":\"https:\/\/www.comau.com\/wp-content\/uploads\/2021\/06\/WebAcademy_header.jpg\",\"width\":1280,\"height\":485},{\"@type\":\"BreadcrumbList\",\"@id\":\"https:\/\/www.comau.com\/it\/competencies\/systems\/consultancy-education\/web-academy\/#breadcrumb\",\"itemListElement\":[{\"@type\":\"ListItem\",\"position\":1,\"name\":\"Home\",\"item\":\"https:\/\/www.comau.com\/it\/\"},{\"@type\":\"ListItem\",\"position\":2,\"name\":\"Le Nostre Competenze\",\"item\":\"https:\/\/www.comau.com\/it\/competencies\/\"},{\"@type\":\"ListItem\",\"position\":3,\"name\":\"Systems\",\"item\":\"https:\/\/www.comau.com\/it\/competencies\/systems\/\"},{\"@type\":\"ListItem\",\"position\":4,\"name\":\"Consultancy &amp; Education\",\"item\":\"https:\/\/www.comau.com\/it\/competencies\/consultancy-education\/\"},{\"@type\":\"ListItem\",\"position\":5,\"name\":\"Web Academy\"}]},{\"@type\":\"WebSite\",\"@id\":\"https:\/\/www.comau.com\/it\/#website\",\"url\":\"https:\/\/www.comau.com\/it\/\",\"name\":\"Comau\",\"description\":\"Industrial automation and robotics\",\"publisher\":{\"@id\":\"https:\/\/www.comau.com\/it\/#organization\"},\"potentialAction\":[{\"@type\":\"SearchAction\",\"target\":{\"@type\":\"EntryPoint\",\"urlTemplate\":\"https:\/\/www.comau.com\/it\/?s={search_term_string}\"},\"query-input\":{\"@type\":\"PropertyValueSpecification\",\"valueRequired\":true,\"valueName\":\"search_term_string\"}}],\"inLanguage\":\"it-IT\"},{\"@type\":\"Organization\",\"@id\":\"https:\/\/www.comau.com\/it\/#organization\",\"name\":\"Comau\",\"url\":\"https:\/\/www.comau.com\/it\/\",\"logo\":{\"@type\":\"ImageObject\",\"inLanguage\":\"it-IT\",\"@id\":\"https:\/\/www.comau.com\/it\/#\/schema\/logo\/image\/\",\"url\":\"https:\/\/www.comau.com\/wp-content\/uploads\/2024\/07\/cropped-Logo-COMAU.png\",\"contentUrl\":\"https:\/\/www.comau.com\/wp-content\/uploads\/2024\/07\/cropped-Logo-COMAU.png\",\"width\":434,\"height\":434,\"caption\":\"Comau\"},\"image\":{\"@id\":\"https:\/\/www.comau.com\/it\/#\/schema\/logo\/image\/\"},\"sameAs\":[\"https:\/\/www.facebook.com\/COMAU\/\",\"https:\/\/x.com\/comaugroup\",\"https:\/\/www.instagram.com\/comaugroup\/\",\"https:\/\/www.linkedin.com\/company\/comau\",\"https:\/\/www.youtube.com\/user\/comau\"]}]}<\/script>\n<!-- \/ Yoast SEO plugin. -->","yoast_head_json":{"title":"Comau Academy - Comau","description":"Specializzati in automazione industriale attraverso l'esperienza di professionisti altamente qualificati. Comau mette a disposizione il suo know-how.","robots":{"index":"index","follow":"follow","max-snippet":"max-snippet:-1","max-image-preview":"max-image-preview:large","max-video-preview":"max-video-preview:-1"},"canonical":"https:\/\/www.comau.com\/it\/competencies\/systems\/consultancy-education\/web-academy\/","og_locale":"it_IT","og_type":"article","og_title":"Comau Academy - Comau","og_description":"Specializzati in automazione industriale attraverso l'esperienza di professionisti altamente qualificati. Comau mette a disposizione il suo know-how.","og_url":"https:\/\/www.comau.com\/it\/competencies\/systems\/consultancy-education\/web-academy\/","og_site_name":"Comau","article_publisher":"https:\/\/www.facebook.com\/COMAU\/","article_modified_time":"2025-05-21T05:37:38+00:00","og_image":[{"width":1280,"height":485,"url":"https:\/\/www.comau.com\/wp-content\/uploads\/2021\/06\/WebAcademy_header.jpg","type":"image\/jpeg"}],"twitter_card":"summary_large_image","twitter_site":"@comaugroup","twitter_misc":{"Tempo di lettura stimato":"3 minuti"},"schema":{"@context":"https:\/\/schema.org","@graph":[{"@type":"WebPage","@id":"https:\/\/www.comau.com\/it\/competencies\/systems\/consultancy-education\/web-academy\/","url":"https:\/\/www.comau.com\/it\/competencies\/systems\/consultancy-education\/web-academy\/","name":"Comau Academy - Comau","isPartOf":{"@id":"https:\/\/www.comau.com\/it\/#website"},"primaryImageOfPage":{"@id":"https:\/\/www.comau.com\/it\/competencies\/systems\/consultancy-education\/web-academy\/#primaryimage"},"image":{"@id":"https:\/\/www.comau.com\/it\/competencies\/systems\/consultancy-education\/web-academy\/#primaryimage"},"thumbnailUrl":"https:\/\/www.comau.com\/wp-content\/uploads\/2021\/06\/WebAcademy_header.jpg","datePublished":"2021-06-30T23:06:36+00:00","dateModified":"2025-05-21T05:37:38+00:00","description":"Specializzati in automazione industriale attraverso l'esperienza di professionisti altamente qualificati. Comau mette a disposizione il suo know-how.","breadcrumb":{"@id":"https:\/\/www.comau.com\/it\/competencies\/systems\/consultancy-education\/web-academy\/#breadcrumb"},"inLanguage":"it-IT","potentialAction":[{"@type":"ReadAction","target":["https:\/\/www.comau.com\/it\/competencies\/systems\/consultancy-education\/web-academy\/"]}]},{"@type":"ImageObject","inLanguage":"it-IT","@id":"https:\/\/www.comau.com\/it\/competencies\/systems\/consultancy-education\/web-academy\/#primaryimage","url":"https:\/\/www.comau.com\/wp-content\/uploads\/2021\/06\/WebAcademy_header.jpg","contentUrl":"https:\/\/www.comau.com\/wp-content\/uploads\/2021\/06\/WebAcademy_header.jpg","width":1280,"height":485},{"@type":"BreadcrumbList","@id":"https:\/\/www.comau.com\/it\/competencies\/systems\/consultancy-education\/web-academy\/#breadcrumb","itemListElement":[{"@type":"ListItem","position":1,"name":"Home","item":"https:\/\/www.comau.com\/it\/"},{"@type":"ListItem","position":2,"name":"Le Nostre Competenze","item":"https:\/\/www.comau.com\/it\/competencies\/"},{"@type":"ListItem","position":3,"name":"Systems","item":"https:\/\/www.comau.com\/it\/competencies\/systems\/"},{"@type":"ListItem","position":4,"name":"Consultancy &amp; Education","item":"https:\/\/www.comau.com\/it\/competencies\/consultancy-education\/"},{"@type":"ListItem","position":5,"name":"Web Academy"}]},{"@type":"WebSite","@id":"https:\/\/www.comau.com\/it\/#website","url":"https:\/\/www.comau.com\/it\/","name":"Comau","description":"Industrial automation and robotics","publisher":{"@id":"https:\/\/www.comau.com\/it\/#organization"},"potentialAction":[{"@type":"SearchAction","target":{"@type":"EntryPoint","urlTemplate":"https:\/\/www.comau.com\/it\/?s={search_term_string}"},"query-input":{"@type":"PropertyValueSpecification","valueRequired":true,"valueName":"search_term_string"}}],"inLanguage":"it-IT"},{"@type":"Organization","@id":"https:\/\/www.comau.com\/it\/#organization","name":"Comau","url":"https:\/\/www.comau.com\/it\/","logo":{"@type":"ImageObject","inLanguage":"it-IT","@id":"https:\/\/www.comau.com\/it\/#\/schema\/logo\/image\/","url":"https:\/\/www.comau.com\/wp-content\/uploads\/2024\/07\/cropped-Logo-COMAU.png","contentUrl":"https:\/\/www.comau.com\/wp-content\/uploads\/2024\/07\/cropped-Logo-COMAU.png","width":434,"height":434,"caption":"Comau"},"image":{"@id":"https:\/\/www.comau.com\/it\/#\/schema\/logo\/image\/"},"sameAs":["https:\/\/www.facebook.com\/COMAU\/","https:\/\/x.com\/comaugroup","https:\/\/www.instagram.com\/comaugroup\/","https:\/\/www.linkedin.com\/company\/comau","https:\/\/www.youtube.com\/user\/comau"]}]}},"_links":{"self":[{"href":"https:\/\/www.comau.com\/it\/wp-json\/wp\/v2\/pages\/6401","targetHints":{"allow":["GET"]}}],"collection":[{"href":"https:\/\/www.comau.com\/it\/wp-json\/wp\/v2\/pages"}],"about":[{"href":"https:\/\/www.comau.com\/it\/wp-json\/wp\/v2\/types\/page"}],"author":[{"embeddable":true,"href":"https:\/\/www.comau.com\/it\/wp-json\/wp\/v2\/users\/11"}],"replies":[{"embeddable":true,"href":"https:\/\/www.comau.com\/it\/wp-json\/wp\/v2\/comments?post=6401"}],"version-history":[{"count":29,"href":"https:\/\/www.comau.com\/it\/wp-json\/wp\/v2\/pages\/6401\/revisions"}],"predecessor-version":[{"id":76852,"href":"https:\/\/www.comau.com\/it\/wp-json\/wp\/v2\/pages\/6401\/revisions\/76852"}],"up":[{"embeddable":true,"href":"https:\/\/www.comau.com\/it\/wp-json\/wp\/v2\/pages\/28603"}],"wp:featuredmedia":[{"embeddable":true,"href":"https:\/\/www.comau.com\/it\/wp-json\/wp\/v2\/media\/6420"}],"wp:attachment":[{"href":"https:\/\/www.comau.com\/it\/wp-json\/wp\/v2\/media?parent=6401"}],"curies":[{"name":"wp","href":"https:\/\/api.w.org\/{rel}","templated":true}]}}