{"id":6381,"date":"2021-07-01T01:05:19","date_gmt":"2021-06-30T23:05:19","guid":{"rendered":"https:\/\/www.comau.com\/?page_id=6381"},"modified":"2023-02-16T18:12:34","modified_gmt":"2023-02-16T17:12:34","slug":"robotics-license","status":"publish","type":"page","link":"https:\/\/www.comau.com\/it\/competencies\/systems\/consultancy-education\/robotics-license\/","title":{"rendered":"Patentino della robotica"},"content":{"rendered":"\n<p>\u200bInsieme a CampuStore, leader nel settore Education, diamo agli studenti la possibilit\u00e0 di conseguire il <strong>Patentino della robotica<\/strong>, una certificazione riconosciuta a livello internazionale. <\/p>\n\n\n\n<div class=\"wp-block-getwid-toggle download-dropdown has-icon-left\"><\/div>\n\n\n\n<h2 class=\"wp-block-heading\">Perch\u00e9 un patentino della robotica?<\/h2>\n\n\n\n<p>La soluzione perfetta per creare \u2013 in una scuola secondaria di II grado un laboratorio di robotica e automazione, operativo e di indirizzo, che permetta di ampliare l\u2019offerta formativa dell\u2019istituto con percorsi curricolari, extracurricolari, PCTO.<\/p>\n\n\n\n<ol class=\"fancy-numbered-list wp-block-list\"><li><strong><em>Cos&#8217;\u00e8 il patentino della robotica?<\/em><\/strong><br>Si tratta di una <strong>certificazione di uso e programmazione di robot industriali<\/strong> riconosciuta a livello internazionale.<\/li><li><strong><em>Perch\u00e9 portare la robotica in classe?<\/em><\/strong><br>Perch\u00e9 la robotica e l&#8217;industria 4.0 sono gi\u00e0 <strong>parte delle nostre vite<\/strong> ed \u00e8 fondamentale formare le nuove generazioni su questo tema.<\/li><li><strong><em>I vantaggi per lo studente?<\/em><\/strong><br>Gli studenti del triennio potranno ottenere una <strong>certificazione equiparata a quella dei professionisti<\/strong> sostenendo un esame al termine di un percorso di formativo.<\/li><li><strong><em>Un percorso di Alternanza scuola-lavoro?<\/em><\/strong><br>La proposta formativa \u00e8 <strong>riconosciuta dal MIUR come percorso di Alternanza scuola-lavoro<\/strong>, per un totale di 100 ore a studente. <\/li><li><strong><em>I vantaggi per il docente?<\/em><\/strong><br>Il progetto prevede un <strong>percorso formativo certificato di 40 ore<\/strong> per i docenti. Queste competenze rimarranno patrimonio personale dei singoli insegnanti della scuola.<\/li><li><strong><em>I vantaggi per la scuola?<\/em><\/strong><br>Le scuole possono <strong>usufruire di finanziamenti<\/strong> per progetti legati alla didattica digitale e alla robotica. <\/li><\/ol>\n\n\n\n<h2 class=\"wp-block-heading\">ll percorso formativo di docenti e studenti<\/h2>\n\n\n\n<div class=\"wp-block-columns is-layout-flex wp-container-core-columns-is-layout-9d6595d7 wp-block-columns-is-layout-flex\">\n<div class=\"wp-block-column is-layout-flow wp-block-column-is-layout-flow\">\n<h3 class=\"wp-block-heading\">Docenti<\/h3>\n\n\n\n<p><strong>Formazione gratuita di 1 insegnante della scuola<\/strong><\/p>\n\n\n\n<p>Da parte di formatori autorizzati da CampuStore Academy e Comau, per ogni classe di circa 20 studenti, di circa 40 ore in modalit\u00e0 mista<\/p>\n\n\n\n<div class=\"wp-block-buttons is-layout-flex wp-block-buttons-is-layout-flex\"><\/div>\n<\/div>\n\n\n\n<div class=\"wp-block-column is-layout-flow wp-block-column-is-layout-flow\">\n<h3 class=\"wp-block-heading\">Studenti<\/h3>\n\n\n\n<p><strong>Formazione per gli studenti<\/strong><\/p>\n\n\n\n<p>Pi\u00f9 di 60 ore di formazione asincrona, da fruire liberamente pi\u00f9 30 ore in presenza, da parte degli insegnanti della scuola (precedentemente formati da CampuStore Academy e Comau), da svolgersi presso l\u2019istituto scolastico, in orario curricolare o extracurricolare secondo i ritmi e le specificit\u00e0 della scuola.  <\/p>\n\n\n\n<p><\/p>\n<\/div>\n<\/div>\n\n\n\n<p><\/p>\n\n\n\n<h2 class=\"wp-block-heading\">Chi \u00e8 CampuStore?<\/h2>\n\n\n\n<figure class=\"wp-block-image size-large is-resized\"><img decoding=\"async\" src=\"https:\/\/www.comau.com\/wp-content\/uploads\/2023\/02\/CampuStore_nopayoff_CMYK_300dpi_colore-1024x381.jpg\" alt=\"\" class=\"wp-image-50385\" width=\"556\" height=\"206\" srcset=\"https:\/\/www.comau.com\/wp-content\/uploads\/2023\/02\/CampuStore_nopayoff_CMYK_300dpi_colore-1024x381.jpg 1024w, https:\/\/www.comau.com\/wp-content\/uploads\/2023\/02\/CampuStore_nopayoff_CMYK_300dpi_colore-300x112.jpg 300w, https:\/\/www.comau.com\/wp-content\/uploads\/2023\/02\/CampuStore_nopayoff_CMYK_300dpi_colore-768x286.jpg 768w, https:\/\/www.comau.com\/wp-content\/uploads\/2023\/02\/CampuStore_nopayoff_CMYK_300dpi_colore-1536x571.jpg 1536w, https:\/\/www.comau.com\/wp-content\/uploads\/2023\/02\/CampuStore_nopayoff_CMYK_300dpi_colore-2048x762.jpg 2048w\" sizes=\"(max-width: 556px) 100vw, 556px\" \/><\/figure>\n\n\n\n<p>CampuStore, leader italiano nel mercato dell\u2019education, dal 1994 porta innovazione e tecnologia alle scuole italiane. Con oltre 7.700 scuole e pi\u00f9 di 800 dipartimenti universitari serviti \u00e8 una realt\u00e0 leader del settore education in Italia, in particolar modo per l\u2019attenzione e la ricerca continua, in tutto il mondo, di strumenti e metodologie fortemente innovativi. Prima azienda a portare la robotica educativa in Italia, ha diffuso articoli che hanno cambiato il modo di fare didattica.<\/p>\n\n\n\n<div class=\"wp-block-buttons is-layout-flex wp-block-buttons-is-layout-flex\">\n<div class=\"wp-block-button\"><a class=\"wp-block-button__link\" href=\"https:\/\/www.patentinodellarobotica.campustore.it\/\" target=\"_blank\" rel=\"noreferrer noopener\">Crea il tuo percorso con CampuStore Academy<\/a><\/div>\n<\/div>\n","protected":false},"excerpt":{"rendered":"<p>\u200bInsieme a CampuStore, leader nel settore Education, diamo agli studenti la possibilit\u00e0 di conseguire il Patentino della robotica, una certificazione riconosciuta a livello internazionale. Perch\u00e9 un patentino della robotica? La soluzione perfetta per creare \u2013 in una scuola secondaria di II grado un laboratorio di robotica e automazione, operativo e di indirizzo, che permetta di [&hellip;]<\/p>\n","protected":false},"author":11,"featured_media":6393,"parent":28603,"menu_order":5,"comment_status":"closed","ping_status":"closed","template":"","meta":{"_acf_changed":false,"ep_exclude_from_search":false,"footnotes":""},"class_list":["post-6381","page","type-page","status-publish","has-post-thumbnail","hentry"],"acf":[],"yoast_head":"<!-- This site is optimized with the Yoast SEO plugin v26.9 - https:\/\/yoast.com\/product\/yoast-seo-wordpress\/ -->\n<title>Comau - certificazione sull&#039;uso e la programmazione robotica<\/title>\n<meta name=\"description\" content=\"Corso di formazione che permette agli studenti di diventare esperti del settore robotica e ricevere una certificazione ricosciuta a livello internazionale.\" \/>\n<meta name=\"robots\" content=\"index, follow, max-snippet:-1, max-image-preview:large, max-video-preview:-1\" \/>\n<link rel=\"canonical\" href=\"https:\/\/www.comau.com\/it\/competencies\/systems\/consultancy-education\/robotics-license\/\" \/>\n<meta property=\"og:locale\" content=\"it_IT\" \/>\n<meta property=\"og:type\" content=\"article\" \/>\n<meta property=\"og:title\" content=\"Comau - certificazione sull&#039;uso e la programmazione robotica\" \/>\n<meta property=\"og:description\" content=\"Corso di formazione che permette agli studenti di diventare esperti del settore robotica e ricevere una certificazione ricosciuta a livello internazionale.\" \/>\n<meta property=\"og:url\" content=\"https:\/\/www.comau.com\/it\/competencies\/systems\/consultancy-education\/robotics-license\/\" \/>\n<meta property=\"og:site_name\" content=\"Comau\" \/>\n<meta property=\"article:publisher\" content=\"https:\/\/www.facebook.com\/COMAU\/\" \/>\n<meta property=\"article:modified_time\" content=\"2023-02-16T17:12:34+00:00\" \/>\n<meta property=\"og:image\" content=\"https:\/\/www.comau.com\/wp-content\/uploads\/2021\/06\/header_MAT3138.png\" \/>\n\t<meta property=\"og:image:width\" content=\"1280\" \/>\n\t<meta property=\"og:image:height\" content=\"485\" \/>\n\t<meta property=\"og:image:type\" content=\"image\/png\" \/>\n<meta name=\"twitter:card\" content=\"summary_large_image\" \/>\n<meta name=\"twitter:site\" content=\"@comaugroup\" \/>\n<meta name=\"twitter:label1\" content=\"Tempo di lettura stimato\" \/>\n\t<meta name=\"twitter:data1\" content=\"3 minuti\" \/>\n<script type=\"application\/ld+json\" class=\"yoast-schema-graph\">{\"@context\":\"https:\/\/schema.org\",\"@graph\":[{\"@type\":\"WebPage\",\"@id\":\"https:\/\/www.comau.com\/it\/competencies\/systems\/consultancy-education\/robotics-license\/\",\"url\":\"https:\/\/www.comau.com\/it\/competencies\/systems\/consultancy-education\/robotics-license\/\",\"name\":\"Comau - certificazione sull'uso e la programmazione robotica\",\"isPartOf\":{\"@id\":\"https:\/\/www.comau.com\/it\/#website\"},\"primaryImageOfPage\":{\"@id\":\"https:\/\/www.comau.com\/it\/competencies\/systems\/consultancy-education\/robotics-license\/#primaryimage\"},\"image\":{\"@id\":\"https:\/\/www.comau.com\/it\/competencies\/systems\/consultancy-education\/robotics-license\/#primaryimage\"},\"thumbnailUrl\":\"https:\/\/www.comau.com\/wp-content\/uploads\/2021\/06\/header_MAT3138.png\",\"datePublished\":\"2021-06-30T23:05:19+00:00\",\"dateModified\":\"2023-02-16T17:12:34+00:00\",\"description\":\"Corso di formazione che permette agli studenti di diventare esperti del settore robotica e ricevere una certificazione ricosciuta a livello internazionale.\",\"breadcrumb\":{\"@id\":\"https:\/\/www.comau.com\/it\/competencies\/systems\/consultancy-education\/robotics-license\/#breadcrumb\"},\"inLanguage\":\"it-IT\",\"potentialAction\":[{\"@type\":\"ReadAction\",\"target\":[\"https:\/\/www.comau.com\/it\/competencies\/systems\/consultancy-education\/robotics-license\/\"]}]},{\"@type\":\"ImageObject\",\"inLanguage\":\"it-IT\",\"@id\":\"https:\/\/www.comau.com\/it\/competencies\/systems\/consultancy-education\/robotics-license\/#primaryimage\",\"url\":\"https:\/\/www.comau.com\/wp-content\/uploads\/2021\/06\/header_MAT3138.png\",\"contentUrl\":\"https:\/\/www.comau.com\/wp-content\/uploads\/2021\/06\/header_MAT3138.png\",\"width\":1280,\"height\":485},{\"@type\":\"BreadcrumbList\",\"@id\":\"https:\/\/www.comau.com\/it\/competencies\/systems\/consultancy-education\/robotics-license\/#breadcrumb\",\"itemListElement\":[{\"@type\":\"ListItem\",\"position\":1,\"name\":\"Home\",\"item\":\"https:\/\/www.comau.com\/it\/\"},{\"@type\":\"ListItem\",\"position\":2,\"name\":\"Le Nostre Competenze\",\"item\":\"https:\/\/www.comau.com\/it\/competencies\/\"},{\"@type\":\"ListItem\",\"position\":3,\"name\":\"Consultancy &amp; Education\",\"item\":\"https:\/\/www.comau.com\/it\/competencies\/consultancy-education\/\"},{\"@type\":\"ListItem\",\"position\":4,\"name\":\"Patentino della robotica\"}]},{\"@type\":\"WebSite\",\"@id\":\"https:\/\/www.comau.com\/it\/#website\",\"url\":\"https:\/\/www.comau.com\/it\/\",\"name\":\"Comau\",\"description\":\"Industrial automation and robotics\",\"publisher\":{\"@id\":\"https:\/\/www.comau.com\/it\/#organization\"},\"potentialAction\":[{\"@type\":\"SearchAction\",\"target\":{\"@type\":\"EntryPoint\",\"urlTemplate\":\"https:\/\/www.comau.com\/it\/?s={search_term_string}\"},\"query-input\":{\"@type\":\"PropertyValueSpecification\",\"valueRequired\":true,\"valueName\":\"search_term_string\"}}],\"inLanguage\":\"it-IT\"},{\"@type\":\"Organization\",\"@id\":\"https:\/\/www.comau.com\/it\/#organization\",\"name\":\"Comau\",\"url\":\"https:\/\/www.comau.com\/it\/\",\"logo\":{\"@type\":\"ImageObject\",\"inLanguage\":\"it-IT\",\"@id\":\"https:\/\/www.comau.com\/it\/#\/schema\/logo\/image\/\",\"url\":\"https:\/\/www.comau.com\/wp-content\/uploads\/2024\/07\/cropped-Logo-COMAU.png\",\"contentUrl\":\"https:\/\/www.comau.com\/wp-content\/uploads\/2024\/07\/cropped-Logo-COMAU.png\",\"width\":434,\"height\":434,\"caption\":\"Comau\"},\"image\":{\"@id\":\"https:\/\/www.comau.com\/it\/#\/schema\/logo\/image\/\"},\"sameAs\":[\"https:\/\/www.facebook.com\/COMAU\/\",\"https:\/\/x.com\/comaugroup\",\"https:\/\/www.instagram.com\/comaugroup\/\",\"https:\/\/www.linkedin.com\/company\/comau\",\"https:\/\/www.youtube.com\/user\/comau\"]}]}<\/script>\n<!-- \/ Yoast SEO plugin. -->","yoast_head_json":{"title":"Comau - certificazione sull'uso e la programmazione robotica","description":"Corso di formazione che permette agli studenti di diventare esperti del settore robotica e ricevere una certificazione ricosciuta a livello internazionale.","robots":{"index":"index","follow":"follow","max-snippet":"max-snippet:-1","max-image-preview":"max-image-preview:large","max-video-preview":"max-video-preview:-1"},"canonical":"https:\/\/www.comau.com\/it\/competencies\/systems\/consultancy-education\/robotics-license\/","og_locale":"it_IT","og_type":"article","og_title":"Comau - certificazione sull'uso e la programmazione robotica","og_description":"Corso di formazione che permette agli studenti di diventare esperti del settore robotica e ricevere una certificazione ricosciuta a livello internazionale.","og_url":"https:\/\/www.comau.com\/it\/competencies\/systems\/consultancy-education\/robotics-license\/","og_site_name":"Comau","article_publisher":"https:\/\/www.facebook.com\/COMAU\/","article_modified_time":"2023-02-16T17:12:34+00:00","og_image":[{"width":1280,"height":485,"url":"https:\/\/www.comau.com\/wp-content\/uploads\/2021\/06\/header_MAT3138.png","type":"image\/png"}],"twitter_card":"summary_large_image","twitter_site":"@comaugroup","twitter_misc":{"Tempo di lettura stimato":"3 minuti"},"schema":{"@context":"https:\/\/schema.org","@graph":[{"@type":"WebPage","@id":"https:\/\/www.comau.com\/it\/competencies\/systems\/consultancy-education\/robotics-license\/","url":"https:\/\/www.comau.com\/it\/competencies\/systems\/consultancy-education\/robotics-license\/","name":"Comau - certificazione sull'uso e la programmazione robotica","isPartOf":{"@id":"https:\/\/www.comau.com\/it\/#website"},"primaryImageOfPage":{"@id":"https:\/\/www.comau.com\/it\/competencies\/systems\/consultancy-education\/robotics-license\/#primaryimage"},"image":{"@id":"https:\/\/www.comau.com\/it\/competencies\/systems\/consultancy-education\/robotics-license\/#primaryimage"},"thumbnailUrl":"https:\/\/www.comau.com\/wp-content\/uploads\/2021\/06\/header_MAT3138.png","datePublished":"2021-06-30T23:05:19+00:00","dateModified":"2023-02-16T17:12:34+00:00","description":"Corso di formazione che permette agli studenti di diventare esperti del settore robotica e ricevere una certificazione ricosciuta a livello internazionale.","breadcrumb":{"@id":"https:\/\/www.comau.com\/it\/competencies\/systems\/consultancy-education\/robotics-license\/#breadcrumb"},"inLanguage":"it-IT","potentialAction":[{"@type":"ReadAction","target":["https:\/\/www.comau.com\/it\/competencies\/systems\/consultancy-education\/robotics-license\/"]}]},{"@type":"ImageObject","inLanguage":"it-IT","@id":"https:\/\/www.comau.com\/it\/competencies\/systems\/consultancy-education\/robotics-license\/#primaryimage","url":"https:\/\/www.comau.com\/wp-content\/uploads\/2021\/06\/header_MAT3138.png","contentUrl":"https:\/\/www.comau.com\/wp-content\/uploads\/2021\/06\/header_MAT3138.png","width":1280,"height":485},{"@type":"BreadcrumbList","@id":"https:\/\/www.comau.com\/it\/competencies\/systems\/consultancy-education\/robotics-license\/#breadcrumb","itemListElement":[{"@type":"ListItem","position":1,"name":"Home","item":"https:\/\/www.comau.com\/it\/"},{"@type":"ListItem","position":2,"name":"Le Nostre Competenze","item":"https:\/\/www.comau.com\/it\/competencies\/"},{"@type":"ListItem","position":3,"name":"Consultancy &amp; Education","item":"https:\/\/www.comau.com\/it\/competencies\/consultancy-education\/"},{"@type":"ListItem","position":4,"name":"Patentino della robotica"}]},{"@type":"WebSite","@id":"https:\/\/www.comau.com\/it\/#website","url":"https:\/\/www.comau.com\/it\/","name":"Comau","description":"Industrial automation and robotics","publisher":{"@id":"https:\/\/www.comau.com\/it\/#organization"},"potentialAction":[{"@type":"SearchAction","target":{"@type":"EntryPoint","urlTemplate":"https:\/\/www.comau.com\/it\/?s={search_term_string}"},"query-input":{"@type":"PropertyValueSpecification","valueRequired":true,"valueName":"search_term_string"}}],"inLanguage":"it-IT"},{"@type":"Organization","@id":"https:\/\/www.comau.com\/it\/#organization","name":"Comau","url":"https:\/\/www.comau.com\/it\/","logo":{"@type":"ImageObject","inLanguage":"it-IT","@id":"https:\/\/www.comau.com\/it\/#\/schema\/logo\/image\/","url":"https:\/\/www.comau.com\/wp-content\/uploads\/2024\/07\/cropped-Logo-COMAU.png","contentUrl":"https:\/\/www.comau.com\/wp-content\/uploads\/2024\/07\/cropped-Logo-COMAU.png","width":434,"height":434,"caption":"Comau"},"image":{"@id":"https:\/\/www.comau.com\/it\/#\/schema\/logo\/image\/"},"sameAs":["https:\/\/www.facebook.com\/COMAU\/","https:\/\/x.com\/comaugroup","https:\/\/www.instagram.com\/comaugroup\/","https:\/\/www.linkedin.com\/company\/comau","https:\/\/www.youtube.com\/user\/comau"]}]}},"_links":{"self":[{"href":"https:\/\/www.comau.com\/it\/wp-json\/wp\/v2\/pages\/6381","targetHints":{"allow":["GET"]}}],"collection":[{"href":"https:\/\/www.comau.com\/it\/wp-json\/wp\/v2\/pages"}],"about":[{"href":"https:\/\/www.comau.com\/it\/wp-json\/wp\/v2\/types\/page"}],"author":[{"embeddable":true,"href":"https:\/\/www.comau.com\/it\/wp-json\/wp\/v2\/users\/11"}],"replies":[{"embeddable":true,"href":"https:\/\/www.comau.com\/it\/wp-json\/wp\/v2\/comments?post=6381"}],"version-history":[{"count":40,"href":"https:\/\/www.comau.com\/it\/wp-json\/wp\/v2\/pages\/6381\/revisions"}],"predecessor-version":[{"id":50507,"href":"https:\/\/www.comau.com\/it\/wp-json\/wp\/v2\/pages\/6381\/revisions\/50507"}],"up":[{"embeddable":true,"href":"https:\/\/www.comau.com\/it\/wp-json\/wp\/v2\/pages\/28603"}],"wp:featuredmedia":[{"embeddable":true,"href":"https:\/\/www.comau.com\/it\/wp-json\/wp\/v2\/media\/6393"}],"wp:attachment":[{"href":"https:\/\/www.comau.com\/it\/wp-json\/wp\/v2\/media?parent=6381"}],"curies":[{"name":"wp","href":"https:\/\/api.w.org\/{rel}","templated":true}]}}