{"id":6288,"date":"2021-06-01T01:02:36","date_gmt":"2021-05-31T23:02:36","guid":{"rendered":"https:\/\/www.comau.com\/?page_id=6288"},"modified":"2021-12-03T16:51:38","modified_gmt":"2021-12-03T15:51:38","slug":"schools-education","status":"publish","type":"page","link":"https:\/\/www.comau.com\/it\/competencies\/systems\/consultancy-education\/schools-education\/","title":{"rendered":"Schools &#038; Education"},"content":{"rendered":"\n<h2 class=\"wp-block-heading\">Formazione stimolante e coinvolgente<\/h2>\n\n\n\n<p>Comau \u00e8 impegnata a collaborare strettamente con studenti e docenti per fare evolvere l\u2019uso della robotica come un innovativo strumento di apprendimento, iniziando con la nostra piattaforma robotica e.DO\u2122<\/p>\n\n\n\n<p>\ne.DO \u00e8 un robot open-source interattivo, flessibile, progettato per stimolare la creativit\u00e0 e la partecipazione sia in aula che in realt\u00e0 esterne. Il robot, compatibile con Industry 4.0, \u00e8 stato sviluppato nell\u2019ambito di un ecosistema aperto e modulare che aiuta i docenti a utilizzare la robotica per far fronte a una variet\u00e0 di interessi e gruppi di studenti nel quadro di un percorso didattico moderno e mirato.<\/p>\n\n\n\n<div class=\"wp-block-getwid-toggle download-dropdown has-icon-left\">\n<div class=\"wp-block-getwid-toggle__row\"><div class=\"wp-block-getwid-toggle__header-wrapper\"><span class=\"wp-block-getwid-toggle__header\"><a href=\"#\"><span class=\"wp-block-getwid-toggle__header-title\">Download the brochure<\/span><span class=\"wp-block-getwid-toggle__icon is-active\"><i class=\"fas fa-plus\"><\/i><\/span><span class=\"wp-block-getwid-toggle__icon is-passive\"><i class=\"fas fa-minus\"><\/i><\/span><\/a><\/span><\/div><div class=\"wp-block-getwid-toggle__content-wrapper\"><div class=\"wp-block-getwid-toggle__content\">\n<div class=\"wp-block-getwid-button-group\"><div class=\"wp-block-getwid-button-group__wrapper\">\n<div class=\"wp-block-button\"><a class=\"wp-block-button__link\" href=\"https:\/\/www.comau.com\/wp-content\/uploads\/2021\/06\/Brochure_e.DOExperience.pdf\" target=\"_blank\" rel=\"noreferrer noopener\">Brochure_e.DOExperience_EN<\/a><\/div>\n\n\n\n<div class=\"wp-block-button\"><a class=\"wp-block-button__link\" href=\"https:\/\/www.comau.com\/wp-content\/uploads\/2021\/06\/Comau_e.DOExperience_Brochure_PT.pdf\" target=\"_blank\" rel=\"noreferrer noopener\">Brochure_e.DOExperience_PT<\/a><\/div>\n<\/div><\/div>\n<\/div><\/div><\/div>\n<\/div>\n\n\n\n<h2 class=\"wp-block-heading\">Un nuovo paradigma nel campo dell\u2019apprendimento interattivo <\/h2>\n\n\n\n<p>\u200bLa suite e.DO\u2122 Experience \u00e8 basata su un approccio interdisciplinare all\u2019apprendimento che integra e unifica aree di competenza fondamentali \u2013 robotica, discipline STEM (Science, Technology, Engineering and Mathematics), cooperazione, comunicazione, lavoro di squadra, creativit\u00e0 e altre abilit\u00e0 individuali \u2013 oltre a offrire un\u2019introduzione al problem solving competitivo, alla cultura industriale e a un orientamento fondato sui risultati.<\/p>\n\n\n\n<h2 class=\"wp-block-heading\">Aiutare i docenti a conseguire gli obiettivi didattici <\/h2>\n\n\n\n<p>\u200bLa suite e.DO\u2122 Experience \u00e8 stata creata per facilitare un approccio pragmatico all\u2019apprendimento che abbraccia varie discipline e gruppi di et\u00e0. Sia in aula che a un evento, e.DO pu\u00f2 aiutare a offrire un\u2019esperienza pratica che incoraggia la partecipazione, la cooperazione e l\u2019inclusione tra gli studenti. Inoltre e.DO offre un percorso di apprendimento innovativo e coinvolgente che sviluppa la capacit\u00e0 di collegare l\u2019apprendimento disciplinare con le molteplici realt\u00e0 del mondo.<\/p>\n\n\n\n<h2 class=\"wp-block-heading\">Chiunque pu\u00f2 scoprire i vantaggi offerti da e.DO\u2122 Experience <\/h2>\n\n\n\n<p>\u200bChe siano ragazzi, studenti, docenti o famiglie, professionisti, persone interessate alla robotica, delegati a conferenze, musei e partecipanti a eventi, Comau propone una suite e.DO\u2122 Experience atta a soddisfare le esigenze specifiche di un pubblico eterogeneo, grazie a stili di apprendimento personalizzati per ciascuna generazione. <\/p>\n\n\n\n<div class=\"wp-block-getwid-images-slider has-arrows-inside has-dots-outside has-images-center has-cropped-images\"><div class=\"wp-block-getwid-images-slider__wrapper\" data-effect=\"slide\" data-slides-show=\"1\" data-slides-show-laptop=\"1\" data-slides-show-tablet=\"1\" data-slides-show-mobile=\"1\" data-slides-scroll=\"1\" data-autoplay=\"true\" data-autoplay-speed=\"6000\" data-infinite=\"true\" data-animation-speed=\"800\" data-center-mode=\"false\" data-variable-width=\"false\" data-arrows=\"inside\" data-dots=\"outside\" data-spacing=\"none\"><div class=\"wp-block-getwid-images-slider__item\"><figure><img decoding=\"async\" width=\"800\" height=\"400\" src=\"https:\/\/www.comau.com\/wp-content\/uploads\/2021\/06\/01-3.jpg\" data-id=\"1200\" data-link=\"https:\/\/www.comau.com\/competencies\/consultancy-education\/schools-educatio\/01-3\/\" data-original-link=\"https:\/\/www.comau.com\/wp-content\/uploads\/2021\/06\/01-3.jpg\" class=\"wp-block-getwid-images-slider__image wp-image-6326\" srcset=\"https:\/\/www.comau.com\/wp-content\/uploads\/2021\/06\/01-3.jpg 800w, https:\/\/www.comau.com\/wp-content\/uploads\/2021\/06\/01-3-300x150.jpg 300w, https:\/\/www.comau.com\/wp-content\/uploads\/2021\/06\/01-3-768x384.jpg 768w\" sizes=\"(max-width: 800px) 100vw, 800px\" \/><\/figure><\/div><div class=\"wp-block-getwid-images-slider__item\"><figure><img decoding=\"async\" width=\"800\" height=\"400\" src=\"https:\/\/www.comau.com\/wp-content\/uploads\/2021\/06\/02-1.jpg\" data-id=\"1201\" data-link=\"https:\/\/www.comau.com\/competencies\/consultancy-education\/schools-educatio\/02-3\/\" data-original-link=\"https:\/\/www.comau.com\/wp-content\/uploads\/2021\/06\/02-1.jpg\" class=\"wp-block-getwid-images-slider__image wp-image-6327\" srcset=\"https:\/\/www.comau.com\/wp-content\/uploads\/2021\/06\/02-1.jpg 800w, https:\/\/www.comau.com\/wp-content\/uploads\/2021\/06\/02-1-300x150.jpg 300w, https:\/\/www.comau.com\/wp-content\/uploads\/2021\/06\/02-1-768x384.jpg 768w\" sizes=\"(max-width: 800px) 100vw, 800px\" \/><\/figure><\/div><div class=\"wp-block-getwid-images-slider__item\"><figure><img decoding=\"async\" width=\"800\" height=\"400\" src=\"https:\/\/www.comau.com\/wp-content\/uploads\/2021\/06\/03-1.jpg\" data-id=\"1202\" data-link=\"https:\/\/www.comau.com\/competencies\/consultancy-education\/schools-educatio\/03-3\/\" data-original-link=\"https:\/\/www.comau.com\/wp-content\/uploads\/2021\/06\/03-1.jpg\" class=\"wp-block-getwid-images-slider__image wp-image-6328\" srcset=\"https:\/\/www.comau.com\/wp-content\/uploads\/2021\/06\/03-1.jpg 800w, https:\/\/www.comau.com\/wp-content\/uploads\/2021\/06\/03-1-300x150.jpg 300w, https:\/\/www.comau.com\/wp-content\/uploads\/2021\/06\/03-1-768x384.jpg 768w\" sizes=\"(max-width: 800px) 100vw, 800px\" \/><\/figure><\/div><div class=\"wp-block-getwid-images-slider__item\"><figure><img decoding=\"async\" width=\"800\" height=\"400\" src=\"https:\/\/www.comau.com\/wp-content\/uploads\/2021\/06\/04-1.jpg\" data-id=\"1203\" data-link=\"https:\/\/www.comau.com\/competencies\/consultancy-education\/schools-educatio\/04-3\/\" data-original-link=\"https:\/\/www.comau.com\/wp-content\/uploads\/2021\/06\/04-1.jpg\" class=\"wp-block-getwid-images-slider__image wp-image-6329\" srcset=\"https:\/\/www.comau.com\/wp-content\/uploads\/2021\/06\/04-1.jpg 800w, https:\/\/www.comau.com\/wp-content\/uploads\/2021\/06\/04-1-300x150.jpg 300w, https:\/\/www.comau.com\/wp-content\/uploads\/2021\/06\/04-1-768x384.jpg 768w\" sizes=\"(max-width: 800px) 100vw, 800px\" \/><\/figure><\/div><div class=\"wp-block-getwid-images-slider__item\"><figure><img decoding=\"async\" width=\"800\" height=\"400\" src=\"https:\/\/www.comau.com\/wp-content\/uploads\/2021\/06\/05-1.jpg\" data-id=\"1204\" data-link=\"https:\/\/www.comau.com\/competencies\/consultancy-education\/schools-educatio\/05-3\/\" data-original-link=\"https:\/\/www.comau.com\/wp-content\/uploads\/2021\/06\/05-1.jpg\" class=\"wp-block-getwid-images-slider__image wp-image-6330\" srcset=\"https:\/\/www.comau.com\/wp-content\/uploads\/2021\/06\/05-1.jpg 800w, https:\/\/www.comau.com\/wp-content\/uploads\/2021\/06\/05-1-300x150.jpg 300w, https:\/\/www.comau.com\/wp-content\/uploads\/2021\/06\/05-1-768x384.jpg 768w\" sizes=\"(max-width: 800px) 100vw, 800px\" \/><\/figure><\/div><div class=\"wp-block-getwid-images-slider__item\"><figure><img decoding=\"async\" width=\"800\" height=\"400\" src=\"https:\/\/www.comau.com\/wp-content\/uploads\/2021\/06\/06-1.jpg\" data-id=\"1205\" data-link=\"https:\/\/www.comau.com\/competencies\/consultancy-education\/schools-educatio\/06-3\/\" data-original-link=\"https:\/\/www.comau.com\/wp-content\/uploads\/2021\/06\/06-1.jpg\" class=\"wp-block-getwid-images-slider__image wp-image-6331\" srcset=\"https:\/\/www.comau.com\/wp-content\/uploads\/2021\/06\/06-1.jpg 800w, https:\/\/www.comau.com\/wp-content\/uploads\/2021\/06\/06-1-300x150.jpg 300w, https:\/\/www.comau.com\/wp-content\/uploads\/2021\/06\/06-1-768x384.jpg 768w\" sizes=\"(max-width: 800px) 100vw, 800px\" \/><\/figure><\/div><div class=\"wp-block-getwid-images-slider__item\"><figure><img decoding=\"async\" width=\"800\" height=\"400\" src=\"https:\/\/www.comau.com\/wp-content\/uploads\/2021\/06\/07-1.jpg\" data-id=\"1206\" data-link=\"https:\/\/www.comau.com\/competencies\/consultancy-education\/schools-educatio\/07-3\/\" data-original-link=\"https:\/\/www.comau.com\/wp-content\/uploads\/2021\/06\/07-1.jpg\" class=\"wp-block-getwid-images-slider__image wp-image-6332\" srcset=\"https:\/\/www.comau.com\/wp-content\/uploads\/2021\/06\/07-1.jpg 800w, https:\/\/www.comau.com\/wp-content\/uploads\/2021\/06\/07-1-300x150.jpg 300w, https:\/\/www.comau.com\/wp-content\/uploads\/2021\/06\/07-1-768x384.jpg 768w\" sizes=\"(max-width: 800px) 100vw, 800px\" \/><\/figure><\/div><div class=\"wp-block-getwid-images-slider__item\"><figure><img decoding=\"async\" width=\"800\" height=\"400\" src=\"https:\/\/www.comau.com\/wp-content\/uploads\/2021\/06\/08-1.jpg\" data-id=\"1207\" data-link=\"https:\/\/www.comau.com\/competencies\/consultancy-education\/schools-educatio\/08-2\/\" data-original-link=\"https:\/\/www.comau.com\/wp-content\/uploads\/2021\/06\/08-1.jpg\" class=\"wp-block-getwid-images-slider__image wp-image-6333\" srcset=\"https:\/\/www.comau.com\/wp-content\/uploads\/2021\/06\/08-1.jpg 800w, https:\/\/www.comau.com\/wp-content\/uploads\/2021\/06\/08-1-300x150.jpg 300w, https:\/\/www.comau.com\/wp-content\/uploads\/2021\/06\/08-1-768x384.jpg 768w\" sizes=\"(max-width: 800px) 100vw, 800px\" \/><\/figure><\/div><div class=\"wp-block-getwid-images-slider__item\"><figure><img decoding=\"async\" width=\"800\" height=\"400\" src=\"https:\/\/www.comau.com\/wp-content\/uploads\/2021\/06\/09.jpg\" data-id=\"1208\" data-link=\"https:\/\/www.comau.com\/competencies\/consultancy-education\/schools-educatio\/attachment\/09\/\" data-original-link=\"https:\/\/www.comau.com\/wp-content\/uploads\/2021\/06\/09.jpg\" class=\"wp-block-getwid-images-slider__image wp-image-6334\" srcset=\"https:\/\/www.comau.com\/wp-content\/uploads\/2021\/06\/09.jpg 800w, https:\/\/www.comau.com\/wp-content\/uploads\/2021\/06\/09-300x150.jpg 300w, https:\/\/www.comau.com\/wp-content\/uploads\/2021\/06\/09-768x384.jpg 768w\" sizes=\"(max-width: 800px) 100vw, 800px\" \/><\/figure><\/div><\/div><\/div>\n","protected":false},"excerpt":{"rendered":"<p>Formazione stimolante e coinvolgente Comau \u00e8 impegnata a collaborare strettamente con studenti e docenti per fare evolvere l\u2019uso della robotica come un innovativo strumento di apprendimento, iniziando con la nostra piattaforma robotica e.DO\u2122 e.DO \u00e8 un robot open-source interattivo, flessibile, progettato per stimolare la creativit\u00e0 e la partecipazione sia in aula che in realt\u00e0 esterne. [&hellip;]<\/p>\n","protected":false},"author":11,"featured_media":6325,"parent":28603,"menu_order":2,"comment_status":"closed","ping_status":"closed","template":"","meta":{"_acf_changed":false,"ep_exclude_from_search":false,"footnotes":""},"class_list":["post-6288","page","type-page","status-publish","has-post-thumbnail","hentry"],"acf":[],"yoast_head":"<!-- This site is optimized with the Yoast SEO plugin v26.9 - https:\/\/yoast.com\/product\/yoast-seo-wordpress\/ -->\n<title>Robot per Didattica | Comau<\/title>\n<meta name=\"description\" content=\"Scopri i robot Comau per la didattica: piattaforma robotica per incentivare l&#039;apprendimento con creativit\u00e0.\" \/>\n<meta name=\"robots\" content=\"index, follow, max-snippet:-1, max-image-preview:large, max-video-preview:-1\" \/>\n<link rel=\"canonical\" href=\"https:\/\/www.comau.com\/it\/competencies\/systems\/consultancy-education\/schools-education\/\" \/>\n<meta property=\"og:locale\" content=\"it_IT\" \/>\n<meta property=\"og:type\" content=\"article\" \/>\n<meta property=\"og:title\" content=\"Robot per Didattica | Comau\" \/>\n<meta property=\"og:description\" content=\"Scopri i robot Comau per la didattica: piattaforma robotica per incentivare l&#039;apprendimento con creativit\u00e0.\" \/>\n<meta property=\"og:url\" content=\"https:\/\/www.comau.com\/it\/competencies\/systems\/consultancy-education\/schools-education\/\" \/>\n<meta property=\"og:site_name\" content=\"Comau\" \/>\n<meta property=\"article:publisher\" content=\"https:\/\/www.facebook.com\/COMAU\/\" \/>\n<meta property=\"article:modified_time\" content=\"2021-12-03T15:51:38+00:00\" \/>\n<meta property=\"og:image\" content=\"https:\/\/www.comau.com\/wp-content\/uploads\/2021\/06\/e.DoAcademy_header.jpg\" \/>\n\t<meta property=\"og:image:width\" content=\"1280\" \/>\n\t<meta property=\"og:image:height\" content=\"485\" \/>\n\t<meta property=\"og:image:type\" content=\"image\/jpeg\" \/>\n<meta name=\"twitter:card\" content=\"summary_large_image\" \/>\n<meta name=\"twitter:site\" content=\"@comaugroup\" \/>\n<meta name=\"twitter:label1\" content=\"Tempo di lettura stimato\" \/>\n\t<meta name=\"twitter:data1\" content=\"4 minuti\" \/>\n<script type=\"application\/ld+json\" class=\"yoast-schema-graph\">{\"@context\":\"https:\/\/schema.org\",\"@graph\":[{\"@type\":\"WebPage\",\"@id\":\"https:\/\/www.comau.com\/it\/competencies\/systems\/consultancy-education\/schools-education\/\",\"url\":\"https:\/\/www.comau.com\/it\/competencies\/systems\/consultancy-education\/schools-education\/\",\"name\":\"Robot per Didattica | Comau\",\"isPartOf\":{\"@id\":\"https:\/\/www.comau.com\/it\/#website\"},\"primaryImageOfPage\":{\"@id\":\"https:\/\/www.comau.com\/it\/competencies\/systems\/consultancy-education\/schools-education\/#primaryimage\"},\"image\":{\"@id\":\"https:\/\/www.comau.com\/it\/competencies\/systems\/consultancy-education\/schools-education\/#primaryimage\"},\"thumbnailUrl\":\"https:\/\/www.comau.com\/wp-content\/uploads\/2021\/06\/e.DoAcademy_header.jpg\",\"datePublished\":\"2021-05-31T23:02:36+00:00\",\"dateModified\":\"2021-12-03T15:51:38+00:00\",\"description\":\"Scopri i robot Comau per la didattica: piattaforma robotica per incentivare l'apprendimento con creativit\u00e0.\",\"breadcrumb\":{\"@id\":\"https:\/\/www.comau.com\/it\/competencies\/systems\/consultancy-education\/schools-education\/#breadcrumb\"},\"inLanguage\":\"it-IT\",\"potentialAction\":[{\"@type\":\"ReadAction\",\"target\":[\"https:\/\/www.comau.com\/it\/competencies\/systems\/consultancy-education\/schools-education\/\"]}]},{\"@type\":\"ImageObject\",\"inLanguage\":\"it-IT\",\"@id\":\"https:\/\/www.comau.com\/it\/competencies\/systems\/consultancy-education\/schools-education\/#primaryimage\",\"url\":\"https:\/\/www.comau.com\/wp-content\/uploads\/2021\/06\/e.DoAcademy_header.jpg\",\"contentUrl\":\"https:\/\/www.comau.com\/wp-content\/uploads\/2021\/06\/e.DoAcademy_header.jpg\",\"width\":1280,\"height\":485},{\"@type\":\"BreadcrumbList\",\"@id\":\"https:\/\/www.comau.com\/it\/competencies\/systems\/consultancy-education\/schools-education\/#breadcrumb\",\"itemListElement\":[{\"@type\":\"ListItem\",\"position\":1,\"name\":\"Home\",\"item\":\"https:\/\/www.comau.com\/it\/\"},{\"@type\":\"ListItem\",\"position\":2,\"name\":\"Le Nostre Competenze\",\"item\":\"https:\/\/www.comau.com\/it\/competencies\/\"},{\"@type\":\"ListItem\",\"position\":3,\"name\":\"Consultancy &amp; Education\",\"item\":\"https:\/\/www.comau.com\/it\/competencies\/consultancy-education\/\"},{\"@type\":\"ListItem\",\"position\":4,\"name\":\"Schools &#038; Education\"}]},{\"@type\":\"WebSite\",\"@id\":\"https:\/\/www.comau.com\/it\/#website\",\"url\":\"https:\/\/www.comau.com\/it\/\",\"name\":\"Comau\",\"description\":\"Industrial automation and robotics\",\"publisher\":{\"@id\":\"https:\/\/www.comau.com\/it\/#organization\"},\"potentialAction\":[{\"@type\":\"SearchAction\",\"target\":{\"@type\":\"EntryPoint\",\"urlTemplate\":\"https:\/\/www.comau.com\/it\/?s={search_term_string}\"},\"query-input\":{\"@type\":\"PropertyValueSpecification\",\"valueRequired\":true,\"valueName\":\"search_term_string\"}}],\"inLanguage\":\"it-IT\"},{\"@type\":\"Organization\",\"@id\":\"https:\/\/www.comau.com\/it\/#organization\",\"name\":\"Comau\",\"url\":\"https:\/\/www.comau.com\/it\/\",\"logo\":{\"@type\":\"ImageObject\",\"inLanguage\":\"it-IT\",\"@id\":\"https:\/\/www.comau.com\/it\/#\/schema\/logo\/image\/\",\"url\":\"https:\/\/www.comau.com\/wp-content\/uploads\/2024\/07\/cropped-Logo-COMAU.png\",\"contentUrl\":\"https:\/\/www.comau.com\/wp-content\/uploads\/2024\/07\/cropped-Logo-COMAU.png\",\"width\":434,\"height\":434,\"caption\":\"Comau\"},\"image\":{\"@id\":\"https:\/\/www.comau.com\/it\/#\/schema\/logo\/image\/\"},\"sameAs\":[\"https:\/\/www.facebook.com\/COMAU\/\",\"https:\/\/x.com\/comaugroup\",\"https:\/\/www.instagram.com\/comaugroup\/\",\"https:\/\/www.linkedin.com\/company\/comau\",\"https:\/\/www.youtube.com\/user\/comau\"]}]}<\/script>\n<!-- \/ Yoast SEO plugin. -->","yoast_head_json":{"title":"Robot per Didattica | Comau","description":"Scopri i robot Comau per la didattica: piattaforma robotica per incentivare l'apprendimento con creativit\u00e0.","robots":{"index":"index","follow":"follow","max-snippet":"max-snippet:-1","max-image-preview":"max-image-preview:large","max-video-preview":"max-video-preview:-1"},"canonical":"https:\/\/www.comau.com\/it\/competencies\/systems\/consultancy-education\/schools-education\/","og_locale":"it_IT","og_type":"article","og_title":"Robot per Didattica | Comau","og_description":"Scopri i robot Comau per la didattica: piattaforma robotica per incentivare l'apprendimento con creativit\u00e0.","og_url":"https:\/\/www.comau.com\/it\/competencies\/systems\/consultancy-education\/schools-education\/","og_site_name":"Comau","article_publisher":"https:\/\/www.facebook.com\/COMAU\/","article_modified_time":"2021-12-03T15:51:38+00:00","og_image":[{"width":1280,"height":485,"url":"https:\/\/www.comau.com\/wp-content\/uploads\/2021\/06\/e.DoAcademy_header.jpg","type":"image\/jpeg"}],"twitter_card":"summary_large_image","twitter_site":"@comaugroup","twitter_misc":{"Tempo di lettura stimato":"4 minuti"},"schema":{"@context":"https:\/\/schema.org","@graph":[{"@type":"WebPage","@id":"https:\/\/www.comau.com\/it\/competencies\/systems\/consultancy-education\/schools-education\/","url":"https:\/\/www.comau.com\/it\/competencies\/systems\/consultancy-education\/schools-education\/","name":"Robot per Didattica | Comau","isPartOf":{"@id":"https:\/\/www.comau.com\/it\/#website"},"primaryImageOfPage":{"@id":"https:\/\/www.comau.com\/it\/competencies\/systems\/consultancy-education\/schools-education\/#primaryimage"},"image":{"@id":"https:\/\/www.comau.com\/it\/competencies\/systems\/consultancy-education\/schools-education\/#primaryimage"},"thumbnailUrl":"https:\/\/www.comau.com\/wp-content\/uploads\/2021\/06\/e.DoAcademy_header.jpg","datePublished":"2021-05-31T23:02:36+00:00","dateModified":"2021-12-03T15:51:38+00:00","description":"Scopri i robot Comau per la didattica: piattaforma robotica per incentivare l'apprendimento con creativit\u00e0.","breadcrumb":{"@id":"https:\/\/www.comau.com\/it\/competencies\/systems\/consultancy-education\/schools-education\/#breadcrumb"},"inLanguage":"it-IT","potentialAction":[{"@type":"ReadAction","target":["https:\/\/www.comau.com\/it\/competencies\/systems\/consultancy-education\/schools-education\/"]}]},{"@type":"ImageObject","inLanguage":"it-IT","@id":"https:\/\/www.comau.com\/it\/competencies\/systems\/consultancy-education\/schools-education\/#primaryimage","url":"https:\/\/www.comau.com\/wp-content\/uploads\/2021\/06\/e.DoAcademy_header.jpg","contentUrl":"https:\/\/www.comau.com\/wp-content\/uploads\/2021\/06\/e.DoAcademy_header.jpg","width":1280,"height":485},{"@type":"BreadcrumbList","@id":"https:\/\/www.comau.com\/it\/competencies\/systems\/consultancy-education\/schools-education\/#breadcrumb","itemListElement":[{"@type":"ListItem","position":1,"name":"Home","item":"https:\/\/www.comau.com\/it\/"},{"@type":"ListItem","position":2,"name":"Le Nostre Competenze","item":"https:\/\/www.comau.com\/it\/competencies\/"},{"@type":"ListItem","position":3,"name":"Consultancy &amp; Education","item":"https:\/\/www.comau.com\/it\/competencies\/consultancy-education\/"},{"@type":"ListItem","position":4,"name":"Schools &#038; Education"}]},{"@type":"WebSite","@id":"https:\/\/www.comau.com\/it\/#website","url":"https:\/\/www.comau.com\/it\/","name":"Comau","description":"Industrial automation and robotics","publisher":{"@id":"https:\/\/www.comau.com\/it\/#organization"},"potentialAction":[{"@type":"SearchAction","target":{"@type":"EntryPoint","urlTemplate":"https:\/\/www.comau.com\/it\/?s={search_term_string}"},"query-input":{"@type":"PropertyValueSpecification","valueRequired":true,"valueName":"search_term_string"}}],"inLanguage":"it-IT"},{"@type":"Organization","@id":"https:\/\/www.comau.com\/it\/#organization","name":"Comau","url":"https:\/\/www.comau.com\/it\/","logo":{"@type":"ImageObject","inLanguage":"it-IT","@id":"https:\/\/www.comau.com\/it\/#\/schema\/logo\/image\/","url":"https:\/\/www.comau.com\/wp-content\/uploads\/2024\/07\/cropped-Logo-COMAU.png","contentUrl":"https:\/\/www.comau.com\/wp-content\/uploads\/2024\/07\/cropped-Logo-COMAU.png","width":434,"height":434,"caption":"Comau"},"image":{"@id":"https:\/\/www.comau.com\/it\/#\/schema\/logo\/image\/"},"sameAs":["https:\/\/www.facebook.com\/COMAU\/","https:\/\/x.com\/comaugroup","https:\/\/www.instagram.com\/comaugroup\/","https:\/\/www.linkedin.com\/company\/comau","https:\/\/www.youtube.com\/user\/comau"]}]}},"_links":{"self":[{"href":"https:\/\/www.comau.com\/it\/wp-json\/wp\/v2\/pages\/6288","targetHints":{"allow":["GET"]}}],"collection":[{"href":"https:\/\/www.comau.com\/it\/wp-json\/wp\/v2\/pages"}],"about":[{"href":"https:\/\/www.comau.com\/it\/wp-json\/wp\/v2\/types\/page"}],"author":[{"embeddable":true,"href":"https:\/\/www.comau.com\/it\/wp-json\/wp\/v2\/users\/11"}],"replies":[{"embeddable":true,"href":"https:\/\/www.comau.com\/it\/wp-json\/wp\/v2\/comments?post=6288"}],"version-history":[{"count":14,"href":"https:\/\/www.comau.com\/it\/wp-json\/wp\/v2\/pages\/6288\/revisions"}],"predecessor-version":[{"id":40134,"href":"https:\/\/www.comau.com\/it\/wp-json\/wp\/v2\/pages\/6288\/revisions\/40134"}],"up":[{"embeddable":true,"href":"https:\/\/www.comau.com\/it\/wp-json\/wp\/v2\/pages\/28603"}],"wp:featuredmedia":[{"embeddable":true,"href":"https:\/\/www.comau.com\/it\/wp-json\/wp\/v2\/media\/6325"}],"wp:attachment":[{"href":"https:\/\/www.comau.com\/it\/wp-json\/wp\/v2\/media?parent=6288"}],"curies":[{"name":"wp","href":"https:\/\/api.w.org\/{rel}","templated":true}]}}