{"id":6273,"date":"2021-07-01T01:01:19","date_gmt":"2021-06-30T23:01:19","guid":{"rendered":"https:\/\/www.comau.com\/?page_id=6273"},"modified":"2022-05-17T18:24:27","modified_gmt":"2022-05-17T16:24:27","slug":"companies-professionals","status":"publish","type":"page","link":"https:\/\/www.comau.com\/it\/competencies\/systems\/consultancy-education\/companies-professionals\/","title":{"rendered":"Companies &amp; Professionals"},"content":{"rendered":"\n<h2 class=\"wp-block-heading\">Acquisisci un vantaggio competitivo o ridai impulso alla tua carriera con i corsi di formazione Comau pensati per le aziende e i professionisti<\/h2>\n\n\n\n<p>I nostri programmi di formazione riuniscono le risorse di apprendimento pi\u00f9 avanzate per sviluppare le competenze tecniche necessarie per far fronte alle nuove sfide inerenti alla produzione.<\/p>\n\n\n\n<p>Non \u00e8 pi\u00f9 sufficiente creare un prodotto migliore o proporre una tecnologia pi\u00f9 avanzata. Per rimanere competitive, ormai le aziende devono migliorare continuamente i loro processi di produzione. <\/p>\n\n\n\n<p>Sfruttando la nostra competenza unica, basata su oltre 40 anni di attivit\u00e0 nel settore dell\u2019automazione industriale, indipendentemente dalle loro dimensioni le aziende possono scoprire come innovare le tecnologie impiegate nella linea di produzione e trasformare le loro capacit\u00e0 manifatturiere. <\/p>\n\n\n\n<p>Attraverso corsi mirati all\u2019approfondimento dei vari aspetti dell\u2019automazione industriale, mettiamo la nostra competenza in questo campo al servizio delle aziende di tutto il mondo, che grazie al nostro La Comau Project Management Academy (Comau PM Academy) utilizza corsi, condivisione del know-how e cooperazione con altri istituti per consentire la crescita professionale di aziende e singole persone in tutto il mondo.<\/p>\n\n\n\n<p>La Comau PM Academy \u00e8 un istituto didattico registrato \u2013 REP\u00ae, Registered Education Provider \u2013 che opera a livello globale ed \u00e8 riconosciuto ufficialmente dal Project Management Institute (PMI)\u00ae, la pi\u00f9 grande associazione mondiale del project management professionale. Tutti i corsi vengono sviluppati internamente ed erogati dai professionisti Comau del project management. Questo ci permette di combinare la nostra esperienza comprovata sul campo con prassi di project management affermate internazionalmente (approccio teorico) e applicate a progetti complessi (approccio pragmatico).<\/p>\n\n\n\n<p>PMI \u00e8 un marchio registrato del Project Management Institute, Inc..<\/p>\n\n\n\n<div class=\"wp-block-columns columns-bg-dark three-per-row is-layout-flex wp-container-core-columns-is-layout-9d6595d7 wp-block-columns-is-layout-flex\">\n<div class=\"wp-block-column is-layout-flow wp-block-column-is-layout-flow\">\n<h3 class=\"wp-block-heading\"><strong>Human &amp; Technology Licence for business innovation<\/strong><\/h3>\n\n\n\n<p>Aggiorna le tue competenze professionali per affrontare con successo la transizione digitale. Comau Academy e il Dipartimento di Management dell\u2019Universit\u00e0 degli Studi di Torino hanno unito il loro know-how in un corso innovativo rivolto a manager, professionisti e giovani talenti interessati ad acquisire conoscenze fondamentali per accompagnare le imprese, di qualunque settore, in un percorso di digitalizzazione.<br><br><strong>Durata: 125 ore totali<br>2 moduli in e-learning + project work<\/strong><\/p>\n\n\n\n<p><strong>Partenza prima edizione<\/strong>: Ottobre 2022<br><strong>Pre-iscrizioni entro<\/strong>: 31 Agosto 2022<\/p>\n\n\n\n<div class=\"wp-block-buttons is-layout-flex wp-block-buttons-is-layout-flex\">\n<div class=\"wp-block-button\"><a class=\"wp-block-button__link\" href=\"https:\/\/www.comau.com\/it\/competencies\/consultancy-education\/companies-professionals\/human-technology-licence-for-business-innovation\/\">Leggi di pi\u00f9<\/a><\/div>\n<\/div>\n<\/div>\n\n\n\n<div class=\"wp-block-column is-layout-flow wp-block-column-is-layout-flow\">\n<h3 class=\"wp-block-heading\">Master in Automazione della Produzione e Trasformazione Digitale<\/h3>\n\n\n\n<p>Consegui un Master in Automazione della produzione e Trasformazione digitale, al tempo stesso acquisendo le capacit\u00e0 tecniche e manageriali necessarie per progettare e gestire soluzioni avanzate di automazione industriale. L\u2019innovativo programma combina corsi di automazione industriale, tecniche di gestione delle persone e dei progetti, ed esercitazioni focalizzate su argomenti avanzati di automazione.<br><br><strong>Durata: 260 ore in tutto<br>4 moduli presso 3 sedi internazionali<\/strong><\/p>\n\n\n\n<div class=\"wp-block-buttons is-layout-flex wp-block-buttons-is-layout-flex\">\n<div class=\"wp-block-button\"><a class=\"wp-block-button__link\" href=\"https:\/\/www.comau.com\/it\/competencies\/consultancy-education\/companies-professionals\/executive-master-in-manufacturing-automation-and-digital-transformation\/\">Leggi di pi\u00f9<\/a><\/div>\n<\/div>\n<\/div>\n\n\n\n<div class=\"wp-block-column is-layout-flow wp-block-column-is-layout-flow\">\n<h3 class=\"wp-block-heading\">Workshop \u2013 Industry 4.0<\/h3>\n\n\n\n<p>Sei pronto ad esplorare le <strong>opportunit\u00e0 e sfide che accompagnano la progressiva digitalizzazione delle imprese di oggi<\/strong> presso un centro di formazione riconosciuto a livello internazionale che nasce con l&#8217;obiettivo di mettere a disposizione di organizzazioni e privati \u200b\u200bi 45 anni di esperienza di Comau?<\/p>\n\n\n\n<div class=\"wp-block-buttons is-layout-flex wp-block-buttons-is-layout-flex\">\n<div class=\"wp-block-button\"><a class=\"wp-block-button__link\" href=\"https:\/\/www.comau.com\/en\/our-offer\/systems\/consultancy-education\/companies-professionals\/workshop-industry-4-0\/\">Leggi di pi\u00f9<\/a><\/div>\n<\/div>\n<\/div>\n\n\n\n<div class=\"wp-block-column is-layout-flow wp-block-column-is-layout-flow\">\n<h3 class=\"wp-block-heading\">Principi del Risk Management<\/h3>\n\n\n\n<p>Amplia le tue conoscenze nelle tecniche del risk management dei progetti, come ad esempio rilevare i rischi e le misure da adottare per ridurli o eliminarli nonch\u00e9 per gestirli con cognizione di causa, in conformit\u00e0 alle pertinenti aree della conoscenza illustrate nell\u2019opera &#8220;A Guide to the Project Management Body of Knowledge (PMBOK\u00ae Guide) \u2013 Fifth Edition, Project Management Institute, Inc., PMBOK \u00e8 un marchio registrato del Project Management Institute, Inc.\n<br><br><strong>\nDurata: 16 ore<\/strong><\/p>\n\n\n\n<div class=\"wp-block-buttons is-layout-flex wp-block-buttons-is-layout-flex\">\n<div class=\"wp-block-button\"><a class=\"wp-block-button__link\" href=\"https:\/\/www.comau.com\/it\/competencies\/consultancy-education\/companies-professionals\/risk-management-fundamentals\/\">Leggi di pi\u00f9<\/a><\/div>\n<\/div>\n<\/div>\n<\/div>\n\n\n\n<div class=\"wp-block-columns columns-bg-dark three-per-row is-layout-flex wp-container-core-columns-is-layout-9d6595d7 wp-block-columns-is-layout-flex\">\n<div class=\"wp-block-column is-layout-flow wp-block-column-is-layout-flow\">\n<h3 class=\"wp-block-heading\">PMF &#8211; Project Management<\/h3>\n\n\n\n<p>Aumenta la tua abilit\u00e0 nell\u2019applicazione dei processi e delle prassi di project management focalizzando l\u2019attenzione sulla definizione, attuazione, gestione, direzione, monitoraggio e controllo dei progetti e delle loro componenti.<br><br><strong>Durata: 3 giorni<br>24 unit\u00e0 di crescita professionale oppure ore di contatto<\/strong><\/p>\n\n\n\n<div class=\"wp-block-buttons is-layout-flex wp-block-buttons-is-layout-flex\">\n<div class=\"wp-block-button\"><a class=\"wp-block-button__link\" href=\"https:\/\/www.comau.com\/it\/competencies\/consultancy-education\/companies-professionals\/pmf-project-management-fundamentals\/\">Leggi di pi\u00f9<\/a><\/div>\n<\/div>\n<\/div>\n\n\n\n<div class=\"wp-block-column is-layout-flow wp-block-column-is-layout-flow\">\n<h3 class=\"wp-block-heading\">Certificazione Project Management Professional (PMP)\u00ae<\/h3>\n\n\n\n<p>Un programma di formazione intensivo studiato per illustrare tutti i processi del Project Management Institute (PMI)\u00ae \u2028e i corrispondenti input, strumenti, tecniche e output nonch\u00e9 ulteriori conoscenze nei campi Risorse Umane, teorie della Qualit\u00e0, Responsabilit\u00e0 etica e professionale, necessari per superare l\u2019esame PMP\u00ae. PMP \u00e8 un marchio registrato del Project Management Institute, Inc.<br><br><strong>Durata: 6 giorni<br>42 unit\u00e0 di crescita professionale oppure ore di contatto<\/strong><\/p>\n\n\n\n<div class=\"wp-block-buttons is-layout-flex wp-block-buttons-is-layout-flex\">\n<div class=\"wp-block-button\"><a class=\"wp-block-button__link\" href=\"https:\/\/www.comau.com\/it\/competencies\/consultancy-education\/companies-professionals\/professional-project-management-with-pmp-certification\/\">Leggi di pi\u00f9<\/a><\/div>\n<\/div>\n<\/div>\n\n\n\n<div class=\"wp-block-column is-layout-flow wp-block-column-is-layout-flow\">\n<h3 class=\"wp-block-heading\">PME- Project Management Essentials<\/h3>\n\n\n\n<p>Affina le tue nozioni dell\u2019ambiente del progetto e migliora la tua capacit\u00e0 di applicare efficacemente processi di project management.<br><br><strong>Durata: 2 giorni<br>15 unit\u00e0 di crescita professionale oppure ore di contatto<\/strong><\/p>\n\n\n\n<div class=\"wp-block-buttons is-layout-flex wp-block-buttons-is-layout-flex\">\n<div class=\"wp-block-button\"><a class=\"wp-block-button__link\" href=\"https:\/\/www.comau.com\/it\/competencies\/consultancy-education\/companies-professionals\/project-management-essentials-pme\/\">Leggi di pi\u00f9<\/a><\/div>\n<\/div>\n<\/div>\n<\/div>\n\n\n\n<div class=\"wp-block-columns columns-bg-dark four-per-row is-layout-flex wp-container-core-columns-is-layout-9d6595d7 wp-block-columns-is-layout-flex\">\n<div class=\"wp-block-column is-layout-flow wp-block-column-is-layout-flow\">\n<h3 class=\"wp-block-heading\">Uso e Programmazione<\/h3>\n\n\n\n<p>Apprendi i concetti fondamentali della programmazione e uso di sistemi robotici. <br><br><strong>1 corso<br>4 moduli<br>4 giorni<\/strong><\/p>\n\n\n\n<div class=\"wp-block-buttons is-layout-flex wp-block-buttons-is-layout-flex\">\n<div class=\"wp-block-button\"><a class=\"wp-block-button__link\" href=\"https:\/\/www.comau.com\/it\/competencies\/consultancy-education\/companies-professionals\/robotics-training-use-and-programming\/\">Leggi di pi\u00f9<\/a><\/div>\n<\/div>\n<\/div>\n\n\n\n<div class=\"wp-block-column is-layout-flow wp-block-column-is-layout-flow\">\n<h3 class=\"wp-block-heading\">Integrazione e Programmazione Avanzate<\/h3>\n\n\n\n<p>Migliora le tue capacit\u00e0 e impara a usare le interfacce dei programmi applicativi.\n<br><br>\n6 corsi<br>\n2 moduli<br>\n2 giorni<\/p>\n\n\n\n<div class=\"wp-block-buttons is-layout-flex wp-block-buttons-is-layout-flex\">\n<div class=\"wp-block-button\"><a class=\"wp-block-button__link\" href=\"https:\/\/www.comau.com\/it\/competencies\/consultancy-education\/companies-professionals\/robotics-training-advanced-programming-and-integration\/\">Leggi di pi\u00f9<\/a><\/div>\n<\/div>\n<\/div>\n\n\n\n<div class=\"wp-block-column is-layout-flow wp-block-column-is-layout-flow\">\n<h3 class=\"wp-block-heading\">Applicazione<\/h3>\n\n\n\n<p>Migliora le tue capacit\u00e0 e impara a usare le interfacce dei programmi applicativi.\n<br><br>\n6 corsi<br>\n2 moduli<br>\n2 giorni<\/p>\n\n\n\n<div class=\"wp-block-buttons is-layout-flex wp-block-buttons-is-layout-flex\">\n<div class=\"wp-block-button\"><a class=\"wp-block-button__link\" href=\"https:\/\/www.comau.com\/it\/competencies\/consultancy-education\/companies-professionals\/robotics-training-application\/\">Leggi di pi\u00f9<\/a><\/div>\n<\/div>\n<\/div>\n\n\n\n<div class=\"wp-block-column is-layout-flow wp-block-column-is-layout-flow\">\n<h3 class=\"wp-block-heading\">Manutenzione<\/h3>\n\n\n\n<p>Sviluppa le tue capacit\u00e0 nella manutenzione di impianti elettrici e meccanici.\n<br><br>\n2 corsi<br>\n3 \/ 4 moduli<br>\n3 \/ 4 giorni<\/p>\n\n\n\n<div class=\"wp-block-buttons is-layout-flex wp-block-buttons-is-layout-flex\">\n<div class=\"wp-block-button\"><a class=\"wp-block-button__link\" href=\"https:\/\/www.comau.com\/it\/competencies\/consultancy-education\/companies-professionals\/robotics-training-maintenance\/\">Leggi di pi\u00f9<\/a><\/div>\n<\/div>\n<\/div>\n<\/div>\n","protected":false},"excerpt":{"rendered":"<p>Acquisisci un vantaggio competitivo o ridai impulso alla tua carriera con i corsi di formazione Comau pensati per le aziende e i professionisti I nostri programmi di formazione riuniscono le risorse di apprendimento pi\u00f9 avanzate per sviluppare le competenze tecniche necessarie per far fronte alle nuove sfide inerenti alla produzione. Non \u00e8 pi\u00f9 sufficiente creare [&hellip;]<\/p>\n","protected":false},"author":11,"featured_media":6278,"parent":28603,"menu_order":1,"comment_status":"closed","ping_status":"closed","template":"","meta":{"_acf_changed":false,"ep_exclude_from_search":false,"footnotes":""},"class_list":["post-6273","page","type-page","status-publish","has-post-thumbnail","hentry"],"acf":[],"yoast_head":"<!-- This site is optimized with the Yoast SEO plugin v26.9 - https:\/\/yoast.com\/product\/yoast-seo-wordpress\/ -->\n<title>Comau Academy per aziende e professionisti - Comau<\/title>\n<meta name=\"description\" content=\"Acquisisci un vantaggio competitivo e migliora il tuo know-how con i corsi di formazione della Comau Accademy pensati per le aziende e i professionisti\" \/>\n<meta name=\"robots\" content=\"index, follow, max-snippet:-1, max-image-preview:large, max-video-preview:-1\" \/>\n<link rel=\"canonical\" href=\"https:\/\/www.comau.com\/it\/competencies\/systems\/consultancy-education\/companies-professionals\/\" \/>\n<meta property=\"og:locale\" content=\"it_IT\" \/>\n<meta property=\"og:type\" content=\"article\" \/>\n<meta property=\"og:title\" content=\"Comau Academy per aziende e professionisti - Comau\" \/>\n<meta property=\"og:description\" content=\"Acquisisci un vantaggio competitivo e migliora il tuo know-how con i corsi di formazione della Comau Accademy pensati per le aziende e i professionisti\" \/>\n<meta property=\"og:url\" content=\"https:\/\/www.comau.com\/it\/competencies\/systems\/consultancy-education\/companies-professionals\/\" \/>\n<meta property=\"og:site_name\" content=\"Comau\" \/>\n<meta property=\"article:publisher\" content=\"https:\/\/www.facebook.com\/COMAU\/\" \/>\n<meta property=\"article:modified_time\" content=\"2022-05-17T16:24:27+00:00\" \/>\n<meta property=\"og:image\" content=\"https:\/\/www.comau.com\/wp-content\/uploads\/2021\/06\/header_DSC1940.png\" \/>\n\t<meta property=\"og:image:width\" content=\"1280\" \/>\n\t<meta property=\"og:image:height\" content=\"485\" \/>\n\t<meta property=\"og:image:type\" content=\"image\/png\" \/>\n<meta name=\"twitter:card\" content=\"summary_large_image\" \/>\n<meta name=\"twitter:site\" content=\"@comaugroup\" \/>\n<meta name=\"twitter:label1\" content=\"Tempo di lettura stimato\" \/>\n\t<meta name=\"twitter:data1\" content=\"5 minuti\" \/>\n<script type=\"application\/ld+json\" class=\"yoast-schema-graph\">{\"@context\":\"https:\/\/schema.org\",\"@graph\":[{\"@type\":\"WebPage\",\"@id\":\"https:\/\/www.comau.com\/it\/competencies\/systems\/consultancy-education\/companies-professionals\/\",\"url\":\"https:\/\/www.comau.com\/it\/competencies\/systems\/consultancy-education\/companies-professionals\/\",\"name\":\"Comau Academy per aziende e professionisti - Comau\",\"isPartOf\":{\"@id\":\"https:\/\/www.comau.com\/it\/#website\"},\"primaryImageOfPage\":{\"@id\":\"https:\/\/www.comau.com\/it\/competencies\/systems\/consultancy-education\/companies-professionals\/#primaryimage\"},\"image\":{\"@id\":\"https:\/\/www.comau.com\/it\/competencies\/systems\/consultancy-education\/companies-professionals\/#primaryimage\"},\"thumbnailUrl\":\"https:\/\/www.comau.com\/wp-content\/uploads\/2021\/06\/header_DSC1940.png\",\"datePublished\":\"2021-06-30T23:01:19+00:00\",\"dateModified\":\"2022-05-17T16:24:27+00:00\",\"description\":\"Acquisisci un vantaggio competitivo e migliora il tuo know-how con i corsi di formazione della Comau Accademy pensati per le aziende e i professionisti\",\"breadcrumb\":{\"@id\":\"https:\/\/www.comau.com\/it\/competencies\/systems\/consultancy-education\/companies-professionals\/#breadcrumb\"},\"inLanguage\":\"it-IT\",\"potentialAction\":[{\"@type\":\"ReadAction\",\"target\":[\"https:\/\/www.comau.com\/it\/competencies\/systems\/consultancy-education\/companies-professionals\/\"]}]},{\"@type\":\"ImageObject\",\"inLanguage\":\"it-IT\",\"@id\":\"https:\/\/www.comau.com\/it\/competencies\/systems\/consultancy-education\/companies-professionals\/#primaryimage\",\"url\":\"https:\/\/www.comau.com\/wp-content\/uploads\/2021\/06\/header_DSC1940.png\",\"contentUrl\":\"https:\/\/www.comau.com\/wp-content\/uploads\/2021\/06\/header_DSC1940.png\",\"width\":1280,\"height\":485},{\"@type\":\"BreadcrumbList\",\"@id\":\"https:\/\/www.comau.com\/it\/competencies\/systems\/consultancy-education\/companies-professionals\/#breadcrumb\",\"itemListElement\":[{\"@type\":\"ListItem\",\"position\":1,\"name\":\"Home\",\"item\":\"https:\/\/www.comau.com\/it\/\"},{\"@type\":\"ListItem\",\"position\":2,\"name\":\"Le Nostre Competenze\",\"item\":\"https:\/\/www.comau.com\/it\/competencies\/\"},{\"@type\":\"ListItem\",\"position\":3,\"name\":\"Consultancy &amp; Education\",\"item\":\"https:\/\/www.comau.com\/it\/competencies\/consultancy-education\/\"},{\"@type\":\"ListItem\",\"position\":4,\"name\":\"Companies &amp; Professionals\"}]},{\"@type\":\"WebSite\",\"@id\":\"https:\/\/www.comau.com\/it\/#website\",\"url\":\"https:\/\/www.comau.com\/it\/\",\"name\":\"Comau\",\"description\":\"Industrial automation and robotics\",\"publisher\":{\"@id\":\"https:\/\/www.comau.com\/it\/#organization\"},\"potentialAction\":[{\"@type\":\"SearchAction\",\"target\":{\"@type\":\"EntryPoint\",\"urlTemplate\":\"https:\/\/www.comau.com\/it\/?s={search_term_string}\"},\"query-input\":{\"@type\":\"PropertyValueSpecification\",\"valueRequired\":true,\"valueName\":\"search_term_string\"}}],\"inLanguage\":\"it-IT\"},{\"@type\":\"Organization\",\"@id\":\"https:\/\/www.comau.com\/it\/#organization\",\"name\":\"Comau\",\"url\":\"https:\/\/www.comau.com\/it\/\",\"logo\":{\"@type\":\"ImageObject\",\"inLanguage\":\"it-IT\",\"@id\":\"https:\/\/www.comau.com\/it\/#\/schema\/logo\/image\/\",\"url\":\"https:\/\/www.comau.com\/wp-content\/uploads\/2024\/07\/cropped-Logo-COMAU.png\",\"contentUrl\":\"https:\/\/www.comau.com\/wp-content\/uploads\/2024\/07\/cropped-Logo-COMAU.png\",\"width\":434,\"height\":434,\"caption\":\"Comau\"},\"image\":{\"@id\":\"https:\/\/www.comau.com\/it\/#\/schema\/logo\/image\/\"},\"sameAs\":[\"https:\/\/www.facebook.com\/COMAU\/\",\"https:\/\/x.com\/comaugroup\",\"https:\/\/www.instagram.com\/comaugroup\/\",\"https:\/\/www.linkedin.com\/company\/comau\",\"https:\/\/www.youtube.com\/user\/comau\"]}]}<\/script>\n<!-- \/ Yoast SEO plugin. -->","yoast_head_json":{"title":"Comau Academy per aziende e professionisti - Comau","description":"Acquisisci un vantaggio competitivo e migliora il tuo know-how con i corsi di formazione della Comau Accademy pensati per le aziende e i professionisti","robots":{"index":"index","follow":"follow","max-snippet":"max-snippet:-1","max-image-preview":"max-image-preview:large","max-video-preview":"max-video-preview:-1"},"canonical":"https:\/\/www.comau.com\/it\/competencies\/systems\/consultancy-education\/companies-professionals\/","og_locale":"it_IT","og_type":"article","og_title":"Comau Academy per aziende e professionisti - Comau","og_description":"Acquisisci un vantaggio competitivo e migliora il tuo know-how con i corsi di formazione della Comau Accademy pensati per le aziende e i professionisti","og_url":"https:\/\/www.comau.com\/it\/competencies\/systems\/consultancy-education\/companies-professionals\/","og_site_name":"Comau","article_publisher":"https:\/\/www.facebook.com\/COMAU\/","article_modified_time":"2022-05-17T16:24:27+00:00","og_image":[{"width":1280,"height":485,"url":"https:\/\/www.comau.com\/wp-content\/uploads\/2021\/06\/header_DSC1940.png","type":"image\/png"}],"twitter_card":"summary_large_image","twitter_site":"@comaugroup","twitter_misc":{"Tempo di lettura stimato":"5 minuti"},"schema":{"@context":"https:\/\/schema.org","@graph":[{"@type":"WebPage","@id":"https:\/\/www.comau.com\/it\/competencies\/systems\/consultancy-education\/companies-professionals\/","url":"https:\/\/www.comau.com\/it\/competencies\/systems\/consultancy-education\/companies-professionals\/","name":"Comau Academy per aziende e professionisti - Comau","isPartOf":{"@id":"https:\/\/www.comau.com\/it\/#website"},"primaryImageOfPage":{"@id":"https:\/\/www.comau.com\/it\/competencies\/systems\/consultancy-education\/companies-professionals\/#primaryimage"},"image":{"@id":"https:\/\/www.comau.com\/it\/competencies\/systems\/consultancy-education\/companies-professionals\/#primaryimage"},"thumbnailUrl":"https:\/\/www.comau.com\/wp-content\/uploads\/2021\/06\/header_DSC1940.png","datePublished":"2021-06-30T23:01:19+00:00","dateModified":"2022-05-17T16:24:27+00:00","description":"Acquisisci un vantaggio competitivo e migliora il tuo know-how con i corsi di formazione della Comau Accademy pensati per le aziende e i professionisti","breadcrumb":{"@id":"https:\/\/www.comau.com\/it\/competencies\/systems\/consultancy-education\/companies-professionals\/#breadcrumb"},"inLanguage":"it-IT","potentialAction":[{"@type":"ReadAction","target":["https:\/\/www.comau.com\/it\/competencies\/systems\/consultancy-education\/companies-professionals\/"]}]},{"@type":"ImageObject","inLanguage":"it-IT","@id":"https:\/\/www.comau.com\/it\/competencies\/systems\/consultancy-education\/companies-professionals\/#primaryimage","url":"https:\/\/www.comau.com\/wp-content\/uploads\/2021\/06\/header_DSC1940.png","contentUrl":"https:\/\/www.comau.com\/wp-content\/uploads\/2021\/06\/header_DSC1940.png","width":1280,"height":485},{"@type":"BreadcrumbList","@id":"https:\/\/www.comau.com\/it\/competencies\/systems\/consultancy-education\/companies-professionals\/#breadcrumb","itemListElement":[{"@type":"ListItem","position":1,"name":"Home","item":"https:\/\/www.comau.com\/it\/"},{"@type":"ListItem","position":2,"name":"Le Nostre Competenze","item":"https:\/\/www.comau.com\/it\/competencies\/"},{"@type":"ListItem","position":3,"name":"Consultancy &amp; Education","item":"https:\/\/www.comau.com\/it\/competencies\/consultancy-education\/"},{"@type":"ListItem","position":4,"name":"Companies &amp; Professionals"}]},{"@type":"WebSite","@id":"https:\/\/www.comau.com\/it\/#website","url":"https:\/\/www.comau.com\/it\/","name":"Comau","description":"Industrial automation and robotics","publisher":{"@id":"https:\/\/www.comau.com\/it\/#organization"},"potentialAction":[{"@type":"SearchAction","target":{"@type":"EntryPoint","urlTemplate":"https:\/\/www.comau.com\/it\/?s={search_term_string}"},"query-input":{"@type":"PropertyValueSpecification","valueRequired":true,"valueName":"search_term_string"}}],"inLanguage":"it-IT"},{"@type":"Organization","@id":"https:\/\/www.comau.com\/it\/#organization","name":"Comau","url":"https:\/\/www.comau.com\/it\/","logo":{"@type":"ImageObject","inLanguage":"it-IT","@id":"https:\/\/www.comau.com\/it\/#\/schema\/logo\/image\/","url":"https:\/\/www.comau.com\/wp-content\/uploads\/2024\/07\/cropped-Logo-COMAU.png","contentUrl":"https:\/\/www.comau.com\/wp-content\/uploads\/2024\/07\/cropped-Logo-COMAU.png","width":434,"height":434,"caption":"Comau"},"image":{"@id":"https:\/\/www.comau.com\/it\/#\/schema\/logo\/image\/"},"sameAs":["https:\/\/www.facebook.com\/COMAU\/","https:\/\/x.com\/comaugroup","https:\/\/www.instagram.com\/comaugroup\/","https:\/\/www.linkedin.com\/company\/comau","https:\/\/www.youtube.com\/user\/comau"]}]}},"_links":{"self":[{"href":"https:\/\/www.comau.com\/it\/wp-json\/wp\/v2\/pages\/6273","targetHints":{"allow":["GET"]}}],"collection":[{"href":"https:\/\/www.comau.com\/it\/wp-json\/wp\/v2\/pages"}],"about":[{"href":"https:\/\/www.comau.com\/it\/wp-json\/wp\/v2\/types\/page"}],"author":[{"embeddable":true,"href":"https:\/\/www.comau.com\/it\/wp-json\/wp\/v2\/users\/11"}],"replies":[{"embeddable":true,"href":"https:\/\/www.comau.com\/it\/wp-json\/wp\/v2\/comments?post=6273"}],"version-history":[{"count":43,"href":"https:\/\/www.comau.com\/it\/wp-json\/wp\/v2\/pages\/6273\/revisions"}],"predecessor-version":[{"id":45640,"href":"https:\/\/www.comau.com\/it\/wp-json\/wp\/v2\/pages\/6273\/revisions\/45640"}],"up":[{"embeddable":true,"href":"https:\/\/www.comau.com\/it\/wp-json\/wp\/v2\/pages\/28603"}],"wp:featuredmedia":[{"embeddable":true,"href":"https:\/\/www.comau.com\/it\/wp-json\/wp\/v2\/media\/6278"}],"wp:attachment":[{"href":"https:\/\/www.comau.com\/it\/wp-json\/wp\/v2\/media?parent=6273"}],"curies":[{"name":"wp","href":"https:\/\/api.w.org\/{rel}","templated":true}]}}