{"id":6218,"date":"2021-07-01T01:02:21","date_gmt":"2021-06-30T23:02:21","guid":{"rendered":"https:\/\/www.comau.com\/?page_id=6218"},"modified":"2024-12-12T16:05:24","modified_gmt":"2024-12-12T15:05:24","slug":"technologies","status":"publish","type":"page","link":"https:\/\/www.comau.com\/it\/competencies\/products-solutions\/digital-initiatives\/technologies\/","title":{"rendered":"Technologies"},"content":{"rendered":"\n<p>In Comau, l\u2019innovazione \u00e8 una forma mentis e un fattore trainante dell\u2019eccellenza. \u00c8 un\u2019area in cui siamo considerati notevolmente superiori alla concorrenza. \u00c8 ci\u00f2 che ci sfida a raggiungere nuove vette ed \u00e8 il motivo che ci fa assegnare notevoli risorse umane e finanziarie alla R&amp;S per consentirci di rimanere in testa all\u2019innovazione nel campo della produzione industriale. <\/p>\n\n\n\n<p>Un esempio concreto del nostro impegno all\u2019innovazione \u00e8 osservabile nelle nostre molte soluzioni pionieristiche, nella nostra capacit\u00e0 di prevedere le tendenze della tecnologia e nei nostri progetti piloti che contribuiscono a ridefinire i paradigmi della produzione. <\/p>\n\n\n\n<h2 class=\"wp-block-heading\">Brevetti<\/h2>\n\n\n\n<p>L\u2019innovazione \u00e8 un tema ricorrente che accompagna praticamente tutte le attivit\u00e0 di Comau e che si manifesta con una combinazione di tecnologia e stile.<\/p>\n\n\n\n<p>\u00c8 uno stato mentale e un fattore di eccellenza.<\/p>\n\n\n\n<p>\u00c8 l&#8217;area in cui siamo considerati significativamente migliori della concorrenza.<\/p>\n\n\n\n<p>\u00c8 ci\u00f2 che ci sfida a raggiungere nuove vette nel guidare la cultura dell&#8217;automazione.<\/p>\n\n\n\n<div class=\"wp-block-buttons is-layout-flex wp-block-buttons-is-layout-flex\">\n<div class=\"wp-block-button\"><a class=\"wp-block-button__link wp-element-button\" href=\"https:\/\/www.comau.com\/wp-content\/uploads\/2021\/06\/Comau-Granted-Patents-rev.-Sept-19-website.pdf\" target=\"_blank\" rel=\"noreferrer noopener\">Brevetti registrati<\/a><\/div>\n<\/div>\n","protected":false},"excerpt":{"rendered":"<p>In Comau, l\u2019innovazione \u00e8 una forma mentis e un fattore trainante dell\u2019eccellenza. \u00c8 un\u2019area in cui siamo considerati notevolmente superiori alla concorrenza. \u00c8 ci\u00f2 che ci sfida a raggiungere nuove vette ed \u00e8 il motivo che ci fa assegnare notevoli risorse umane e finanziarie alla R&amp;S per consentirci di rimanere in testa all\u2019innovazione nel campo [&hellip;]<\/p>\n","protected":false},"author":11,"featured_media":6237,"parent":6213,"menu_order":2,"comment_status":"closed","ping_status":"closed","template":"","meta":{"_acf_changed":false,"ep_exclude_from_search":false,"footnotes":""},"class_list":["post-6218","page","type-page","status-publish","has-post-thumbnail","hentry"],"acf":[],"yoast_head":"<!-- This site is optimized with the Yoast SEO plugin v26.9 - https:\/\/yoast.com\/product\/yoast-seo-wordpress\/ -->\n<title>Technologies - Comau<\/title>\n<meta name=\"robots\" content=\"index, follow, max-snippet:-1, max-image-preview:large, max-video-preview:-1\" \/>\n<link rel=\"canonical\" href=\"https:\/\/www.comau.com\/it\/competencies\/products-solutions\/digital-initiatives\/technologies\/\" \/>\n<meta property=\"og:locale\" content=\"it_IT\" \/>\n<meta property=\"og:type\" content=\"article\" \/>\n<meta property=\"og:title\" content=\"Technologies - Comau\" \/>\n<meta property=\"og:description\" content=\"In Comau, l\u2019innovazione \u00e8 una forma mentis e un fattore trainante dell\u2019eccellenza. \u00c8 un\u2019area in cui siamo considerati notevolmente superiori alla concorrenza. \u00c8 ci\u00f2 che ci sfida a raggiungere nuove vette ed \u00e8 il motivo che ci fa assegnare notevoli risorse umane e finanziarie alla R&amp;S per consentirci di rimanere in testa all\u2019innovazione nel campo [&hellip;]\" \/>\n<meta property=\"og:url\" content=\"https:\/\/www.comau.com\/it\/competencies\/products-solutions\/digital-initiatives\/technologies\/\" \/>\n<meta property=\"og:site_name\" content=\"Comau\" \/>\n<meta property=\"article:publisher\" content=\"https:\/\/www.facebook.com\/COMAU\/\" \/>\n<meta property=\"article:modified_time\" content=\"2024-12-12T15:05:24+00:00\" \/>\n<meta property=\"og:image\" content=\"https:\/\/www.comau.com\/wp-content\/uploads\/2021\/06\/innovation_header.jpg\" \/>\n\t<meta property=\"og:image:width\" content=\"1280\" \/>\n\t<meta property=\"og:image:height\" content=\"485\" \/>\n\t<meta property=\"og:image:type\" content=\"image\/jpeg\" \/>\n<meta name=\"twitter:card\" content=\"summary_large_image\" \/>\n<meta name=\"twitter:site\" content=\"@comaugroup\" \/>\n<meta name=\"twitter:label1\" content=\"Tempo di lettura stimato\" \/>\n\t<meta name=\"twitter:data1\" content=\"1 minuto\" \/>\n<script type=\"application\/ld+json\" class=\"yoast-schema-graph\">{\"@context\":\"https:\/\/schema.org\",\"@graph\":[{\"@type\":\"WebPage\",\"@id\":\"https:\/\/www.comau.com\/it\/competencies\/products-solutions\/digital-initiatives\/technologies\/\",\"url\":\"https:\/\/www.comau.com\/it\/competencies\/products-solutions\/digital-initiatives\/technologies\/\",\"name\":\"Technologies - Comau\",\"isPartOf\":{\"@id\":\"https:\/\/www.comau.com\/it\/#website\"},\"primaryImageOfPage\":{\"@id\":\"https:\/\/www.comau.com\/it\/competencies\/products-solutions\/digital-initiatives\/technologies\/#primaryimage\"},\"image\":{\"@id\":\"https:\/\/www.comau.com\/it\/competencies\/products-solutions\/digital-initiatives\/technologies\/#primaryimage\"},\"thumbnailUrl\":\"https:\/\/www.comau.com\/wp-content\/uploads\/2021\/06\/innovation_header.jpg\",\"datePublished\":\"2021-06-30T23:02:21+00:00\",\"dateModified\":\"2024-12-12T15:05:24+00:00\",\"breadcrumb\":{\"@id\":\"https:\/\/www.comau.com\/it\/competencies\/products-solutions\/digital-initiatives\/technologies\/#breadcrumb\"},\"inLanguage\":\"it-IT\",\"potentialAction\":[{\"@type\":\"ReadAction\",\"target\":[\"https:\/\/www.comau.com\/it\/competencies\/products-solutions\/digital-initiatives\/technologies\/\"]}]},{\"@type\":\"ImageObject\",\"inLanguage\":\"it-IT\",\"@id\":\"https:\/\/www.comau.com\/it\/competencies\/products-solutions\/digital-initiatives\/technologies\/#primaryimage\",\"url\":\"https:\/\/www.comau.com\/wp-content\/uploads\/2021\/06\/innovation_header.jpg\",\"contentUrl\":\"https:\/\/www.comau.com\/wp-content\/uploads\/2021\/06\/innovation_header.jpg\",\"width\":1280,\"height\":485},{\"@type\":\"BreadcrumbList\",\"@id\":\"https:\/\/www.comau.com\/it\/competencies\/products-solutions\/digital-initiatives\/technologies\/#breadcrumb\",\"itemListElement\":[{\"@type\":\"ListItem\",\"position\":1,\"name\":\"Home\",\"item\":\"https:\/\/www.comau.com\/it\/\"},{\"@type\":\"ListItem\",\"position\":2,\"name\":\"Le Nostre Competenze\",\"item\":\"https:\/\/www.comau.com\/it\/competencies\/\"},{\"@type\":\"ListItem\",\"position\":3,\"name\":\"Products &amp; Solutions\",\"item\":\"https:\/\/www.comau.com\/it\/competencies\/products-solutions\/\"},{\"@type\":\"ListItem\",\"position\":4,\"name\":\"Digital initiatives\",\"item\":\"https:\/\/www.comau.com\/it\/competencies\/products-solutions\/digital-initiatives\/\"},{\"@type\":\"ListItem\",\"position\":5,\"name\":\"Technologies\"}]},{\"@type\":\"WebSite\",\"@id\":\"https:\/\/www.comau.com\/it\/#website\",\"url\":\"https:\/\/www.comau.com\/it\/\",\"name\":\"Comau\",\"description\":\"Industrial automation and robotics\",\"publisher\":{\"@id\":\"https:\/\/www.comau.com\/it\/#organization\"},\"potentialAction\":[{\"@type\":\"SearchAction\",\"target\":{\"@type\":\"EntryPoint\",\"urlTemplate\":\"https:\/\/www.comau.com\/it\/?s={search_term_string}\"},\"query-input\":{\"@type\":\"PropertyValueSpecification\",\"valueRequired\":true,\"valueName\":\"search_term_string\"}}],\"inLanguage\":\"it-IT\"},{\"@type\":\"Organization\",\"@id\":\"https:\/\/www.comau.com\/it\/#organization\",\"name\":\"Comau\",\"url\":\"https:\/\/www.comau.com\/it\/\",\"logo\":{\"@type\":\"ImageObject\",\"inLanguage\":\"it-IT\",\"@id\":\"https:\/\/www.comau.com\/it\/#\/schema\/logo\/image\/\",\"url\":\"https:\/\/www.comau.com\/wp-content\/uploads\/2024\/07\/cropped-Logo-COMAU.png\",\"contentUrl\":\"https:\/\/www.comau.com\/wp-content\/uploads\/2024\/07\/cropped-Logo-COMAU.png\",\"width\":434,\"height\":434,\"caption\":\"Comau\"},\"image\":{\"@id\":\"https:\/\/www.comau.com\/it\/#\/schema\/logo\/image\/\"},\"sameAs\":[\"https:\/\/www.facebook.com\/COMAU\/\",\"https:\/\/x.com\/comaugroup\",\"https:\/\/www.instagram.com\/comaugroup\/\",\"https:\/\/www.linkedin.com\/company\/comau\",\"https:\/\/www.youtube.com\/user\/comau\"]}]}<\/script>\n<!-- \/ Yoast SEO plugin. -->","yoast_head_json":{"title":"Technologies - Comau","robots":{"index":"index","follow":"follow","max-snippet":"max-snippet:-1","max-image-preview":"max-image-preview:large","max-video-preview":"max-video-preview:-1"},"canonical":"https:\/\/www.comau.com\/it\/competencies\/products-solutions\/digital-initiatives\/technologies\/","og_locale":"it_IT","og_type":"article","og_title":"Technologies - Comau","og_description":"In Comau, l\u2019innovazione \u00e8 una forma mentis e un fattore trainante dell\u2019eccellenza. \u00c8 un\u2019area in cui siamo considerati notevolmente superiori alla concorrenza. \u00c8 ci\u00f2 che ci sfida a raggiungere nuove vette ed \u00e8 il motivo che ci fa assegnare notevoli risorse umane e finanziarie alla R&amp;S per consentirci di rimanere in testa all\u2019innovazione nel campo [&hellip;]","og_url":"https:\/\/www.comau.com\/it\/competencies\/products-solutions\/digital-initiatives\/technologies\/","og_site_name":"Comau","article_publisher":"https:\/\/www.facebook.com\/COMAU\/","article_modified_time":"2024-12-12T15:05:24+00:00","og_image":[{"width":1280,"height":485,"url":"https:\/\/www.comau.com\/wp-content\/uploads\/2021\/06\/innovation_header.jpg","type":"image\/jpeg"}],"twitter_card":"summary_large_image","twitter_site":"@comaugroup","twitter_misc":{"Tempo di lettura stimato":"1 minuto"},"schema":{"@context":"https:\/\/schema.org","@graph":[{"@type":"WebPage","@id":"https:\/\/www.comau.com\/it\/competencies\/products-solutions\/digital-initiatives\/technologies\/","url":"https:\/\/www.comau.com\/it\/competencies\/products-solutions\/digital-initiatives\/technologies\/","name":"Technologies - Comau","isPartOf":{"@id":"https:\/\/www.comau.com\/it\/#website"},"primaryImageOfPage":{"@id":"https:\/\/www.comau.com\/it\/competencies\/products-solutions\/digital-initiatives\/technologies\/#primaryimage"},"image":{"@id":"https:\/\/www.comau.com\/it\/competencies\/products-solutions\/digital-initiatives\/technologies\/#primaryimage"},"thumbnailUrl":"https:\/\/www.comau.com\/wp-content\/uploads\/2021\/06\/innovation_header.jpg","datePublished":"2021-06-30T23:02:21+00:00","dateModified":"2024-12-12T15:05:24+00:00","breadcrumb":{"@id":"https:\/\/www.comau.com\/it\/competencies\/products-solutions\/digital-initiatives\/technologies\/#breadcrumb"},"inLanguage":"it-IT","potentialAction":[{"@type":"ReadAction","target":["https:\/\/www.comau.com\/it\/competencies\/products-solutions\/digital-initiatives\/technologies\/"]}]},{"@type":"ImageObject","inLanguage":"it-IT","@id":"https:\/\/www.comau.com\/it\/competencies\/products-solutions\/digital-initiatives\/technologies\/#primaryimage","url":"https:\/\/www.comau.com\/wp-content\/uploads\/2021\/06\/innovation_header.jpg","contentUrl":"https:\/\/www.comau.com\/wp-content\/uploads\/2021\/06\/innovation_header.jpg","width":1280,"height":485},{"@type":"BreadcrumbList","@id":"https:\/\/www.comau.com\/it\/competencies\/products-solutions\/digital-initiatives\/technologies\/#breadcrumb","itemListElement":[{"@type":"ListItem","position":1,"name":"Home","item":"https:\/\/www.comau.com\/it\/"},{"@type":"ListItem","position":2,"name":"Le Nostre Competenze","item":"https:\/\/www.comau.com\/it\/competencies\/"},{"@type":"ListItem","position":3,"name":"Products &amp; Solutions","item":"https:\/\/www.comau.com\/it\/competencies\/products-solutions\/"},{"@type":"ListItem","position":4,"name":"Digital initiatives","item":"https:\/\/www.comau.com\/it\/competencies\/products-solutions\/digital-initiatives\/"},{"@type":"ListItem","position":5,"name":"Technologies"}]},{"@type":"WebSite","@id":"https:\/\/www.comau.com\/it\/#website","url":"https:\/\/www.comau.com\/it\/","name":"Comau","description":"Industrial automation and robotics","publisher":{"@id":"https:\/\/www.comau.com\/it\/#organization"},"potentialAction":[{"@type":"SearchAction","target":{"@type":"EntryPoint","urlTemplate":"https:\/\/www.comau.com\/it\/?s={search_term_string}"},"query-input":{"@type":"PropertyValueSpecification","valueRequired":true,"valueName":"search_term_string"}}],"inLanguage":"it-IT"},{"@type":"Organization","@id":"https:\/\/www.comau.com\/it\/#organization","name":"Comau","url":"https:\/\/www.comau.com\/it\/","logo":{"@type":"ImageObject","inLanguage":"it-IT","@id":"https:\/\/www.comau.com\/it\/#\/schema\/logo\/image\/","url":"https:\/\/www.comau.com\/wp-content\/uploads\/2024\/07\/cropped-Logo-COMAU.png","contentUrl":"https:\/\/www.comau.com\/wp-content\/uploads\/2024\/07\/cropped-Logo-COMAU.png","width":434,"height":434,"caption":"Comau"},"image":{"@id":"https:\/\/www.comau.com\/it\/#\/schema\/logo\/image\/"},"sameAs":["https:\/\/www.facebook.com\/COMAU\/","https:\/\/x.com\/comaugroup","https:\/\/www.instagram.com\/comaugroup\/","https:\/\/www.linkedin.com\/company\/comau","https:\/\/www.youtube.com\/user\/comau"]}]}},"_links":{"self":[{"href":"https:\/\/www.comau.com\/it\/wp-json\/wp\/v2\/pages\/6218","targetHints":{"allow":["GET"]}}],"collection":[{"href":"https:\/\/www.comau.com\/it\/wp-json\/wp\/v2\/pages"}],"about":[{"href":"https:\/\/www.comau.com\/it\/wp-json\/wp\/v2\/types\/page"}],"author":[{"embeddable":true,"href":"https:\/\/www.comau.com\/it\/wp-json\/wp\/v2\/users\/11"}],"replies":[{"embeddable":true,"href":"https:\/\/www.comau.com\/it\/wp-json\/wp\/v2\/comments?post=6218"}],"version-history":[{"count":14,"href":"https:\/\/www.comau.com\/it\/wp-json\/wp\/v2\/pages\/6218\/revisions"}],"predecessor-version":[{"id":71455,"href":"https:\/\/www.comau.com\/it\/wp-json\/wp\/v2\/pages\/6218\/revisions\/71455"}],"up":[{"embeddable":true,"href":"https:\/\/www.comau.com\/it\/wp-json\/wp\/v2\/pages\/6213"}],"wp:featuredmedia":[{"embeddable":true,"href":"https:\/\/www.comau.com\/it\/wp-json\/wp\/v2\/media\/6237"}],"wp:attachment":[{"href":"https:\/\/www.comau.com\/it\/wp-json\/wp\/v2\/media?parent=6218"}],"curies":[{"name":"wp","href":"https:\/\/api.w.org\/{rel}","templated":true}]}}