{"id":6213,"date":"2021-07-01T00:05:48","date_gmt":"2021-06-30T22:05:48","guid":{"rendered":"https:\/\/www.comau.com\/?page_id=6213"},"modified":"2024-12-12T16:02:06","modified_gmt":"2024-12-12T15:02:06","slug":"digital-initiatives","status":"publish","type":"page","link":"https:\/\/www.comau.com\/it\/competencies\/products-solutions\/digital-initiatives\/","title":{"rendered":"Digital initiatives"},"content":{"rendered":"\n<h2 class=\"wp-block-heading\">Sfruttare la potenza del digital manufacturing<\/h2>\n\n\n\n<p>Mentre il mondo della produzione si evolve per rispondere in modo pi\u00f9 efficace alle esigenze dei clienti e alle sfide di mercato, Comau ne resta  il leader indiscusso. Il nostro approccio, voltoal networking fra persone, processi, apparecchiature e sistemi d\u00e0 impulso alla creazione di reti di valore che permettono di acquisire, analizzare e utilizzare informazioni interconnesse, per diventare flessibili, veloci e proattive. Grazie a 50 anni di esperienza nel settore dell&#8217;automazione industriale, nonch\u00e9 ad una conoscenza approfondita dei processi produttivi, il nostro framework digitale \u00e8 concepito per impianti nuovi o esistenti e per macchinari gi\u00e0 installati di qualunque marca. <\/p>\n\n\n\n<h2 class=\"wp-block-heading\">La sfida della riconfigurazione<\/h2>\n\n\n\n<p>Una delle sfide principali della produzione su misura consiste nell&#8217;aumentare la scalabilit\u00e0 e la convertibilit\u00e0 di differenti processi di produzione. Ci\u00f2 comporta una maggiore integrazione e interazione fra unit\u00e0 e linee di produzione, con la richiesta di tecniche diagnostiche migliori, capaci di prevedere e prevenire guasti e discrepanze nella qualit\u00e0. Per far fronte a questi problemi, stiamo sviluppando prodotti, soluzioni e servizi che permettano di utilizzare i vantaggi della digitalizzazione e dei sistemi di analisi offrendo una visibilit\u00e0 a 360\u00b0 su tutte le operazioni di lavoro. <\/p>\n\n\n\n<h2 class=\"wp-block-heading\">La fabbrica interconnessa<\/h2>\n\n\n\n<p>Stiamo rendendo possibile l&#8217;evoluzione verso sistemi di produzione pi\u00f9 efficienti, orientati alla qualit\u00e0, tramite una sensorizzazione mirata, sistemi di analisi avanzati e l&#8217;implementazione di ambienti virtuali per la simulazione di modifiche della linea e deii parametri di lavorazione in lotti. <\/p>\n\n\n\n<p>La digitalizzazione consente comunicazioni in tempo reale fra gli operatori e il sistema di produzione. Inoltre consente di ottenere i dati necessari per snellire i processi e ottimizzare la catena di valore. In tal modo, la digitalizzazione pu\u00f2 aiutare ad ottenere una maggiore produttivit\u00e0, un pi\u00f9 veloce time-to-market e ridotti costi operativi, oltre a prevenire il rischio di ritardi nelle diverse fasi operative. Non solo: i vantaggi della digitalizzazione  riguardano una singola macchina, una linea ma anche un intero sito produttivo.<\/p>\n\n\n\n<h2 class=\"wp-block-heading\">Scopri il nostro percorso verso la digitalizzazione<\/h2>\n\n\n\n<figure class=\"wp-block-embed is-type-video is-provider-youtube wp-block-embed-youtube wp-embed-aspect-16-9 wp-has-aspect-ratio\"><div class=\"wp-block-embed__wrapper\">\n<iframe title=\"Comau&#039;s Way to Digitalization\" width=\"640\" height=\"360\" src=\"https:\/\/www.youtube.com\/embed\/DF-KlIRQsJ0?feature=oembed\" frameborder=\"0\" allow=\"accelerometer; autoplay; clipboard-write; encrypted-media; gyroscope; picture-in-picture; web-share\" referrerpolicy=\"strict-origin-when-cross-origin\" allowfullscreen><\/iframe>\n<\/div><\/figure>\n\n\n\n<h2 class=\"wp-block-heading\">Il nostro approccio strategico<\/h2>\n\n\n\n<ul class=\"wp-block-list\">\n<li>Identificare i bisogni produttivi,  i principali obiettivi strategici e i KPI misurabili <\/li>\n\n\n\n<li>Effettuare la raccolta dati e creare sistemi di analisi e modelli di business al fine di ottimizzare prestazioni e costi<\/li>\n\n\n\n<li>Condividere informazioni utili in tempo reale tramite strumenti digitali e wearable technologies indossabili <\/li>\n\n\n\n<li>Applicazione progressiva di soluzioni digitali su linee e interi impianti gi\u00e0 esistenti<\/li>\n\n\n\n<li>Implementazione  IoT su nuove installazioni <\/li>\n<\/ul>\n\n\n\n<h2 class=\"wp-block-heading\">Risultati tangibili<\/h2>\n\n\n\n<ul class=\"wp-block-list\">\n<li>Monitoraggio dello stato di lavoro in tempo reale e manutenzione predittiva<\/li>\n\n\n\n<li>Miglioramento del MTBF (tempo medio fra i guasti)<\/li>\n\n\n\n<li>Riduzione del magazzino e dei costi di manutenzione preventiva <\/li>\n\n\n\n<li>Ottimizzazione della produzione, incremento dei tassi <\/li>\n<\/ul>\n\n\n\n<div class=\"wp-block-columns columns-bg-dark is-layout-flex wp-container-core-columns-is-layout-9d6595d7 wp-block-columns-is-layout-flex\">\n<div class=\"wp-block-column is-layout-flow wp-block-column-is-layout-flow\">\n<h3 class=\"wp-block-heading\">Research and innovation Projects<\/h3>\n\n\n\n<p>\u200bLavoriamo attivamente all\u2019interno di un network internazionale, formato da aziende, istituzioni e universit\u00e0, per la realizzazione di progetti innovativi capaci di rispondere alle esigenze di un sistema industriale in continua evoluzione.<\/p>\n\n\n\n<div class=\"wp-block-buttons is-layout-flex wp-block-buttons-is-layout-flex\">\n<div class=\"wp-block-button\"><a class=\"wp-block-button__link wp-element-button\" href=\"https:\/\/www.comau.com\/it\/about-us\/funded-projects\/\">Leggi di pi\u00f9<\/a><\/div>\n<\/div>\n<\/div>\n\n\n\n<div class=\"wp-block-column is-layout-flow wp-block-column-is-layout-flow\">\n<h3 class=\"wp-block-heading\">Technologies<\/h3>\n\n\n\n<p>In Comau, l\u2019innovazione \u00e8 una forma mentis e un fattore trainante dell\u2019eccellenza. \u00c8 un\u2019area in cui siamo considerati notevolmente superiori alla concorrenza. \u00c8 ci\u00f2 che ci sfida a raggiungere nuove vette ed \u00e8 il motivo che ci fa assegnare notevoli risorse umane e finanziarie alla R&amp;S per consentirci di rimanere in testa all\u2019innovazione nel campo della produzione industriale. <\/p>\n\n\n\n<div class=\"wp-block-buttons is-layout-flex wp-block-buttons-is-layout-flex\"><\/div>\n<\/div>\n<\/div>\n","protected":false},"excerpt":{"rendered":"<p>Sfruttare la potenza del digital manufacturing Mentre il mondo della produzione si evolve per rispondere in modo pi\u00f9 efficace alle esigenze dei clienti e alle sfide di mercato, Comau ne resta il leader indiscusso. Il nostro approccio, voltoal networking fra persone, processi, apparecchiature e sistemi d\u00e0 impulso alla creazione di reti di valore che permettono [&hellip;]<\/p>\n","protected":false},"author":11,"featured_media":6227,"parent":65272,"menu_order":5,"comment_status":"closed","ping_status":"closed","template":"","meta":{"_acf_changed":false,"ep_exclude_from_search":false,"footnotes":""},"class_list":["post-6213","page","type-page","status-publish","has-post-thumbnail","hentry"],"acf":[],"yoast_head":"<!-- This site is optimized with the Yoast SEO plugin v26.9 - https:\/\/yoast.com\/product\/yoast-seo-wordpress\/ -->\n<title>Digital Manufacturing: Manifattura Digitale | Comau<\/title>\n<meta name=\"description\" content=\"Comau collabora attivamente nel digital manufactoring con istituzioni, aziende e universit\u00e0: scopri il nostro sito!\" \/>\n<meta name=\"robots\" content=\"index, follow, max-snippet:-1, max-image-preview:large, max-video-preview:-1\" \/>\n<link rel=\"canonical\" href=\"https:\/\/www.comau.com\/it\/competencies\/products-solutions\/digital-initiatives\/\" \/>\n<meta property=\"og:locale\" content=\"it_IT\" \/>\n<meta property=\"og:type\" content=\"article\" \/>\n<meta property=\"og:title\" content=\"Digital Manufacturing: Manifattura Digitale | Comau\" \/>\n<meta property=\"og:description\" content=\"Comau collabora attivamente nel digital manufactoring con istituzioni, aziende e universit\u00e0: scopri il nostro sito!\" \/>\n<meta property=\"og:url\" content=\"https:\/\/www.comau.com\/it\/competencies\/products-solutions\/digital-initiatives\/\" \/>\n<meta property=\"og:site_name\" content=\"Comau\" \/>\n<meta property=\"article:publisher\" content=\"https:\/\/www.facebook.com\/COMAU\/\" \/>\n<meta property=\"article:modified_time\" content=\"2024-12-12T15:02:06+00:00\" \/>\n<meta property=\"og:image\" content=\"https:\/\/www.comau.com\/wp-content\/uploads\/2021\/06\/Heder_DigitalSolutions.jpg\" \/>\n\t<meta property=\"og:image:width\" content=\"1280\" \/>\n\t<meta property=\"og:image:height\" content=\"485\" \/>\n\t<meta property=\"og:image:type\" content=\"image\/jpeg\" \/>\n<meta name=\"twitter:card\" content=\"summary_large_image\" \/>\n<meta name=\"twitter:site\" content=\"@comaugroup\" \/>\n<meta name=\"twitter:label1\" content=\"Tempo di lettura stimato\" \/>\n\t<meta name=\"twitter:data1\" content=\"3 minuti\" \/>\n<script type=\"application\/ld+json\" class=\"yoast-schema-graph\">{\"@context\":\"https:\/\/schema.org\",\"@graph\":[{\"@type\":\"WebPage\",\"@id\":\"https:\/\/www.comau.com\/it\/competencies\/products-solutions\/digital-initiatives\/\",\"url\":\"https:\/\/www.comau.com\/it\/competencies\/products-solutions\/digital-initiatives\/\",\"name\":\"Digital Manufacturing: Manifattura Digitale | Comau\",\"isPartOf\":{\"@id\":\"https:\/\/www.comau.com\/it\/#website\"},\"primaryImageOfPage\":{\"@id\":\"https:\/\/www.comau.com\/it\/competencies\/products-solutions\/digital-initiatives\/#primaryimage\"},\"image\":{\"@id\":\"https:\/\/www.comau.com\/it\/competencies\/products-solutions\/digital-initiatives\/#primaryimage\"},\"thumbnailUrl\":\"https:\/\/www.comau.com\/wp-content\/uploads\/2021\/06\/Heder_DigitalSolutions.jpg\",\"datePublished\":\"2021-06-30T22:05:48+00:00\",\"dateModified\":\"2024-12-12T15:02:06+00:00\",\"description\":\"Comau collabora attivamente nel digital manufactoring con istituzioni, aziende e universit\u00e0: scopri il nostro sito!\",\"breadcrumb\":{\"@id\":\"https:\/\/www.comau.com\/it\/competencies\/products-solutions\/digital-initiatives\/#breadcrumb\"},\"inLanguage\":\"it-IT\",\"potentialAction\":[{\"@type\":\"ReadAction\",\"target\":[\"https:\/\/www.comau.com\/it\/competencies\/products-solutions\/digital-initiatives\/\"]}]},{\"@type\":\"ImageObject\",\"inLanguage\":\"it-IT\",\"@id\":\"https:\/\/www.comau.com\/it\/competencies\/products-solutions\/digital-initiatives\/#primaryimage\",\"url\":\"https:\/\/www.comau.com\/wp-content\/uploads\/2021\/06\/Heder_DigitalSolutions.jpg\",\"contentUrl\":\"https:\/\/www.comau.com\/wp-content\/uploads\/2021\/06\/Heder_DigitalSolutions.jpg\",\"width\":1280,\"height\":485},{\"@type\":\"BreadcrumbList\",\"@id\":\"https:\/\/www.comau.com\/it\/competencies\/products-solutions\/digital-initiatives\/#breadcrumb\",\"itemListElement\":[{\"@type\":\"ListItem\",\"position\":1,\"name\":\"Home\",\"item\":\"https:\/\/www.comau.com\/it\/\"},{\"@type\":\"ListItem\",\"position\":2,\"name\":\"Le Nostre Competenze\",\"item\":\"https:\/\/www.comau.com\/it\/competencies\/\"},{\"@type\":\"ListItem\",\"position\":3,\"name\":\"Products &amp; Solutions\",\"item\":\"https:\/\/www.comau.com\/it\/competencies\/products-solutions\/\"},{\"@type\":\"ListItem\",\"position\":4,\"name\":\"Digital initiatives\"}]},{\"@type\":\"WebSite\",\"@id\":\"https:\/\/www.comau.com\/it\/#website\",\"url\":\"https:\/\/www.comau.com\/it\/\",\"name\":\"Comau\",\"description\":\"Industrial automation and robotics\",\"publisher\":{\"@id\":\"https:\/\/www.comau.com\/it\/#organization\"},\"potentialAction\":[{\"@type\":\"SearchAction\",\"target\":{\"@type\":\"EntryPoint\",\"urlTemplate\":\"https:\/\/www.comau.com\/it\/?s={search_term_string}\"},\"query-input\":{\"@type\":\"PropertyValueSpecification\",\"valueRequired\":true,\"valueName\":\"search_term_string\"}}],\"inLanguage\":\"it-IT\"},{\"@type\":\"Organization\",\"@id\":\"https:\/\/www.comau.com\/it\/#organization\",\"name\":\"Comau\",\"url\":\"https:\/\/www.comau.com\/it\/\",\"logo\":{\"@type\":\"ImageObject\",\"inLanguage\":\"it-IT\",\"@id\":\"https:\/\/www.comau.com\/it\/#\/schema\/logo\/image\/\",\"url\":\"https:\/\/www.comau.com\/wp-content\/uploads\/2024\/07\/cropped-Logo-COMAU.png\",\"contentUrl\":\"https:\/\/www.comau.com\/wp-content\/uploads\/2024\/07\/cropped-Logo-COMAU.png\",\"width\":434,\"height\":434,\"caption\":\"Comau\"},\"image\":{\"@id\":\"https:\/\/www.comau.com\/it\/#\/schema\/logo\/image\/\"},\"sameAs\":[\"https:\/\/www.facebook.com\/COMAU\/\",\"https:\/\/x.com\/comaugroup\",\"https:\/\/www.instagram.com\/comaugroup\/\",\"https:\/\/www.linkedin.com\/company\/comau\",\"https:\/\/www.youtube.com\/user\/comau\"]}]}<\/script>\n<!-- \/ Yoast SEO plugin. -->","yoast_head_json":{"title":"Digital Manufacturing: Manifattura Digitale | Comau","description":"Comau collabora attivamente nel digital manufactoring con istituzioni, aziende e universit\u00e0: scopri il nostro sito!","robots":{"index":"index","follow":"follow","max-snippet":"max-snippet:-1","max-image-preview":"max-image-preview:large","max-video-preview":"max-video-preview:-1"},"canonical":"https:\/\/www.comau.com\/it\/competencies\/products-solutions\/digital-initiatives\/","og_locale":"it_IT","og_type":"article","og_title":"Digital Manufacturing: Manifattura Digitale | Comau","og_description":"Comau collabora attivamente nel digital manufactoring con istituzioni, aziende e universit\u00e0: scopri il nostro sito!","og_url":"https:\/\/www.comau.com\/it\/competencies\/products-solutions\/digital-initiatives\/","og_site_name":"Comau","article_publisher":"https:\/\/www.facebook.com\/COMAU\/","article_modified_time":"2024-12-12T15:02:06+00:00","og_image":[{"width":1280,"height":485,"url":"https:\/\/www.comau.com\/wp-content\/uploads\/2021\/06\/Heder_DigitalSolutions.jpg","type":"image\/jpeg"}],"twitter_card":"summary_large_image","twitter_site":"@comaugroup","twitter_misc":{"Tempo di lettura stimato":"3 minuti"},"schema":{"@context":"https:\/\/schema.org","@graph":[{"@type":"WebPage","@id":"https:\/\/www.comau.com\/it\/competencies\/products-solutions\/digital-initiatives\/","url":"https:\/\/www.comau.com\/it\/competencies\/products-solutions\/digital-initiatives\/","name":"Digital Manufacturing: Manifattura Digitale | Comau","isPartOf":{"@id":"https:\/\/www.comau.com\/it\/#website"},"primaryImageOfPage":{"@id":"https:\/\/www.comau.com\/it\/competencies\/products-solutions\/digital-initiatives\/#primaryimage"},"image":{"@id":"https:\/\/www.comau.com\/it\/competencies\/products-solutions\/digital-initiatives\/#primaryimage"},"thumbnailUrl":"https:\/\/www.comau.com\/wp-content\/uploads\/2021\/06\/Heder_DigitalSolutions.jpg","datePublished":"2021-06-30T22:05:48+00:00","dateModified":"2024-12-12T15:02:06+00:00","description":"Comau collabora attivamente nel digital manufactoring con istituzioni, aziende e universit\u00e0: scopri il nostro sito!","breadcrumb":{"@id":"https:\/\/www.comau.com\/it\/competencies\/products-solutions\/digital-initiatives\/#breadcrumb"},"inLanguage":"it-IT","potentialAction":[{"@type":"ReadAction","target":["https:\/\/www.comau.com\/it\/competencies\/products-solutions\/digital-initiatives\/"]}]},{"@type":"ImageObject","inLanguage":"it-IT","@id":"https:\/\/www.comau.com\/it\/competencies\/products-solutions\/digital-initiatives\/#primaryimage","url":"https:\/\/www.comau.com\/wp-content\/uploads\/2021\/06\/Heder_DigitalSolutions.jpg","contentUrl":"https:\/\/www.comau.com\/wp-content\/uploads\/2021\/06\/Heder_DigitalSolutions.jpg","width":1280,"height":485},{"@type":"BreadcrumbList","@id":"https:\/\/www.comau.com\/it\/competencies\/products-solutions\/digital-initiatives\/#breadcrumb","itemListElement":[{"@type":"ListItem","position":1,"name":"Home","item":"https:\/\/www.comau.com\/it\/"},{"@type":"ListItem","position":2,"name":"Le Nostre Competenze","item":"https:\/\/www.comau.com\/it\/competencies\/"},{"@type":"ListItem","position":3,"name":"Products &amp; Solutions","item":"https:\/\/www.comau.com\/it\/competencies\/products-solutions\/"},{"@type":"ListItem","position":4,"name":"Digital initiatives"}]},{"@type":"WebSite","@id":"https:\/\/www.comau.com\/it\/#website","url":"https:\/\/www.comau.com\/it\/","name":"Comau","description":"Industrial automation and robotics","publisher":{"@id":"https:\/\/www.comau.com\/it\/#organization"},"potentialAction":[{"@type":"SearchAction","target":{"@type":"EntryPoint","urlTemplate":"https:\/\/www.comau.com\/it\/?s={search_term_string}"},"query-input":{"@type":"PropertyValueSpecification","valueRequired":true,"valueName":"search_term_string"}}],"inLanguage":"it-IT"},{"@type":"Organization","@id":"https:\/\/www.comau.com\/it\/#organization","name":"Comau","url":"https:\/\/www.comau.com\/it\/","logo":{"@type":"ImageObject","inLanguage":"it-IT","@id":"https:\/\/www.comau.com\/it\/#\/schema\/logo\/image\/","url":"https:\/\/www.comau.com\/wp-content\/uploads\/2024\/07\/cropped-Logo-COMAU.png","contentUrl":"https:\/\/www.comau.com\/wp-content\/uploads\/2024\/07\/cropped-Logo-COMAU.png","width":434,"height":434,"caption":"Comau"},"image":{"@id":"https:\/\/www.comau.com\/it\/#\/schema\/logo\/image\/"},"sameAs":["https:\/\/www.facebook.com\/COMAU\/","https:\/\/x.com\/comaugroup","https:\/\/www.instagram.com\/comaugroup\/","https:\/\/www.linkedin.com\/company\/comau","https:\/\/www.youtube.com\/user\/comau"]}]}},"_links":{"self":[{"href":"https:\/\/www.comau.com\/it\/wp-json\/wp\/v2\/pages\/6213","targetHints":{"allow":["GET"]}}],"collection":[{"href":"https:\/\/www.comau.com\/it\/wp-json\/wp\/v2\/pages"}],"about":[{"href":"https:\/\/www.comau.com\/it\/wp-json\/wp\/v2\/types\/page"}],"author":[{"embeddable":true,"href":"https:\/\/www.comau.com\/it\/wp-json\/wp\/v2\/users\/11"}],"replies":[{"embeddable":true,"href":"https:\/\/www.comau.com\/it\/wp-json\/wp\/v2\/comments?post=6213"}],"version-history":[{"count":35,"href":"https:\/\/www.comau.com\/it\/wp-json\/wp\/v2\/pages\/6213\/revisions"}],"predecessor-version":[{"id":71454,"href":"https:\/\/www.comau.com\/it\/wp-json\/wp\/v2\/pages\/6213\/revisions\/71454"}],"up":[{"embeddable":true,"href":"https:\/\/www.comau.com\/it\/wp-json\/wp\/v2\/pages\/65272"}],"wp:featuredmedia":[{"embeddable":true,"href":"https:\/\/www.comau.com\/it\/wp-json\/wp\/v2\/media\/6227"}],"wp:attachment":[{"href":"https:\/\/www.comau.com\/it\/wp-json\/wp\/v2\/media?parent=6213"}],"curies":[{"name":"wp","href":"https:\/\/api.w.org\/{rel}","templated":true}]}}