{"id":6178,"date":"2022-05-13T09:44:44","date_gmt":"2022-05-13T07:44:44","guid":{"rendered":"https:\/\/www.comau.com\/?page_id=6178"},"modified":"2023-02-17T14:29:07","modified_gmt":"2023-02-17T13:29:07","slug":"real-solutions-for-real-projects","status":"publish","type":"page","link":"https:\/\/www.comau.com\/it\/competencies\/electromobility\/real-solutions-for-real-projects\/","title":{"rendered":"Soluzioni reali per progetti reali"},"content":{"rendered":"\n<h2 class=\"wp-block-heading\">La semplice competenza non basta<\/h2>\n\n\n\n<p>Nel settore dell&#8217;automazione, poche aziende possono vantare le competenze e la storia di successi comprovati di Comau. Ma elettrificazione \u00e8 un settore nuovo, in cui la semplice competenza \u00e8 solo il primo dei fattori necessari. Ecco perch\u00e9 il DNA di Comau e il suo approccio orientato alla collaborazione ci permettono di applicare all&#8217;intera catena del valore risposte reali a una vasta gamma di progetti reali.<\/p>\n\n\n\n<p>Grazie a un portafoglio completo di tecnologie di processo e prodotti innovativi a supporto della trasformazione e dell&#8217;utilizzo dell&#8217;energia elettrica, stiamo aprendo la strada all&#8217;elettrificazione con soluzioni modulari, scalabili ed efficaci dal punto di vista degli investimenti. Non \u00e8 tutto: il nostro gruppo internazionale di oltre 200 risorse dedicate e tre centri di ricerca ha aiutato pi\u00f9 di 40 aziende in tutto il mondo ad attuare le loro strategie di elettrificazione.<\/p>\n\n\n\n<h2 class=\"wp-block-heading\">Assicurazione basata sull\u2019IA<\/h2>\n\n\n\n<p>Al momento di verificare l\u2019efficienza di soluzioni per l\u2019elettrificazione, le tecniche di controllo e prove automatizzate proprietarie di Comau sono ineguagliate. Un processo non invasivo, basato sull\u2019acquisizione in linea di immagini termiche, verifica con precisione la resistenza elettrica e la qualit\u00e0 di ogni singola giunzione con velocit\u00e0 ed efficienza. Grazie al controllo qualit\u00e0 di ciascuna giunzione prima dell\u2019assemblaggio finale, i produttori possono garantire la sicurezza della batteria e prevenire scarti. E poich\u00e9 questa soluzione non richiede un\u2019alimentazione autonoma, pu\u00f2 essere aggiunta a qualunque linea di produzione di batterie industriali, senza influire n\u00e9 sul tempo di ciclo n\u00e9 sulle fasi di produzione.<\/p>\n\n\n<div class=\"wp-block-image\">\n<figure class=\"aligncenter size-large\"><img decoding=\"async\" width=\"790\" height=\"300\" src=\"https:\/\/www.comau.com\/wp-content\/uploads\/2021\/06\/Comau_Real-solutions-for-real-projects_Image1.jpg\" alt=\"\" class=\"wp-image-23682\" srcset=\"https:\/\/www.comau.com\/wp-content\/uploads\/2021\/06\/Comau_Real-solutions-for-real-projects_Image1.jpg 790w, https:\/\/www.comau.com\/wp-content\/uploads\/2021\/06\/Comau_Real-solutions-for-real-projects_Image1-300x114.jpg 300w, https:\/\/www.comau.com\/wp-content\/uploads\/2021\/06\/Comau_Real-solutions-for-real-projects_Image1-768x292.jpg 768w\" sizes=\"(max-width: 790px) 100vw, 790px\" \/><\/figure>\n<\/div>\n\n\n<h2 class=\"wp-block-heading\">Automazione delle installazioni all\u2019aperto<\/h2>\n\n\n\n<p>Uno degli aspetti pi\u00f9 vantaggiosi dell&#8217;ingegneria innovativa consiste nel trovare soluzioni a problemi in precedenza non identificati. Si consideri, ad esempio, Hyperion, un esclusivo sistema mobile per installazioni all&#8217;aperto che Comau ha progettato per trasportare, movimentare e installare autonomamente pannelli solari da 30 kg in pressoch\u00e9 qualsiasi condizione.<\/p>\n\n\n\n<p>Questa soluzione \u00e8 un esempio perfetto dell&#8217;approccio che Comau adotta all&#8217;automazione aperta. Riconoscendo la possibilit\u00e0 di industrializzare un processo manuale, Comau ha collaborato fianco a fianco con il cliente per progettare, sviluppare e implementare un sistema di installazione mobile \u2013 caratterizzato da una gru cingolata (&#8220;crawler&#8221;) automatizzata e un robot articolato con elevato payload \u2013 in poco meno di 7 mesi. Oggi, questo sistema mobile completo, pronto all&#8217;uso pu\u00f2 essere predisposto facilmente in parchi fotovoltaici, sia nuovi che preesistenti, per semplificare l&#8217;installazione dei pannelli solari e limitare le operazioni che gli operatori dovrebbero svolgere in condizioni all&#8217;aperto avverse, come pioggia forte o temperature molto alte o basse.<\/p>\n\n\n<div class=\"wp-block-image\">\n<figure class=\"aligncenter size-large\"><img decoding=\"async\" width=\"790\" height=\"300\" src=\"https:\/\/www.comau.com\/wp-content\/uploads\/2021\/06\/Comau_Real-solutions-for-real-projects_Image2.jpg\" alt=\"\" class=\"wp-image-23687\" srcset=\"https:\/\/www.comau.com\/wp-content\/uploads\/2021\/06\/Comau_Real-solutions-for-real-projects_Image2.jpg 790w, https:\/\/www.comau.com\/wp-content\/uploads\/2021\/06\/Comau_Real-solutions-for-real-projects_Image2-300x114.jpg 300w, https:\/\/www.comau.com\/wp-content\/uploads\/2021\/06\/Comau_Real-solutions-for-real-projects_Image2-768x292.jpg 768w\" sizes=\"(max-width: 790px) 100vw, 790px\" \/><\/figure>\n<\/div>\n\n\n<h2 class=\"wp-block-heading\">Batterie per navi<\/h2>\n\n\n\n<p>A differenza dei processi di automazione standardizzati ad alto volume, caratteristici del settore automotive, la produzione di batterie \u00e8 simile a quella in mercati di nicchia, in cui non esistono due moduli identici. Sino a poco tempo fa, la produzione di batterie per i settori ferroviario, navale e dei trasporti pesanti era un processo in gran parte manuale, alla cui base c&#8217;era l&#8217;esigenza di far fronte a variabili intrinseche derivanti dai requisiti per l&#8217;uso finale.<\/p>\n\n\n\n<p>Nel quadro di una joint venture con una delle pi\u00f9 importanti aziende mondiali nello sviluppo di soluzioni di alimentazione elettrica per applicazioni navali, Comau ha industrializzato il processo di produzione delle celle di batterie agli ioni di litio adottando un approccio di automazione completa basato su un ambiente di saldatura innovativo in cui la robotica, la saldatura laser, l&#8217;IA e la validazione automatica della resistenza elettrica e meccanica si combinano per assicurare flessibilit\u00e0 della configurazione multimodulare di batterie dalle prestazioni elevate.<\/p>\n","protected":false},"excerpt":{"rendered":"<p>La semplice competenza non basta Nel settore dell&#8217;automazione, poche aziende possono vantare le competenze e la storia di successi comprovati di Comau. Ma elettrificazione \u00e8 un settore nuovo, in cui la semplice competenza \u00e8 solo il primo dei fattori necessari. Ecco perch\u00e9 il DNA di Comau e il suo approccio orientato alla collaborazione ci permettono [&hellip;]<\/p>\n","protected":false},"author":11,"featured_media":5966,"parent":6168,"menu_order":1,"comment_status":"closed","ping_status":"closed","template":"","meta":{"_acf_changed":false,"ep_exclude_from_search":false,"footnotes":""},"class_list":["post-6178","page","type-page","status-publish","has-post-thumbnail","hentry"],"acf":[],"yoast_head":"<!-- This site is optimized with the Yoast SEO plugin v26.9 - https:\/\/yoast.com\/product\/yoast-seo-wordpress\/ -->\n<title>Soluzioni reali per progetti reali - Comau<\/title>\n<meta name=\"robots\" content=\"index, follow, max-snippet:-1, max-image-preview:large, max-video-preview:-1\" \/>\n<link rel=\"canonical\" href=\"https:\/\/www.comau.com\/it\/competencies\/electromobility\/real-solutions-for-real-projects\/\" \/>\n<meta property=\"og:locale\" content=\"it_IT\" \/>\n<meta property=\"og:type\" content=\"article\" \/>\n<meta property=\"og:title\" content=\"Soluzioni reali per progetti reali - Comau\" \/>\n<meta property=\"og:description\" content=\"La semplice competenza non basta Nel settore dell&#8217;automazione, poche aziende possono vantare le competenze e la storia di successi comprovati di Comau. Ma elettrificazione \u00e8 un settore nuovo, in cui la semplice competenza \u00e8 solo il primo dei fattori necessari. Ecco perch\u00e9 il DNA di Comau e il suo approccio orientato alla collaborazione ci permettono [&hellip;]\" \/>\n<meta property=\"og:url\" content=\"https:\/\/www.comau.com\/it\/competencies\/electromobility\/real-solutions-for-real-projects\/\" \/>\n<meta property=\"og:site_name\" content=\"Comau\" \/>\n<meta property=\"article:publisher\" content=\"https:\/\/www.facebook.com\/COMAU\/\" \/>\n<meta property=\"article:modified_time\" content=\"2023-02-17T13:29:07+00:00\" \/>\n<meta property=\"og:image\" content=\"https:\/\/www.comau.com\/wp-content\/uploads\/2021\/06\/emobility_header2.png\" \/>\n\t<meta property=\"og:image:width\" content=\"1280\" \/>\n\t<meta property=\"og:image:height\" content=\"485\" \/>\n\t<meta property=\"og:image:type\" content=\"image\/png\" \/>\n<meta name=\"twitter:card\" content=\"summary_large_image\" \/>\n<meta name=\"twitter:site\" content=\"@comaugroup\" \/>\n<meta name=\"twitter:label1\" content=\"Tempo di lettura stimato\" \/>\n\t<meta name=\"twitter:data1\" content=\"3 minuti\" \/>\n<script type=\"application\/ld+json\" class=\"yoast-schema-graph\">{\"@context\":\"https:\/\/schema.org\",\"@graph\":[{\"@type\":\"WebPage\",\"@id\":\"https:\/\/www.comau.com\/it\/competencies\/electromobility\/real-solutions-for-real-projects\/\",\"url\":\"https:\/\/www.comau.com\/it\/competencies\/electromobility\/real-solutions-for-real-projects\/\",\"name\":\"Soluzioni reali per progetti reali - Comau\",\"isPartOf\":{\"@id\":\"https:\/\/www.comau.com\/it\/#website\"},\"primaryImageOfPage\":{\"@id\":\"https:\/\/www.comau.com\/it\/competencies\/electromobility\/real-solutions-for-real-projects\/#primaryimage\"},\"image\":{\"@id\":\"https:\/\/www.comau.com\/it\/competencies\/electromobility\/real-solutions-for-real-projects\/#primaryimage\"},\"thumbnailUrl\":\"https:\/\/www.comau.com\/wp-content\/uploads\/2021\/06\/emobility_header2.png\",\"datePublished\":\"2022-05-13T07:44:44+00:00\",\"dateModified\":\"2023-02-17T13:29:07+00:00\",\"breadcrumb\":{\"@id\":\"https:\/\/www.comau.com\/it\/competencies\/electromobility\/real-solutions-for-real-projects\/#breadcrumb\"},\"inLanguage\":\"it-IT\",\"potentialAction\":[{\"@type\":\"ReadAction\",\"target\":[\"https:\/\/www.comau.com\/it\/competencies\/electromobility\/real-solutions-for-real-projects\/\"]}]},{\"@type\":\"ImageObject\",\"inLanguage\":\"it-IT\",\"@id\":\"https:\/\/www.comau.com\/it\/competencies\/electromobility\/real-solutions-for-real-projects\/#primaryimage\",\"url\":\"https:\/\/www.comau.com\/wp-content\/uploads\/2021\/06\/emobility_header2.png\",\"contentUrl\":\"https:\/\/www.comau.com\/wp-content\/uploads\/2021\/06\/emobility_header2.png\",\"width\":1280,\"height\":485},{\"@type\":\"BreadcrumbList\",\"@id\":\"https:\/\/www.comau.com\/it\/competencies\/electromobility\/real-solutions-for-real-projects\/#breadcrumb\",\"itemListElement\":[{\"@type\":\"ListItem\",\"position\":1,\"name\":\"Home\",\"item\":\"https:\/\/www.comau.com\/it\/\"},{\"@type\":\"ListItem\",\"position\":2,\"name\":\"Le Nostre Competenze\",\"item\":\"https:\/\/www.comau.com\/it\/competencies\/\"},{\"@type\":\"ListItem\",\"position\":3,\"name\":\"Electromobility\",\"item\":\"https:\/\/www.comau.com\/it\/competencies\/electromobility\/\"},{\"@type\":\"ListItem\",\"position\":4,\"name\":\"Soluzioni reali per progetti reali\"}]},{\"@type\":\"WebSite\",\"@id\":\"https:\/\/www.comau.com\/it\/#website\",\"url\":\"https:\/\/www.comau.com\/it\/\",\"name\":\"Comau\",\"description\":\"Industrial automation and robotics\",\"publisher\":{\"@id\":\"https:\/\/www.comau.com\/it\/#organization\"},\"potentialAction\":[{\"@type\":\"SearchAction\",\"target\":{\"@type\":\"EntryPoint\",\"urlTemplate\":\"https:\/\/www.comau.com\/it\/?s={search_term_string}\"},\"query-input\":{\"@type\":\"PropertyValueSpecification\",\"valueRequired\":true,\"valueName\":\"search_term_string\"}}],\"inLanguage\":\"it-IT\"},{\"@type\":\"Organization\",\"@id\":\"https:\/\/www.comau.com\/it\/#organization\",\"name\":\"Comau\",\"url\":\"https:\/\/www.comau.com\/it\/\",\"logo\":{\"@type\":\"ImageObject\",\"inLanguage\":\"it-IT\",\"@id\":\"https:\/\/www.comau.com\/it\/#\/schema\/logo\/image\/\",\"url\":\"https:\/\/www.comau.com\/wp-content\/uploads\/2024\/07\/cropped-Logo-COMAU.png\",\"contentUrl\":\"https:\/\/www.comau.com\/wp-content\/uploads\/2024\/07\/cropped-Logo-COMAU.png\",\"width\":434,\"height\":434,\"caption\":\"Comau\"},\"image\":{\"@id\":\"https:\/\/www.comau.com\/it\/#\/schema\/logo\/image\/\"},\"sameAs\":[\"https:\/\/www.facebook.com\/COMAU\/\",\"https:\/\/x.com\/comaugroup\",\"https:\/\/www.instagram.com\/comaugroup\/\",\"https:\/\/www.linkedin.com\/company\/comau\",\"https:\/\/www.youtube.com\/user\/comau\"]}]}<\/script>\n<!-- \/ Yoast SEO plugin. -->","yoast_head_json":{"title":"Soluzioni reali per progetti reali - Comau","robots":{"index":"index","follow":"follow","max-snippet":"max-snippet:-1","max-image-preview":"max-image-preview:large","max-video-preview":"max-video-preview:-1"},"canonical":"https:\/\/www.comau.com\/it\/competencies\/electromobility\/real-solutions-for-real-projects\/","og_locale":"it_IT","og_type":"article","og_title":"Soluzioni reali per progetti reali - Comau","og_description":"La semplice competenza non basta Nel settore dell&#8217;automazione, poche aziende possono vantare le competenze e la storia di successi comprovati di Comau. Ma elettrificazione \u00e8 un settore nuovo, in cui la semplice competenza \u00e8 solo il primo dei fattori necessari. Ecco perch\u00e9 il DNA di Comau e il suo approccio orientato alla collaborazione ci permettono [&hellip;]","og_url":"https:\/\/www.comau.com\/it\/competencies\/electromobility\/real-solutions-for-real-projects\/","og_site_name":"Comau","article_publisher":"https:\/\/www.facebook.com\/COMAU\/","article_modified_time":"2023-02-17T13:29:07+00:00","og_image":[{"width":1280,"height":485,"url":"https:\/\/www.comau.com\/wp-content\/uploads\/2021\/06\/emobility_header2.png","type":"image\/png"}],"twitter_card":"summary_large_image","twitter_site":"@comaugroup","twitter_misc":{"Tempo di lettura stimato":"3 minuti"},"schema":{"@context":"https:\/\/schema.org","@graph":[{"@type":"WebPage","@id":"https:\/\/www.comau.com\/it\/competencies\/electromobility\/real-solutions-for-real-projects\/","url":"https:\/\/www.comau.com\/it\/competencies\/electromobility\/real-solutions-for-real-projects\/","name":"Soluzioni reali per progetti reali - Comau","isPartOf":{"@id":"https:\/\/www.comau.com\/it\/#website"},"primaryImageOfPage":{"@id":"https:\/\/www.comau.com\/it\/competencies\/electromobility\/real-solutions-for-real-projects\/#primaryimage"},"image":{"@id":"https:\/\/www.comau.com\/it\/competencies\/electromobility\/real-solutions-for-real-projects\/#primaryimage"},"thumbnailUrl":"https:\/\/www.comau.com\/wp-content\/uploads\/2021\/06\/emobility_header2.png","datePublished":"2022-05-13T07:44:44+00:00","dateModified":"2023-02-17T13:29:07+00:00","breadcrumb":{"@id":"https:\/\/www.comau.com\/it\/competencies\/electromobility\/real-solutions-for-real-projects\/#breadcrumb"},"inLanguage":"it-IT","potentialAction":[{"@type":"ReadAction","target":["https:\/\/www.comau.com\/it\/competencies\/electromobility\/real-solutions-for-real-projects\/"]}]},{"@type":"ImageObject","inLanguage":"it-IT","@id":"https:\/\/www.comau.com\/it\/competencies\/electromobility\/real-solutions-for-real-projects\/#primaryimage","url":"https:\/\/www.comau.com\/wp-content\/uploads\/2021\/06\/emobility_header2.png","contentUrl":"https:\/\/www.comau.com\/wp-content\/uploads\/2021\/06\/emobility_header2.png","width":1280,"height":485},{"@type":"BreadcrumbList","@id":"https:\/\/www.comau.com\/it\/competencies\/electromobility\/real-solutions-for-real-projects\/#breadcrumb","itemListElement":[{"@type":"ListItem","position":1,"name":"Home","item":"https:\/\/www.comau.com\/it\/"},{"@type":"ListItem","position":2,"name":"Le Nostre Competenze","item":"https:\/\/www.comau.com\/it\/competencies\/"},{"@type":"ListItem","position":3,"name":"Electromobility","item":"https:\/\/www.comau.com\/it\/competencies\/electromobility\/"},{"@type":"ListItem","position":4,"name":"Soluzioni reali per progetti reali"}]},{"@type":"WebSite","@id":"https:\/\/www.comau.com\/it\/#website","url":"https:\/\/www.comau.com\/it\/","name":"Comau","description":"Industrial automation and robotics","publisher":{"@id":"https:\/\/www.comau.com\/it\/#organization"},"potentialAction":[{"@type":"SearchAction","target":{"@type":"EntryPoint","urlTemplate":"https:\/\/www.comau.com\/it\/?s={search_term_string}"},"query-input":{"@type":"PropertyValueSpecification","valueRequired":true,"valueName":"search_term_string"}}],"inLanguage":"it-IT"},{"@type":"Organization","@id":"https:\/\/www.comau.com\/it\/#organization","name":"Comau","url":"https:\/\/www.comau.com\/it\/","logo":{"@type":"ImageObject","inLanguage":"it-IT","@id":"https:\/\/www.comau.com\/it\/#\/schema\/logo\/image\/","url":"https:\/\/www.comau.com\/wp-content\/uploads\/2024\/07\/cropped-Logo-COMAU.png","contentUrl":"https:\/\/www.comau.com\/wp-content\/uploads\/2024\/07\/cropped-Logo-COMAU.png","width":434,"height":434,"caption":"Comau"},"image":{"@id":"https:\/\/www.comau.com\/it\/#\/schema\/logo\/image\/"},"sameAs":["https:\/\/www.facebook.com\/COMAU\/","https:\/\/x.com\/comaugroup","https:\/\/www.instagram.com\/comaugroup\/","https:\/\/www.linkedin.com\/company\/comau","https:\/\/www.youtube.com\/user\/comau"]}]}},"_links":{"self":[{"href":"https:\/\/www.comau.com\/it\/wp-json\/wp\/v2\/pages\/6178","targetHints":{"allow":["GET"]}}],"collection":[{"href":"https:\/\/www.comau.com\/it\/wp-json\/wp\/v2\/pages"}],"about":[{"href":"https:\/\/www.comau.com\/it\/wp-json\/wp\/v2\/types\/page"}],"author":[{"embeddable":true,"href":"https:\/\/www.comau.com\/it\/wp-json\/wp\/v2\/users\/11"}],"replies":[{"embeddable":true,"href":"https:\/\/www.comau.com\/it\/wp-json\/wp\/v2\/comments?post=6178"}],"version-history":[{"count":19,"href":"https:\/\/www.comau.com\/it\/wp-json\/wp\/v2\/pages\/6178\/revisions"}],"predecessor-version":[{"id":50533,"href":"https:\/\/www.comau.com\/it\/wp-json\/wp\/v2\/pages\/6178\/revisions\/50533"}],"up":[{"embeddable":true,"href":"https:\/\/www.comau.com\/it\/wp-json\/wp\/v2\/pages\/6168"}],"wp:featuredmedia":[{"embeddable":true,"href":"https:\/\/www.comau.com\/it\/wp-json\/wp\/v2\/media\/5966"}],"wp:attachment":[{"href":"https:\/\/www.comau.com\/it\/wp-json\/wp\/v2\/media?parent=6178"}],"curies":[{"name":"wp","href":"https:\/\/api.w.org\/{rel}","templated":true}]}}