{"id":6104,"date":"2021-07-01T01:07:29","date_gmt":"2021-06-30T23:07:29","guid":{"rendered":"https:\/\/www.comau.com\/?page_id=6104"},"modified":"2023-11-10T12:30:32","modified_gmt":"2023-11-10T11:30:32","slug":"automation-products","status":"publish","type":"page","link":"https:\/\/www.comau.com\/it\/competencies\/products-solutions\/automation-products\/","title":{"rendered":"Automation Products"},"content":{"rendered":"\n<p> <p class=\"MsoNormal\">La tecnologia si evolve rapidamente, mettendo a disposizione delle industrie dei vari settori soluzioni sempre pi\u00f9 avanzate ed efficienti per automatizzare i processi. Per rimanere sempre al passo coi tempi, <b>Comau<\/b> investe continuamente in ricerca e sviluppo per offrire ai propri clienti macchine in grado di migliorare la flessibilit\u00e0 e ridurre i costi operativi, ponendosi cos\u00ec come un punto di riferimento nel campo dei<b> robot per l&#8217;automazione industriale<\/b>.<\/p><\/p>\n\n\n\n<h2 class=\"wp-block-heading\"><strong>Prodotti all&#8217;avanguardia nel campo della robotica per l&#8217;automazione<\/strong><\/h2>\n\n\n\n<p>La robotica industrialeriveste un ruolo sempre pi\u00f9 importante per quelle realt\u00e0 che lavorano su processi standardizzati, portando nelle aziende <strong>robot manipolatori<\/strong> <strong>in grado di automatizzare in maniera efficiente ogni tipo di lavoro<\/strong>. Grazie a una proposta in continua evoluzione, oggi riusciamo a rispondere alle esigenze di numerose realt\u00e0 industriali, che necessitano di robot per automazione all&#8217;avanguardia, come <strong>pinze di saldatura, robot e altri prodotti automatizzati<\/strong>.<\/p>\n\n\n\n<p>Il<strong> catalogo Comau<\/strong> si compone dunque di soluzioni innovative, utili per ottimizzare i processi e tagliare i costi generando vantaggi sia di natura tecnica che economica. Scopri ora tutte le nostre proposte nel campo della<strong> robotica per l&#8217;automazione industriale<\/strong>: la tecnologia \u00e8 sempre pi\u00f9 al servizio della tua attivit\u00e0!<\/p>\n\n\n\n<p><\/p>\n\n\n\n<h2 class=\"wp-block-heading\">Pinze di saldatura<\/h2>\n\n\n\n<ul class=\"wp-block-list\">\n<li>\u200b<strong>Tipo C \/ Tipo X \/ CXR compatto <\/strong>(giunto in acciaio)<\/li>\n\n\n\n<li><strong>Tipo C \/ Tipo X ad alta forza compatto<\/strong> (giunto in alluminio)<\/li>\n\n\n\n<li><strong>Tipo B \/ Tipo C \/ Tipo X \/ Tipo CXR Versa<\/strong> (giunto in acciaio e alluminio)<\/li>\n\n\n\n<li><strong>Tipo C \/ Tipo X manuale<\/strong> (giunto in acciaio)<\/li>\n<\/ul>\n\n\n\n<p>Le <strong>pinze di saldatura Comau<\/strong> sono il risultato della nostra capacit\u00e0 di ascoltare il cliente: ci\u00f2 che conta davvero \u00e8 garantire funzionalit\u00e0, qualit\u00e0, economicit\u00e0 ed efficienza del processo. Le nostre pistole saldatrici sono progettate modularmente e simmetricamente in modo da ridurre i pezzi di ricambio, il peso generale e i tempi di consegna, e sono disponibili per saldatura in acciaio e in alluminio.<\/p>\n\n\n\n<p>Le <strong>nuove pinze di saldatura Compact<\/strong> <strong>di Comau<\/strong> pesano meno di quelle della concorrenza e sono circa 300 mm pi\u00f9 compatte. Tutte queste nuove caratteristiche non alterano le loro prestazioni. Sono in grado di gestire qualsiasi applicazione di saldatura e consento l\u2019impiego di robot pi\u00f9 piccoli in stazioni ad alta densit\u00e0.<\/p>\n\n\n\n<div class=\"wp-block-columns is-layout-flex wp-container-core-columns-is-layout-9d6595d7 wp-block-columns-is-layout-flex\">\n<div class=\"wp-block-column is-layout-flow wp-block-column-is-layout-flow\">\n<div class=\"wp-block-getwid-image-box has-text-left has-mobile-layout-default has-mobile-alignment-default\"><div class=\"wp-block-getwid-image-box__image-container is-position-top\"><a href=\"https:\/\/www.comau.com\/it\/competencies\/systems\/products\/compact-welding-gun\/\" class=\"wp-block-getwid-image-box__image-wrapper\"><img decoding=\"async\" width=\"387\" height=\"150\" src=\"https:\/\/www.comau.com\/wp-content\/uploads\/2021\/06\/compact-welding-guns.jpg\" alt=\"\" class=\"wp-block-getwid-image-box__image wp-image-537\" srcset=\"https:\/\/www.comau.com\/wp-content\/uploads\/2021\/06\/compact-welding-guns.jpg 387w, https:\/\/www.comau.com\/wp-content\/uploads\/2021\/06\/compact-welding-guns-300x116.jpg 300w\" sizes=\"(max-width: 387px) 100vw, 387px\" \/><\/a><\/div><div class=\"wp-block-getwid-image-box__content\">\n<h3 class=\"wp-block-heading\">Pinza di saldatura Compatta<\/h3>\n\n\n\n<p>Una welding gun pi\u00f9 leggera e compatta con le migliori prestazioni per la giunzione di acciaio o alluminio.<\/p>\n<\/div><\/div>\n<\/div>\n\n\n\n<div class=\"wp-block-column is-layout-flow wp-block-column-is-layout-flow\">\n<div class=\"wp-block-getwid-image-box has-text-left has-mobile-layout-default has-mobile-alignment-default\"><div class=\"wp-block-getwid-image-box__image-container is-position-top\"><a href=\"https:\/\/www.comau.com\/it\/competencies\/systems\/products\/versa-welding-gun\/\" class=\"wp-block-getwid-image-box__image-wrapper\"><img decoding=\"async\" width=\"387\" height=\"150\" src=\"https:\/\/www.comau.com\/wp-content\/uploads\/2021\/06\/versa-welding-guns.jpg\" alt=\"\" class=\"wp-block-getwid-image-box__image wp-image-551\" srcset=\"https:\/\/www.comau.com\/wp-content\/uploads\/2021\/06\/versa-welding-guns.jpg 387w, https:\/\/www.comau.com\/wp-content\/uploads\/2021\/06\/versa-welding-guns-300x116.jpg 300w\" sizes=\"(max-width: 387px) 100vw, 387px\" \/><\/a><\/div><div class=\"wp-block-getwid-image-box__content\">\n<h3 class=\"wp-block-heading\">Pinze di saldatura Versa <\/h3>\n\n\n\n<p>Robustezza e affidabilit\u00e0 sono i fattori chiave di successo di questo prodotto da svariati anni.<\/p>\n<\/div><\/div>\n<\/div>\n\n\n\n<div class=\"wp-block-column is-layout-flow wp-block-column-is-layout-flow\">\n<div class=\"wp-block-getwid-image-box has-text-left has-mobile-layout-default has-mobile-alignment-default\"><div class=\"wp-block-getwid-image-box__image-container is-position-top\"><a href=\"https:\/\/www.comau.com\/it\/competencies\/systems\/products\/welding-guns\/\" class=\"wp-block-getwid-image-box__image-wrapper\"><img decoding=\"async\" width=\"387\" height=\"150\" src=\"https:\/\/www.comau.com\/wp-content\/uploads\/2021\/06\/welding-guns.jpg\" alt=\"\" class=\"wp-block-getwid-image-box__image wp-image-549\" srcset=\"https:\/\/www.comau.com\/wp-content\/uploads\/2021\/06\/welding-guns.jpg 387w, https:\/\/www.comau.com\/wp-content\/uploads\/2021\/06\/welding-guns-300x116.jpg 300w\" sizes=\"(max-width: 387px) 100vw, 387px\" \/><\/a><\/div><div class=\"wp-block-getwid-image-box__content\">\n<h3 class=\"wp-block-heading\">Pinza di saldatura Manuale<\/h3>\n\n\n\n<p>Basata sul concetto di pistola saldatrice robotica, un\u2019unica dimensione per tutte le applicazioni..<\/p>\n<\/div><\/div>\n<\/div>\n<\/div>\n\n\n\n<h2 class=\"wp-block-heading\">Spot Welding Machine<\/h2>\n\n\n\n<p>Quando si parla di saldatura a punti noi pensiamo con la mentalit\u00e0 del cliente.<\/p>\n\n\n\n<p>La richiesta \u00e8 di raggiungere risultati di efficienza nel modo pi\u00f9 semplice possibile. La risposta \u00e8 quello che abbiamo chiamato <strong>Saldatrice a punti di Comau<\/strong>: un pacchetto progettato per moltiplicare i vantaggi delle soluzioni integrate.<\/p>\n\n\n\n<div class=\"wp-block-columns is-layout-flex wp-container-core-columns-is-layout-9d6595d7 wp-block-columns-is-layout-flex\">\n<div class=\"wp-block-column is-layout-flow wp-block-column-is-layout-flow\">\n<div class=\"wp-block-getwid-image-box has-text-left has-mobile-layout-default has-mobile-alignment-default\"><div class=\"wp-block-getwid-image-box__image-container is-position-top\"><a href=\"https:\/\/www.comau.com\/it\/competencies\/systems\/products\/spot-welding-machine\/\" class=\"wp-block-getwid-image-box__image-wrapper\"><img decoding=\"async\" width=\"387\" height=\"150\" src=\"https:\/\/www.comau.com\/wp-content\/uploads\/2021\/06\/spot-welding-machine.jpg\" alt=\"\" class=\"wp-block-getwid-image-box__image wp-image-546\" srcset=\"https:\/\/www.comau.com\/wp-content\/uploads\/2021\/06\/spot-welding-machine.jpg 387w, https:\/\/www.comau.com\/wp-content\/uploads\/2021\/06\/spot-welding-machine-300x116.jpg 300w\" sizes=\"(max-width: 387px) 100vw, 387px\" \/><\/a><\/div><div class=\"wp-block-getwid-image-box__content\">\n<h3 class=\"wp-block-heading\">Spot Welding Machine<\/h3>\n\n\n\n<p>Il robot e la welding gun diventano una cosa sola. Questa combinazione unica garantisce una nuova dimensione dello spot welding.<\/p>\n<\/div><\/div>\n<\/div>\n\n\n\n<div class=\"wp-block-column is-layout-flow wp-block-column-is-layout-flow\"><\/div>\n\n\n\n<div class=\"wp-block-column is-layout-flow wp-block-column-is-layout-flow\"><\/div>\n<\/div>\n","protected":false},"excerpt":{"rendered":"<p>La tecnologia si evolve rapidamente, mettendo a disposizione delle industrie dei vari settori soluzioni sempre pi\u00f9 avanzate ed efficienti per automatizzare i processi. Per rimanere sempre al passo coi tempi, Comau investe continuamente in ricerca e sviluppo per offrire ai propri clienti macchine in grado di migliorare la flessibilit\u00e0 e ridurre i costi operativi, ponendosi [&hellip;]<\/p>\n","protected":false},"author":11,"featured_media":78033,"parent":65272,"menu_order":7,"comment_status":"closed","ping_status":"closed","template":"","meta":{"_acf_changed":false,"ep_exclude_from_search":false,"footnotes":""},"class_list":["post-6104","page","type-page","status-publish","has-post-thumbnail","hentry"],"acf":[],"yoast_head":"<!-- This site is optimized with the Yoast SEO plugin v26.9 - https:\/\/yoast.com\/product\/yoast-seo-wordpress\/ -->\n<title>Comau pinze di saldatura, robot e prodotti automatizzati<\/title>\n<meta name=\"description\" content=\"Comau offre una gamma completa di soluzioni per applicazioni laser e BIW. Scopri le nostre sorgenti laser e le tipologie di weldin gun.\" \/>\n<meta name=\"robots\" content=\"index, follow, max-snippet:-1, max-image-preview:large, max-video-preview:-1\" \/>\n<link rel=\"canonical\" href=\"https:\/\/www.comau.com\/it\/competencies\/products-solutions\/automation-products\/\" \/>\n<meta property=\"og:locale\" content=\"it_IT\" \/>\n<meta property=\"og:type\" content=\"article\" \/>\n<meta property=\"og:title\" content=\"Comau pinze di saldatura, robot e prodotti automatizzati\" \/>\n<meta property=\"og:description\" content=\"Comau offre una gamma completa di soluzioni per applicazioni laser e BIW. Scopri le nostre sorgenti laser e le tipologie di weldin gun.\" \/>\n<meta property=\"og:url\" content=\"https:\/\/www.comau.com\/it\/competencies\/products-solutions\/automation-products\/\" \/>\n<meta property=\"og:site_name\" content=\"Comau\" \/>\n<meta property=\"article:publisher\" content=\"https:\/\/www.facebook.com\/COMAU\/\" \/>\n<meta property=\"article:modified_time\" content=\"2023-11-10T11:30:32+00:00\" \/>\n<meta property=\"og:image\" content=\"https:\/\/www.comau.com\/wp-content\/uploads\/2021\/06\/AutomationProducts_Header.png\" \/>\n\t<meta property=\"og:image:width\" content=\"1280\" \/>\n\t<meta property=\"og:image:height\" content=\"485\" \/>\n\t<meta property=\"og:image:type\" content=\"image\/png\" \/>\n<meta name=\"twitter:card\" content=\"summary_large_image\" \/>\n<meta name=\"twitter:site\" content=\"@comaugroup\" \/>\n<meta name=\"twitter:label1\" content=\"Tempo di lettura stimato\" \/>\n\t<meta name=\"twitter:data1\" content=\"4 minuti\" \/>\n<script type=\"application\/ld+json\" class=\"yoast-schema-graph\">{\"@context\":\"https:\/\/schema.org\",\"@graph\":[{\"@type\":\"WebPage\",\"@id\":\"https:\/\/www.comau.com\/it\/competencies\/products-solutions\/automation-products\/\",\"url\":\"https:\/\/www.comau.com\/it\/competencies\/products-solutions\/automation-products\/\",\"name\":\"Comau pinze di saldatura, robot e prodotti automatizzati\",\"isPartOf\":{\"@id\":\"https:\/\/www.comau.com\/it\/#website\"},\"primaryImageOfPage\":{\"@id\":\"https:\/\/www.comau.com\/it\/competencies\/products-solutions\/automation-products\/#primaryimage\"},\"image\":{\"@id\":\"https:\/\/www.comau.com\/it\/competencies\/products-solutions\/automation-products\/#primaryimage\"},\"thumbnailUrl\":\"https:\/\/www.comau.com\/wp-content\/uploads\/2025\/06\/Header-Image-1920x606-Spot-Welding-Machine.jpg\",\"datePublished\":\"2021-06-30T23:07:29+00:00\",\"dateModified\":\"2023-11-10T11:30:32+00:00\",\"description\":\"Comau offre una gamma completa di soluzioni per applicazioni laser e BIW. Scopri le nostre sorgenti laser e le tipologie di weldin gun.\",\"breadcrumb\":{\"@id\":\"https:\/\/www.comau.com\/it\/competencies\/products-solutions\/automation-products\/#breadcrumb\"},\"inLanguage\":\"it-IT\",\"potentialAction\":[{\"@type\":\"ReadAction\",\"target\":[\"https:\/\/www.comau.com\/it\/competencies\/products-solutions\/automation-products\/\"]}]},{\"@type\":\"ImageObject\",\"inLanguage\":\"it-IT\",\"@id\":\"https:\/\/www.comau.com\/it\/competencies\/products-solutions\/automation-products\/#primaryimage\",\"url\":\"https:\/\/www.comau.com\/wp-content\/uploads\/2025\/06\/Header-Image-1920x606-Spot-Welding-Machine.jpg\",\"contentUrl\":\"https:\/\/www.comau.com\/wp-content\/uploads\/2025\/06\/Header-Image-1920x606-Spot-Welding-Machine.jpg\",\"width\":1920,\"height\":606},{\"@type\":\"BreadcrumbList\",\"@id\":\"https:\/\/www.comau.com\/it\/competencies\/products-solutions\/automation-products\/#breadcrumb\",\"itemListElement\":[{\"@type\":\"ListItem\",\"position\":1,\"name\":\"Home\",\"item\":\"https:\/\/www.comau.com\/it\/\"},{\"@type\":\"ListItem\",\"position\":2,\"name\":\"Le Nostre Competenze\",\"item\":\"https:\/\/www.comau.com\/it\/competencies\/\"},{\"@type\":\"ListItem\",\"position\":3,\"name\":\"Robotics &amp; Automation\",\"item\":\"https:\/\/www.comau.com\/it\/competencies\/robotics-automation\/\"},{\"@type\":\"ListItem\",\"position\":4,\"name\":\"Automation Products\"}]},{\"@type\":\"WebSite\",\"@id\":\"https:\/\/www.comau.com\/it\/#website\",\"url\":\"https:\/\/www.comau.com\/it\/\",\"name\":\"Comau\",\"description\":\"Industrial automation and robotics\",\"publisher\":{\"@id\":\"https:\/\/www.comau.com\/it\/#organization\"},\"potentialAction\":[{\"@type\":\"SearchAction\",\"target\":{\"@type\":\"EntryPoint\",\"urlTemplate\":\"https:\/\/www.comau.com\/it\/?s={search_term_string}\"},\"query-input\":{\"@type\":\"PropertyValueSpecification\",\"valueRequired\":true,\"valueName\":\"search_term_string\"}}],\"inLanguage\":\"it-IT\"},{\"@type\":\"Organization\",\"@id\":\"https:\/\/www.comau.com\/it\/#organization\",\"name\":\"Comau\",\"url\":\"https:\/\/www.comau.com\/it\/\",\"logo\":{\"@type\":\"ImageObject\",\"inLanguage\":\"it-IT\",\"@id\":\"https:\/\/www.comau.com\/it\/#\/schema\/logo\/image\/\",\"url\":\"https:\/\/www.comau.com\/wp-content\/uploads\/2024\/07\/cropped-Logo-COMAU.png\",\"contentUrl\":\"https:\/\/www.comau.com\/wp-content\/uploads\/2024\/07\/cropped-Logo-COMAU.png\",\"width\":434,\"height\":434,\"caption\":\"Comau\"},\"image\":{\"@id\":\"https:\/\/www.comau.com\/it\/#\/schema\/logo\/image\/\"},\"sameAs\":[\"https:\/\/www.facebook.com\/COMAU\/\",\"https:\/\/x.com\/comaugroup\",\"https:\/\/www.instagram.com\/comaugroup\/\",\"https:\/\/www.linkedin.com\/company\/comau\",\"https:\/\/www.youtube.com\/user\/comau\"]}]}<\/script>\n<!-- \/ Yoast SEO plugin. -->","yoast_head_json":{"title":"Comau pinze di saldatura, robot e prodotti automatizzati","description":"Comau offre una gamma completa di soluzioni per applicazioni laser e BIW. Scopri le nostre sorgenti laser e le tipologie di weldin gun.","robots":{"index":"index","follow":"follow","max-snippet":"max-snippet:-1","max-image-preview":"max-image-preview:large","max-video-preview":"max-video-preview:-1"},"canonical":"https:\/\/www.comau.com\/it\/competencies\/products-solutions\/automation-products\/","og_locale":"it_IT","og_type":"article","og_title":"Comau pinze di saldatura, robot e prodotti automatizzati","og_description":"Comau offre una gamma completa di soluzioni per applicazioni laser e BIW. Scopri le nostre sorgenti laser e le tipologie di weldin gun.","og_url":"https:\/\/www.comau.com\/it\/competencies\/products-solutions\/automation-products\/","og_site_name":"Comau","article_publisher":"https:\/\/www.facebook.com\/COMAU\/","article_modified_time":"2023-11-10T11:30:32+00:00","og_image":[{"width":1280,"height":485,"url":"https:\/\/www.comau.com\/wp-content\/uploads\/2021\/06\/AutomationProducts_Header.png","type":"image\/png"}],"twitter_card":"summary_large_image","twitter_site":"@comaugroup","twitter_misc":{"Tempo di lettura stimato":"4 minuti"},"schema":{"@context":"https:\/\/schema.org","@graph":[{"@type":"WebPage","@id":"https:\/\/www.comau.com\/it\/competencies\/products-solutions\/automation-products\/","url":"https:\/\/www.comau.com\/it\/competencies\/products-solutions\/automation-products\/","name":"Comau pinze di saldatura, robot e prodotti automatizzati","isPartOf":{"@id":"https:\/\/www.comau.com\/it\/#website"},"primaryImageOfPage":{"@id":"https:\/\/www.comau.com\/it\/competencies\/products-solutions\/automation-products\/#primaryimage"},"image":{"@id":"https:\/\/www.comau.com\/it\/competencies\/products-solutions\/automation-products\/#primaryimage"},"thumbnailUrl":"https:\/\/www.comau.com\/wp-content\/uploads\/2025\/06\/Header-Image-1920x606-Spot-Welding-Machine.jpg","datePublished":"2021-06-30T23:07:29+00:00","dateModified":"2023-11-10T11:30:32+00:00","description":"Comau offre una gamma completa di soluzioni per applicazioni laser e BIW. Scopri le nostre sorgenti laser e le tipologie di weldin gun.","breadcrumb":{"@id":"https:\/\/www.comau.com\/it\/competencies\/products-solutions\/automation-products\/#breadcrumb"},"inLanguage":"it-IT","potentialAction":[{"@type":"ReadAction","target":["https:\/\/www.comau.com\/it\/competencies\/products-solutions\/automation-products\/"]}]},{"@type":"ImageObject","inLanguage":"it-IT","@id":"https:\/\/www.comau.com\/it\/competencies\/products-solutions\/automation-products\/#primaryimage","url":"https:\/\/www.comau.com\/wp-content\/uploads\/2025\/06\/Header-Image-1920x606-Spot-Welding-Machine.jpg","contentUrl":"https:\/\/www.comau.com\/wp-content\/uploads\/2025\/06\/Header-Image-1920x606-Spot-Welding-Machine.jpg","width":1920,"height":606},{"@type":"BreadcrumbList","@id":"https:\/\/www.comau.com\/it\/competencies\/products-solutions\/automation-products\/#breadcrumb","itemListElement":[{"@type":"ListItem","position":1,"name":"Home","item":"https:\/\/www.comau.com\/it\/"},{"@type":"ListItem","position":2,"name":"Le Nostre Competenze","item":"https:\/\/www.comau.com\/it\/competencies\/"},{"@type":"ListItem","position":3,"name":"Robotics &amp; Automation","item":"https:\/\/www.comau.com\/it\/competencies\/robotics-automation\/"},{"@type":"ListItem","position":4,"name":"Automation Products"}]},{"@type":"WebSite","@id":"https:\/\/www.comau.com\/it\/#website","url":"https:\/\/www.comau.com\/it\/","name":"Comau","description":"Industrial automation and robotics","publisher":{"@id":"https:\/\/www.comau.com\/it\/#organization"},"potentialAction":[{"@type":"SearchAction","target":{"@type":"EntryPoint","urlTemplate":"https:\/\/www.comau.com\/it\/?s={search_term_string}"},"query-input":{"@type":"PropertyValueSpecification","valueRequired":true,"valueName":"search_term_string"}}],"inLanguage":"it-IT"},{"@type":"Organization","@id":"https:\/\/www.comau.com\/it\/#organization","name":"Comau","url":"https:\/\/www.comau.com\/it\/","logo":{"@type":"ImageObject","inLanguage":"it-IT","@id":"https:\/\/www.comau.com\/it\/#\/schema\/logo\/image\/","url":"https:\/\/www.comau.com\/wp-content\/uploads\/2024\/07\/cropped-Logo-COMAU.png","contentUrl":"https:\/\/www.comau.com\/wp-content\/uploads\/2024\/07\/cropped-Logo-COMAU.png","width":434,"height":434,"caption":"Comau"},"image":{"@id":"https:\/\/www.comau.com\/it\/#\/schema\/logo\/image\/"},"sameAs":["https:\/\/www.facebook.com\/COMAU\/","https:\/\/x.com\/comaugroup","https:\/\/www.instagram.com\/comaugroup\/","https:\/\/www.linkedin.com\/company\/comau","https:\/\/www.youtube.com\/user\/comau"]}]}},"_links":{"self":[{"href":"https:\/\/www.comau.com\/it\/wp-json\/wp\/v2\/pages\/6104","targetHints":{"allow":["GET"]}}],"collection":[{"href":"https:\/\/www.comau.com\/it\/wp-json\/wp\/v2\/pages"}],"about":[{"href":"https:\/\/www.comau.com\/it\/wp-json\/wp\/v2\/types\/page"}],"author":[{"embeddable":true,"href":"https:\/\/www.comau.com\/it\/wp-json\/wp\/v2\/users\/11"}],"replies":[{"embeddable":true,"href":"https:\/\/www.comau.com\/it\/wp-json\/wp\/v2\/comments?post=6104"}],"version-history":[{"count":21,"href":"https:\/\/www.comau.com\/it\/wp-json\/wp\/v2\/pages\/6104\/revisions"}],"predecessor-version":[{"id":58047,"href":"https:\/\/www.comau.com\/it\/wp-json\/wp\/v2\/pages\/6104\/revisions\/58047"}],"up":[{"embeddable":true,"href":"https:\/\/www.comau.com\/it\/wp-json\/wp\/v2\/pages\/65272"}],"wp:featuredmedia":[{"embeddable":true,"href":"https:\/\/www.comau.com\/it\/wp-json\/wp\/v2\/media\/78033"}],"wp:attachment":[{"href":"https:\/\/www.comau.com\/it\/wp-json\/wp\/v2\/media?parent=6104"}],"curies":[{"name":"wp","href":"https:\/\/api.w.org\/{rel}","templated":true}]}}