{"id":58801,"date":"2023-12-12T17:35:11","date_gmt":"2023-12-12T16:35:11","guid":{"rendered":"https:\/\/www.comau.com\/?page_id=58801"},"modified":"2023-12-13T10:26:18","modified_gmt":"2023-12-13T09:26:18","slug":"linee-di-assemblaggio-per-la-trasmissione-ibrida-hycet","status":"publish","type":"page","link":"https:\/\/www.comau.com\/it\/about-us\/success-stories\/linee-di-assemblaggio-per-la-trasmissione-ibrida-hycet\/","title":{"rendered":"Comau progetta e implementa linee di assemblaggio dedicate per la trasmissione ibrida per Hycet"},"content":{"rendered":"\n<p>Considerati i rapidi progressi nella tecnologia ibrida e l&#8217;enfasi globale sulle nuove politiche energetiche, le case automobilistiche stanno esplorando attivamente nuove possibilit\u00e0 per veicoli ibridi a basso consumo di carburante e a basse emissioni. La tecnologia DHT (Dedicated Hybrid Transmission, trasmissione ibrida dedicata) \u00e8 un importante fattore abilitante per questo mercato in crescita, poich\u00e9 i veicoli dotati di DHT non vengono influenzati dalla durata della ricarica, garantendo cos\u00ec un&#8217;esperienza utente pi\u00f9 affidabile. Questa tecnologia permette inoltre l&#8217;utilizzo simultaneo di motori a benzina e di motori elettrici, consentendo una condivisione efficiente della potenza tra loro. Infatti, i veicoli ibridi che utilizzano la tecnologia DHT superano i tradizionali veicoli a benzina in termini di prestazioni, efficienza del carburante e riduzione delle emissioni.<\/p>\n\n\n\n<p>HYCET, una consociata interamente controllata da Great Wall Motor, svolge un ruolo fondamentale nel campo della tecnologia ibrida, con una forte attenzione ai dispositivi dei sistemi di trasmissione. Per aumentare la capacit\u00e0 produttiva e soddisfare la crescente domanda di mercato per il suo sistema DHT ibrido L.E.M.O.N., il team di ingegneri di HYCET ha incaricato Comau di progettare e sviluppare una soluzione di produzione automatizzata ad alta velocit\u00e0 che garantisse qualit\u00e0 assoluta oltre che efficienza e scalabilit\u00e0.<\/p>\n\n\n\n<p><\/p>\n\n\n\n<div class=\"wp-block-group wide-section-light-1 py-5 my-5\"><div class=\"wp-block-group__inner-container is-layout-flow wp-block-group-is-layout-flow\">\n<blockquote class=\"wp-block-quote is-layout-flow wp-block-quote-is-layout-flow\">\n<p><em>\u201cLa tecnologia DHT di HYCET rappresenta un&#8217;innovazione all&#8217;avanguardia nel settore dei veicoli ibridi e offre prestazioni eccezionali per il sistema DHT di Great Wall Motor. In qualit\u00e0 di nostro partner tecnologico, Comau vanta capacit\u00e0 di progettazione e ingegneria che ne confermano la posizione d\u2019eccellenza in questo campo. Durante tutta la fase di implementazione del progetto, Comau ha rispettato il programma dei lavori nonostante gli impatti ricorrenti della pandemia, garantendo una qualit\u00e0 di produzione costante. Questa stabilit\u00e0 \u00e8 fondamentale per i nostri obiettivi di produzione, consentendoci di soddisfare le richieste del mercato e mantenere un&#8217;efficienza produttiva ottimale.&#8221;<\/em><\/p>\n<cite>Wu Hongchao, Vice President di HYCET Technology Co., Ltd<\/cite><\/blockquote>\n<\/div><\/div>\n\n\n\n<div class=\"wp-block-columns is-layout-flex wp-container-core-columns-is-layout-9d6595d7 wp-block-columns-is-layout-flex\">\n<div class=\"wp-block-column is-layout-flow wp-block-column-is-layout-flow\">\n<h2 class=\"wp-block-heading h3\" id=\"the-challenge\">La sfida<\/h2>\n\n\n\n<p>All&#8217;inizio del 2021, HYCET ha iniziato a cercare un partner affidabile per industrializzare il suo sistema DTH ibrido L.E.M.O.N. e raggiungere la produzione su larga scala. In linea con la sua missione di guidare l&#8217;innovazione nei veicoli ibridi e costruire una solida base per supportare Great Wall Motor Group nella sua transizione verso nuove fonti di energia, HYCET ha assegnato il progetto a Comau data la profonda esperienza dell&#8217;azienda nel settore dell\u2019automazione e la sua solida storia di innovazione nella mobilit\u00e0 elettrica.<\/p>\n\n\n\n<p>Comau ha colto la sfida di progettare una linea di assemblaggio automatizzata ad alto volume capace di garantire rigorosi requisiti in fatto di precisione produttiva e qualit\u00e0 del prodotto, in seguito all&#8217;elevata integrazione, intelligenza e adattabilit\u00e0 del sistema DHT L.E.M.O.N.<\/p>\n\n\n\n<p>Anche il design della linea di assemblaggio doveva essere intrinsecamente flessibile e scalabile per adattarsi a cambiamenti e aggiornamenti futuri. Ci\u00f2 significava che Comau avrebbe dovuto soddisfare i requisiti di produzione dei prodotti attuali e prepararsi per aggiornamenti futuri dei prodotti.<\/p>\n\n\n\n<p>Allo stesso tempo, considerato l&#8217;ambiente di mercato altamente competitivo, Comau aveva bisogno di aiutare HYCET a raggiungere i suoi obiettivi strategici in termini di quote di mercato. A tal fine, il team avrebbe dovuto migliorare la linea di produzione per consentire al cliente di aumentare il numero di spedizioni, garantendo al contempo la qualit\u00e0 del prodotto e andando a soddisfare la crescente domanda del sistema DHT L.E.M.O.N.<\/p>\n<\/div>\n\n\n\n<div class=\"wp-block-column is-layout-flow wp-block-column-is-layout-flow\">\n<h2 class=\"wp-block-heading h3\" id=\"the-solution\">La soluzione<\/h2>\n\n\n\n<p>Il progetto di assemblaggio DHT comprende un totale di sei linee di produzione. Comau ha completamente progettato e implementato tutti i componenti necessari, comprese le linee di assemblaggio per i motori elettrici, le linee di assemblaggio per gli ingranaggi e gli alberi motore, le principali linee di assemblaggio e le linee di prova per l\u2019assemblaggio. Il sistema copre anche processi complessi come l&#8217;inserimento a caldo, l&#8217;innesto e l&#8217;unione, la pressatura del gruppo albero e i test di fine linea &#8211; EOL (End of Line), che si traducono in un processo di assemblaggio completo, dai singoli componenti a unit\u00e0 completamente funzionali.<\/p>\n\n\n\n<p>L&#8217;applicazione di tecnologie di automazione avanzate aumenta notevolmente l&#8217;efficienza produttiva. Ad esempio, la soluzione di Comau utilizza una tecnologia di guida ottica robotizzata nel processo di assemblaggio dell&#8217;albero motore per realizzare l&#8217;alloggiamento della frizione e operazioni automatiche online, riducendo i tempi di attesa e i tempi di inattivit\u00e0 della linea di produzione, migliorando al contempo l&#8217;efficienza del processo. Per garantire che i pezzi soddisfino le specifiche tecniche con angoli precisi, Comau ha adottato una tecnologia di misurazione automatica degli spessori multitesta ed effettua un processo di doppio controllo nella stazione di inserimento del gruppo albero. In questo modo si aumenta l&#8217;efficienza produttiva e si riducono al minimo gli errori di montaggio. Inoltre, il processo automatizzato di inserimento dei cinque alberi nell&#8217;alloggiamento riduce significativamente la necessit\u00e0 di intervento manuale, migliorando ulteriormente la precisione di assemblaggio e l&#8217;efficienza complessiva.<\/p>\n\n\n\n<p>Infine, Comau ha utilizzato un design complessivo della stazione integrato nel processo per garantire stabilit\u00e0 e qualit\u00e0 nella linea di produzione. Nell&#8217;assemblaggio del motore elettrico, ad esempio, l&#8217;approccio di progettazione viene applicato al sottogruppo del rotore e alle stazioni di inserimento e accoppiamento dell\u2019alloggiamento del doppio rotore. Questo approccio consente di risparmiare spazio e risorse sulla linea di produzione. In particolare, l&#8217;automazione completa della gestione dei componenti dalla linea di sottoassemblaggio del rotore alla linea principale elimina i rischi di movimentazione manuale e garantisce una maggiore precisione e qualit\u00e0 del prodotto. Le servopresse sono ampiamente utilizzate durante tutto il progetto per monitorare i parametri di processo, come la forza e lo spostamento, garantendo il controllo qualit\u00e0 durante l&#8217;intero processo di produzione e supportando la successiva tracciabilit\u00e0 dei dati.<\/p>\n\n\n\n<p>Per migliorare la scalabilit\u00e0 e ridurre i costi di produzione per i futuri aggiornamenti dei prodotti DHT, Comau ha sviluppato stazioni intrinsecamente flessibili che garantiscono una migliore adattabilit\u00e0 ed efficienza dell&#8217;intera linea di produzione. In totale, la linea comprende 12 <a href=\"https:\/\/www.comau.com\/it\/competencies\/products-solutions\/robot-team\/\" target=\"_blank\" rel=\"noreferrer noopener\">robot<\/a> ed \u00e8 dotata di pinze automatiche e di un cambio utensile automatico per l\u2019assemblaggio, che consentono un rapido adattamento a prodotti e pezzi di diverse dimensioni. Inoltre, \u00e8 in grado di passare senza soluzione di continuit\u00e0 da un tipo di attrezzaggio all&#8217;altro durante il processo, semplificando la personalizzazione della linea per soddisfare le diverse esigenze del mercato.<\/p>\n<\/div>\n<\/div>\n\n\n\n<div class=\"wp-block-group wide-section-light-1 py-5 my-5\"><div class=\"wp-block-group__inner-container is-layout-flow wp-block-group-is-layout-flow\">\n<div class=\"wp-block-group wide-section-light-1 py-5 my-5\"><div class=\"wp-block-group__inner-container is-layout-flow wp-block-group-is-layout-flow\">\n<h2 class=\"wp-block-heading h2\" id=\"the-results\">I risultati<\/h2>\n\n\n\n<p>Il successo nella consegna di questa linea di produzione tecnologicamente importante segna un passo fondamentale nell\u2019implementazione su larga scala di tecnologie per nuove fonti energetiche tra le due aziende. Dando priorit\u00e0 alla flessibilit\u00e0, all&#8217;efficienza dell&#8217;automazione e alla qualit\u00e0 assoluta all&#8217;interno dell\u2019approccio produttivo, Comau ha consentito a <a href=\"https:\/\/en.hycet.com\/\" target=\"_blank\" rel=\"noreferrer noopener\">HYCET<\/a> di raggiungere un obiettivo di capacit\u00e0 produttiva per singola linea di 150.000 unit\u00e0 all&#8217;anno, con un tempo ciclo inferiore a 113 secondi, come parte di un processo di produzione al 100% a prova di errore . Questi risultati impressionanti sono ulteriormente supportati dall&#8217;integrazione di tecnologie all\u2019avanguardia, come sistemi di visione avanzati e monitoraggio dei sensori.<\/p>\n\n\n\n<p>Inoltre, Comau ha implementato anche un MES (Manufacturing Execution System) per la gestione e la programmazione della linea di produzione. Questo sistema garantisce il rigoroso rispetto degli standard di produzione e dei protocolli di gestione, fornendo cos\u00ec un&#8217;eccellente garanzia di qualit\u00e0 per il sistema DHT ibrido L.E.M.O.N.<\/p>\n\n\n\n<div class=\"wp-block-columns is-layout-flex wp-container-core-columns-is-layout-9d6595d7 wp-block-columns-is-layout-flex\">\n<div class=\"wp-block-column is-layout-flow wp-block-column-is-layout-flow\">\n<div class=\"wp-block-getwid-counter \u00b0\"><div class=\"wp-block-getwid-counter__wrapper\" data-start=\"0\" data-end=\"150\" data-decimal-places=\"0\" data-duration=\"2\" data-use-easing=\"true\" data-use-grouping=\"true\" data-separator=\",\" data-decimal=\".\" data-easing-fn=\"outExpo\" data-numerals=\"default\"><span class=\"wp-block-getwid-counter__number\">0<\/span><p class=\"wp-block-getwid-counter__suffix\">K<\/p><\/div><\/div>\n\n\n\n<p>capacit\u00e0 produttiva annua<\/p>\n<\/div>\n\n\n\n<div class=\"wp-block-column is-layout-flow wp-block-column-is-layout-flow\">\n<div class=\"wp-block-getwid-counter\"><div class=\"wp-block-getwid-counter__wrapper\" data-start=\"0\" data-end=\"90\" data-decimal-places=\"0\" data-duration=\"3\" data-use-easing=\"true\" data-use-grouping=\"true\" data-separator=\",\" data-decimal=\".\" data-easing-fn=\"outExpo\" data-numerals=\"default\"><span class=\"wp-block-getwid-counter__number\">0<\/span><p class=\"wp-block-getwid-counter__suffix\">%<\/p><\/div><\/div>\n\n\n\n<p>disponibilit\u00e0 delle attrezzature<\/p>\n<\/div>\n\n\n\n<div class=\"wp-block-column is-layout-flow wp-block-column-is-layout-flow\">\n<div class=\"wp-block-getwid-counter\"><div class=\"wp-block-getwid-counter__wrapper\" data-start=\"0\" data-end=\"113\" data-decimal-places=\"0\" data-duration=\"2\" data-use-easing=\"true\" data-use-grouping=\"true\" data-separator=\",\" data-decimal=\".\" data-easing-fn=\"outExpo\" data-numerals=\"default\"><p class=\"wp-block-getwid-counter__prefix\">\u2264<\/p><span class=\"wp-block-getwid-counter__number\">0<\/span><p class=\"wp-block-getwid-counter__suffix\"> s<\/p><\/div><\/div>\n\n\n\n<p>Tempo ciclo<\/p>\n<\/div>\n\n\n\n<div class=\"wp-block-column is-layout-flow wp-block-column-is-layout-flow\"><\/div>\n<\/div>\n<\/div><\/div>\n\n\n\n<div class=\"wp-block-columns is-layout-flex wp-container-core-columns-is-layout-9d6595d7 wp-block-columns-is-layout-flex\">\n<div class=\"wp-block-column is-layout-flow wp-block-column-is-layout-flow\"><\/div>\n\n\n\n<div class=\"wp-block-column is-layout-flow wp-block-column-is-layout-flow\"><\/div>\n<\/div>\n<\/div><\/div>\n\n\n\n<div class=\"wp-block-group\"><div class=\"wp-block-group__inner-container is-layout-flow wp-block-group-is-layout-flow\"><\/div><\/div>\n\n\n\n<div class=\"wp-block-columns is-layout-flex wp-container-core-columns-is-layout-9d6595d7 wp-block-columns-is-layout-flex\">\n<div class=\"wp-block-column is-layout-flow wp-block-column-is-layout-flow\"><\/div>\n<\/div>\n","protected":false},"excerpt":{"rendered":"<p>Considerati i rapidi progressi nella tecnologia ibrida e l&#8217;enfasi globale sulle nuove politiche energetiche, le case automobilistiche stanno esplorando attivamente nuove possibilit\u00e0 per veicoli ibridi a basso consumo di carburante e a basse emissioni. La tecnologia DHT (Dedicated Hybrid Transmission, trasmissione ibrida dedicata) \u00e8 un importante fattore abilitante per questo mercato in crescita, poich\u00e9 i [&hellip;]<\/p>\n","protected":false},"author":21,"featured_media":58733,"parent":41288,"menu_order":1,"comment_status":"closed","ping_status":"closed","template":"","meta":{"_acf_changed":false,"ep_exclude_from_search":false,"footnotes":""},"class_list":["post-58801","page","type-page","status-publish","has-post-thumbnail","hentry"],"acf":[],"yoast_head":"<!-- This site is optimized with the Yoast SEO plugin v26.9 - https:\/\/yoast.com\/product\/yoast-seo-wordpress\/ -->\n<title>Comau implementa linee di assemblaggio per la trasmissione ibrida<\/title>\n<meta name=\"description\" content=\"Il sistema garantisce la produzione flessibile multi-modello di veicoli di nuova energia e una concreta riduzione delle perdite di produzione\" \/>\n<meta name=\"robots\" content=\"index, follow, max-snippet:-1, max-image-preview:large, max-video-preview:-1\" \/>\n<link rel=\"canonical\" href=\"https:\/\/www.comau.com\/it\/about-us\/success-stories\/linee-di-assemblaggio-per-la-trasmissione-ibrida-hycet\/\" \/>\n<meta property=\"og:locale\" content=\"it_IT\" \/>\n<meta property=\"og:type\" content=\"article\" \/>\n<meta property=\"og:title\" content=\"Comau implementa linee di assemblaggio per la trasmissione ibrida\" \/>\n<meta property=\"og:description\" content=\"Il sistema garantisce la produzione flessibile multi-modello di veicoli di nuova energia e una concreta riduzione delle perdite di produzione\" \/>\n<meta property=\"og:url\" content=\"https:\/\/www.comau.com\/it\/about-us\/success-stories\/linee-di-assemblaggio-per-la-trasmissione-ibrida-hycet\/\" \/>\n<meta property=\"og:site_name\" content=\"Comau\" \/>\n<meta property=\"article:publisher\" content=\"https:\/\/www.facebook.com\/COMAU\/\" \/>\n<meta property=\"article:modified_time\" content=\"2023-12-13T09:26:18+00:00\" \/>\n<meta property=\"og:image\" content=\"https:\/\/www.comau.com\/wp-content\/uploads\/2023\/12\/Shell-Press-Fit.jpg\" \/>\n\t<meta property=\"og:image:width\" content=\"2434\" \/>\n\t<meta property=\"og:image:height\" content=\"1623\" \/>\n\t<meta property=\"og:image:type\" content=\"image\/jpeg\" \/>\n<meta name=\"twitter:card\" content=\"summary_large_image\" \/>\n<meta name=\"twitter:site\" content=\"@comaugroup\" \/>\n<meta name=\"twitter:label1\" content=\"Tempo di lettura stimato\" \/>\n\t<meta name=\"twitter:data1\" content=\"6 minuti\" \/>\n<script type=\"application\/ld+json\" class=\"yoast-schema-graph\">{\"@context\":\"https:\/\/schema.org\",\"@graph\":[{\"@type\":\"WebPage\",\"@id\":\"https:\/\/www.comau.com\/it\/about-us\/success-stories\/linee-di-assemblaggio-per-la-trasmissione-ibrida-hycet\/\",\"url\":\"https:\/\/www.comau.com\/it\/about-us\/success-stories\/linee-di-assemblaggio-per-la-trasmissione-ibrida-hycet\/\",\"name\":\"Comau implementa linee di assemblaggio per la trasmissione ibrida\",\"isPartOf\":{\"@id\":\"https:\/\/www.comau.com\/it\/#website\"},\"primaryImageOfPage\":{\"@id\":\"https:\/\/www.comau.com\/it\/about-us\/success-stories\/linee-di-assemblaggio-per-la-trasmissione-ibrida-hycet\/#primaryimage\"},\"image\":{\"@id\":\"https:\/\/www.comau.com\/it\/about-us\/success-stories\/linee-di-assemblaggio-per-la-trasmissione-ibrida-hycet\/#primaryimage\"},\"thumbnailUrl\":\"https:\/\/www.comau.com\/wp-content\/uploads\/2023\/12\/Shell-Press-Fit.jpg\",\"datePublished\":\"2023-12-12T16:35:11+00:00\",\"dateModified\":\"2023-12-13T09:26:18+00:00\",\"description\":\"Il sistema garantisce la produzione flessibile multi-modello di veicoli di nuova energia e una concreta riduzione delle perdite di produzione\",\"breadcrumb\":{\"@id\":\"https:\/\/www.comau.com\/it\/about-us\/success-stories\/linee-di-assemblaggio-per-la-trasmissione-ibrida-hycet\/#breadcrumb\"},\"inLanguage\":\"it-IT\",\"potentialAction\":[{\"@type\":\"ReadAction\",\"target\":[\"https:\/\/www.comau.com\/it\/about-us\/success-stories\/linee-di-assemblaggio-per-la-trasmissione-ibrida-hycet\/\"]}]},{\"@type\":\"ImageObject\",\"inLanguage\":\"it-IT\",\"@id\":\"https:\/\/www.comau.com\/it\/about-us\/success-stories\/linee-di-assemblaggio-per-la-trasmissione-ibrida-hycet\/#primaryimage\",\"url\":\"https:\/\/www.comau.com\/wp-content\/uploads\/2023\/12\/Shell-Press-Fit.jpg\",\"contentUrl\":\"https:\/\/www.comau.com\/wp-content\/uploads\/2023\/12\/Shell-Press-Fit.jpg\",\"width\":2434,\"height\":1623},{\"@type\":\"BreadcrumbList\",\"@id\":\"https:\/\/www.comau.com\/it\/about-us\/success-stories\/linee-di-assemblaggio-per-la-trasmissione-ibrida-hycet\/#breadcrumb\",\"itemListElement\":[{\"@type\":\"ListItem\",\"position\":1,\"name\":\"Home\",\"item\":\"https:\/\/www.comau.com\/it\/\"},{\"@type\":\"ListItem\",\"position\":2,\"name\":\"Questa \u00e8 Comau\",\"item\":\"https:\/\/www.comau.com\/it\/about-us\/\"},{\"@type\":\"ListItem\",\"position\":3,\"name\":\"Storie di successo\",\"item\":\"https:\/\/www.comau.com\/it\/about-us\/success-stories\/\"},{\"@type\":\"ListItem\",\"position\":4,\"name\":\"Comau progetta e implementa linee di assemblaggio dedicate per la trasmissione ibrida per Hycet\"}]},{\"@type\":\"WebSite\",\"@id\":\"https:\/\/www.comau.com\/it\/#website\",\"url\":\"https:\/\/www.comau.com\/it\/\",\"name\":\"Comau\",\"description\":\"Industrial automation and robotics\",\"publisher\":{\"@id\":\"https:\/\/www.comau.com\/it\/#organization\"},\"potentialAction\":[{\"@type\":\"SearchAction\",\"target\":{\"@type\":\"EntryPoint\",\"urlTemplate\":\"https:\/\/www.comau.com\/it\/?s={search_term_string}\"},\"query-input\":{\"@type\":\"PropertyValueSpecification\",\"valueRequired\":true,\"valueName\":\"search_term_string\"}}],\"inLanguage\":\"it-IT\"},{\"@type\":\"Organization\",\"@id\":\"https:\/\/www.comau.com\/it\/#organization\",\"name\":\"Comau\",\"url\":\"https:\/\/www.comau.com\/it\/\",\"logo\":{\"@type\":\"ImageObject\",\"inLanguage\":\"it-IT\",\"@id\":\"https:\/\/www.comau.com\/it\/#\/schema\/logo\/image\/\",\"url\":\"https:\/\/www.comau.com\/wp-content\/uploads\/2024\/07\/cropped-Logo-COMAU.png\",\"contentUrl\":\"https:\/\/www.comau.com\/wp-content\/uploads\/2024\/07\/cropped-Logo-COMAU.png\",\"width\":434,\"height\":434,\"caption\":\"Comau\"},\"image\":{\"@id\":\"https:\/\/www.comau.com\/it\/#\/schema\/logo\/image\/\"},\"sameAs\":[\"https:\/\/www.facebook.com\/COMAU\/\",\"https:\/\/x.com\/comaugroup\",\"https:\/\/www.instagram.com\/comaugroup\/\",\"https:\/\/www.linkedin.com\/company\/comau\",\"https:\/\/www.youtube.com\/user\/comau\"]}]}<\/script>\n<!-- \/ Yoast SEO plugin. -->","yoast_head_json":{"title":"Comau implementa linee di assemblaggio per la trasmissione ibrida","description":"Il sistema garantisce la produzione flessibile multi-modello di veicoli di nuova energia e una concreta riduzione delle perdite di produzione","robots":{"index":"index","follow":"follow","max-snippet":"max-snippet:-1","max-image-preview":"max-image-preview:large","max-video-preview":"max-video-preview:-1"},"canonical":"https:\/\/www.comau.com\/it\/about-us\/success-stories\/linee-di-assemblaggio-per-la-trasmissione-ibrida-hycet\/","og_locale":"it_IT","og_type":"article","og_title":"Comau implementa linee di assemblaggio per la trasmissione ibrida","og_description":"Il sistema garantisce la produzione flessibile multi-modello di veicoli di nuova energia e una concreta riduzione delle perdite di produzione","og_url":"https:\/\/www.comau.com\/it\/about-us\/success-stories\/linee-di-assemblaggio-per-la-trasmissione-ibrida-hycet\/","og_site_name":"Comau","article_publisher":"https:\/\/www.facebook.com\/COMAU\/","article_modified_time":"2023-12-13T09:26:18+00:00","og_image":[{"width":2434,"height":1623,"url":"https:\/\/www.comau.com\/wp-content\/uploads\/2023\/12\/Shell-Press-Fit.jpg","type":"image\/jpeg"}],"twitter_card":"summary_large_image","twitter_site":"@comaugroup","twitter_misc":{"Tempo di lettura stimato":"6 minuti"},"schema":{"@context":"https:\/\/schema.org","@graph":[{"@type":"WebPage","@id":"https:\/\/www.comau.com\/it\/about-us\/success-stories\/linee-di-assemblaggio-per-la-trasmissione-ibrida-hycet\/","url":"https:\/\/www.comau.com\/it\/about-us\/success-stories\/linee-di-assemblaggio-per-la-trasmissione-ibrida-hycet\/","name":"Comau implementa linee di assemblaggio per la trasmissione ibrida","isPartOf":{"@id":"https:\/\/www.comau.com\/it\/#website"},"primaryImageOfPage":{"@id":"https:\/\/www.comau.com\/it\/about-us\/success-stories\/linee-di-assemblaggio-per-la-trasmissione-ibrida-hycet\/#primaryimage"},"image":{"@id":"https:\/\/www.comau.com\/it\/about-us\/success-stories\/linee-di-assemblaggio-per-la-trasmissione-ibrida-hycet\/#primaryimage"},"thumbnailUrl":"https:\/\/www.comau.com\/wp-content\/uploads\/2023\/12\/Shell-Press-Fit.jpg","datePublished":"2023-12-12T16:35:11+00:00","dateModified":"2023-12-13T09:26:18+00:00","description":"Il sistema garantisce la produzione flessibile multi-modello di veicoli di nuova energia e una concreta riduzione delle perdite di produzione","breadcrumb":{"@id":"https:\/\/www.comau.com\/it\/about-us\/success-stories\/linee-di-assemblaggio-per-la-trasmissione-ibrida-hycet\/#breadcrumb"},"inLanguage":"it-IT","potentialAction":[{"@type":"ReadAction","target":["https:\/\/www.comau.com\/it\/about-us\/success-stories\/linee-di-assemblaggio-per-la-trasmissione-ibrida-hycet\/"]}]},{"@type":"ImageObject","inLanguage":"it-IT","@id":"https:\/\/www.comau.com\/it\/about-us\/success-stories\/linee-di-assemblaggio-per-la-trasmissione-ibrida-hycet\/#primaryimage","url":"https:\/\/www.comau.com\/wp-content\/uploads\/2023\/12\/Shell-Press-Fit.jpg","contentUrl":"https:\/\/www.comau.com\/wp-content\/uploads\/2023\/12\/Shell-Press-Fit.jpg","width":2434,"height":1623},{"@type":"BreadcrumbList","@id":"https:\/\/www.comau.com\/it\/about-us\/success-stories\/linee-di-assemblaggio-per-la-trasmissione-ibrida-hycet\/#breadcrumb","itemListElement":[{"@type":"ListItem","position":1,"name":"Home","item":"https:\/\/www.comau.com\/it\/"},{"@type":"ListItem","position":2,"name":"Questa \u00e8 Comau","item":"https:\/\/www.comau.com\/it\/about-us\/"},{"@type":"ListItem","position":3,"name":"Storie di successo","item":"https:\/\/www.comau.com\/it\/about-us\/success-stories\/"},{"@type":"ListItem","position":4,"name":"Comau progetta e implementa linee di assemblaggio dedicate per la trasmissione ibrida per Hycet"}]},{"@type":"WebSite","@id":"https:\/\/www.comau.com\/it\/#website","url":"https:\/\/www.comau.com\/it\/","name":"Comau","description":"Industrial automation and robotics","publisher":{"@id":"https:\/\/www.comau.com\/it\/#organization"},"potentialAction":[{"@type":"SearchAction","target":{"@type":"EntryPoint","urlTemplate":"https:\/\/www.comau.com\/it\/?s={search_term_string}"},"query-input":{"@type":"PropertyValueSpecification","valueRequired":true,"valueName":"search_term_string"}}],"inLanguage":"it-IT"},{"@type":"Organization","@id":"https:\/\/www.comau.com\/it\/#organization","name":"Comau","url":"https:\/\/www.comau.com\/it\/","logo":{"@type":"ImageObject","inLanguage":"it-IT","@id":"https:\/\/www.comau.com\/it\/#\/schema\/logo\/image\/","url":"https:\/\/www.comau.com\/wp-content\/uploads\/2024\/07\/cropped-Logo-COMAU.png","contentUrl":"https:\/\/www.comau.com\/wp-content\/uploads\/2024\/07\/cropped-Logo-COMAU.png","width":434,"height":434,"caption":"Comau"},"image":{"@id":"https:\/\/www.comau.com\/it\/#\/schema\/logo\/image\/"},"sameAs":["https:\/\/www.facebook.com\/COMAU\/","https:\/\/x.com\/comaugroup","https:\/\/www.instagram.com\/comaugroup\/","https:\/\/www.linkedin.com\/company\/comau","https:\/\/www.youtube.com\/user\/comau"]}]}},"_links":{"self":[{"href":"https:\/\/www.comau.com\/it\/wp-json\/wp\/v2\/pages\/58801","targetHints":{"allow":["GET"]}}],"collection":[{"href":"https:\/\/www.comau.com\/it\/wp-json\/wp\/v2\/pages"}],"about":[{"href":"https:\/\/www.comau.com\/it\/wp-json\/wp\/v2\/types\/page"}],"author":[{"embeddable":true,"href":"https:\/\/www.comau.com\/it\/wp-json\/wp\/v2\/users\/21"}],"replies":[{"embeddable":true,"href":"https:\/\/www.comau.com\/it\/wp-json\/wp\/v2\/comments?post=58801"}],"version-history":[{"count":6,"href":"https:\/\/www.comau.com\/it\/wp-json\/wp\/v2\/pages\/58801\/revisions"}],"predecessor-version":[{"id":58921,"href":"https:\/\/www.comau.com\/it\/wp-json\/wp\/v2\/pages\/58801\/revisions\/58921"}],"up":[{"embeddable":true,"href":"https:\/\/www.comau.com\/it\/wp-json\/wp\/v2\/pages\/41288"}],"wp:featuredmedia":[{"embeddable":true,"href":"https:\/\/www.comau.com\/it\/wp-json\/wp\/v2\/media\/58733"}],"wp:attachment":[{"href":"https:\/\/www.comau.com\/it\/wp-json\/wp\/v2\/media?parent=58801"}],"curies":[{"name":"wp","href":"https:\/\/api.w.org\/{rel}","templated":true}]}}